{"id":733,"date":"2024-08-27T06:18:21","date_gmt":"2024-08-27T06:18:21","guid":{"rendered":"https:\/\/euthanasia.store\/?post_type=product&#038;p=733"},"modified":"2025-09-26T10:53:23","modified_gmt":"2025-09-26T10:53:23","slug":"euthanasie-specialist","status":"publish","type":"product","link":"https:\/\/euthanasia.store\/pt\/produto\/euthanasie-specialist\/","title":{"rendered":"Especialista em Eutan\u00e1sia"},"content":{"rendered":"<h2>Especialista em eutan\u00e1sia - Ajuda com a eutan\u00e1sia<br \/>\nEspecialista em eutan\u00e1sia<\/h2>\n<h2>Especialista em eutan\u00e1sia<\/h2>\n<p><a href=\"https:\/\/euthanasia.store\/pt\/\">Especialista em eutan\u00e1sia<\/a> \u00e9 uma escolha pessoal que \u00e9 respeitada e adoptada em muitos pa\u00edses do mundo. Mas, como j\u00e1 foi referido, trata-se de uma escolha pessoal e, por conseguinte, de uma decis\u00e3o delicada que exige compreens\u00e3o e facilidade para efetuar o procedimento. Por vezes, o procedimento tem de ser efectuado por pessoal verificado e aprovado, com apoio jur\u00eddico. Desta forma, reduzem-se as probabilidades de fracasso e garante-se uma elevada efic\u00e1cia. Os seus \u00faltimos momentos devem ser inestim\u00e1veis e o euthanasiagroup quer tornar isso poss\u00edvel de todas as formas poss\u00edveis.<\/p>\n<p>Especialmente nos seus \u00faltimos dias, \u00e9 importante poder realizar todos os seus desejos. \u00c9 uma honra poder realizar qualquer desejo da sua escolha e a pre\u00e7os acess\u00edveis durante os \u00faltimos dias e momentos finais da vida de qualquer ser humano e\/ou animal.<br \/>\nOferecemos os melhores servi\u00e7os de \u00faltima hora e a melhor equipa para satisfazer todos os desejos e necessidades dos nossos clientes. Dependendo do pa\u00eds, os custos variam, mas os servi\u00e7os s\u00e3o de primeira qualidade. Fa\u00e7a a escolha de uma vida.<\/p>\n<p>A assist\u00eancia \u00e0 eutan\u00e1sia \u00e9 prestada pelo nosso pessoal qualificado, com experi\u00eancia na administra\u00e7\u00e3o de anest\u00e9sicos e de medicamentos para a eutan\u00e1sia, tanto em seres humanos como em animais. Tamb\u00e9m garantimos que todos os desejos do cliente possam ser realizados durante os seus \u00faltimos momentos.<\/p>\n<p>Os servi\u00e7os de pessoal incluem a administra\u00e7\u00e3o e a supervis\u00e3o a tempo inteiro durante os momentos de produtos; neste caso <a href=\"https:\/\/www.youtube.com\/watch?v=ge05NbgkEwY\" target=\"_blank\" rel=\"noopener\">Nembutal<\/a> e outros Barbit\u00faricos.<\/p>\n<h4>Eutan\u00e1sia assistida, Especialista em eutan\u00e1sia, Anestesia,<\/h4>","protected":false},"excerpt":{"rendered":"<p>A eutan\u00e1sia \u00e9 uma escolha pessoal que \u00e9 respeitada e observada em muitos pa\u00edses do mundo. Mas, como j\u00e1 foi referido, trata-se de uma escolha pessoal e, por isso, de uma decis\u00e3o delicada que requer compreens\u00e3o e facilidade para se avan\u00e7ar com o procedimento. Por vezes, o procedimento tem de ser efectuado por pessoal verificado e aprovado, com apoio jur\u00eddico. Isto reduz as hip\u00f3teses de fracasso e garante uma elevada efic\u00e1cia. Os seus \u00faltimos momentos devem ser inestim\u00e1veis e o euthanasiagroup quer tornar isso poss\u00edvel de todas as formas poss\u00edveis.<\/p>","protected":false},"featured_media":734,"comment_status":"open","ping_status":"closed","template":"","meta":{"ocean_post_layout":"","ocean_both_sidebars_style":"","ocean_both_sidebars_content_width":0,"ocean_both_sidebars_sidebars_width":0,"ocean_sidebar":"0","ocean_second_sidebar":"0","ocean_disable_margins":"enable","ocean_add_body_class":"","ocean_shortcode_before_top_bar":"","ocean_shortcode_after_top_bar":"","ocean_shortcode_before_header":"","ocean_shortcode_after_header":"","ocean_has_shortcode":"","ocean_shortcode_after_title":"","ocean_shortcode_before_footer_widgets":"","ocean_shortcode_after_footer_widgets":"","ocean_shortcode_before_footer_bottom":"","ocean_shortcode_after_footer_bottom":"","ocean_display_top_bar":"default","ocean_display_header":"default","ocean_header_style":"","ocean_center_header_left_menu":"0","ocean_custom_header_template":"0","ocean_custom_logo":0,"ocean_custom_retina_logo":0,"ocean_custom_logo_max_width":0,"ocean_custom_logo_tablet_max_width":0,"ocean_custom_logo_mobile_max_width":0,"ocean_custom_logo_max_height":0,"ocean_custom_logo_tablet_max_height":0,"ocean_custom_logo_mobile_max_height":0,"ocean_header_custom_menu":"0","ocean_menu_typo_font_family":"0","ocean_menu_typo_font_subset":"","ocean_menu_typo_font_size":0,"ocean_menu_typo_font_size_tablet":0,"ocean_menu_typo_font_size_mobile":0,"ocean_menu_typo_font_size_unit":"px","ocean_menu_typo_font_weight":"","ocean_menu_typo_font_weight_tablet":"","ocean_menu_typo_font_weight_mobile":"","ocean_menu_typo_transform":"","ocean_menu_typo_transform_tablet":"","ocean_menu_typo_transform_mobile":"","ocean_menu_typo_line_height":0,"ocean_menu_typo_line_height_tablet":0,"ocean_menu_typo_line_height_mobile":0,"ocean_menu_typo_line_height_unit":"","ocean_menu_typo_spacing":0,"ocean_menu_typo_spacing_tablet":0,"ocean_menu_typo_spacing_mobile":0,"ocean_menu_typo_spacing_unit":"","ocean_menu_link_color":"","ocean_menu_link_color_hover":"","ocean_menu_link_color_active":"","ocean_menu_link_background":"","ocean_menu_link_hover_background":"","ocean_menu_link_active_background":"","ocean_menu_social_links_bg":"","ocean_menu_social_hover_links_bg":"","ocean_menu_social_links_color":"","ocean_menu_social_hover_links_color":"","ocean_disable_title":"default","ocean_disable_heading":"default","ocean_post_title":"","ocean_post_subheading":"","ocean_post_title_style":"","ocean_post_title_background_color":"","ocean_post_title_background":0,"ocean_post_title_bg_image_position":"","ocean_post_title_bg_image_attachment":"","ocean_post_title_bg_image_repeat":"","ocean_post_title_bg_image_size":"","ocean_post_title_height":0,"ocean_post_title_bg_overlay":0.5,"ocean_post_title_bg_overlay_color":"","ocean_disable_breadcrumbs":"default","ocean_breadcrumbs_color":"","ocean_breadcrumbs_separator_color":"","ocean_breadcrumbs_links_color":"","ocean_breadcrumbs_links_hover_color":"","ocean_display_footer_widgets":"default","ocean_display_footer_bottom":"default","ocean_custom_footer_template":"0"},"product_brand":[],"product_cat":[26],"product_tag":[],"class_list":{"0":"post-733","1":"product","2":"type-product","3":"status-publish","4":"has-post-thumbnail","6":"product_cat-nembutal","8":"entry","9":"has-media","11":"first","12":"instock","13":"sale","14":"shipping-taxable","15":"purchasable","16":"product-type-variable","17":"has-product-nav","18":"col","19":"span_1_of_3","20":"owp-content-center","21":"owp-thumbs-layout-horizontal","22":"owp-btn-normal","23":"owp-tabs-layout-horizontal"},"jetpack_sharing_enabled":true,"_links":{"self":[{"href":"https:\/\/euthanasia.store\/pt\/wp-json\/wp\/v2\/product\/733","targetHints":{"allow":["GET"]}}],"collection":[{"href":"https:\/\/euthanasia.store\/pt\/wp-json\/wp\/v2\/product"}],"about":[{"href":"https:\/\/euthanasia.store\/pt\/wp-json\/wp\/v2\/types\/product"}],"replies":[{"embeddable":true,"href":"https:\/\/euthanasia.store\/pt\/wp-json\/wp\/v2\/comments?post=733"}],"wp:featuredmedia":[{"embeddable":true,"href":"https:\/\/euthanasia.store\/pt\/wp-json\/wp\/v2\/media\/734"}],"wp:attachment":[{"href":"https:\/\/euthanasia.store\/pt\/wp-json\/wp\/v2\/media?parent=733"}],"wp:term":[{"taxonomy":"product_brand","embeddable":true,"href":"https:\/\/euthanasia.store\/pt\/wp-json\/wp\/v2\/product_brand?post=733"},{"taxonomy":"product_cat","embeddable":true,"href":"https:\/\/euthanasia.store\/pt\/wp-json\/wp\/v2\/product_cat?post=733"},{"taxonomy":"product_tag","embeddable":true,"href":"https:\/\/euthanasia.store\/pt\/wp-json\/wp\/v2\/product_tag?post=733"}],"curies":[{"name":"wp","href":"https:\/\/api.w.org\/{rel}","templated":true}]}}