{"id":615,"date":"2024-08-01T00:52:47","date_gmt":"2024-08-01T00:52:47","guid":{"rendered":"https:\/\/euthanasia.store\/?post_type=product&#038;p=615"},"modified":"2026-01-02T09:52:03","modified_gmt":"2026-01-02T09:52:03","slug":"nembutal-poeder","status":"publish","type":"product","link":"https:\/\/euthanasia.store\/pt\/produto\/nembutal-poeder\/","title":{"rendered":"Nembutal em p\u00f3"},"content":{"rendered":"<h3>Comprar Nembutal em p\u00f3: um guia completo<\/h3>\n<p>Se estiver interessado em livros ou artigos sobre a eutan\u00e1sia, \u00e9 poss\u00edvel que tenha encontrado o nome Nembutal. <a href=\"https:\/\/euthanasia.store\/pt\/\">Nembutal em p\u00f3<\/a> \u00e9 um medicamento pertencente \u00e0 classe dos barbit\u00faricos. No passado, este medicamento era popular pela sua efic\u00e1cia no tratamento de perturba\u00e7\u00f5es do sono ou da ansiedade. No entanto, \u00e9 importante saber que o Nembutal \u00e9 altamente letal em caso de sobredosagem. Por conseguinte, \u00e9 frequentemente utilizado por pessoas que pretendem cometer suic\u00eddio ou submeter-se \u00e0 eutan\u00e1sia.<\/p>\n<h3>O que \u00e9 o Nembutal Pentobarbital em p\u00f3?<\/h3>\n<p>O Nembutal em p\u00f3 pertence ao grupo dos barbit\u00faricos e actua abrandando as actividades do sistema nervoso e do c\u00e9rebro. Como j\u00e1 foi referido, atualmente \u00e9 dif\u00edcil obter Nembutal em p\u00f3. No entanto, nas d\u00e9cadas de 1950 e 1960, era um medicamento popular para o tratamento da ins\u00f3nia e era tamb\u00e9m conhecido pela sua utiliza\u00e7\u00e3o no tratamento de ataques epil\u00e9pticos e convuls\u00f5es.<\/p>\n<table>\n<thead>\n<tr>\n<th><strong>Carater\u00edstica<\/strong><\/th>\n<th><strong>Detalhes<\/strong><\/th>\n<\/tr>\n<\/thead>\n<tbody>\n<tr>\n<td><strong>Classe de medicamentos<\/strong><\/td>\n<td>Barbit\u00faricos<\/td>\n<\/tr>\n<tr>\n<td><strong>Utiliza\u00e7\u00e3o principal<\/strong><\/td>\n<td>Tratamento da ins\u00f3nia, seda\u00e7\u00e3o, eutan\u00e1sia<\/td>\n<\/tr>\n<tr>\n<td><strong>Risco em caso de sobredosagem<\/strong><\/td>\n<td>Muito mort\u00edfero<\/td>\n<\/tr>\n<tr>\n<td><strong>Estatuto jur\u00eddico<\/strong><\/td>\n<td>Disponibilidade muito limitada, consoante o pa\u00eds<\/td>\n<\/tr>\n<\/tbody>\n<\/table>\n<h3>Informa\u00e7\u00f5es essenciais sobre o Nembutal em p\u00f3<\/h3>\n<p>As pessoas que s\u00e3o al\u00e9rgicas ao Nembutal ou a medicamentos semelhantes n\u00e3o devem utilizar este medicamento. Tamb\u00e9m deve ser evitado se sofrer de porfiria, uma doen\u00e7a gen\u00e9tica que afecta a fun\u00e7\u00e3o enzim\u00e1tica e pode afetar o sistema nervoso e a pele.<\/p>\n<p>O Nembutal pode causar depend\u00eancia e s\u00f3 deve ser utilizado por pessoas com receita m\u00e9dica. O medicamento nunca deve ser partilhado com outras pessoas, especialmente com pessoas com antecedentes de abuso de subst\u00e2ncias.<\/p>\n<h3>Para que \u00e9 utilizado o Nembutal em p\u00f3?<\/h3>\n<p>No passado, o Nembutal era utilizado principalmente para combater problemas de sono. Desde ent\u00e3o, a maioria dos pa\u00edses proibiu-o e substituiu-o por outros comprimidos para dormir, o que torna o medicamento raro atualmente. No entanto, o Nembutal continua a ser utilizado em muitos locais do mundo. Muitos laborat\u00f3rios em todo o mundo utilizam-no ou barbit\u00faricos semelhantes para fins puramente m\u00e9dicos, como a seda\u00e7\u00e3o, a anestesia de animais ou situa\u00e7\u00f5es de emerg\u00eancia. Na dosagem correta, o Nembutal pode ser utilizado para a eutan\u00e1sia de animais ou seres humanos. O Nembutal \u00e9 mais conhecido pela sua utiliza\u00e7\u00e3o no suic\u00eddio indolor.<\/p>\n<table>\n<thead>\n<tr>\n<th><strong>Aplica\u00e7\u00e3o<\/strong><\/th>\n<th><strong>Detalhes<\/strong><\/th>\n<\/tr>\n<\/thead>\n<tbody>\n<tr>\n<td><strong>Seda\u00e7\u00e3o<\/strong><\/td>\n<td>Utilizado para acalmar os doentes, especialmente antes das opera\u00e7\u00f5es.<\/td>\n<\/tr>\n<tr>\n<td><strong>Tratamento da ins\u00f3nia<\/strong><\/td>\n<td>Para o tratamento a curto prazo de ins\u00f3nias graves.<\/td>\n<\/tr>\n<tr>\n<td><strong>Eutan\u00e1sia<\/strong><\/td>\n<td>Para a eutan\u00e1sia humana em seres humanos e animais.<\/td>\n<\/tr>\n<tr>\n<td><strong>Anestesia<\/strong><\/td>\n<td>Utilizado em doses mais elevadas para a indu\u00e7\u00e3o da anestesia.<\/td>\n<\/tr>\n<\/tbody>\n<\/table>\n<h3>Contra-indica\u00e7\u00f5es e efeitos secund\u00e1rios<\/h3>\n<p><strong>Contra-indica\u00e7\u00f5es:<\/strong> O Nembutal n\u00e3o \u00e9 recomendado para pessoas sens\u00edveis aos barbit\u00faricos ou que sofram de porfiria latente.<\/p>\n<p><strong>Efeitos secund\u00e1rios:<\/strong> Utiliza\u00e7\u00e3o excessiva de <a href=\"https:\/\/www.youtube.com\/watch?v=6tSw7-UdgFw\" target=\"_blank\" rel=\"noopener\">Nembutal<\/a> pode provocar efeitos secund\u00e1rios graves. Estes incluem pesadelos, v\u00f3mitos, n\u00e1useas, obstipa\u00e7\u00e3o, dores de cabe\u00e7a ou uma sensa\u00e7\u00e3o de ressaca. Em caso de sobredosagem, procure imediatamente assist\u00eancia m\u00e9dica.<\/p>\n<table>\n<thead>\n<tr>\n<th><strong>Atualiza\u00e7\u00e3o<\/strong><\/th>\n<th><strong>Sintomas<\/strong><\/th>\n<\/tr>\n<\/thead>\n<tbody>\n<tr>\n<td><strong>Overdose<\/strong><\/td>\n<td>Pupilas dilatadas, desmaios, baixo d\u00e9bito urin\u00e1rio<\/td>\n<\/tr>\n<tr>\n<td><strong>Respira\u00e7\u00e3o lenta<\/strong><\/td>\n<td>Pulso fraco, inconsci\u00eancia, situa\u00e7\u00e3o de risco de vida<\/td>\n<\/tr>\n<tr>\n<td><strong>Dose letal<\/strong><\/td>\n<td>Varia entre 25-100 gramas, consoante a idade e o estado de sa\u00fade<\/td>\n<\/tr>\n<\/tbody>\n<\/table>\n<h3>O que deve ser evitado quando se utiliza Nembutal<\/h3>\n<p>Se tiver tomado Nembutal, n\u00e3o deve conduzir, pois afecta as suas reac\u00e7\u00f5es e capacidade de racioc\u00ednio. O \u00e1lcool aumenta a sonol\u00eancia, o que pode ser perigoso, pelo que deve ser evitado a todo o momento.<\/p>\n<h3>Onde se pode comprar Nembutal?<\/h3>\n<p>Atualmente, n\u00e3o \u00e9 f\u00e1cil encontrar Nembutal. Muitas empresas farmac\u00eauticas multinacionais dos pa\u00edses desenvolvidos costumavam produzir o p\u00f3 de Nembutal, mas a produ\u00e7\u00e3o foi drasticamente reduzida \u00e0 medida que outros sedativos ou tranquilizantes com menos efeitos secund\u00e1rios o substitu\u00edram. Para comprar Nembutal nos EUA, \u00e9 necess\u00e1ria uma receita m\u00e9dica. Contudo, no Euthanasia Group, compreendemos as necessidades dos nossos clientes e oferecemos uma solu\u00e7\u00e3o para este inconveniente. Somos os principais vendedores de Nembutal e fornecemos p\u00f3 de Nembutal de qualidade que vale o seu pre\u00e7o.<\/p>\n<table>\n<thead>\n<tr>\n<th><strong>Vantagens de comprar na Euthanasia Group<\/strong><\/th>\n<th><strong>Detalhes<\/strong><\/th>\n<\/tr>\n<\/thead>\n<tbody>\n<tr>\n<td><strong>Discreto e seguro<\/strong><\/td>\n<td>Oferecemos um servi\u00e7o de entrega seguro e discreto.<\/td>\n<\/tr>\n<tr>\n<td><strong>Entrega global<\/strong><\/td>\n<td>Fazemos entregas na Europa, nos EUA, no Canad\u00e1, na Austr\u00e1lia e na \u00c1sia.<\/td>\n<\/tr>\n<tr>\n<td><strong>Experi\u00eancia<\/strong><\/td>\n<td>Anos de experi\u00eancia no com\u00e9rcio de Nembutal.<\/td>\n<\/tr>\n<\/tbody>\n<\/table>\n<h3>Porqu\u00ea comprar no Euthanasia Group?<\/h3>\n<p>Temos anos de experi\u00eancia no com\u00e9rcio de Nembutal e compreendemos perfeitamente as necessidades dos nossos clientes. Al\u00e9m disso, oferecemos outros barbit\u00faricos de forma discreta, em todo o mundo. Comprar Nembutal em p\u00f3 connosco d\u00e1-lhe uma vantagem em termos de qualidade e servi\u00e7o. Contacte-nos hoje para mais informa\u00e7\u00f5es!<\/p>\n<p>Enviamos para a Alemanha, \u00c1ustria, Su\u00ed\u00e7a, B\u00e9lgica, Luxemburgo, Dinamarca, Fran\u00e7a, Hungria e toda a Europa. Tamb\u00e9m enviamos para os Estados Unidos, Canad\u00e1, Austr\u00e1lia e algumas partes da \u00c1sia e \u00c1frica. Para mais informa\u00e7\u00f5es, contacte-nos.<\/p>\n<h3>Etiquetas<\/h3>\n<p>Comprar Nembutal em p\u00f3, barbit\u00faricos em p\u00f3, pentobarbital s\u00f3dico em p\u00f3.<\/p>","protected":false},"excerpt":{"rendered":"<p>Pode comprar pentobarbital de s\u00f3dio puro em p\u00f3 Nembutal online no nosso Grupo de Eutan\u00e1sia, com garantia de envio internacional discreto. O p\u00f3 de Nembutal est\u00e1 dispon\u00edvel em 25, 50, 75 e 100 gramas na nossa loja.<\/p>","protected":false},"featured_media":833,"comment_status":"open","ping_status":"closed","template":"","meta":{"ocean_post_layout":"","ocean_both_sidebars_style":"","ocean_both_sidebars_content_width":0,"ocean_both_sidebars_sidebars_width":0,"ocean_sidebar":"0","ocean_second_sidebar":"0","ocean_disable_margins":"enable","ocean_add_body_class":"","ocean_shortcode_before_top_bar":"","ocean_shortcode_after_top_bar":"","ocean_shortcode_before_header":"","ocean_shortcode_after_header":"","ocean_has_shortcode":"","ocean_shortcode_after_title":"","ocean_shortcode_before_footer_widgets":"","ocean_shortcode_after_footer_widgets":"","ocean_shortcode_before_footer_bottom":"","ocean_shortcode_after_footer_bottom":"","ocean_display_top_bar":"default","ocean_display_header":"default","ocean_header_style":"","ocean_center_header_left_menu":"0","ocean_custom_header_template":"0","ocean_custom_logo":0,"ocean_custom_retina_logo":0,"ocean_custom_logo_max_width":0,"ocean_custom_logo_tablet_max_width":0,"ocean_custom_logo_mobile_max_width":0,"ocean_custom_logo_max_height":0,"ocean_custom_logo_tablet_max_height":0,"ocean_custom_logo_mobile_max_height":0,"ocean_header_custom_menu":"0","ocean_menu_typo_font_family":"0","ocean_menu_typo_font_subset":"","ocean_menu_typo_font_size":0,"ocean_menu_typo_font_size_tablet":0,"ocean_menu_typo_font_size_mobile":0,"ocean_menu_typo_font_size_unit":"px","ocean_menu_typo_font_weight":"","ocean_menu_typo_font_weight_tablet":"","ocean_menu_typo_font_weight_mobile":"","ocean_menu_typo_transform":"","ocean_menu_typo_transform_tablet":"","ocean_menu_typo_transform_mobile":"","ocean_menu_typo_line_height":0,"ocean_menu_typo_line_height_tablet":0,"ocean_menu_typo_line_height_mobile":0,"ocean_menu_typo_line_height_unit":"","ocean_menu_typo_spacing":0,"ocean_menu_typo_spacing_tablet":0,"ocean_menu_typo_spacing_mobile":0,"ocean_menu_typo_spacing_unit":"","ocean_menu_link_color":"","ocean_menu_link_color_hover":"","ocean_menu_link_color_active":"","ocean_menu_link_background":"","ocean_menu_link_hover_background":"","ocean_menu_link_active_background":"","ocean_menu_social_links_bg":"","ocean_menu_social_hover_links_bg":"","ocean_menu_social_links_color":"","ocean_menu_social_hover_links_color":"","ocean_disable_title":"default","ocean_disable_heading":"default","ocean_post_title":"","ocean_post_subheading":"","ocean_post_title_style":"","ocean_post_title_background_color":"","ocean_post_title_background":0,"ocean_post_title_bg_image_position":"","ocean_post_title_bg_image_attachment":"","ocean_post_title_bg_image_repeat":"","ocean_post_title_bg_image_size":"","ocean_post_title_height":0,"ocean_post_title_bg_overlay":0.5,"ocean_post_title_bg_overlay_color":"","ocean_disable_breadcrumbs":"default","ocean_breadcrumbs_color":"","ocean_breadcrumbs_separator_color":"","ocean_breadcrumbs_links_color":"","ocean_breadcrumbs_links_hover_color":"","ocean_display_footer_widgets":"default","ocean_display_footer_bottom":"default","ocean_custom_footer_template":"0"},"product_brand":[],"product_cat":[26],"product_tag":[],"class_list":{"0":"post-615","1":"product","2":"type-product","3":"status-publish","4":"has-post-thumbnail","6":"product_cat-nembutal","8":"entry","9":"has-media","11":"first","12":"instock","13":"sale","14":"shipping-taxable","15":"purchasable","16":"product-type-variable","17":"has-rating","18":"has-product-nav","19":"col","20":"span_1_of_3","21":"owp-content-center","22":"owp-thumbs-layout-horizontal","23":"owp-btn-normal","24":"owp-tabs-layout-horizontal","25":"has-no-thumbnails"},"jetpack_sharing_enabled":true,"_links":{"self":[{"href":"https:\/\/euthanasia.store\/pt\/wp-json\/wp\/v2\/product\/615","targetHints":{"allow":["GET"]}}],"collection":[{"href":"https:\/\/euthanasia.store\/pt\/wp-json\/wp\/v2\/product"}],"about":[{"href":"https:\/\/euthanasia.store\/pt\/wp-json\/wp\/v2\/types\/product"}],"replies":[{"embeddable":true,"href":"https:\/\/euthanasia.store\/pt\/wp-json\/wp\/v2\/comments?post=615"}],"wp:featuredmedia":[{"embeddable":true,"href":"https:\/\/euthanasia.store\/pt\/wp-json\/wp\/v2\/media\/833"}],"wp:attachment":[{"href":"https:\/\/euthanasia.store\/pt\/wp-json\/wp\/v2\/media?parent=615"}],"wp:term":[{"taxonomy":"product_brand","embeddable":true,"href":"https:\/\/euthanasia.store\/pt\/wp-json\/wp\/v2\/product_brand?post=615"},{"taxonomy":"product_cat","embeddable":true,"href":"https:\/\/euthanasia.store\/pt\/wp-json\/wp\/v2\/product_cat?post=615"},{"taxonomy":"product_tag","embeddable":true,"href":"https:\/\/euthanasia.store\/pt\/wp-json\/wp\/v2\/product_tag?post=615"}],"curies":[{"name":"wp","href":"https:\/\/api.w.org\/{rel}","templated":true}]}}