{"id":606,"date":"2024-07-31T23:41:36","date_gmt":"2024-07-31T23:41:36","guid":{"rendered":"https:\/\/euthanasia.store\/?post_type=product&#038;p=606"},"modified":"2026-01-02T09:57:49","modified_gmt":"2026-01-02T09:57:49","slug":"nembutal-pillen","status":"publish","type":"product","link":"https:\/\/euthanasia.store\/pt\/produto\/nembutal-pillen\/","title":{"rendered":"Nembutal Comprimidos"},"content":{"rendered":"<h3>Comprar Nembutal Pills Online: Servi\u00e7o fi\u00e1vel e discreto<\/h3>\n<p>Comprar <a href=\"https:\/\/euthanasia.store\/pt\/\">Nembutal comprimidos online<\/a> proporciona comodidade e acesso a quem deles necessita para fins espec\u00edficos. No Euthanasia Group, esfor\u00e7amo-nos por fornecer aos nossos clientes produtos de alta qualidade e um servi\u00e7o fi\u00e1vel. Se quiser comprar comprimidos de Nembutal, pode contar com a nossa dedica\u00e7\u00e3o e experi\u00eancia.<\/p>\n<h4>Porqu\u00ea escolher o Euthanasia Group?<\/h4>\n<p>O Grupo Euthanasia \u00e9 uma fonte fi\u00e1vel para comprar comprimidos de Nembutal online. Compreendemos a import\u00e2ncia da qualidade e da discri\u00e7\u00e3o na entrega destes produtos. Por isso, oferecemos um servi\u00e7o de entrega seguro e discreto para garantir a sua privacidade em todos os momentos. Al\u00e9m disso, asseguramos que todas as nossas encomendas s\u00e3o tratadas com profissionalismo, sem margem para erros.<\/p>\n<table>\n<thead>\n<tr>\n<th><strong>Carater\u00edstica<\/strong><\/th>\n<th><strong>Detalhes<\/strong><\/th>\n<\/tr>\n<\/thead>\n<tbody>\n<tr>\n<td><strong>Produtos de qualidade<\/strong><\/td>\n<td>Oferecemos apenas produtos da mais alta qualidade.<\/td>\n<\/tr>\n<tr>\n<td><strong>Pol\u00edtica de envio discreta<\/strong><\/td>\n<td>Entrega segura e discreta para sua tranquilidade.<\/td>\n<\/tr>\n<tr>\n<td><strong>Entrega r\u00e1pida<\/strong><\/td>\n<td>Certificamo-nos de que a sua encomenda \u00e9 tratada rapidamente.<\/td>\n<\/tr>\n<tr>\n<td><strong>Servi\u00e7o profissional<\/strong><\/td>\n<td>Cada encomenda \u00e9 tratada com profissionalismo e cuidado.<\/td>\n<\/tr>\n<\/tbody>\n<\/table>\n<h3>Utiliza\u00e7\u00e3o segura de barbit\u00faricos<\/h3>\n<p>Os comprimidos de Nembutal s\u00e3o muitas vezes prescritos para tratar a ins\u00f3nia, como um sedativo, e para dist\u00farbios epil\u00e9pticos. Os nossos produtos s\u00e3o enviados para todo o mundo e s\u00e3o cuidadosamente testados para garantir a sua efic\u00e1cia. Em alguns casos, os m\u00e9dicos tamb\u00e9m usam Nembutal como anest\u00e9sico para cirurgia.<\/p>\n<p><strong>Aplica\u00e7\u00f5es dos comprimidos de Nembutal:<\/strong><\/p>\n<table>\n<thead>\n<tr>\n<th><strong>Aplica\u00e7\u00e3o m\u00e9dica<\/strong><\/th>\n<th><strong>Detalhes<\/strong><\/th>\n<\/tr>\n<\/thead>\n<tbody>\n<tr>\n<td><strong>Ins\u00f3nia<\/strong><\/td>\n<td>Utilizado para promover o sono em casos de ins\u00f3nia grave.<\/td>\n<\/tr>\n<tr>\n<td><strong>Seda\u00e7\u00e3o<\/strong><\/td>\n<td>Aplicado para acalmar antes de procedimentos m\u00e9dicos.<\/td>\n<\/tr>\n<tr>\n<td><strong>Tratamento da epilepsia<\/strong><\/td>\n<td>Medica\u00e7\u00e3o de emerg\u00eancia para crises epil\u00e9pticas n\u00e3o control\u00e1veis.<\/td>\n<\/tr>\n<tr>\n<td><strong>Anestesia<\/strong><\/td>\n<td>Utilizado pelos m\u00e9dicos como anest\u00e9sico para opera\u00e7\u00f5es.<\/td>\n<\/tr>\n<tr>\n<td><strong>Eutan\u00e1sia<\/strong><\/td>\n<td>Em doses mais elevadas, proporciona uma morte pac\u00edfica e indolor.<\/td>\n<\/tr>\n<\/tbody>\n<\/table>\n<h3>Comprar Nembutal online no Grupo Eutan\u00e1sia<\/h3>\n<p>Pode comprar comprimidos de Nembutal online sem receita m\u00e9dica na <a href=\"https:\/\/www.youtube.com\/watch?v=loyZFG6gUs8\" target=\"_blank\" rel=\"noopener\">Eutan\u00e1sia<\/a> Grupo. Fornecemos um guia de medica\u00e7\u00e3o com cada compra, que ajuda a compreender a dosagem correta deste medicamento, dependendo de factores como o seu peso, idade e estado de sa\u00fade. Para pessoas com problemas de sono, consideramos os comprimidos de Nembutal como um dos melhores e mais eficazes tratamentos.<\/p>\n<table>\n<thead>\n<tr>\n<th><strong>Vantagens de comprar connosco<\/strong><\/th>\n<th><strong>Detalhes<\/strong><\/th>\n<\/tr>\n<\/thead>\n<tbody>\n<tr>\n<td><strong>N\u00e3o precisa de receita<\/strong><\/td>\n<td>Pode comprar Nembutal connosco sem necessidade de receita m\u00e9dica.<\/td>\n<\/tr>\n<tr>\n<td><strong>Guia de medica\u00e7\u00e3o<\/strong><\/td>\n<td>Inclui um guia para o ajudar a determinar a dosagem correta.<\/td>\n<\/tr>\n<tr>\n<td><strong>Servi\u00e7o de apoio ao cliente 24\/7<\/strong><\/td>\n<td>Os nossos especialistas est\u00e3o sempre prontos a responder \u00e0s suas perguntas.<\/td>\n<\/tr>\n<tr>\n<td><strong>Pre\u00e7os acess\u00edveis<\/strong><\/td>\n<td>Oferecemos pre\u00e7os competitivos para que o Nembutal seja acess\u00edvel a todos.<\/td>\n<\/tr>\n<\/tbody>\n<\/table>\n<p>O nosso pessoal especializado est\u00e1 dispon\u00edvel 24 horas por dia, 7 dias por semana, para o ajudar com todas as suas quest\u00f5es relativas \u00e0 utiliza\u00e7\u00e3o dos comprimidos de Nembutal. Os pre\u00e7os dos nossos comprimidos de Nembutal s\u00e3o acess\u00edveis, por isso n\u00e3o tem de se preocupar com o custo deste produto. Fa\u00e7a a sua encomenda hoje mesmo!<\/p>\n<h3>Produtos relacionados<\/h3>\n<p>Para al\u00e9m dos comprimidos de Nembutal, tamb\u00e9m oferecemos outros produtos relacionados que podem ser relevantes para si, tais como<\/p>\n<ul>\n<li><strong>Nembutal Solu\u00e7\u00e3o injet\u00e1vel<\/strong>Para uma administra\u00e7\u00e3o r\u00e1pida e eficaz.<\/li>\n<li><strong>Pentobarbital de s\u00f3dio em p\u00f3<\/strong>Forma alternativa para utiliza\u00e7\u00e3o em institui\u00e7\u00f5es m\u00e9dicas.<\/li>\n<li><strong>Nembutal Fluido Oral<\/strong>Para aqueles que preferem uma forma de administra\u00e7\u00e3o l\u00edquida.<\/li>\n<\/ul>\n<h3>Etiquetas<\/h3>\n<p>Comprar comprimidos de Nembutal online, comprar Nembutal sem receita, comprimidos de barbit\u00faricos, pentobarbital s\u00f3dico, comprimidos de pentobarbital s\u00f3dico.<\/p>\n<p><strong>Perguntas frequentes<\/strong><\/p>\n<p><strong>1. O que \u00e9 o Nembutal?<\/strong> Nembutal \u00e9 o nome comercial do pentobarbital, um potente barbit\u00farico utilizado para seda\u00e7\u00e3o, tratamento da epilepsia e, em alguns pa\u00edses, para a eutan\u00e1sia.<\/p>\n<p><strong>2. Como \u00e9 que posso comprar comprimidos de Nembutal online?<\/strong> No Euthanasia Group, pode comprar comprimidos de Nembutal online sem receita m\u00e9dica. Oferecemos um servi\u00e7o seguro, discreto e profissional.<\/p>\n<p><strong>3. \u00c9 legal comprar Nembutal sem receita m\u00e9dica?<\/strong> A legalidade da compra de Nembutal sem receita m\u00e9dica varia consoante o pa\u00eds. \u00c9 importante verificar a legisla\u00e7\u00e3o do seu pa\u00eds antes de efetuar a encomenda.<\/p>\n<p><strong>4. Para que servem os comprimidos de Nembutal?<\/strong> Os comprimidos de Nembutal s\u00e3o utilizados para tratar a ins\u00f3nia, como sedativo, para dist\u00farbios epil\u00e9pticos e, por vezes, para a eutan\u00e1sia.<\/p>\n<p><strong>5. Como \u00e9 que uso os comprimidos de Nembutal de forma segura?<\/strong> Utilizar Nembutal sempre de acordo com as instru\u00e7\u00f5es do guia de medica\u00e7\u00e3o fornecido. Siga a dosagem recomendada com base na sua idade, peso e estado de sa\u00fade.<\/p>\n<p><strong>6. Quais s\u00e3o os poss\u00edveis efeitos secund\u00e1rios do Nembutal?<\/strong> Os efeitos secund\u00e1rios podem incluir depress\u00e3o respirat\u00f3ria, tens\u00e3o arterial baixa, sonol\u00eancia e depend\u00eancia. Uma sobredosagem pode ser fatal.<\/p>\n<p><strong>7. Em quanto tempo \u00e9 que a minha encomenda \u00e9 entregue?<\/strong> A entrega da sua encomenda \u00e9 r\u00e1pida e discreta. O prazo de entrega pode variar consoante a sua localiza\u00e7\u00e3o.<\/p>\n<p><strong>8. Posso usar Nembutal para as ins\u00f3nias?<\/strong> Sim, Nembutal \u00e9 frequentemente prescrito para tratar ins\u00f3nias graves. Siga sempre as instru\u00e7\u00f5es de dosagem do seu m\u00e9dico ou o guia de medica\u00e7\u00e3o.<\/p>\n<p><strong>9. O que devo fazer se tiver tomado uma sobredosagem de Nembutal?<\/strong> Em caso de sobredosagem, \u00e9 fundamental procurar imediatamente assist\u00eancia m\u00e9dica. Uma overdose pode levar ao coma ou \u00e0 morte.<\/p>\n<p><strong>10. Quais s\u00e3o os produtos conexos que oferece?<\/strong> Para al\u00e9m de Nembutal comprimidos, tamb\u00e9m oferecemos Nembutal solu\u00e7\u00e3o injet\u00e1vel, pentobarbital de s\u00f3dio em p\u00f3 e Nembutal l\u00edquido oral.<\/p>","protected":false},"excerpt":{"rendered":"<p>Estes comprimidos de Nembutal s\u00e3o amplamente utilizados como medicamentos para tratar ins\u00f3nias, seda\u00e7\u00e3o e dist\u00farbios epil\u00e9pticos. No entanto, tamb\u00e9m podem ser utilizados para a eutan\u00e1sia. euthanasiagroup.net \u00e9 verificado e aprovado.<\/p>","protected":false},"featured_media":831,"comment_status":"open","ping_status":"closed","template":"","meta":{"ocean_post_layout":"","ocean_both_sidebars_style":"","ocean_both_sidebars_content_width":0,"ocean_both_sidebars_sidebars_width":0,"ocean_sidebar":"0","ocean_second_sidebar":"0","ocean_disable_margins":"enable","ocean_add_body_class":"","ocean_shortcode_before_top_bar":"","ocean_shortcode_after_top_bar":"","ocean_shortcode_before_header":"","ocean_shortcode_after_header":"","ocean_has_shortcode":"","ocean_shortcode_after_title":"","ocean_shortcode_before_footer_widgets":"","ocean_shortcode_after_footer_widgets":"","ocean_shortcode_before_footer_bottom":"","ocean_shortcode_after_footer_bottom":"","ocean_display_top_bar":"default","ocean_display_header":"default","ocean_header_style":"","ocean_center_header_left_menu":"0","ocean_custom_header_template":"0","ocean_custom_logo":0,"ocean_custom_retina_logo":0,"ocean_custom_logo_max_width":0,"ocean_custom_logo_tablet_max_width":0,"ocean_custom_logo_mobile_max_width":0,"ocean_custom_logo_max_height":0,"ocean_custom_logo_tablet_max_height":0,"ocean_custom_logo_mobile_max_height":0,"ocean_header_custom_menu":"0","ocean_menu_typo_font_family":"0","ocean_menu_typo_font_subset":"","ocean_menu_typo_font_size":0,"ocean_menu_typo_font_size_tablet":0,"ocean_menu_typo_font_size_mobile":0,"ocean_menu_typo_font_size_unit":"px","ocean_menu_typo_font_weight":"","ocean_menu_typo_font_weight_tablet":"","ocean_menu_typo_font_weight_mobile":"","ocean_menu_typo_transform":"","ocean_menu_typo_transform_tablet":"","ocean_menu_typo_transform_mobile":"","ocean_menu_typo_line_height":0,"ocean_menu_typo_line_height_tablet":0,"ocean_menu_typo_line_height_mobile":0,"ocean_menu_typo_line_height_unit":"","ocean_menu_typo_spacing":0,"ocean_menu_typo_spacing_tablet":0,"ocean_menu_typo_spacing_mobile":0,"ocean_menu_typo_spacing_unit":"","ocean_menu_link_color":"","ocean_menu_link_color_hover":"","ocean_menu_link_color_active":"","ocean_menu_link_background":"","ocean_menu_link_hover_background":"","ocean_menu_link_active_background":"","ocean_menu_social_links_bg":"","ocean_menu_social_hover_links_bg":"","ocean_menu_social_links_color":"","ocean_menu_social_hover_links_color":"","ocean_disable_title":"default","ocean_disable_heading":"default","ocean_post_title":"","ocean_post_subheading":"","ocean_post_title_style":"","ocean_post_title_background_color":"","ocean_post_title_background":0,"ocean_post_title_bg_image_position":"","ocean_post_title_bg_image_attachment":"","ocean_post_title_bg_image_repeat":"","ocean_post_title_bg_image_size":"","ocean_post_title_height":0,"ocean_post_title_bg_overlay":0.5,"ocean_post_title_bg_overlay_color":"","ocean_disable_breadcrumbs":"default","ocean_breadcrumbs_color":"","ocean_breadcrumbs_separator_color":"","ocean_breadcrumbs_links_color":"","ocean_breadcrumbs_links_hover_color":"","ocean_display_footer_widgets":"default","ocean_display_footer_bottom":"default","ocean_custom_footer_template":"0"},"product_brand":[],"product_cat":[26],"product_tag":[28],"class_list":{"0":"post-606","1":"product","2":"type-product","3":"status-publish","4":"has-post-thumbnail","6":"product_cat-nembutal","7":"product_tag-nembutal-pillen","9":"entry","10":"has-media","12":"first","13":"instock","14":"sale","15":"shipping-taxable","16":"purchasable","17":"product-type-variable","18":"has-rating","19":"has-product-nav","20":"col","21":"span_1_of_3","22":"owp-content-center","23":"owp-thumbs-layout-horizontal","24":"owp-btn-normal","25":"owp-tabs-layout-horizontal","26":"has-no-thumbnails"},"jetpack_sharing_enabled":true,"_links":{"self":[{"href":"https:\/\/euthanasia.store\/pt\/wp-json\/wp\/v2\/product\/606","targetHints":{"allow":["GET"]}}],"collection":[{"href":"https:\/\/euthanasia.store\/pt\/wp-json\/wp\/v2\/product"}],"about":[{"href":"https:\/\/euthanasia.store\/pt\/wp-json\/wp\/v2\/types\/product"}],"replies":[{"embeddable":true,"href":"https:\/\/euthanasia.store\/pt\/wp-json\/wp\/v2\/comments?post=606"}],"wp:featuredmedia":[{"embeddable":true,"href":"https:\/\/euthanasia.store\/pt\/wp-json\/wp\/v2\/media\/831"}],"wp:attachment":[{"href":"https:\/\/euthanasia.store\/pt\/wp-json\/wp\/v2\/media?parent=606"}],"wp:term":[{"taxonomy":"product_brand","embeddable":true,"href":"https:\/\/euthanasia.store\/pt\/wp-json\/wp\/v2\/product_brand?post=606"},{"taxonomy":"product_cat","embeddable":true,"href":"https:\/\/euthanasia.store\/pt\/wp-json\/wp\/v2\/product_cat?post=606"},{"taxonomy":"product_tag","embeddable":true,"href":"https:\/\/euthanasia.store\/pt\/wp-json\/wp\/v2\/product_tag?post=606"}],"curies":[{"name":"wp","href":"https:\/\/api.w.org\/{rel}","templated":true}]}}