{"id":589,"date":"2024-07-31T14:19:51","date_gmt":"2024-07-31T14:19:51","guid":{"rendered":"https:\/\/euthanasia.store\/?post_type=product&#038;p=589"},"modified":"2025-09-26T10:53:36","modified_gmt":"2025-09-26T10:53:36","slug":"nembutal-kopen","status":"publish","type":"product","link":"https:\/\/euthanasia.store\/pt\/produto\/nembutal-kopen\/","title":{"rendered":"Comprar Nembutal"},"content":{"rendered":"<h1>Guia completo sobre as injec\u00e7\u00f5es de Nembutal<\/h1>\n<p>O Nembutal, tamb\u00e9m conhecido como pentobarbital, \u00e9 um barbit\u00farico que tem sido historicamente utilizado para v\u00e1rios fins m\u00e9dicos, como anest\u00e9sico e sedativo. Atualmente, \u00e9 mais conhecido pela sua utiliza\u00e7\u00e3o na eutan\u00e1sia e no suic\u00eddio assistido. Neste artigo, apresentamos um guia completo sobre as injec\u00e7\u00f5es de Nembutal, incluindo os seus usos, efeitos, estatuto jur\u00eddico e considera\u00e7\u00f5es \u00e9ticas. <a href=\"https:\/\/euthanasia.store\/pt\/\"><span class=\"___SText_lyret-kmt_\" data-ui-name=\"Link.Text\">comprar nembutal<\/span><\/a><\/p>\n<h2>O que \u00e9 o Nembutal?<\/h2>\n<p>Nembutal \u00e9 o nome comercial do pentobarbital s\u00f3dico, um barbit\u00farico sintetizado pela primeira vez no in\u00edcio do s\u00e9culo XX. Os barbit\u00faricos actuam como depressores do sistema nervoso central, o que significa que abrandam a atividade cerebral, provocando seda\u00e7\u00e3o, sono e, em doses mais elevadas, anestesia ou morte. <span class=\"___SText_lyret-kmt_\" data-ui-name=\"Link.Text\">comprar nembutal<\/span><\/p>\n<h3>Aplica\u00e7\u00f5es m\u00e9dicas do Nembutal<\/h3>\n<p>Historicamente, o Nembutal era utilizado para v\u00e1rios fins m\u00e9dicos:<\/p>\n<ol>\n<li><strong>Seda\u00e7\u00e3o<\/strong>Acalmar os pacientes antes da cirurgia.<\/li>\n<li><strong>Anestesia<\/strong>: Como anest\u00e9sico em cirurgia.<\/li>\n<li><strong>Epilepsia<\/strong>Para o tratamento de emerg\u00eancia de certos tipos de crises epil\u00e9pticas.<\/li>\n<li><strong>Eutan\u00e1sia e suic\u00eddio assistido<\/strong>Induzir a morte de forma controlada e indolor. <span class=\"___SText_lyret-kmt_\" data-ui-name=\"Link.Text\">comprar nembutal<\/span><\/li>\n<\/ol>\n<table>\n<thead>\n<tr>\n<th><strong>Aplica\u00e7\u00e3o m\u00e9dica<\/strong><\/th>\n<th><strong>Detalhes<\/strong><\/th>\n<\/tr>\n<\/thead>\n<tbody>\n<tr>\n<td>Seda\u00e7\u00e3o<\/td>\n<td>Acalmar os doentes antes da cirurgia<\/td>\n<\/tr>\n<tr>\n<td>Anestesia<\/td>\n<td>Utiliza\u00e7\u00e3o como anest\u00e9sico em cirurgia<\/td>\n<\/tr>\n<tr>\n<td>Epilepsia<\/td>\n<td>Tratamento de emerg\u00eancia de convuls\u00f5es n\u00e3o controladas por outros medicamentos<\/td>\n<\/tr>\n<tr>\n<td>Eutan\u00e1sia e suic\u00eddio assistido<\/td>\n<td>Induzir a morte de forma controlada e indolor em situa\u00e7\u00f5es de fim de vida<\/td>\n<\/tr>\n<\/tbody>\n<\/table>\n<h2>Como funcionam as injec\u00e7\u00f5es de Nembutal?<\/h2>\n<p>O Nembutal actua aumentando a atividade do \u00e1cido gama-aminobut\u00edrico (GABA), um neurotransmissor que inibe a atividade dos neur\u00f3nios no c\u00e9rebro. Ao aumentar a atividade do GABA, o Nembutal inibe o sistema nervoso central, provocando seda\u00e7\u00e3o, inconsci\u00eancia e, em doses elevadas, paragem respirat\u00f3ria e morte. <span class=\"___SText_lyret-kmt_\" data-ui-name=\"Link.Text\">comprar nembutal<\/span><\/p>\n<h3>Mecanismo de a\u00e7\u00e3o<\/h3>\n<ul>\n<li><strong>Refor\u00e7o GABA<\/strong>: O Nembutal liga-se aos receptores GABA no c\u00e9rebro, aumentando o efeito inibit\u00f3rio do GABA e abrandando a atividade cerebral.<\/li>\n<li><strong>Depress\u00e3o do sistema nervoso central<\/strong>A droga reduz a atividade neural, levando \u00e0 seda\u00e7\u00e3o, inconsci\u00eancia e eventual cessa\u00e7\u00e3o dos sinais vitais em doses elevadas.<\/li>\n<li><strong>Paragem respirat\u00f3ria<\/strong>: Em doses letais, o Nembutal provoca a fal\u00eancia do sistema respirat\u00f3rio, levando \u00e0 morte. <span class=\"___SText_lyret-kmt_\" data-ui-name=\"Link.Text\">comprar nembutal<\/span><\/li>\n<\/ul>\n<h3>Posologia e administra\u00e7\u00e3o<\/h3>\n<p>Para a eutan\u00e1sia, a dosagem de Nembutal \u00e9 cuidadosamente calculada para garantir uma morte indolor e pac\u00edfica. O medicamento \u00e9 geralmente administrado por via intravenosa, embora tamb\u00e9m possam ser utilizadas formula\u00e7\u00f5es orais. A dose letal de Nembutal \u00e9 geralmente de 2 a 10 gramas, dependendo do peso corporal e da toler\u00e2ncia da pessoa. <span class=\"___SText_lyret-kmt_\" data-ui-name=\"Link.Text\">comprar nembutal<\/span><\/p>\n<table>\n<thead>\n<tr>\n<th><strong>Modo de administra\u00e7\u00e3o<\/strong><\/th>\n<th><strong>Dosagem<\/strong><\/th>\n<th><strong>Resultado esperado<\/strong><\/th>\n<\/tr>\n<\/thead>\n<tbody>\n<tr>\n<td>Inje\u00e7\u00e3o intravenosa<\/td>\n<td>2-10 gramas<\/td>\n<td>Perda de consci\u00eancia, paragem respirat\u00f3ria, morte<\/td>\n<\/tr>\n<tr>\n<td>Ingest\u00e3o oral<\/td>\n<td>2-10 gramas (em p\u00f3 ou l\u00edquido)<\/td>\n<td>Perda de consci\u00eancia, paragem respirat\u00f3ria, morte<\/td>\n<\/tr>\n<\/tbody>\n<\/table>\n<h2>Efeitos das injec\u00e7\u00f5es de Nembutal<\/h2>\n<p>Os efeitos das injec\u00e7\u00f5es de Nembutal podem ser divididos em tr\u00eas fases:<\/p>\n<ol>\n<li><strong>Seda\u00e7\u00e3o<\/strong>O paciente sente sonol\u00eancia e relaxamento assim que o medicamento come\u00e7a a atuar.<\/li>\n<li><strong>Perda de consci\u00eancia<\/strong>: Em poucos minutos, o doente fica inconsciente e entra num estado de coma profundo.<\/li>\n<li><strong>Paragem respirat\u00f3ria e morte<\/strong>A respira\u00e7\u00e3o do doente acaba por abrandar e parar completamente, levando-o \u00e0 morte.<\/li>\n<\/ol>\n<h3>In\u00edcio e dura\u00e7\u00e3o<\/h3>\n<ul>\n<li><strong>In\u00edcio<\/strong>Efeitos das injec\u00e7\u00f5es de Nembutal: Os efeitos das injec\u00e7\u00f5es de Nembutal ocorrem geralmente de forma r\u00e1pida, com perda de consci\u00eancia dentro de 1-5 minutos ap\u00f3s a administra\u00e7\u00e3o.<\/li>\n<li><strong>Dura\u00e7\u00e3o<\/strong>Morte: A morte ocorre geralmente dentro de 15-30 minutos ap\u00f3s a administra\u00e7\u00e3o, dependendo da dose e do estado fisiol\u00f3gico do doente.<\/li>\n<\/ul>\n<table>\n<thead>\n<tr>\n<th><strong>Fase<\/strong><\/th>\n<th><strong>Per\u00edodo de tempo<\/strong><\/th>\n<th><strong>Impacto<\/strong><\/th>\n<\/tr>\n<\/thead>\n<tbody>\n<tr>\n<td>Seda\u00e7\u00e3o<\/td>\n<td>1-2 minutos<\/td>\n<td>Sonol\u00eancia, relaxamento<\/td>\n<\/tr>\n<tr>\n<td>Perda de consci\u00eancia<\/td>\n<td>2-5 minutos<\/td>\n<td>Inconsci\u00eancia, coma profundo<\/td>\n<\/tr>\n<tr>\n<td>Paragem respirat\u00f3ria e morte<\/td>\n<td>15-30 minutos (ap\u00f3s o in\u00edcio)<\/td>\n<td>Cessa\u00e7\u00e3o da respira\u00e7\u00e3o, morte<\/td>\n<\/tr>\n<\/tbody>\n<\/table>\n<h2>Estatuto jur\u00eddico do Nembutal<\/h2>\n<p>O estatuto legal do Nembutal varia muito em todo o mundo, sendo a droga estritamente regulamentada ou proibida em muitos pa\u00edses devido ao seu potencial de abuso e utiliza\u00e7\u00e3o na eutan\u00e1sia. <span class=\"___SText_lyret-kmt_\" data-ui-name=\"Link.Text\">comprar nembutal<\/span><\/p>\n<h3>Pa\u00edses onde o Nembutal \u00e9 legal para a eutan\u00e1sia<\/h3>\n<p>Em alguns pa\u00edses, o Nembutal \u00e9 legalmente utilizado para <a href=\"https:\/\/www.tiktok.com\/discover\/where-to-buy-nembutal\" target=\"_blank\" rel=\"noopener\">eutan\u00e1sia<\/a> e o suic\u00eddio assistido sob regulamenta\u00e7\u00e3o rigorosa. Estes pa\u00edses t\u00eam geralmente leis que d\u00e3o aos doentes terminais a possibilidade de escolher a eutan\u00e1sia como op\u00e7\u00e3o de fim de vida.<\/p>\n<ul>\n<li><strong>Pa\u00edses Baixos<\/strong>: O Nembutal \u00e9 utilizado legalmente para a eutan\u00e1sia, de acordo com diretrizes m\u00e9dicas rigorosas.<\/li>\n<li><strong>B\u00e9lgica<\/strong>: A eutan\u00e1sia \u00e9 legal e o Nembutal \u00e9 um medicamento comum.<\/li>\n<li><strong>Su\u00ed\u00e7a<\/strong>O suic\u00eddio assistido \u00e9 legal e o Nembutal \u00e9 utilizado por organiza\u00e7\u00f5es como a Dignitas.<\/li>\n<\/ul>\n<h3>Pa\u00edses onde o Nembutal \u00e9 proibido<\/h3>\n<p>Em muitos pa\u00edses, o Nembutal est\u00e1 proibido ou a sua utiliza\u00e7\u00e3o est\u00e1 severamente restringida devido a preocupa\u00e7\u00f5es com o potencial de abuso e utiliza\u00e7\u00e3o indevida.<\/p>\n<ul>\n<li><strong>Estados Unidos<\/strong>: O Nembutal \u00e9 uma subst\u00e2ncia controlada da Lista II, o que significa que est\u00e1 altamente regulamentada e n\u00e3o est\u00e1 dispon\u00edvel para eutan\u00e1sia.<\/li>\n<li><strong>Austr\u00e1lia<\/strong>: O Nembutal \u00e9 ilegal, embora haja debates em curso sobre a sua utiliza\u00e7\u00e3o no suic\u00eddio assistido. <span class=\"___SText_lyret-kmt_\" data-ui-name=\"Link.Text\">comprar nembutal<\/span><\/li>\n<\/ul>\n<table>\n<thead>\n<tr>\n<th><strong>Pa\u00eds<\/strong><\/th>\n<th><strong>Estatuto jur\u00eddico<\/strong><\/th>\n<th><strong>Detalhes<\/strong><\/th>\n<\/tr>\n<\/thead>\n<tbody>\n<tr>\n<td>Pa\u00edses Baixos<\/td>\n<td>Legal para a eutan\u00e1sia<\/td>\n<td>Utilizado sob rigoroso controlo m\u00e9dico<\/td>\n<\/tr>\n<tr>\n<td>B\u00e9lgica<\/td>\n<td>Legal para a eutan\u00e1sia<\/td>\n<td>Utilizado habitualmente nos cuidados de fim de vida<\/td>\n<\/tr>\n<tr>\n<td>Su\u00ed\u00e7a<\/td>\n<td>Legalidade do suic\u00eddio assistido<\/td>\n<td>Utilizado por organiza\u00e7\u00f5es como a Dignitas<\/td>\n<\/tr>\n<tr>\n<td>Estados Unidos<\/td>\n<td>Proibido (subst\u00e2ncia regulamentada da lista II)<\/td>\n<td>N\u00e3o dispon\u00edvel para eutan\u00e1sia, estritamente regulamentada para uso m\u00e9dico<\/td>\n<\/tr>\n<tr>\n<td>Austr\u00e1lia<\/td>\n<td>Proibido<\/td>\n<td>Ilegal, debates em curso sobre a legaliza\u00e7\u00e3o da eutan\u00e1sia<\/td>\n<\/tr>\n<\/tbody>\n<\/table>\n<h2>Considera\u00e7\u00f5es \u00e9ticas<\/h2>\n<p>A utiliza\u00e7\u00e3o do Nembutal na eutan\u00e1sia e no suic\u00eddio assistido levanta quest\u00f5es \u00e9ticas importantes. Estas quest\u00f5es incluem debates sobre o direito a morrer, o papel dos profissionais de sa\u00fade na cessa\u00e7\u00e3o da vida e o potencial de abuso.<\/p>\n<h3>O direito de morrer<\/h3>\n<p>Os defensores do direito a morrer argumentam que os indiv\u00edduos devem ter a autonomia para escolher quando e como morrer, especialmente em casos de doen\u00e7a terminal em que o sofrimento \u00e9 inevit\u00e1vel. O Nembutal \u00e9 frequentemente visto como uma forma humana de conseguir uma morte pac\u00edfica. <span class=\"___SText_lyret-kmt_\" data-ui-name=\"Link.Text\">comprar nembutal<\/span><\/p>\n<h3>\u00c9tica m\u00e9dica<\/h3>\n<p>Os profissionais m\u00e9dicos est\u00e3o frequentemente no centro do debate sobre a eutan\u00e1sia. Enquanto alguns defendem que os m\u00e9dicos devem ajudar a aliviar o sofrimento atrav\u00e9s da eutan\u00e1sia, outros acreditam que o seu papel \u00e9 preservar a vida, o que pode tornar o uso do Nembutal eticamente problem\u00e1tico. <span class=\"___SText_lyret-kmt_\" data-ui-name=\"Link.Text\">comprar nembutal<\/span><\/p>\n<h3>Potencial de abuso<\/h3>\n<p>Uma das maiores preocupa\u00e7\u00f5es em rela\u00e7\u00e3o ao Nembutal \u00e9 o seu potencial de abuso. O medicamento pode ser utilizado indevidamente para o suic\u00eddio em casos n\u00e3o terminais ou mesmo como meio de homic\u00eddio. Este potencial de abuso \u00e9 uma das principais raz\u00f5es pelas quais a droga \u00e9 t\u00e3o fortemente regulamentada em muitos pa\u00edses. <span class=\"___SText_lyret-kmt_\" data-ui-name=\"Link.Text\">comprar nembutal<\/span><\/p>\n<h2>Conclus\u00e3o<\/h2>\n<p>As injec\u00e7\u00f5es de Nembutal s\u00e3o um meio poderoso e controverso de cuidados no fim da vida. Embora o medicamento ofere\u00e7a uma forma de conseguir uma morte pac\u00edfica e indolor, a sua utiliza\u00e7\u00e3o implica desafios legais, \u00e9ticos e regulamentares. \u00c0 medida que o debate sobre a eutan\u00e1sia e o suic\u00eddio assistido continua a desenvolver-se, o Nembutal continuar\u00e1 a ser uma quest\u00e3o central nas discuss\u00f5es sobre o direito a morrer e o papel da medicina nos cuidados em fim de vida.<\/p>\n<p>Para as pessoas que est\u00e3o a considerar comprar Nembutal para eutan\u00e1sia ou suic\u00eddio assistido, \u00e9 crucial consultar profissionais jur\u00eddicos e m\u00e9dicos para compreender as implica\u00e7\u00f5es e garantir o cumprimento da legisla\u00e7\u00e3o local. <span class=\"___SText_lyret-kmt_\" data-ui-name=\"Link.Text\">comprar nembutal<\/span><\/p>\n<h2>Perguntas frequentes<\/h2>\n<h3>1. O que \u00e9 o Nembutal?<\/h3>\n<h3>2. Como actua o Nembutal?<\/h3>\n<p>O Nembutal actua aumentando a atividade do \u00e1cido gama-aminobut\u00edrico (GABA), um neurotransmissor que inibe a atividade cerebral. Isto leva a seda\u00e7\u00e3o, perda de consci\u00eancia e, em doses elevadas, paragem respirat\u00f3ria e morte.<\/p>\n<h3>3. Quais s\u00e3o as utiliza\u00e7\u00f5es m\u00e9dicas do Nembutal?<\/h3>\n<p>Historicamente, o Nembutal era utilizado para:<\/p>\n<ul>\n<li><strong>Seda\u00e7\u00e3o<\/strong>Acalmar os pacientes antes das opera\u00e7\u00f5es.<\/li>\n<li><strong>Anestesia<\/strong>Anest\u00e9sico: Utilizar como anest\u00e9sico durante as opera\u00e7\u00f5es.<\/li>\n<li><strong>Epilepsia<\/strong>: Tratamento de emerg\u00eancia de certas crises epil\u00e9pticas.<\/li>\n<li><strong>Eutan\u00e1sia e suic\u00eddio assistido<\/strong>: Induzir uma morte controlada e indolor.<\/li>\n<\/ul>\n<h3>4. Como \u00e9 administrado o Nembutal na eutan\u00e1sia?<\/h3>\n<p>O Nembutal pode ser administrado por via intravenosa ou oral. A dose letal situa-se geralmente entre 2-10 gramas, dependendo do peso corporal e da toler\u00e2ncia da pessoa. A administra\u00e7\u00e3o resulta na perda de consci\u00eancia em poucos minutos e na morte em 15-30 minutos.<\/p>\n<h3>5. Qual \u00e9 o estatuto jur\u00eddico do Nembutal nos Pa\u00edses Baixos?<\/h3>\n<p>Nos Pa\u00edses Baixos, a utiliza\u00e7\u00e3o do Nembutal \u00e9 legal para fins de eutan\u00e1sia em condi\u00e7\u00f5es m\u00e9dicas rigorosas. \u00c9 utilizado de acordo com diretrizes para proporcionar uma morte humana a doentes terminais. <span class=\"___SText_lyret-kmt_\" data-ui-name=\"Link.Text\">comprar nembutal<\/span><\/p>\n<h3>6. O Nembutal est\u00e1 legalmente dispon\u00edvel noutros pa\u00edses?<\/h3>\n<p>O estatuto legal do Nembutal varia de pa\u00eds para pa\u00eds. Na B\u00e9lgica e na Su\u00ed\u00e7a, \u00e9 legal para a eutan\u00e1sia e o suic\u00eddio assistido, enquanto \u00e9 proibido em pa\u00edses como os Estados Unidos e a Austr\u00e1lia.<\/p>\n<h3>7. Quais s\u00e3o as considera\u00e7\u00f5es \u00e9ticas que envolvem a utiliza\u00e7\u00e3o de Nembutal?<\/h3>\n<p>A utiliza\u00e7\u00e3o de Nembutal para a eutan\u00e1sia levanta quest\u00f5es \u00e9ticas sobre o direito a morrer, o papel dos profissionais de sa\u00fade na cessa\u00e7\u00e3o da vida e os potenciais riscos de abuso.<\/p>\n<h3>8. Posso comprar Nembutal online?<\/h3>\n<p>A compra de Nembutal online \u00e9 ilegal na maioria dos pa\u00edses e pode ter consequ\u00eancias legais graves. \u00c9 essencial consultar a legisla\u00e7\u00e3o local e procurar aconselhamento m\u00e9dico antes de considerar tais medidas. <span class=\"___SText_lyret-kmt_\" data-ui-name=\"Link.Text\">comprar nembutal<\/span><\/p>\n<h3>9. O uso de Nembutal \u00e9 seguro?<\/h3>\n<p>Quando utilizado clinicamente e sob supervis\u00e3o, o Nembutal pode ser eficaz. No entanto, devido aos seus riscos e potencial de abuso, \u00e9 estritamente regulamentado. A utiliza\u00e7\u00e3o n\u00e3o controlada pode conduzir a riscos graves para a sa\u00fade, incluindo a morte.<\/p>\n<h3>10. Como \u00e9 que posso obter legalmente o Nembutal?<\/h3>\n<p>A obten\u00e7\u00e3o legal do Nembutal s\u00f3 \u00e9 poss\u00edvel em pa\u00edses onde a sua utiliza\u00e7\u00e3o \u00e9 permitida para a eutan\u00e1sia, e deve ser feita atrav\u00e9s de um profissional m\u00e9dico que cumpra os regulamentos locais.<\/p>","protected":false},"excerpt":{"rendered":"<p>Comprar Nembutal solu\u00e7\u00e3o injet\u00e1vel online ao fornecedor da sua escolha, com garantia de servi\u00e7o de entrega discreto em todo o mundo. O grupo Euthanasia \u00e9 verificado e aprovado. contacte e obtenha o melhor.<\/p>\n<p>Inje\u00e7\u00e3o de barbit\u00faricos, inje\u00e7\u00e3o de Nembutal, inje\u00e7\u00e3o de Pentobarbital, inje\u00e7\u00e3o de pentobarbital s\u00f3dico<\/p>","protected":false},"featured_media":832,"comment_status":"open","ping_status":"closed","template":"","meta":{"ocean_post_layout":"","ocean_both_sidebars_style":"","ocean_both_sidebars_content_width":0,"ocean_both_sidebars_sidebars_width":0,"ocean_sidebar":"0","ocean_second_sidebar":"0","ocean_disable_margins":"enable","ocean_add_body_class":"","ocean_shortcode_before_top_bar":"","ocean_shortcode_after_top_bar":"","ocean_shortcode_before_header":"","ocean_shortcode_after_header":"","ocean_has_shortcode":"","ocean_shortcode_after_title":"","ocean_shortcode_before_footer_widgets":"","ocean_shortcode_after_footer_widgets":"","ocean_shortcode_before_footer_bottom":"","ocean_shortcode_after_footer_bottom":"","ocean_display_top_bar":"default","ocean_display_header":"default","ocean_header_style":"","ocean_center_header_left_menu":"0","ocean_custom_header_template":"0","ocean_custom_logo":0,"ocean_custom_retina_logo":0,"ocean_custom_logo_max_width":0,"ocean_custom_logo_tablet_max_width":0,"ocean_custom_logo_mobile_max_width":0,"ocean_custom_logo_max_height":0,"ocean_custom_logo_tablet_max_height":0,"ocean_custom_logo_mobile_max_height":0,"ocean_header_custom_menu":"0","ocean_menu_typo_font_family":"0","ocean_menu_typo_font_subset":"","ocean_menu_typo_font_size":0,"ocean_menu_typo_font_size_tablet":0,"ocean_menu_typo_font_size_mobile":0,"ocean_menu_typo_font_size_unit":"px","ocean_menu_typo_font_weight":"","ocean_menu_typo_font_weight_tablet":"","ocean_menu_typo_font_weight_mobile":"","ocean_menu_typo_transform":"","ocean_menu_typo_transform_tablet":"","ocean_menu_typo_transform_mobile":"","ocean_menu_typo_line_height":0,"ocean_menu_typo_line_height_tablet":0,"ocean_menu_typo_line_height_mobile":0,"ocean_menu_typo_line_height_unit":"","ocean_menu_typo_spacing":0,"ocean_menu_typo_spacing_tablet":0,"ocean_menu_typo_spacing_mobile":0,"ocean_menu_typo_spacing_unit":"","ocean_menu_link_color":"","ocean_menu_link_color_hover":"","ocean_menu_link_color_active":"","ocean_menu_link_background":"","ocean_menu_link_hover_background":"","ocean_menu_link_active_background":"","ocean_menu_social_links_bg":"","ocean_menu_social_hover_links_bg":"","ocean_menu_social_links_color":"","ocean_menu_social_hover_links_color":"","ocean_disable_title":"default","ocean_disable_heading":"default","ocean_post_title":"","ocean_post_subheading":"","ocean_post_title_style":"","ocean_post_title_background_color":"","ocean_post_title_background":0,"ocean_post_title_bg_image_position":"","ocean_post_title_bg_image_attachment":"","ocean_post_title_bg_image_repeat":"","ocean_post_title_bg_image_size":"","ocean_post_title_height":0,"ocean_post_title_bg_overlay":0.5,"ocean_post_title_bg_overlay_color":"","ocean_disable_breadcrumbs":"default","ocean_breadcrumbs_color":"","ocean_breadcrumbs_separator_color":"","ocean_breadcrumbs_links_color":"","ocean_breadcrumbs_links_hover_color":"","ocean_display_footer_widgets":"default","ocean_display_footer_bottom":"default","ocean_custom_footer_template":"0"},"product_brand":[],"product_cat":[26],"product_tag":[],"class_list":{"0":"post-589","1":"product","2":"type-product","3":"status-publish","4":"has-post-thumbnail","6":"product_cat-nembutal","8":"entry","9":"has-media","11":"first","12":"instock","13":"sale","14":"featured","15":"shipping-taxable","16":"purchasable","17":"product-type-variable","18":"has-rating","19":"has-product-nav","20":"col","21":"span_1_of_3","22":"owp-content-center","23":"owp-thumbs-layout-horizontal","24":"owp-btn-normal","25":"owp-tabs-layout-horizontal","26":"has-no-thumbnails"},"jetpack_sharing_enabled":true,"_links":{"self":[{"href":"https:\/\/euthanasia.store\/pt\/wp-json\/wp\/v2\/product\/589","targetHints":{"allow":["GET"]}}],"collection":[{"href":"https:\/\/euthanasia.store\/pt\/wp-json\/wp\/v2\/product"}],"about":[{"href":"https:\/\/euthanasia.store\/pt\/wp-json\/wp\/v2\/types\/product"}],"replies":[{"embeddable":true,"href":"https:\/\/euthanasia.store\/pt\/wp-json\/wp\/v2\/comments?post=589"}],"wp:featuredmedia":[{"embeddable":true,"href":"https:\/\/euthanasia.store\/pt\/wp-json\/wp\/v2\/media\/832"}],"wp:attachment":[{"href":"https:\/\/euthanasia.store\/pt\/wp-json\/wp\/v2\/media?parent=589"}],"wp:term":[{"taxonomy":"product_brand","embeddable":true,"href":"https:\/\/euthanasia.store\/pt\/wp-json\/wp\/v2\/product_brand?post=589"},{"taxonomy":"product_cat","embeddable":true,"href":"https:\/\/euthanasia.store\/pt\/wp-json\/wp\/v2\/product_cat?post=589"},{"taxonomy":"product_tag","embeddable":true,"href":"https:\/\/euthanasia.store\/pt\/wp-json\/wp\/v2\/product_tag?post=589"}],"curies":[{"name":"wp","href":"https:\/\/api.w.org\/{rel}","templated":true}]}}