{"id":530,"date":"2024-07-30T21:19:32","date_gmt":"2024-07-30T21:19:32","guid":{"rendered":"https:\/\/euthanasia.store\/?page_id=530"},"modified":"2024-07-30T22:21:09","modified_gmt":"2024-07-30T22:21:09","slug":"euthanasie-definition","status":"publish","type":"page","link":"https:\/\/euthanasia.store\/pt\/euthanasie-definition\/","title":{"rendered":"OS NOSSOS SERVI\u00c7OS"},"content":{"rendered":"<div id=\"ez-toc-container\" class=\"ez-toc-v2_0_82_2 counter-hierarchy ez-toc-counter ez-toc-grey ez-toc-container-direction\">\n<div class=\"ez-toc-title-container\">\n<p class=\"ez-toc-title\" style=\"cursor:inherit\">\u00cdndice<\/p>\n<span class=\"ez-toc-title-toggle\"><a href=\"#\" class=\"ez-toc-pull-right ez-toc-btn ez-toc-btn-xs ez-toc-btn-default ez-toc-toggle\" aria-label=\"Alternar o \u00edndice\"><span class=\"ez-toc-js-icon-con\"><span class=\"\"><span class=\"eztoc-hide\" style=\"display:none;\">Alternar<\/span><span class=\"ez-toc-icon-toggle-span\"><svg style=\"fill: #999;color:#999\" xmlns=\"http:\/\/www.w3.org\/2000\/svg\" class=\"list-377408\" width=\"20px\" height=\"20px\" viewbox=\"0 0 24 24\" fill=\"none\"><path d=\"M6 6H4v2h2V6zm14 0H8v2h12V6zM4 11h2v2H4v-2zm16 0H8v2h12v-2zM4 16h2v2H4v-2zm16 0H8v2h12v-2z\" fill=\"currentColor\"><\/path><\/svg><svg style=\"fill: #999;color:#999\" class=\"arrow-unsorted-368013\" xmlns=\"http:\/\/www.w3.org\/2000\/svg\" width=\"10px\" height=\"10px\" viewbox=\"0 0 24 24\" version=\"1.2\" baseprofile=\"tiny\"><path d=\"M18.2 9.3l-6.2-6.3-6.2 6.3c-.2.2-.3.4-.3.7s.1.5.3.7c.2.2.4.3.7.3h11c.3 0 .5-.1.7-.3.2-.2.3-.5.3-.7s-.1-.5-.3-.7zM5.8 14.7l6.2 6.3 6.2-6.3c.2-.2.3-.5.3-.7s-.1-.5-.3-.7c-.2-.2-.4-.3-.7-.3h-11c-.3 0-.5.1-.7.3-.2.2-.3.5-.3.7s.1.5.3.7z\"\/><\/svg><\/span><\/span><\/span><\/a><\/span><\/div>\n<nav><ul class='ez-toc-list ez-toc-list-level-1' ><li class='ez-toc-page-1 ez-toc-heading-level-1'><a class=\"ez-toc-link ez-toc-heading-1\" href=\"https:\/\/euthanasia.store\/pt\/euthanasie-definition\/#Uitgebreide_Diensten_Aangeboden_door_Euthanasiastore\" >Servi\u00e7os completos oferecidos por Euthanasia.store<\/a><ul class='ez-toc-list-level-2' ><li class='ez-toc-heading-level-2'><a class=\"ez-toc-link ez-toc-heading-2\" href=\"https:\/\/euthanasia.store\/pt\/euthanasie-definition\/#Euthanasie_Consultatie\" >Consulta sobre a eutan\u00e1sia<\/a><ul class='ez-toc-list-level-3' ><li class='ez-toc-heading-level-3'><a class=\"ez-toc-link ez-toc-heading-3\" href=\"https:\/\/euthanasia.store\/pt\/euthanasie-definition\/#Initiele_Beoordeling\" >Avalia\u00e7\u00e3o inicial<\/a><\/li><li class='ez-toc-page-1 ez-toc-heading-level-3'><a class=\"ez-toc-link ez-toc-heading-4\" href=\"https:\/\/euthanasia.store\/pt\/euthanasie-definition\/#Wettelijke_Vereisten\" >Requisitos legais<\/a><\/li><li class='ez-toc-page-1 ez-toc-heading-level-3'><a class=\"ez-toc-link ez-toc-heading-5\" href=\"https:\/\/euthanasia.store\/pt\/euthanasie-definition\/#Gepersonaliseerde_Zorgplannen\" >Planos de cuidados personalizados<\/a><\/li><\/ul><\/li><li class='ez-toc-page-1 ez-toc-heading-level-2'><a class=\"ez-toc-link ez-toc-heading-6\" href=\"https:\/\/euthanasia.store\/pt\/euthanasie-definition\/#Planning_van_het_Einde_van_het_Leven\" >Planear o fim da vida<\/a><ul class='ez-toc-list-level-3' ><li class='ez-toc-heading-level-3'><a class=\"ez-toc-link ez-toc-heading-7\" href=\"https:\/\/euthanasia.store\/pt\/euthanasie-definition\/#Voorafgaande_Wilsverklaringen\" >Testamentos anteriores<\/a><\/li><li class='ez-toc-page-1 ez-toc-heading-level-3'><a class=\"ez-toc-link ez-toc-heading-8\" href=\"https:\/\/euthanasia.store\/pt\/euthanasie-definition\/#Levenstestamenten\" >Testamentos em vida<\/a><\/li><li class='ez-toc-page-1 ez-toc-heading-level-3'><a class=\"ez-toc-link ez-toc-heading-9\" href=\"https:\/\/euthanasia.store\/pt\/euthanasie-definition\/#Uitvaartplanning\" >Planeamento funer\u00e1rio<\/a><\/li><\/ul><\/li><li class='ez-toc-page-1 ez-toc-heading-level-2'><a class=\"ez-toc-link ez-toc-heading-10\" href=\"https:\/\/euthanasia.store\/pt\/euthanasie-definition\/#Juridische_Bijstand\" >Assist\u00eancia jur\u00eddica<\/a><ul class='ez-toc-list-level-3' ><li class='ez-toc-heading-level-3'><a class=\"ez-toc-link ez-toc-heading-11\" href=\"https:\/\/euthanasia.store\/pt\/euthanasie-definition\/#Ondersteuning_bij_Documentatie\" >Apoio \u00e0 documenta\u00e7\u00e3o<\/a><\/li><li class='ez-toc-page-1 ez-toc-heading-level-3'><a class=\"ez-toc-link ez-toc-heading-12\" href=\"https:\/\/euthanasia.store\/pt\/euthanasie-definition\/#Juridisch_Advies\" >Aconselhamento jur\u00eddico<\/a><\/li><\/ul><\/li><li class='ez-toc-page-1 ez-toc-heading-level-2'><a class=\"ez-toc-link ez-toc-heading-13\" href=\"https:\/\/euthanasia.store\/pt\/euthanasie-definition\/#Psychologische_Ondersteuning\" >Apoio psicol\u00f3gico<\/a><ul class='ez-toc-list-level-3' ><li class='ez-toc-heading-level-3'><a class=\"ez-toc-link ez-toc-heading-14\" href=\"https:\/\/euthanasia.store\/pt\/euthanasie-definition\/#Counseling_Diensten\" >Servi\u00e7os de aconselhamento<\/a><\/li><li class='ez-toc-page-1 ez-toc-heading-level-3'><a class=\"ez-toc-link ez-toc-heading-15\" href=\"https:\/\/euthanasia.store\/pt\/euthanasie-definition\/#Rouwbegeleiding\" >Aconselhamento sobre o luto<\/a><\/li><\/ul><\/li><li class='ez-toc-page-1 ez-toc-heading-level-2'><a class=\"ez-toc-link ez-toc-heading-16\" href=\"https:\/\/euthanasia.store\/pt\/euthanasie-definition\/#Conclusie\" >Conclus\u00e3o<\/a><\/li><\/ul><\/li><\/ul><\/nav><\/div>\n<h1 class=\"wp-block-heading\"><span class=\"ez-toc-section\" id=\"Uitgebreide_Diensten_Aangeboden_door_Euthanasiastore\"><\/span>Servi\u00e7os completos oferecidos por Euthanasia.store<span class=\"ez-toc-section-end\"><\/span><\/h1>\n\n\n\n<p>Defini\u00e7\u00e3o de eutan\u00e1sia, Na Euthanasia.store, compreendemos a natureza profunda e sens\u00edvel das decis\u00f5es de fim de vida. A nossa miss\u00e3o \u00e9 prestar servi\u00e7os compassivos, \u00e9ticos e em conformidade com a lei a pessoas que procuram um fim digno para o seu sofrimento. Este artigo descreve a vasta gama de servi\u00e7os que oferecemos, garantindo que os nossos clientes e as suas fam\u00edlias s\u00e3o apoiados em todas as etapas do processo.<\/p>\n\n\n\n<h2 class=\"wp-block-heading\"><span class=\"ez-toc-section\" id=\"Euthanasie_Consultatie\"><\/span>Consulta sobre a eutan\u00e1sia<span class=\"ez-toc-section-end\"><\/span><\/h2>\n\n\n\n<h3 class=\"wp-block-heading\"><span class=\"ez-toc-section\" id=\"Initiele_Beoordeling\"><\/span>Avalia\u00e7\u00e3o inicial<span class=\"ez-toc-section-end\"><\/span><\/h3>\n\n\n\n<p>A avalia\u00e7\u00e3o inicial \u00e9 o primeiro passo do nosso processo de consulta sobre a eutan\u00e1sia. Esta avalia\u00e7\u00e3o exaustiva destina-se a compreender o estado cl\u00ednico do cliente, os seus desejos pessoais e a sua aptid\u00e3o para a eutan\u00e1sia, de acordo com a legisla\u00e7\u00e3o aplic\u00e1vel. Defini\u00e7\u00e3o de eutan\u00e1sia<\/p>\n\n\n\n<ol class=\"wp-block-list\">\n<li><strong>Historial m\u00e9dico<\/strong>A nossa equipa m\u00e9dica procede a uma an\u00e1lise exaustiva do processo cl\u00ednico do paciente.<\/li>\n\n\n\n<li><strong>Exame f\u00edsico<\/strong>Exame f\u00edsico completo para avaliar o estado de sa\u00fade atual do paciente.<\/li>\n\n\n\n<li><strong>Avalia\u00e7\u00e3o psicol\u00f3gica<\/strong>Avalia\u00e7\u00e3o para garantir que o paciente \u00e9 capaz de tomar uma decis\u00e3o informada sobre a eutan\u00e1sia.<\/li>\n<\/ol>\n\n\n\n<figure class=\"wp-block-table\"><table class=\"has-fixed-layout\"><thead><tr><th><strong>Sec\u00e7\u00e3o de avalia\u00e7\u00e3o<\/strong><\/th><th><strong>Detalhes<\/strong><\/th><\/tr><\/thead><tbody><tr><td>Historial m\u00e9dico<\/td><td>Avalia\u00e7\u00e3o das condi\u00e7\u00f5es m\u00e9dicas passadas e actuais<\/td><\/tr><tr><td>Exame f\u00edsico<\/td><td>Exame de sa\u00fade exaustivo<\/td><\/tr><tr><td>Avalia\u00e7\u00e3o psicol\u00f3gica<\/td><td>Avalia\u00e7\u00e3o da sa\u00fade mental e da capacidade de decis\u00e3o<\/td><\/tr><\/tbody><\/table><\/figure>\n\n\n\n<h3 class=\"wp-block-heading\"><span class=\"ez-toc-section\" id=\"Wettelijke_Vereisten\"><\/span>Requisitos legais<span class=\"ez-toc-section-end\"><\/span><\/h3>\n\n\n\n<p>A compreens\u00e3o e o cumprimento dos requisitos legais s\u00e3o cruciais para a <a href=\"https:\/\/www.youtube.com\/watch?v=eo8Hn0DEcpw\" target=\"_blank\" rel=\"noopener\">processo de eutan\u00e1sia<\/a>. Asseguramos o cumprimento integral de todos os quadros jur\u00eddicos.<\/p>\n\n\n\n<ol class=\"wp-block-list\">\n<li><strong>Crit\u00e9rios de elegibilidade<\/strong>Verifica\u00e7\u00e3o da elegibilidade dos pacientes com base na legisla\u00e7\u00e3o local e nacional.<\/li>\n\n\n\n<li><strong>Formul\u00e1rios de consentimento<\/strong>Formul\u00e1rios de consentimento pormenorizados que devem ser preenchidos pelo paciente e, em alguns casos, pelos membros da fam\u00edlia.<\/li>\n\n\n\n<li><strong>Documenta\u00e7\u00e3o<\/strong>Recolha e apresenta\u00e7\u00e3o dos documentos legais necess\u00e1rios \u00e0s autoridades competentes. Defini\u00e7\u00e3o de eutan\u00e1sia<\/li>\n<\/ol>\n\n\n\n<h3 class=\"wp-block-heading\"><span class=\"ez-toc-section\" id=\"Gepersonaliseerde_Zorgplannen\"><\/span>Planos de cuidados personalizados<span class=\"ez-toc-section-end\"><\/span><\/h3>\n\n\n\n<p>Cada doente recebe um plano de cuidados personalizado, adaptado \u00e0s suas necessidades e desejos \u00fanicos. Este plano inclui:<\/p>\n\n\n\n<ol class=\"wp-block-list\">\n<li><strong>Gest\u00e3o da dor<\/strong>Estrat\u00e9gias para gerir a dor e o desconforto.<\/li>\n\n\n\n<li><strong>Apoio emocional<\/strong>: Servi\u00e7os de aconselhamento e de apoio ao doente e \u00e0 fam\u00edlia.<\/li>\n\n\n\n<li><strong>Desejos no fim da vida<\/strong>Eutan\u00e1sia: Documenta\u00e7\u00e3o dos desejos espec\u00edficos do paciente relativamente aos seus cuidados no fim da vida. Defini\u00e7\u00e3o de eutan\u00e1sia<\/li>\n<\/ol>\n\n\n\n<figure class=\"wp-block-table\"><table class=\"has-fixed-layout\"><thead><tr><th><strong>Plano de cuidados parciais<\/strong><\/th><th><strong>Detalhes<\/strong><\/th><\/tr><\/thead><tbody><tr><td>Gest\u00e3o da dor<\/td><td>Medicamentos e terapias para o controlo da dor<\/td><\/tr><tr><td>Apoio emocional<\/td><td>Sess\u00f5es de aconselhamento para o doente e a fam\u00edlia<\/td><\/tr><tr><td>Desejos no fim da vida<\/td><td>Documenta\u00e7\u00e3o das prefer\u00eancias espec\u00edficas para os cuidados no fim da vida<\/td><\/tr><\/tbody><\/table><\/figure>\n\n\n\n<h2 class=\"wp-block-heading\"><span class=\"ez-toc-section\" id=\"Planning_van_het_Einde_van_het_Leven\"><\/span>Planear o fim da vida<span class=\"ez-toc-section-end\"><\/span><\/h2>\n\n\n\n<h3 class=\"wp-block-heading\"><span class=\"ez-toc-section\" id=\"Voorafgaande_Wilsverklaringen\"><\/span>Testamentos anteriores<span class=\"ez-toc-section-end\"><\/span><\/h3>\n\n\n\n<p>Os testamentos pr\u00e9vios s\u00e3o documentos legais que especificam as prefer\u00eancias de um doente relativamente a um tratamento m\u00e9dico no caso de este j\u00e1 n\u00e3o ser capaz de comunicar as suas decis\u00f5es.<\/p>\n\n\n\n<ol class=\"wp-block-list\">\n<li><strong>Procurador de cuidados<\/strong>: Nomea\u00e7\u00e3o de uma pessoa de confian\u00e7a para tomar decis\u00f5es em mat\u00e9ria de cuidados de sa\u00fade em nome do doente.<\/li>\n\n\n\n<li><strong>Testamento vital<\/strong>Eutan\u00e1sia: Documenta\u00e7\u00e3o dos tipos de tratamento m\u00e9dico que o paciente quer ou n\u00e3o quer receber.Defini\u00e7\u00e3o de eutan\u00e1sia<\/li>\n<\/ol>\n\n\n\n<h3 class=\"wp-block-heading\"><span class=\"ez-toc-section\" id=\"Levenstestamenten\"><\/span>Testamentos em vida<span class=\"ez-toc-section-end\"><\/span><\/h3>\n\n\n\n<p>Um testamento vital \u00e9 um documento crucial que descreve os desejos de um doente relativamente a um tratamento m\u00e9dico quando este j\u00e1 n\u00e3o for capaz de comunicar as suas decis\u00f5es.<\/p>\n\n\n\n<ol class=\"wp-block-list\">\n<li><strong>Prefer\u00eancias de tratamento<\/strong>Prefer\u00eancias pormenorizadas por tratamentos que prolongam a vida, como a reanima\u00e7\u00e3o e a ventila\u00e7\u00e3o mec\u00e2nica.<\/li>\n\n\n\n<li><strong>Cuidados de conforto<\/strong>Especifica\u00e7\u00f5es para os cuidados paliativos e a gest\u00e3o da dor.<\/li>\n<\/ol>\n\n\n\n<h3 class=\"wp-block-heading\"><span class=\"ez-toc-section\" id=\"Uitvaartplanning\"><\/span>Planeamento funer\u00e1rio<span class=\"ez-toc-section-end\"><\/span><\/h3>\n\n\n\n<p>Oferecemos servi\u00e7os completos de planeamento funer\u00e1rio para ajudar as fam\u00edlias a prepararem-se para a inevitabilidade da morte.<\/p>\n\n\n\n<ol class=\"wp-block-list\">\n<li><strong>Organiza\u00e7\u00e3o do funeral<\/strong>: Coordena\u00e7\u00e3o dos servi\u00e7os funer\u00e1rios de acordo com a vontade do paciente.<\/li>\n\n\n\n<li><strong>Servi\u00e7os f\u00fanebres<\/strong>: Planifica\u00e7\u00e3o e organiza\u00e7\u00e3o de cerim\u00f3nias f\u00fanebres em honra do defunto.<\/li>\n<\/ol>\n\n\n\n<figure class=\"wp-block-table\"><table class=\"has-fixed-layout\"><thead><tr><th><strong>Planeamento de componentes<\/strong><\/th><th><strong>Detalhes<\/strong><\/th><\/tr><\/thead><tbody><tr><td>Organiza\u00e7\u00e3o do funeral<\/td><td>Coordena\u00e7\u00e3o de servi\u00e7os e cerim\u00f3nias<\/td><\/tr><tr><td>Servi\u00e7os f\u00fanebres<\/td><td>Planeamento de cerim\u00f3nias f\u00fanebres e homenagens<\/td><\/tr><\/tbody><\/table><\/figure>\n\n\n\n<h2 class=\"wp-block-heading\"><span class=\"ez-toc-section\" id=\"Juridische_Bijstand\"><\/span>Assist\u00eancia jur\u00eddica<span class=\"ez-toc-section-end\"><\/span><\/h2>\n\n\n\n<h3 class=\"wp-block-heading\"><span class=\"ez-toc-section\" id=\"Ondersteuning_bij_Documentatie\"><\/span>Apoio \u00e0 documenta\u00e7\u00e3o<span class=\"ez-toc-section-end\"><\/span><\/h3>\n\n\n\n<p>Navegar pelos aspectos jur\u00eddicos de <a href=\"https:\/\/euthanasia.store\/pt\/\">eutan\u00e1sia<\/a> pode ser complexo. Fornecemos apoio documental abrangente para garantir que todos os requisitos legais s\u00e3o cumpridos.<\/p>\n\n\n\n<ol class=\"wp-block-list\">\n<li><strong>Prepara\u00e7\u00e3o do formul\u00e1rio<\/strong>Assist\u00eancia na prepara\u00e7\u00e3o e apresenta\u00e7\u00e3o de todos os formul\u00e1rios legais necess\u00e1rios.<\/li>\n\n\n\n<li><strong>Administra\u00e7\u00e3o<\/strong>: Armazenamento e gest\u00e3o seguros de todos os documentos jur\u00eddicos.<\/li>\n<\/ol>\n\n\n\n<h3 class=\"wp-block-heading\"><span class=\"ez-toc-section\" id=\"Juridisch_Advies\"><\/span>Aconselhamento jur\u00eddico<span class=\"ez-toc-section-end\"><\/span><\/h3>\n\n\n\n<p>A nossa equipa jur\u00eddica oferece aconselhamento especializado para orientar os doentes e as suas fam\u00edlias no processo legal da eutan\u00e1sia.<\/p>\n\n\n\n<ol class=\"wp-block-list\">\n<li><strong>Consultas<\/strong>Consultas jur\u00eddicas para discutir os direitos e as op\u00e7\u00f5es dos pacientes.<\/li>\n\n\n\n<li><strong>Representa\u00e7\u00e3o<\/strong>Representa\u00e7\u00e3o jur\u00eddica em processos ou audi\u00eancias necess\u00e1rios.<\/li>\n<\/ol>\n\n\n\n<figure class=\"wp-block-table\"><table class=\"has-fixed-layout\"><thead><tr><th><strong>Servi\u00e7o jur\u00eddico<\/strong><\/th><th><strong>Detalhes<\/strong><\/th><\/tr><\/thead><tbody><tr><td>Apoio \u00e0 documenta\u00e7\u00e3o<\/td><td>Ajuda com os formul\u00e1rios legais e o arquivo<\/td><\/tr><tr><td>Aconselhamento jur\u00eddico<\/td><td>Consultas e representa\u00e7\u00e3o<\/td><\/tr><\/tbody><\/table><\/figure>\n\n\n\n<h2 class=\"wp-block-heading\"><span class=\"ez-toc-section\" id=\"Psychologische_Ondersteuning\"><\/span>Apoio psicol\u00f3gico<span class=\"ez-toc-section-end\"><\/span><\/h2>\n\n\n\n<h3 class=\"wp-block-heading\"><span class=\"ez-toc-section\" id=\"Counseling_Diensten\"><\/span>Servi\u00e7os de aconselhamento<span class=\"ez-toc-section-end\"><\/span><\/h3>\n\n\n\n<p>Oferecemos servi\u00e7os de aconselhamento abrangentes para apoiar o bem-estar emocional dos pacientes e das suas fam\u00edlias.<\/p>\n\n\n\n<ol class=\"wp-block-list\">\n<li><strong>Aconselhamento individual<\/strong>Sess\u00f5es individuais com um terapeuta qualificado.<\/li>\n\n\n\n<li><strong>Aconselhamento familiar<\/strong>: Sess\u00f5es de apoio aos familiares para lidar com o impacto emocional da eutan\u00e1sia. Defini\u00e7\u00e3o de eutan\u00e1sia<\/li>\n<\/ol>\n\n\n\n<h3 class=\"wp-block-heading\"><span class=\"ez-toc-section\" id=\"Rouwbegeleiding\"><\/span>Aconselhamento sobre o luto<span class=\"ez-toc-section-end\"><\/span><\/h3>\n\n\n\n<p>Ap\u00f3s a morte de um ente querido, os nossos servi\u00e7os de aconselhamento de luto ajudam as fam\u00edlias a lidar com o seu luto.<\/p>\n\n\n\n<ol class=\"wp-block-list\">\n<li><strong>Grupos de apoio<\/strong>Acesso a grupos de apoio onde as fam\u00edlias podem partilhar as suas experi\u00eancias e encontrar conforto.<\/li>\n\n\n\n<li><strong>Aconselhamento sobre o luto<\/strong>: Aconselhamento individual e em grupo para lidar com a perda.<\/li>\n<\/ol>\n\n\n\n<figure class=\"wp-block-table\"><table class=\"has-fixed-layout\"><thead><tr><th><strong>Servi\u00e7o de apoio<\/strong><\/th><th><strong>Detalhes<\/strong><\/th><\/tr><\/thead><tbody><tr><td>Servi\u00e7os de aconselhamento<\/td><td>Sess\u00f5es de aconselhamento individual e familiar<\/td><\/tr><tr><td>Aconselhamento sobre o luto<\/td><td>Grupos de apoio e aconselhamento sobre o luto<\/td><\/tr><\/tbody><\/table><\/figure>\n\n\n\n<h2 class=\"wp-block-heading\"><span class=\"ez-toc-section\" id=\"Conclusie\"><\/span>Conclus\u00e3o<span class=\"ez-toc-section-end\"><\/span><\/h2>\n\n\n\n<p>A Euthanasia.store dedica-se a fornecer uma gama completa de servi\u00e7os para apoiar os indiv\u00edduos e as suas fam\u00edlias durante a jornada do fim da vida. Desde avalia\u00e7\u00f5es iniciais e assist\u00eancia jur\u00eddica a planos de cuidados personalizados e apoio psicol\u00f3gico, garantimos que todos os aspectos desta experi\u00eancia profunda s\u00e3o tratados com a m\u00e1xima compaix\u00e3o e profissionalismo. Para mais informa\u00e7\u00f5es ou para agendar uma consulta, visite o nosso s\u00edtio Web ou contacte-nos diretamente. Defini\u00e7\u00e3o de eutan\u00e1sia<\/p>","protected":false},"excerpt":{"rendered":"<p>Uitgebreide Diensten Aangeboden door Euthanasia.store euthanasie definition, Bij Euthanasia.store begrijpen we de diepgaande en gevoelige aard van beslissingen aan het einde van het leven. Onze missie is om mededogende, ethische en wettelijk conforme diensten te bieden aan individuen die een waardig einde aan hun lijden zoeken. Dit artikel beschrijft het uitgebreide scala aan diensten dat [&hellip;]<\/p>\n","protected":false},"author":1,"featured_media":539,"parent":0,"menu_order":0,"comment_status":"closed","ping_status":"closed","template":"","meta":{"ocean_post_layout":"","ocean_both_sidebars_style":"","ocean_both_sidebars_content_width":0,"ocean_both_sidebars_sidebars_width":0,"ocean_sidebar":"","ocean_second_sidebar":"","ocean_disable_margins":"enable","ocean_add_body_class":"","ocean_shortcode_before_top_bar":"","ocean_shortcode_after_top_bar":"","ocean_shortcode_before_header":"","ocean_shortcode_after_header":"","ocean_has_shortcode":"","ocean_shortcode_after_title":"","ocean_shortcode_before_footer_widgets":"","ocean_shortcode_after_footer_widgets":"","ocean_shortcode_before_footer_bottom":"","ocean_shortcode_after_footer_bottom":"","ocean_display_top_bar":"default","ocean_display_header":"default","ocean_header_style":"","ocean_center_header_left_menu":"","ocean_custom_header_template":"","ocean_custom_logo":0,"ocean_custom_retina_logo":0,"ocean_custom_logo_max_width":0,"ocean_custom_logo_tablet_max_width":0,"ocean_custom_logo_mobile_max_width":0,"ocean_custom_logo_max_height":0,"ocean_custom_logo_tablet_max_height":0,"ocean_custom_logo_mobile_max_height":0,"ocean_header_custom_menu":"","ocean_menu_typo_font_family":"","ocean_menu_typo_font_subset":"","ocean_menu_typo_font_size":0,"ocean_menu_typo_font_size_tablet":0,"ocean_menu_typo_font_size_mobile":0,"ocean_menu_typo_font_size_unit":"px","ocean_menu_typo_font_weight":"","ocean_menu_typo_font_weight_tablet":"","ocean_menu_typo_font_weight_mobile":"","ocean_menu_typo_transform":"","ocean_menu_typo_transform_tablet":"","ocean_menu_typo_transform_mobile":"","ocean_menu_typo_line_height":0,"ocean_menu_typo_line_height_tablet":0,"ocean_menu_typo_line_height_mobile":0,"ocean_menu_typo_line_height_unit":"","ocean_menu_typo_spacing":0,"ocean_menu_typo_spacing_tablet":0,"ocean_menu_typo_spacing_mobile":0,"ocean_menu_typo_spacing_unit":"","ocean_menu_link_color":"","ocean_menu_link_color_hover":"","ocean_menu_link_color_active":"","ocean_menu_link_background":"","ocean_menu_link_hover_background":"","ocean_menu_link_active_background":"","ocean_menu_social_links_bg":"","ocean_menu_social_hover_links_bg":"","ocean_menu_social_links_color":"","ocean_menu_social_hover_links_color":"","ocean_disable_title":"default","ocean_disable_heading":"default","ocean_post_title":"","ocean_post_subheading":"","ocean_post_title_style":"","ocean_post_title_background_color":"","ocean_post_title_background":0,"ocean_post_title_bg_image_position":"","ocean_post_title_bg_image_attachment":"","ocean_post_title_bg_image_repeat":"","ocean_post_title_bg_image_size":"","ocean_post_title_height":0,"ocean_post_title_bg_overlay":0.5,"ocean_post_title_bg_overlay_color":"","ocean_disable_breadcrumbs":"default","ocean_breadcrumbs_color":"","ocean_breadcrumbs_separator_color":"","ocean_breadcrumbs_links_color":"","ocean_breadcrumbs_links_hover_color":"","ocean_display_footer_widgets":"default","ocean_display_footer_bottom":"default","ocean_custom_footer_template":"","footnotes":""},"class_list":["post-530","page","type-page","status-publish","has-post-thumbnail","hentry","entry","has-media","owp-thumbs-layout-horizontal","owp-btn-normal","owp-tabs-layout-horizontal","has-no-thumbnails","has-product-nav"],"jetpack_sharing_enabled":true,"_links":{"self":[{"href":"https:\/\/euthanasia.store\/pt\/wp-json\/wp\/v2\/pages\/530","targetHints":{"allow":["GET"]}}],"collection":[{"href":"https:\/\/euthanasia.store\/pt\/wp-json\/wp\/v2\/pages"}],"about":[{"href":"https:\/\/euthanasia.store\/pt\/wp-json\/wp\/v2\/types\/page"}],"author":[{"embeddable":true,"href":"https:\/\/euthanasia.store\/pt\/wp-json\/wp\/v2\/users\/1"}],"replies":[{"embeddable":true,"href":"https:\/\/euthanasia.store\/pt\/wp-json\/wp\/v2\/comments?post=530"}],"version-history":[{"count":2,"href":"https:\/\/euthanasia.store\/pt\/wp-json\/wp\/v2\/pages\/530\/revisions"}],"predecessor-version":[{"id":541,"href":"https:\/\/euthanasia.store\/pt\/wp-json\/wp\/v2\/pages\/530\/revisions\/541"}],"wp:featuredmedia":[{"embeddable":true,"href":"https:\/\/euthanasia.store\/pt\/wp-json\/wp\/v2\/media\/539"}],"wp:attachment":[{"href":"https:\/\/euthanasia.store\/pt\/wp-json\/wp\/v2\/media?parent=530"}],"curies":[{"name":"wp","href":"https:\/\/api.w.org\/{rel}","templated":true}]}}