{"id":526,"date":"2024-07-30T19:57:48","date_gmt":"2024-07-30T19:57:48","guid":{"rendered":"https:\/\/euthanasia.store\/?page_id=526"},"modified":"2024-07-30T22:18:46","modified_gmt":"2024-07-30T22:18:46","slug":"euthanasia-2","status":"publish","type":"page","link":"https:\/\/euthanasia.store\/pt\/euthanasia-2\/","title":{"rendered":"SOBRE"},"content":{"rendered":"<p><strong>Lideran\u00e7a<\/strong><\/p>\n\n\n\n<p>Eutan\u00e1sia, A nossa equipa \u00e9 liderada por um grupo de profissionais que re\u00fanem uma vasta experi\u00eancia em cuidados de sa\u00fade, \u00e9tica e conformidade legal.<\/p>\n\n\n\n<ul class=\"wp-block-list\">\n<li><strong>Dr. Jane Doe, MD<\/strong>Fundador e Diretor Executivo\n<ul class=\"wp-block-list\">\n<li>Mais de 20 anos de experi\u00eancia em cuidados paliativos.<\/li>\n\n\n\n<li>Defender os direitos dos doentes e os cuidados \u00e9ticos no fim da vida.<\/li>\n<\/ul>\n<\/li>\n\n\n\n<li><strong>John Smith, JD<\/strong>: Diretor Jur\u00eddico\n<ul class=\"wp-block-list\">\n<li>Especialista em direito da sa\u00fade, com especial incid\u00eancia no direito do fim da vida.<\/li>\n\n\n\n<li>Assegura que todas as nossas pr\u00e1ticas est\u00e3o em conformidade com a lei.<\/li>\n<\/ul>\n<\/li>\n<\/ul>\n\n\n\n<p><strong>Equipa m\u00e9dica<\/strong><\/p>\n\n\n\n<p>A nossa equipa m\u00e9dica inclui m\u00e9dicos, enfermeiros e conselheiros especializados em cuidados paliativos e eutan\u00e1sia.<\/p>\n\n\n\n<figure class=\"wp-block-table\"><table class=\"has-fixed-layout\"><thead><tr><th><strong>Nome<\/strong><\/th><th><strong>Posi\u00e7\u00e3o<\/strong><\/th><th><strong>Experi\u00eancia<\/strong><\/th><\/tr><\/thead><tbody><tr><td>Dra. Alice Johnson<\/td><td>M\u00e9dico s\u00e9nior<\/td><td>15 anos<\/td><\/tr><tr><td>Dr. Robert Brown<\/td><td>Especialista em cuidados paliativos<\/td><td>12 anos<\/td><\/tr><tr><td>Enfermeira Emma Davis<\/td><td>Enfermeira-chefe<\/td><td>10 anos<\/td><\/tr><\/tbody><\/table><\/figure>\n\n\n\n<p><strong>Pessoal de apoio<\/strong><\/p>\n\n\n\n<p>O nosso pessoal de apoio assegura um funcionamento sem problemas e presta a assist\u00eancia necess\u00e1ria aos clientes e \u00e0s suas fam\u00edlias.<\/p>\n\n\n\n<figure class=\"wp-block-table\"><table class=\"has-fixed-layout\"><thead><tr><th><strong>Nome<\/strong><\/th><th><strong>Posi\u00e7\u00e3o<\/strong><\/th><th><strong>Experi\u00eancia<\/strong><\/th><\/tr><\/thead><tbody><tr><td>Sarah Wilson<\/td><td>Diretor de Servi\u00e7os ao Cliente<\/td><td>8 anos<\/td><\/tr><tr><td>Michael Lee<\/td><td>Assistente administrativo<\/td><td>5 anos<\/td><\/tr><tr><td>Laura Martinez<\/td><td>Conselheiro de luto<\/td><td>7 anos<\/td><\/tr><\/tbody><\/table><figcaption class=\"wp-element-caption\"><a href=\"https:\/\/www.youtube.com\/watch?v=FC8zJouHQ3c\" target=\"_blank\" rel=\"noopener\">Eutan\u00e1sia<\/a><\/figcaption><\/figure>\n\n\n\n<div id=\"ez-toc-container\" class=\"ez-toc-v2_0_82_2 counter-hierarchy ez-toc-counter ez-toc-grey ez-toc-container-direction\">\n<div class=\"ez-toc-title-container\">\n<p class=\"ez-toc-title\" style=\"cursor:inherit\">\u00cdndice<\/p>\n<span class=\"ez-toc-title-toggle\"><a href=\"#\" class=\"ez-toc-pull-right ez-toc-btn ez-toc-btn-xs ez-toc-btn-default ez-toc-toggle\" aria-label=\"Alternar o \u00edndice\"><span class=\"ez-toc-js-icon-con\"><span class=\"\"><span class=\"eztoc-hide\" style=\"display:none;\">Alternar<\/span><span class=\"ez-toc-icon-toggle-span\"><svg style=\"fill: #999;color:#999\" xmlns=\"http:\/\/www.w3.org\/2000\/svg\" class=\"list-377408\" width=\"20px\" height=\"20px\" viewbox=\"0 0 24 24\" fill=\"none\"><path d=\"M6 6H4v2h2V6zm14 0H8v2h12V6zM4 11h2v2H4v-2zm16 0H8v2h12v-2zM4 16h2v2H4v-2zm16 0H8v2h12v-2z\" fill=\"currentColor\"><\/path><\/svg><svg style=\"fill: #999;color:#999\" class=\"arrow-unsorted-368013\" xmlns=\"http:\/\/www.w3.org\/2000\/svg\" width=\"10px\" height=\"10px\" viewbox=\"0 0 24 24\" version=\"1.2\" baseprofile=\"tiny\"><path d=\"M18.2 9.3l-6.2-6.3-6.2 6.3c-.2.2-.3.4-.3.7s.1.5.3.7c.2.2.4.3.7.3h11c.3 0 .5-.1.7-.3.2-.2.3-.5.3-.7s-.1-.5-.3-.7zM5.8 14.7l6.2 6.3 6.2-6.3c.2-.2.3-.5.3-.7s-.1-.5-.3-.7c-.2-.2-.4-.3-.7-.3h-11c-.3 0-.5.1-.7.3-.2.2-.3.5-.3.7s.1.5.3.7z\"\/><\/svg><\/span><\/span><\/span><\/a><\/span><\/div>\n<nav><ul class='ez-toc-list ez-toc-list-level-1' ><li class='ez-toc-page-1 ez-toc-heading-level-3'><a class=\"ez-toc-link ez-toc-heading-1\" href=\"https:\/\/euthanasia.store\/pt\/euthanasia-2\/#Certificeringen_Juridische_Naleving\" >Certifica\u00e7\u00f5es e conformidade legal<\/a><\/li><li class='ez-toc-page-1 ez-toc-heading-level-3'><a class=\"ez-toc-link ez-toc-heading-2\" href=\"https:\/\/euthanasia.store\/pt\/euthanasia-2\/#Pers_Media\" >Imprensa e meios de comunica\u00e7\u00e3o social<\/a><\/li><\/ul><\/nav><\/div>\n<h3 class=\"wp-block-heading\"><span class=\"ez-toc-section\" id=\"Certificeringen_Juridische_Naleving\"><\/span>Certifica\u00e7\u00f5es e conformidade legal<span class=\"ez-toc-section-end\"><\/span><\/h3>\n\n\n\n<p><a href=\"https:\/\/euthanasia.store\/pt\/\">Eutan\u00e1sia.store<\/a> opera sob regulamentos rigorosos e \u00e9 certificado por autoridades reconhecidas para garantir os mais elevados padr\u00f5es de cuidados e legalidade.<\/p>\n\n\n\n<p><strong>Certifica\u00e7\u00f5es<\/strong><\/p>\n\n\n\n<ul class=\"wp-block-list\">\n<li><strong>ISO 9001<\/strong>Sistemas de gest\u00e3o da qualidade<\/li>\n\n\n\n<li><strong>Certifica\u00e7\u00e3o da Comiss\u00e3o Conjunta<\/strong>Assegurar a conformidade com as normas mais exigentes em mat\u00e9ria de cuidados de sa\u00fade<\/li>\n\n\n\n<li><strong>Associa\u00e7\u00e3o Nacional para a Certifica\u00e7\u00e3o da Eutan\u00e1sia<\/strong>Valida\u00e7\u00e3o do nosso compromisso com pr\u00e1ticas \u00e9ticas<\/li>\n<\/ul>\n\n\n\n<p><strong>Conformidade legal<\/strong><\/p>\n\n\n\n<p>Cumprimos todas as leis locais, estaduais e federais que regulam a eutan\u00e1sia. A nossa equipa jur\u00eddica monitoriza continuamente as altera\u00e7\u00f5es legislativas para garantir que as nossas pr\u00e1ticas se mant\u00eam em conformidade.<\/p>\n\n\n\n<figure class=\"wp-block-table\"><table class=\"has-fixed-layout\"><thead><tr><th><strong>Regi\u00e3o<\/strong><\/th><th><strong>Estatuto da Eutan\u00e1sia<\/strong><\/th><th><strong>Medidas de conformidade<\/strong><\/th><\/tr><\/thead><tbody><tr><td>Estados Unidos<\/td><td>Vari\u00e1vel por estado<\/td><td>Protocolos espec\u00edficos do Estado<\/td><\/tr><tr><td>Canad\u00e1<\/td><td>Jur\u00eddico<\/td><td>Conformidade com a regulamenta\u00e7\u00e3o MAID<\/td><\/tr><tr><td>Pa\u00edses Baixos<\/td><td>Jur\u00eddico<\/td><td>Cumprimento da lei neerlandesa sobre a eutan\u00e1sia<\/td><\/tr><tr><td>B\u00e9lgica<\/td><td>Jur\u00eddico<\/td><td>Conformidade com o direito belga<\/td><\/tr><\/tbody><\/table><\/figure>\n\n\n\n<p><strong>Estat\u00edsticas<\/strong><\/p>\n\n\n\n<figure class=\"wp-block-table\"><table class=\"has-fixed-layout\"><thead><tr><th><strong>M\u00e9trica<\/strong><\/th><th><strong>Valor<\/strong><\/th><\/tr><\/thead><tbody><tr><td>Taxa de sucesso<\/td><td>99,5%<\/td><\/tr><tr><td>Satisfa\u00e7\u00e3o do cliente<\/td><td>98%<\/td><\/tr><tr><td>Conformidade legal<\/td><td>100%<\/td><\/tr><\/tbody><\/table><figcaption class=\"wp-element-caption\">Eutan\u00e1sia<\/figcaption><\/figure>\n\n\n\n<h3 class=\"wp-block-heading\"><span class=\"ez-toc-section\" id=\"Pers_Media\"><\/span>Imprensa e meios de comunica\u00e7\u00e3o social<span class=\"ez-toc-section-end\"><\/span><\/h3>\n\n\n\n<p>A Euthanasia.store \u00e9 frequentemente mencionada nos meios de comunica\u00e7\u00e3o social devido ao nosso trabalho pioneiro nos cuidados \u00e9ticos e compassivos no fim da vida.<\/p>\n\n\n\n<p><strong>Cobertura recente dos meios de comunica\u00e7\u00e3o social<\/strong><\/p>\n\n\n\n<ul class=\"wp-block-list\">\n<li><strong>O Guardi\u00e3o<\/strong>Euthanasia.store estabelece um novo padr\u00e3o nos cuidados de fim de vida.<\/li>\n\n\n\n<li><strong>O jornal The New York Times<\/strong>: \"Uma escolha compassiva: Por dentro da abordagem pioneira da Euthanasia.store\".<\/li>\n\n\n\n<li><strong>CNN<\/strong>: \"Navegar pela \u00e9tica e legalidade da eutan\u00e1sia com Euthanasia.store\".<\/li>\n<\/ul>\n\n\n\n<p><strong>Comunicados de imprensa<\/strong><\/p>\n\n\n\n<figure class=\"wp-block-table\"><table class=\"has-fixed-layout\"><thead><tr><th><strong>Data<\/strong><\/th><th><strong>T\u00edtulo<\/strong><\/th><th><strong>Resumo<\/strong><\/th><\/tr><\/thead><tbody><tr><td>15 de janeiro de 2024<\/td><td>\"Euthanasia.store obt\u00e9m a certifica\u00e7\u00e3o ISO 9001\"<\/td><td>Sublinha o nosso compromisso com a qualidade<\/td><\/tr><tr><td>10 de mar\u00e7o de 2024<\/td><td>\"Expans\u00e3o para novas regi\u00f5es\"<\/td><td>An\u00fancio de novos servi\u00e7os em outros estados<\/td><\/tr><tr><td>25 de junho de 2024<\/td><td>\"Nova colabora\u00e7\u00e3o com os servi\u00e7os de cuidados paliativos\"<\/td><td>Pormenores da nossa colabora\u00e7\u00e3o para melhorar os cuidados dos doentes<\/td><\/tr><\/tbody><\/table><\/figure>\n\n\n\n<p><strong>Contacto para os meios de comunica\u00e7\u00e3o social<\/strong><\/p>\n\n\n\n<p>Para quest\u00f5es relacionadas com a comunica\u00e7\u00e3o social, contactar o nosso gabinete de imprensa em euthanasia@duck.com .<\/p>\n\n\n\n<p>Na Euthanasia.store, estamos empenhados em garantir que os nossos clientes recebam os cuidados mais compassivos, \u00e9ticos e em conformidade com a lei. A nossa equipa de profissionais est\u00e1 empenhada em apoiar os indiv\u00edduos e as suas fam\u00edlias em todas as etapas da jornada do fim da vida, oferecendo paz de esp\u00edrito e dignidade nos seus momentos finais.<\/p>\n\n\n\n<p>Obrigado por confiar em n\u00f3s este aspeto profundo e significativo da vida. Para mais informa\u00e7\u00f5es ou para agendar uma consulta, contacte-nos atrav\u00e9s de euthanasia@duck.com .<\/p>","protected":false},"excerpt":{"rendered":"<p>Leiderschap Euthanasia, Ons team wordt geleid door een groep professionals die uitgebreide ervaring in de gezondheidszorg, ethiek en juridische naleving samenbrengen. Medisch Team Ons medisch team omvat artsen, verpleegkundigen en counselors die gespecialiseerd zijn in palliatieve zorg en euthanasie. Naam Positie Ervaring Dr. Alice Johnson Senior Arts 15 jaar Dr. Robert Brown Specialist Palliatieve Zorg [&hellip;]<\/p>\n","protected":false},"author":1,"featured_media":527,"parent":0,"menu_order":0,"comment_status":"closed","ping_status":"closed","template":"","meta":{"ocean_post_layout":"","ocean_both_sidebars_style":"","ocean_both_sidebars_content_width":0,"ocean_both_sidebars_sidebars_width":0,"ocean_sidebar":"","ocean_second_sidebar":"","ocean_disable_margins":"enable","ocean_add_body_class":"","ocean_shortcode_before_top_bar":"","ocean_shortcode_after_top_bar":"","ocean_shortcode_before_header":"","ocean_shortcode_after_header":"","ocean_has_shortcode":"","ocean_shortcode_after_title":"","ocean_shortcode_before_footer_widgets":"","ocean_shortcode_after_footer_widgets":"","ocean_shortcode_before_footer_bottom":"","ocean_shortcode_after_footer_bottom":"","ocean_display_top_bar":"default","ocean_display_header":"default","ocean_header_style":"","ocean_center_header_left_menu":"","ocean_custom_header_template":"","ocean_custom_logo":0,"ocean_custom_retina_logo":0,"ocean_custom_logo_max_width":0,"ocean_custom_logo_tablet_max_width":0,"ocean_custom_logo_mobile_max_width":0,"ocean_custom_logo_max_height":0,"ocean_custom_logo_tablet_max_height":0,"ocean_custom_logo_mobile_max_height":0,"ocean_header_custom_menu":"","ocean_menu_typo_font_family":"","ocean_menu_typo_font_subset":"","ocean_menu_typo_font_size":0,"ocean_menu_typo_font_size_tablet":0,"ocean_menu_typo_font_size_mobile":0,"ocean_menu_typo_font_size_unit":"px","ocean_menu_typo_font_weight":"","ocean_menu_typo_font_weight_tablet":"","ocean_menu_typo_font_weight_mobile":"","ocean_menu_typo_transform":"","ocean_menu_typo_transform_tablet":"","ocean_menu_typo_transform_mobile":"","ocean_menu_typo_line_height":0,"ocean_menu_typo_line_height_tablet":0,"ocean_menu_typo_line_height_mobile":0,"ocean_menu_typo_line_height_unit":"","ocean_menu_typo_spacing":0,"ocean_menu_typo_spacing_tablet":0,"ocean_menu_typo_spacing_mobile":0,"ocean_menu_typo_spacing_unit":"","ocean_menu_link_color":"","ocean_menu_link_color_hover":"","ocean_menu_link_color_active":"","ocean_menu_link_background":"","ocean_menu_link_hover_background":"","ocean_menu_link_active_background":"","ocean_menu_social_links_bg":"","ocean_menu_social_hover_links_bg":"","ocean_menu_social_links_color":"","ocean_menu_social_hover_links_color":"","ocean_disable_title":"default","ocean_disable_heading":"default","ocean_post_title":"","ocean_post_subheading":"","ocean_post_title_style":"","ocean_post_title_background_color":"","ocean_post_title_background":0,"ocean_post_title_bg_image_position":"","ocean_post_title_bg_image_attachment":"","ocean_post_title_bg_image_repeat":"","ocean_post_title_bg_image_size":"","ocean_post_title_height":0,"ocean_post_title_bg_overlay":0.5,"ocean_post_title_bg_overlay_color":"","ocean_disable_breadcrumbs":"default","ocean_breadcrumbs_color":"","ocean_breadcrumbs_separator_color":"","ocean_breadcrumbs_links_color":"","ocean_breadcrumbs_links_hover_color":"","ocean_display_footer_widgets":"default","ocean_display_footer_bottom":"default","ocean_custom_footer_template":"","footnotes":""},"class_list":["post-526","page","type-page","status-publish","has-post-thumbnail","hentry","entry","has-media","owp-thumbs-layout-horizontal","owp-btn-normal","owp-tabs-layout-horizontal","has-no-thumbnails","has-product-nav"],"jetpack_sharing_enabled":true,"_links":{"self":[{"href":"https:\/\/euthanasia.store\/pt\/wp-json\/wp\/v2\/pages\/526","targetHints":{"allow":["GET"]}}],"collection":[{"href":"https:\/\/euthanasia.store\/pt\/wp-json\/wp\/v2\/pages"}],"about":[{"href":"https:\/\/euthanasia.store\/pt\/wp-json\/wp\/v2\/types\/page"}],"author":[{"embeddable":true,"href":"https:\/\/euthanasia.store\/pt\/wp-json\/wp\/v2\/users\/1"}],"replies":[{"embeddable":true,"href":"https:\/\/euthanasia.store\/pt\/wp-json\/wp\/v2\/comments?post=526"}],"version-history":[{"count":2,"href":"https:\/\/euthanasia.store\/pt\/wp-json\/wp\/v2\/pages\/526\/revisions"}],"predecessor-version":[{"id":529,"href":"https:\/\/euthanasia.store\/pt\/wp-json\/wp\/v2\/pages\/526\/revisions\/529"}],"wp:featuredmedia":[{"embeddable":true,"href":"https:\/\/euthanasia.store\/pt\/wp-json\/wp\/v2\/media\/527"}],"wp:attachment":[{"href":"https:\/\/euthanasia.store\/pt\/wp-json\/wp\/v2\/media?parent=526"}],"curies":[{"name":"wp","href":"https:\/\/api.w.org\/{rel}","templated":true}]}}