{"id":403,"date":"2024-07-30T22:12:20","date_gmt":"2024-07-30T22:12:20","guid":{"rendered":"https:\/\/euthanasia.store\/?page_id=403"},"modified":"2024-07-30T22:19:20","modified_gmt":"2024-07-30T22:19:20","slug":"euthanasies","status":"publish","type":"page","link":"https:\/\/euthanasia.store\/pt\/euthanasies\/","title":{"rendered":"Pol\u00edtica de reembolso e devolu\u00e7\u00e3o"},"content":{"rendered":"<div id=\"ez-toc-container\" class=\"ez-toc-v2_0_82_2 counter-hierarchy ez-toc-counter ez-toc-grey ez-toc-container-direction\">\n<div class=\"ez-toc-title-container\">\n<p class=\"ez-toc-title\" style=\"cursor:inherit\">\u00cdndice<\/p>\n<span class=\"ez-toc-title-toggle\"><a href=\"#\" class=\"ez-toc-pull-right ez-toc-btn ez-toc-btn-xs ez-toc-btn-default ez-toc-toggle\" aria-label=\"Alternar o \u00edndice\"><span class=\"ez-toc-js-icon-con\"><span class=\"\"><span class=\"eztoc-hide\" style=\"display:none;\">Alternar<\/span><span class=\"ez-toc-icon-toggle-span\"><svg style=\"fill: #999;color:#999\" xmlns=\"http:\/\/www.w3.org\/2000\/svg\" class=\"list-377408\" width=\"20px\" height=\"20px\" viewbox=\"0 0 24 24\" fill=\"none\"><path d=\"M6 6H4v2h2V6zm14 0H8v2h12V6zM4 11h2v2H4v-2zm16 0H8v2h12v-2zM4 16h2v2H4v-2zm16 0H8v2h12v-2z\" fill=\"currentColor\"><\/path><\/svg><svg style=\"fill: #999;color:#999\" class=\"arrow-unsorted-368013\" xmlns=\"http:\/\/www.w3.org\/2000\/svg\" width=\"10px\" height=\"10px\" viewbox=\"0 0 24 24\" version=\"1.2\" baseprofile=\"tiny\"><path d=\"M18.2 9.3l-6.2-6.3-6.2 6.3c-.2.2-.3.4-.3.7s.1.5.3.7c.2.2.4.3.7.3h11c.3 0 .5-.1.7-.3.2-.2.3-.5.3-.7s-.1-.5-.3-.7zM5.8 14.7l6.2 6.3 6.2-6.3c.2-.2.3-.5.3-.7s-.1-.5-.3-.7c-.2-.2-.4-.3-.7-.3h-11c-.3 0-.5.1-.7.3-.2.2-.3.5-.3.7s.1.5.3.7z\"\/><\/svg><\/span><\/span><\/span><\/a><\/span><\/div>\n<nav><ul class='ez-toc-list ez-toc-list-level-1' ><li class='ez-toc-page-1 ez-toc-heading-level-3'><a class=\"ez-toc-link ez-toc-heading-1\" href=\"https:\/\/euthanasia.store\/pt\/euthanasies\/#Inleiding\" >Introdu\u00e7\u00e3o<\/a><\/li><li class='ez-toc-page-1 ez-toc-heading-level-3'><a class=\"ez-toc-link ez-toc-heading-2\" href=\"https:\/\/euthanasia.store\/pt\/euthanasies\/#Terugbetalingsbeleid\" >Pol\u00edtica de reembolso<\/a><\/li><li class='ez-toc-page-1 ez-toc-heading-level-3'><a class=\"ez-toc-link ez-toc-heading-3\" href=\"https:\/\/euthanasia.store\/pt\/euthanasies\/#Retourbeleid\" >Pol\u00edtica de devolu\u00e7\u00e3o<\/a><\/li><li class='ez-toc-page-1 ez-toc-heading-level-3'><a class=\"ez-toc-link ez-toc-heading-4\" href=\"https:\/\/euthanasia.store\/pt\/euthanasies\/#Discrete_Levering\" >Entrega discreta<\/a><\/li><li class='ez-toc-page-1 ez-toc-heading-level-3'><a class=\"ez-toc-link ez-toc-heading-5\" href=\"https:\/\/euthanasia.store\/pt\/euthanasies\/#Hoe_een_Terugbetaling_of_Retour_Aanvragen\" >Como pedir um reembolso ou uma devolu\u00e7\u00e3o<\/a><\/li><li class='ez-toc-page-1 ez-toc-heading-level-3'><a class=\"ez-toc-link ez-toc-heading-6\" href=\"https:\/\/euthanasia.store\/pt\/euthanasies\/#Contact_Ons\" >Contactar-nos<\/a><\/li><li class='ez-toc-page-1 ez-toc-heading-level-3'><a class=\"ez-toc-link ez-toc-heading-7\" href=\"https:\/\/euthanasia.store\/pt\/euthanasies\/#Wijzigingen_in_Dit_Beleid\" >Altera\u00e7\u00f5es a esta pol\u00edtica<\/a><\/li><\/ul><\/nav><\/div>\n<h3 class=\"wp-block-heading\"><span class=\"ez-toc-section\" id=\"Inleiding\"><\/span>Introdu\u00e7\u00e3o<span class=\"ez-toc-section-end\"><\/span><\/h3>\n\n\n\n<p>Em <a href=\"https:\/\/euthanasia.store\/pt\/\">euthanasies.store <\/a>a sua privacidade e satisfa\u00e7\u00e3o s\u00e3o fundamentais. A nossa pol\u00edtica de devolu\u00e7\u00f5es e reembolsos foi concebida para resolver os problemas de forma discreta e eficaz. Esta pol\u00edtica descreve a forma como tratamos os reembolsos e as devolu\u00e7\u00f5es, assegurando que todas as entregas e devolu\u00e7\u00f5es s\u00e3o tratadas com a m\u00e1xima confidencialidade. Eutan\u00e1sia<\/p>\n\n\n\n<h3 class=\"wp-block-heading\"><span class=\"ez-toc-section\" id=\"Terugbetalingsbeleid\"><\/span>Pol\u00edtica de reembolso<span class=\"ez-toc-section-end\"><\/span><\/h3>\n\n\n\n<p>Esfor\u00e7amo-nos por garantir que os nossos produtos e servi\u00e7os correspondem \u00e0s suas expectativas. Se tiver algum problema, a nossa pol\u00edtica de reembolso ter\u00e1 todo o prazer em ajudar: Euthanasias<\/p>\n\n\n\n<figure class=\"wp-block-table\"><table class=\"has-fixed-layout\"><thead><tr><th><strong>Estado<\/strong><\/th><th><strong>Pol\u00edtica<\/strong><\/th><\/tr><\/thead><tbody><tr><td><strong>Produtos danificados ou com defeito<\/strong><\/td><td>Se receber um produto danificado ou defeituoso, contacte-nos no prazo de 7 dias para obter uma substitui\u00e7\u00e3o ou reembolso.<\/td><\/tr><tr><td><strong>Artigos incorrectos<\/strong><\/td><td>Se receber um artigo incorreto, informe-nos no prazo de 7 dias para uma substitui\u00e7\u00e3o ou reembolso.<\/td><\/tr><tr><td><strong>Mudan\u00e7a de ideias<\/strong><\/td><td>Devido \u00e0 natureza dos nossos produtos, n\u00e3o efectuamos reembolsos em caso de mudan\u00e7a de opini\u00e3o.<\/td><\/tr><tr><td><strong>Servi\u00e7o n\u00e3o recebido<\/strong><\/td><td>Se um servi\u00e7o n\u00e3o for prestado de acordo com a descri\u00e7\u00e3o, contacte-nos no prazo de 7 dias para obter uma solu\u00e7\u00e3o ou um reembolso.<\/td><\/tr><\/tbody><\/table><\/figure>\n\n\n\n<h3 class=\"wp-block-heading\"><span class=\"ez-toc-section\" id=\"Retourbeleid\"><\/span>Pol\u00edtica de devolu\u00e7\u00e3o<span class=\"ez-toc-section-end\"><\/span><\/h3>\n\n\n\n<p>Compreendemos que as devolu\u00e7\u00f5es podem ser necess\u00e1rias e tratamo-las com discri\u00e7\u00e3o:<\/p>\n\n\n\n<figure class=\"wp-block-table\"><table class=\"has-fixed-layout\"><thead><tr><th><strong>Condi\u00e7\u00e3o de devolu\u00e7\u00e3o<\/strong><\/th><th><strong>Pol\u00edtica<\/strong><\/th><\/tr><\/thead><tbody><tr><td><strong>Embalagens fechadas<\/strong><\/td><td>Se desejar devolver uma encomenda n\u00e3o aberta, contacte-nos no prazo de 7 dias para obter instru\u00e7\u00f5es de devolu\u00e7\u00e3o.<\/td><\/tr><tr><td><strong>Pacotes abertos<\/strong><\/td><td>As devolu\u00e7\u00f5es de embalagens abertas s\u00f3 ser\u00e3o aceites para artigos danificados ou incorrectos.<\/td><\/tr><\/tbody><\/table><\/figure>\n\n\n\n<h3 class=\"wp-block-heading\"><span class=\"ez-toc-section\" id=\"Discrete_Levering\"><\/span>Entrega discreta<span class=\"ez-toc-section-end\"><\/span><\/h3>\n\n\n\n<p>Comprometemo-nos a salvaguardar todas as intera\u00e7\u00f5es connosco com o mais elevado n\u00edvel de confidencialidade:<\/p>\n\n\n\n<figure class=\"wp-block-table\"><table class=\"has-fixed-layout\"><thead><tr><th><strong>Carater\u00edstica<\/strong><\/th><th><strong>Descri\u00e7\u00e3o<\/strong><\/th><\/tr><\/thead><tbody><tr><td><strong>R\u00f3tulos an\u00f3nimos<\/strong><\/td><td>Todos os pacotes s\u00e3o etiquetados com descri\u00e7\u00f5es neutras para proteger a sua privacidade.<\/td><\/tr><tr><td><strong>Embalagem neutra<\/strong><\/td><td>Utilizamos embalagens discretas e n\u00e3o marcadas para garantir a discri\u00e7\u00e3o.<\/td><\/tr><tr><td><strong>Expedi\u00e7\u00e3o confidencial<\/strong><\/td><td>Os pacotes s\u00e3o enviados atrav\u00e9s de m\u00e9todos discretos para garantir a confidencialidade durante a entrega.<\/td><\/tr><\/tbody><\/table><\/figure>\n\n\n\n<h3 class=\"wp-block-heading\"><span class=\"ez-toc-section\" id=\"Hoe_een_Terugbetaling_of_Retour_Aanvragen\"><\/span>Como pedir um reembolso ou uma devolu\u00e7\u00e3o<span class=\"ez-toc-section-end\"><\/span><\/h3>\n\n\n\n<p>Siga estes passos para pedir um reembolso ou iniciar uma devolu\u00e7\u00e3o: <a href=\"https:\/\/www.youtube.com\/watch?v=-Mv-5B8goVk\" target=\"_blank\" rel=\"noopener\">Eutan\u00e1sia<\/a><\/p>\n\n\n\n<figure class=\"wp-block-table\"><table class=\"has-fixed-layout\"><thead><tr><th><strong>Etapa<\/strong><\/th><th><strong>Descri\u00e7\u00e3o<\/strong><\/th><\/tr><\/thead><tbody><tr><td><strong>1. Contactar-nos<\/strong><\/td><td>Envie um e-mail para euthanasia@duck.com ou telefone no prazo de 7 dias ap\u00f3s a rece\u00e7\u00e3o do seu produto ou servi\u00e7o.<\/td><\/tr><tr><td><strong>2. Fornecimento de dados<\/strong><\/td><td>Inclua o n\u00famero da sua encomenda, uma descri\u00e7\u00e3o do problema e a documenta\u00e7\u00e3o relevante.<\/td><\/tr><tr><td><strong>3. Autoriza\u00e7\u00e3o de devolu\u00e7\u00e3o<\/strong><\/td><td>Se for aplic\u00e1vel uma devolu\u00e7\u00e3o, forneceremos instru\u00e7\u00f5es de devolu\u00e7\u00e3o e uma autoriza\u00e7\u00e3o.<\/td><\/tr><tr><td><strong>4. Envio de devolu\u00e7\u00e3o<\/strong><\/td><td>Siga as instru\u00e7\u00f5es fornecidas para devolver a embalagem de forma segura e discreta.<\/td><\/tr><tr><td><strong>5. Processamento<\/strong><\/td><td>Ap\u00f3s a rece\u00e7\u00e3o da embalagem devolvida, processaremos o reembolso ou a substitui\u00e7\u00e3o do produto no prazo de 7 dias \u00fateis.<\/td><\/tr><\/tbody><\/table><\/figure>\n\n\n\n<h3 class=\"wp-block-heading\"><span class=\"ez-toc-section\" id=\"Contact_Ons\"><\/span>Contactar-nos<span class=\"ez-toc-section-end\"><\/span><\/h3>\n\n\n\n<p>Para quest\u00f5es ou para solicitar um reembolso ou devolu\u00e7\u00e3o, contacte-nos:<\/p>\n\n\n\n<figure class=\"wp-block-table\"><table class=\"has-fixed-layout\"><thead><tr><th><strong>M\u00e9todo<\/strong><\/th><th><strong>Dados<\/strong><\/th><\/tr><\/thead><tbody><tr><td><strong>Correio eletr\u00f3nico<\/strong><\/td><td>euthanasia@duck.com<\/td><\/tr><tr><td><strong>Telegrama<\/strong><\/td><td>@euthanasiastore<\/td><\/tr><tr><td><strong>Endere\u00e7o postal<\/strong><\/td><td><\/td><\/tr><\/tbody><\/table><\/figure>\n\n\n\n<h3 class=\"wp-block-heading\"><span class=\"ez-toc-section\" id=\"Wijzigingen_in_Dit_Beleid\"><\/span>Altera\u00e7\u00f5es a esta pol\u00edtica<span class=\"ez-toc-section-end\"><\/span><\/h3>\n\n\n\n<p>Podemos atualizar esta Pol\u00edtica de devolu\u00e7\u00f5es e reembolsos periodicamente para refletir altera\u00e7\u00f5es nas nossas pr\u00e1ticas ou outros motivos operacionais, legais ou regulamentares. As actualiza\u00e7\u00f5es ser\u00e3o publicadas nesta p\u00e1gina com uma \"Data efectiva\" actualizada. Eutan\u00e1sia<\/p>\n\n\n\n<p>Obrigado por ter escolhido Euthanasia.store. Asseguramos que a sua experi\u00eancia connosco \u00e9 t\u00e3o discreta e satisfat\u00f3ria quanto poss\u00edvel.Eutan\u00e1sia<\/p>","protected":false},"excerpt":{"rendered":"<p>Inleiding Bij euthanasies.store staat uw privacy en tevredenheid voorop. Ons Retour- en Terugbetalingsbeleid is ontworpen om problemen discreet en effectief op te lossen. Dit beleid beschrijft hoe wij omgaan met terugbetalingen en retouren, waarbij we ervoor zorgen dat alle leveringen en retouren met de grootste vertrouwelijkheid worden behandeld. Euthanasies Terugbetalingsbeleid Wij streven ernaar ervoor te [&hellip;]<\/p>\n","protected":false},"author":1,"featured_media":547,"parent":0,"menu_order":0,"comment_status":"closed","ping_status":"closed","template":"","meta":{"ocean_post_layout":"","ocean_both_sidebars_style":"","ocean_both_sidebars_content_width":0,"ocean_both_sidebars_sidebars_width":0,"ocean_sidebar":"","ocean_second_sidebar":"","ocean_disable_margins":"enable","ocean_add_body_class":"","ocean_shortcode_before_top_bar":"","ocean_shortcode_after_top_bar":"","ocean_shortcode_before_header":"","ocean_shortcode_after_header":"","ocean_has_shortcode":"","ocean_shortcode_after_title":"","ocean_shortcode_before_footer_widgets":"","ocean_shortcode_after_footer_widgets":"","ocean_shortcode_before_footer_bottom":"","ocean_shortcode_after_footer_bottom":"","ocean_display_top_bar":"default","ocean_display_header":"default","ocean_header_style":"","ocean_center_header_left_menu":"","ocean_custom_header_template":"","ocean_custom_logo":0,"ocean_custom_retina_logo":0,"ocean_custom_logo_max_width":0,"ocean_custom_logo_tablet_max_width":0,"ocean_custom_logo_mobile_max_width":0,"ocean_custom_logo_max_height":0,"ocean_custom_logo_tablet_max_height":0,"ocean_custom_logo_mobile_max_height":0,"ocean_header_custom_menu":"","ocean_menu_typo_font_family":"","ocean_menu_typo_font_subset":"","ocean_menu_typo_font_size":0,"ocean_menu_typo_font_size_tablet":0,"ocean_menu_typo_font_size_mobile":0,"ocean_menu_typo_font_size_unit":"px","ocean_menu_typo_font_weight":"","ocean_menu_typo_font_weight_tablet":"","ocean_menu_typo_font_weight_mobile":"","ocean_menu_typo_transform":"","ocean_menu_typo_transform_tablet":"","ocean_menu_typo_transform_mobile":"","ocean_menu_typo_line_height":0,"ocean_menu_typo_line_height_tablet":0,"ocean_menu_typo_line_height_mobile":0,"ocean_menu_typo_line_height_unit":"","ocean_menu_typo_spacing":0,"ocean_menu_typo_spacing_tablet":0,"ocean_menu_typo_spacing_mobile":0,"ocean_menu_typo_spacing_unit":"","ocean_menu_link_color":"","ocean_menu_link_color_hover":"","ocean_menu_link_color_active":"","ocean_menu_link_background":"","ocean_menu_link_hover_background":"","ocean_menu_link_active_background":"","ocean_menu_social_links_bg":"","ocean_menu_social_hover_links_bg":"","ocean_menu_social_links_color":"","ocean_menu_social_hover_links_color":"","ocean_disable_title":"default","ocean_disable_heading":"default","ocean_post_title":"","ocean_post_subheading":"","ocean_post_title_style":"","ocean_post_title_background_color":"","ocean_post_title_background":0,"ocean_post_title_bg_image_position":"","ocean_post_title_bg_image_attachment":"","ocean_post_title_bg_image_repeat":"","ocean_post_title_bg_image_size":"","ocean_post_title_height":0,"ocean_post_title_bg_overlay":0.5,"ocean_post_title_bg_overlay_color":"","ocean_disable_breadcrumbs":"default","ocean_breadcrumbs_color":"","ocean_breadcrumbs_separator_color":"","ocean_breadcrumbs_links_color":"","ocean_breadcrumbs_links_hover_color":"","ocean_display_footer_widgets":"default","ocean_display_footer_bottom":"default","ocean_custom_footer_template":"","footnotes":""},"class_list":["post-403","page","type-page","status-publish","has-post-thumbnail","hentry","entry","has-media","owp-thumbs-layout-horizontal","owp-btn-normal","owp-tabs-layout-horizontal","has-no-thumbnails","has-product-nav"],"jetpack_sharing_enabled":true,"_links":{"self":[{"href":"https:\/\/euthanasia.store\/pt\/wp-json\/wp\/v2\/pages\/403","targetHints":{"allow":["GET"]}}],"collection":[{"href":"https:\/\/euthanasia.store\/pt\/wp-json\/wp\/v2\/pages"}],"about":[{"href":"https:\/\/euthanasia.store\/pt\/wp-json\/wp\/v2\/types\/page"}],"author":[{"embeddable":true,"href":"https:\/\/euthanasia.store\/pt\/wp-json\/wp\/v2\/users\/1"}],"replies":[{"embeddable":true,"href":"https:\/\/euthanasia.store\/pt\/wp-json\/wp\/v2\/comments?post=403"}],"version-history":[{"count":1,"href":"https:\/\/euthanasia.store\/pt\/wp-json\/wp\/v2\/pages\/403\/revisions"}],"predecessor-version":[{"id":546,"href":"https:\/\/euthanasia.store\/pt\/wp-json\/wp\/v2\/pages\/403\/revisions\/546"}],"wp:featuredmedia":[{"embeddable":true,"href":"https:\/\/euthanasia.store\/pt\/wp-json\/wp\/v2\/media\/547"}],"wp:attachment":[{"href":"https:\/\/euthanasia.store\/pt\/wp-json\/wp\/v2\/media?parent=403"}],"curies":[{"name":"wp","href":"https:\/\/api.w.org\/{rel}","templated":true}]}}