{"id":399,"date":"2024-07-29T16:03:34","date_gmt":"2024-07-29T16:03:34","guid":{"rendered":"https:\/\/euthanasia.store\/shop\/"},"modified":"2026-01-31T08:49:57","modified_gmt":"2026-01-31T08:49:57","slug":"shop","status":"publish","type":"page","link":"https:\/\/euthanasia.store\/pt\/shop\/","title":{"rendered":"Loja"},"content":{"rendered":"<p>lauren <a href=\"https:\/\/euthanasia.store\/pt\/\">Eutan\u00e1sia<\/a>-s\u00e3o concebidos para proporcionar um desfecho calmo e indolor \u00e0s pessoas que sofrem de doen\u00e7as graves e incur\u00e1veis. Estes medicamentos permitem uma transi\u00e7\u00e3o r\u00e1pida e humana, minimizando o desconforto do doente.<\/p>\n\n\n\n<p>Os f\u00e1rmacos comuns para a eutan\u00e1sia incluem os barbit\u00faricos, como o pentobarbital, que s\u00e3o amplamente utilizados nos cuidados humanos e veterin\u00e1rios devido \u00e0 sua capacidade de induzir uma seda\u00e7\u00e3o profunda e uma morte indolor. O tiopental \u00e9 outra op\u00e7\u00e3o, muitas vezes em combina\u00e7\u00e3o com outros medicamentos, para induzir uma inconsci\u00eancia r\u00e1pida, especialmente em cuidados veterin\u00e1rios. O Anjo Euthanasia \u00e9 um medicamento especializado concebido para procedimentos de eutan\u00e1sia eficazes e humanos. Os sedativos tamb\u00e9m s\u00e3o utilizados antes da administra\u00e7\u00e3o dos medicamentos para eutan\u00e1sia para sedar o doente ou o animal, tornando a experi\u00eancia mais confort\u00e1vel e menos stressante.<\/p>","protected":false},"excerpt":{"rendered":"<p>lauren Euthanasie-medicijnen zijn ontworpen om een rustige en pijnloze afloop te bieden voor degenen die lijden aan ernstige, ongeneeslijke aandoeningen. Deze medicijnen zorgen voor een snelle en humane overgang, waardoor het ongemak voor de pati\u00ebnt wordt geminimaliseerd. Veelvoorkomende euthanasie-medicijnen zijn barbituraten zoals Pentobarbital, die veel worden gebruikt in zowel de humane als veterinaire zorg vanwege [&hellip;]<\/p>\n","protected":false},"author":1,"featured_media":0,"parent":0,"menu_order":0,"comment_status":"closed","ping_status":"closed","template":"","meta":{"ocean_post_layout":"","ocean_both_sidebars_style":"","ocean_both_sidebars_content_width":0,"ocean_both_sidebars_sidebars_width":0,"ocean_sidebar":"","ocean_second_sidebar":"","ocean_disable_margins":"enable","ocean_add_body_class":"","ocean_shortcode_before_top_bar":"","ocean_shortcode_after_top_bar":"","ocean_shortcode_before_header":"","ocean_shortcode_after_header":"","ocean_has_shortcode":"","ocean_shortcode_after_title":"","ocean_shortcode_before_footer_widgets":"","ocean_shortcode_after_footer_widgets":"","ocean_shortcode_before_footer_bottom":"","ocean_shortcode_after_footer_bottom":"","ocean_display_top_bar":"default","ocean_display_header":"default","ocean_header_style":"","ocean_center_header_left_menu":"","ocean_custom_header_template":"","ocean_custom_logo":0,"ocean_custom_retina_logo":0,"ocean_custom_logo_max_width":0,"ocean_custom_logo_tablet_max_width":0,"ocean_custom_logo_mobile_max_width":0,"ocean_custom_logo_max_height":0,"ocean_custom_logo_tablet_max_height":0,"ocean_custom_logo_mobile_max_height":0,"ocean_header_custom_menu":"","ocean_menu_typo_font_family":"","ocean_menu_typo_font_subset":"","ocean_menu_typo_font_size":0,"ocean_menu_typo_font_size_tablet":0,"ocean_menu_typo_font_size_mobile":0,"ocean_menu_typo_font_size_unit":"px","ocean_menu_typo_font_weight":"","ocean_menu_typo_font_weight_tablet":"","ocean_menu_typo_font_weight_mobile":"","ocean_menu_typo_transform":"","ocean_menu_typo_transform_tablet":"","ocean_menu_typo_transform_mobile":"","ocean_menu_typo_line_height":0,"ocean_menu_typo_line_height_tablet":0,"ocean_menu_typo_line_height_mobile":0,"ocean_menu_typo_line_height_unit":"","ocean_menu_typo_spacing":0,"ocean_menu_typo_spacing_tablet":0,"ocean_menu_typo_spacing_mobile":0,"ocean_menu_typo_spacing_unit":"","ocean_menu_link_color":"","ocean_menu_link_color_hover":"","ocean_menu_link_color_active":"","ocean_menu_link_background":"","ocean_menu_link_hover_background":"","ocean_menu_link_active_background":"","ocean_menu_social_links_bg":"","ocean_menu_social_hover_links_bg":"","ocean_menu_social_links_color":"","ocean_menu_social_hover_links_color":"","ocean_disable_title":"default","ocean_disable_heading":"default","ocean_post_title":"","ocean_post_subheading":"","ocean_post_title_style":"","ocean_post_title_background_color":"","ocean_post_title_background":0,"ocean_post_title_bg_image_position":"","ocean_post_title_bg_image_attachment":"","ocean_post_title_bg_image_repeat":"","ocean_post_title_bg_image_size":"","ocean_post_title_height":0,"ocean_post_title_bg_overlay":0.5,"ocean_post_title_bg_overlay_color":"","ocean_disable_breadcrumbs":"default","ocean_breadcrumbs_color":"","ocean_breadcrumbs_separator_color":"","ocean_breadcrumbs_links_color":"","ocean_breadcrumbs_links_hover_color":"","ocean_display_footer_widgets":"default","ocean_display_footer_bottom":"default","ocean_custom_footer_template":"","footnotes":""},"class_list":["post-399","page","type-page","status-publish","hentry","entry","owp-thumbs-layout-horizontal","owp-btn-normal","owp-tabs-layout-horizontal","has-no-thumbnails","has-product-nav"],"jetpack_sharing_enabled":true,"_links":{"self":[{"href":"https:\/\/euthanasia.store\/pt\/wp-json\/wp\/v2\/pages\/399","targetHints":{"allow":["GET"]}}],"collection":[{"href":"https:\/\/euthanasia.store\/pt\/wp-json\/wp\/v2\/pages"}],"about":[{"href":"https:\/\/euthanasia.store\/pt\/wp-json\/wp\/v2\/types\/page"}],"author":[{"embeddable":true,"href":"https:\/\/euthanasia.store\/pt\/wp-json\/wp\/v2\/users\/1"}],"replies":[{"embeddable":true,"href":"https:\/\/euthanasia.store\/pt\/wp-json\/wp\/v2\/comments?post=399"}],"version-history":[{"count":2,"href":"https:\/\/euthanasia.store\/pt\/wp-json\/wp\/v2\/pages\/399\/revisions"}],"predecessor-version":[{"id":698,"href":"https:\/\/euthanasia.store\/pt\/wp-json\/wp\/v2\/pages\/399\/revisions\/698"}],"wp:attachment":[{"href":"https:\/\/euthanasia.store\/pt\/wp-json\/wp\/v2\/media?parent=399"}],"curies":[{"name":"wp","href":"https:\/\/api.w.org\/{rel}","templated":true}]}}