{"id":3,"date":"2024-07-27T16:24:10","date_gmt":"2024-07-27T16:24:10","guid":{"rendered":"http:\/\/euthanasia.store\/?page_id=3"},"modified":"2024-07-30T22:19:10","modified_gmt":"2024-07-30T22:19:10","slug":"euthanasie-hund","status":"publish","type":"page","link":"https:\/\/euthanasia.store\/pt\/euthanasie-hund\/","title":{"rendered":"Pol\u00edtica de privacidade"},"content":{"rendered":"<div id=\"ez-toc-container\" class=\"ez-toc-v2_0_82_2 counter-hierarchy ez-toc-counter ez-toc-grey ez-toc-container-direction\">\n<div class=\"ez-toc-title-container\">\n<p class=\"ez-toc-title\" style=\"cursor:inherit\">\u00cdndice<\/p>\n<span class=\"ez-toc-title-toggle\"><a href=\"#\" class=\"ez-toc-pull-right ez-toc-btn ez-toc-btn-xs ez-toc-btn-default ez-toc-toggle\" aria-label=\"Alternar o \u00edndice\"><span class=\"ez-toc-js-icon-con\"><span class=\"\"><span class=\"eztoc-hide\" style=\"display:none;\">Alternar<\/span><span class=\"ez-toc-icon-toggle-span\"><svg style=\"fill: #999;color:#999\" xmlns=\"http:\/\/www.w3.org\/2000\/svg\" class=\"list-377408\" width=\"20px\" height=\"20px\" viewbox=\"0 0 24 24\" fill=\"none\"><path d=\"M6 6H4v2h2V6zm14 0H8v2h12V6zM4 11h2v2H4v-2zm16 0H8v2h12v-2zM4 16h2v2H4v-2zm16 0H8v2h12v-2z\" fill=\"currentColor\"><\/path><\/svg><svg style=\"fill: #999;color:#999\" class=\"arrow-unsorted-368013\" xmlns=\"http:\/\/www.w3.org\/2000\/svg\" width=\"10px\" height=\"10px\" viewbox=\"0 0 24 24\" version=\"1.2\" baseprofile=\"tiny\"><path d=\"M18.2 9.3l-6.2-6.3-6.2 6.3c-.2.2-.3.4-.3.7s.1.5.3.7c.2.2.4.3.7.3h11c.3 0 .5-.1.7-.3.2-.2.3-.5.3-.7s-.1-.5-.3-.7zM5.8 14.7l6.2 6.3 6.2-6.3c.2-.2.3-.5.3-.7s-.1-.5-.3-.7c-.2-.2-.4-.3-.7-.3h-11c-.3 0-.5.1-.7.3-.2.2-.3.5-.3.7s.1.5.3.7z\"\/><\/svg><\/span><\/span><\/span><\/a><\/span><\/div>\n<nav><ul class='ez-toc-list ez-toc-list-level-1' ><li class='ez-toc-page-1 ez-toc-heading-level-2'><a class=\"ez-toc-link ez-toc-heading-1\" href=\"https:\/\/euthanasia.store\/pt\/euthanasie-hund\/#Inleiding\" >Introdu\u00e7\u00e3o<\/a><ul class='ez-toc-list-level-3' ><li class='ez-toc-heading-level-3'><a class=\"ez-toc-link ez-toc-heading-2\" href=\"https:\/\/euthanasia.store\/pt\/euthanasie-hund\/#Informatie_die_Wij_Niet_Verzamelen\" >Informa\u00e7\u00f5es que n\u00e3o recolhemos<\/a><\/li><li class='ez-toc-page-1 ez-toc-heading-level-3'><a class=\"ez-toc-link ez-toc-heading-3\" href=\"https:\/\/euthanasia.store\/pt\/euthanasie-hund\/#Discrete_Levering\" >Entrega discreta<\/a><\/li><li class='ez-toc-page-1 ez-toc-heading-level-3'><a class=\"ez-toc-link ez-toc-heading-4\" href=\"https:\/\/euthanasia.store\/pt\/euthanasie-hund\/#Beveiliging_van_Uw_Informatie\" >Seguran\u00e7a das suas informa\u00e7\u00f5es<\/a><\/li><li class='ez-toc-page-1 ez-toc-heading-level-3'><a class=\"ez-toc-link ez-toc-heading-5\" href=\"https:\/\/euthanasia.store\/pt\/euthanasie-hund\/#Uw_Privacyrechten\" >Os seus direitos de privacidade<\/a><\/li><li class='ez-toc-page-1 ez-toc-heading-level-3'><a class=\"ez-toc-link ez-toc-heading-6\" href=\"https:\/\/euthanasia.store\/pt\/euthanasie-hund\/#Contact_Met_Ons_Opnemen\" >Contactar-nos<\/a><\/li><li class='ez-toc-page-1 ez-toc-heading-level-3'><a class=\"ez-toc-link ez-toc-heading-7\" href=\"https:\/\/euthanasia.store\/pt\/euthanasie-hund\/#Wijzigingen_in_Dit_Privacybeleid\" >Altera\u00e7\u00f5es a esta Pol\u00edtica de Privacidade<\/a><\/li><\/ul><\/li><\/ul><\/nav><\/div>\n<h2 class=\"wp-block-heading\"><span class=\"ez-toc-section\" id=\"Inleiding\"><\/span>Introdu\u00e7\u00e3o<span class=\"ez-toc-section-end\"><\/span><\/h2>\n\n\n\n<p>Euthanasia hund, Bem-vindo ao <a href=\"https:\/\/euthanasia.store\/pt\/\">Eutan\u00e1sia.store<\/a>. Estamos empenhados na sua privacidade e na confidencialidade das suas informa\u00e7\u00f5es. Esta Pol\u00edtica de Privacidade descreve o nosso compromisso de discri\u00e7\u00e3o e transpar\u00eancia relativamente \u00e0s informa\u00e7\u00f5es que recolhemos e n\u00e3o recolhemos, bem como as nossas pr\u00e1ticas para proteger a sua privacidade. Eutan\u00e1sia<\/p>\n\n\n\n<h3 class=\"wp-block-heading\"><span class=\"ez-toc-section\" id=\"Informatie_die_Wij_Niet_Verzamelen\"><\/span>Informa\u00e7\u00f5es que n\u00e3o recolhemos<span class=\"ez-toc-section-end\"><\/span><\/h3>\n\n\n\n<p>Queremos assegurar-lhe que a sua privacidade \u00e9 a nossa maior prioridade. Na Euthanasia.store, n\u00e3o recolhemos qualquer informa\u00e7\u00e3o pessoal sobre si, o que inclui, mas n\u00e3o se limita a:<\/p>\n\n\n\n<figure class=\"wp-block-table\"><table class=\"has-fixed-layout\"><thead><tr><th>Informa\u00e7\u00f5es de tipo<\/th><th>Descri\u00e7\u00e3o<\/th><\/tr><\/thead><tbody><tr><td><strong>Informa\u00e7\u00f5es pessoais<\/strong><\/td><td>N\u00e3o recolhemos nome, endere\u00e7o de correio eletr\u00f3nico, n\u00famero de telefone, endere\u00e7o postal ou outras informa\u00e7\u00f5es de identifica\u00e7\u00e3o pessoal.<\/td><\/tr><tr><td><strong>Informa\u00e7\u00f5es sobre sa\u00fade<\/strong><\/td><td>N\u00e3o recolhemos o historial m\u00e9dico, prefer\u00eancias de tratamento ou outros dados relacionados com a sa\u00fade.<\/td><\/tr><tr><td><strong>Informa\u00e7\u00f5es sobre o pagamento<\/strong><\/td><td>N\u00e3o armazenamos detalhes de cart\u00f5es de cr\u00e9dito, endere\u00e7os de fatura\u00e7\u00e3o ou outros dados financeiros.<\/td><\/tr><tr><td><strong>Utilizar dados<\/strong><\/td><td>N\u00e3o registamos as suas intera\u00e7\u00f5es com o nosso s\u00edtio Web, como o endere\u00e7o IP, o tipo de browser ou as p\u00e1ginas visitadas.<\/td><\/tr><tr><td><strong>Cookies e dados de rastreio<\/strong><\/td><td>N\u00e3o utilizamos cookies ou outras tecnologias de rastreio para recolher informa\u00e7\u00f5es sobre a sua visita ou utiliza\u00e7\u00e3o.<\/td><\/tr><\/tbody><\/table><\/figure>\n\n\n\n<h3 class=\"wp-block-heading\"><span class=\"ez-toc-section\" id=\"Discrete_Levering\"><\/span>Entrega discreta<span class=\"ez-toc-section-end\"><\/span><\/h3>\n\n\n\n<p>Compreendemos a natureza sens\u00edvel dos nossos servi\u00e7os e estamos empenhados em salvaguardar todas as intera\u00e7\u00f5es connosco com a m\u00e1xima discri\u00e7\u00e3o. Eutan\u00e1sia<\/p>\n\n\n\n<p><strong>Embalagem discreta<\/strong><\/p>\n\n\n\n<figure class=\"wp-block-table\"><table class=\"has-fixed-layout\"><thead><tr><th>Carater\u00edstica<\/th><th>Descri\u00e7\u00e3o<\/th><\/tr><\/thead><tbody><tr><td><strong>R\u00f3tulos an\u00f3nimos<\/strong><\/td><td>Todas as embalagens s\u00e3o rotuladas sem qualquer informa\u00e7\u00e3o de identifica\u00e7\u00e3o relacionada com a eutan\u00e1sia ou com o nosso s\u00edtio Web.<\/td><\/tr><tr><td><strong>Embalagem neutra<\/strong><\/td><td>Utilizamos embalagens discretas e n\u00e3o marcadas para garantir a privacidade.<\/td><\/tr><tr><td><strong>Expedi\u00e7\u00e3o confidencial<\/strong><\/td><td>Trabalhamos com servi\u00e7os de entrega de confian\u00e7a para garantir que a sua encomenda \u00e9 tratada de forma discreta e segura.<\/td><\/tr><\/tbody><\/table><\/figure>\n\n\n\n<h3 class=\"wp-block-heading\"><span class=\"ez-toc-section\" id=\"Beveiliging_van_Uw_Informatie\"><\/span>Seguran\u00e7a das suas informa\u00e7\u00f5es<span class=\"ez-toc-section-end\"><\/span><\/h3>\n\n\n\n<p>Apesar de n\u00e3o recolhermos informa\u00e7\u00f5es pessoais, continuamos a dar prioridade \u00e0 seguran\u00e7a do nosso s\u00edtio Web e dos nossos servi\u00e7os para proteger a sua privacidade. Eutan\u00e1sia hund<\/p>\n\n\n\n<figure class=\"wp-block-table\"><table class=\"has-fixed-layout\"><thead><tr><th>Medida de seguran\u00e7a<\/th><th>Descri\u00e7\u00e3o<\/th><\/tr><\/thead><tbody><tr><td><strong>Transac\u00e7\u00f5es seguras<\/strong><\/td><td>Todos os pagamentos s\u00e3o processados atrav\u00e9s de gateways de pagamento seguros de terceiros que n\u00e3o armazenam as suas informa\u00e7\u00f5es.<\/td><\/tr><tr><td><strong>Encripta\u00e7\u00e3o<\/strong><\/td><td>O nosso s\u00edtio Web utiliza a encripta\u00e7\u00e3o SSL\/TLS para proteger as suas intera\u00e7\u00f5es e transac\u00e7\u00f5es connosco.<\/td><\/tr><tr><td><strong>Controlo de acesso<\/strong><\/td><td>Apenas pessoal autorizado tem acesso aos nossos sistemas para garantir a seguran\u00e7a das suas intera\u00e7\u00f5es.<\/td><\/tr><\/tbody><\/table><\/figure>\n\n\n\n<h3 class=\"wp-block-heading\"><span class=\"ez-toc-section\" id=\"Uw_Privacyrechten\"><\/span>Os seus direitos de privacidade<span class=\"ez-toc-section-end\"><\/span><\/h3>\n\n\n\n<p>Dada a nossa pol\u00edtica de n\u00e3o recolha de informa\u00e7\u00f5es pessoais, existem direitos de privacidade espec\u00edficos que deve conhecer:<\/p>\n\n\n\n<figure class=\"wp-block-table\"><table class=\"has-fixed-layout\"><thead><tr><th>Direto<\/th><th>Descri\u00e7\u00e3o<\/th><\/tr><\/thead><tbody><tr><td><strong>Intera\u00e7\u00e3o an\u00f3nima<\/strong><\/td><td>O utilizador pode interagir com o nosso s\u00edtio Web e os nossos servi\u00e7os sem qualquer informa\u00e7\u00e3o pessoal.<\/td><\/tr><tr><td><strong>Transac\u00e7\u00f5es confidenciais<\/strong><\/td><td>As suas compras e transac\u00e7\u00f5es s\u00e3o realizadas de forma segura e discreta atrav\u00e9s de fornecedores terceiros.<\/td><\/tr><tr><td><strong>Entrega discreta<\/strong><\/td><td>As suas encomendas s\u00e3o entregues em embalagens discretas sem informa\u00e7\u00f5es identific\u00e1veis.<\/td><\/tr><\/tbody><\/table><\/figure>\n\n\n\n<h3 class=\"wp-block-heading\"><span class=\"ez-toc-section\" id=\"Contact_Met_Ons_Opnemen\"><\/span>Contactar-nos<span class=\"ez-toc-section-end\"><\/span><\/h3>\n\n\n\n<p>Se tiver quaisquer quest\u00f5es ou coment\u00e1rios sobre as nossas pr\u00e1ticas de privacidade, n\u00e3o hesite em contactar-nos. Estamos prontos a salvaguardar a sua privacidade e a fornecer-lhe as informa\u00e7\u00f5es de que necessita. <a href=\"https:\/\/www.youtube.com\/watch?v=K0INnZsPyUY\" target=\"_blank\" rel=\"noopener\">Eutan\u00e1sia<\/a> hund<\/p>\n\n\n\n<p><strong>Informa\u00e7\u00f5es de contacto<\/strong><\/p>\n\n\n\n<figure class=\"wp-block-table\"><table class=\"has-fixed-layout\"><thead><tr><th>M\u00e9todo<\/th><th>Dados<\/th><\/tr><\/thead><tbody><tr><td><strong>Correio eletr\u00f3nico<\/strong><\/td><td>euthanasia@duck.com<\/td><\/tr><tr><td><strong>Tele<\/strong>grama<\/td><td>@euthanasiastore<\/td><\/tr><tr><td><strong>Endere\u00e7o postal<\/strong><\/td><td><\/td><\/tr><\/tbody><\/table><\/figure>\n\n\n\n<h3 class=\"wp-block-heading\"><span class=\"ez-toc-section\" id=\"Wijzigingen_in_Dit_Privacybeleid\"><\/span>Altera\u00e7\u00f5es a esta Pol\u00edtica de Privacidade<span class=\"ez-toc-section-end\"><\/span><\/h3>\n\n\n\n<p>Poderemos atualizar a nossa Pol\u00edtica de Privacidade periodicamente para refletir altera\u00e7\u00f5es nas nossas pr\u00e1ticas ou outros motivos operacionais, legais ou regulamentares. Todas as actualiza\u00e7\u00f5es ser\u00e3o publicadas nesta p\u00e1gina com uma \"Data efectiva\" actualizada. Eutan\u00e1sia<\/p>\n\n\n\n<p>A sua privacidade \u00e9 da maior import\u00e2ncia e comprometemo-nos a manter os mais elevados padr\u00f5es de discri\u00e7\u00e3o e seguran\u00e7a. Obrigado por confiar em Euthanasia.store.<\/p>","protected":false},"excerpt":{"rendered":"<p>Inleiding Euthanasie hund, Welkom bij Euthanasia.store. Wij hechten veel waarde aan uw privacy en de vertrouwelijkheid van uw informatie. Dit Privacybeleid schetst onze toewijding aan discretie en transparantie met betrekking tot de informatie die wij wel en niet verzamelen, evenals onze praktijken voor het beschermen van uw privacy. Euthanasie hund Informatie die Wij Niet Verzamelen [&hellip;]<\/p>\n","protected":false},"author":1,"featured_media":544,"parent":0,"menu_order":0,"comment_status":"closed","ping_status":"closed","template":"","meta":{"ocean_post_layout":"","ocean_both_sidebars_style":"","ocean_both_sidebars_content_width":0,"ocean_both_sidebars_sidebars_width":0,"ocean_sidebar":"","ocean_second_sidebar":"","ocean_disable_margins":"enable","ocean_add_body_class":"","ocean_shortcode_before_top_bar":"","ocean_shortcode_after_top_bar":"","ocean_shortcode_before_header":"","ocean_shortcode_after_header":"","ocean_has_shortcode":"","ocean_shortcode_after_title":"","ocean_shortcode_before_footer_widgets":"","ocean_shortcode_after_footer_widgets":"","ocean_shortcode_before_footer_bottom":"","ocean_shortcode_after_footer_bottom":"","ocean_display_top_bar":"default","ocean_display_header":"default","ocean_header_style":"","ocean_center_header_left_menu":"","ocean_custom_header_template":"","ocean_custom_logo":0,"ocean_custom_retina_logo":0,"ocean_custom_logo_max_width":0,"ocean_custom_logo_tablet_max_width":0,"ocean_custom_logo_mobile_max_width":0,"ocean_custom_logo_max_height":0,"ocean_custom_logo_tablet_max_height":0,"ocean_custom_logo_mobile_max_height":0,"ocean_header_custom_menu":"","ocean_menu_typo_font_family":"","ocean_menu_typo_font_subset":"","ocean_menu_typo_font_size":0,"ocean_menu_typo_font_size_tablet":0,"ocean_menu_typo_font_size_mobile":0,"ocean_menu_typo_font_size_unit":"px","ocean_menu_typo_font_weight":"","ocean_menu_typo_font_weight_tablet":"","ocean_menu_typo_font_weight_mobile":"","ocean_menu_typo_transform":"","ocean_menu_typo_transform_tablet":"","ocean_menu_typo_transform_mobile":"","ocean_menu_typo_line_height":0,"ocean_menu_typo_line_height_tablet":0,"ocean_menu_typo_line_height_mobile":0,"ocean_menu_typo_line_height_unit":"","ocean_menu_typo_spacing":0,"ocean_menu_typo_spacing_tablet":0,"ocean_menu_typo_spacing_mobile":0,"ocean_menu_typo_spacing_unit":"","ocean_menu_link_color":"","ocean_menu_link_color_hover":"","ocean_menu_link_color_active":"","ocean_menu_link_background":"","ocean_menu_link_hover_background":"","ocean_menu_link_active_background":"","ocean_menu_social_links_bg":"","ocean_menu_social_hover_links_bg":"","ocean_menu_social_links_color":"","ocean_menu_social_hover_links_color":"","ocean_disable_title":"default","ocean_disable_heading":"default","ocean_post_title":"","ocean_post_subheading":"","ocean_post_title_style":"","ocean_post_title_background_color":"","ocean_post_title_background":0,"ocean_post_title_bg_image_position":"","ocean_post_title_bg_image_attachment":"","ocean_post_title_bg_image_repeat":"","ocean_post_title_bg_image_size":"","ocean_post_title_height":0,"ocean_post_title_bg_overlay":0.5,"ocean_post_title_bg_overlay_color":"","ocean_disable_breadcrumbs":"default","ocean_breadcrumbs_color":"","ocean_breadcrumbs_separator_color":"","ocean_breadcrumbs_links_color":"","ocean_breadcrumbs_links_hover_color":"","ocean_display_footer_widgets":"default","ocean_display_footer_bottom":"default","ocean_custom_footer_template":"","footnotes":""},"class_list":["post-3","page","type-page","status-publish","has-post-thumbnail","hentry","entry","has-media","owp-thumbs-layout-horizontal","owp-btn-normal","owp-tabs-layout-horizontal","has-no-thumbnails","has-product-nav"],"jetpack_sharing_enabled":true,"_links":{"self":[{"href":"https:\/\/euthanasia.store\/pt\/wp-json\/wp\/v2\/pages\/3","targetHints":{"allow":["GET"]}}],"collection":[{"href":"https:\/\/euthanasia.store\/pt\/wp-json\/wp\/v2\/pages"}],"about":[{"href":"https:\/\/euthanasia.store\/pt\/wp-json\/wp\/v2\/types\/page"}],"author":[{"embeddable":true,"href":"https:\/\/euthanasia.store\/pt\/wp-json\/wp\/v2\/users\/1"}],"replies":[{"embeddable":true,"href":"https:\/\/euthanasia.store\/pt\/wp-json\/wp\/v2\/comments?post=3"}],"version-history":[{"count":2,"href":"https:\/\/euthanasia.store\/pt\/wp-json\/wp\/v2\/pages\/3\/revisions"}],"predecessor-version":[{"id":545,"href":"https:\/\/euthanasia.store\/pt\/wp-json\/wp\/v2\/pages\/3\/revisions\/545"}],"wp:featuredmedia":[{"embeddable":true,"href":"https:\/\/euthanasia.store\/pt\/wp-json\/wp\/v2\/media\/544"}],"wp:attachment":[{"href":"https:\/\/euthanasia.store\/pt\/wp-json\/wp\/v2\/media?parent=3"}],"curies":[{"name":"wp","href":"https:\/\/api.w.org\/{rel}","templated":true}]}}