{"id":733,"date":"2024-08-27T06:18:21","date_gmt":"2024-08-27T06:18:21","guid":{"rendered":"https:\/\/euthanasia.store\/?post_type=product&#038;p=733"},"modified":"2025-09-26T10:53:23","modified_gmt":"2025-09-26T10:53:23","slug":"euthanasie-specialist","status":"publish","type":"product","link":"https:\/\/euthanasia.store\/fr\/produit\/euthanasie-specialist\/","title":{"rendered":"Sp\u00e9cialiste de l'euthanasie"},"content":{"rendered":"<h2>Sp\u00e9cialiste de l'euthanasie - Aide \u00e0 l'euthanasie<br \/>\nSp\u00e9cialiste de l'euthanasie<\/h2>\n<h2>Sp\u00e9cialiste de l'euthanasie<\/h2>\n<p><a href=\"https:\/\/euthanasia.store\/fr\/\">Sp\u00e9cialiste de l'euthanasie<\/a> est un choix personnel qui est respect\u00e9 et accept\u00e9 dans de nombreux pays \u00e0 travers le monde. Mais comme nous l'avons d\u00e9j\u00e0 mentionn\u00e9, il s'agit d'un choix personnel et donc d'une d\u00e9cision d\u00e9licate qui n\u00e9cessite de la compr\u00e9hension et de l'aisance pour mener \u00e0 bien la proc\u00e9dure. Parfois, la proc\u00e9dure doit \u00eatre effectu\u00e9e par du personnel v\u00e9rifi\u00e9 et approuv\u00e9, avec un soutien juridique. Cela r\u00e9duit les risques d'\u00e9chec et garantit une grande efficacit\u00e9. Vos derniers instants devraient \u00eatre inestimables et euthanasiagroup souhaite rendre cela possible de toutes les mani\u00e8res possibles.<\/p>\n<p>Il est important de pouvoir r\u00e9aliser tous ses souhaits, surtout dans les derniers jours de sa vie. C'est un honneur de pouvoir r\u00e9aliser tous les souhaits de votre choix et \u00e0 un prix abordable pendant les derniers jours et les derniers instants de la vie d'un \u00eatre humain ou d'un animal.<br \/>\nNous offrons les meilleurs services de derni\u00e8re minute et le meilleur personnel pour r\u00e9pondre \u00e0 tous les souhaits et besoins de nos clients. Selon le pays, les co\u00fbts varient, mais les services sont de premier ordre. Faites le choix de votre vie.<\/p>\n<p>L'assistance \u00e0 l'euthanasie est assur\u00e9e par notre personnel form\u00e9 et exp\u00e9riment\u00e9 dans l'administration d'anesth\u00e9siques et de m\u00e9dicaments d'euthanasie pour les humains et les animaux. Nous veillons \u00e9galement \u00e0 ce que tous les souhaits du client puissent \u00eatre exauc\u00e9s pendant ses derniers instants.<\/p>\n<p>Les services du personnel comprennent l'administration et la supervision \u00e0 temps plein pendant les moments o\u00f9 les produits sont utilis\u00e9s. <a href=\"https:\/\/www.youtube.com\/watch?v=ge05NbgkEwY\" target=\"_blank\" rel=\"noopener\">Nembutal<\/a> et d'autres barbituriques.<\/p>\n<h4>Euthanasie assist\u00e9e, sp\u00e9cialiste de l'euthanasie, anesth\u00e9sie,<\/h4>","protected":false},"excerpt":{"rendered":"<p>L'euthanasie est un choix personnel qui est respect\u00e9 et observ\u00e9 dans de nombreux pays du monde. Mais comme nous l'avons d\u00e9j\u00e0 mentionn\u00e9, il s'agit d'un choix personnel et donc d'une d\u00e9cision d\u00e9licate qui n\u00e9cessite de la compr\u00e9hension et de l'aisance pour aller jusqu'au bout de la proc\u00e9dure. Parfois, la proc\u00e9dure doit \u00eatre effectu\u00e9e par du personnel v\u00e9rifi\u00e9 et approuv\u00e9, avec un soutien juridique. Cela r\u00e9duit les risques d'\u00e9chec et garantit une grande efficacit\u00e9. Vos derniers instants devraient \u00eatre inestimables et euthanasiagroup souhaite rendre cela possible de toutes les mani\u00e8res possibles.<\/p>","protected":false},"featured_media":734,"comment_status":"open","ping_status":"closed","template":"","meta":{"ocean_post_layout":"","ocean_both_sidebars_style":"","ocean_both_sidebars_content_width":0,"ocean_both_sidebars_sidebars_width":0,"ocean_sidebar":"0","ocean_second_sidebar":"0","ocean_disable_margins":"enable","ocean_add_body_class":"","ocean_shortcode_before_top_bar":"","ocean_shortcode_after_top_bar":"","ocean_shortcode_before_header":"","ocean_shortcode_after_header":"","ocean_has_shortcode":"","ocean_shortcode_after_title":"","ocean_shortcode_before_footer_widgets":"","ocean_shortcode_after_footer_widgets":"","ocean_shortcode_before_footer_bottom":"","ocean_shortcode_after_footer_bottom":"","ocean_display_top_bar":"default","ocean_display_header":"default","ocean_header_style":"","ocean_center_header_left_menu":"0","ocean_custom_header_template":"0","ocean_custom_logo":0,"ocean_custom_retina_logo":0,"ocean_custom_logo_max_width":0,"ocean_custom_logo_tablet_max_width":0,"ocean_custom_logo_mobile_max_width":0,"ocean_custom_logo_max_height":0,"ocean_custom_logo_tablet_max_height":0,"ocean_custom_logo_mobile_max_height":0,"ocean_header_custom_menu":"0","ocean_menu_typo_font_family":"0","ocean_menu_typo_font_subset":"","ocean_menu_typo_font_size":0,"ocean_menu_typo_font_size_tablet":0,"ocean_menu_typo_font_size_mobile":0,"ocean_menu_typo_font_size_unit":"px","ocean_menu_typo_font_weight":"","ocean_menu_typo_font_weight_tablet":"","ocean_menu_typo_font_weight_mobile":"","ocean_menu_typo_transform":"","ocean_menu_typo_transform_tablet":"","ocean_menu_typo_transform_mobile":"","ocean_menu_typo_line_height":0,"ocean_menu_typo_line_height_tablet":0,"ocean_menu_typo_line_height_mobile":0,"ocean_menu_typo_line_height_unit":"","ocean_menu_typo_spacing":0,"ocean_menu_typo_spacing_tablet":0,"ocean_menu_typo_spacing_mobile":0,"ocean_menu_typo_spacing_unit":"","ocean_menu_link_color":"","ocean_menu_link_color_hover":"","ocean_menu_link_color_active":"","ocean_menu_link_background":"","ocean_menu_link_hover_background":"","ocean_menu_link_active_background":"","ocean_menu_social_links_bg":"","ocean_menu_social_hover_links_bg":"","ocean_menu_social_links_color":"","ocean_menu_social_hover_links_color":"","ocean_disable_title":"default","ocean_disable_heading":"default","ocean_post_title":"","ocean_post_subheading":"","ocean_post_title_style":"","ocean_post_title_background_color":"","ocean_post_title_background":0,"ocean_post_title_bg_image_position":"","ocean_post_title_bg_image_attachment":"","ocean_post_title_bg_image_repeat":"","ocean_post_title_bg_image_size":"","ocean_post_title_height":0,"ocean_post_title_bg_overlay":0.5,"ocean_post_title_bg_overlay_color":"","ocean_disable_breadcrumbs":"default","ocean_breadcrumbs_color":"","ocean_breadcrumbs_separator_color":"","ocean_breadcrumbs_links_color":"","ocean_breadcrumbs_links_hover_color":"","ocean_display_footer_widgets":"default","ocean_display_footer_bottom":"default","ocean_custom_footer_template":"0"},"product_brand":[],"product_cat":[26],"product_tag":[],"class_list":{"0":"post-733","1":"product","2":"type-product","3":"status-publish","4":"has-post-thumbnail","6":"product_cat-nembutal","8":"entry","9":"has-media","11":"first","12":"instock","13":"sale","14":"shipping-taxable","15":"purchasable","16":"product-type-variable","17":"has-product-nav","18":"col","19":"span_1_of_3","20":"owp-content-center","21":"owp-thumbs-layout-horizontal","22":"owp-btn-normal","23":"owp-tabs-layout-horizontal"},"jetpack_sharing_enabled":true,"_links":{"self":[{"href":"https:\/\/euthanasia.store\/fr\/wp-json\/wp\/v2\/product\/733","targetHints":{"allow":["GET"]}}],"collection":[{"href":"https:\/\/euthanasia.store\/fr\/wp-json\/wp\/v2\/product"}],"about":[{"href":"https:\/\/euthanasia.store\/fr\/wp-json\/wp\/v2\/types\/product"}],"replies":[{"embeddable":true,"href":"https:\/\/euthanasia.store\/fr\/wp-json\/wp\/v2\/comments?post=733"}],"wp:featuredmedia":[{"embeddable":true,"href":"https:\/\/euthanasia.store\/fr\/wp-json\/wp\/v2\/media\/734"}],"wp:attachment":[{"href":"https:\/\/euthanasia.store\/fr\/wp-json\/wp\/v2\/media?parent=733"}],"wp:term":[{"taxonomy":"product_brand","embeddable":true,"href":"https:\/\/euthanasia.store\/fr\/wp-json\/wp\/v2\/product_brand?post=733"},{"taxonomy":"product_cat","embeddable":true,"href":"https:\/\/euthanasia.store\/fr\/wp-json\/wp\/v2\/product_cat?post=733"},{"taxonomy":"product_tag","embeddable":true,"href":"https:\/\/euthanasia.store\/fr\/wp-json\/wp\/v2\/product_tag?post=733"}],"curies":[{"name":"wp","href":"https:\/\/api.w.org\/{rel}","templated":true}]}}