{"id":615,"date":"2024-08-01T00:52:47","date_gmt":"2024-08-01T00:52:47","guid":{"rendered":"https:\/\/euthanasia.store\/?post_type=product&#038;p=615"},"modified":"2026-01-02T09:52:03","modified_gmt":"2026-01-02T09:52:03","slug":"nembutal-poeder","status":"publish","type":"product","link":"https:\/\/euthanasia.store\/fr\/produit\/nembutal-poeder\/","title":{"rendered":"Nembutal en poudre"},"content":{"rendered":"<h3>Acheter Nembutal en poudre : un guide complet<\/h3>\n<p>Si vous vous int\u00e9ressez aux livres ou aux articles sur l'euthanasie, vous avez peut-\u00eatre rencontr\u00e9 le nom Nembutal. <a href=\"https:\/\/euthanasia.store\/fr\/\">Nembutal poudre<\/a> est un m\u00e9dicament appartenant \u00e0 la classe des barbituriques. Dans le pass\u00e9, ce m\u00e9dicament \u00e9tait appr\u00e9ci\u00e9 pour son efficacit\u00e9 dans le traitement des troubles du sommeil ou de l'anxi\u00e9t\u00e9. Cependant, il est important de savoir que le Nembutal est hautement mortel en cas de surdosage. C'est pourquoi il est souvent utilis\u00e9 par des personnes qui veulent se suicider ou subir une euthanasie.<\/p>\n<h3>Qu'est-ce que Nembutal Pentobarbital en poudre ?<\/h3>\n<p>Le Nembutal en poudre appartient au groupe des barbituriques et agit en ralentissant les activit\u00e9s du syst\u00e8me nerveux et du cerveau. Comme indiqu\u00e9 pr\u00e9c\u00e9demment, il est difficile de se procurer le Nembutal en poudre de nos jours. Toutefois, dans les ann\u00e9es 1950 et 1960, il s'agissait d'un m\u00e9dicament populaire pour traiter l'insomnie et il \u00e9tait \u00e9galement connu pour son utilisation dans le traitement des crises d'\u00e9pilepsie et des convulsions.<\/p>\n<table>\n<thead>\n<tr>\n<th><strong>Fonctionnalit\u00e9<\/strong><\/th>\n<th><strong>D\u00e9tails<\/strong><\/th>\n<\/tr>\n<\/thead>\n<tbody>\n<tr>\n<td><strong>Classe de m\u00e9dicaments<\/strong><\/td>\n<td>Barbiturique<\/td>\n<\/tr>\n<tr>\n<td><strong>Utilisation principale<\/strong><\/td>\n<td>Traitement de l'insomnie, s\u00e9dation, euthanasie<\/td>\n<\/tr>\n<tr>\n<td><strong>Risque en cas de surdosage<\/strong><\/td>\n<td>Tr\u00e8s mortel<\/td>\n<\/tr>\n<tr>\n<td><strong>Statut juridique<\/strong><\/td>\n<td>Disponibilit\u00e9 tr\u00e8s limit\u00e9e, selon les pays<\/td>\n<\/tr>\n<\/tbody>\n<\/table>\n<h3>Informations essentielles sur le Nembutal en poudre<\/h3>\n<p>Les personnes allergiques au Nembutal ou \u00e0 des m\u00e9dicaments similaires ne doivent pas utiliser ce m\u00e9dicament. Ce m\u00e9dicament doit \u00e9galement \u00eatre \u00e9vit\u00e9 si vous souffrez de porphyrie, une maladie g\u00e9n\u00e9tique qui affecte la fonction enzymatique et peut affecter le syst\u00e8me nerveux et la peau.<\/p>\n<p>Le Nembutal peut cr\u00e9er une d\u00e9pendance et ne doit \u00eatre utilis\u00e9 que par des personnes munies d'une ordonnance. Le m\u00e9dicament ne doit jamais \u00eatre partag\u00e9 avec d'autres personnes, en particulier celles qui ont des ant\u00e9c\u00e9dents de toxicomanie.<\/p>\n<h3>A quoi sert le Nembutal en poudre ?<\/h3>\n<p>Dans le pass\u00e9, le Nembutal \u00e9tait principalement utilis\u00e9 pour lutter contre les troubles du sommeil. Depuis, la plupart des pays l'ont interdit et l'ont remplac\u00e9 par d'autres somnif\u00e8res, ce qui rend ce m\u00e9dicament rare aujourd'hui. N\u00e9anmoins, le Nembutal est encore utilis\u00e9 dans de nombreux endroits dans le monde. De nombreux laboratoires dans le monde l'utilisent, ainsi que des barbituriques similaires, \u00e0 des fins purement m\u00e9dicales, telles que la s\u00e9dation, l'anesth\u00e9sie des animaux ou les situations d'urgence. Au dosage ad\u00e9quat, le Nembutal peut \u00eatre utilis\u00e9 pour l'euthanasie chez les animaux ou les humains. Le Nembutal est surtout connu pour son utilisation dans le cadre d'un suicide sans douleur.<\/p>\n<table>\n<thead>\n<tr>\n<th><strong>Application<\/strong><\/th>\n<th><strong>D\u00e9tails<\/strong><\/th>\n<\/tr>\n<\/thead>\n<tbody>\n<tr>\n<td><strong>S\u00e9dation<\/strong><\/td>\n<td>Utilis\u00e9 pour calmer les patients, en particulier avant les op\u00e9rations.<\/td>\n<\/tr>\n<tr>\n<td><strong>Traitement de l'insomnie<\/strong><\/td>\n<td>Pour le traitement \u00e0 court terme de l'insomnie s\u00e9v\u00e8re.<\/td>\n<\/tr>\n<tr>\n<td><strong>Euthanasie<\/strong><\/td>\n<td>Pour une euthanasie sans cruaut\u00e9 chez les humains et les animaux.<\/td>\n<\/tr>\n<tr>\n<td><strong>Anesth\u00e9sie<\/strong><\/td>\n<td>Utilis\u00e9 \u00e0 des doses plus \u00e9lev\u00e9es pour l'induction de l'anesth\u00e9sie.<\/td>\n<\/tr>\n<\/tbody>\n<\/table>\n<h3>Contre-indications et effets secondaires<\/h3>\n<p><strong>Contre-indications :<\/strong> Le Nembutal est d\u00e9conseill\u00e9 aux personnes sensibles aux barbituriques ou souffrant de porphyrie latente.<\/p>\n<p><strong>Effets secondaires :<\/strong> Utilisation excessive de <a href=\"https:\/\/www.youtube.com\/watch?v=6tSw7-UdgFw\" target=\"_blank\" rel=\"noopener\">Nembutal<\/a> peut entra\u00eener des effets secondaires graves. Il s'agit notamment de cauchemars, de vomissements, de naus\u00e9es, de constipation, de maux de t\u00eate ou d'une sensation de gueule de bois. En cas de surdosage, consultez imm\u00e9diatement un m\u00e9decin.<\/p>\n<table>\n<thead>\n<tr>\n<th><strong>Mise \u00e0 jour<\/strong><\/th>\n<th><strong>Sympt\u00f4mes<\/strong><\/th>\n<\/tr>\n<\/thead>\n<tbody>\n<tr>\n<td><strong>Surdose<\/strong><\/td>\n<td>Dilatation des pupilles, \u00e9vanouissement, faible d\u00e9bit urinaire<\/td>\n<\/tr>\n<tr>\n<td><strong>Respiration lente<\/strong><\/td>\n<td>Pouls faible, perte de connaissance, danger de mort<\/td>\n<\/tr>\n<tr>\n<td><strong>Dose l\u00e9tale<\/strong><\/td>\n<td>varie entre 25 et 100 grammes, en fonction de l'\u00e2ge et de l'\u00e9tat de sant\u00e9.<\/td>\n<\/tr>\n<\/tbody>\n<\/table>\n<h3>Ce qu'il faut \u00e9viter lors de l'utilisation de Nembutal<\/h3>\n<p>Si vous avez pris du Nembutal, vous ne devez pas conduire car il affecte vos r\u00e9actions et votre capacit\u00e9 de r\u00e9flexion. L'alcool augmente la somnolence, ce qui peut \u00eatre dangereux, vous devez donc l'\u00e9viter \u00e0 tout moment.<\/p>\n<h3>O\u00f9 peut-on acheter Nembutal ?<\/h3>\n<p>Il n'est pas facile de trouver du Nembutal de nos jours. De nombreuses multinationales pharmaceutiques des pays d\u00e9velopp\u00e9s produisaient la poudre de Nembutal, mais la production a \u00e9t\u00e9 consid\u00e9rablement r\u00e9duite, car d'autres s\u00e9datifs ou tranquillisants ayant moins d'effets secondaires l'ont remplac\u00e9e. Pour acheter du Nembutal aux \u00c9tats-Unis, vous devez obtenir une ordonnance de votre m\u00e9decin. Cependant, chez Euthanasia Group, nous comprenons les besoins de nos clients et nous offrons une solution \u00e0 cet inconv\u00e9nient. Nous sommes les principaux vendeurs de Nembutal et fournissons une poudre de Nembutal de qualit\u00e9 qui vaut son prix.<\/p>\n<table>\n<thead>\n<tr>\n<th><strong>Les avantages d'acheter chez Euthanasia Group<\/strong><\/th>\n<th><strong>D\u00e9tails<\/strong><\/th>\n<\/tr>\n<\/thead>\n<tbody>\n<tr>\n<td><strong>Discret et s\u00fbr<\/strong><\/td>\n<td>Nous offrons un service de livraison s\u00fbr et discret.<\/td>\n<\/tr>\n<tr>\n<td><strong>Livraison mondiale<\/strong><\/td>\n<td>Nous livrons en Europe, aux \u00c9tats-Unis, au Canada, en Australie et en Asie.<\/td>\n<\/tr>\n<tr>\n<td><strong>Exp\u00e9rience<\/strong><\/td>\n<td>Des ann\u00e9es d'exp\u00e9rience dans le commerce du Nembutal.<\/td>\n<\/tr>\n<\/tbody>\n<\/table>\n<h3>Pourquoi acheter chez Euthanasia Group ?<\/h3>\n<p>Nous avons des ann\u00e9es d'exp\u00e9rience dans le commerce du Nembutal et comprenons parfaitement les besoins de nos clients. En outre, nous proposons d'autres barbituriques discr\u00e8tement, dans le monde entier. En achetant la poudre de Nembutal chez nous, vous b\u00e9n\u00e9ficiez d'un avantage en termes de qualit\u00e9 et de service. Contactez-nous d\u00e8s aujourd'hui pour plus d'informations !<\/p>\n<p>Nous livrons en Allemagne, en Autriche, en Suisse, en Belgique, au Luxembourg, au Danemark, en France, en Hongrie et dans toute l'Europe. Nous livrons \u00e9galement aux \u00c9tats-Unis, au Canada, en Australie et dans certaines r\u00e9gions d'Asie et d'Afrique. Pour plus d'informations, veuillez nous contacter.<\/p>\n<h3>Tags<\/h3>\n<p>Acheter de la poudre de Nembutal, de la poudre de barbituriques, de la poudre de pentobarbital sodique.<\/p>","protected":false},"excerpt":{"rendered":"<p>Vous pouvez acheter la poudre pure de pentobarbital de sodium Nembutal en ligne aupr\u00e8s de notre Euthanasia Group, avec la garantie d'une livraison internationale discr\u00e8te. La poudre de Nembutal est disponible en 25, 50, 75 et 100 grammes dans notre boutique.<\/p>","protected":false},"featured_media":833,"comment_status":"open","ping_status":"closed","template":"","meta":{"ocean_post_layout":"","ocean_both_sidebars_style":"","ocean_both_sidebars_content_width":0,"ocean_both_sidebars_sidebars_width":0,"ocean_sidebar":"0","ocean_second_sidebar":"0","ocean_disable_margins":"enable","ocean_add_body_class":"","ocean_shortcode_before_top_bar":"","ocean_shortcode_after_top_bar":"","ocean_shortcode_before_header":"","ocean_shortcode_after_header":"","ocean_has_shortcode":"","ocean_shortcode_after_title":"","ocean_shortcode_before_footer_widgets":"","ocean_shortcode_after_footer_widgets":"","ocean_shortcode_before_footer_bottom":"","ocean_shortcode_after_footer_bottom":"","ocean_display_top_bar":"default","ocean_display_header":"default","ocean_header_style":"","ocean_center_header_left_menu":"0","ocean_custom_header_template":"0","ocean_custom_logo":0,"ocean_custom_retina_logo":0,"ocean_custom_logo_max_width":0,"ocean_custom_logo_tablet_max_width":0,"ocean_custom_logo_mobile_max_width":0,"ocean_custom_logo_max_height":0,"ocean_custom_logo_tablet_max_height":0,"ocean_custom_logo_mobile_max_height":0,"ocean_header_custom_menu":"0","ocean_menu_typo_font_family":"0","ocean_menu_typo_font_subset":"","ocean_menu_typo_font_size":0,"ocean_menu_typo_font_size_tablet":0,"ocean_menu_typo_font_size_mobile":0,"ocean_menu_typo_font_size_unit":"px","ocean_menu_typo_font_weight":"","ocean_menu_typo_font_weight_tablet":"","ocean_menu_typo_font_weight_mobile":"","ocean_menu_typo_transform":"","ocean_menu_typo_transform_tablet":"","ocean_menu_typo_transform_mobile":"","ocean_menu_typo_line_height":0,"ocean_menu_typo_line_height_tablet":0,"ocean_menu_typo_line_height_mobile":0,"ocean_menu_typo_line_height_unit":"","ocean_menu_typo_spacing":0,"ocean_menu_typo_spacing_tablet":0,"ocean_menu_typo_spacing_mobile":0,"ocean_menu_typo_spacing_unit":"","ocean_menu_link_color":"","ocean_menu_link_color_hover":"","ocean_menu_link_color_active":"","ocean_menu_link_background":"","ocean_menu_link_hover_background":"","ocean_menu_link_active_background":"","ocean_menu_social_links_bg":"","ocean_menu_social_hover_links_bg":"","ocean_menu_social_links_color":"","ocean_menu_social_hover_links_color":"","ocean_disable_title":"default","ocean_disable_heading":"default","ocean_post_title":"","ocean_post_subheading":"","ocean_post_title_style":"","ocean_post_title_background_color":"","ocean_post_title_background":0,"ocean_post_title_bg_image_position":"","ocean_post_title_bg_image_attachment":"","ocean_post_title_bg_image_repeat":"","ocean_post_title_bg_image_size":"","ocean_post_title_height":0,"ocean_post_title_bg_overlay":0.5,"ocean_post_title_bg_overlay_color":"","ocean_disable_breadcrumbs":"default","ocean_breadcrumbs_color":"","ocean_breadcrumbs_separator_color":"","ocean_breadcrumbs_links_color":"","ocean_breadcrumbs_links_hover_color":"","ocean_display_footer_widgets":"default","ocean_display_footer_bottom":"default","ocean_custom_footer_template":"0"},"product_brand":[],"product_cat":[26],"product_tag":[],"class_list":{"0":"post-615","1":"product","2":"type-product","3":"status-publish","4":"has-post-thumbnail","6":"product_cat-nembutal","8":"entry","9":"has-media","11":"first","12":"instock","13":"sale","14":"shipping-taxable","15":"purchasable","16":"product-type-variable","17":"has-rating","18":"has-product-nav","19":"col","20":"span_1_of_3","21":"owp-content-center","22":"owp-thumbs-layout-horizontal","23":"owp-btn-normal","24":"owp-tabs-layout-horizontal","25":"has-no-thumbnails"},"jetpack_sharing_enabled":true,"_links":{"self":[{"href":"https:\/\/euthanasia.store\/fr\/wp-json\/wp\/v2\/product\/615","targetHints":{"allow":["GET"]}}],"collection":[{"href":"https:\/\/euthanasia.store\/fr\/wp-json\/wp\/v2\/product"}],"about":[{"href":"https:\/\/euthanasia.store\/fr\/wp-json\/wp\/v2\/types\/product"}],"replies":[{"embeddable":true,"href":"https:\/\/euthanasia.store\/fr\/wp-json\/wp\/v2\/comments?post=615"}],"wp:featuredmedia":[{"embeddable":true,"href":"https:\/\/euthanasia.store\/fr\/wp-json\/wp\/v2\/media\/833"}],"wp:attachment":[{"href":"https:\/\/euthanasia.store\/fr\/wp-json\/wp\/v2\/media?parent=615"}],"wp:term":[{"taxonomy":"product_brand","embeddable":true,"href":"https:\/\/euthanasia.store\/fr\/wp-json\/wp\/v2\/product_brand?post=615"},{"taxonomy":"product_cat","embeddable":true,"href":"https:\/\/euthanasia.store\/fr\/wp-json\/wp\/v2\/product_cat?post=615"},{"taxonomy":"product_tag","embeddable":true,"href":"https:\/\/euthanasia.store\/fr\/wp-json\/wp\/v2\/product_tag?post=615"}],"curies":[{"name":"wp","href":"https:\/\/api.w.org\/{rel}","templated":true}]}}