{"id":589,"date":"2024-07-31T14:19:51","date_gmt":"2024-07-31T14:19:51","guid":{"rendered":"https:\/\/euthanasia.store\/?post_type=product&#038;p=589"},"modified":"2025-09-26T10:53:36","modified_gmt":"2025-09-26T10:53:36","slug":"nembutal-kopen","status":"publish","type":"product","link":"https:\/\/euthanasia.store\/fr\/produit\/nembutal-kopen\/","title":{"rendered":"Acheter Nembutal"},"content":{"rendered":"<h1>Guide complet sur les injections de Nembutal<\/h1>\n<p>Le Nembutal, \u00e9galement connu sous le nom de pentobarbital, est un barbiturique qui a \u00e9t\u00e9 utilis\u00e9 historiquement \u00e0 diverses fins m\u00e9dicales, notamment comme anesth\u00e9sique et s\u00e9datif. Aujourd'hui, il est surtout connu pour son utilisation dans l'euthanasie et le suicide assist\u00e9. Dans cet article, nous proposons un guide complet sur les injections de Nembutal, y compris leurs utilisations, leurs effets, leur statut juridique et leurs consid\u00e9rations \u00e9thiques. <a href=\"https:\/\/euthanasia.store\/fr\/\"><span class=\"___SText_lyret-kmt_\" data-ui-name=\"Link.Text\">acheter nembutal<\/span><\/a><\/p>\n<h2>Qu'est-ce que le Nembutal ?<\/h2>\n<p>Nembutal est le nom commercial du pentobarbital sodique, un barbiturique synth\u00e9tis\u00e9 pour la premi\u00e8re fois au d\u00e9but du 20e si\u00e8cle. Les barbituriques agissent comme des d\u00e9presseurs du syst\u00e8me nerveux central, ce qui signifie qu'ils ralentissent l'activit\u00e9 c\u00e9r\u00e9brale, entra\u00eenant la s\u00e9dation, le sommeil et, \u00e0 des doses plus \u00e9lev\u00e9es, l'anesth\u00e9sie ou la mort. <span class=\"___SText_lyret-kmt_\" data-ui-name=\"Link.Text\">acheter nembutal<\/span><\/p>\n<h3>Applications m\u00e9dicales du Nembutal<\/h3>\n<p>Le Nembutal a \u00e9t\u00e9 historiquement utilis\u00e9 \u00e0 diverses fins m\u00e9dicales :<\/p>\n<ol>\n<li><strong>S\u00e9dation<\/strong>Les patients peuvent \u00eatre calm\u00e9s avant l'intervention chirurgicale.<\/li>\n<li><strong>Anesth\u00e9sie<\/strong>: Comme anesth\u00e9sique en chirurgie.<\/li>\n<li><strong>Epilepsie<\/strong>Traitement d'urgence de certains types de crises d'\u00e9pilepsie : Pour le traitement d'urgence de certains types de crises d'\u00e9pilepsie.<\/li>\n<li><strong>Euthanasie et suicide assist\u00e9<\/strong>: Provoquer la mort d'une mani\u00e8re contr\u00f4l\u00e9e et indolore. <span class=\"___SText_lyret-kmt_\" data-ui-name=\"Link.Text\">acheter nembutal<\/span><\/li>\n<\/ol>\n<table>\n<thead>\n<tr>\n<th><strong>Application m\u00e9dicale<\/strong><\/th>\n<th><strong>D\u00e9tails<\/strong><\/th>\n<\/tr>\n<\/thead>\n<tbody>\n<tr>\n<td>S\u00e9dation<\/td>\n<td>Calmer les patients avant l'op\u00e9ration<\/td>\n<\/tr>\n<tr>\n<td>Anesth\u00e9sie<\/td>\n<td>Utilisation comme anesth\u00e9sique en chirurgie<\/td>\n<\/tr>\n<tr>\n<td>Epilepsie<\/td>\n<td>Traitement d'urgence des crises d'\u00e9pilepsie non contr\u00f4l\u00e9es par d'autres m\u00e9dicaments<\/td>\n<\/tr>\n<tr>\n<td>Euthanasie et suicide assist\u00e9<\/td>\n<td>Induire la mort de mani\u00e8re contr\u00f4l\u00e9e et sans douleur dans les situations de fin de vie<\/td>\n<\/tr>\n<\/tbody>\n<\/table>\n<h2>Comment les injections de Nembutal agissent-elles ?<\/h2>\n<p>Le Nembutal agit en augmentant l'activit\u00e9 de l'acide gamma-aminobutyrique (GABA), un neurotransmetteur qui inhibe l'activit\u00e9 des neurones dans le cerveau. En augmentant l'activit\u00e9 du GABA, le Nembutal inhibe le syst\u00e8me nerveux central, ce qui entra\u00eene une s\u00e9dation, une perte de conscience et, \u00e0 fortes doses, un arr\u00eat respiratoire et la mort. <span class=\"___SText_lyret-kmt_\" data-ui-name=\"Link.Text\">acheter nembutal<\/span><\/p>\n<h3>M\u00e9canisme d'action<\/h3>\n<ul>\n<li><strong>Renforcement du GABA<\/strong>: Le Nembutal se lie aux r\u00e9cepteurs GABA du cerveau, ce qui renforce l'effet inhibiteur du GABA et ralentit l'activit\u00e9 c\u00e9r\u00e9brale.<\/li>\n<li><strong>D\u00e9pression du syst\u00e8me nerveux central<\/strong>Le m\u00e9dicament r\u00e9duit l'activit\u00e9 neuronale, entra\u00eenant la s\u00e9dation, l'inconscience et l'arr\u00eat \u00e9ventuel des signes vitaux \u00e0 des doses \u00e9lev\u00e9es.<\/li>\n<li><strong>Arr\u00eat respiratoire<\/strong>: \u00c0 des doses l\u00e9tales, le Nembutal provoque une d\u00e9faillance du syst\u00e8me respiratoire, entra\u00eenant la mort. <span class=\"___SText_lyret-kmt_\" data-ui-name=\"Link.Text\">acheter nembutal<\/span><\/li>\n<\/ul>\n<h3>Dosage et administration<\/h3>\n<p>Pour l'euthanasie, la dose de Nembutal est soigneusement calcul\u00e9e pour assurer une mort paisible et sans douleur. Le m\u00e9dicament est g\u00e9n\u00e9ralement administr\u00e9 par voie intraveineuse, bien que des formulations orales puissent \u00e9galement \u00eatre utilis\u00e9es. La dose l\u00e9tale de Nembutal est g\u00e9n\u00e9ralement comprise entre 2 et 10 grammes, en fonction du poids corporel et de la tol\u00e9rance de la personne. <span class=\"___SText_lyret-kmt_\" data-ui-name=\"Link.Text\">acheter nembutal<\/span><\/p>\n<table>\n<thead>\n<tr>\n<th><strong>Mode d'administration<\/strong><\/th>\n<th><strong>Dosage<\/strong><\/th>\n<th><strong>R\u00e9sultat attendu<\/strong><\/th>\n<\/tr>\n<\/thead>\n<tbody>\n<tr>\n<td>Injection intraveineuse<\/td>\n<td>2-10 grammes<\/td>\n<td>Perte de conscience, arr\u00eat respiratoire, d\u00e9c\u00e8s<\/td>\n<\/tr>\n<tr>\n<td>Prise orale<\/td>\n<td>2-10 grammes (poudre ou liquide)<\/td>\n<td>Perte de conscience, arr\u00eat respiratoire, d\u00e9c\u00e8s<\/td>\n<\/tr>\n<\/tbody>\n<\/table>\n<h2>Effets des injections de Nembutal<\/h2>\n<p>Les effets des injections de Nembutal peuvent \u00eatre divis\u00e9s en trois phases :<\/p>\n<ol>\n<li><strong>S\u00e9dation<\/strong>Le patient ressent de la somnolence et de la d\u00e9tente d\u00e8s que le m\u00e9dicament commence \u00e0 agir.<\/li>\n<li><strong>Perte de conscience<\/strong>: En quelques minutes, le patient perd connaissance et tombe dans un \u00e9tat comateux profond.<\/li>\n<li><strong>Arr\u00eat respiratoire et d\u00e9c\u00e8s<\/strong>La respiration du patient finit par ralentir et s'arr\u00eater compl\u00e8tement, ce qui entra\u00eene la mort.<\/li>\n<\/ol>\n<h3>D\u00e9but et dur\u00e9e<\/h3>\n<ul>\n<li><strong>D\u00e9marrage<\/strong>Les effets des injections de Nembutal se manifestent g\u00e9n\u00e9ralement rapidement, avec une perte de conscience dans les 1 \u00e0 5 minutes suivant l'administration.<\/li>\n<li><strong>La dur\u00e9e<\/strong>La mort survient g\u00e9n\u00e9ralement dans les 15 \u00e0 30 minutes suivant l'administration, en fonction de la dose et de l'\u00e9tat physiologique du patient.<\/li>\n<\/ul>\n<table>\n<thead>\n<tr>\n<th><strong>Phase<\/strong><\/th>\n<th><strong>P\u00e9riode de temps<\/strong><\/th>\n<th><strong>Impact<\/strong><\/th>\n<\/tr>\n<\/thead>\n<tbody>\n<tr>\n<td>S\u00e9dation<\/td>\n<td>1-2 minutes<\/td>\n<td>Sommeil, relaxation<\/td>\n<\/tr>\n<tr>\n<td>Perte de conscience<\/td>\n<td>2-5 minutes<\/td>\n<td>Perte de conscience, coma profond<\/td>\n<\/tr>\n<tr>\n<td>Arr\u00eat respiratoire et d\u00e9c\u00e8s<\/td>\n<td>15-30 minutes (apr\u00e8s le d\u00e9part)<\/td>\n<td>Arr\u00eat de la respiration, d\u00e9c\u00e8s<\/td>\n<\/tr>\n<\/tbody>\n<\/table>\n<h2>Statut juridique du Nembutal<\/h2>\n<p>Le statut juridique du Nembutal varie consid\u00e9rablement dans le monde, le m\u00e9dicament \u00e9tant strictement r\u00e9glement\u00e9 ou interdit dans de nombreux pays en raison de son potentiel d'abus et de son utilisation \u00e0 des fins d'euthanasie. <span class=\"___SText_lyret-kmt_\" data-ui-name=\"Link.Text\">acheter nembutal<\/span><\/p>\n<h3>Pays o\u00f9 le Nembutal est autoris\u00e9 pour l'euthanasie<\/h3>\n<p>Dans certains pays, le Nembutal est l\u00e9galement utilis\u00e9 pour <a href=\"https:\/\/www.tiktok.com\/discover\/where-to-buy-nembutal\" target=\"_blank\" rel=\"noopener\">euthanasie<\/a> et le suicide assist\u00e9 dans le cadre d'une r\u00e9glementation stricte. Ces pays ont g\u00e9n\u00e9ralement des lois qui donnent aux patients en phase terminale la possibilit\u00e9 de choisir l'euthanasie comme option de fin de vie.<\/p>\n<ul>\n<li><strong>Pays-Bas<\/strong>: Le Nembutal est l\u00e9galement utilis\u00e9 pour l'euthanasie dans le cadre de directives m\u00e9dicales strictes.<\/li>\n<li><strong>Belgique<\/strong>L'euthanasie est l\u00e9gale et le Nembutal est un m\u00e9dicament courant.<\/li>\n<li><strong>Suisse<\/strong>Le suicide assist\u00e9 est l\u00e9gal et le Nembutal est utilis\u00e9 par des organisations comme Dignitas.<\/li>\n<\/ul>\n<h3>Pays o\u00f9 le Nembutal est interdit<\/h3>\n<p>Dans de nombreux pays, le Nembutal est interdit ou son utilisation est s\u00e9v\u00e8rement restreinte en raison des risques d'abus et de mauvaise utilisation.<\/p>\n<ul>\n<li><strong>\u00c9tats-Unis<\/strong>: Le Nembutal est une substance contr\u00f4l\u00e9e de l'annexe II, ce qui signifie qu'il est tr\u00e8s r\u00e9glement\u00e9 et qu'il n'est pas disponible pour l'euthanasie.<\/li>\n<li><strong>Australie<\/strong>: Le Nembutal est ill\u00e9gal, bien qu'il y ait des d\u00e9bats en cours sur son utilisation dans le cadre du suicide assist\u00e9. <span class=\"___SText_lyret-kmt_\" data-ui-name=\"Link.Text\">acheter nembutal<\/span><\/li>\n<\/ul>\n<table>\n<thead>\n<tr>\n<th><strong>Pays<\/strong><\/th>\n<th><strong>Statut juridique<\/strong><\/th>\n<th><strong>D\u00e9tails<\/strong><\/th>\n<\/tr>\n<\/thead>\n<tbody>\n<tr>\n<td>Pays-Bas<\/td>\n<td>L\u00e9galit\u00e9 de l'euthanasie<\/td>\n<td>Utilis\u00e9 sous contr\u00f4le m\u00e9dical strict<\/td>\n<\/tr>\n<tr>\n<td>Belgique<\/td>\n<td>L\u00e9galit\u00e9 de l'euthanasie<\/td>\n<td>Couramment utilis\u00e9 dans les soins de fin de vie<\/td>\n<\/tr>\n<tr>\n<td>Suisse<\/td>\n<td>L\u00e9galit\u00e9 du suicide assist\u00e9<\/td>\n<td>Utilis\u00e9 par des organisations telles que Dignitas<\/td>\n<\/tr>\n<tr>\n<td>\u00c9tats-Unis<\/td>\n<td>Interdit (substance r\u00e9glement\u00e9e du tableau II)<\/td>\n<td>Non disponible pour l'euthanasie, strictement r\u00e9glement\u00e9 pour l'usage m\u00e9dical<\/td>\n<\/tr>\n<tr>\n<td>Australie<\/td>\n<td>Interdit<\/td>\n<td>Ill\u00e9gale, d\u00e9bats en cours sur la l\u00e9galisation de l'euthanasie<\/td>\n<\/tr>\n<\/tbody>\n<\/table>\n<h2>Consid\u00e9rations \u00e9thiques<\/h2>\n<p>L'utilisation du Nembutal dans l'euthanasie et le suicide assist\u00e9 soul\u00e8ve d'importantes questions \u00e9thiques. Il s'agit notamment de d\u00e9bats sur le droit de mourir, le r\u00f4le des professionnels de la sant\u00e9 dans l'interruption de la vie et les risques d'abus.<\/p>\n<h3>Le droit de mourir<\/h3>\n<p>Les d\u00e9fenseurs du droit de mourir soutiennent que les individus devraient avoir l'autonomie de choisir le moment et la mani\u00e8re de mourir, en particulier en cas de maladie terminale o\u00f9 la souffrance est in\u00e9vitable. Le Nembutal est souvent consid\u00e9r\u00e9 comme un moyen humain d'obtenir une mort paisible. <span class=\"___SText_lyret-kmt_\" data-ui-name=\"Link.Text\">acheter nembutal<\/span><\/p>\n<h3>\u00c9thique m\u00e9dicale<\/h3>\n<p>Les professionnels de la sant\u00e9 sont souvent au centre du d\u00e9bat sur l'euthanasie. Alors que certains soutiennent que les m\u00e9decins devraient aider \u00e0 soulager la souffrance par l'euthanasie, d'autres estiment que leur r\u00f4le est de pr\u00e9server la vie, ce qui peut rendre l'utilisation du Nembutal probl\u00e9matique d'un point de vue \u00e9thique. <span class=\"___SText_lyret-kmt_\" data-ui-name=\"Link.Text\">acheter nembutal<\/span><\/p>\n<h3>Risque d'abus<\/h3>\n<p>L'une des principales pr\u00e9occupations li\u00e9es au Nembutal est son potentiel d'abus. Le m\u00e9dicament peut \u00eatre utilis\u00e9 \u00e0 mauvais escient pour le suicide dans les cas non terminaux ou m\u00eame comme moyen d'homicide. Ce risque d'abus est l'une des principales raisons pour lesquelles le m\u00e9dicament est si fortement r\u00e9glement\u00e9 dans de nombreux pays. <span class=\"___SText_lyret-kmt_\" data-ui-name=\"Link.Text\">acheter nembutal<\/span><\/p>\n<h2>Conclusion<\/h2>\n<p>Les injections de Nembutal sont un moyen puissant et controvers\u00e9 de soins de fin de vie. Bien que ce m\u00e9dicament permette d'obtenir une mort paisible et sans douleur, son utilisation s'accompagne de d\u00e9fis juridiques, \u00e9thiques et r\u00e9glementaires. Alors que le d\u00e9bat sur l'euthanasie et le suicide assist\u00e9 continue de se d\u00e9velopper, le Nembutal restera une question centrale dans les discussions sur le droit de mourir et le r\u00f4le de la m\u00e9decine dans les soins de fin de vie.<\/p>\n<p>Pour les personnes qui envisagent d'acheter du Nembutal \u00e0 des fins d'euthanasie ou de suicide assist\u00e9, il est essentiel de consulter des professionnels du droit et de la m\u00e9decine afin de comprendre les implications et de s'assurer de la conformit\u00e9 avec les lois locales. <span class=\"___SText_lyret-kmt_\" data-ui-name=\"Link.Text\">acheter nembutal<\/span><\/p>\n<h2>FAQ<\/h2>\n<h3>1. Qu'est-ce que le Nembutal ?<\/h3>\n<h3>2. Comment fonctionne le Nembutal ?<\/h3>\n<p>Le Nembutal agit en augmentant l'activit\u00e9 de l'acide gamma-aminobutyrique (GABA), un neurotransmetteur qui inhibe l'activit\u00e9 c\u00e9r\u00e9brale. Il en r\u00e9sulte une s\u00e9dation, une perte de conscience et, \u00e0 fortes doses, un arr\u00eat respiratoire et la mort.<\/p>\n<h3>3. Quelles sont les utilisations m\u00e9dicales du Nembutal ?<\/h3>\n<p>Historiquement, le Nembutal \u00e9tait utilis\u00e9 pour :<\/p>\n<ul>\n<li><strong>S\u00e9dation<\/strong>Les patients : Calmer les patients avant les interventions chirurgicales.<\/li>\n<li><strong>Anesth\u00e9sie<\/strong>Utilisation comme anesth\u00e9siant lors d'op\u00e9rations chirurgicales.<\/li>\n<li><strong>Epilepsie<\/strong>: Traitement d'urgence de certaines crises d'\u00e9pilepsie.<\/li>\n<li><strong>Euthanasie et suicide assist\u00e9<\/strong>: Provoquer une mort contr\u00f4l\u00e9e et sans douleur.<\/li>\n<\/ul>\n<h3>4. Comment le Nembutal est-il administr\u00e9 en cas d'euthanasie ?<\/h3>\n<p>Le Nembutal peut \u00eatre administr\u00e9 par voie intraveineuse ou orale. La dose l\u00e9tale est g\u00e9n\u00e9ralement comprise entre 2 et 10 grammes, en fonction du poids corporel et de la tol\u00e9rance de la personne. L'administration entra\u00eene une perte de conscience en quelques minutes et la mort en 15 \u00e0 30 minutes.<\/p>\n<h3>5. Quel est le statut juridique du Nembutal aux Pays-Bas ?<\/h3>\n<p>Aux Pays-Bas, l'utilisation du Nembutal est l\u00e9gale pour l'euthanasie dans des conditions m\u00e9dicales strictes. Il est utilis\u00e9 conform\u00e9ment \u00e0 des lignes directrices afin d'offrir une mort humaine aux patients en phase terminale. <span class=\"___SText_lyret-kmt_\" data-ui-name=\"Link.Text\">acheter nembutal<\/span><\/p>\n<h3>6. Le Nembutal est-il l\u00e9galement disponible dans d'autres pays ?<\/h3>\n<p>Le statut juridique du Nembutal varie d'un pays \u00e0 l'autre. En Belgique et en Suisse, il est autoris\u00e9 pour l'euthanasie et le suicide assist\u00e9, alors qu'il est interdit dans des pays comme les \u00c9tats-Unis et l'Australie.<\/p>\n<h3>7. Quelles sont les consid\u00e9rations \u00e9thiques entourant l'utilisation du Nembutal ?<\/h3>\n<p>L'utilisation du Nembutal \u00e0 des fins d'euthanasie soul\u00e8ve des questions \u00e9thiques sur le droit de mourir, le r\u00f4le des professionnels de la sant\u00e9 dans la fin de vie et les risques potentiels d'abus.<\/p>\n<h3>8. Puis-je acheter du Nembutal en ligne ?<\/h3>\n<p>L'achat de Nembutal en ligne est ill\u00e9gal dans la plupart des pays et peut avoir de graves cons\u00e9quences juridiques. Il est essentiel de consulter les lois locales et de demander l'avis d'un m\u00e9decin avant d'envisager de telles d\u00e9marches. <span class=\"___SText_lyret-kmt_\" data-ui-name=\"Link.Text\">acheter nembutal<\/span><\/p>\n<h3>9. L'utilisation du Nembutal est-elle s\u00fbre ?<\/h3>\n<p>Lorsqu'il est utilis\u00e9 m\u00e9dicalement et sous surveillance, le Nembutal peut \u00eatre efficace. Toutefois, en raison de ses risques et de son potentiel d'abus, il fait l'objet d'une r\u00e9glementation stricte. Son utilisation incontr\u00f4l\u00e9e peut entra\u00eener de graves risques pour la sant\u00e9, y compris la mort.<\/p>\n<h3>10. Comment puis-je obtenir l\u00e9galement du Nembutal ?<\/h3>\n<p>Il n'est possible d'obtenir l\u00e9galement du Nembutal que dans les pays o\u00f9 son utilisation est autoris\u00e9e pour l'euthanasie, et cela doit se faire par l'interm\u00e9diaire d'un professionnel de la sant\u00e9 qui respecte les r\u00e9glementations locales.<\/p>","protected":false},"excerpt":{"rendered":"<p>Achetez la solution injectable Nembutal en ligne aupr\u00e8s du fournisseur de votre choix, avec un service de livraison discret garanti dans le monde entier. Le groupe Euthanasia est v\u00e9rifi\u00e9 et approuv\u00e9.<\/p>\n<p>Injection de barbituriques, injection de Nembutal, injection de pentobarbital, injection de pentobarbital sodique<\/p>","protected":false},"featured_media":832,"comment_status":"open","ping_status":"closed","template":"","meta":{"ocean_post_layout":"","ocean_both_sidebars_style":"","ocean_both_sidebars_content_width":0,"ocean_both_sidebars_sidebars_width":0,"ocean_sidebar":"0","ocean_second_sidebar":"0","ocean_disable_margins":"enable","ocean_add_body_class":"","ocean_shortcode_before_top_bar":"","ocean_shortcode_after_top_bar":"","ocean_shortcode_before_header":"","ocean_shortcode_after_header":"","ocean_has_shortcode":"","ocean_shortcode_after_title":"","ocean_shortcode_before_footer_widgets":"","ocean_shortcode_after_footer_widgets":"","ocean_shortcode_before_footer_bottom":"","ocean_shortcode_after_footer_bottom":"","ocean_display_top_bar":"default","ocean_display_header":"default","ocean_header_style":"","ocean_center_header_left_menu":"0","ocean_custom_header_template":"0","ocean_custom_logo":0,"ocean_custom_retina_logo":0,"ocean_custom_logo_max_width":0,"ocean_custom_logo_tablet_max_width":0,"ocean_custom_logo_mobile_max_width":0,"ocean_custom_logo_max_height":0,"ocean_custom_logo_tablet_max_height":0,"ocean_custom_logo_mobile_max_height":0,"ocean_header_custom_menu":"0","ocean_menu_typo_font_family":"0","ocean_menu_typo_font_subset":"","ocean_menu_typo_font_size":0,"ocean_menu_typo_font_size_tablet":0,"ocean_menu_typo_font_size_mobile":0,"ocean_menu_typo_font_size_unit":"px","ocean_menu_typo_font_weight":"","ocean_menu_typo_font_weight_tablet":"","ocean_menu_typo_font_weight_mobile":"","ocean_menu_typo_transform":"","ocean_menu_typo_transform_tablet":"","ocean_menu_typo_transform_mobile":"","ocean_menu_typo_line_height":0,"ocean_menu_typo_line_height_tablet":0,"ocean_menu_typo_line_height_mobile":0,"ocean_menu_typo_line_height_unit":"","ocean_menu_typo_spacing":0,"ocean_menu_typo_spacing_tablet":0,"ocean_menu_typo_spacing_mobile":0,"ocean_menu_typo_spacing_unit":"","ocean_menu_link_color":"","ocean_menu_link_color_hover":"","ocean_menu_link_color_active":"","ocean_menu_link_background":"","ocean_menu_link_hover_background":"","ocean_menu_link_active_background":"","ocean_menu_social_links_bg":"","ocean_menu_social_hover_links_bg":"","ocean_menu_social_links_color":"","ocean_menu_social_hover_links_color":"","ocean_disable_title":"default","ocean_disable_heading":"default","ocean_post_title":"","ocean_post_subheading":"","ocean_post_title_style":"","ocean_post_title_background_color":"","ocean_post_title_background":0,"ocean_post_title_bg_image_position":"","ocean_post_title_bg_image_attachment":"","ocean_post_title_bg_image_repeat":"","ocean_post_title_bg_image_size":"","ocean_post_title_height":0,"ocean_post_title_bg_overlay":0.5,"ocean_post_title_bg_overlay_color":"","ocean_disable_breadcrumbs":"default","ocean_breadcrumbs_color":"","ocean_breadcrumbs_separator_color":"","ocean_breadcrumbs_links_color":"","ocean_breadcrumbs_links_hover_color":"","ocean_display_footer_widgets":"default","ocean_display_footer_bottom":"default","ocean_custom_footer_template":"0"},"product_brand":[],"product_cat":[26],"product_tag":[],"class_list":{"0":"post-589","1":"product","2":"type-product","3":"status-publish","4":"has-post-thumbnail","6":"product_cat-nembutal","8":"entry","9":"has-media","11":"first","12":"instock","13":"sale","14":"featured","15":"shipping-taxable","16":"purchasable","17":"product-type-variable","18":"has-rating","19":"has-product-nav","20":"col","21":"span_1_of_3","22":"owp-content-center","23":"owp-thumbs-layout-horizontal","24":"owp-btn-normal","25":"owp-tabs-layout-horizontal","26":"has-no-thumbnails"},"jetpack_sharing_enabled":true,"_links":{"self":[{"href":"https:\/\/euthanasia.store\/fr\/wp-json\/wp\/v2\/product\/589","targetHints":{"allow":["GET"]}}],"collection":[{"href":"https:\/\/euthanasia.store\/fr\/wp-json\/wp\/v2\/product"}],"about":[{"href":"https:\/\/euthanasia.store\/fr\/wp-json\/wp\/v2\/types\/product"}],"replies":[{"embeddable":true,"href":"https:\/\/euthanasia.store\/fr\/wp-json\/wp\/v2\/comments?post=589"}],"wp:featuredmedia":[{"embeddable":true,"href":"https:\/\/euthanasia.store\/fr\/wp-json\/wp\/v2\/media\/832"}],"wp:attachment":[{"href":"https:\/\/euthanasia.store\/fr\/wp-json\/wp\/v2\/media?parent=589"}],"wp:term":[{"taxonomy":"product_brand","embeddable":true,"href":"https:\/\/euthanasia.store\/fr\/wp-json\/wp\/v2\/product_brand?post=589"},{"taxonomy":"product_cat","embeddable":true,"href":"https:\/\/euthanasia.store\/fr\/wp-json\/wp\/v2\/product_cat?post=589"},{"taxonomy":"product_tag","embeddable":true,"href":"https:\/\/euthanasia.store\/fr\/wp-json\/wp\/v2\/product_tag?post=589"}],"curies":[{"name":"wp","href":"https:\/\/api.w.org\/{rel}","templated":true}]}}