{"id":530,"date":"2024-07-30T21:19:32","date_gmt":"2024-07-30T21:19:32","guid":{"rendered":"https:\/\/euthanasia.store\/?page_id=530"},"modified":"2024-07-30T22:21:09","modified_gmt":"2024-07-30T22:21:09","slug":"euthanasie-definition","status":"publish","type":"page","link":"https:\/\/euthanasia.store\/fr\/euthanasie-definition\/","title":{"rendered":"NOS SERVICES"},"content":{"rendered":"<div id=\"ez-toc-container\" class=\"ez-toc-v2_0_82_2 counter-hierarchy ez-toc-counter ez-toc-grey ez-toc-container-direction\">\n<div class=\"ez-toc-title-container\">\n<p class=\"ez-toc-title\" style=\"cursor:inherit\">Table des mati\u00e8res<\/p>\n<span class=\"ez-toc-title-toggle\"><a href=\"#\" class=\"ez-toc-pull-right ez-toc-btn ez-toc-btn-xs ez-toc-btn-default ez-toc-toggle\" aria-label=\"Toggle Table des mati\u00e8res\"><span class=\"ez-toc-js-icon-con\"><span class=\"\"><span class=\"eztoc-hide\" style=\"display:none;\">Toggle<\/span><span class=\"ez-toc-icon-toggle-span\"><svg style=\"fill: #999;color:#999\" xmlns=\"http:\/\/www.w3.org\/2000\/svg\" class=\"list-377408\" width=\"20px\" height=\"20px\" viewbox=\"0 0 24 24\" fill=\"none\"><path d=\"M6 6H4v2h2V6zm14 0H8v2h12V6zM4 11h2v2H4v-2zm16 0H8v2h12v-2zM4 16h2v2H4v-2zm16 0H8v2h12v-2z\" fill=\"currentColor\"><\/path><\/svg><svg style=\"fill: #999;color:#999\" class=\"arrow-unsorted-368013\" xmlns=\"http:\/\/www.w3.org\/2000\/svg\" width=\"10px\" height=\"10px\" viewbox=\"0 0 24 24\" version=\"1.2\" baseprofile=\"tiny\"><path d=\"M18.2 9.3l-6.2-6.3-6.2 6.3c-.2.2-.3.4-.3.7s.1.5.3.7c.2.2.4.3.7.3h11c.3 0 .5-.1.7-.3.2-.2.3-.5.3-.7s-.1-.5-.3-.7zM5.8 14.7l6.2 6.3 6.2-6.3c.2-.2.3-.5.3-.7s-.1-.5-.3-.7c-.2-.2-.4-.3-.7-.3h-11c-.3 0-.5.1-.7.3-.2.2-.3.5-.3.7s.1.5.3.7z\"\/><\/svg><\/span><\/span><\/span><\/a><\/span><\/div>\n<nav><ul class='ez-toc-list ez-toc-list-level-1' ><li class='ez-toc-page-1 ez-toc-heading-level-1'><a class=\"ez-toc-link ez-toc-heading-1\" href=\"https:\/\/euthanasia.store\/fr\/euthanasie-definition\/#Uitgebreide_Diensten_Aangeboden_door_Euthanasiastore\" >Services complets offerts par Euthanasia.store<\/a><ul class='ez-toc-list-level-2' ><li class='ez-toc-heading-level-2'><a class=\"ez-toc-link ez-toc-heading-2\" href=\"https:\/\/euthanasia.store\/fr\/euthanasie-definition\/#Euthanasie_Consultatie\" >Consultation sur l'euthanasie<\/a><ul class='ez-toc-list-level-3' ><li class='ez-toc-heading-level-3'><a class=\"ez-toc-link ez-toc-heading-3\" href=\"https:\/\/euthanasia.store\/fr\/euthanasie-definition\/#Initiele_Beoordeling\" >\u00c9valuation initiale<\/a><\/li><li class='ez-toc-page-1 ez-toc-heading-level-3'><a class=\"ez-toc-link ez-toc-heading-4\" href=\"https:\/\/euthanasia.store\/fr\/euthanasie-definition\/#Wettelijke_Vereisten\" >Exigences l\u00e9gales<\/a><\/li><li class='ez-toc-page-1 ez-toc-heading-level-3'><a class=\"ez-toc-link ez-toc-heading-5\" href=\"https:\/\/euthanasia.store\/fr\/euthanasie-definition\/#Gepersonaliseerde_Zorgplannen\" >Plans de soins personnalis\u00e9s<\/a><\/li><\/ul><\/li><li class='ez-toc-page-1 ez-toc-heading-level-2'><a class=\"ez-toc-link ez-toc-heading-6\" href=\"https:\/\/euthanasia.store\/fr\/euthanasie-definition\/#Planning_van_het_Einde_van_het_Leven\" >Planifier la fin de vie<\/a><ul class='ez-toc-list-level-3' ><li class='ez-toc-heading-level-3'><a class=\"ez-toc-link ez-toc-heading-7\" href=\"https:\/\/euthanasia.store\/fr\/euthanasie-definition\/#Voorafgaande_Wilsverklaringen\" >Testaments ant\u00e9rieurs<\/a><\/li><li class='ez-toc-page-1 ez-toc-heading-level-3'><a class=\"ez-toc-link ez-toc-heading-8\" href=\"https:\/\/euthanasia.store\/fr\/euthanasie-definition\/#Levenstestamenten\" >Testaments de vie<\/a><\/li><li class='ez-toc-page-1 ez-toc-heading-level-3'><a class=\"ez-toc-link ez-toc-heading-9\" href=\"https:\/\/euthanasia.store\/fr\/euthanasie-definition\/#Uitvaartplanning\" >Planification des fun\u00e9railles<\/a><\/li><\/ul><\/li><li class='ez-toc-page-1 ez-toc-heading-level-2'><a class=\"ez-toc-link ez-toc-heading-10\" href=\"https:\/\/euthanasia.store\/fr\/euthanasie-definition\/#Juridische_Bijstand\" >Assistance juridique<\/a><ul class='ez-toc-list-level-3' ><li class='ez-toc-heading-level-3'><a class=\"ez-toc-link ez-toc-heading-11\" href=\"https:\/\/euthanasia.store\/fr\/euthanasie-definition\/#Ondersteuning_bij_Documentatie\" >Soutien \u00e0 la documentation<\/a><\/li><li class='ez-toc-page-1 ez-toc-heading-level-3'><a class=\"ez-toc-link ez-toc-heading-12\" href=\"https:\/\/euthanasia.store\/fr\/euthanasie-definition\/#Juridisch_Advies\" >Conseil juridique<\/a><\/li><\/ul><\/li><li class='ez-toc-page-1 ez-toc-heading-level-2'><a class=\"ez-toc-link ez-toc-heading-13\" href=\"https:\/\/euthanasia.store\/fr\/euthanasie-definition\/#Psychologische_Ondersteuning\" >Soutien psychologique<\/a><ul class='ez-toc-list-level-3' ><li class='ez-toc-heading-level-3'><a class=\"ez-toc-link ez-toc-heading-14\" href=\"https:\/\/euthanasia.store\/fr\/euthanasie-definition\/#Counseling_Diensten\" >Services de conseil<\/a><\/li><li class='ez-toc-page-1 ez-toc-heading-level-3'><a class=\"ez-toc-link ez-toc-heading-15\" href=\"https:\/\/euthanasia.store\/fr\/euthanasie-definition\/#Rouwbegeleiding\" >Conseil en cas de deuil<\/a><\/li><\/ul><\/li><li class='ez-toc-page-1 ez-toc-heading-level-2'><a class=\"ez-toc-link ez-toc-heading-16\" href=\"https:\/\/euthanasia.store\/fr\/euthanasie-definition\/#Conclusie\" >Conclusion<\/a><\/li><\/ul><\/li><\/ul><\/nav><\/div>\n<h1 class=\"wp-block-heading\"><span class=\"ez-toc-section\" id=\"Uitgebreide_Diensten_Aangeboden_door_Euthanasiastore\"><\/span>Services complets offerts par Euthanasia.store<span class=\"ez-toc-section-end\"><\/span><\/h1>\n\n\n\n<p>d\u00e9finition de l'euthanasie, Chez Euthanasia.store, nous comprenons la nature profonde et sensible des d\u00e9cisions de fin de vie. Notre mission est de fournir des services compatissants, \u00e9thiques et conformes \u00e0 la loi aux personnes qui souhaitent mettre fin \u00e0 leurs souffrances dans la dignit\u00e9. Cet article d\u00e9crit la gamme compl\u00e8te de services que nous proposons, en veillant \u00e0 ce que nos clients et leurs familles soient soutenus \u00e0 chaque \u00e9tape du processus.<\/p>\n\n\n\n<h2 class=\"wp-block-heading\"><span class=\"ez-toc-section\" id=\"Euthanasie_Consultatie\"><\/span>Consultation sur l'euthanasie<span class=\"ez-toc-section-end\"><\/span><\/h2>\n\n\n\n<h3 class=\"wp-block-heading\"><span class=\"ez-toc-section\" id=\"Initiele_Beoordeling\"><\/span>\u00c9valuation initiale<span class=\"ez-toc-section-end\"><\/span><\/h3>\n\n\n\n<p>L'\u00e9valuation initiale est la premi\u00e8re \u00e9tape de notre processus de consultation en mati\u00e8re d'euthanasie. Cette \u00e9valuation compl\u00e8te a pour but de comprendre l'\u00e9tat de sant\u00e9 du client, ses souhaits personnels et son aptitude \u00e0 l'euthanasie en vertu de la l\u00e9gislation en vigueur. D\u00e9finition de l'euthanasie<\/p>\n\n\n\n<ol class=\"wp-block-list\">\n<li><strong>Ant\u00e9c\u00e9dents m\u00e9dicaux<\/strong>Notre \u00e9quipe m\u00e9dicale proc\u00e8de \u00e0 un examen approfondi du dossier m\u00e9dical du patient.<\/li>\n\n\n\n<li><strong>Examen physique<\/strong>Examen physique complet pour \u00e9valuer l'\u00e9tat de sant\u00e9 actuel du patient.<\/li>\n\n\n\n<li><strong>\u00c9valuation psychologique<\/strong>L'euthanasie : une \u00e9valuation pour s'assurer que le patient est en mesure de prendre une d\u00e9cision \u00e9clair\u00e9e sur l'euthanasie.<\/li>\n<\/ol>\n\n\n\n<figure class=\"wp-block-table\"><table class=\"has-fixed-layout\"><thead><tr><th><strong>Section d'\u00e9valuation<\/strong><\/th><th><strong>D\u00e9tails<\/strong><\/th><\/tr><\/thead><tbody><tr><td>Ant\u00e9c\u00e9dents m\u00e9dicaux<\/td><td>\u00c9valuation des conditions m\u00e9dicales pass\u00e9es et actuelles<\/td><\/tr><tr><td>Examen physique<\/td><td>Bilan de sant\u00e9 complet<\/td><\/tr><tr><td>\u00c9valuation psychologique<\/td><td>\u00c9valuation de la sant\u00e9 mentale et de la capacit\u00e9 de prise de d\u00e9cision<\/td><\/tr><\/tbody><\/table><\/figure>\n\n\n\n<h3 class=\"wp-block-heading\"><span class=\"ez-toc-section\" id=\"Wettelijke_Vereisten\"><\/span>Exigences l\u00e9gales<span class=\"ez-toc-section-end\"><\/span><\/h3>\n\n\n\n<p>Il est essentiel de comprendre et de respecter les exigences l\u00e9gales dans le domaine de la sant\u00e9 publique. <a href=\"https:\/\/www.youtube.com\/watch?v=eo8Hn0DEcpw\" target=\"_blank\" rel=\"noopener\">processus d'euthanasie<\/a>. Nous veillons \u00e0 ce que tous les cadres juridiques soient respect\u00e9s.<\/p>\n\n\n\n<ol class=\"wp-block-list\">\n<li><strong>Crit\u00e8res d'\u00e9ligibilit\u00e9<\/strong>V\u00e9rification de l'\u00e9ligibilit\u00e9 des patients sur la base des lois locales et nationales.<\/li>\n\n\n\n<li><strong>Formulaires de consentement<\/strong>Les patients doivent remplir des formulaires de consentement d\u00e9taill\u00e9s et, dans certains cas, les membres de leur famille.<\/li>\n\n\n\n<li><strong>Documentation<\/strong>L'euthanasie : Collecte et pr\u00e9sentation des documents l\u00e9gaux n\u00e9cessaires aux autorit\u00e9s comp\u00e9tentes. D\u00e9finition de l'euthanasie<\/li>\n<\/ol>\n\n\n\n<h3 class=\"wp-block-heading\"><span class=\"ez-toc-section\" id=\"Gepersonaliseerde_Zorgplannen\"><\/span>Plans de soins personnalis\u00e9s<span class=\"ez-toc-section-end\"><\/span><\/h3>\n\n\n\n<p>Chaque patient re\u00e7oit un plan de soins personnalis\u00e9 adapt\u00e9 \u00e0 ses besoins et \u00e0 ses souhaits. Ce plan comprend<\/p>\n\n\n\n<ol class=\"wp-block-list\">\n<li><strong>Gestion de la douleur<\/strong>Les strat\u00e9gies de prise en charge de la douleur et de l'inconfort.<\/li>\n\n\n\n<li><strong>Soutien \u00e9motionnel<\/strong>: Services de conseil et de soutien pour le patient et sa famille.<\/li>\n\n\n\n<li><strong>Les souhaits en fin de vie<\/strong>Euthanasie : Documentation des souhaits sp\u00e9cifiques du patient concernant ses soins de fin de vie. D\u00e9finition de l'euthanasie<\/li>\n<\/ol>\n\n\n\n<figure class=\"wp-block-table\"><table class=\"has-fixed-layout\"><thead><tr><th><strong>Plan de soins partiel<\/strong><\/th><th><strong>D\u00e9tails<\/strong><\/th><\/tr><\/thead><tbody><tr><td>Gestion de la douleur<\/td><td>M\u00e9dicaments et th\u00e9rapies pour la gestion de la douleur<\/td><\/tr><tr><td>Soutien \u00e9motionnel<\/td><td>S\u00e9ances de conseil pour le patient et sa famille<\/td><\/tr><tr><td>Les souhaits en fin de vie<\/td><td>Documentation des pr\u00e9f\u00e9rences sp\u00e9cifiques en mati\u00e8re de soins de fin de vie<\/td><\/tr><\/tbody><\/table><\/figure>\n\n\n\n<h2 class=\"wp-block-heading\"><span class=\"ez-toc-section\" id=\"Planning_van_het_Einde_van_het_Leven\"><\/span>Planifier la fin de vie<span class=\"ez-toc-section-end\"><\/span><\/h2>\n\n\n\n<h3 class=\"wp-block-heading\"><span class=\"ez-toc-section\" id=\"Voorafgaande_Wilsverklaringen\"><\/span>Testaments ant\u00e9rieurs<span class=\"ez-toc-section-end\"><\/span><\/h3>\n\n\n\n<p>Les testaments sont des documents juridiques qui pr\u00e9cisent les pr\u00e9f\u00e9rences d'un patient en mati\u00e8re de traitement m\u00e9dical au cas o\u00f9 il ne serait plus en mesure de communiquer ses d\u00e9cisions.<\/p>\n\n\n\n<ol class=\"wp-block-list\">\n<li><strong>Procurateur de soins<\/strong>: D\u00e9signation d'une personne de confiance charg\u00e9e de prendre des d\u00e9cisions en mati\u00e8re de soins de sant\u00e9 au nom du patient.<\/li>\n\n\n\n<li><strong>Testament de vie<\/strong>L'euthanasie est un traitement m\u00e9dical qui consiste en une documentation sur les types de traitements m\u00e9dicaux que le patient veut ou ne veut pas recevoir.d\u00e9finition de l'euthanasie<\/li>\n<\/ol>\n\n\n\n<h3 class=\"wp-block-heading\"><span class=\"ez-toc-section\" id=\"Levenstestamenten\"><\/span>Testaments de vie<span class=\"ez-toc-section-end\"><\/span><\/h3>\n\n\n\n<p>Le testament de vie est un document essentiel qui d\u00e9crit les souhaits d'un patient en mati\u00e8re de traitement m\u00e9dical lorsqu'il n'est plus en mesure de communiquer ses d\u00e9cisions.<\/p>\n\n\n\n<ol class=\"wp-block-list\">\n<li><strong>Pr\u00e9f\u00e9rences en mati\u00e8re de traitement<\/strong>Pr\u00e9f\u00e9rences d\u00e9taill\u00e9es pour les traitements de survie, tels que la r\u00e9animation cardio-pulmonaire et la ventilation m\u00e9canique.<\/li>\n\n\n\n<li><strong>Soins de confort<\/strong>Les soins palliatifs : sp\u00e9cifications pour les soins palliatifs et la gestion de la douleur.<\/li>\n<\/ol>\n\n\n\n<h3 class=\"wp-block-heading\"><span class=\"ez-toc-section\" id=\"Uitvaartplanning\"><\/span>Planification des fun\u00e9railles<span class=\"ez-toc-section-end\"><\/span><\/h3>\n\n\n\n<p>Nous proposons des services complets de planification fun\u00e9raire afin d'aider les familles \u00e0 se pr\u00e9parer \u00e0 l'in\u00e9vitabilit\u00e9 de la mort.<\/p>\n\n\n\n<ol class=\"wp-block-list\">\n<li><strong>Arrangements fun\u00e9raires<\/strong>: Coordination des services fun\u00e9raires selon les souhaits du patient.<\/li>\n\n\n\n<li><strong>Services comm\u00e9moratifs<\/strong>Les services comm\u00e9moratifs : planification et organisation de services comm\u00e9moratifs en l'honneur de la personne d\u00e9c\u00e9d\u00e9e.<\/li>\n<\/ol>\n\n\n\n<figure class=\"wp-block-table\"><table class=\"has-fixed-layout\"><thead><tr><th><strong>Planification des composantes<\/strong><\/th><th><strong>D\u00e9tails<\/strong><\/th><\/tr><\/thead><tbody><tr><td>Arrangements fun\u00e9raires<\/td><td>Coordination des services et des c\u00e9r\u00e9monies<\/td><\/tr><tr><td>Services comm\u00e9moratifs<\/td><td>Planification des services comm\u00e9moratifs et des hommages<\/td><\/tr><\/tbody><\/table><\/figure>\n\n\n\n<h2 class=\"wp-block-heading\"><span class=\"ez-toc-section\" id=\"Juridische_Bijstand\"><\/span>Assistance juridique<span class=\"ez-toc-section-end\"><\/span><\/h2>\n\n\n\n<h3 class=\"wp-block-heading\"><span class=\"ez-toc-section\" id=\"Ondersteuning_bij_Documentatie\"><\/span>Soutien \u00e0 la documentation<span class=\"ez-toc-section-end\"><\/span><\/h3>\n\n\n\n<p>Naviguer dans les aspects juridiques de la <a href=\"https:\/\/euthanasia.store\/fr\/\">euthanasie<\/a> peut \u00eatre complexe. Nous fournissons une documentation compl\u00e8te pour garantir que toutes les exigences l\u00e9gales sont respect\u00e9es.<\/p>\n\n\n\n<ol class=\"wp-block-list\">\n<li><strong>Pr\u00e9paration du formulaire<\/strong>Assistance \u00e0 la pr\u00e9paration et au d\u00e9p\u00f4t de tous les formulaires juridiques n\u00e9cessaires.<\/li>\n\n\n\n<li><strong>Administration<\/strong>Les services d'aide \u00e0 la d\u00e9cision : Stockage et gestion s\u00e9curis\u00e9s de tous les documents juridiques.<\/li>\n<\/ol>\n\n\n\n<h3 class=\"wp-block-heading\"><span class=\"ez-toc-section\" id=\"Juridisch_Advies\"><\/span>Conseil juridique<span class=\"ez-toc-section-end\"><\/span><\/h3>\n\n\n\n<p>Notre \u00e9quipe juridique offre des conseils d'experts pour guider les patients et leurs familles tout au long de la proc\u00e9dure l\u00e9gale d'euthanasie.<\/p>\n\n\n\n<ol class=\"wp-block-list\">\n<li><strong>Consultations<\/strong>Consultations juridiques pour discuter des droits et des options des patients.<\/li>\n\n\n\n<li><strong>Repr\u00e9sentation<\/strong>Repr\u00e9sentation juridique dans les proc\u00e9dures ou audiences n\u00e9cessaires.<\/li>\n<\/ol>\n\n\n\n<figure class=\"wp-block-table\"><table class=\"has-fixed-layout\"><thead><tr><th><strong>Service juridique<\/strong><\/th><th><strong>D\u00e9tails<\/strong><\/th><\/tr><\/thead><tbody><tr><td>Soutien \u00e0 la documentation<\/td><td>Aide pour les formulaires juridiques et le d\u00e9p\u00f4t de documents<\/td><\/tr><tr><td>Conseil juridique<\/td><td>Consultations et repr\u00e9sentation<\/td><\/tr><\/tbody><\/table><\/figure>\n\n\n\n<h2 class=\"wp-block-heading\"><span class=\"ez-toc-section\" id=\"Psychologische_Ondersteuning\"><\/span>Soutien psychologique<span class=\"ez-toc-section-end\"><\/span><\/h2>\n\n\n\n<h3 class=\"wp-block-heading\"><span class=\"ez-toc-section\" id=\"Counseling_Diensten\"><\/span>Services de conseil<span class=\"ez-toc-section-end\"><\/span><\/h3>\n\n\n\n<p>Nous offrons des services de conseil complets pour soutenir le bien-\u00eatre \u00e9motionnel des patients et de leurs familles.<\/p>\n\n\n\n<ol class=\"wp-block-list\">\n<li><strong>Conseils individuels<\/strong>Les s\u00e9ances individuelles avec un th\u00e9rapeute qualifi\u00e9.<\/li>\n\n\n\n<li><strong>Conseils aux familles<\/strong>Les s\u00e9ances de soutien pour les membres de la famille afin de les aider \u00e0 faire face \u00e0 l'impact \u00e9motionnel de l'euthanasie. D\u00e9finition de l'euthanasie<\/li>\n<\/ol>\n\n\n\n<h3 class=\"wp-block-heading\"><span class=\"ez-toc-section\" id=\"Rouwbegeleiding\"><\/span>Conseil en cas de deuil<span class=\"ez-toc-section-end\"><\/span><\/h3>\n\n\n\n<p>Apr\u00e8s la mort d'un \u00eatre cher, nos services d'accompagnement aident les familles \u00e0 surmonter leur chagrin.<\/p>\n\n\n\n<ol class=\"wp-block-list\">\n<li><strong>Groupes de soutien<\/strong>Acc\u00e8s \u00e0 des groupes de soutien o\u00f9 les familles peuvent partager leurs exp\u00e9riences et trouver du r\u00e9confort.<\/li>\n\n\n\n<li><strong>Conseil en cas de deuil<\/strong>: Conseils individuels et collectifs pour faire face \u00e0 la perte d'un \u00eatre cher.<\/li>\n<\/ol>\n\n\n\n<figure class=\"wp-block-table\"><table class=\"has-fixed-layout\"><thead><tr><th><strong>Service d'assistance<\/strong><\/th><th><strong>D\u00e9tails<\/strong><\/th><\/tr><\/thead><tbody><tr><td>Services de conseil<\/td><td>S\u00e9ances de conseil individuel et familial<\/td><\/tr><tr><td>Conseil en cas de deuil<\/td><td>Groupes de soutien et conseils en cas de deuil<\/td><\/tr><\/tbody><\/table><\/figure>\n\n\n\n<h2 class=\"wp-block-heading\"><span class=\"ez-toc-section\" id=\"Conclusie\"><\/span>Conclusion<span class=\"ez-toc-section-end\"><\/span><\/h2>\n\n\n\n<p>Euthanasia.store se consacre \u00e0 la fourniture d'une gamme compl\u00e8te de services destin\u00e9s \u00e0 soutenir les individus et leurs familles pendant le voyage de fin de vie. Des \u00e9valuations initiales et de l'assistance juridique aux plans de soins personnalis\u00e9s et au soutien psychologique, nous veillons \u00e0 ce que chaque aspect de cette exp\u00e9rience profonde soit trait\u00e9 avec la plus grande compassion et le plus grand professionnalisme. Pour plus d'informations ou pour prendre rendez-vous, visitez notre site web ou contactez-nous directement. D\u00e9finition de l'euthanasie<\/p>","protected":false},"excerpt":{"rendered":"<p>Uitgebreide Diensten Aangeboden door Euthanasia.store euthanasie definition, Bij Euthanasia.store begrijpen we de diepgaande en gevoelige aard van beslissingen aan het einde van het leven. Onze missie is om mededogende, ethische en wettelijk conforme diensten te bieden aan individuen die een waardig einde aan hun lijden zoeken. Dit artikel beschrijft het uitgebreide scala aan diensten dat [&hellip;]<\/p>\n","protected":false},"author":1,"featured_media":539,"parent":0,"menu_order":0,"comment_status":"closed","ping_status":"closed","template":"","meta":{"ocean_post_layout":"","ocean_both_sidebars_style":"","ocean_both_sidebars_content_width":0,"ocean_both_sidebars_sidebars_width":0,"ocean_sidebar":"","ocean_second_sidebar":"","ocean_disable_margins":"enable","ocean_add_body_class":"","ocean_shortcode_before_top_bar":"","ocean_shortcode_after_top_bar":"","ocean_shortcode_before_header":"","ocean_shortcode_after_header":"","ocean_has_shortcode":"","ocean_shortcode_after_title":"","ocean_shortcode_before_footer_widgets":"","ocean_shortcode_after_footer_widgets":"","ocean_shortcode_before_footer_bottom":"","ocean_shortcode_after_footer_bottom":"","ocean_display_top_bar":"default","ocean_display_header":"default","ocean_header_style":"","ocean_center_header_left_menu":"","ocean_custom_header_template":"","ocean_custom_logo":0,"ocean_custom_retina_logo":0,"ocean_custom_logo_max_width":0,"ocean_custom_logo_tablet_max_width":0,"ocean_custom_logo_mobile_max_width":0,"ocean_custom_logo_max_height":0,"ocean_custom_logo_tablet_max_height":0,"ocean_custom_logo_mobile_max_height":0,"ocean_header_custom_menu":"","ocean_menu_typo_font_family":"","ocean_menu_typo_font_subset":"","ocean_menu_typo_font_size":0,"ocean_menu_typo_font_size_tablet":0,"ocean_menu_typo_font_size_mobile":0,"ocean_menu_typo_font_size_unit":"px","ocean_menu_typo_font_weight":"","ocean_menu_typo_font_weight_tablet":"","ocean_menu_typo_font_weight_mobile":"","ocean_menu_typo_transform":"","ocean_menu_typo_transform_tablet":"","ocean_menu_typo_transform_mobile":"","ocean_menu_typo_line_height":0,"ocean_menu_typo_line_height_tablet":0,"ocean_menu_typo_line_height_mobile":0,"ocean_menu_typo_line_height_unit":"","ocean_menu_typo_spacing":0,"ocean_menu_typo_spacing_tablet":0,"ocean_menu_typo_spacing_mobile":0,"ocean_menu_typo_spacing_unit":"","ocean_menu_link_color":"","ocean_menu_link_color_hover":"","ocean_menu_link_color_active":"","ocean_menu_link_background":"","ocean_menu_link_hover_background":"","ocean_menu_link_active_background":"","ocean_menu_social_links_bg":"","ocean_menu_social_hover_links_bg":"","ocean_menu_social_links_color":"","ocean_menu_social_hover_links_color":"","ocean_disable_title":"default","ocean_disable_heading":"default","ocean_post_title":"","ocean_post_subheading":"","ocean_post_title_style":"","ocean_post_title_background_color":"","ocean_post_title_background":0,"ocean_post_title_bg_image_position":"","ocean_post_title_bg_image_attachment":"","ocean_post_title_bg_image_repeat":"","ocean_post_title_bg_image_size":"","ocean_post_title_height":0,"ocean_post_title_bg_overlay":0.5,"ocean_post_title_bg_overlay_color":"","ocean_disable_breadcrumbs":"default","ocean_breadcrumbs_color":"","ocean_breadcrumbs_separator_color":"","ocean_breadcrumbs_links_color":"","ocean_breadcrumbs_links_hover_color":"","ocean_display_footer_widgets":"default","ocean_display_footer_bottom":"default","ocean_custom_footer_template":"","footnotes":""},"class_list":["post-530","page","type-page","status-publish","has-post-thumbnail","hentry","entry","has-media","owp-thumbs-layout-horizontal","owp-btn-normal","owp-tabs-layout-horizontal","has-no-thumbnails","has-product-nav"],"jetpack_sharing_enabled":true,"_links":{"self":[{"href":"https:\/\/euthanasia.store\/fr\/wp-json\/wp\/v2\/pages\/530","targetHints":{"allow":["GET"]}}],"collection":[{"href":"https:\/\/euthanasia.store\/fr\/wp-json\/wp\/v2\/pages"}],"about":[{"href":"https:\/\/euthanasia.store\/fr\/wp-json\/wp\/v2\/types\/page"}],"author":[{"embeddable":true,"href":"https:\/\/euthanasia.store\/fr\/wp-json\/wp\/v2\/users\/1"}],"replies":[{"embeddable":true,"href":"https:\/\/euthanasia.store\/fr\/wp-json\/wp\/v2\/comments?post=530"}],"version-history":[{"count":2,"href":"https:\/\/euthanasia.store\/fr\/wp-json\/wp\/v2\/pages\/530\/revisions"}],"predecessor-version":[{"id":541,"href":"https:\/\/euthanasia.store\/fr\/wp-json\/wp\/v2\/pages\/530\/revisions\/541"}],"wp:featuredmedia":[{"embeddable":true,"href":"https:\/\/euthanasia.store\/fr\/wp-json\/wp\/v2\/media\/539"}],"wp:attachment":[{"href":"https:\/\/euthanasia.store\/fr\/wp-json\/wp\/v2\/media?parent=530"}],"curies":[{"name":"wp","href":"https:\/\/api.w.org\/{rel}","templated":true}]}}