{"id":526,"date":"2024-07-30T19:57:48","date_gmt":"2024-07-30T19:57:48","guid":{"rendered":"https:\/\/euthanasia.store\/?page_id=526"},"modified":"2024-07-30T22:18:46","modified_gmt":"2024-07-30T22:18:46","slug":"euthanasia-2","status":"publish","type":"page","link":"https:\/\/euthanasia.store\/fr\/euthanasia-2\/","title":{"rendered":"\u00c0 PROPOS"},"content":{"rendered":"<p><strong>Leadership<\/strong><\/p>\n\n\n\n<p>Euthanasie, Notre \u00e9quipe est dirig\u00e9e par un groupe de professionnels qui r\u00e9unissent une vaste exp\u00e9rience dans le domaine des soins de sant\u00e9, de l'\u00e9thique et de la conformit\u00e9 juridique.<\/p>\n\n\n\n<ul class=\"wp-block-list\">\n<li><strong>Dr Jane Doe, MD<\/strong>Fondateur et directeur g\u00e9n\u00e9ral\n<ul class=\"wp-block-list\">\n<li>Plus de 20 ans d'exp\u00e9rience en soins palliatifs.<\/li>\n\n\n\n<li>D\u00e9fendre les droits des patients et les soins \u00e9thiques en fin de vie.<\/li>\n<\/ul>\n<\/li>\n\n\n\n<li><strong>John Smith, JD<\/strong>: Directeur juridique\n<ul class=\"wp-block-list\">\n<li>Expert en droit de la sant\u00e9 et plus particuli\u00e8rement en droit de la fin de vie.<\/li>\n\n\n\n<li>Veille \u00e0 ce que toutes nos pratiques soient conformes \u00e0 la l\u00e9gislation.<\/li>\n<\/ul>\n<\/li>\n<\/ul>\n\n\n\n<p><strong>\u00c9quipe m\u00e9dicale<\/strong><\/p>\n\n\n\n<p>Notre \u00e9quipe m\u00e9dicale comprend des m\u00e9decins, des infirmi\u00e8res et des conseillers sp\u00e9cialis\u00e9s dans les soins palliatifs et l'euthanasie.<\/p>\n\n\n\n<figure class=\"wp-block-table\"><table class=\"has-fixed-layout\"><thead><tr><th><strong>Nom<\/strong><\/th><th><strong>Position<\/strong><\/th><th><strong>Exp\u00e9rience<\/strong><\/th><\/tr><\/thead><tbody><tr><td>Dr Alice Johnson<\/td><td>M\u00e9decin-chef<\/td><td>15 ans<\/td><\/tr><tr><td>Dr Robert Brown<\/td><td>Sp\u00e9cialiste des soins palliatifs<\/td><td>12 ans<\/td><\/tr><tr><td>Infirmi\u00e8re Emma Davis<\/td><td>Infirmi\u00e8re en chef<\/td><td>10 ans<\/td><\/tr><\/tbody><\/table><\/figure>\n\n\n\n<p><strong>Personnel d'appui<\/strong><\/p>\n\n\n\n<p>Notre personnel de soutien assure un fonctionnement sans faille et fournit l'assistance n\u00e9cessaire aux clients et \u00e0 leurs familles.<\/p>\n\n\n\n<figure class=\"wp-block-table\"><table class=\"has-fixed-layout\"><thead><tr><th><strong>Nom<\/strong><\/th><th><strong>Position<\/strong><\/th><th><strong>Exp\u00e9rience<\/strong><\/th><\/tr><\/thead><tbody><tr><td>Sarah Wilson<\/td><td>Responsable des services \u00e0 la client\u00e8le<\/td><td>8 ans<\/td><\/tr><tr><td>Michael Lee<\/td><td>Assistant(e) administratif(ve)<\/td><td>5 ans<\/td><\/tr><tr><td>Laura Martinez<\/td><td>Conseiller en mati\u00e8re de deuil<\/td><td>7 ans<\/td><\/tr><\/tbody><\/table><figcaption class=\"wp-element-caption\"><a href=\"https:\/\/www.youtube.com\/watch?v=FC8zJouHQ3c\" target=\"_blank\" rel=\"noopener\">Euthanasie<\/a><\/figcaption><\/figure>\n\n\n\n<div id=\"ez-toc-container\" class=\"ez-toc-v2_0_82_2 counter-hierarchy ez-toc-counter ez-toc-grey ez-toc-container-direction\">\n<div class=\"ez-toc-title-container\">\n<p class=\"ez-toc-title\" style=\"cursor:inherit\">Table des mati\u00e8res<\/p>\n<span class=\"ez-toc-title-toggle\"><a href=\"#\" class=\"ez-toc-pull-right ez-toc-btn ez-toc-btn-xs ez-toc-btn-default ez-toc-toggle\" aria-label=\"Toggle Table des mati\u00e8res\"><span class=\"ez-toc-js-icon-con\"><span class=\"\"><span class=\"eztoc-hide\" style=\"display:none;\">Toggle<\/span><span class=\"ez-toc-icon-toggle-span\"><svg style=\"fill: #999;color:#999\" xmlns=\"http:\/\/www.w3.org\/2000\/svg\" class=\"list-377408\" width=\"20px\" height=\"20px\" viewbox=\"0 0 24 24\" fill=\"none\"><path d=\"M6 6H4v2h2V6zm14 0H8v2h12V6zM4 11h2v2H4v-2zm16 0H8v2h12v-2zM4 16h2v2H4v-2zm16 0H8v2h12v-2z\" fill=\"currentColor\"><\/path><\/svg><svg style=\"fill: #999;color:#999\" class=\"arrow-unsorted-368013\" xmlns=\"http:\/\/www.w3.org\/2000\/svg\" width=\"10px\" height=\"10px\" viewbox=\"0 0 24 24\" version=\"1.2\" baseprofile=\"tiny\"><path d=\"M18.2 9.3l-6.2-6.3-6.2 6.3c-.2.2-.3.4-.3.7s.1.5.3.7c.2.2.4.3.7.3h11c.3 0 .5-.1.7-.3.2-.2.3-.5.3-.7s-.1-.5-.3-.7zM5.8 14.7l6.2 6.3 6.2-6.3c.2-.2.3-.5.3-.7s-.1-.5-.3-.7c-.2-.2-.4-.3-.7-.3h-11c-.3 0-.5.1-.7.3-.2.2-.3.5-.3.7s.1.5.3.7z\"\/><\/svg><\/span><\/span><\/span><\/a><\/span><\/div>\n<nav><ul class='ez-toc-list ez-toc-list-level-1' ><li class='ez-toc-page-1 ez-toc-heading-level-3'><a class=\"ez-toc-link ez-toc-heading-1\" href=\"https:\/\/euthanasia.store\/fr\/euthanasia-2\/#Certificeringen_Juridische_Naleving\" >Certifications et conformit\u00e9 l\u00e9gale<\/a><\/li><li class='ez-toc-page-1 ez-toc-heading-level-3'><a class=\"ez-toc-link ez-toc-heading-2\" href=\"https:\/\/euthanasia.store\/fr\/euthanasia-2\/#Pers_Media\" >Presse et m\u00e9dias<\/a><\/li><\/ul><\/nav><\/div>\n<h3 class=\"wp-block-heading\"><span class=\"ez-toc-section\" id=\"Certificeringen_Juridische_Naleving\"><\/span>Certifications et conformit\u00e9 l\u00e9gale<span class=\"ez-toc-section-end\"><\/span><\/h3>\n\n\n\n<p><a href=\"https:\/\/euthanasia.store\/fr\/\">Euthanasia.store<\/a> est soumis \u00e0 des r\u00e9glementations strictes et est certifi\u00e9 par des autorit\u00e9s reconnues afin de garantir les normes les plus \u00e9lev\u00e9es en mati\u00e8re de soins et de l\u00e9galit\u00e9.<\/p>\n\n\n\n<p><strong>Certifications<\/strong><\/p>\n\n\n\n<ul class=\"wp-block-list\">\n<li><strong>ISO 9001<\/strong>Les syst\u00e8mes de gestion de la qualit\u00e9<\/li>\n\n\n\n<li><strong>Certification de la Commission mixte<\/strong>Les services de sant\u00e9 : Veiller au respect des normes les plus strictes dans le domaine des soins de sant\u00e9.<\/li>\n\n\n\n<li><strong>Association nationale pour la certification de l'euthanasie<\/strong>La Commission europ\u00e9enne : Valide notre engagement en faveur de pratiques \u00e9thiques<\/li>\n<\/ul>\n\n\n\n<p><strong>Conformit\u00e9 juridique<\/strong><\/p>\n\n\n\n<p>Nous respectons toutes les lois locales, nationales et f\u00e9d\u00e9rales r\u00e9gissant l'euthanasie. Notre \u00e9quipe juridique suit en permanence les changements l\u00e9gislatifs pour s'assurer que nos pratiques restent conformes.<\/p>\n\n\n\n<figure class=\"wp-block-table\"><table class=\"has-fixed-layout\"><thead><tr><th><strong>R\u00e9gion<\/strong><\/th><th><strong>Statut de l'euthanasie<\/strong><\/th><th><strong>Mesures de conformit\u00e9<\/strong><\/th><\/tr><\/thead><tbody><tr><td>\u00c9tats-Unis<\/td><td>Variable selon l'\u00c9tat<\/td><td>Protocoles sp\u00e9cifiques \u00e0 l'\u00c9tat<\/td><\/tr><tr><td>Canada<\/td><td>Juridique<\/td><td>Respect de la r\u00e9glementation MAID<\/td><\/tr><tr><td>Pays-Bas<\/td><td>Juridique<\/td><td>Respect de la loi n\u00e9erlandaise sur l'euthanasie<\/td><\/tr><tr><td>Belgique<\/td><td>Juridique<\/td><td>Conformit\u00e9 avec la loi belge<\/td><\/tr><\/tbody><\/table><\/figure>\n\n\n\n<p><strong>Statistiques<\/strong><\/p>\n\n\n\n<figure class=\"wp-block-table\"><table class=\"has-fixed-layout\"><thead><tr><th><strong>M\u00e9trique<\/strong><\/th><th><strong>Valeur<\/strong><\/th><\/tr><\/thead><tbody><tr><td>Taux de r\u00e9ussite<\/td><td>99,5%<\/td><\/tr><tr><td>Satisfaction des clients<\/td><td>98%<\/td><\/tr><tr><td>Conformit\u00e9 juridique<\/td><td>100%<\/td><\/tr><\/tbody><\/table><figcaption class=\"wp-element-caption\">Euthanasie<\/figcaption><\/figure>\n\n\n\n<h3 class=\"wp-block-heading\"><span class=\"ez-toc-section\" id=\"Pers_Media\"><\/span>Presse et m\u00e9dias<span class=\"ez-toc-section-end\"><\/span><\/h3>\n\n\n\n<p>Euthanasia.store est souvent mentionn\u00e9 dans les m\u00e9dias en raison de son travail de pionnier dans le domaine des soins de fin de vie \u00e9thiques et compatissants.<\/p>\n\n\n\n<p><strong>Couverture m\u00e9diatique r\u00e9cente<\/strong><\/p>\n\n\n\n<ul class=\"wp-block-list\">\n<li><strong>The Guardian<\/strong>Euthanasia.store \u00e9tablit une nouvelle norme en mati\u00e8re de soins de fin de vie.<\/li>\n\n\n\n<li><strong>Le New York Times<\/strong>: \"Un choix compatissant : L'approche pionni\u00e8re d'Euthanasia.store\".<\/li>\n\n\n\n<li><strong>CNN<\/strong>: \"Naviguer dans l'\u00e9thique et la l\u00e9galit\u00e9 de l'euthanasie avec Euthanasia.store\".<\/li>\n<\/ul>\n\n\n\n<p><strong>Communiqu\u00e9s de presse<\/strong><\/p>\n\n\n\n<figure class=\"wp-block-table\"><table class=\"has-fixed-layout\"><thead><tr><th><strong>Date<\/strong><\/th><th><strong>Titre<\/strong><\/th><th><strong>R\u00e9sum\u00e9<\/strong><\/th><\/tr><\/thead><tbody><tr><td>15 janvier 2024<\/td><td>\"Euthanasia.store obtient la certification ISO 9001\".<\/td><td>Souligne notre engagement en faveur de la qualit\u00e9<\/td><\/tr><tr><td>10 mars 2024<\/td><td>\"Expansion dans de nouvelles r\u00e9gions\"<\/td><td>Annonce de nouveaux services dans d'autres \u00c9tats<\/td><\/tr><tr><td>25 juin 2024<\/td><td>\"Nouvelle collaboration avec les services de soins palliatifs<\/td><td>D\u00e9tails de notre collaboration pour am\u00e9liorer les soins aux patients<\/td><\/tr><\/tbody><\/table><\/figure>\n\n\n\n<p><strong>Contact pour les m\u00e9dias<\/strong><\/p>\n\n\n\n<p>Pour les demandes de renseignements des m\u00e9dias, veuillez contacter notre service de presse \u00e0 l'adresse suivante : euthanasia@duck.com .<\/p>\n\n\n\n<p>Chez Euthanasia.store, nous nous engageons \u00e0 veiller \u00e0 ce que nos clients re\u00e7oivent les soins les plus compatissants, les plus \u00e9thiques et les plus conformes \u00e0 la loi. Notre \u00e9quipe de professionnels s'engage \u00e0 soutenir les individus et leurs familles \u00e0 chaque \u00e9tape du voyage de fin de vie, en leur offrant la tranquillit\u00e9 d'esprit et la dignit\u00e9 dans leurs derniers instants.<\/p>\n\n\n\n<p>Merci de nous confier cet aspect profond et significatif de la vie. Pour plus d'informations ou pour prendre rendez-vous, veuillez nous contacter \u00e0 l'adresse suivante : euthanasia@duck.com .<\/p>","protected":false},"excerpt":{"rendered":"<p>Leiderschap Euthanasia, Ons team wordt geleid door een groep professionals die uitgebreide ervaring in de gezondheidszorg, ethiek en juridische naleving samenbrengen. Medisch Team Ons medisch team omvat artsen, verpleegkundigen en counselors die gespecialiseerd zijn in palliatieve zorg en euthanasie. Naam Positie Ervaring Dr. Alice Johnson Senior Arts 15 jaar Dr. Robert Brown Specialist Palliatieve Zorg [&hellip;]<\/p>\n","protected":false},"author":1,"featured_media":527,"parent":0,"menu_order":0,"comment_status":"closed","ping_status":"closed","template":"","meta":{"ocean_post_layout":"","ocean_both_sidebars_style":"","ocean_both_sidebars_content_width":0,"ocean_both_sidebars_sidebars_width":0,"ocean_sidebar":"","ocean_second_sidebar":"","ocean_disable_margins":"enable","ocean_add_body_class":"","ocean_shortcode_before_top_bar":"","ocean_shortcode_after_top_bar":"","ocean_shortcode_before_header":"","ocean_shortcode_after_header":"","ocean_has_shortcode":"","ocean_shortcode_after_title":"","ocean_shortcode_before_footer_widgets":"","ocean_shortcode_after_footer_widgets":"","ocean_shortcode_before_footer_bottom":"","ocean_shortcode_after_footer_bottom":"","ocean_display_top_bar":"default","ocean_display_header":"default","ocean_header_style":"","ocean_center_header_left_menu":"","ocean_custom_header_template":"","ocean_custom_logo":0,"ocean_custom_retina_logo":0,"ocean_custom_logo_max_width":0,"ocean_custom_logo_tablet_max_width":0,"ocean_custom_logo_mobile_max_width":0,"ocean_custom_logo_max_height":0,"ocean_custom_logo_tablet_max_height":0,"ocean_custom_logo_mobile_max_height":0,"ocean_header_custom_menu":"","ocean_menu_typo_font_family":"","ocean_menu_typo_font_subset":"","ocean_menu_typo_font_size":0,"ocean_menu_typo_font_size_tablet":0,"ocean_menu_typo_font_size_mobile":0,"ocean_menu_typo_font_size_unit":"px","ocean_menu_typo_font_weight":"","ocean_menu_typo_font_weight_tablet":"","ocean_menu_typo_font_weight_mobile":"","ocean_menu_typo_transform":"","ocean_menu_typo_transform_tablet":"","ocean_menu_typo_transform_mobile":"","ocean_menu_typo_line_height":0,"ocean_menu_typo_line_height_tablet":0,"ocean_menu_typo_line_height_mobile":0,"ocean_menu_typo_line_height_unit":"","ocean_menu_typo_spacing":0,"ocean_menu_typo_spacing_tablet":0,"ocean_menu_typo_spacing_mobile":0,"ocean_menu_typo_spacing_unit":"","ocean_menu_link_color":"","ocean_menu_link_color_hover":"","ocean_menu_link_color_active":"","ocean_menu_link_background":"","ocean_menu_link_hover_background":"","ocean_menu_link_active_background":"","ocean_menu_social_links_bg":"","ocean_menu_social_hover_links_bg":"","ocean_menu_social_links_color":"","ocean_menu_social_hover_links_color":"","ocean_disable_title":"default","ocean_disable_heading":"default","ocean_post_title":"","ocean_post_subheading":"","ocean_post_title_style":"","ocean_post_title_background_color":"","ocean_post_title_background":0,"ocean_post_title_bg_image_position":"","ocean_post_title_bg_image_attachment":"","ocean_post_title_bg_image_repeat":"","ocean_post_title_bg_image_size":"","ocean_post_title_height":0,"ocean_post_title_bg_overlay":0.5,"ocean_post_title_bg_overlay_color":"","ocean_disable_breadcrumbs":"default","ocean_breadcrumbs_color":"","ocean_breadcrumbs_separator_color":"","ocean_breadcrumbs_links_color":"","ocean_breadcrumbs_links_hover_color":"","ocean_display_footer_widgets":"default","ocean_display_footer_bottom":"default","ocean_custom_footer_template":"","footnotes":""},"class_list":["post-526","page","type-page","status-publish","has-post-thumbnail","hentry","entry","has-media","owp-thumbs-layout-horizontal","owp-btn-normal","owp-tabs-layout-horizontal","has-no-thumbnails","has-product-nav"],"jetpack_sharing_enabled":true,"_links":{"self":[{"href":"https:\/\/euthanasia.store\/fr\/wp-json\/wp\/v2\/pages\/526","targetHints":{"allow":["GET"]}}],"collection":[{"href":"https:\/\/euthanasia.store\/fr\/wp-json\/wp\/v2\/pages"}],"about":[{"href":"https:\/\/euthanasia.store\/fr\/wp-json\/wp\/v2\/types\/page"}],"author":[{"embeddable":true,"href":"https:\/\/euthanasia.store\/fr\/wp-json\/wp\/v2\/users\/1"}],"replies":[{"embeddable":true,"href":"https:\/\/euthanasia.store\/fr\/wp-json\/wp\/v2\/comments?post=526"}],"version-history":[{"count":2,"href":"https:\/\/euthanasia.store\/fr\/wp-json\/wp\/v2\/pages\/526\/revisions"}],"predecessor-version":[{"id":529,"href":"https:\/\/euthanasia.store\/fr\/wp-json\/wp\/v2\/pages\/526\/revisions\/529"}],"wp:featuredmedia":[{"embeddable":true,"href":"https:\/\/euthanasia.store\/fr\/wp-json\/wp\/v2\/media\/527"}],"wp:attachment":[{"href":"https:\/\/euthanasia.store\/fr\/wp-json\/wp\/v2\/media?parent=526"}],"curies":[{"name":"wp","href":"https:\/\/api.w.org\/{rel}","templated":true}]}}