{"id":403,"date":"2024-07-30T22:12:20","date_gmt":"2024-07-30T22:12:20","guid":{"rendered":"https:\/\/euthanasia.store\/?page_id=403"},"modified":"2024-07-30T22:19:20","modified_gmt":"2024-07-30T22:19:20","slug":"euthanasies","status":"publish","type":"page","link":"https:\/\/euthanasia.store\/fr\/euthanasies\/","title":{"rendered":"Politique de remboursement et de retour"},"content":{"rendered":"<div id=\"ez-toc-container\" class=\"ez-toc-v2_0_82_2 counter-hierarchy ez-toc-counter ez-toc-grey ez-toc-container-direction\">\n<div class=\"ez-toc-title-container\">\n<p class=\"ez-toc-title\" style=\"cursor:inherit\">Table des mati\u00e8res<\/p>\n<span class=\"ez-toc-title-toggle\"><a href=\"#\" class=\"ez-toc-pull-right ez-toc-btn ez-toc-btn-xs ez-toc-btn-default ez-toc-toggle\" aria-label=\"Toggle Table des mati\u00e8res\"><span class=\"ez-toc-js-icon-con\"><span class=\"\"><span class=\"eztoc-hide\" style=\"display:none;\">Toggle<\/span><span class=\"ez-toc-icon-toggle-span\"><svg style=\"fill: #999;color:#999\" xmlns=\"http:\/\/www.w3.org\/2000\/svg\" class=\"list-377408\" width=\"20px\" height=\"20px\" viewbox=\"0 0 24 24\" fill=\"none\"><path d=\"M6 6H4v2h2V6zm14 0H8v2h12V6zM4 11h2v2H4v-2zm16 0H8v2h12v-2zM4 16h2v2H4v-2zm16 0H8v2h12v-2z\" fill=\"currentColor\"><\/path><\/svg><svg style=\"fill: #999;color:#999\" class=\"arrow-unsorted-368013\" xmlns=\"http:\/\/www.w3.org\/2000\/svg\" width=\"10px\" height=\"10px\" viewbox=\"0 0 24 24\" version=\"1.2\" baseprofile=\"tiny\"><path d=\"M18.2 9.3l-6.2-6.3-6.2 6.3c-.2.2-.3.4-.3.7s.1.5.3.7c.2.2.4.3.7.3h11c.3 0 .5-.1.7-.3.2-.2.3-.5.3-.7s-.1-.5-.3-.7zM5.8 14.7l6.2 6.3 6.2-6.3c.2-.2.3-.5.3-.7s-.1-.5-.3-.7c-.2-.2-.4-.3-.7-.3h-11c-.3 0-.5.1-.7.3-.2.2-.3.5-.3.7s.1.5.3.7z\"\/><\/svg><\/span><\/span><\/span><\/a><\/span><\/div>\n<nav><ul class='ez-toc-list ez-toc-list-level-1' ><li class='ez-toc-page-1 ez-toc-heading-level-3'><a class=\"ez-toc-link ez-toc-heading-1\" href=\"https:\/\/euthanasia.store\/fr\/euthanasies\/#Inleiding\" >Introduction<\/a><\/li><li class='ez-toc-page-1 ez-toc-heading-level-3'><a class=\"ez-toc-link ez-toc-heading-2\" href=\"https:\/\/euthanasia.store\/fr\/euthanasies\/#Terugbetalingsbeleid\" >Politique de remboursement<\/a><\/li><li class='ez-toc-page-1 ez-toc-heading-level-3'><a class=\"ez-toc-link ez-toc-heading-3\" href=\"https:\/\/euthanasia.store\/fr\/euthanasies\/#Retourbeleid\" >Politique de retour<\/a><\/li><li class='ez-toc-page-1 ez-toc-heading-level-3'><a class=\"ez-toc-link ez-toc-heading-4\" href=\"https:\/\/euthanasia.store\/fr\/euthanasies\/#Discrete_Levering\" >Livraison discr\u00e8te<\/a><\/li><li class='ez-toc-page-1 ez-toc-heading-level-3'><a class=\"ez-toc-link ez-toc-heading-5\" href=\"https:\/\/euthanasia.store\/fr\/euthanasies\/#Hoe_een_Terugbetaling_of_Retour_Aanvragen\" >Comment demander un remboursement ou un retour<\/a><\/li><li class='ez-toc-page-1 ez-toc-heading-level-3'><a class=\"ez-toc-link ez-toc-heading-6\" href=\"https:\/\/euthanasia.store\/fr\/euthanasies\/#Contact_Ons\" >Contactez nous<\/a><\/li><li class='ez-toc-page-1 ez-toc-heading-level-3'><a class=\"ez-toc-link ez-toc-heading-7\" href=\"https:\/\/euthanasia.store\/fr\/euthanasies\/#Wijzigingen_in_Dit_Beleid\" >Modifications de la pr\u00e9sente politique<\/a><\/li><\/ul><\/nav><\/div>\n<h3 class=\"wp-block-heading\"><span class=\"ez-toc-section\" id=\"Inleiding\"><\/span>Introduction<span class=\"ez-toc-section-end\"><\/span><\/h3>\n\n\n\n<p>Au <a href=\"https:\/\/euthanasia.store\/fr\/\">euthanasies.store <\/a>votre vie priv\u00e9e et votre satisfaction sont primordiales. Notre politique de retour et de remboursement est con\u00e7ue pour r\u00e9soudre les probl\u00e8mes de mani\u00e8re discr\u00e8te et efficace. Cette politique d\u00e9crit la mani\u00e8re dont nous traitons les remboursements et les retours, en veillant \u00e0 ce que toutes les livraisons et tous les retours soient trait\u00e9s dans la plus grande confidentialit\u00e9. Euthanasie<\/p>\n\n\n\n<h3 class=\"wp-block-heading\"><span class=\"ez-toc-section\" id=\"Terugbetalingsbeleid\"><\/span>Politique de remboursement<span class=\"ez-toc-section-end\"><\/span><\/h3>\n\n\n\n<p>Nous nous effor\u00e7ons de faire en sorte que nos produits et services r\u00e9pondent \u00e0 vos attentes. Si vous rencontrez des probl\u00e8mes, notre politique de remboursement est heureuse de vous aider : Euthanasias<\/p>\n\n\n\n<figure class=\"wp-block-table\"><table class=\"has-fixed-layout\"><thead><tr><th><strong>Condition<\/strong><\/th><th><strong>Politique<\/strong><\/th><\/tr><\/thead><tbody><tr><td><strong>Produits endommag\u00e9s ou d\u00e9fectueux<\/strong><\/td><td>Si vous recevez un produit endommag\u00e9 ou d\u00e9fectueux, veuillez nous contacter dans les 7 jours pour un remplacement ou un remboursement.<\/td><\/tr><tr><td><strong>Articles incorrects<\/strong><\/td><td>Si vous recevez un article incorrect, veuillez nous en informer dans les 7 jours pour un remplacement ou un remboursement.<\/td><\/tr><tr><td><strong>Changement d'avis<\/strong><\/td><td>En raison de la nature de nos produits, nous n'offrons pas de remboursement en cas de changement d'avis.<\/td><\/tr><tr><td><strong>Service non re\u00e7u<\/strong><\/td><td>Si un service n'est pas fourni tel que d\u00e9crit, veuillez nous contacter dans les 7 jours pour une solution ou un remboursement.<\/td><\/tr><\/tbody><\/table><\/figure>\n\n\n\n<h3 class=\"wp-block-heading\"><span class=\"ez-toc-section\" id=\"Retourbeleid\"><\/span>Politique de retour<span class=\"ez-toc-section-end\"><\/span><\/h3>\n\n\n\n<p>Nous comprenons que des retours peuvent \u00eatre n\u00e9cessaires et nous les traitons avec discr\u00e9tion :<\/p>\n\n\n\n<figure class=\"wp-block-table\"><table class=\"has-fixed-layout\"><thead><tr><th><strong>Condition de retour<\/strong><\/th><th><strong>Politique<\/strong><\/th><\/tr><\/thead><tbody><tr><td><strong>Emballages non ouverts<\/strong><\/td><td>Si vous souhaitez renvoyer un colis non ouvert, veuillez nous contacter dans les 7 jours pour obtenir les instructions de retour.<\/td><\/tr><tr><td><strong>Paquets ouverts<\/strong><\/td><td>Les retours de colis ouverts ne seront accept\u00e9s que pour les articles endommag\u00e9s ou incorrects.<\/td><\/tr><\/tbody><\/table><\/figure>\n\n\n\n<h3 class=\"wp-block-heading\"><span class=\"ez-toc-section\" id=\"Discrete_Levering\"><\/span>Livraison discr\u00e8te<span class=\"ez-toc-section-end\"><\/span><\/h3>\n\n\n\n<p>Nous nous engageons \u00e0 prot\u00e9ger toutes les interactions avec nous avec le plus haut niveau de confidentialit\u00e9 :<\/p>\n\n\n\n<figure class=\"wp-block-table\"><table class=\"has-fixed-layout\"><thead><tr><th><strong>Fonctionnalit\u00e9<\/strong><\/th><th><strong>Description<\/strong><\/th><\/tr><\/thead><tbody><tr><td><strong>\u00c9tiquettes anonymes<\/strong><\/td><td>Tous les colis sont \u00e9tiquet\u00e9s avec des descriptions neutres pour prot\u00e9ger votre vie priv\u00e9e.<\/td><\/tr><tr><td><strong>Emballage neutre<\/strong><\/td><td>Nous utilisons des emballages discrets et non marqu\u00e9s pour garantir la discr\u00e9tion.<\/td><\/tr><tr><td><strong>Exp\u00e9dition confidentielle<\/strong><\/td><td>Les colis sont envoy\u00e9s par des m\u00e9thodes discr\u00e8tes afin de garantir la confidentialit\u00e9 lors de la livraison.<\/td><\/tr><\/tbody><\/table><\/figure>\n\n\n\n<h3 class=\"wp-block-heading\"><span class=\"ez-toc-section\" id=\"Hoe_een_Terugbetaling_of_Retour_Aanvragen\"><\/span>Comment demander un remboursement ou un retour<span class=\"ez-toc-section-end\"><\/span><\/h3>\n\n\n\n<p>Suivez les \u00e9tapes suivantes pour demander un remboursement ou effectuer un retour : <a href=\"https:\/\/www.youtube.com\/watch?v=-Mv-5B8goVk\" target=\"_blank\" rel=\"noopener\">Euthanasies<\/a><\/p>\n\n\n\n<figure class=\"wp-block-table\"><table class=\"has-fixed-layout\"><thead><tr><th><strong>\u00c9tape<\/strong><\/th><th><strong>Description<\/strong><\/th><\/tr><\/thead><tbody><tr><td><strong>1. Nous contacter<\/strong><\/td><td>Envoyez un courriel \u00e0 euthanasia@duck.com ou appelez dans les 7 jours suivant la r\u00e9ception de votre produit ou service.<\/td><\/tr><tr><td><strong>2. Fournir des donn\u00e9es<\/strong><\/td><td>Veuillez inclure votre num\u00e9ro de commande, une description du probl\u00e8me et la documentation pertinente.<\/td><\/tr><tr><td><strong>3. Autorisation de retour<\/strong><\/td><td>Si un retour est possible, nous vous fournirons des instructions de retour et une autorisation.<\/td><\/tr><tr><td><strong>4. Envoi en retour<\/strong><\/td><td>Suivez les instructions fournies pour renvoyer le colis en toute s\u00e9curit\u00e9 et en toute discr\u00e9tion.<\/td><\/tr><tr><td><strong>5. Traitement<\/strong><\/td><td>D\u00e8s r\u00e9ception du colis retourn\u00e9, nous proc\u00e9derons au remboursement ou au remplacement du produit dans un d\u00e9lai de 7 jours ouvrables.<\/td><\/tr><\/tbody><\/table><\/figure>\n\n\n\n<h3 class=\"wp-block-heading\"><span class=\"ez-toc-section\" id=\"Contact_Ons\"><\/span>Contactez nous<span class=\"ez-toc-section-end\"><\/span><\/h3>\n\n\n\n<p>Pour toute question ou pour demander un remboursement ou un retour, veuillez nous contacter :<\/p>\n\n\n\n<figure class=\"wp-block-table\"><table class=\"has-fixed-layout\"><thead><tr><th><strong>M\u00e9thode<\/strong><\/th><th><strong>Donn\u00e9es<\/strong><\/th><\/tr><\/thead><tbody><tr><td><strong>Courriel<\/strong><\/td><td>euthanasia@duck.com<\/td><\/tr><tr><td><strong>T\u00e9l\u00e9gramme<\/strong><\/td><td>@euthanasiastore<\/td><\/tr><tr><td><strong>Adresse postale<\/strong><\/td><td><\/td><\/tr><\/tbody><\/table><\/figure>\n\n\n\n<h3 class=\"wp-block-heading\"><span class=\"ez-toc-section\" id=\"Wijzigingen_in_Dit_Beleid\"><\/span>Modifications de la pr\u00e9sente politique<span class=\"ez-toc-section-end\"><\/span><\/h3>\n\n\n\n<p>Nous pouvons mettre \u00e0 jour cette politique de retour et de remboursement de temps \u00e0 autre pour refl\u00e9ter des changements dans nos pratiques ou pour d'autres raisons op\u00e9rationnelles, juridiques ou r\u00e9glementaires. Les mises \u00e0 jour seront publi\u00e9es sur cette page avec une \"date d'entr\u00e9e en vigueur\" actualis\u00e9e. Euthanasie<\/p>\n\n\n\n<p>Merci d'avoir choisi Euthanasia.store. Nous ferons en sorte que votre exp\u00e9rience avec nous soit aussi discr\u00e8te et satisfaisante que possible.<\/p>","protected":false},"excerpt":{"rendered":"<p>Inleiding Bij euthanasies.store staat uw privacy en tevredenheid voorop. Ons Retour- en Terugbetalingsbeleid is ontworpen om problemen discreet en effectief op te lossen. Dit beleid beschrijft hoe wij omgaan met terugbetalingen en retouren, waarbij we ervoor zorgen dat alle leveringen en retouren met de grootste vertrouwelijkheid worden behandeld. Euthanasies Terugbetalingsbeleid Wij streven ernaar ervoor te [&hellip;]<\/p>\n","protected":false},"author":1,"featured_media":547,"parent":0,"menu_order":0,"comment_status":"closed","ping_status":"closed","template":"","meta":{"ocean_post_layout":"","ocean_both_sidebars_style":"","ocean_both_sidebars_content_width":0,"ocean_both_sidebars_sidebars_width":0,"ocean_sidebar":"","ocean_second_sidebar":"","ocean_disable_margins":"enable","ocean_add_body_class":"","ocean_shortcode_before_top_bar":"","ocean_shortcode_after_top_bar":"","ocean_shortcode_before_header":"","ocean_shortcode_after_header":"","ocean_has_shortcode":"","ocean_shortcode_after_title":"","ocean_shortcode_before_footer_widgets":"","ocean_shortcode_after_footer_widgets":"","ocean_shortcode_before_footer_bottom":"","ocean_shortcode_after_footer_bottom":"","ocean_display_top_bar":"default","ocean_display_header":"default","ocean_header_style":"","ocean_center_header_left_menu":"","ocean_custom_header_template":"","ocean_custom_logo":0,"ocean_custom_retina_logo":0,"ocean_custom_logo_max_width":0,"ocean_custom_logo_tablet_max_width":0,"ocean_custom_logo_mobile_max_width":0,"ocean_custom_logo_max_height":0,"ocean_custom_logo_tablet_max_height":0,"ocean_custom_logo_mobile_max_height":0,"ocean_header_custom_menu":"","ocean_menu_typo_font_family":"","ocean_menu_typo_font_subset":"","ocean_menu_typo_font_size":0,"ocean_menu_typo_font_size_tablet":0,"ocean_menu_typo_font_size_mobile":0,"ocean_menu_typo_font_size_unit":"px","ocean_menu_typo_font_weight":"","ocean_menu_typo_font_weight_tablet":"","ocean_menu_typo_font_weight_mobile":"","ocean_menu_typo_transform":"","ocean_menu_typo_transform_tablet":"","ocean_menu_typo_transform_mobile":"","ocean_menu_typo_line_height":0,"ocean_menu_typo_line_height_tablet":0,"ocean_menu_typo_line_height_mobile":0,"ocean_menu_typo_line_height_unit":"","ocean_menu_typo_spacing":0,"ocean_menu_typo_spacing_tablet":0,"ocean_menu_typo_spacing_mobile":0,"ocean_menu_typo_spacing_unit":"","ocean_menu_link_color":"","ocean_menu_link_color_hover":"","ocean_menu_link_color_active":"","ocean_menu_link_background":"","ocean_menu_link_hover_background":"","ocean_menu_link_active_background":"","ocean_menu_social_links_bg":"","ocean_menu_social_hover_links_bg":"","ocean_menu_social_links_color":"","ocean_menu_social_hover_links_color":"","ocean_disable_title":"default","ocean_disable_heading":"default","ocean_post_title":"","ocean_post_subheading":"","ocean_post_title_style":"","ocean_post_title_background_color":"","ocean_post_title_background":0,"ocean_post_title_bg_image_position":"","ocean_post_title_bg_image_attachment":"","ocean_post_title_bg_image_repeat":"","ocean_post_title_bg_image_size":"","ocean_post_title_height":0,"ocean_post_title_bg_overlay":0.5,"ocean_post_title_bg_overlay_color":"","ocean_disable_breadcrumbs":"default","ocean_breadcrumbs_color":"","ocean_breadcrumbs_separator_color":"","ocean_breadcrumbs_links_color":"","ocean_breadcrumbs_links_hover_color":"","ocean_display_footer_widgets":"default","ocean_display_footer_bottom":"default","ocean_custom_footer_template":"","footnotes":""},"class_list":["post-403","page","type-page","status-publish","has-post-thumbnail","hentry","entry","has-media","owp-thumbs-layout-horizontal","owp-btn-normal","owp-tabs-layout-horizontal","has-no-thumbnails","has-product-nav"],"jetpack_sharing_enabled":true,"_links":{"self":[{"href":"https:\/\/euthanasia.store\/fr\/wp-json\/wp\/v2\/pages\/403","targetHints":{"allow":["GET"]}}],"collection":[{"href":"https:\/\/euthanasia.store\/fr\/wp-json\/wp\/v2\/pages"}],"about":[{"href":"https:\/\/euthanasia.store\/fr\/wp-json\/wp\/v2\/types\/page"}],"author":[{"embeddable":true,"href":"https:\/\/euthanasia.store\/fr\/wp-json\/wp\/v2\/users\/1"}],"replies":[{"embeddable":true,"href":"https:\/\/euthanasia.store\/fr\/wp-json\/wp\/v2\/comments?post=403"}],"version-history":[{"count":1,"href":"https:\/\/euthanasia.store\/fr\/wp-json\/wp\/v2\/pages\/403\/revisions"}],"predecessor-version":[{"id":546,"href":"https:\/\/euthanasia.store\/fr\/wp-json\/wp\/v2\/pages\/403\/revisions\/546"}],"wp:featuredmedia":[{"embeddable":true,"href":"https:\/\/euthanasia.store\/fr\/wp-json\/wp\/v2\/media\/547"}],"wp:attachment":[{"href":"https:\/\/euthanasia.store\/fr\/wp-json\/wp\/v2\/media?parent=403"}],"curies":[{"name":"wp","href":"https:\/\/api.w.org\/{rel}","templated":true}]}}