{"id":3,"date":"2024-07-27T16:24:10","date_gmt":"2024-07-27T16:24:10","guid":{"rendered":"http:\/\/euthanasia.store\/?page_id=3"},"modified":"2024-07-30T22:19:10","modified_gmt":"2024-07-30T22:19:10","slug":"euthanasie-hund","status":"publish","type":"page","link":"https:\/\/euthanasia.store\/fr\/euthanasie-hund\/","title":{"rendered":"Politique de confidentialit\u00e9"},"content":{"rendered":"<div id=\"ez-toc-container\" class=\"ez-toc-v2_0_82_2 counter-hierarchy ez-toc-counter ez-toc-grey ez-toc-container-direction\">\n<div class=\"ez-toc-title-container\">\n<p class=\"ez-toc-title\" style=\"cursor:inherit\">Table des mati\u00e8res<\/p>\n<span class=\"ez-toc-title-toggle\"><a href=\"#\" class=\"ez-toc-pull-right ez-toc-btn ez-toc-btn-xs ez-toc-btn-default ez-toc-toggle\" aria-label=\"Toggle Table des mati\u00e8res\"><span class=\"ez-toc-js-icon-con\"><span class=\"\"><span class=\"eztoc-hide\" style=\"display:none;\">Toggle<\/span><span class=\"ez-toc-icon-toggle-span\"><svg style=\"fill: #999;color:#999\" xmlns=\"http:\/\/www.w3.org\/2000\/svg\" class=\"list-377408\" width=\"20px\" height=\"20px\" viewbox=\"0 0 24 24\" fill=\"none\"><path d=\"M6 6H4v2h2V6zm14 0H8v2h12V6zM4 11h2v2H4v-2zm16 0H8v2h12v-2zM4 16h2v2H4v-2zm16 0H8v2h12v-2z\" fill=\"currentColor\"><\/path><\/svg><svg style=\"fill: #999;color:#999\" class=\"arrow-unsorted-368013\" xmlns=\"http:\/\/www.w3.org\/2000\/svg\" width=\"10px\" height=\"10px\" viewbox=\"0 0 24 24\" version=\"1.2\" baseprofile=\"tiny\"><path d=\"M18.2 9.3l-6.2-6.3-6.2 6.3c-.2.2-.3.4-.3.7s.1.5.3.7c.2.2.4.3.7.3h11c.3 0 .5-.1.7-.3.2-.2.3-.5.3-.7s-.1-.5-.3-.7zM5.8 14.7l6.2 6.3 6.2-6.3c.2-.2.3-.5.3-.7s-.1-.5-.3-.7c-.2-.2-.4-.3-.7-.3h-11c-.3 0-.5.1-.7.3-.2.2-.3.5-.3.7s.1.5.3.7z\"\/><\/svg><\/span><\/span><\/span><\/a><\/span><\/div>\n<nav><ul class='ez-toc-list ez-toc-list-level-1' ><li class='ez-toc-page-1 ez-toc-heading-level-2'><a class=\"ez-toc-link ez-toc-heading-1\" href=\"https:\/\/euthanasia.store\/fr\/euthanasie-hund\/#Inleiding\" >Introduction<\/a><ul class='ez-toc-list-level-3' ><li class='ez-toc-heading-level-3'><a class=\"ez-toc-link ez-toc-heading-2\" href=\"https:\/\/euthanasia.store\/fr\/euthanasie-hund\/#Informatie_die_Wij_Niet_Verzamelen\" >Informations que nous ne recueillons pas<\/a><\/li><li class='ez-toc-page-1 ez-toc-heading-level-3'><a class=\"ez-toc-link ez-toc-heading-3\" href=\"https:\/\/euthanasia.store\/fr\/euthanasie-hund\/#Discrete_Levering\" >Livraison discr\u00e8te<\/a><\/li><li class='ez-toc-page-1 ez-toc-heading-level-3'><a class=\"ez-toc-link ez-toc-heading-4\" href=\"https:\/\/euthanasia.store\/fr\/euthanasie-hund\/#Beveiliging_van_Uw_Informatie\" >S\u00e9curit\u00e9 de vos informations<\/a><\/li><li class='ez-toc-page-1 ez-toc-heading-level-3'><a class=\"ez-toc-link ez-toc-heading-5\" href=\"https:\/\/euthanasia.store\/fr\/euthanasie-hund\/#Uw_Privacyrechten\" >Vos droits en mati\u00e8re de protection de la vie priv\u00e9e<\/a><\/li><li class='ez-toc-page-1 ez-toc-heading-level-3'><a class=\"ez-toc-link ez-toc-heading-6\" href=\"https:\/\/euthanasia.store\/fr\/euthanasie-hund\/#Contact_Met_Ons_Opnemen\" >Contactez nous<\/a><\/li><li class='ez-toc-page-1 ez-toc-heading-level-3'><a class=\"ez-toc-link ez-toc-heading-7\" href=\"https:\/\/euthanasia.store\/fr\/euthanasie-hund\/#Wijzigingen_in_Dit_Privacybeleid\" >Modifications de la pr\u00e9sente politique de protection de la vie priv\u00e9e<\/a><\/li><\/ul><\/li><\/ul><\/nav><\/div>\n<h2 class=\"wp-block-heading\"><span class=\"ez-toc-section\" id=\"Inleiding\"><\/span>Introduction<span class=\"ez-toc-section-end\"><\/span><\/h2>\n\n\n\n<p>Euthanasia hund, Welcome to <a href=\"https:\/\/euthanasia.store\/fr\/\">Euthanasia.store<\/a>. Nous nous engageons \u00e0 respecter votre vie priv\u00e9e et la confidentialit\u00e9 de vos informations. La pr\u00e9sente politique de confidentialit\u00e9 d\u00e9crit notre engagement de discr\u00e9tion et de transparence concernant les informations que nous collectons et ne collectons pas, ainsi que nos pratiques en mati\u00e8re de protection de la vie priv\u00e9e. Euthanasie hund<\/p>\n\n\n\n<h3 class=\"wp-block-heading\"><span class=\"ez-toc-section\" id=\"Informatie_die_Wij_Niet_Verzamelen\"><\/span>Informations que nous ne recueillons pas<span class=\"ez-toc-section-end\"><\/span><\/h3>\n\n\n\n<p>Nous tenons \u00e0 vous assurer que votre vie priv\u00e9e est notre priorit\u00e9 absolue. Sur Euthanasia.store, nous ne recueillons aucune information personnelle vous concernant, y compris, mais sans s'y limiter :<\/p>\n\n\n\n<figure class=\"wp-block-table\"><table class=\"has-fixed-layout\"><thead><tr><th>Type d'information<\/th><th>Description<\/th><\/tr><\/thead><tbody><tr><td><strong>Informations personnelles<\/strong><\/td><td>Nous ne recueillons pas de nom, d'adresse \u00e9lectronique, de num\u00e9ro de t\u00e9l\u00e9phone, d'adresse postale ou d'autres informations personnellement identifiables.<\/td><\/tr><tr><td><strong>Informations sur la sant\u00e9<\/strong><\/td><td>Nous ne recueillons pas les ant\u00e9c\u00e9dents m\u00e9dicaux, les pr\u00e9f\u00e9rences en mati\u00e8re de traitement ou d'autres donn\u00e9es relatives \u00e0 la sant\u00e9.<\/td><\/tr><tr><td><strong>Informations sur le paiement<\/strong><\/td><td>Nous ne conservons pas les d\u00e9tails des cartes de cr\u00e9dit, les adresses de facturation ou d'autres donn\u00e9es financi\u00e8res.<\/td><\/tr><tr><td><strong>Utiliser les donn\u00e9es<\/strong><\/td><td>Nous ne suivons pas vos interactions avec notre site web, telles que l'adresse IP, le type de navigateur ou les pages visit\u00e9es.<\/td><\/tr><tr><td><strong>Cookies et donn\u00e9es de suivi<\/strong><\/td><td>Nous n'utilisons pas de cookies ou d'autres technologies de suivi pour collecter des informations sur votre visite ou votre utilisation.<\/td><\/tr><\/tbody><\/table><\/figure>\n\n\n\n<h3 class=\"wp-block-heading\"><span class=\"ez-toc-section\" id=\"Discrete_Levering\"><\/span>Livraison discr\u00e8te<span class=\"ez-toc-section-end\"><\/span><\/h3>\n\n\n\n<p>Nous sommes conscients de la nature sensible de nos services et nous nous engageons \u00e0 prot\u00e9ger toutes les interactions avec nous avec la plus grande discr\u00e9tion. Foin d'euthanasie<\/p>\n\n\n\n<p><strong>Emballage discret<\/strong><\/p>\n\n\n\n<figure class=\"wp-block-table\"><table class=\"has-fixed-layout\"><thead><tr><th>Fonctionnalit\u00e9<\/th><th>Description<\/th><\/tr><\/thead><tbody><tr><td><strong>\u00c9tiquettes anonymes<\/strong><\/td><td>Tous les colis sont \u00e9tiquet\u00e9s sans aucune information permettant d'identifier l'euthanasie ou notre site web.<\/td><\/tr><tr><td><strong>Emballage neutre<\/strong><\/td><td>Nous utilisons des emballages discrets et non marqu\u00e9s pour garantir la confidentialit\u00e9.<\/td><\/tr><tr><td><strong>Exp\u00e9dition confidentielle<\/strong><\/td><td>Nous travaillons avec des services de livraison de confiance pour que votre colis soit trait\u00e9 de mani\u00e8re discr\u00e8te et s\u00e9curis\u00e9e.<\/td><\/tr><\/tbody><\/table><\/figure>\n\n\n\n<h3 class=\"wp-block-heading\"><span class=\"ez-toc-section\" id=\"Beveiliging_van_Uw_Informatie\"><\/span>S\u00e9curit\u00e9 de vos informations<span class=\"ez-toc-section-end\"><\/span><\/h3>\n\n\n\n<p>Bien que nous ne collections pas d'informations personnelles, nous continuons \u00e0 donner la priorit\u00e9 \u00e0 la s\u00e9curit\u00e9 de notre site web et de nos services afin de prot\u00e9ger votre vie priv\u00e9e. Le faisceau d'euthanasie<\/p>\n\n\n\n<figure class=\"wp-block-table\"><table class=\"has-fixed-layout\"><thead><tr><th>Mesure de s\u00e9curit\u00e9<\/th><th>Description<\/th><\/tr><\/thead><tbody><tr><td><strong>Transactions s\u00e9curis\u00e9es<\/strong><\/td><td>Tous les paiements sont trait\u00e9s par des passerelles de paiement tierces et s\u00e9curis\u00e9es qui ne conservent pas vos informations.<\/td><\/tr><tr><td><strong>Cryptage<\/strong><\/td><td>Notre site web utilise le cryptage SSL\/TLS pour prot\u00e9ger vos interactions et vos transactions avec nous.<\/td><\/tr><tr><td><strong>Contr\u00f4le d'acc\u00e8s<\/strong><\/td><td>Seul le personnel autoris\u00e9 a acc\u00e8s \u00e0 nos syst\u00e8mes afin de garantir la s\u00e9curit\u00e9 de vos interactions.<\/td><\/tr><\/tbody><\/table><\/figure>\n\n\n\n<h3 class=\"wp-block-heading\"><span class=\"ez-toc-section\" id=\"Uw_Privacyrechten\"><\/span>Vos droits en mati\u00e8re de protection de la vie priv\u00e9e<span class=\"ez-toc-section-end\"><\/span><\/h3>\n\n\n\n<p>\u00c9tant donn\u00e9 que notre politique consiste \u00e0 ne pas collecter d'informations personnelles, il existe des droits sp\u00e9cifiques en mati\u00e8re de protection de la vie priv\u00e9e que vous devez conna\u00eetre :<\/p>\n\n\n\n<figure class=\"wp-block-table\"><table class=\"has-fixed-layout\"><thead><tr><th>Droit<\/th><th>Description<\/th><\/tr><\/thead><tbody><tr><td><strong>Interaction anonyme<\/strong><\/td><td>Vous pouvez interagir avec notre site web et nos services sans fournir d'informations personnelles.<\/td><\/tr><tr><td><strong>Transactions confidentielles<\/strong><\/td><td>Vos achats et transactions sont effectu\u00e9s de mani\u00e8re s\u00e9curis\u00e9e et discr\u00e8te par des fournisseurs tiers.<\/td><\/tr><tr><td><strong>Livraison discr\u00e8te<\/strong><\/td><td>Vos commandes sont livr\u00e9es dans un emballage discret, sans informations identifiables.<\/td><\/tr><\/tbody><\/table><\/figure>\n\n\n\n<h3 class=\"wp-block-heading\"><span class=\"ez-toc-section\" id=\"Contact_Met_Ons_Opnemen\"><\/span>Contactez nous<span class=\"ez-toc-section-end\"><\/span><\/h3>\n\n\n\n<p>Si vous avez des questions ou des commentaires sur nos pratiques en mati\u00e8re de protection de la vie priv\u00e9e, n'h\u00e9sitez pas \u00e0 nous contacter. Nous sommes pr\u00eats \u00e0 prot\u00e9ger votre vie priv\u00e9e et \u00e0 vous fournir les informations dont vous avez besoin. <a href=\"https:\/\/www.youtube.com\/watch?v=K0INnZsPyUY\" target=\"_blank\" rel=\"noopener\">Euthanasie<\/a> hund<\/p>\n\n\n\n<p><strong>Informations sur les contacts<\/strong><\/p>\n\n\n\n<figure class=\"wp-block-table\"><table class=\"has-fixed-layout\"><thead><tr><th>M\u00e9thode<\/th><th>Donn\u00e9es<\/th><\/tr><\/thead><tbody><tr><td><strong>Courriel<\/strong><\/td><td>euthanasia@duck.com<\/td><\/tr><tr><td><strong>T\u00e9l\u00e9<\/strong>gramme<\/td><td>@euthanasiastore<\/td><\/tr><tr><td><strong>Adresse postale<\/strong><\/td><td><\/td><\/tr><\/tbody><\/table><\/figure>\n\n\n\n<h3 class=\"wp-block-heading\"><span class=\"ez-toc-section\" id=\"Wijzigingen_in_Dit_Privacybeleid\"><\/span>Modifications de la pr\u00e9sente politique de protection de la vie priv\u00e9e<span class=\"ez-toc-section-end\"><\/span><\/h3>\n\n\n\n<p>Nous pouvons mettre \u00e0 jour notre politique de confidentialit\u00e9 de temps \u00e0 autre pour refl\u00e9ter des changements dans nos pratiques ou pour d'autres raisons op\u00e9rationnelles, juridiques ou r\u00e9glementaires. Toutes les mises \u00e0 jour seront publi\u00e9es sur cette page avec une \"date d'entr\u00e9e en vigueur\" actualis\u00e9e. Housse d'euthanasie<\/p>\n\n\n\n<p>Votre vie priv\u00e9e est de la plus haute importance et nous nous engageons \u00e0 respecter les normes les plus strictes en mati\u00e8re de discr\u00e9tion et de s\u00e9curit\u00e9. Merci de faire confiance \u00e0 Euthanasia.store.<\/p>","protected":false},"excerpt":{"rendered":"<p>Inleiding Euthanasie hund, Welkom bij Euthanasia.store. Wij hechten veel waarde aan uw privacy en de vertrouwelijkheid van uw informatie. Dit Privacybeleid schetst onze toewijding aan discretie en transparantie met betrekking tot de informatie die wij wel en niet verzamelen, evenals onze praktijken voor het beschermen van uw privacy. Euthanasie hund Informatie die Wij Niet Verzamelen [&hellip;]<\/p>\n","protected":false},"author":1,"featured_media":544,"parent":0,"menu_order":0,"comment_status":"closed","ping_status":"closed","template":"","meta":{"ocean_post_layout":"","ocean_both_sidebars_style":"","ocean_both_sidebars_content_width":0,"ocean_both_sidebars_sidebars_width":0,"ocean_sidebar":"","ocean_second_sidebar":"","ocean_disable_margins":"enable","ocean_add_body_class":"","ocean_shortcode_before_top_bar":"","ocean_shortcode_after_top_bar":"","ocean_shortcode_before_header":"","ocean_shortcode_after_header":"","ocean_has_shortcode":"","ocean_shortcode_after_title":"","ocean_shortcode_before_footer_widgets":"","ocean_shortcode_after_footer_widgets":"","ocean_shortcode_before_footer_bottom":"","ocean_shortcode_after_footer_bottom":"","ocean_display_top_bar":"default","ocean_display_header":"default","ocean_header_style":"","ocean_center_header_left_menu":"","ocean_custom_header_template":"","ocean_custom_logo":0,"ocean_custom_retina_logo":0,"ocean_custom_logo_max_width":0,"ocean_custom_logo_tablet_max_width":0,"ocean_custom_logo_mobile_max_width":0,"ocean_custom_logo_max_height":0,"ocean_custom_logo_tablet_max_height":0,"ocean_custom_logo_mobile_max_height":0,"ocean_header_custom_menu":"","ocean_menu_typo_font_family":"","ocean_menu_typo_font_subset":"","ocean_menu_typo_font_size":0,"ocean_menu_typo_font_size_tablet":0,"ocean_menu_typo_font_size_mobile":0,"ocean_menu_typo_font_size_unit":"px","ocean_menu_typo_font_weight":"","ocean_menu_typo_font_weight_tablet":"","ocean_menu_typo_font_weight_mobile":"","ocean_menu_typo_transform":"","ocean_menu_typo_transform_tablet":"","ocean_menu_typo_transform_mobile":"","ocean_menu_typo_line_height":0,"ocean_menu_typo_line_height_tablet":0,"ocean_menu_typo_line_height_mobile":0,"ocean_menu_typo_line_height_unit":"","ocean_menu_typo_spacing":0,"ocean_menu_typo_spacing_tablet":0,"ocean_menu_typo_spacing_mobile":0,"ocean_menu_typo_spacing_unit":"","ocean_menu_link_color":"","ocean_menu_link_color_hover":"","ocean_menu_link_color_active":"","ocean_menu_link_background":"","ocean_menu_link_hover_background":"","ocean_menu_link_active_background":"","ocean_menu_social_links_bg":"","ocean_menu_social_hover_links_bg":"","ocean_menu_social_links_color":"","ocean_menu_social_hover_links_color":"","ocean_disable_title":"default","ocean_disable_heading":"default","ocean_post_title":"","ocean_post_subheading":"","ocean_post_title_style":"","ocean_post_title_background_color":"","ocean_post_title_background":0,"ocean_post_title_bg_image_position":"","ocean_post_title_bg_image_attachment":"","ocean_post_title_bg_image_repeat":"","ocean_post_title_bg_image_size":"","ocean_post_title_height":0,"ocean_post_title_bg_overlay":0.5,"ocean_post_title_bg_overlay_color":"","ocean_disable_breadcrumbs":"default","ocean_breadcrumbs_color":"","ocean_breadcrumbs_separator_color":"","ocean_breadcrumbs_links_color":"","ocean_breadcrumbs_links_hover_color":"","ocean_display_footer_widgets":"default","ocean_display_footer_bottom":"default","ocean_custom_footer_template":"","footnotes":""},"class_list":["post-3","page","type-page","status-publish","has-post-thumbnail","hentry","entry","has-media","owp-thumbs-layout-horizontal","owp-btn-normal","owp-tabs-layout-horizontal","has-no-thumbnails","has-product-nav"],"jetpack_sharing_enabled":true,"_links":{"self":[{"href":"https:\/\/euthanasia.store\/fr\/wp-json\/wp\/v2\/pages\/3","targetHints":{"allow":["GET"]}}],"collection":[{"href":"https:\/\/euthanasia.store\/fr\/wp-json\/wp\/v2\/pages"}],"about":[{"href":"https:\/\/euthanasia.store\/fr\/wp-json\/wp\/v2\/types\/page"}],"author":[{"embeddable":true,"href":"https:\/\/euthanasia.store\/fr\/wp-json\/wp\/v2\/users\/1"}],"replies":[{"embeddable":true,"href":"https:\/\/euthanasia.store\/fr\/wp-json\/wp\/v2\/comments?post=3"}],"version-history":[{"count":2,"href":"https:\/\/euthanasia.store\/fr\/wp-json\/wp\/v2\/pages\/3\/revisions"}],"predecessor-version":[{"id":545,"href":"https:\/\/euthanasia.store\/fr\/wp-json\/wp\/v2\/pages\/3\/revisions\/545"}],"wp:featuredmedia":[{"embeddable":true,"href":"https:\/\/euthanasia.store\/fr\/wp-json\/wp\/v2\/media\/544"}],"wp:attachment":[{"href":"https:\/\/euthanasia.store\/fr\/wp-json\/wp\/v2\/media?parent=3"}],"curies":[{"name":"wp","href":"https:\/\/api.w.org\/{rel}","templated":true}]}}