{"id":733,"date":"2024-08-27T06:18:21","date_gmt":"2024-08-27T06:18:21","guid":{"rendered":"https:\/\/euthanasia.store\/?post_type=product&#038;p=733"},"modified":"2025-09-26T10:53:23","modified_gmt":"2025-09-26T10:53:23","slug":"euthanasie-specialist","status":"publish","type":"product","link":"https:\/\/euthanasia.store\/es\/producto\/euthanasie-specialist\/","title":{"rendered":"Especialista en eutanasia"},"content":{"rendered":"<h2>Euthanasia specialist - Ayuda con la eutanasia<br \/>\nEspecialista en eutanasia<\/h2>\n<h2>Especialista en eutanasia<\/h2>\n<p><a href=\"https:\/\/euthanasia.store\/es\/\">Eutanasia especailista<\/a> es una elecci\u00f3n personal que se respeta y se cumple en muchos pa\u00edses del mundo. Pero, como ya se ha dicho, es una elecci\u00f3n personal y, por tanto, una decisi\u00f3n delicada que requiere comprensi\u00f3n y facilidad para llevar a cabo el procedimiento. A veces, el procedimiento debe ser llevado a cabo por personal verificado y aprobado con apoyo legal. Esto reduce las posibilidades de fracaso y garantiza una gran eficacia. Tus \u00faltimos momentos no deber\u00edan tener precio y euthanasiagroup quiere hacerlo posible de todas las maneras posibles.<\/p>\n<p>Especialmente en sus \u00faltimos d\u00edas, es importante poder cumplir todos sus deseos. Es un honor poder cumplir cualquier deseo de su elecci\u00f3n y asequibilidad durante los \u00faltimos d\u00edas y momentos finales de la vida de cualquier ser humano y\/o animal.<br \/>\nOfrecemos los mejores servicios de \u00faltima hora y el mejor personal para satisfacer todos los deseos y necesidades de nuestros clientes. Dependiendo del pa\u00eds, los costes var\u00edan, pero los servicios son de primera categor\u00eda. Haga la elecci\u00f3n de su vida.<\/p>\n<p>Nuestro personal, formado y con experiencia en la administraci\u00f3n de anest\u00e9sicos y f\u00e1rmacos eutan\u00e1sicos tanto a personas como a animales, se encarga de la eutanasia. Tambi\u00e9n nos aseguramos de que todos los deseos del cliente puedan cumplirse durante sus \u00faltimos momentos.<\/p>\n<p>Los servicios de personal incluyen la administraci\u00f3n y supervisi\u00f3n a tiempo completo durante los momentos de productos; en este caso <a href=\"https:\/\/www.youtube.com\/watch?v=ge05NbgkEwY\" target=\"_blank\" rel=\"noopener\">Nembutal<\/a> y otros Barbit\u00faricos.<\/p>\n<h4>Eutanasia asistida, Especialista en eutanasia, Anestesia,<\/h4>","protected":false},"excerpt":{"rendered":"<p>La eutanasia es una opci\u00f3n personal que se respeta y observa en muchos pa\u00edses del mundo. Pero, como ya se ha dicho, es una elecci\u00f3n personal y, por tanto, una decisi\u00f3n delicada que requiere comprensi\u00f3n y facilidad para llevarla a cabo. A veces, el procedimiento debe ser llevado a cabo por personal verificado y aprobado, con apoyo legal. Esto reduce las posibilidades de fracaso y garantiza una gran eficacia. Sus \u00faltimos momentos no deber\u00edan tener precio y euthanasiagroup quiere hacerlo posible de todas las maneras posibles.<\/p>","protected":false},"featured_media":734,"comment_status":"open","ping_status":"closed","template":"","meta":{"ocean_post_layout":"","ocean_both_sidebars_style":"","ocean_both_sidebars_content_width":0,"ocean_both_sidebars_sidebars_width":0,"ocean_sidebar":"0","ocean_second_sidebar":"0","ocean_disable_margins":"enable","ocean_add_body_class":"","ocean_shortcode_before_top_bar":"","ocean_shortcode_after_top_bar":"","ocean_shortcode_before_header":"","ocean_shortcode_after_header":"","ocean_has_shortcode":"","ocean_shortcode_after_title":"","ocean_shortcode_before_footer_widgets":"","ocean_shortcode_after_footer_widgets":"","ocean_shortcode_before_footer_bottom":"","ocean_shortcode_after_footer_bottom":"","ocean_display_top_bar":"default","ocean_display_header":"default","ocean_header_style":"","ocean_center_header_left_menu":"0","ocean_custom_header_template":"0","ocean_custom_logo":0,"ocean_custom_retina_logo":0,"ocean_custom_logo_max_width":0,"ocean_custom_logo_tablet_max_width":0,"ocean_custom_logo_mobile_max_width":0,"ocean_custom_logo_max_height":0,"ocean_custom_logo_tablet_max_height":0,"ocean_custom_logo_mobile_max_height":0,"ocean_header_custom_menu":"0","ocean_menu_typo_font_family":"0","ocean_menu_typo_font_subset":"","ocean_menu_typo_font_size":0,"ocean_menu_typo_font_size_tablet":0,"ocean_menu_typo_font_size_mobile":0,"ocean_menu_typo_font_size_unit":"px","ocean_menu_typo_font_weight":"","ocean_menu_typo_font_weight_tablet":"","ocean_menu_typo_font_weight_mobile":"","ocean_menu_typo_transform":"","ocean_menu_typo_transform_tablet":"","ocean_menu_typo_transform_mobile":"","ocean_menu_typo_line_height":0,"ocean_menu_typo_line_height_tablet":0,"ocean_menu_typo_line_height_mobile":0,"ocean_menu_typo_line_height_unit":"","ocean_menu_typo_spacing":0,"ocean_menu_typo_spacing_tablet":0,"ocean_menu_typo_spacing_mobile":0,"ocean_menu_typo_spacing_unit":"","ocean_menu_link_color":"","ocean_menu_link_color_hover":"","ocean_menu_link_color_active":"","ocean_menu_link_background":"","ocean_menu_link_hover_background":"","ocean_menu_link_active_background":"","ocean_menu_social_links_bg":"","ocean_menu_social_hover_links_bg":"","ocean_menu_social_links_color":"","ocean_menu_social_hover_links_color":"","ocean_disable_title":"default","ocean_disable_heading":"default","ocean_post_title":"","ocean_post_subheading":"","ocean_post_title_style":"","ocean_post_title_background_color":"","ocean_post_title_background":0,"ocean_post_title_bg_image_position":"","ocean_post_title_bg_image_attachment":"","ocean_post_title_bg_image_repeat":"","ocean_post_title_bg_image_size":"","ocean_post_title_height":0,"ocean_post_title_bg_overlay":0.5,"ocean_post_title_bg_overlay_color":"","ocean_disable_breadcrumbs":"default","ocean_breadcrumbs_color":"","ocean_breadcrumbs_separator_color":"","ocean_breadcrumbs_links_color":"","ocean_breadcrumbs_links_hover_color":"","ocean_display_footer_widgets":"default","ocean_display_footer_bottom":"default","ocean_custom_footer_template":"0"},"product_brand":[],"product_cat":[26],"product_tag":[],"class_list":{"0":"post-733","1":"product","2":"type-product","3":"status-publish","4":"has-post-thumbnail","6":"product_cat-nembutal","8":"entry","9":"has-media","11":"first","12":"instock","13":"sale","14":"shipping-taxable","15":"purchasable","16":"product-type-variable","17":"has-product-nav","18":"col","19":"span_1_of_3","20":"owp-content-center","21":"owp-thumbs-layout-horizontal","22":"owp-btn-normal","23":"owp-tabs-layout-horizontal"},"jetpack_sharing_enabled":true,"_links":{"self":[{"href":"https:\/\/euthanasia.store\/es\/wp-json\/wp\/v2\/product\/733","targetHints":{"allow":["GET"]}}],"collection":[{"href":"https:\/\/euthanasia.store\/es\/wp-json\/wp\/v2\/product"}],"about":[{"href":"https:\/\/euthanasia.store\/es\/wp-json\/wp\/v2\/types\/product"}],"replies":[{"embeddable":true,"href":"https:\/\/euthanasia.store\/es\/wp-json\/wp\/v2\/comments?post=733"}],"wp:featuredmedia":[{"embeddable":true,"href":"https:\/\/euthanasia.store\/es\/wp-json\/wp\/v2\/media\/734"}],"wp:attachment":[{"href":"https:\/\/euthanasia.store\/es\/wp-json\/wp\/v2\/media?parent=733"}],"wp:term":[{"taxonomy":"product_brand","embeddable":true,"href":"https:\/\/euthanasia.store\/es\/wp-json\/wp\/v2\/product_brand?post=733"},{"taxonomy":"product_cat","embeddable":true,"href":"https:\/\/euthanasia.store\/es\/wp-json\/wp\/v2\/product_cat?post=733"},{"taxonomy":"product_tag","embeddable":true,"href":"https:\/\/euthanasia.store\/es\/wp-json\/wp\/v2\/product_tag?post=733"}],"curies":[{"name":"wp","href":"https:\/\/api.w.org\/{rel}","templated":true}]}}