{"id":615,"date":"2024-08-01T00:52:47","date_gmt":"2024-08-01T00:52:47","guid":{"rendered":"https:\/\/euthanasia.store\/?post_type=product&#038;p=615"},"modified":"2026-01-02T09:52:03","modified_gmt":"2026-01-02T09:52:03","slug":"nembutal-poeder","status":"publish","type":"product","link":"https:\/\/euthanasia.store\/es\/producto\/nembutal-poeder\/","title":{"rendered":"Nembutal Polvo"},"content":{"rendered":"<h3>Comprar Nembutal en Polvo: Una Gu\u00eda Completa<\/h3>\n<p>Si est\u00e1 interesado en libros o art\u00edculos sobre la eutanasia, es posible que se haya topado con el nombre Nembutal. <a href=\"https:\/\/euthanasia.store\/es\/\">Nembutal en polvo<\/a> es un f\u00e1rmaco perteneciente a la clase de los barbit\u00faricos. En el pasado, este f\u00e1rmaco era popular por su eficacia en el tratamiento de los trastornos del sue\u00f1o o la ansiedad. Sin embargo, es importante saber que el Nembutal es altamente letal en caso de sobredosis. Por lo tanto, suele ser utilizado por personas que desean suicidarse o someterse a la eutanasia.<\/p>\n<h3>\u00bfQu\u00e9 es el pentobarbital en polvo Nembutal?<\/h3>\n<p>El Nembutal en polvo pertenece al grupo de los barbit\u00faricos y act\u00faa ralentizando las actividades del sistema nervioso y del cerebro. Como ya se ha mencionado, hoy en d\u00eda es dif\u00edcil conseguir Nembutal en polvo. Sin embargo, en las d\u00e9cadas de 1950 y 1960, era un medicamento popular para tratar el insomnio y tambi\u00e9n era conocido por su uso en el tratamiento de ataques epil\u00e9pticos y convulsiones.<\/p>\n<table>\n<thead>\n<tr>\n<th><strong>Caracter\u00edstica<\/strong><\/th>\n<th><strong>Detalles<\/strong><\/th>\n<\/tr>\n<\/thead>\n<tbody>\n<tr>\n<td><strong>Clase de f\u00e1rmaco<\/strong><\/td>\n<td>Barbit\u00faricos<\/td>\n<\/tr>\n<tr>\n<td><strong>Uso principal<\/strong><\/td>\n<td>Tratamiento del insomnio, sedaci\u00f3n, eutanasia<\/td>\n<\/tr>\n<tr>\n<td><strong>Riesgo en caso de sobredosis<\/strong><\/td>\n<td>Muy mortal<\/td>\n<\/tr>\n<tr>\n<td><strong>Situaci\u00f3n jur\u00eddica<\/strong><\/td>\n<td>Disponibilidad muy limitada, seg\u00fan el pa\u00eds<\/td>\n<\/tr>\n<\/tbody>\n<\/table>\n<h3>Informaci\u00f3n esencial sobre el Nembutal en polvo<\/h3>\n<p>Las personas al\u00e9rgicas al Nembutal o a medicamentos similares no deben utilizar este medicamento. Tambi\u00e9n debe evitarse si padece porfiria, un trastorno gen\u00e9tico que afecta a la funci\u00f3n enzim\u00e1tica y puede afectar al sistema nervioso y a la piel.<\/p>\n<p>El Nembutal puede ser adictivo y s\u00f3lo debe ser utilizado por personas con receta m\u00e9dica. El medicamento nunca debe compartirse con otras personas, especialmente con las que tengan antecedentes de abuso de sustancias.<\/p>\n<h3>\u00bfPara qu\u00e9 se utiliza el Nembutal en polvo?<\/h3>\n<p>En el pasado, el Nembutal se utilizaba principalmente para combatir los problemas de sue\u00f1o. Desde entonces, la mayor\u00eda de los pa\u00edses lo han prohibido y sustituido por otros somn\u00edferos, por lo que el f\u00e1rmaco es ahora poco frecuente. No obstante, el Nembutal se sigue utilizando en muchos lugares del mundo. Muchos laboratorios de todo el mundo lo utilizan u otros barbit\u00faricos similares con fines puramente m\u00e9dicos, como la sedaci\u00f3n, la anestesia de animales o en situaciones de emergencia. En la dosis adecuada, el Nembutal puede utilizarse para la eutanasia en animales o seres humanos. El Nembutal es m\u00e1s conocido por su uso en suicidios indoloros.<\/p>\n<table>\n<thead>\n<tr>\n<th><strong>Aplicaci\u00f3n<\/strong><\/th>\n<th><strong>Detalles<\/strong><\/th>\n<\/tr>\n<\/thead>\n<tbody>\n<tr>\n<td><strong>Sedaci\u00f3n<\/strong><\/td>\n<td>Se utiliza para calmar a los pacientes, especialmente antes de las operaciones.<\/td>\n<\/tr>\n<tr>\n<td><strong>Tratamiento del insomnio<\/strong><\/td>\n<td>Para el tratamiento a corto plazo del insomnio grave.<\/td>\n<\/tr>\n<tr>\n<td><strong>Eutanasia<\/strong><\/td>\n<td>Para la eutanasia humanitaria en humanos y animales.<\/td>\n<\/tr>\n<tr>\n<td><strong>Anestesia<\/strong><\/td>\n<td>Se utiliza en dosis m\u00e1s altas para la inducci\u00f3n de la anestesia.<\/td>\n<\/tr>\n<\/tbody>\n<\/table>\n<h3>Contraindicaciones y efectos secundarios<\/h3>\n<p><strong>Contraindicaciones:<\/strong> Nembutal no est\u00e1 recomendado para personas sensibles a los barbit\u00faricos o que padezcan porfiria latente.<\/p>\n<p><strong>Efectos secundarios:<\/strong> Uso excesivo de <a href=\"https:\/\/www.youtube.com\/watch?v=6tSw7-UdgFw\" target=\"_blank\" rel=\"noopener\">Nembutal<\/a> pueden provocar efectos secundarios graves. Entre ellos se incluyen pesadillas, v\u00f3mitos, n\u00e1useas, estre\u00f1imiento, dolor de cabeza o sensaci\u00f3n de resaca. En caso de sobredosis, acuda inmediatamente al m\u00e9dico.<\/p>\n<table>\n<thead>\n<tr>\n<th><strong>Actualizaci\u00f3n<\/strong><\/th>\n<th><strong>S\u00edntomas<\/strong><\/th>\n<\/tr>\n<\/thead>\n<tbody>\n<tr>\n<td><strong>Sobredosis<\/strong><\/td>\n<td>Pupilas dilatadas, desmayos, diuresis baja<\/td>\n<\/tr>\n<tr>\n<td><strong>Respiraci\u00f3n lenta<\/strong><\/td>\n<td>Pulso d\u00e9bil, inconsciencia, situaci\u00f3n de riesgo vital.<\/td>\n<\/tr>\n<tr>\n<td><strong>Dosis letal<\/strong><\/td>\n<td>Var\u00eda entre 25-100 gramos, dependiendo de la edad y la salud<\/td>\n<\/tr>\n<\/tbody>\n<\/table>\n<h3>Qu\u00e9 evitar al utilizar Nembutal<\/h3>\n<p>Si ha tomado Nembutal, no debe conducir, ya que afecta a sus reacciones y a su capacidad de pensar. El alcohol aumenta la somnolencia, lo que puede ser peligroso, por lo que debe evitarlo en todo momento.<\/p>\n<h3>\u00bfD\u00f3nde se puede comprar Nembutal?<\/h3>\n<p>Hoy en d\u00eda no es f\u00e1cil encontrar Nembutal. Muchas multinacionales farmac\u00e9uticas de pa\u00edses desarrollados sol\u00edan fabricar Nembutal en polvo, pero la producci\u00f3n se ha reducido dr\u00e1sticamente, ya que otros sedantes o tranquilizantes con menos efectos secundarios lo han sustituido. Para comprar Nembutal en EE.UU. se necesita una receta m\u00e9dica. Sin embargo, en Euthanasia Group entendemos las necesidades de nuestros clientes y ofrecemos una soluci\u00f3n a este inconveniente. Somos los principales vendedores de Nembutal y proporcionamos polvo de Nembutal de calidad que vale su precio.<\/p>\n<table>\n<thead>\n<tr>\n<th><strong>Ventajas de comprar en Euthanasia Group<\/strong><\/th>\n<th><strong>Detalles<\/strong><\/th>\n<\/tr>\n<\/thead>\n<tbody>\n<tr>\n<td><strong>Discreto y seguro<\/strong><\/td>\n<td>Ofrecemos un servicio de entrega seguro y discreto.<\/td>\n<\/tr>\n<tr>\n<td><strong>Entrega mundial<\/strong><\/td>\n<td>Entregamos en Europa, Estados Unidos, Canad\u00e1, Australia y Asia.<\/td>\n<\/tr>\n<tr>\n<td><strong>Experiencia<\/strong><\/td>\n<td>A\u00f1os de experiencia en el comercio de Nembutal.<\/td>\n<\/tr>\n<\/tbody>\n<\/table>\n<h3>\u00bfPor qu\u00e9 comprar en el Grupo Eutanasia?<\/h3>\n<p>Tenemos a\u00f1os de experiencia en el comercio de Nembutal y comprendemos perfectamente las necesidades de nuestros clientes. Adem\u00e1s, ofrecemos otros barbit\u00faricos discretamente, en todo el mundo. Comprar Nembutal en polvo con nosotros le proporciona una ventaja en calidad y servicio. P\u00f3ngase en contacto con nosotros hoy mismo para obtener m\u00e1s informaci\u00f3n.<\/p>\n<p>Enviamos a Alemania, Austria, Suiza, B\u00e9lgica, Luxemburgo, Dinamarca, Francia, Hungr\u00eda y toda Europa. Tambi\u00e9n enviamos a Estados Unidos, Canad\u00e1, Australia y algunas partes de Asia y \u00c1frica. Si desea m\u00e1s informaci\u00f3n, p\u00f3ngase en contacto con nosotros.<\/p>\n<h3>Etiquetas<\/h3>\n<p>Comprar Nembutal en polvo, barbit\u00faricos en polvo, pentobarbital s\u00f3dico en polvo.<\/p>","protected":false},"excerpt":{"rendered":"<p>Puede comprar pentobarbital s\u00f3dico puro en polvo Nembutal online en nuestro Grupo Eutanasia, con env\u00edo internacional discreto garantizado. El polvo de Nembutal est\u00e1 disponible en 25, 50, 75 y 100 gramos en nuestra tienda.<\/p>","protected":false},"featured_media":833,"comment_status":"open","ping_status":"closed","template":"","meta":{"ocean_post_layout":"","ocean_both_sidebars_style":"","ocean_both_sidebars_content_width":0,"ocean_both_sidebars_sidebars_width":0,"ocean_sidebar":"0","ocean_second_sidebar":"0","ocean_disable_margins":"enable","ocean_add_body_class":"","ocean_shortcode_before_top_bar":"","ocean_shortcode_after_top_bar":"","ocean_shortcode_before_header":"","ocean_shortcode_after_header":"","ocean_has_shortcode":"","ocean_shortcode_after_title":"","ocean_shortcode_before_footer_widgets":"","ocean_shortcode_after_footer_widgets":"","ocean_shortcode_before_footer_bottom":"","ocean_shortcode_after_footer_bottom":"","ocean_display_top_bar":"default","ocean_display_header":"default","ocean_header_style":"","ocean_center_header_left_menu":"0","ocean_custom_header_template":"0","ocean_custom_logo":0,"ocean_custom_retina_logo":0,"ocean_custom_logo_max_width":0,"ocean_custom_logo_tablet_max_width":0,"ocean_custom_logo_mobile_max_width":0,"ocean_custom_logo_max_height":0,"ocean_custom_logo_tablet_max_height":0,"ocean_custom_logo_mobile_max_height":0,"ocean_header_custom_menu":"0","ocean_menu_typo_font_family":"0","ocean_menu_typo_font_subset":"","ocean_menu_typo_font_size":0,"ocean_menu_typo_font_size_tablet":0,"ocean_menu_typo_font_size_mobile":0,"ocean_menu_typo_font_size_unit":"px","ocean_menu_typo_font_weight":"","ocean_menu_typo_font_weight_tablet":"","ocean_menu_typo_font_weight_mobile":"","ocean_menu_typo_transform":"","ocean_menu_typo_transform_tablet":"","ocean_menu_typo_transform_mobile":"","ocean_menu_typo_line_height":0,"ocean_menu_typo_line_height_tablet":0,"ocean_menu_typo_line_height_mobile":0,"ocean_menu_typo_line_height_unit":"","ocean_menu_typo_spacing":0,"ocean_menu_typo_spacing_tablet":0,"ocean_menu_typo_spacing_mobile":0,"ocean_menu_typo_spacing_unit":"","ocean_menu_link_color":"","ocean_menu_link_color_hover":"","ocean_menu_link_color_active":"","ocean_menu_link_background":"","ocean_menu_link_hover_background":"","ocean_menu_link_active_background":"","ocean_menu_social_links_bg":"","ocean_menu_social_hover_links_bg":"","ocean_menu_social_links_color":"","ocean_menu_social_hover_links_color":"","ocean_disable_title":"default","ocean_disable_heading":"default","ocean_post_title":"","ocean_post_subheading":"","ocean_post_title_style":"","ocean_post_title_background_color":"","ocean_post_title_background":0,"ocean_post_title_bg_image_position":"","ocean_post_title_bg_image_attachment":"","ocean_post_title_bg_image_repeat":"","ocean_post_title_bg_image_size":"","ocean_post_title_height":0,"ocean_post_title_bg_overlay":0.5,"ocean_post_title_bg_overlay_color":"","ocean_disable_breadcrumbs":"default","ocean_breadcrumbs_color":"","ocean_breadcrumbs_separator_color":"","ocean_breadcrumbs_links_color":"","ocean_breadcrumbs_links_hover_color":"","ocean_display_footer_widgets":"default","ocean_display_footer_bottom":"default","ocean_custom_footer_template":"0"},"product_brand":[],"product_cat":[26],"product_tag":[],"class_list":{"0":"post-615","1":"product","2":"type-product","3":"status-publish","4":"has-post-thumbnail","6":"product_cat-nembutal","8":"entry","9":"has-media","11":"first","12":"instock","13":"sale","14":"shipping-taxable","15":"purchasable","16":"product-type-variable","17":"has-rating","18":"has-product-nav","19":"col","20":"span_1_of_3","21":"owp-content-center","22":"owp-thumbs-layout-horizontal","23":"owp-btn-normal","24":"owp-tabs-layout-horizontal","25":"has-no-thumbnails"},"jetpack_sharing_enabled":true,"_links":{"self":[{"href":"https:\/\/euthanasia.store\/es\/wp-json\/wp\/v2\/product\/615","targetHints":{"allow":["GET"]}}],"collection":[{"href":"https:\/\/euthanasia.store\/es\/wp-json\/wp\/v2\/product"}],"about":[{"href":"https:\/\/euthanasia.store\/es\/wp-json\/wp\/v2\/types\/product"}],"replies":[{"embeddable":true,"href":"https:\/\/euthanasia.store\/es\/wp-json\/wp\/v2\/comments?post=615"}],"wp:featuredmedia":[{"embeddable":true,"href":"https:\/\/euthanasia.store\/es\/wp-json\/wp\/v2\/media\/833"}],"wp:attachment":[{"href":"https:\/\/euthanasia.store\/es\/wp-json\/wp\/v2\/media?parent=615"}],"wp:term":[{"taxonomy":"product_brand","embeddable":true,"href":"https:\/\/euthanasia.store\/es\/wp-json\/wp\/v2\/product_brand?post=615"},{"taxonomy":"product_cat","embeddable":true,"href":"https:\/\/euthanasia.store\/es\/wp-json\/wp\/v2\/product_cat?post=615"},{"taxonomy":"product_tag","embeddable":true,"href":"https:\/\/euthanasia.store\/es\/wp-json\/wp\/v2\/product_tag?post=615"}],"curies":[{"name":"wp","href":"https:\/\/api.w.org\/{rel}","templated":true}]}}