{"id":606,"date":"2024-07-31T23:41:36","date_gmt":"2024-07-31T23:41:36","guid":{"rendered":"https:\/\/euthanasia.store\/?post_type=product&#038;p=606"},"modified":"2026-01-02T09:57:49","modified_gmt":"2026-01-02T09:57:49","slug":"nembutal-pillen","status":"publish","type":"product","link":"https:\/\/euthanasia.store\/es\/producto\/nembutal-pillen\/","title":{"rendered":"Pastillas de Nembutal"},"content":{"rendered":"<h3>Comprar Pastillas de Nembutal Online: Servicio Fiable y Discreto<\/h3>\n<p>Comprar <a href=\"https:\/\/euthanasia.store\/es\/\">Nembutal pastillas online<\/a> proporciona comodidad y acceso a quienes los necesitan para fines espec\u00edficos. En Euthanasia Group, nos esforzamos por ofrecer a nuestros clientes productos de alta calidad y un servicio fiable. Si desea comprar pastillas de Nembutal, puede contar con nuestra dedicaci\u00f3n y experiencia.<\/p>\n<h4>\u00bfPor qu\u00e9 elegir el Grupo Eutanasia?<\/h4>\n<p>Euthanasia Group es una fuente fiable para comprar pastillas de Nembutal online. Entendemos la importancia de la calidad y la discreci\u00f3n en la entrega de estos productos. Por lo tanto, ofrecemos un servicio de entrega seguro y discreto para garantizar su privacidad en todo momento. Adem\u00e1s, nos aseguramos de que todos nuestros pedidos se gestionen de forma profesional, sin margen de error.<\/p>\n<table>\n<thead>\n<tr>\n<th><strong>Caracter\u00edstica<\/strong><\/th>\n<th><strong>Detalles<\/strong><\/th>\n<\/tr>\n<\/thead>\n<tbody>\n<tr>\n<td><strong>Productos de calidad<\/strong><\/td>\n<td>S\u00f3lo ofrecemos productos de la m\u00e1xima calidad.<\/td>\n<\/tr>\n<tr>\n<td><strong>Pol\u00edtica de env\u00edos discretos<\/strong><\/td>\n<td>Entrega segura y discreta para su tranquilidad.<\/td>\n<\/tr>\n<tr>\n<td><strong>Entrega r\u00e1pida<\/strong><\/td>\n<td>Nos aseguramos de que su pedido se tramite con rapidez.<\/td>\n<\/tr>\n<tr>\n<td><strong>Servicio profesional<\/strong><\/td>\n<td>Todos los pedidos se gestionan con profesionalidad y esmero.<\/td>\n<\/tr>\n<\/tbody>\n<\/table>\n<h3>Uso seguro de los barbit\u00faricos<\/h3>\n<p>Las pastillas de Nembutal se recetan a menudo para tratar el insomnio, como sedante y para trastornos epil\u00e9pticos. Nuestros productos se env\u00edan a todo el mundo y se prueban cuidadosamente para garantizar su eficacia. En algunos casos, los m\u00e9dicos tambi\u00e9n utilizan el Nembutal como anest\u00e9sico para la cirug\u00eda.<\/p>\n<p><strong>Aplicaciones de las pastillas de Nembutal:<\/strong><\/p>\n<table>\n<thead>\n<tr>\n<th><strong>Aplicaci\u00f3n m\u00e9dica<\/strong><\/th>\n<th><strong>Detalles<\/strong><\/th>\n<\/tr>\n<\/thead>\n<tbody>\n<tr>\n<td><strong>Insomnio<\/strong><\/td>\n<td>Se utiliza para favorecer el sue\u00f1o en casos de insomnio grave.<\/td>\n<\/tr>\n<tr>\n<td><strong>Sedaci\u00f3n<\/strong><\/td>\n<td>Se aplica para calmar antes de procedimientos m\u00e9dicos.<\/td>\n<\/tr>\n<tr>\n<td><strong>Tratamiento de la epilepsia<\/strong><\/td>\n<td>Medicaci\u00f3n de urgencia para crisis epil\u00e9pticas no controlables.<\/td>\n<\/tr>\n<tr>\n<td><strong>Anestesia<\/strong><\/td>\n<td>Utilizado por los m\u00e9dicos como anest\u00e9sico para las operaciones.<\/td>\n<\/tr>\n<tr>\n<td><strong>Eutanasia<\/strong><\/td>\n<td>En dosis m\u00e1s altas, ofrece una muerte pac\u00edfica e indolora.<\/td>\n<\/tr>\n<\/tbody>\n<\/table>\n<h3>Comprar Nembutal Online en el Grupo Eutanasia<\/h3>\n<p>Puede comprar comprimidos de Nembutal en l\u00ednea sin receta m\u00e9dica en el <a href=\"https:\/\/www.youtube.com\/watch?v=loyZFG6gUs8\" target=\"_blank\" rel=\"noopener\">Eutanasia<\/a> Grupo. Proporcionamos una gu\u00eda del medicamento con cada compra, que ayuda a comprender la dosis correcta de este medicamento en funci\u00f3n de factores como su peso, edad y estado de salud. Para las personas con problemas de sue\u00f1o, consideramos que los comprimidos de Nembutal son uno de los mejores y m\u00e1s eficaces tratamientos.<\/p>\n<table>\n<thead>\n<tr>\n<th><strong>Ventajas de comprarnos a nosotros<\/strong><\/th>\n<th><strong>Detalles<\/strong><\/th>\n<\/tr>\n<\/thead>\n<tbody>\n<tr>\n<td><strong>No necesita receta<\/strong><\/td>\n<td>Puede comprar Nembutal con nosotros sin necesidad de receta.<\/td>\n<\/tr>\n<tr>\n<td><strong>Gu\u00eda del medicamento<\/strong><\/td>\n<td>Incluye una gu\u00eda para ayudarle a determinar la dosis adecuada.<\/td>\n<\/tr>\n<tr>\n<td><strong>Servicio de atenci\u00f3n al cliente 24 horas al d\u00eda, 7 d\u00edas a la semana<\/strong><\/td>\n<td>Nuestros expertos est\u00e1n siempre dispuestos a responder a sus preguntas.<\/td>\n<\/tr>\n<tr>\n<td><strong>Precios asequibles<\/strong><\/td>\n<td>Ofrecemos precios competitivos para que el Nembutal est\u00e9 al alcance de todos.<\/td>\n<\/tr>\n<\/tbody>\n<\/table>\n<p>Nuestro personal experto est\u00e1 disponible 24 horas al d\u00eda, 7 d\u00edas a la semana para ayudarle con todas sus dudas sobre el uso de las pastillas de Nembutal. Los precios de nuestras pastillas de Nembutal son asequibles, por lo que no tiene que preocuparse por el coste de este producto. \u00a1Haga su pedido hoy mismo!<\/p>\n<h3>Productos relacionados<\/h3>\n<p>Adem\u00e1s de Nembutal pastillas, tambi\u00e9n ofrecemos otros productos relacionados que pueden ser relevantes para usted, tales como:<\/p>\n<ul>\n<li><strong>Nembutal Soluci\u00f3n inyectable<\/strong>Para una administraci\u00f3n r\u00e1pida y eficaz.<\/li>\n<li><strong>Pentobarbital s\u00f3dico Polvo<\/strong>Forma alternativa para su uso en instituciones m\u00e9dicas.<\/li>\n<li><strong>Nembutal L\u00edquido Oral<\/strong>Para quienes prefieren una forma de administraci\u00f3n l\u00edquida.<\/li>\n<\/ul>\n<h3>Etiquetas<\/h3>\n<p>Comprar Nembutal pastillas online, comprar Nembutal sin receta, barbit\u00faricos pastillas, pentobarbital s\u00f3dico, pentobarbital s\u00f3dico pastillas.<\/p>\n<p><strong>Preguntas frecuentes<\/strong><\/p>\n<p><strong>1. \u00bfQu\u00e9 es el Nembutal?<\/strong> Nembutal es el nombre comercial del pentobarbital, un potente barbit\u00farico utilizado para la sedaci\u00f3n, el tratamiento de la epilepsia y, en algunos pa\u00edses, para la eutanasia.<\/p>\n<p><strong>2. \u00bfC\u00f3mo puedo comprar pastillas de Nembutal online?<\/strong> En Euthanasia Group, puede comprar pastillas de Nembutal online sin receta. Ofrecemos un servicio seguro, discreto y profesional.<\/p>\n<p><strong>3. \u00bfEs legal comprar Nembutal sin receta?<\/strong> La legalidad de comprar Nembutal sin receta var\u00eda seg\u00fan el pa\u00eds. Es importante comprobar las leyes de su propio pa\u00eds antes de realizar el pedido.<\/p>\n<p><strong>4. \u00bfCu\u00e1les son los usos de las pastillas de Nembutal?<\/strong> Las pastillas de Nembutal se utilizan para tratar el insomnio, como sedante, para trastornos epil\u00e9pticos y, en ocasiones, para la eutanasia.<\/p>\n<p><strong>5. \u00bfC\u00f3mo puedo utilizar las pastillas de Nembutal de forma segura?<\/strong> Utilice siempre Nembutal siguiendo las instrucciones de la gu\u00eda del medicamento. Siga la dosis recomendada en funci\u00f3n de su edad, peso y estado de salud.<\/p>\n<p><strong>6. \u00bfCu\u00e1les son los posibles efectos secundarios del Nembutal?<\/strong> Los efectos secundarios pueden incluir depresi\u00f3n respiratoria, hipotensi\u00f3n, somnolencia y dependencia. Una sobredosis puede ser mortal.<\/p>\n<p><strong>7. \u00bfEn cu\u00e1nto tiempo recibir\u00e9 mi pedido?<\/strong> Proporcionamos una entrega r\u00e1pida y discreta de su pedido. El plazo de entrega puede variar en funci\u00f3n de su ubicaci\u00f3n.<\/p>\n<p><strong>8. \u00bfPuedo usar Nembutal para el insomnio?<\/strong> S\u00ed, el Nembutal se prescribe a menudo para tratar el insomnio grave. Siga siempre las instrucciones de dosificaci\u00f3n o la gu\u00eda del medicamento de su m\u00e9dico.<\/p>\n<p><strong>9. \u00bfQu\u00e9 debo hacer si he tomado una sobredosis de Nembutal?<\/strong> En caso de sobredosis, es crucial buscar atenci\u00f3n m\u00e9dica inmediatamente. Una sobredosis puede provocar el coma o la muerte.<\/p>\n<p><strong>10. \u00bfQu\u00e9 productos relacionados ofrece?<\/strong> Adem\u00e1s de las pastillas de Nembutal, tambi\u00e9n ofrecemos la soluci\u00f3n inyectable de Nembutal, el polvo de pentobarbital s\u00f3dico y el l\u00edquido oral de Nembutal.<\/p>","protected":false},"excerpt":{"rendered":"<p>Estas pastillas de Nembutal se utilizan ampliamente como f\u00e1rmacos para tratar el insomnio, la sedaci\u00f3n y los trastornos epil\u00e9pticos. Sin embargo, tambi\u00e9n se pueden utilizar para la eutanasia. euthanasiagroup.net est\u00e1 verificado y aprobado.<\/p>","protected":false},"featured_media":831,"comment_status":"open","ping_status":"closed","template":"","meta":{"ocean_post_layout":"","ocean_both_sidebars_style":"","ocean_both_sidebars_content_width":0,"ocean_both_sidebars_sidebars_width":0,"ocean_sidebar":"0","ocean_second_sidebar":"0","ocean_disable_margins":"enable","ocean_add_body_class":"","ocean_shortcode_before_top_bar":"","ocean_shortcode_after_top_bar":"","ocean_shortcode_before_header":"","ocean_shortcode_after_header":"","ocean_has_shortcode":"","ocean_shortcode_after_title":"","ocean_shortcode_before_footer_widgets":"","ocean_shortcode_after_footer_widgets":"","ocean_shortcode_before_footer_bottom":"","ocean_shortcode_after_footer_bottom":"","ocean_display_top_bar":"default","ocean_display_header":"default","ocean_header_style":"","ocean_center_header_left_menu":"0","ocean_custom_header_template":"0","ocean_custom_logo":0,"ocean_custom_retina_logo":0,"ocean_custom_logo_max_width":0,"ocean_custom_logo_tablet_max_width":0,"ocean_custom_logo_mobile_max_width":0,"ocean_custom_logo_max_height":0,"ocean_custom_logo_tablet_max_height":0,"ocean_custom_logo_mobile_max_height":0,"ocean_header_custom_menu":"0","ocean_menu_typo_font_family":"0","ocean_menu_typo_font_subset":"","ocean_menu_typo_font_size":0,"ocean_menu_typo_font_size_tablet":0,"ocean_menu_typo_font_size_mobile":0,"ocean_menu_typo_font_size_unit":"px","ocean_menu_typo_font_weight":"","ocean_menu_typo_font_weight_tablet":"","ocean_menu_typo_font_weight_mobile":"","ocean_menu_typo_transform":"","ocean_menu_typo_transform_tablet":"","ocean_menu_typo_transform_mobile":"","ocean_menu_typo_line_height":0,"ocean_menu_typo_line_height_tablet":0,"ocean_menu_typo_line_height_mobile":0,"ocean_menu_typo_line_height_unit":"","ocean_menu_typo_spacing":0,"ocean_menu_typo_spacing_tablet":0,"ocean_menu_typo_spacing_mobile":0,"ocean_menu_typo_spacing_unit":"","ocean_menu_link_color":"","ocean_menu_link_color_hover":"","ocean_menu_link_color_active":"","ocean_menu_link_background":"","ocean_menu_link_hover_background":"","ocean_menu_link_active_background":"","ocean_menu_social_links_bg":"","ocean_menu_social_hover_links_bg":"","ocean_menu_social_links_color":"","ocean_menu_social_hover_links_color":"","ocean_disable_title":"default","ocean_disable_heading":"default","ocean_post_title":"","ocean_post_subheading":"","ocean_post_title_style":"","ocean_post_title_background_color":"","ocean_post_title_background":0,"ocean_post_title_bg_image_position":"","ocean_post_title_bg_image_attachment":"","ocean_post_title_bg_image_repeat":"","ocean_post_title_bg_image_size":"","ocean_post_title_height":0,"ocean_post_title_bg_overlay":0.5,"ocean_post_title_bg_overlay_color":"","ocean_disable_breadcrumbs":"default","ocean_breadcrumbs_color":"","ocean_breadcrumbs_separator_color":"","ocean_breadcrumbs_links_color":"","ocean_breadcrumbs_links_hover_color":"","ocean_display_footer_widgets":"default","ocean_display_footer_bottom":"default","ocean_custom_footer_template":"0"},"product_brand":[],"product_cat":[26],"product_tag":[28],"class_list":{"0":"post-606","1":"product","2":"type-product","3":"status-publish","4":"has-post-thumbnail","6":"product_cat-nembutal","7":"product_tag-nembutal-pillen","9":"entry","10":"has-media","12":"first","13":"instock","14":"sale","15":"shipping-taxable","16":"purchasable","17":"product-type-variable","18":"has-rating","19":"has-product-nav","20":"col","21":"span_1_of_3","22":"owp-content-center","23":"owp-thumbs-layout-horizontal","24":"owp-btn-normal","25":"owp-tabs-layout-horizontal","26":"has-no-thumbnails"},"jetpack_sharing_enabled":true,"_links":{"self":[{"href":"https:\/\/euthanasia.store\/es\/wp-json\/wp\/v2\/product\/606","targetHints":{"allow":["GET"]}}],"collection":[{"href":"https:\/\/euthanasia.store\/es\/wp-json\/wp\/v2\/product"}],"about":[{"href":"https:\/\/euthanasia.store\/es\/wp-json\/wp\/v2\/types\/product"}],"replies":[{"embeddable":true,"href":"https:\/\/euthanasia.store\/es\/wp-json\/wp\/v2\/comments?post=606"}],"wp:featuredmedia":[{"embeddable":true,"href":"https:\/\/euthanasia.store\/es\/wp-json\/wp\/v2\/media\/831"}],"wp:attachment":[{"href":"https:\/\/euthanasia.store\/es\/wp-json\/wp\/v2\/media?parent=606"}],"wp:term":[{"taxonomy":"product_brand","embeddable":true,"href":"https:\/\/euthanasia.store\/es\/wp-json\/wp\/v2\/product_brand?post=606"},{"taxonomy":"product_cat","embeddable":true,"href":"https:\/\/euthanasia.store\/es\/wp-json\/wp\/v2\/product_cat?post=606"},{"taxonomy":"product_tag","embeddable":true,"href":"https:\/\/euthanasia.store\/es\/wp-json\/wp\/v2\/product_tag?post=606"}],"curies":[{"name":"wp","href":"https:\/\/api.w.org\/{rel}","templated":true}]}}