{"id":589,"date":"2024-07-31T14:19:51","date_gmt":"2024-07-31T14:19:51","guid":{"rendered":"https:\/\/euthanasia.store\/?post_type=product&#038;p=589"},"modified":"2025-09-26T10:53:36","modified_gmt":"2025-09-26T10:53:36","slug":"nembutal-kopen","status":"publish","type":"product","link":"https:\/\/euthanasia.store\/es\/producto\/nembutal-kopen\/","title":{"rendered":"Comprar Nembutal"},"content":{"rendered":"<h1>Gu\u00eda completa sobre las inyecciones de Nembutal<\/h1>\n<p>El nembutal, tambi\u00e9n conocido como pentobarbital, es un barbit\u00farico que hist\u00f3ricamente se ha utilizado con diversos fines m\u00e9dicos, como anest\u00e9sico y sedante. Hoy en d\u00eda, es m\u00e1s conocido por su uso en la eutanasia y el suicidio asistido. En este art\u00edculo, ofrecemos una gu\u00eda completa sobre las inyecciones de Nembutal, incluidos sus usos, efectos, situaci\u00f3n legal y consideraciones \u00e9ticas. <a href=\"https:\/\/euthanasia.store\/es\/\"><span class=\"___SText_lyret-kmt_\" data-ui-name=\"Link.Text\">comprar nembutal<\/span><\/a><\/p>\n<h2>\u00bfQu\u00e9 es el Nembutal?<\/h2>\n<p>Nembutal es el nombre comercial del pentobarbital s\u00f3dico, un barbit\u00farico sintetizado por primera vez a principios del siglo XX. Los barbit\u00faricos act\u00faan como depresores del sistema nervioso central, lo que significa que ralentizan la actividad cerebral, provocando sedaci\u00f3n, sue\u00f1o y, en dosis m\u00e1s altas, anestesia o muerte. <span class=\"___SText_lyret-kmt_\" data-ui-name=\"Link.Text\">comprar nembutal<\/span><\/p>\n<h3>Aplicaciones m\u00e9dicas del Nembutal<\/h3>\n<p>Hist\u00f3ricamente, el Nembutal se utilizaba con diversos fines m\u00e9dicos:<\/p>\n<ol>\n<li><strong>Sedaci\u00f3n<\/strong>Para calmar a los pacientes antes de la cirug\u00eda.<\/li>\n<li><strong>Anestesia<\/strong>: Como anest\u00e9sico en cirug\u00eda.<\/li>\n<li><strong>Epilepsia<\/strong>Para el tratamiento de urgencia de ciertos tipos de crisis epil\u00e9pticas.<\/li>\n<li><strong>Eutanasia y suicidio asistido<\/strong>Inducir la muerte de forma controlada e indolora. <span class=\"___SText_lyret-kmt_\" data-ui-name=\"Link.Text\">comprar nembutal<\/span><\/li>\n<\/ol>\n<table>\n<thead>\n<tr>\n<th><strong>Aplicaci\u00f3n m\u00e9dica<\/strong><\/th>\n<th><strong>Detalles<\/strong><\/th>\n<\/tr>\n<\/thead>\n<tbody>\n<tr>\n<td>Sedaci\u00f3n<\/td>\n<td>Calmar a los pacientes antes de la operaci\u00f3n<\/td>\n<\/tr>\n<tr>\n<td>Anestesia<\/td>\n<td>Uso como anest\u00e9sico en cirug\u00eda<\/td>\n<\/tr>\n<tr>\n<td>Epilepsia<\/td>\n<td>Tratamiento de urgencia de convulsiones no controladas por otra medicaci\u00f3n<\/td>\n<\/tr>\n<tr>\n<td>Eutanasia y suicidio asistido<\/td>\n<td>Inducir la muerte de forma controlada e indolora en situaciones de final de vida<\/td>\n<\/tr>\n<\/tbody>\n<\/table>\n<h2>\u00bfC\u00f3mo act\u00faan las inyecciones de Nembutal?<\/h2>\n<p>El Nembutal act\u00faa aumentando la actividad del \u00e1cido gamma-aminobut\u00edrico (GABA), un neurotransmisor que inhibe la actividad de las neuronas del cerebro. Al aumentar la actividad del GABA, el Nembutal inhibe el sistema nervioso central, provocando sedaci\u00f3n, inconsciencia y, en dosis elevadas, parada respiratoria y muerte. <span class=\"___SText_lyret-kmt_\" data-ui-name=\"Link.Text\">comprar nembutal<\/span><\/p>\n<h3>Mecanismo de acci\u00f3n<\/h3>\n<ul>\n<li><strong>Refuerzo del GABA<\/strong>: El Nembutal se une a los receptores GABA del cerebro, potenciando el efecto inhibidor del GABA y ralentizando la actividad cerebral.<\/li>\n<li><strong>Depresi\u00f3n del sistema nervioso central<\/strong>El f\u00e1rmaco reduce la actividad neuronal, lo que provoca sedaci\u00f3n, inconsciencia y, a la larga, el cese de las constantes vitales en dosis elevadas.<\/li>\n<li><strong>Parada respiratoria<\/strong>: En dosis letales, el Nembutal provoca un fallo del sistema respiratorio que conduce a la muerte. <span class=\"___SText_lyret-kmt_\" data-ui-name=\"Link.Text\">comprar nembutal<\/span><\/li>\n<\/ul>\n<h3>Posolog\u00eda y administraci\u00f3n<\/h3>\n<p>En la eutanasia, la dosis de Nembutal se calcula cuidadosamente para garantizar una muerte indolora y pac\u00edfica. El f\u00e1rmaco suele administrarse por v\u00eda intravenosa, aunque tambi\u00e9n pueden utilizarse f\u00f3rmulas orales. La dosis letal de Nembutal suele oscilar entre 2 y 10 gramos, dependiendo del peso corporal y la tolerancia de la persona. <span class=\"___SText_lyret-kmt_\" data-ui-name=\"Link.Text\">comprar nembutal<\/span><\/p>\n<table>\n<thead>\n<tr>\n<th><strong>M\u00e9todo de administraci\u00f3n<\/strong><\/th>\n<th><strong>Dosificaci\u00f3n<\/strong><\/th>\n<th><strong>Resultado esperado<\/strong><\/th>\n<\/tr>\n<\/thead>\n<tbody>\n<tr>\n<td>Inyecci\u00f3n intravenosa<\/td>\n<td>2-10 gramos<\/td>\n<td>P\u00e9rdida de conocimiento, parada respiratoria, muerte<\/td>\n<\/tr>\n<tr>\n<td>Ingesta oral<\/td>\n<td>2-10 gramos (polvo o l\u00edquido)<\/td>\n<td>P\u00e9rdida de conocimiento, parada respiratoria, muerte<\/td>\n<\/tr>\n<\/tbody>\n<\/table>\n<h2>Efectos de las inyecciones de Nembutal<\/h2>\n<p>Los efectos de las inyecciones de Nembutal pueden dividirse en tres fases:<\/p>\n<ol>\n<li><strong>Sedaci\u00f3n<\/strong>El paciente experimenta somnolencia y relajaci\u00f3n en cuanto el f\u00e1rmaco empieza a actuar.<\/li>\n<li><strong>P\u00e9rdida de conciencia<\/strong>: En cuesti\u00f3n de minutos, el paciente pierde el conocimiento y entra en un estado de coma profundo.<\/li>\n<li><strong>Parada respiratoria y muerte<\/strong>Al final, la respiraci\u00f3n del paciente se ralentiza y se detiene por completo, provoc\u00e1ndole la muerte.<\/li>\n<\/ol>\n<h3>Inicio y duraci\u00f3n<\/h3>\n<ul>\n<li><strong>Inicio<\/strong>Efectos de las inyecciones de Nembutal: Los efectos de las inyecciones de Nembutal suelen producirse r\u00e1pidamente, con p\u00e9rdida de consciencia entre 1 y 5 minutos despu\u00e9s de la administraci\u00f3n.<\/li>\n<li><strong>Duraci\u00f3n<\/strong>La muerte suele producirse entre 15 y 30 minutos despu\u00e9s de la administraci\u00f3n, dependiendo de la dosis y del estado fisiol\u00f3gico del paciente.<\/li>\n<\/ul>\n<table>\n<thead>\n<tr>\n<th><strong>Fase<\/strong><\/th>\n<th><strong>Periodo de tiempo<\/strong><\/th>\n<th><strong>Impacto<\/strong><\/th>\n<\/tr>\n<\/thead>\n<tbody>\n<tr>\n<td>Sedaci\u00f3n<\/td>\n<td>1-2 minutos<\/td>\n<td>Somnolencia, relajaci\u00f3n<\/td>\n<\/tr>\n<tr>\n<td>P\u00e9rdida de conciencia<\/td>\n<td>2-5 minutos<\/td>\n<td>Inconsciencia, coma profundo<\/td>\n<\/tr>\n<tr>\n<td>Parada respiratoria y muerte<\/td>\n<td>15-30 minutos (despu\u00e9s del inicio)<\/td>\n<td>Cese de la respiraci\u00f3n, muerte<\/td>\n<\/tr>\n<\/tbody>\n<\/table>\n<h2>Situaci\u00f3n legal del Nembutal<\/h2>\n<p>La situaci\u00f3n legal del Nembutal var\u00eda mucho en todo el mundo, ya que en muchos pa\u00edses est\u00e1 estrictamente regulado o prohibido debido a su potencial para el abuso y su uso en la eutanasia. <span class=\"___SText_lyret-kmt_\" data-ui-name=\"Link.Text\">comprar nembutal<\/span><\/p>\n<h3>Pa\u00edses donde el Nembutal es legal para la eutanasia<\/h3>\n<p>En algunos pa\u00edses, el Nembutal se utiliza legalmente para <a href=\"https:\/\/www.tiktok.com\/discover\/where-to-buy-nembutal\" target=\"_blank\" rel=\"noopener\">eutanasia<\/a> y el suicidio asistido bajo estrictas regulaciones. Estos pa\u00edses suelen tener leyes que dan a los enfermos terminales la posibilidad de elegir la eutanasia como opci\u00f3n al final de la vida.<\/p>\n<ul>\n<li><strong>Pa\u00edses Bajos<\/strong>: El Nembutal se utiliza legalmente para la eutanasia bajo estrictas directrices m\u00e9dicas.<\/li>\n<li><strong>B\u00e9lgica<\/strong>La eutanasia es legal y el Nembutal es una droga com\u00fan.<\/li>\n<li><strong>Suiza<\/strong>El suicidio asistido es legal y organizaciones como Dignitas utilizan Nembutal.<\/li>\n<\/ul>\n<h3>Pa\u00edses en los que est\u00e1 prohibido el Nembutal<\/h3>\n<p>En muchos pa\u00edses, el Nembutal se ha prohibido o su uso se ha restringido severamente debido a la preocupaci\u00f3n por el potencial de abuso y uso indebido.<\/p>\n<ul>\n<li><strong>Estados Unidos<\/strong>: El Nembutal es una sustancia controlada de la Lista II, lo que significa que est\u00e1 muy regulada y no est\u00e1 disponible para la eutanasia.<\/li>\n<li><strong>Australia<\/strong>: El Nembutal es ilegal, aunque se sigue debatiendo sobre su uso en el suicidio asistido. <span class=\"___SText_lyret-kmt_\" data-ui-name=\"Link.Text\">comprar nembutal<\/span><\/li>\n<\/ul>\n<table>\n<thead>\n<tr>\n<th><strong>Pa\u00eds<\/strong><\/th>\n<th><strong>Situaci\u00f3n jur\u00eddica<\/strong><\/th>\n<th><strong>Detalles<\/strong><\/th>\n<\/tr>\n<\/thead>\n<tbody>\n<tr>\n<td>Pa\u00edses Bajos<\/td>\n<td>Legal para la eutanasia<\/td>\n<td>Utilizado bajo estricta supervisi\u00f3n m\u00e9dica<\/td>\n<\/tr>\n<tr>\n<td>B\u00e9lgica<\/td>\n<td>Legal para la eutanasia<\/td>\n<td>De uso com\u00fan en los cuidados al final de la vida<\/td>\n<\/tr>\n<tr>\n<td>Suiza<\/td>\n<td>Legal el suicidio asistido<\/td>\n<td>Utilizado por organizaciones como Dignitas<\/td>\n<\/tr>\n<tr>\n<td>Estados Unidos<\/td>\n<td>Prohibida (sustancia controlada de la Lista II)<\/td>\n<td>No disponible para la eutanasia, estrictamente regulado para uso m\u00e9dico<\/td>\n<\/tr>\n<tr>\n<td>Australia<\/td>\n<td>Prohibido<\/td>\n<td>Ilegal, debates en curso sobre la legalizaci\u00f3n de la eutanasia<\/td>\n<\/tr>\n<\/tbody>\n<\/table>\n<h2>Consideraciones \u00e9ticas<\/h2>\n<p>El uso del Nembutal en la eutanasia y el suicidio asistido plantea importantes cuestiones \u00e9ticas. Entre ellas, debates sobre el derecho a morir, el papel de los profesionales m\u00e9dicos en el final de la vida y el potencial de abuso.<\/p>\n<h3>El derecho a morir<\/h3>\n<p>Los defensores del derecho a morir sostienen que las personas deben tener autonom\u00eda para elegir cu\u00e1ndo y c\u00f3mo morir, especialmente en casos de enfermedad terminal en los que el sufrimiento es inevitable. El nembutal suele considerarse una forma humana de lograr una muerte pac\u00edfica. <span class=\"___SText_lyret-kmt_\" data-ui-name=\"Link.Text\">comprar nembutal<\/span><\/p>\n<h3>\u00c9tica m\u00e9dica<\/h3>\n<p>Los profesionales de la medicina suelen estar en el centro del debate sobre la eutanasia. Mientras algunos sostienen que los m\u00e9dicos deben ayudar a aliviar el sufrimiento mediante la eutanasia, otros creen que su funci\u00f3n es preservar la vida, lo que puede hacer que el uso de Nembutal sea \u00e9ticamente problem\u00e1tico. <span class=\"___SText_lyret-kmt_\" data-ui-name=\"Link.Text\">comprar nembutal<\/span><\/p>\n<h3>Potencial de abuso<\/h3>\n<p>Una de las mayores preocupaciones en torno al Nembutal es su potencial de abuso. El f\u00e1rmaco puede utilizarse indebidamente para el suicidio en casos no terminales o incluso como medio de homicidio. Este potencial de abuso es una de las principales razones por las que la droga est\u00e1 tan regulada en muchos pa\u00edses. <span class=\"___SText_lyret-kmt_\" data-ui-name=\"Link.Text\">comprar nembutal<\/span><\/p>\n<h2>Conclusi\u00f3n<\/h2>\n<p>Las inyecciones de Nembutal son un medio potente y controvertido de atenci\u00f3n al final de la vida. Aunque el f\u00e1rmaco ofrece una forma de lograr una muerte pac\u00edfica e indolora, su uso conlleva retos legales, \u00e9ticos y normativos. A medida que se desarrolla el debate sobre la eutanasia y el suicidio asistido, el Nembutal seguir\u00e1 siendo un tema central en las discusiones sobre el derecho a morir y el papel de la medicina en los cuidados al final de la vida.<\/p>\n<p>Para las personas que est\u00e9n considerando comprar Nembutal para la eutanasia o el suicidio asistido, es crucial consultar con profesionales legales y m\u00e9dicos para entender las implicaciones y asegurar el cumplimiento de las leyes locales. <span class=\"___SText_lyret-kmt_\" data-ui-name=\"Link.Text\">comprar nembutal<\/span><\/p>\n<h2>Preguntas frecuentes<\/h2>\n<h3>1. \u00bfQu\u00e9 es el Nembutal?<\/h3>\n<h3>2. \u00bfC\u00f3mo act\u00faa el Nembutal?<\/h3>\n<p>El Nembutal act\u00faa potenciando la actividad del \u00e1cido gamma-aminobut\u00edrico (GABA), un neurotransmisor que inhibe la actividad cerebral. Esto provoca sedaci\u00f3n, p\u00e9rdida de conciencia y, en dosis elevadas, parada respiratoria y muerte.<\/p>\n<h3>3. \u00bfCu\u00e1les son los usos m\u00e9dicos del Nembutal?<\/h3>\n<p>Hist\u00f3ricamente, el Nembutal se utilizaba para:<\/p>\n<ul>\n<li><strong>Sedaci\u00f3n<\/strong>Calmar a los pacientes antes de las operaciones.<\/li>\n<li><strong>Anestesia<\/strong>Uso como anest\u00e9sico durante las operaciones.<\/li>\n<li><strong>Epilepsia<\/strong>: Tratamiento de urgencia de ciertas crisis epil\u00e9pticas.<\/li>\n<li><strong>Eutanasia y suicidio asistido<\/strong>: Inducir una muerte controlada e indolora.<\/li>\n<\/ul>\n<h3>4. \u00bfC\u00f3mo se administra el Nembutal en la eutanasia?<\/h3>\n<p>El Nembutal puede administrarse por v\u00eda intravenosa u oral. La dosis letal suele oscilar entre 2 y 10 gramos, en funci\u00f3n del peso corporal y la tolerancia de la persona. La administraci\u00f3n provoca la p\u00e9rdida de conciencia en cuesti\u00f3n de minutos y la muerte en 15-30 minutos.<\/p>\n<h3>5. \u00bfCu\u00e1l es la situaci\u00f3n legal del Nembutal en los Pa\u00edses Bajos?<\/h3>\n<p>En los Pa\u00edses Bajos, el Nembutal es legal para la eutanasia bajo estrictas condiciones m\u00e9dicas. Se utiliza siguiendo unas directrices para proporcionar una muerte humanitaria a pacientes terminales. <span class=\"___SText_lyret-kmt_\" data-ui-name=\"Link.Text\">comprar nembutal<\/span><\/p>\n<h3>6. \u00bfEst\u00e1 el Nembutal disponible legalmente en otros pa\u00edses?<\/h3>\n<p>La situaci\u00f3n legal del nembutal var\u00eda de un pa\u00eds a otro. En B\u00e9lgica y Suiza es legal para la eutanasia y el suicidio asistido, mientras que est\u00e1 prohibido en pa\u00edses como Estados Unidos y Australia.<\/p>\n<h3>7. \u00bfCu\u00e1les son las consideraciones \u00e9ticas en torno al uso de Nembutal?<\/h3>\n<p>El uso de Nembutal para la eutanasia plantea cuestiones \u00e9ticas sobre el derecho a morir, el papel de los profesionales m\u00e9dicos en el final de la vida y los riesgos potenciales de abuso.<\/p>\n<h3>8. \u00bfPuedo comprar Nembutal por Internet?<\/h3>\n<p>Comprar Nembutal online es ilegal en la mayor\u00eda de los pa\u00edses y puede tener graves consecuencias legales. Es esencial consultar las leyes locales y buscar asesoramiento m\u00e9dico antes de considerar tales medidas. <span class=\"___SText_lyret-kmt_\" data-ui-name=\"Link.Text\">comprar nembutal<\/span><\/p>\n<h3>9. \u00bfEs seguro el uso de Nembutal?<\/h3>\n<p>Cuando se utiliza m\u00e9dicamente y bajo supervisi\u00f3n, el Nembutal puede ser eficaz. Sin embargo, debido a sus riesgos y potencial de abuso, est\u00e1 estrictamente regulado. Su uso incontrolado puede conllevar graves riesgos para la salud, incluida la muerte.<\/p>\n<h3>10. \u00bfC\u00f3mo puedo obtener Nembutal legalmente?<\/h3>\n<p>La obtenci\u00f3n legal de Nembutal s\u00f3lo es posible en los pa\u00edses donde se permite su uso para la eutanasia, y debe hacerse a trav\u00e9s de un profesional m\u00e9dico que cumpla la normativa local.<\/p>","protected":false},"excerpt":{"rendered":"<p>Comprar Nembutal soluci\u00f3n inyectable online al proveedor que elija, con servicio de entrega discreto garantizado en todo el mundo. Eutanasia grupo est\u00e1 verificado y aprobado. llegar y obtener el mejor.<\/p>\n<p>Inyecci\u00f3n de barbit\u00faricos, inyecci\u00f3n de Nembutal, inyecci\u00f3n de pentobarbital, inyecci\u00f3n de pentobarbital s\u00f3dico<\/p>","protected":false},"featured_media":832,"comment_status":"open","ping_status":"closed","template":"","meta":{"ocean_post_layout":"","ocean_both_sidebars_style":"","ocean_both_sidebars_content_width":0,"ocean_both_sidebars_sidebars_width":0,"ocean_sidebar":"0","ocean_second_sidebar":"0","ocean_disable_margins":"enable","ocean_add_body_class":"","ocean_shortcode_before_top_bar":"","ocean_shortcode_after_top_bar":"","ocean_shortcode_before_header":"","ocean_shortcode_after_header":"","ocean_has_shortcode":"","ocean_shortcode_after_title":"","ocean_shortcode_before_footer_widgets":"","ocean_shortcode_after_footer_widgets":"","ocean_shortcode_before_footer_bottom":"","ocean_shortcode_after_footer_bottom":"","ocean_display_top_bar":"default","ocean_display_header":"default","ocean_header_style":"","ocean_center_header_left_menu":"0","ocean_custom_header_template":"0","ocean_custom_logo":0,"ocean_custom_retina_logo":0,"ocean_custom_logo_max_width":0,"ocean_custom_logo_tablet_max_width":0,"ocean_custom_logo_mobile_max_width":0,"ocean_custom_logo_max_height":0,"ocean_custom_logo_tablet_max_height":0,"ocean_custom_logo_mobile_max_height":0,"ocean_header_custom_menu":"0","ocean_menu_typo_font_family":"0","ocean_menu_typo_font_subset":"","ocean_menu_typo_font_size":0,"ocean_menu_typo_font_size_tablet":0,"ocean_menu_typo_font_size_mobile":0,"ocean_menu_typo_font_size_unit":"px","ocean_menu_typo_font_weight":"","ocean_menu_typo_font_weight_tablet":"","ocean_menu_typo_font_weight_mobile":"","ocean_menu_typo_transform":"","ocean_menu_typo_transform_tablet":"","ocean_menu_typo_transform_mobile":"","ocean_menu_typo_line_height":0,"ocean_menu_typo_line_height_tablet":0,"ocean_menu_typo_line_height_mobile":0,"ocean_menu_typo_line_height_unit":"","ocean_menu_typo_spacing":0,"ocean_menu_typo_spacing_tablet":0,"ocean_menu_typo_spacing_mobile":0,"ocean_menu_typo_spacing_unit":"","ocean_menu_link_color":"","ocean_menu_link_color_hover":"","ocean_menu_link_color_active":"","ocean_menu_link_background":"","ocean_menu_link_hover_background":"","ocean_menu_link_active_background":"","ocean_menu_social_links_bg":"","ocean_menu_social_hover_links_bg":"","ocean_menu_social_links_color":"","ocean_menu_social_hover_links_color":"","ocean_disable_title":"default","ocean_disable_heading":"default","ocean_post_title":"","ocean_post_subheading":"","ocean_post_title_style":"","ocean_post_title_background_color":"","ocean_post_title_background":0,"ocean_post_title_bg_image_position":"","ocean_post_title_bg_image_attachment":"","ocean_post_title_bg_image_repeat":"","ocean_post_title_bg_image_size":"","ocean_post_title_height":0,"ocean_post_title_bg_overlay":0.5,"ocean_post_title_bg_overlay_color":"","ocean_disable_breadcrumbs":"default","ocean_breadcrumbs_color":"","ocean_breadcrumbs_separator_color":"","ocean_breadcrumbs_links_color":"","ocean_breadcrumbs_links_hover_color":"","ocean_display_footer_widgets":"default","ocean_display_footer_bottom":"default","ocean_custom_footer_template":"0"},"product_brand":[],"product_cat":[26],"product_tag":[],"class_list":{"0":"post-589","1":"product","2":"type-product","3":"status-publish","4":"has-post-thumbnail","6":"product_cat-nembutal","8":"entry","9":"has-media","11":"first","12":"instock","13":"sale","14":"featured","15":"shipping-taxable","16":"purchasable","17":"product-type-variable","18":"has-rating","19":"has-product-nav","20":"col","21":"span_1_of_3","22":"owp-content-center","23":"owp-thumbs-layout-horizontal","24":"owp-btn-normal","25":"owp-tabs-layout-horizontal","26":"has-no-thumbnails"},"jetpack_sharing_enabled":true,"_links":{"self":[{"href":"https:\/\/euthanasia.store\/es\/wp-json\/wp\/v2\/product\/589","targetHints":{"allow":["GET"]}}],"collection":[{"href":"https:\/\/euthanasia.store\/es\/wp-json\/wp\/v2\/product"}],"about":[{"href":"https:\/\/euthanasia.store\/es\/wp-json\/wp\/v2\/types\/product"}],"replies":[{"embeddable":true,"href":"https:\/\/euthanasia.store\/es\/wp-json\/wp\/v2\/comments?post=589"}],"wp:featuredmedia":[{"embeddable":true,"href":"https:\/\/euthanasia.store\/es\/wp-json\/wp\/v2\/media\/832"}],"wp:attachment":[{"href":"https:\/\/euthanasia.store\/es\/wp-json\/wp\/v2\/media?parent=589"}],"wp:term":[{"taxonomy":"product_brand","embeddable":true,"href":"https:\/\/euthanasia.store\/es\/wp-json\/wp\/v2\/product_brand?post=589"},{"taxonomy":"product_cat","embeddable":true,"href":"https:\/\/euthanasia.store\/es\/wp-json\/wp\/v2\/product_cat?post=589"},{"taxonomy":"product_tag","embeddable":true,"href":"https:\/\/euthanasia.store\/es\/wp-json\/wp\/v2\/product_tag?post=589"}],"curies":[{"name":"wp","href":"https:\/\/api.w.org\/{rel}","templated":true}]}}