{"id":530,"date":"2024-07-30T21:19:32","date_gmt":"2024-07-30T21:19:32","guid":{"rendered":"https:\/\/euthanasia.store\/?page_id=530"},"modified":"2024-07-30T22:21:09","modified_gmt":"2024-07-30T22:21:09","slug":"euthanasie-definition","status":"publish","type":"page","link":"https:\/\/euthanasia.store\/es\/euthanasie-definition\/","title":{"rendered":"NUESTROS SERVICIOS"},"content":{"rendered":"<div id=\"ez-toc-container\" class=\"ez-toc-v2_0_82_2 counter-hierarchy ez-toc-counter ez-toc-grey ez-toc-container-direction\">\n<div class=\"ez-toc-title-container\">\n<p class=\"ez-toc-title\" style=\"cursor:inherit\">\u00cdndice<\/p>\n<span class=\"ez-toc-title-toggle\"><a href=\"#\" class=\"ez-toc-pull-right ez-toc-btn ez-toc-btn-xs ez-toc-btn-default ez-toc-toggle\" aria-label=\"Alternar tabla de contenidos\"><span class=\"ez-toc-js-icon-con\"><span class=\"\"><span class=\"eztoc-hide\" style=\"display:none;\">Toggle<\/span><span class=\"ez-toc-icon-toggle-span\"><svg style=\"fill: #999;color:#999\" xmlns=\"http:\/\/www.w3.org\/2000\/svg\" class=\"list-377408\" width=\"20px\" height=\"20px\" viewbox=\"0 0 24 24\" fill=\"none\"><path d=\"M6 6H4v2h2V6zm14 0H8v2h12V6zM4 11h2v2H4v-2zm16 0H8v2h12v-2zM4 16h2v2H4v-2zm16 0H8v2h12v-2z\" fill=\"currentColor\"><\/path><\/svg><svg style=\"fill: #999;color:#999\" class=\"arrow-unsorted-368013\" xmlns=\"http:\/\/www.w3.org\/2000\/svg\" width=\"10px\" height=\"10px\" viewbox=\"0 0 24 24\" version=\"1.2\" baseprofile=\"tiny\"><path d=\"M18.2 9.3l-6.2-6.3-6.2 6.3c-.2.2-.3.4-.3.7s.1.5.3.7c.2.2.4.3.7.3h11c.3 0 .5-.1.7-.3.2-.2.3-.5.3-.7s-.1-.5-.3-.7zM5.8 14.7l6.2 6.3 6.2-6.3c.2-.2.3-.5.3-.7s-.1-.5-.3-.7c-.2-.2-.4-.3-.7-.3h-11c-.3 0-.5.1-.7.3-.2.2-.3.5-.3.7s.1.5.3.7z\"\/><\/svg><\/span><\/span><\/span><\/a><\/span><\/div>\n<nav><ul class='ez-toc-list ez-toc-list-level-1' ><li class='ez-toc-page-1 ez-toc-heading-level-1'><a class=\"ez-toc-link ez-toc-heading-1\" href=\"https:\/\/euthanasia.store\/es\/euthanasie-definition\/#Uitgebreide_Diensten_Aangeboden_door_Euthanasiastore\" >Servicios integrales ofrecidos por Euthanasia.store<\/a><ul class='ez-toc-list-level-2' ><li class='ez-toc-heading-level-2'><a class=\"ez-toc-link ez-toc-heading-2\" href=\"https:\/\/euthanasia.store\/es\/euthanasie-definition\/#Euthanasie_Consultatie\" >Consulta sobre la eutanasia<\/a><ul class='ez-toc-list-level-3' ><li class='ez-toc-heading-level-3'><a class=\"ez-toc-link ez-toc-heading-3\" href=\"https:\/\/euthanasia.store\/es\/euthanasie-definition\/#Initiele_Beoordeling\" >Evaluaci\u00f3n inicial<\/a><\/li><li class='ez-toc-page-1 ez-toc-heading-level-3'><a class=\"ez-toc-link ez-toc-heading-4\" href=\"https:\/\/euthanasia.store\/es\/euthanasie-definition\/#Wettelijke_Vereisten\" >Requisitos legales<\/a><\/li><li class='ez-toc-page-1 ez-toc-heading-level-3'><a class=\"ez-toc-link ez-toc-heading-5\" href=\"https:\/\/euthanasia.store\/es\/euthanasie-definition\/#Gepersonaliseerde_Zorgplannen\" >Planes de asistencia personalizados<\/a><\/li><\/ul><\/li><li class='ez-toc-page-1 ez-toc-heading-level-2'><a class=\"ez-toc-link ez-toc-heading-6\" href=\"https:\/\/euthanasia.store\/es\/euthanasie-definition\/#Planning_van_het_Einde_van_het_Leven\" >Planificar el final de la vida<\/a><ul class='ez-toc-list-level-3' ><li class='ez-toc-heading-level-3'><a class=\"ez-toc-link ez-toc-heading-7\" href=\"https:\/\/euthanasia.store\/es\/euthanasie-definition\/#Voorafgaande_Wilsverklaringen\" >Testamentos anteriores<\/a><\/li><li class='ez-toc-page-1 ez-toc-heading-level-3'><a class=\"ez-toc-link ez-toc-heading-8\" href=\"https:\/\/euthanasia.store\/es\/euthanasie-definition\/#Levenstestamenten\" >Testamentos vitales<\/a><\/li><li class='ez-toc-page-1 ez-toc-heading-level-3'><a class=\"ez-toc-link ez-toc-heading-9\" href=\"https:\/\/euthanasia.store\/es\/euthanasie-definition\/#Uitvaartplanning\" >Planificaci\u00f3n funeraria<\/a><\/li><\/ul><\/li><li class='ez-toc-page-1 ez-toc-heading-level-2'><a class=\"ez-toc-link ez-toc-heading-10\" href=\"https:\/\/euthanasia.store\/es\/euthanasie-definition\/#Juridische_Bijstand\" >Asistencia jur\u00eddica<\/a><ul class='ez-toc-list-level-3' ><li class='ez-toc-heading-level-3'><a class=\"ez-toc-link ez-toc-heading-11\" href=\"https:\/\/euthanasia.store\/es\/euthanasie-definition\/#Ondersteuning_bij_Documentatie\" >Soporte documental<\/a><\/li><li class='ez-toc-page-1 ez-toc-heading-level-3'><a class=\"ez-toc-link ez-toc-heading-12\" href=\"https:\/\/euthanasia.store\/es\/euthanasie-definition\/#Juridisch_Advies\" >Aviso legal<\/a><\/li><\/ul><\/li><li class='ez-toc-page-1 ez-toc-heading-level-2'><a class=\"ez-toc-link ez-toc-heading-13\" href=\"https:\/\/euthanasia.store\/es\/euthanasie-definition\/#Psychologische_Ondersteuning\" >Apoyo psicol\u00f3gico<\/a><ul class='ez-toc-list-level-3' ><li class='ez-toc-heading-level-3'><a class=\"ez-toc-link ez-toc-heading-14\" href=\"https:\/\/euthanasia.store\/es\/euthanasie-definition\/#Counseling_Diensten\" >Servicios de asesoramiento<\/a><\/li><li class='ez-toc-page-1 ez-toc-heading-level-3'><a class=\"ez-toc-link ez-toc-heading-15\" href=\"https:\/\/euthanasia.store\/es\/euthanasie-definition\/#Rouwbegeleiding\" >Asesoramiento en duelo<\/a><\/li><\/ul><\/li><li class='ez-toc-page-1 ez-toc-heading-level-2'><a class=\"ez-toc-link ez-toc-heading-16\" href=\"https:\/\/euthanasia.store\/es\/euthanasie-definition\/#Conclusie\" >Conclusi\u00f3n<\/a><\/li><\/ul><\/li><\/ul><\/nav><\/div>\n<h1 class=\"wp-block-heading\"><span class=\"ez-toc-section\" id=\"Uitgebreide_Diensten_Aangeboden_door_Euthanasiastore\"><\/span>Servicios integrales ofrecidos por Euthanasia.store<span class=\"ez-toc-section-end\"><\/span><\/h1>\n\n\n\n<p>definici\u00f3n de eutanasia, En Euthanasia.store, comprendemos la naturaleza profunda y sensible de las decisiones sobre el final de la vida. Nuestra misi\u00f3n es proporcionar servicios compasivos, \u00e9ticos y conformes a la ley a las personas que buscan un final digno a su sufrimiento. Este art\u00edculo describe la amplia gama de servicios que ofrecemos, garantizando que nuestros clientes y sus familias reciban apoyo en cada paso del camino.<\/p>\n\n\n\n<h2 class=\"wp-block-heading\"><span class=\"ez-toc-section\" id=\"Euthanasie_Consultatie\"><\/span>Consulta sobre la eutanasia<span class=\"ez-toc-section-end\"><\/span><\/h2>\n\n\n\n<h3 class=\"wp-block-heading\"><span class=\"ez-toc-section\" id=\"Initiele_Beoordeling\"><\/span>Evaluaci\u00f3n inicial<span class=\"ez-toc-section-end\"><\/span><\/h3>\n\n\n\n<p>La evaluaci\u00f3n inicial es el primer paso de nuestro proceso de consulta sobre la eutanasia. Esta evaluaci\u00f3n exhaustiva est\u00e1 dise\u00f1ada para comprender el estado m\u00e9dico del cliente, sus deseos personales y su idoneidad para la eutanasia seg\u00fan la legislaci\u00f3n pertinente. Definici\u00f3n de eutanasia<\/p>\n\n\n\n<ol class=\"wp-block-list\">\n<li><strong>Historial m\u00e9dico<\/strong>Nuestro equipo m\u00e9dico realiza una revisi\u00f3n exhaustiva del historial m\u00e9dico del paciente.<\/li>\n\n\n\n<li><strong>Exploraci\u00f3n f\u00edsica<\/strong>Exploraci\u00f3n f\u00edsica completa para evaluar el estado de salud actual del paciente.<\/li>\n\n\n\n<li><strong>Evaluaci\u00f3n psicol\u00f3gica<\/strong>Evaluaci\u00f3n para garantizar que el paciente es capaz de tomar una decisi\u00f3n informada sobre la eutanasia.<\/li>\n<\/ol>\n\n\n\n<figure class=\"wp-block-table\"><table class=\"has-fixed-layout\"><thead><tr><th><strong>Secci\u00f3n de evaluaci\u00f3n<\/strong><\/th><th><strong>Detalles<\/strong><\/th><\/tr><\/thead><tbody><tr><td>Historial m\u00e9dico<\/td><td>Evaluaci\u00f3n de las condiciones m\u00e9dicas anteriores y actuales<\/td><\/tr><tr><td>Exploraci\u00f3n f\u00edsica<\/td><td>Chequeo m\u00e9dico completo<\/td><\/tr><tr><td>Evaluaci\u00f3n psicol\u00f3gica<\/td><td>Evaluaci\u00f3n de la salud mental y la capacidad de decisi\u00f3n<\/td><\/tr><\/tbody><\/table><\/figure>\n\n\n\n<h3 class=\"wp-block-heading\"><span class=\"ez-toc-section\" id=\"Wettelijke_Vereisten\"><\/span>Requisitos legales<span class=\"ez-toc-section-end\"><\/span><\/h3>\n\n\n\n<p>Comprender y cumplir los requisitos legales es crucial en la <a href=\"https:\/\/www.youtube.com\/watch?v=eo8Hn0DEcpw\" target=\"_blank\" rel=\"noopener\">proceso de eutanasia<\/a>. Garantizamos el pleno cumplimiento de todos los marcos jur\u00eddicos.<\/p>\n\n\n\n<ol class=\"wp-block-list\">\n<li><strong>Criterios de admisibilidad<\/strong>Verificaci\u00f3n de la elegibilidad de los pacientes con arreglo a la legislaci\u00f3n local y nacional.<\/li>\n\n\n\n<li><strong>Formularios de consentimiento<\/strong>Formularios de consentimiento detallados que deben cumplimentar el paciente y, en algunos casos, sus familiares.<\/li>\n\n\n\n<li><strong>Documentaci\u00f3n<\/strong>Eutanasia: Recogida y presentaci\u00f3n de los documentos legales necesarios a las autoridades competentes. Definici\u00f3n de eutanasia<\/li>\n<\/ol>\n\n\n\n<h3 class=\"wp-block-heading\"><span class=\"ez-toc-section\" id=\"Gepersonaliseerde_Zorgplannen\"><\/span>Planes de asistencia personalizados<span class=\"ez-toc-section-end\"><\/span><\/h3>\n\n\n\n<p>Cada paciente recibe un plan de cuidados personalizado y adaptado a sus necesidades y deseos. Este plan incluye:<\/p>\n\n\n\n<ol class=\"wp-block-list\">\n<li><strong>Tratamiento del dolor<\/strong>Estrategias para controlar el dolor y el malestar.<\/li>\n\n\n\n<li><strong>Apoyo emocional<\/strong>: Servicios de asesoramiento y apoyo para el paciente y su familia.<\/li>\n\n\n\n<li><strong>Deseos al final de la vida<\/strong>Eutanasia: Documentaci\u00f3n de los deseos espec\u00edficos del paciente en relaci\u00f3n con los cuidados al final de su vida. Definici\u00f3n de eutanasia<\/li>\n<\/ol>\n\n\n\n<figure class=\"wp-block-table\"><table class=\"has-fixed-layout\"><thead><tr><th><strong>Plan de atenci\u00f3n parcial<\/strong><\/th><th><strong>Detalles<\/strong><\/th><\/tr><\/thead><tbody><tr><td>Tratamiento del dolor<\/td><td>Medicaci\u00f3n y terapias para el tratamiento del dolor<\/td><\/tr><tr><td>Apoyo emocional<\/td><td>Sesiones de asesoramiento para el paciente y su familia<\/td><\/tr><tr><td>Deseos al final de la vida<\/td><td>Documentaci\u00f3n de las preferencias espec\u00edficas para los cuidados al final de la vida<\/td><\/tr><\/tbody><\/table><\/figure>\n\n\n\n<h2 class=\"wp-block-heading\"><span class=\"ez-toc-section\" id=\"Planning_van_het_Einde_van_het_Leven\"><\/span>Planificar el final de la vida<span class=\"ez-toc-section-end\"><\/span><\/h2>\n\n\n\n<h3 class=\"wp-block-heading\"><span class=\"ez-toc-section\" id=\"Voorafgaande_Wilsverklaringen\"><\/span>Testamentos anteriores<span class=\"ez-toc-section-end\"><\/span><\/h3>\n\n\n\n<p>Los testamentos previos son documentos legales que especifican las preferencias de un paciente en cuanto a tratamiento m\u00e9dico en caso de que ya no pueda comunicar sus decisiones.<\/p>\n\n\n\n<ol class=\"wp-block-list\">\n<li><strong>Apoderado<\/strong>: Designaci\u00f3n de una persona de confianza para tomar decisiones sanitarias en nombre del paciente.<\/li>\n\n\n\n<li><strong>Testamento vital<\/strong>Eutanasia : Documentaci\u00f3n de los tipos de tratamiento m\u00e9dico que el paciente desea o no desea recibir.Definici\u00f3n de eutanasia<\/li>\n<\/ol>\n\n\n\n<h3 class=\"wp-block-heading\"><span class=\"ez-toc-section\" id=\"Levenstestamenten\"><\/span>Testamentos vitales<span class=\"ez-toc-section-end\"><\/span><\/h3>\n\n\n\n<p>El testamento vital es un documento crucial que describe los deseos del paciente en relaci\u00f3n con el tratamiento m\u00e9dico cuando ya no puede comunicar sus decisiones.<\/p>\n\n\n\n<ol class=\"wp-block-list\">\n<li><strong>Preferencias de tratamiento<\/strong>Preferencias detalladas sobre tratamientos para prolongar la vida, como la reanimaci\u00f3n cardiopulmonar y la ventilaci\u00f3n mec\u00e1nica.<\/li>\n\n\n\n<li><strong>Confort<\/strong>Especificaciones para cuidados paliativos y tratamiento del dolor.<\/li>\n<\/ol>\n\n\n\n<h3 class=\"wp-block-heading\"><span class=\"ez-toc-section\" id=\"Uitvaartplanning\"><\/span>Planificaci\u00f3n funeraria<span class=\"ez-toc-section-end\"><\/span><\/h3>\n\n\n\n<p>Ofrecemos servicios funerarios integrales para ayudar a las familias a prepararse para la inevitabilidad de la muerte.<\/p>\n\n\n\n<ol class=\"wp-block-list\">\n<li><strong>Funerales<\/strong>: Coordinaci\u00f3n de los servicios funerarios seg\u00fan los deseos del paciente.<\/li>\n\n\n\n<li><strong>Servicios conmemorativos<\/strong>Planificaci\u00f3n y organizaci\u00f3n de servicios funerarios para honrar al difunto.<\/li>\n<\/ol>\n\n\n\n<figure class=\"wp-block-table\"><table class=\"has-fixed-layout\"><thead><tr><th><strong>Planificaci\u00f3n de componentes<\/strong><\/th><th><strong>Detalles<\/strong><\/th><\/tr><\/thead><tbody><tr><td>Funerales<\/td><td>Coordinaci\u00f3n de servicios y ceremonias<\/td><\/tr><tr><td>Servicios conmemorativos<\/td><td>Planificaci\u00f3n de servicios conmemorativos y homenajes<\/td><\/tr><\/tbody><\/table><\/figure>\n\n\n\n<h2 class=\"wp-block-heading\"><span class=\"ez-toc-section\" id=\"Juridische_Bijstand\"><\/span>Asistencia jur\u00eddica<span class=\"ez-toc-section-end\"><\/span><\/h2>\n\n\n\n<h3 class=\"wp-block-heading\"><span class=\"ez-toc-section\" id=\"Ondersteuning_bij_Documentatie\"><\/span>Soporte documental<span class=\"ez-toc-section-end\"><\/span><\/h3>\n\n\n\n<p>Navegar por los aspectos jur\u00eddicos de <a href=\"https:\/\/euthanasia.store\/es\/\">eutanasia<\/a> puede ser compleja. Proporcionamos un apoyo documental completo para garantizar el cumplimiento de todos los requisitos legales.<\/p>\n\n\n\n<ol class=\"wp-block-list\">\n<li><strong>Preparaci\u00f3n de formularios<\/strong>Asistencia en la preparaci\u00f3n y presentaci\u00f3n de todos los formularios jur\u00eddicos necesarios.<\/li>\n\n\n\n<li><strong>Administraci\u00f3n<\/strong>: Almacenamiento y gesti\u00f3n seguros de todos los documentos jur\u00eddicos.<\/li>\n<\/ol>\n\n\n\n<h3 class=\"wp-block-heading\"><span class=\"ez-toc-section\" id=\"Juridisch_Advies\"><\/span>Aviso legal<span class=\"ez-toc-section-end\"><\/span><\/h3>\n\n\n\n<p>Nuestro equipo jur\u00eddico ofrece asesoramiento experto para guiar a los pacientes y sus familias a trav\u00e9s del proceso legal de la eutanasia.<\/p>\n\n\n\n<ol class=\"wp-block-list\">\n<li><strong>Consultas<\/strong>Consultas jur\u00eddicas para debatir los derechos y las opciones de los pacientes.<\/li>\n\n\n\n<li><strong>Representaci\u00f3n<\/strong>Representaci\u00f3n jur\u00eddica en los procedimientos o audiencias necesarios.<\/li>\n<\/ol>\n\n\n\n<figure class=\"wp-block-table\"><table class=\"has-fixed-layout\"><thead><tr><th><strong>Servicio Jur\u00eddico<\/strong><\/th><th><strong>Detalles<\/strong><\/th><\/tr><\/thead><tbody><tr><td>Soporte documental<\/td><td>Ayuda con formularios legales y archivo<\/td><\/tr><tr><td>Aviso legal<\/td><td>Consultas y representaci\u00f3n<\/td><\/tr><\/tbody><\/table><\/figure>\n\n\n\n<h2 class=\"wp-block-heading\"><span class=\"ez-toc-section\" id=\"Psychologische_Ondersteuning\"><\/span>Apoyo psicol\u00f3gico<span class=\"ez-toc-section-end\"><\/span><\/h2>\n\n\n\n<h3 class=\"wp-block-heading\"><span class=\"ez-toc-section\" id=\"Counseling_Diensten\"><\/span>Servicios de asesoramiento<span class=\"ez-toc-section-end\"><\/span><\/h3>\n\n\n\n<p>Ofrecemos servicios integrales de asesoramiento para apoyar el bienestar emocional de los pacientes y sus familias.<\/p>\n\n\n\n<ol class=\"wp-block-list\">\n<li><strong>Asesoramiento individual<\/strong>Sesiones individuales con un terapeuta cualificado.<\/li>\n\n\n\n<li><strong>Asesoramiento familiar<\/strong>: Sesiones de apoyo a los familiares para afrontar el impacto emocional de la eutanasia. Definici\u00f3n de eutanasia<\/li>\n<\/ol>\n\n\n\n<h3 class=\"wp-block-heading\"><span class=\"ez-toc-section\" id=\"Rouwbegeleiding\"><\/span>Asesoramiento en duelo<span class=\"ez-toc-section-end\"><\/span><\/h3>\n\n\n\n<p>Tras la muerte de un ser querido, nuestros servicios de asesoramiento en duelo ayudan a las familias a superar su duelo.<\/p>\n\n\n\n<ol class=\"wp-block-list\">\n<li><strong>Grupos de apoyo<\/strong>Acceso a grupos de apoyo donde las familias pueden compartir sus experiencias y encontrar consuelo.<\/li>\n\n\n\n<li><strong>Asesoramiento en duelo<\/strong>: Asesoramiento individual y de grupo para afrontar la p\u00e9rdida.<\/li>\n<\/ol>\n\n\n\n<figure class=\"wp-block-table\"><table class=\"has-fixed-layout\"><thead><tr><th><strong>Servicio de asistencia<\/strong><\/th><th><strong>Detalles<\/strong><\/th><\/tr><\/thead><tbody><tr><td>Servicios de asesoramiento<\/td><td>Sesiones de asesoramiento individual y familiar<\/td><\/tr><tr><td>Asesoramiento en duelo<\/td><td>Grupos de apoyo y asesoramiento en duelo<\/td><\/tr><\/tbody><\/table><\/figure>\n\n\n\n<h2 class=\"wp-block-heading\"><span class=\"ez-toc-section\" id=\"Conclusie\"><\/span>Conclusi\u00f3n<span class=\"ez-toc-section-end\"><\/span><\/h2>\n\n\n\n<p>Euthanasia.store se dedica a proporcionar una amplia gama de servicios para apoyar a las personas y sus familias durante el viaje al final de la vida. Desde evaluaciones iniciales y asistencia jur\u00eddica hasta planes de cuidados personalizados y apoyo psicol\u00f3gico, nos aseguramos de que todos los aspectos de esta profunda experiencia se traten con la m\u00e1xima compasi\u00f3n y profesionalidad. Si desea m\u00e1s informaci\u00f3n o concertar una cita, visite nuestro sitio web o p\u00f3ngase en contacto con nosotros directamente. Definici\u00f3n de eutanasia<\/p>","protected":false},"excerpt":{"rendered":"<p>Uitgebreide Diensten Aangeboden door Euthanasia.store euthanasie definition, Bij Euthanasia.store begrijpen we de diepgaande en gevoelige aard van beslissingen aan het einde van het leven. Onze missie is om mededogende, ethische en wettelijk conforme diensten te bieden aan individuen die een waardig einde aan hun lijden zoeken. Dit artikel beschrijft het uitgebreide scala aan diensten dat [&hellip;]<\/p>\n","protected":false},"author":1,"featured_media":539,"parent":0,"menu_order":0,"comment_status":"closed","ping_status":"closed","template":"","meta":{"ocean_post_layout":"","ocean_both_sidebars_style":"","ocean_both_sidebars_content_width":0,"ocean_both_sidebars_sidebars_width":0,"ocean_sidebar":"","ocean_second_sidebar":"","ocean_disable_margins":"enable","ocean_add_body_class":"","ocean_shortcode_before_top_bar":"","ocean_shortcode_after_top_bar":"","ocean_shortcode_before_header":"","ocean_shortcode_after_header":"","ocean_has_shortcode":"","ocean_shortcode_after_title":"","ocean_shortcode_before_footer_widgets":"","ocean_shortcode_after_footer_widgets":"","ocean_shortcode_before_footer_bottom":"","ocean_shortcode_after_footer_bottom":"","ocean_display_top_bar":"default","ocean_display_header":"default","ocean_header_style":"","ocean_center_header_left_menu":"","ocean_custom_header_template":"","ocean_custom_logo":0,"ocean_custom_retina_logo":0,"ocean_custom_logo_max_width":0,"ocean_custom_logo_tablet_max_width":0,"ocean_custom_logo_mobile_max_width":0,"ocean_custom_logo_max_height":0,"ocean_custom_logo_tablet_max_height":0,"ocean_custom_logo_mobile_max_height":0,"ocean_header_custom_menu":"","ocean_menu_typo_font_family":"","ocean_menu_typo_font_subset":"","ocean_menu_typo_font_size":0,"ocean_menu_typo_font_size_tablet":0,"ocean_menu_typo_font_size_mobile":0,"ocean_menu_typo_font_size_unit":"px","ocean_menu_typo_font_weight":"","ocean_menu_typo_font_weight_tablet":"","ocean_menu_typo_font_weight_mobile":"","ocean_menu_typo_transform":"","ocean_menu_typo_transform_tablet":"","ocean_menu_typo_transform_mobile":"","ocean_menu_typo_line_height":0,"ocean_menu_typo_line_height_tablet":0,"ocean_menu_typo_line_height_mobile":0,"ocean_menu_typo_line_height_unit":"","ocean_menu_typo_spacing":0,"ocean_menu_typo_spacing_tablet":0,"ocean_menu_typo_spacing_mobile":0,"ocean_menu_typo_spacing_unit":"","ocean_menu_link_color":"","ocean_menu_link_color_hover":"","ocean_menu_link_color_active":"","ocean_menu_link_background":"","ocean_menu_link_hover_background":"","ocean_menu_link_active_background":"","ocean_menu_social_links_bg":"","ocean_menu_social_hover_links_bg":"","ocean_menu_social_links_color":"","ocean_menu_social_hover_links_color":"","ocean_disable_title":"default","ocean_disable_heading":"default","ocean_post_title":"","ocean_post_subheading":"","ocean_post_title_style":"","ocean_post_title_background_color":"","ocean_post_title_background":0,"ocean_post_title_bg_image_position":"","ocean_post_title_bg_image_attachment":"","ocean_post_title_bg_image_repeat":"","ocean_post_title_bg_image_size":"","ocean_post_title_height":0,"ocean_post_title_bg_overlay":0.5,"ocean_post_title_bg_overlay_color":"","ocean_disable_breadcrumbs":"default","ocean_breadcrumbs_color":"","ocean_breadcrumbs_separator_color":"","ocean_breadcrumbs_links_color":"","ocean_breadcrumbs_links_hover_color":"","ocean_display_footer_widgets":"default","ocean_display_footer_bottom":"default","ocean_custom_footer_template":"","footnotes":""},"class_list":["post-530","page","type-page","status-publish","has-post-thumbnail","hentry","entry","has-media","owp-thumbs-layout-horizontal","owp-btn-normal","owp-tabs-layout-horizontal","has-no-thumbnails","has-product-nav"],"jetpack_sharing_enabled":true,"_links":{"self":[{"href":"https:\/\/euthanasia.store\/es\/wp-json\/wp\/v2\/pages\/530","targetHints":{"allow":["GET"]}}],"collection":[{"href":"https:\/\/euthanasia.store\/es\/wp-json\/wp\/v2\/pages"}],"about":[{"href":"https:\/\/euthanasia.store\/es\/wp-json\/wp\/v2\/types\/page"}],"author":[{"embeddable":true,"href":"https:\/\/euthanasia.store\/es\/wp-json\/wp\/v2\/users\/1"}],"replies":[{"embeddable":true,"href":"https:\/\/euthanasia.store\/es\/wp-json\/wp\/v2\/comments?post=530"}],"version-history":[{"count":2,"href":"https:\/\/euthanasia.store\/es\/wp-json\/wp\/v2\/pages\/530\/revisions"}],"predecessor-version":[{"id":541,"href":"https:\/\/euthanasia.store\/es\/wp-json\/wp\/v2\/pages\/530\/revisions\/541"}],"wp:featuredmedia":[{"embeddable":true,"href":"https:\/\/euthanasia.store\/es\/wp-json\/wp\/v2\/media\/539"}],"wp:attachment":[{"href":"https:\/\/euthanasia.store\/es\/wp-json\/wp\/v2\/media?parent=530"}],"curies":[{"name":"wp","href":"https:\/\/api.w.org\/{rel}","templated":true}]}}