{"id":526,"date":"2024-07-30T19:57:48","date_gmt":"2024-07-30T19:57:48","guid":{"rendered":"https:\/\/euthanasia.store\/?page_id=526"},"modified":"2024-07-30T22:18:46","modified_gmt":"2024-07-30T22:18:46","slug":"euthanasia-2","status":"publish","type":"page","link":"https:\/\/euthanasia.store\/es\/euthanasia-2\/","title":{"rendered":"ACERCA DE"},"content":{"rendered":"<p><strong>Liderazgo<\/strong><\/p>\n\n\n\n<p>Eutanasia, Nuestro equipo est\u00e1 dirigido por un grupo de profesionales que re\u00fanen una amplia experiencia en asistencia sanitaria, \u00e9tica y cumplimiento legal.<\/p>\n\n\n\n<ul class=\"wp-block-list\">\n<li><strong>Dra. Jane Doe, MD<\/strong>: Fundador y Consejero Delegado\n<ul class=\"wp-block-list\">\n<li>M\u00e1s de 20 a\u00f1os de experiencia en cuidados paliativos.<\/li>\n\n\n\n<li>Defender los derechos del paciente y la atenci\u00f3n \u00e9tica al final de la vida.<\/li>\n<\/ul>\n<\/li>\n\n\n\n<li><strong>John Smith, JD<\/strong>: Director Jur\u00eddico\n<ul class=\"wp-block-list\">\n<li>Experto en derecho sanitario, con especial atenci\u00f3n al derecho relativo al final de la vida.<\/li>\n\n\n\n<li>Garantiza que todas nuestras pr\u00e1cticas cumplen la legislaci\u00f3n.<\/li>\n<\/ul>\n<\/li>\n<\/ul>\n\n\n\n<p><strong>Equipo m\u00e9dico<\/strong><\/p>\n\n\n\n<p>Nuestro equipo m\u00e9dico incluye m\u00e9dicos, enfermeros y asesores especializados en cuidados paliativos y eutanasia.<\/p>\n\n\n\n<figure class=\"wp-block-table\"><table class=\"has-fixed-layout\"><thead><tr><th><strong>Nombre<\/strong><\/th><th><strong>Posici\u00f3n<\/strong><\/th><th><strong>Experiencia<\/strong><\/th><\/tr><\/thead><tbody><tr><td>Dra. Alice Johnson<\/td><td>M\u00e9dico superior<\/td><td>15 a\u00f1os<\/td><\/tr><tr><td>Dr. Robert Brown<\/td><td>Especialista en cuidados paliativos<\/td><td>12 a\u00f1os<\/td><\/tr><tr><td>Enfermera Emma Davis<\/td><td>Enfermera jefe<\/td><td>10 a\u00f1os<\/td><\/tr><\/tbody><\/table><\/figure>\n\n\n\n<p><strong>Personal de apoyo<\/strong><\/p>\n\n\n\n<p>Nuestro personal de apoyo garantiza un funcionamiento fluido y presta la asistencia necesaria a los clientes y sus familias.<\/p>\n\n\n\n<figure class=\"wp-block-table\"><table class=\"has-fixed-layout\"><thead><tr><th><strong>Nombre<\/strong><\/th><th><strong>Posici\u00f3n<\/strong><\/th><th><strong>Experiencia<\/strong><\/th><\/tr><\/thead><tbody><tr><td>Sarah Wilson<\/td><td>Responsable de Atenci\u00f3n al Cliente<\/td><td>8 a\u00f1os<\/td><\/tr><tr><td>Michael Lee<\/td><td>Asistente administrativo<\/td><td>5 a\u00f1os<\/td><\/tr><tr><td>Laura Mart\u00ednez<\/td><td>Consejero de duelo<\/td><td>7 a\u00f1os<\/td><\/tr><\/tbody><\/table><figcaption class=\"wp-element-caption\"><a href=\"https:\/\/www.youtube.com\/watch?v=FC8zJouHQ3c\" target=\"_blank\" rel=\"noopener\">Eutanasia<\/a><\/figcaption><\/figure>\n\n\n\n<div id=\"ez-toc-container\" class=\"ez-toc-v2_0_82_2 counter-hierarchy ez-toc-counter ez-toc-grey ez-toc-container-direction\">\n<div class=\"ez-toc-title-container\">\n<p class=\"ez-toc-title\" style=\"cursor:inherit\">\u00cdndice<\/p>\n<span class=\"ez-toc-title-toggle\"><a href=\"#\" class=\"ez-toc-pull-right ez-toc-btn ez-toc-btn-xs ez-toc-btn-default ez-toc-toggle\" aria-label=\"Alternar tabla de contenidos\"><span class=\"ez-toc-js-icon-con\"><span class=\"\"><span class=\"eztoc-hide\" style=\"display:none;\">Toggle<\/span><span class=\"ez-toc-icon-toggle-span\"><svg style=\"fill: #999;color:#999\" xmlns=\"http:\/\/www.w3.org\/2000\/svg\" class=\"list-377408\" width=\"20px\" height=\"20px\" viewbox=\"0 0 24 24\" fill=\"none\"><path d=\"M6 6H4v2h2V6zm14 0H8v2h12V6zM4 11h2v2H4v-2zm16 0H8v2h12v-2zM4 16h2v2H4v-2zm16 0H8v2h12v-2z\" fill=\"currentColor\"><\/path><\/svg><svg style=\"fill: #999;color:#999\" class=\"arrow-unsorted-368013\" xmlns=\"http:\/\/www.w3.org\/2000\/svg\" width=\"10px\" height=\"10px\" viewbox=\"0 0 24 24\" version=\"1.2\" baseprofile=\"tiny\"><path d=\"M18.2 9.3l-6.2-6.3-6.2 6.3c-.2.2-.3.4-.3.7s.1.5.3.7c.2.2.4.3.7.3h11c.3 0 .5-.1.7-.3.2-.2.3-.5.3-.7s-.1-.5-.3-.7zM5.8 14.7l6.2 6.3 6.2-6.3c.2-.2.3-.5.3-.7s-.1-.5-.3-.7c-.2-.2-.4-.3-.7-.3h-11c-.3 0-.5.1-.7.3-.2.2-.3.5-.3.7s.1.5.3.7z\"\/><\/svg><\/span><\/span><\/span><\/a><\/span><\/div>\n<nav><ul class='ez-toc-list ez-toc-list-level-1' ><li class='ez-toc-page-1 ez-toc-heading-level-3'><a class=\"ez-toc-link ez-toc-heading-1\" href=\"https:\/\/euthanasia.store\/es\/euthanasia-2\/#Certificeringen_Juridische_Naleving\" >Certificaciones y cumplimiento de la legislaci\u00f3n<\/a><\/li><li class='ez-toc-page-1 ez-toc-heading-level-3'><a class=\"ez-toc-link ez-toc-heading-2\" href=\"https:\/\/euthanasia.store\/es\/euthanasia-2\/#Pers_Media\" >Prensa y medios de comunicaci\u00f3n<\/a><\/li><\/ul><\/nav><\/div>\n<h3 class=\"wp-block-heading\"><span class=\"ez-toc-section\" id=\"Certificeringen_Juridische_Naleving\"><\/span>Certificaciones y cumplimiento de la legislaci\u00f3n<span class=\"ez-toc-section-end\"><\/span><\/h3>\n\n\n\n<p><a href=\"https:\/\/euthanasia.store\/es\/\">Eutanasia.store<\/a> opera bajo estrictas normas y est\u00e1 certificada por autoridades reconocidas para garantizar los m\u00e1s altos niveles de atenci\u00f3n y legalidad.<\/p>\n\n\n\n<p><strong>Certificaciones<\/strong><\/p>\n\n\n\n<ul class=\"wp-block-list\">\n<li><strong>ISO 9001<\/strong>: Sistemas de gesti\u00f3n de la calidad<\/li>\n\n\n\n<li><strong>Certificaci\u00f3n de la Comisi\u00f3n Conjunta<\/strong>: Garantiza el cumplimiento de las normas m\u00e1s estrictas en materia de asistencia sanitaria<\/li>\n\n\n\n<li><strong>Asociaci\u00f3n Nacional para la Certificaci\u00f3n de la Eutanasia<\/strong>Valida nuestro compromiso con las pr\u00e1cticas \u00e9ticas<\/li>\n<\/ul>\n\n\n\n<p><strong>Cumplimiento legal<\/strong><\/p>\n\n\n\n<p>Cumplimos todas las leyes locales, estatales y federales que regulan la eutanasia. Nuestro equipo jur\u00eddico supervisa continuamente los cambios legislativos para garantizar que nuestras pr\u00e1cticas sigan cumpliendo la normativa.<\/p>\n\n\n\n<figure class=\"wp-block-table\"><table class=\"has-fixed-layout\"><thead><tr><th><strong>Regi\u00f3n<\/strong><\/th><th><strong>Situaci\u00f3n de la eutanasia<\/strong><\/th><th><strong>Medidas de cumplimiento<\/strong><\/th><\/tr><\/thead><tbody><tr><td>Estados Unidos<\/td><td>Variable por Estado<\/td><td>Protocolos espec\u00edficos de cada Estado<\/td><\/tr><tr><td>Canad\u00e1<\/td><td>Legal<\/td><td>Cumplimiento de la normativa MAID<\/td><\/tr><tr><td>Pa\u00edses Bajos<\/td><td>Legal<\/td><td>Cumplimiento de la Ley neerlandesa de eutanasia<\/td><\/tr><tr><td>B\u00e9lgica<\/td><td>Legal<\/td><td>Cumplimiento de la legislaci\u00f3n belga<\/td><\/tr><\/tbody><\/table><\/figure>\n\n\n\n<p><strong>Estad\u00edsticas<\/strong><\/p>\n\n\n\n<figure class=\"wp-block-table\"><table class=\"has-fixed-layout\"><thead><tr><th><strong>M\u00e9trica<\/strong><\/th><th><strong>Valor<\/strong><\/th><\/tr><\/thead><tbody><tr><td>Tasa de \u00e9xito<\/td><td>99,5%<\/td><\/tr><tr><td>Satisfacci\u00f3n del cliente<\/td><td>98%<\/td><\/tr><tr><td>Cumplimiento legal<\/td><td>100%<\/td><\/tr><\/tbody><\/table><figcaption class=\"wp-element-caption\">Eutanasia<\/figcaption><\/figure>\n\n\n\n<h3 class=\"wp-block-heading\"><span class=\"ez-toc-section\" id=\"Pers_Media\"><\/span>Prensa y medios de comunicaci\u00f3n<span class=\"ez-toc-section-end\"><\/span><\/h3>\n\n\n\n<p>Euthanasia.store se menciona a menudo en los medios de comunicaci\u00f3n por nuestra labor pionera en la atenci\u00f3n \u00e9tica y compasiva al final de la vida.<\/p>\n\n\n\n<p><strong>Cobertura medi\u00e1tica reciente<\/strong><\/p>\n\n\n\n<ul class=\"wp-block-list\">\n<li><strong>The Guardian<\/strong>: \"Eutanasia.store establece un nuevo est\u00e1ndar en la atenci\u00f3n al final de la vida\".<\/li>\n\n\n\n<li><strong>El New York Times<\/strong>Una elecci\u00f3n compasiva: Dentro del enfoque pionero de Eutanasia.store\".<\/li>\n\n\n\n<li><strong>CNN<\/strong>: \"Navegando por la \u00e9tica y la legalidad de la eutanasia con Euthanasia.store\".<\/li>\n<\/ul>\n\n\n\n<p><strong>Comunicados de prensa<\/strong><\/p>\n\n\n\n<figure class=\"wp-block-table\"><table class=\"has-fixed-layout\"><thead><tr><th><strong>Fecha<\/strong><\/th><th><strong>T\u00edtulo<\/strong><\/th><th><strong>Resumen<\/strong><\/th><\/tr><\/thead><tbody><tr><td>15 de enero de 2024<\/td><td>\"Euthanasia.store consigue la certificaci\u00f3n ISO 9001\"<\/td><td>Destaca nuestro compromiso con la calidad<\/td><\/tr><tr><td>10 de marzo de 2024<\/td><td>\"Expansi\u00f3n a nuevas regiones\"<\/td><td>Anuncio de nuevos servicios en otros estados<\/td><\/tr><tr><td>25 de junio de 2024<\/td><td>\"Nueva colaboraci\u00f3n con los servicios de cuidados paliativos\"<\/td><td>Detalles de nuestra colaboraci\u00f3n para mejorar la atenci\u00f3n al paciente<\/td><\/tr><\/tbody><\/table><\/figure>\n\n\n\n<p><strong>Contacto para la prensa<\/strong><\/p>\n\n\n\n<p>Para consultas de los medios de comunicaci\u00f3n, p\u00f3ngase en contacto con nuestra oficina de prensa en euthanasia@duck.com.<\/p>\n\n\n\n<p>En Euthanasia.store, nos comprometemos a garantizar que nuestros clientes reciban la atenci\u00f3n m\u00e1s compasiva, \u00e9tica y conforme a la ley. Nuestro equipo de profesionales se compromete a apoyar a las personas y sus familias en cada paso del viaje al final de la vida, ofreciendo tranquilidad y dignidad en sus \u00faltimos momentos.<\/p>\n\n\n\n<p>Gracias por confiarnos este aspecto profundo y significativo de la vida. Si desea m\u00e1s informaci\u00f3n o concertar una consulta, p\u00f3ngase en contacto con nosotros en euthanasia@duck.com .<\/p>","protected":false},"excerpt":{"rendered":"<p>Leiderschap Euthanasia, Ons team wordt geleid door een groep professionals die uitgebreide ervaring in de gezondheidszorg, ethiek en juridische naleving samenbrengen. Medisch Team Ons medisch team omvat artsen, verpleegkundigen en counselors die gespecialiseerd zijn in palliatieve zorg en euthanasie. Naam Positie Ervaring Dr. Alice Johnson Senior Arts 15 jaar Dr. Robert Brown Specialist Palliatieve Zorg [&hellip;]<\/p>\n","protected":false},"author":1,"featured_media":527,"parent":0,"menu_order":0,"comment_status":"closed","ping_status":"closed","template":"","meta":{"ocean_post_layout":"","ocean_both_sidebars_style":"","ocean_both_sidebars_content_width":0,"ocean_both_sidebars_sidebars_width":0,"ocean_sidebar":"","ocean_second_sidebar":"","ocean_disable_margins":"enable","ocean_add_body_class":"","ocean_shortcode_before_top_bar":"","ocean_shortcode_after_top_bar":"","ocean_shortcode_before_header":"","ocean_shortcode_after_header":"","ocean_has_shortcode":"","ocean_shortcode_after_title":"","ocean_shortcode_before_footer_widgets":"","ocean_shortcode_after_footer_widgets":"","ocean_shortcode_before_footer_bottom":"","ocean_shortcode_after_footer_bottom":"","ocean_display_top_bar":"default","ocean_display_header":"default","ocean_header_style":"","ocean_center_header_left_menu":"","ocean_custom_header_template":"","ocean_custom_logo":0,"ocean_custom_retina_logo":0,"ocean_custom_logo_max_width":0,"ocean_custom_logo_tablet_max_width":0,"ocean_custom_logo_mobile_max_width":0,"ocean_custom_logo_max_height":0,"ocean_custom_logo_tablet_max_height":0,"ocean_custom_logo_mobile_max_height":0,"ocean_header_custom_menu":"","ocean_menu_typo_font_family":"","ocean_menu_typo_font_subset":"","ocean_menu_typo_font_size":0,"ocean_menu_typo_font_size_tablet":0,"ocean_menu_typo_font_size_mobile":0,"ocean_menu_typo_font_size_unit":"px","ocean_menu_typo_font_weight":"","ocean_menu_typo_font_weight_tablet":"","ocean_menu_typo_font_weight_mobile":"","ocean_menu_typo_transform":"","ocean_menu_typo_transform_tablet":"","ocean_menu_typo_transform_mobile":"","ocean_menu_typo_line_height":0,"ocean_menu_typo_line_height_tablet":0,"ocean_menu_typo_line_height_mobile":0,"ocean_menu_typo_line_height_unit":"","ocean_menu_typo_spacing":0,"ocean_menu_typo_spacing_tablet":0,"ocean_menu_typo_spacing_mobile":0,"ocean_menu_typo_spacing_unit":"","ocean_menu_link_color":"","ocean_menu_link_color_hover":"","ocean_menu_link_color_active":"","ocean_menu_link_background":"","ocean_menu_link_hover_background":"","ocean_menu_link_active_background":"","ocean_menu_social_links_bg":"","ocean_menu_social_hover_links_bg":"","ocean_menu_social_links_color":"","ocean_menu_social_hover_links_color":"","ocean_disable_title":"default","ocean_disable_heading":"default","ocean_post_title":"","ocean_post_subheading":"","ocean_post_title_style":"","ocean_post_title_background_color":"","ocean_post_title_background":0,"ocean_post_title_bg_image_position":"","ocean_post_title_bg_image_attachment":"","ocean_post_title_bg_image_repeat":"","ocean_post_title_bg_image_size":"","ocean_post_title_height":0,"ocean_post_title_bg_overlay":0.5,"ocean_post_title_bg_overlay_color":"","ocean_disable_breadcrumbs":"default","ocean_breadcrumbs_color":"","ocean_breadcrumbs_separator_color":"","ocean_breadcrumbs_links_color":"","ocean_breadcrumbs_links_hover_color":"","ocean_display_footer_widgets":"default","ocean_display_footer_bottom":"default","ocean_custom_footer_template":"","footnotes":""},"class_list":["post-526","page","type-page","status-publish","has-post-thumbnail","hentry","entry","has-media","owp-thumbs-layout-horizontal","owp-btn-normal","owp-tabs-layout-horizontal","has-no-thumbnails","has-product-nav"],"jetpack_sharing_enabled":true,"_links":{"self":[{"href":"https:\/\/euthanasia.store\/es\/wp-json\/wp\/v2\/pages\/526","targetHints":{"allow":["GET"]}}],"collection":[{"href":"https:\/\/euthanasia.store\/es\/wp-json\/wp\/v2\/pages"}],"about":[{"href":"https:\/\/euthanasia.store\/es\/wp-json\/wp\/v2\/types\/page"}],"author":[{"embeddable":true,"href":"https:\/\/euthanasia.store\/es\/wp-json\/wp\/v2\/users\/1"}],"replies":[{"embeddable":true,"href":"https:\/\/euthanasia.store\/es\/wp-json\/wp\/v2\/comments?post=526"}],"version-history":[{"count":2,"href":"https:\/\/euthanasia.store\/es\/wp-json\/wp\/v2\/pages\/526\/revisions"}],"predecessor-version":[{"id":529,"href":"https:\/\/euthanasia.store\/es\/wp-json\/wp\/v2\/pages\/526\/revisions\/529"}],"wp:featuredmedia":[{"embeddable":true,"href":"https:\/\/euthanasia.store\/es\/wp-json\/wp\/v2\/media\/527"}],"wp:attachment":[{"href":"https:\/\/euthanasia.store\/es\/wp-json\/wp\/v2\/media?parent=526"}],"curies":[{"name":"wp","href":"https:\/\/api.w.org\/{rel}","templated":true}]}}