{"id":403,"date":"2024-07-30T22:12:20","date_gmt":"2024-07-30T22:12:20","guid":{"rendered":"https:\/\/euthanasia.store\/?page_id=403"},"modified":"2024-07-30T22:19:20","modified_gmt":"2024-07-30T22:19:20","slug":"euthanasies","status":"publish","type":"page","link":"https:\/\/euthanasia.store\/es\/euthanasies\/","title":{"rendered":"Pol\u00edtica de devoluciones y reembolsos"},"content":{"rendered":"<div id=\"ez-toc-container\" class=\"ez-toc-v2_0_82_2 counter-hierarchy ez-toc-counter ez-toc-grey ez-toc-container-direction\">\n<div class=\"ez-toc-title-container\">\n<p class=\"ez-toc-title\" style=\"cursor:inherit\">\u00cdndice<\/p>\n<span class=\"ez-toc-title-toggle\"><a href=\"#\" class=\"ez-toc-pull-right ez-toc-btn ez-toc-btn-xs ez-toc-btn-default ez-toc-toggle\" aria-label=\"Alternar tabla de contenidos\"><span class=\"ez-toc-js-icon-con\"><span class=\"\"><span class=\"eztoc-hide\" style=\"display:none;\">Toggle<\/span><span class=\"ez-toc-icon-toggle-span\"><svg style=\"fill: #999;color:#999\" xmlns=\"http:\/\/www.w3.org\/2000\/svg\" class=\"list-377408\" width=\"20px\" height=\"20px\" viewbox=\"0 0 24 24\" fill=\"none\"><path d=\"M6 6H4v2h2V6zm14 0H8v2h12V6zM4 11h2v2H4v-2zm16 0H8v2h12v-2zM4 16h2v2H4v-2zm16 0H8v2h12v-2z\" fill=\"currentColor\"><\/path><\/svg><svg style=\"fill: #999;color:#999\" class=\"arrow-unsorted-368013\" xmlns=\"http:\/\/www.w3.org\/2000\/svg\" width=\"10px\" height=\"10px\" viewbox=\"0 0 24 24\" version=\"1.2\" baseprofile=\"tiny\"><path d=\"M18.2 9.3l-6.2-6.3-6.2 6.3c-.2.2-.3.4-.3.7s.1.5.3.7c.2.2.4.3.7.3h11c.3 0 .5-.1.7-.3.2-.2.3-.5.3-.7s-.1-.5-.3-.7zM5.8 14.7l6.2 6.3 6.2-6.3c.2-.2.3-.5.3-.7s-.1-.5-.3-.7c-.2-.2-.4-.3-.7-.3h-11c-.3 0-.5.1-.7.3-.2.2-.3.5-.3.7s.1.5.3.7z\"\/><\/svg><\/span><\/span><\/span><\/a><\/span><\/div>\n<nav><ul class='ez-toc-list ez-toc-list-level-1' ><li class='ez-toc-page-1 ez-toc-heading-level-3'><a class=\"ez-toc-link ez-toc-heading-1\" href=\"https:\/\/euthanasia.store\/es\/euthanasies\/#Inleiding\" >Introducci\u00f3n<\/a><\/li><li class='ez-toc-page-1 ez-toc-heading-level-3'><a class=\"ez-toc-link ez-toc-heading-2\" href=\"https:\/\/euthanasia.store\/es\/euthanasies\/#Terugbetalingsbeleid\" >Pol\u00edtica de devoluciones<\/a><\/li><li class='ez-toc-page-1 ez-toc-heading-level-3'><a class=\"ez-toc-link ez-toc-heading-3\" href=\"https:\/\/euthanasia.store\/es\/euthanasies\/#Retourbeleid\" >Pol\u00edtica de devoluciones<\/a><\/li><li class='ez-toc-page-1 ez-toc-heading-level-3'><a class=\"ez-toc-link ez-toc-heading-4\" href=\"https:\/\/euthanasia.store\/es\/euthanasies\/#Discrete_Levering\" >Entrega discreta<\/a><\/li><li class='ez-toc-page-1 ez-toc-heading-level-3'><a class=\"ez-toc-link ez-toc-heading-5\" href=\"https:\/\/euthanasia.store\/es\/euthanasies\/#Hoe_een_Terugbetaling_of_Retour_Aanvragen\" >C\u00f3mo solicitar un reembolso o una devoluci\u00f3n<\/a><\/li><li class='ez-toc-page-1 ez-toc-heading-level-3'><a class=\"ez-toc-link ez-toc-heading-6\" href=\"https:\/\/euthanasia.store\/es\/euthanasies\/#Contact_Ons\" >P\u00f3ngase en contacto con nosotros<\/a><\/li><li class='ez-toc-page-1 ez-toc-heading-level-3'><a class=\"ez-toc-link ez-toc-heading-7\" href=\"https:\/\/euthanasia.store\/es\/euthanasies\/#Wijzigingen_in_Dit_Beleid\" >Cambios en esta pol\u00edtica<\/a><\/li><\/ul><\/nav><\/div>\n<h3 class=\"wp-block-heading\"><span class=\"ez-toc-section\" id=\"Inleiding\"><\/span>Introducci\u00f3n<span class=\"ez-toc-section-end\"><\/span><\/h3>\n\n\n\n<p>En <a href=\"https:\/\/euthanasia.store\/es\/\">euthanasies.store <\/a>su privacidad y satisfacci\u00f3n son primordiales. Nuestra pol\u00edtica de devoluciones y reembolsos est\u00e1 dise\u00f1ada para resolver los problemas de forma discreta y eficaz. Esta pol\u00edtica describe c\u00f3mo gestionamos los reembolsos y las devoluciones, garantizando que todas las entregas y devoluciones se traten con la m\u00e1xima confidencialidad. Eutanasias<\/p>\n\n\n\n<h3 class=\"wp-block-heading\"><span class=\"ez-toc-section\" id=\"Terugbetalingsbeleid\"><\/span>Pol\u00edtica de devoluciones<span class=\"ez-toc-section-end\"><\/span><\/h3>\n\n\n\n<p>Nos esforzamos por garantizar que nuestros productos y servicios cumplan sus expectativas. Si tiene alg\u00fan problema, nuestra pol\u00edtica de reembolso estar\u00e1 encantada de ayudarle: Eutanasias<\/p>\n\n\n\n<figure class=\"wp-block-table\"><table class=\"has-fixed-layout\"><thead><tr><th><strong>Condici\u00f3n<\/strong><\/th><th><strong>Pol\u00edtica<\/strong><\/th><\/tr><\/thead><tbody><tr><td><strong>Productos da\u00f1ados o defectuosos<\/strong><\/td><td>Si recibe un producto da\u00f1ado o defectuoso, p\u00f3ngase en contacto con nosotros en un plazo de 7 d\u00edas para solicitar la sustituci\u00f3n o el reembolso.<\/td><\/tr><tr><td><strong>Art\u00edculos incorrectos<\/strong><\/td><td>Si recibe un art\u00edculo incorrecto, comun\u00edquenoslo en un plazo de 7 d\u00edas para que se lo cambiemos o le devolvamos el dinero.<\/td><\/tr><tr><td><strong>Cambio de mentalidad<\/strong><\/td><td>Debido a la naturaleza de nuestros productos, no ofrecemos reembolsos por cambio de opini\u00f3n.<\/td><\/tr><tr><td><strong>Servicio no recibido<\/strong><\/td><td>Si un servicio no se entrega seg\u00fan lo descrito, p\u00f3ngase en contacto con nosotros en un plazo de 7 d\u00edas para que le demos una soluci\u00f3n o le devolvamos el dinero.<\/td><\/tr><\/tbody><\/table><\/figure>\n\n\n\n<h3 class=\"wp-block-heading\"><span class=\"ez-toc-section\" id=\"Retourbeleid\"><\/span>Pol\u00edtica de devoluciones<span class=\"ez-toc-section-end\"><\/span><\/h3>\n\n\n\n<p>Entendemos que las devoluciones pueden ser necesarias y las gestionamos con discreci\u00f3n:<\/p>\n\n\n\n<figure class=\"wp-block-table\"><table class=\"has-fixed-layout\"><thead><tr><th><strong>Condici\u00f3n de devoluci\u00f3n<\/strong><\/th><th><strong>Pol\u00edtica<\/strong><\/th><\/tr><\/thead><tbody><tr><td><strong>Envases sin abrir<\/strong><\/td><td>Si desea devolver un paquete sin abrir, p\u00f3ngase en contacto con nosotros en un plazo de 7 d\u00edas para recibir instrucciones de devoluci\u00f3n.<\/td><\/tr><tr><td><strong>Paquetes abiertos<\/strong><\/td><td>Las devoluciones de paquetes abiertos s\u00f3lo se aceptar\u00e1n para art\u00edculos da\u00f1ados o incorrectos.<\/td><\/tr><\/tbody><\/table><\/figure>\n\n\n\n<h3 class=\"wp-block-heading\"><span class=\"ez-toc-section\" id=\"Discrete_Levering\"><\/span>Entrega discreta<span class=\"ez-toc-section-end\"><\/span><\/h3>\n\n\n\n<p>Nos comprometemos a salvaguardar todas las interacciones con nosotros con el m\u00e1ximo nivel de confidencialidad:<\/p>\n\n\n\n<figure class=\"wp-block-table\"><table class=\"has-fixed-layout\"><thead><tr><th><strong>Caracter\u00edstica<\/strong><\/th><th><strong>Descripci\u00f3n<\/strong><\/th><\/tr><\/thead><tbody><tr><td><strong>Etiquetas an\u00f3nimas<\/strong><\/td><td>Todos los paquetes est\u00e1n etiquetados con descripciones neutras para proteger su intimidad.<\/td><\/tr><tr><td><strong>Envases neutros<\/strong><\/td><td>Utilizamos embalajes discretos y sin marcas para garantizar la discreci\u00f3n.<\/td><\/tr><tr><td><strong>Env\u00edo confidencial<\/strong><\/td><td>Los paquetes se env\u00edan por m\u00e9todos discretos para garantizar la confidencialidad durante la entrega.<\/td><\/tr><\/tbody><\/table><\/figure>\n\n\n\n<h3 class=\"wp-block-heading\"><span class=\"ez-toc-section\" id=\"Hoe_een_Terugbetaling_of_Retour_Aanvragen\"><\/span>C\u00f3mo solicitar un reembolso o una devoluci\u00f3n<span class=\"ez-toc-section-end\"><\/span><\/h3>\n\n\n\n<p>Siga estos pasos para solicitar un reembolso o iniciar una devoluci\u00f3n: <a href=\"https:\/\/www.youtube.com\/watch?v=-Mv-5B8goVk\" target=\"_blank\" rel=\"noopener\">Eutanasias<\/a><\/p>\n\n\n\n<figure class=\"wp-block-table\"><table class=\"has-fixed-layout\"><thead><tr><th><strong>Paso<\/strong><\/th><th><strong>Descripci\u00f3n<\/strong><\/th><\/tr><\/thead><tbody><tr><td><strong>1. Contacto<\/strong><\/td><td>Env\u00ede un correo electr\u00f3nico a euthanasia@duck.com o llame en los 7 d\u00edas siguientes a la recepci\u00f3n de su producto o servicio.<\/td><\/tr><tr><td><strong>2. Proporcionar datos<\/strong><\/td><td>Por favor, incluya su n\u00famero de pedido, una descripci\u00f3n del problema y la documentaci\u00f3n pertinente.<\/td><\/tr><tr><td><strong>3. Autorizaci\u00f3n de devoluci\u00f3n<\/strong><\/td><td>Si procede una devoluci\u00f3n, le facilitaremos las instrucciones de devoluci\u00f3n y una autorizaci\u00f3n.<\/td><\/tr><tr><td><strong>4. Env\u00edo de vuelta<\/strong><\/td><td>Siga las instrucciones facilitadas para devolver el paquete de forma segura y discreta.<\/td><\/tr><tr><td><strong>5. Tratamiento<\/strong><\/td><td>Una vez recibido el paquete devuelto, tramitaremos el reembolso o la sustituci\u00f3n del producto en un plazo de 7 d\u00edas laborables.<\/td><\/tr><\/tbody><\/table><\/figure>\n\n\n\n<h3 class=\"wp-block-heading\"><span class=\"ez-toc-section\" id=\"Contact_Ons\"><\/span>P\u00f3ngase en contacto con nosotros<span class=\"ez-toc-section-end\"><\/span><\/h3>\n\n\n\n<p>Si tiene preguntas o desea solicitar un reembolso o devoluci\u00f3n, p\u00f3ngase en contacto con nosotros:<\/p>\n\n\n\n<figure class=\"wp-block-table\"><table class=\"has-fixed-layout\"><thead><tr><th><strong>M\u00e9todo<\/strong><\/th><th><strong>Datos<\/strong><\/th><\/tr><\/thead><tbody><tr><td><strong>Correo electr\u00f3nico<\/strong><\/td><td>euthanasia@duck.com<\/td><\/tr><tr><td><strong>Telegrama<\/strong><\/td><td>@euthanasiastore<\/td><\/tr><tr><td><strong>Direcci\u00f3n postal<\/strong><\/td><td><\/td><\/tr><\/tbody><\/table><\/figure>\n\n\n\n<h3 class=\"wp-block-heading\"><span class=\"ez-toc-section\" id=\"Wijzigingen_in_Dit_Beleid\"><\/span>Cambios en esta pol\u00edtica<span class=\"ez-toc-section-end\"><\/span><\/h3>\n\n\n\n<p>Podemos actualizar esta Pol\u00edtica de Devoluciones y Reembolsos de vez en cuando para reflejar cambios en nuestras pr\u00e1cticas u otras razones operativas, legales o reglamentarias. Las actualizaciones se publicar\u00e1n en esta p\u00e1gina con una \"Fecha de entrada en vigor\" actualizada. Eutanasias<\/p>\n\n\n\n<p>Gracias por elegir Euthanasia.store. Nos aseguraremos de que su experiencia con nosotros sea lo m\u00e1s discreta y satisfactoria posible.Eutanasias<\/p>","protected":false},"excerpt":{"rendered":"<p>Inleiding Bij euthanasies.store staat uw privacy en tevredenheid voorop. Ons Retour- en Terugbetalingsbeleid is ontworpen om problemen discreet en effectief op te lossen. Dit beleid beschrijft hoe wij omgaan met terugbetalingen en retouren, waarbij we ervoor zorgen dat alle leveringen en retouren met de grootste vertrouwelijkheid worden behandeld. Euthanasies Terugbetalingsbeleid Wij streven ernaar ervoor te [&hellip;]<\/p>\n","protected":false},"author":1,"featured_media":547,"parent":0,"menu_order":0,"comment_status":"closed","ping_status":"closed","template":"","meta":{"ocean_post_layout":"","ocean_both_sidebars_style":"","ocean_both_sidebars_content_width":0,"ocean_both_sidebars_sidebars_width":0,"ocean_sidebar":"","ocean_second_sidebar":"","ocean_disable_margins":"enable","ocean_add_body_class":"","ocean_shortcode_before_top_bar":"","ocean_shortcode_after_top_bar":"","ocean_shortcode_before_header":"","ocean_shortcode_after_header":"","ocean_has_shortcode":"","ocean_shortcode_after_title":"","ocean_shortcode_before_footer_widgets":"","ocean_shortcode_after_footer_widgets":"","ocean_shortcode_before_footer_bottom":"","ocean_shortcode_after_footer_bottom":"","ocean_display_top_bar":"default","ocean_display_header":"default","ocean_header_style":"","ocean_center_header_left_menu":"","ocean_custom_header_template":"","ocean_custom_logo":0,"ocean_custom_retina_logo":0,"ocean_custom_logo_max_width":0,"ocean_custom_logo_tablet_max_width":0,"ocean_custom_logo_mobile_max_width":0,"ocean_custom_logo_max_height":0,"ocean_custom_logo_tablet_max_height":0,"ocean_custom_logo_mobile_max_height":0,"ocean_header_custom_menu":"","ocean_menu_typo_font_family":"","ocean_menu_typo_font_subset":"","ocean_menu_typo_font_size":0,"ocean_menu_typo_font_size_tablet":0,"ocean_menu_typo_font_size_mobile":0,"ocean_menu_typo_font_size_unit":"px","ocean_menu_typo_font_weight":"","ocean_menu_typo_font_weight_tablet":"","ocean_menu_typo_font_weight_mobile":"","ocean_menu_typo_transform":"","ocean_menu_typo_transform_tablet":"","ocean_menu_typo_transform_mobile":"","ocean_menu_typo_line_height":0,"ocean_menu_typo_line_height_tablet":0,"ocean_menu_typo_line_height_mobile":0,"ocean_menu_typo_line_height_unit":"","ocean_menu_typo_spacing":0,"ocean_menu_typo_spacing_tablet":0,"ocean_menu_typo_spacing_mobile":0,"ocean_menu_typo_spacing_unit":"","ocean_menu_link_color":"","ocean_menu_link_color_hover":"","ocean_menu_link_color_active":"","ocean_menu_link_background":"","ocean_menu_link_hover_background":"","ocean_menu_link_active_background":"","ocean_menu_social_links_bg":"","ocean_menu_social_hover_links_bg":"","ocean_menu_social_links_color":"","ocean_menu_social_hover_links_color":"","ocean_disable_title":"default","ocean_disable_heading":"default","ocean_post_title":"","ocean_post_subheading":"","ocean_post_title_style":"","ocean_post_title_background_color":"","ocean_post_title_background":0,"ocean_post_title_bg_image_position":"","ocean_post_title_bg_image_attachment":"","ocean_post_title_bg_image_repeat":"","ocean_post_title_bg_image_size":"","ocean_post_title_height":0,"ocean_post_title_bg_overlay":0.5,"ocean_post_title_bg_overlay_color":"","ocean_disable_breadcrumbs":"default","ocean_breadcrumbs_color":"","ocean_breadcrumbs_separator_color":"","ocean_breadcrumbs_links_color":"","ocean_breadcrumbs_links_hover_color":"","ocean_display_footer_widgets":"default","ocean_display_footer_bottom":"default","ocean_custom_footer_template":"","footnotes":""},"class_list":["post-403","page","type-page","status-publish","has-post-thumbnail","hentry","entry","has-media","owp-thumbs-layout-horizontal","owp-btn-normal","owp-tabs-layout-horizontal","has-no-thumbnails","has-product-nav"],"jetpack_sharing_enabled":true,"_links":{"self":[{"href":"https:\/\/euthanasia.store\/es\/wp-json\/wp\/v2\/pages\/403","targetHints":{"allow":["GET"]}}],"collection":[{"href":"https:\/\/euthanasia.store\/es\/wp-json\/wp\/v2\/pages"}],"about":[{"href":"https:\/\/euthanasia.store\/es\/wp-json\/wp\/v2\/types\/page"}],"author":[{"embeddable":true,"href":"https:\/\/euthanasia.store\/es\/wp-json\/wp\/v2\/users\/1"}],"replies":[{"embeddable":true,"href":"https:\/\/euthanasia.store\/es\/wp-json\/wp\/v2\/comments?post=403"}],"version-history":[{"count":1,"href":"https:\/\/euthanasia.store\/es\/wp-json\/wp\/v2\/pages\/403\/revisions"}],"predecessor-version":[{"id":546,"href":"https:\/\/euthanasia.store\/es\/wp-json\/wp\/v2\/pages\/403\/revisions\/546"}],"wp:featuredmedia":[{"embeddable":true,"href":"https:\/\/euthanasia.store\/es\/wp-json\/wp\/v2\/media\/547"}],"wp:attachment":[{"href":"https:\/\/euthanasia.store\/es\/wp-json\/wp\/v2\/media?parent=403"}],"curies":[{"name":"wp","href":"https:\/\/api.w.org\/{rel}","templated":true}]}}