{"id":3,"date":"2024-07-27T16:24:10","date_gmt":"2024-07-27T16:24:10","guid":{"rendered":"http:\/\/euthanasia.store\/?page_id=3"},"modified":"2024-07-30T22:19:10","modified_gmt":"2024-07-30T22:19:10","slug":"euthanasie-hund","status":"publish","type":"page","link":"https:\/\/euthanasia.store\/es\/euthanasie-hund\/","title":{"rendered":"Pol\u00edtica de privacidad"},"content":{"rendered":"<div id=\"ez-toc-container\" class=\"ez-toc-v2_0_82_2 counter-hierarchy ez-toc-counter ez-toc-grey ez-toc-container-direction\">\n<div class=\"ez-toc-title-container\">\n<p class=\"ez-toc-title\" style=\"cursor:inherit\">\u00cdndice<\/p>\n<span class=\"ez-toc-title-toggle\"><a href=\"#\" class=\"ez-toc-pull-right ez-toc-btn ez-toc-btn-xs ez-toc-btn-default ez-toc-toggle\" aria-label=\"Alternar tabla de contenidos\"><span class=\"ez-toc-js-icon-con\"><span class=\"\"><span class=\"eztoc-hide\" style=\"display:none;\">Toggle<\/span><span class=\"ez-toc-icon-toggle-span\"><svg style=\"fill: #999;color:#999\" xmlns=\"http:\/\/www.w3.org\/2000\/svg\" class=\"list-377408\" width=\"20px\" height=\"20px\" viewbox=\"0 0 24 24\" fill=\"none\"><path d=\"M6 6H4v2h2V6zm14 0H8v2h12V6zM4 11h2v2H4v-2zm16 0H8v2h12v-2zM4 16h2v2H4v-2zm16 0H8v2h12v-2z\" fill=\"currentColor\"><\/path><\/svg><svg style=\"fill: #999;color:#999\" class=\"arrow-unsorted-368013\" xmlns=\"http:\/\/www.w3.org\/2000\/svg\" width=\"10px\" height=\"10px\" viewbox=\"0 0 24 24\" version=\"1.2\" baseprofile=\"tiny\"><path d=\"M18.2 9.3l-6.2-6.3-6.2 6.3c-.2.2-.3.4-.3.7s.1.5.3.7c.2.2.4.3.7.3h11c.3 0 .5-.1.7-.3.2-.2.3-.5.3-.7s-.1-.5-.3-.7zM5.8 14.7l6.2 6.3 6.2-6.3c.2-.2.3-.5.3-.7s-.1-.5-.3-.7c-.2-.2-.4-.3-.7-.3h-11c-.3 0-.5.1-.7.3-.2.2-.3.5-.3.7s.1.5.3.7z\"\/><\/svg><\/span><\/span><\/span><\/a><\/span><\/div>\n<nav><ul class='ez-toc-list ez-toc-list-level-1' ><li class='ez-toc-page-1 ez-toc-heading-level-2'><a class=\"ez-toc-link ez-toc-heading-1\" href=\"https:\/\/euthanasia.store\/es\/euthanasie-hund\/#Inleiding\" >Introducci\u00f3n<\/a><ul class='ez-toc-list-level-3' ><li class='ez-toc-heading-level-3'><a class=\"ez-toc-link ez-toc-heading-2\" href=\"https:\/\/euthanasia.store\/es\/euthanasie-hund\/#Informatie_die_Wij_Niet_Verzamelen\" >Informaci\u00f3n que no recopilamos<\/a><\/li><li class='ez-toc-page-1 ez-toc-heading-level-3'><a class=\"ez-toc-link ez-toc-heading-3\" href=\"https:\/\/euthanasia.store\/es\/euthanasie-hund\/#Discrete_Levering\" >Entrega discreta<\/a><\/li><li class='ez-toc-page-1 ez-toc-heading-level-3'><a class=\"ez-toc-link ez-toc-heading-4\" href=\"https:\/\/euthanasia.store\/es\/euthanasie-hund\/#Beveiliging_van_Uw_Informatie\" >Seguridad de su informaci\u00f3n<\/a><\/li><li class='ez-toc-page-1 ez-toc-heading-level-3'><a class=\"ez-toc-link ez-toc-heading-5\" href=\"https:\/\/euthanasia.store\/es\/euthanasie-hund\/#Uw_Privacyrechten\" >Su derecho a la intimidad<\/a><\/li><li class='ez-toc-page-1 ez-toc-heading-level-3'><a class=\"ez-toc-link ez-toc-heading-6\" href=\"https:\/\/euthanasia.store\/es\/euthanasie-hund\/#Contact_Met_Ons_Opnemen\" >P\u00f3ngase en contacto con nosotros<\/a><\/li><li class='ez-toc-page-1 ez-toc-heading-level-3'><a class=\"ez-toc-link ez-toc-heading-7\" href=\"https:\/\/euthanasia.store\/es\/euthanasie-hund\/#Wijzigingen_in_Dit_Privacybeleid\" >Cambios en esta pol\u00edtica de privacidad<\/a><\/li><\/ul><\/li><\/ul><\/nav><\/div>\n<h2 class=\"wp-block-heading\"><span class=\"ez-toc-section\" id=\"Inleiding\"><\/span>Introducci\u00f3n<span class=\"ez-toc-section-end\"><\/span><\/h2>\n\n\n\n<p>Eutanasia hund, Bienvenido a <a href=\"https:\/\/euthanasia.store\/es\/\">Eutanasia.store<\/a>. Estamos comprometidos con su privacidad y la confidencialidad de su informaci\u00f3n. Esta Pol\u00edtica de Privacidad describe nuestro compromiso con la discreci\u00f3n y la transparencia respecto a la informaci\u00f3n que recopilamos y no recopilamos, as\u00ed como nuestras pr\u00e1cticas para proteger su privacidad. Eutanasia hund<\/p>\n\n\n\n<h3 class=\"wp-block-heading\"><span class=\"ez-toc-section\" id=\"Informatie_die_Wij_Niet_Verzamelen\"><\/span>Informaci\u00f3n que no recopilamos<span class=\"ez-toc-section-end\"><\/span><\/h3>\n\n\n\n<p>Queremos asegurarle que su privacidad es nuestra mayor prioridad. En Euthanasia.store, no recogemos ninguna informaci\u00f3n personal sobre usted. Esto incluye, pero no se limita a:<\/p>\n\n\n\n<figure class=\"wp-block-table\"><table class=\"has-fixed-layout\"><thead><tr><th>Tipo de informaci\u00f3n<\/th><th>Descripci\u00f3n<\/th><\/tr><\/thead><tbody><tr><td><strong>Informaci\u00f3n personal<\/strong><\/td><td>No recopilamos el nombre, la direcci\u00f3n de correo electr\u00f3nico, el n\u00famero de tel\u00e9fono, la direcci\u00f3n postal ni ning\u00fan otro dato de identificaci\u00f3n personal.<\/td><\/tr><tr><td><strong>Informaci\u00f3n sanitaria<\/strong><\/td><td>No recopilamos historial m\u00e9dico, preferencias de tratamiento ni otros datos relacionados con la salud.<\/td><\/tr><tr><td><strong>Informaci\u00f3n de pago<\/strong><\/td><td>No almacenamos datos de tarjetas de cr\u00e9dito, direcciones de facturaci\u00f3n ni otros datos financieros.<\/td><\/tr><tr><td><strong>Datos de uso<\/strong><\/td><td>No rastreamos sus interacciones con nuestro sitio web, como la direcci\u00f3n IP, el tipo de navegador o las p\u00e1ginas visitadas.<\/td><\/tr><tr><td><strong>Cookies y datos de seguimiento<\/strong><\/td><td>No utilizamos cookies ni otras tecnolog\u00edas de seguimiento para recopilar informaci\u00f3n sobre su visita o uso.<\/td><\/tr><\/tbody><\/table><\/figure>\n\n\n\n<h3 class=\"wp-block-heading\"><span class=\"ez-toc-section\" id=\"Discrete_Levering\"><\/span>Entrega discreta<span class=\"ez-toc-section-end\"><\/span><\/h3>\n\n\n\n<p>Entendemos la naturaleza sensible de nuestros servicios y nos comprometemos a salvaguardar todas las interacciones con nosotros con la m\u00e1xima discreci\u00f3n. Eutanasia hund<\/p>\n\n\n\n<p><strong>Embalaje discreto<\/strong><\/p>\n\n\n\n<figure class=\"wp-block-table\"><table class=\"has-fixed-layout\"><thead><tr><th>Caracter\u00edstica<\/th><th>Descripci\u00f3n<\/th><\/tr><\/thead><tbody><tr><td><strong>Etiquetas an\u00f3nimas<\/strong><\/td><td>Todos los envases est\u00e1n etiquetados sin ninguna informaci\u00f3n identificativa relacionada con la eutanasia o nuestro sitio web.<\/td><\/tr><tr><td><strong>Envases neutros<\/strong><\/td><td>Utilizamos embalajes discretos y sin marcas para garantizar la privacidad.<\/td><\/tr><tr><td><strong>Env\u00edo confidencial<\/strong><\/td><td>Trabajamos con servicios de entrega de confianza para garantizar que su paquete se gestiona de forma discreta y segura.<\/td><\/tr><\/tbody><\/table><\/figure>\n\n\n\n<h3 class=\"wp-block-heading\"><span class=\"ez-toc-section\" id=\"Beveiliging_van_Uw_Informatie\"><\/span>Seguridad de su informaci\u00f3n<span class=\"ez-toc-section-end\"><\/span><\/h3>\n\n\n\n<p>Aunque no recopilamos informaci\u00f3n personal, seguimos dando prioridad a la seguridad de nuestro sitio web y nuestros servicios para proteger su privacidad. Eutanasia hund<\/p>\n\n\n\n<figure class=\"wp-block-table\"><table class=\"has-fixed-layout\"><thead><tr><th>Medidas de seguridad<\/th><th>Descripci\u00f3n<\/th><\/tr><\/thead><tbody><tr><td><strong>Transacciones seguras<\/strong><\/td><td>Todos los pagos se procesan a trav\u00e9s de pasarelas de pago seguras de terceros que no almacenan su informaci\u00f3n.<\/td><\/tr><tr><td><strong>Cifrado<\/strong><\/td><td>Nuestro sitio web utiliza cifrado SSL\/TLS para proteger sus interacciones y transacciones con nosotros.<\/td><\/tr><tr><td><strong>Control de acceso<\/strong><\/td><td>S\u00f3lo el personal autorizado tiene acceso a nuestros sistemas para garantizar la seguridad de sus interacciones.<\/td><\/tr><\/tbody><\/table><\/figure>\n\n\n\n<h3 class=\"wp-block-heading\"><span class=\"ez-toc-section\" id=\"Uw_Privacyrechten\"><\/span>Su derecho a la intimidad<span class=\"ez-toc-section-end\"><\/span><\/h3>\n\n\n\n<p>Dada nuestra pol\u00edtica de no recopilar informaci\u00f3n personal, existen derechos de privacidad espec\u00edficos que debe conocer:<\/p>\n\n\n\n<figure class=\"wp-block-table\"><table class=\"has-fixed-layout\"><thead><tr><th>Recto<\/th><th>Descripci\u00f3n<\/th><\/tr><\/thead><tbody><tr><td><strong>Interacci\u00f3n an\u00f3nima<\/strong><\/td><td>Puede interactuar con nuestro sitio web y nuestros servicios sin ning\u00fan tipo de informaci\u00f3n personal.<\/td><\/tr><tr><td><strong>Transacciones confidenciales<\/strong><\/td><td>Sus compras y transacciones se realizan de forma segura y discreta a trav\u00e9s de terceros proveedores.<\/td><\/tr><tr><td><strong>Entrega discreta<\/strong><\/td><td>Sus pedidos se entregan en embalajes discretos sin informaci\u00f3n identificable.<\/td><\/tr><\/tbody><\/table><\/figure>\n\n\n\n<h3 class=\"wp-block-heading\"><span class=\"ez-toc-section\" id=\"Contact_Met_Ons_Opnemen\"><\/span>P\u00f3ngase en contacto con nosotros<span class=\"ez-toc-section-end\"><\/span><\/h3>\n\n\n\n<p>Si tiene alguna pregunta o comentario sobre nuestras pr\u00e1cticas de privacidad, no dude en ponerse en contacto con nosotros. Estamos dispuestos a salvaguardar su privacidad y a proporcionarle la informaci\u00f3n que necesite. <a href=\"https:\/\/www.youtube.com\/watch?v=K0INnZsPyUY\" target=\"_blank\" rel=\"noopener\">Eutanasia<\/a> hund<\/p>\n\n\n\n<p><strong>Informaci\u00f3n de contacto<\/strong><\/p>\n\n\n\n<figure class=\"wp-block-table\"><table class=\"has-fixed-layout\"><thead><tr><th>M\u00e9todo<\/th><th>Datos<\/th><\/tr><\/thead><tbody><tr><td><strong>Correo electr\u00f3nico<\/strong><\/td><td>euthanasia@duck.com<\/td><\/tr><tr><td><strong>Tele<\/strong>gramo<\/td><td>@euthanasiastore<\/td><\/tr><tr><td><strong>Direcci\u00f3n postal<\/strong><\/td><td><\/td><\/tr><\/tbody><\/table><\/figure>\n\n\n\n<h3 class=\"wp-block-heading\"><span class=\"ez-toc-section\" id=\"Wijzigingen_in_Dit_Privacybeleid\"><\/span>Cambios en esta pol\u00edtica de privacidad<span class=\"ez-toc-section-end\"><\/span><\/h3>\n\n\n\n<p>Podemos actualizar nuestra Pol\u00edtica de Privacidad de vez en cuando para reflejar cambios en nuestras pr\u00e1cticas u otras razones operativas, legales o reglamentarias. Todas las actualizaciones se publicar\u00e1n en esta p\u00e1gina con una \"Fecha de entrada en vigor\" actualizada. Eutanasia hund<\/p>\n\n\n\n<p>Su privacidad es de suma importancia, y estamos comprometidos a mantener los m\u00e1s altos est\u00e1ndares de discreci\u00f3n y seguridad. Gracias por confiar en Euthanasia.store.<\/p>","protected":false},"excerpt":{"rendered":"<p>Inleiding Euthanasie hund, Welkom bij Euthanasia.store. Wij hechten veel waarde aan uw privacy en de vertrouwelijkheid van uw informatie. Dit Privacybeleid schetst onze toewijding aan discretie en transparantie met betrekking tot de informatie die wij wel en niet verzamelen, evenals onze praktijken voor het beschermen van uw privacy. Euthanasie hund Informatie die Wij Niet Verzamelen [&hellip;]<\/p>\n","protected":false},"author":1,"featured_media":544,"parent":0,"menu_order":0,"comment_status":"closed","ping_status":"closed","template":"","meta":{"ocean_post_layout":"","ocean_both_sidebars_style":"","ocean_both_sidebars_content_width":0,"ocean_both_sidebars_sidebars_width":0,"ocean_sidebar":"","ocean_second_sidebar":"","ocean_disable_margins":"enable","ocean_add_body_class":"","ocean_shortcode_before_top_bar":"","ocean_shortcode_after_top_bar":"","ocean_shortcode_before_header":"","ocean_shortcode_after_header":"","ocean_has_shortcode":"","ocean_shortcode_after_title":"","ocean_shortcode_before_footer_widgets":"","ocean_shortcode_after_footer_widgets":"","ocean_shortcode_before_footer_bottom":"","ocean_shortcode_after_footer_bottom":"","ocean_display_top_bar":"default","ocean_display_header":"default","ocean_header_style":"","ocean_center_header_left_menu":"","ocean_custom_header_template":"","ocean_custom_logo":0,"ocean_custom_retina_logo":0,"ocean_custom_logo_max_width":0,"ocean_custom_logo_tablet_max_width":0,"ocean_custom_logo_mobile_max_width":0,"ocean_custom_logo_max_height":0,"ocean_custom_logo_tablet_max_height":0,"ocean_custom_logo_mobile_max_height":0,"ocean_header_custom_menu":"","ocean_menu_typo_font_family":"","ocean_menu_typo_font_subset":"","ocean_menu_typo_font_size":0,"ocean_menu_typo_font_size_tablet":0,"ocean_menu_typo_font_size_mobile":0,"ocean_menu_typo_font_size_unit":"px","ocean_menu_typo_font_weight":"","ocean_menu_typo_font_weight_tablet":"","ocean_menu_typo_font_weight_mobile":"","ocean_menu_typo_transform":"","ocean_menu_typo_transform_tablet":"","ocean_menu_typo_transform_mobile":"","ocean_menu_typo_line_height":0,"ocean_menu_typo_line_height_tablet":0,"ocean_menu_typo_line_height_mobile":0,"ocean_menu_typo_line_height_unit":"","ocean_menu_typo_spacing":0,"ocean_menu_typo_spacing_tablet":0,"ocean_menu_typo_spacing_mobile":0,"ocean_menu_typo_spacing_unit":"","ocean_menu_link_color":"","ocean_menu_link_color_hover":"","ocean_menu_link_color_active":"","ocean_menu_link_background":"","ocean_menu_link_hover_background":"","ocean_menu_link_active_background":"","ocean_menu_social_links_bg":"","ocean_menu_social_hover_links_bg":"","ocean_menu_social_links_color":"","ocean_menu_social_hover_links_color":"","ocean_disable_title":"default","ocean_disable_heading":"default","ocean_post_title":"","ocean_post_subheading":"","ocean_post_title_style":"","ocean_post_title_background_color":"","ocean_post_title_background":0,"ocean_post_title_bg_image_position":"","ocean_post_title_bg_image_attachment":"","ocean_post_title_bg_image_repeat":"","ocean_post_title_bg_image_size":"","ocean_post_title_height":0,"ocean_post_title_bg_overlay":0.5,"ocean_post_title_bg_overlay_color":"","ocean_disable_breadcrumbs":"default","ocean_breadcrumbs_color":"","ocean_breadcrumbs_separator_color":"","ocean_breadcrumbs_links_color":"","ocean_breadcrumbs_links_hover_color":"","ocean_display_footer_widgets":"default","ocean_display_footer_bottom":"default","ocean_custom_footer_template":"","footnotes":""},"class_list":["post-3","page","type-page","status-publish","has-post-thumbnail","hentry","entry","has-media","owp-thumbs-layout-horizontal","owp-btn-normal","owp-tabs-layout-horizontal","has-no-thumbnails","has-product-nav"],"jetpack_sharing_enabled":true,"_links":{"self":[{"href":"https:\/\/euthanasia.store\/es\/wp-json\/wp\/v2\/pages\/3","targetHints":{"allow":["GET"]}}],"collection":[{"href":"https:\/\/euthanasia.store\/es\/wp-json\/wp\/v2\/pages"}],"about":[{"href":"https:\/\/euthanasia.store\/es\/wp-json\/wp\/v2\/types\/page"}],"author":[{"embeddable":true,"href":"https:\/\/euthanasia.store\/es\/wp-json\/wp\/v2\/users\/1"}],"replies":[{"embeddable":true,"href":"https:\/\/euthanasia.store\/es\/wp-json\/wp\/v2\/comments?post=3"}],"version-history":[{"count":2,"href":"https:\/\/euthanasia.store\/es\/wp-json\/wp\/v2\/pages\/3\/revisions"}],"predecessor-version":[{"id":545,"href":"https:\/\/euthanasia.store\/es\/wp-json\/wp\/v2\/pages\/3\/revisions\/545"}],"wp:featuredmedia":[{"embeddable":true,"href":"https:\/\/euthanasia.store\/es\/wp-json\/wp\/v2\/media\/544"}],"wp:attachment":[{"href":"https:\/\/euthanasia.store\/es\/wp-json\/wp\/v2\/media?parent=3"}],"curies":[{"name":"wp","href":"https:\/\/api.w.org\/{rel}","templated":true}]}}