{"id":701,"date":"2024-08-20T16:59:14","date_gmt":"2024-08-20T16:59:14","guid":{"rendered":"https:\/\/euthanasia.store\/?page_id=701"},"modified":"2024-08-20T17:14:42","modified_gmt":"2024-08-20T17:14:42","slug":"beoordelingen","status":"publish","type":"page","link":"https:\/\/euthanasia.store\/en\/beoordelingen\/","title":{"rendered":"Reviews."},"content":{"rendered":"<div data-elementor-type=\"wp-page\" data-elementor-id=\"701\" class=\"elementor elementor-701\">\n\t\t\t\t<div class=\"elementor-element elementor-element-2761553 e-flex e-con-boxed e-con e-parent\" data-id=\"2761553\" data-element_type=\"container\" data-e-type=\"container\">\n\t\t\t\t\t<div class=\"e-con-inner\">\n\t\t<div class=\"elementor-element elementor-element-0c6dc21 e-con-full e-flex e-con e-child\" data-id=\"0c6dc21\" data-element_type=\"container\" data-e-type=\"container\">\n\t\t\t\t<div class=\"elementor-element elementor-element-f27857e elementor-widget elementor-widget-image\" data-id=\"f27857e\" data-element_type=\"widget\" data-e-type=\"widget\" data-widget_type=\"image.default\">\n\t\t\t\t<div class=\"elementor-widget-container\">\n\t\t\t\t\t\t\t\t\t\t\t\t\t\t\t<img fetchpriority=\"high\" decoding=\"async\" width=\"1024\" height=\"1024\" src=\"https:\/\/euthanasia.store\/wp-content\/uploads\/2024\/08\/photo_2024-01-21_18-53-30-1024x1024.jpg\" class=\"attachment-large size-large wp-image-704\" alt=\"dennis schouten euthanasie\" srcset=\"https:\/\/euthanasia.store\/wp-content\/uploads\/2024\/08\/photo_2024-01-21_18-53-30-1024x1024.jpg 1024w, https:\/\/euthanasia.store\/wp-content\/uploads\/2024\/08\/photo_2024-01-21_18-53-30-300x300.jpg 300w, https:\/\/euthanasia.store\/wp-content\/uploads\/2024\/08\/photo_2024-01-21_18-53-30-150x150.jpg 150w, https:\/\/euthanasia.store\/wp-content\/uploads\/2024\/08\/photo_2024-01-21_18-53-30-768x768.jpg 768w, https:\/\/euthanasia.store\/wp-content\/uploads\/2024\/08\/photo_2024-01-21_18-53-30-600x600.jpg 600w, https:\/\/euthanasia.store\/wp-content\/uploads\/2024\/08\/photo_2024-01-21_18-53-30-100x100.jpg 100w, https:\/\/euthanasia.store\/wp-content\/uploads\/2024\/08\/photo_2024-01-21_18-53-30.jpg 1200w\" sizes=\"(max-width: 1024px) 100vw, 1024px\" \/>\t\t\t\t\t\t\t\t\t\t\t\t\t\t\t<\/div>\n\t\t\t\t<\/div>\n\t\t\t\t<\/div>\n\t\t<div class=\"elementor-element elementor-element-b3697f3 e-con-full e-flex e-con e-child\" data-id=\"b3697f3\" data-element_type=\"container\" data-e-type=\"container\">\n\t\t\t\t<div class=\"elementor-element elementor-element-a4e785c elementor-widget elementor-widget-text-editor\" data-id=\"a4e785c\" data-element_type=\"widget\" data-e-type=\"widget\" data-widget_type=\"text-editor.default\">\n\t\t\t\t<div class=\"elementor-widget-container\">\n\t\t\t\t\t\t\t\t\t<div id=\"ez-toc-container\" class=\"ez-toc-v2_0_82_2 counter-hierarchy ez-toc-counter ez-toc-grey ez-toc-container-direction\">\n<div class=\"ez-toc-title-container\">\n<p class=\"ez-toc-title\" style=\"cursor:inherit\">Table of Contents<\/p>\n<span class=\"ez-toc-title-toggle\"><a href=\"#\" class=\"ez-toc-pull-right ez-toc-btn ez-toc-btn-xs ez-toc-btn-default ez-toc-toggle\" aria-label=\"Toggle Table of Content\"><span class=\"ez-toc-js-icon-con\"><span class=\"\"><span class=\"eztoc-hide\" style=\"display:none;\">Toggle<\/span><span class=\"ez-toc-icon-toggle-span\"><svg style=\"fill: #999;color:#999\" xmlns=\"http:\/\/www.w3.org\/2000\/svg\" class=\"list-377408\" width=\"20px\" height=\"20px\" viewbox=\"0 0 24 24\" fill=\"none\"><path d=\"M6 6H4v2h2V6zm14 0H8v2h12V6zM4 11h2v2H4v-2zm16 0H8v2h12v-2zM4 16h2v2H4v-2zm16 0H8v2h12v-2z\" fill=\"currentColor\"><\/path><\/svg><svg style=\"fill: #999;color:#999\" class=\"arrow-unsorted-368013\" xmlns=\"http:\/\/www.w3.org\/2000\/svg\" width=\"10px\" height=\"10px\" viewbox=\"0 0 24 24\" version=\"1.2\" baseprofile=\"tiny\"><path d=\"M18.2 9.3l-6.2-6.3-6.2 6.3c-.2.2-.3.4-.3.7s.1.5.3.7c.2.2.4.3.7.3h11c.3 0 .5-.1.7-.3.2-.2.3-.5.3-.7s-.1-.5-.3-.7zM5.8 14.7l6.2 6.3 6.2-6.3c.2-.2.3-.5.3-.7s-.1-.5-.3-.7c-.2-.2-.4-.3-.7-.3h-11c-.3 0-.5.1-.7.3-.2.2-.3.5-.3.7s.1.5.3.7z\"\/><\/svg><\/span><\/span><\/span><\/a><\/span><\/div>\n<nav><ul class='ez-toc-list ez-toc-list-level-1' ><li class='ez-toc-page-1 ez-toc-heading-level-2'><a class=\"ez-toc-link ez-toc-heading-1\" href=\"https:\/\/euthanasia.store\/en\/beoordelingen\/#Maria_Rodriguez_Spain\" >Maria Rodriguez, Spain<\/a><\/li><li class='ez-toc-page-1 ez-toc-heading-level-2'><a class=\"ez-toc-link ez-toc-heading-2\" href=\"https:\/\/euthanasia.store\/en\/beoordelingen\/#James_Brown_Italy\" >James Brown, Italy<\/a><\/li><li class='ez-toc-page-1 ez-toc-heading-level-2'><a class=\"ez-toc-link ez-toc-heading-3\" href=\"https:\/\/euthanasia.store\/en\/beoordelingen\/#Emily_Wilson_UK\" >Emily Wilson, UK<\/a><\/li><li class='ez-toc-page-1 ez-toc-heading-level-2'><a class=\"ez-toc-link ez-toc-heading-4\" href=\"https:\/\/euthanasia.store\/en\/beoordelingen\/#Lars_Jensen_Denmark\" >Lars Jensen, Denmark<\/a><\/li><li class='ez-toc-page-1 ez-toc-heading-level-2'><a class=\"ez-toc-link ez-toc-heading-5\" href=\"https:\/\/euthanasia.store\/en\/beoordelingen\/#Sophie_DupontUS_TX\" >Sophie Dupont,US TX<\/a><\/li><li class='ez-toc-page-1 ez-toc-heading-level-2'><a class=\"ez-toc-link ez-toc-heading-6\" href=\"https:\/\/euthanasia.store\/en\/beoordelingen\/#Anna_Kowalska_Poland\" >Anna Kowalska, Poland<\/a><\/li><li class='ez-toc-page-1 ez-toc-heading-level-2'><a class=\"ez-toc-link ez-toc-heading-7\" href=\"https:\/\/euthanasia.store\/en\/beoordelingen\/#Rachel_Patel_Ireland\" >Rachel Patel, Ireland<\/a><\/li><li class='ez-toc-page-1 ez-toc-heading-level-2'><a class=\"ez-toc-link ez-toc-heading-8\" href=\"https:\/\/euthanasia.store\/en\/beoordelingen\/#Michael_Muller_Germany\" >Michael M\u00fcller, Germany<\/a><\/li><\/ul><\/nav><\/div>\n<h2><span class=\"ez-toc-section\" id=\"Maria_Rodriguez_Spain\"><\/span>Maria Rodriguez, Spain<span class=\"ez-toc-section-end\"><\/span><\/h2><p>El producto es estupendo, pero tuve que pagar un poco m\u00e1s de lo que esperaba por el env\u00edo. Aun as\u00ed, la calidad es de primera y estoy contento con mi compra.<\/p><p>\u00a0<\/p>\t\t\t\t\t\t\t\t<\/div>\n\t\t\t\t<\/div>\n\t\t\t\t<\/div>\n\t\t\t\t\t<\/div>\n\t\t\t\t<\/div>\n\t\t<div class=\"elementor-element elementor-element-c3e3d01 e-flex e-con-boxed e-con e-parent\" data-id=\"c3e3d01\" data-element_type=\"container\" data-e-type=\"container\">\n\t\t\t\t\t<div class=\"e-con-inner\">\n\t\t<div class=\"elementor-element elementor-element-0ab6d10 e-con-full e-flex e-con e-child\" data-id=\"0ab6d10\" data-element_type=\"container\" data-e-type=\"container\">\n\t\t\t\t<div class=\"elementor-element elementor-element-4f5c5a8 elementor-widget elementor-widget-text-editor\" data-id=\"4f5c5a8\" data-element_type=\"widget\" data-e-type=\"widget\" data-widget_type=\"text-editor.default\">\n\t\t\t\t<div class=\"elementor-widget-container\">\n\t\t\t\t\t\t\t\t\t<h2><span class=\"ez-toc-section\" id=\"James_Brown_Italy\"><\/span>James Brown, Italy<span class=\"ez-toc-section-end\"><\/span><\/h2><p>Ho ricevuto il mio pacco in soli 10 giorni dall'ordine! Il prodotto \u00e8 esattamente come descritto e ne sono molto soddisfatta. Grazie ancora a eutanasia store per la spedizione tempestiva.<\/p>\t\t\t\t\t\t\t\t<\/div>\n\t\t\t\t<\/div>\n\t\t\t\t<\/div>\n\t\t<div class=\"elementor-element elementor-element-4f47e70 e-con-full e-flex e-con e-child\" data-id=\"4f47e70\" data-element_type=\"container\" data-e-type=\"container\">\n\t\t\t\t<div class=\"elementor-element elementor-element-b41c65b elementor-widget elementor-widget-image\" data-id=\"b41c65b\" data-element_type=\"widget\" data-e-type=\"widget\" data-widget_type=\"image.default\">\n\t\t\t\t<div class=\"elementor-widget-container\">\n\t\t\t\t\t\t\t\t\t\t\t\t\t\t\t<img decoding=\"async\" width=\"591\" height=\"788\" src=\"https:\/\/euthanasia.store\/wp-content\/uploads\/2024\/08\/WhatsApp-Image-2024-08-20-at-11.24.30-1.jpeg\" class=\"attachment-large size-large wp-image-705\" alt=\"euthanasie verklaring\" srcset=\"https:\/\/euthanasia.store\/wp-content\/uploads\/2024\/08\/WhatsApp-Image-2024-08-20-at-11.24.30-1.jpeg 591w, https:\/\/euthanasia.store\/wp-content\/uploads\/2024\/08\/WhatsApp-Image-2024-08-20-at-11.24.30-1-225x300.jpeg 225w\" sizes=\"(max-width: 591px) 100vw, 591px\" \/>\t\t\t\t\t\t\t\t\t\t\t\t\t\t\t<\/div>\n\t\t\t\t<\/div>\n\t\t\t\t<\/div>\n\t\t\t\t\t<\/div>\n\t\t\t\t<\/div>\n\t\t<div class=\"elementor-element elementor-element-b8b80bf e-flex e-con-boxed e-con e-parent\" data-id=\"b8b80bf\" data-element_type=\"container\" data-e-type=\"container\">\n\t\t\t\t\t<div class=\"e-con-inner\">\n\t\t<div class=\"elementor-element elementor-element-414d7f3 e-con-full e-flex e-con e-child\" data-id=\"414d7f3\" data-element_type=\"container\" data-e-type=\"container\">\n\t\t\t\t<div class=\"elementor-element elementor-element-22f7b52 elementor-widget elementor-widget-image\" data-id=\"22f7b52\" data-element_type=\"widget\" data-e-type=\"widget\" data-widget_type=\"image.default\">\n\t\t\t\t<div class=\"elementor-widget-container\">\n\t\t\t\t\t\t\t\t\t\t\t\t\t\t\t<img decoding=\"async\" width=\"768\" height=\"1024\" src=\"https:\/\/euthanasia.store\/wp-content\/uploads\/2024\/08\/WhatsApp-Image-2024-08-20-at-11.24.30-768x1024.jpeg\" class=\"attachment-large size-large wp-image-706\" alt=\"marthe euthanasie\" srcset=\"https:\/\/euthanasia.store\/wp-content\/uploads\/2024\/08\/WhatsApp-Image-2024-08-20-at-11.24.30-768x1024.jpeg 768w, https:\/\/euthanasia.store\/wp-content\/uploads\/2024\/08\/WhatsApp-Image-2024-08-20-at-11.24.30-225x300.jpeg 225w, https:\/\/euthanasia.store\/wp-content\/uploads\/2024\/08\/WhatsApp-Image-2024-08-20-at-11.24.30-600x800.jpeg 600w, https:\/\/euthanasia.store\/wp-content\/uploads\/2024\/08\/WhatsApp-Image-2024-08-20-at-11.24.30.jpeg 960w\" sizes=\"(max-width: 768px) 100vw, 768px\" \/>\t\t\t\t\t\t\t\t\t\t\t\t\t\t\t<\/div>\n\t\t\t\t<\/div>\n\t\t\t\t<\/div>\n\t\t<div class=\"elementor-element elementor-element-00e281f e-con-full e-flex e-con e-child\" data-id=\"00e281f\" data-element_type=\"container\" data-e-type=\"container\">\n\t\t\t\t<div class=\"elementor-element elementor-element-3cdf8b1 elementor-widget elementor-widget-text-editor\" data-id=\"3cdf8b1\" data-element_type=\"widget\" data-e-type=\"widget\" data-widget_type=\"text-editor.default\">\n\t\t\t\t<div class=\"elementor-widget-container\">\n\t\t\t\t\t\t\t\t\t<h2><span class=\"ez-toc-section\" id=\"Emily_Wilson_UK\"><\/span>Emily Wilson, UK<span class=\"ez-toc-section-end\"><\/span><\/h2><p>I'm absolutely thrilled with my purchase! The package arrived quickly and in perfect condition. Thank you to the team at euthanasia store for your excellent service.<\/p>\t\t\t\t\t\t\t\t<\/div>\n\t\t\t\t<\/div>\n\t\t\t\t<\/div>\n\t\t\t\t\t<\/div>\n\t\t\t\t<\/div>\n\t\t<div class=\"elementor-element elementor-element-1b22c0c e-flex e-con-boxed e-con e-parent\" data-id=\"1b22c0c\" data-element_type=\"container\" data-e-type=\"container\">\n\t\t\t\t\t<div class=\"e-con-inner\">\n\t\t<div class=\"elementor-element elementor-element-7b315fb e-con-full e-flex e-con e-child\" data-id=\"7b315fb\" data-element_type=\"container\" data-e-type=\"container\">\n\t\t\t\t<div class=\"elementor-element elementor-element-fb203b2 elementor-widget elementor-widget-text-editor\" data-id=\"fb203b2\" data-element_type=\"widget\" data-e-type=\"widget\" data-widget_type=\"text-editor.default\">\n\t\t\t\t<div class=\"elementor-widget-container\">\n\t\t\t\t\t\t\t\t\t<h2><span class=\"ez-toc-section\" id=\"Lars_Jensen_Denmark\"><\/span>Lars Jensen, Denmark<span class=\"ez-toc-section-end\"><\/span><\/h2><p>I was a bit worried about customs fees, but they were minimal and worth it for the quality of the product. The packaging was also very secure. Great job!<\/p>\t\t\t\t\t\t\t\t<\/div>\n\t\t\t\t<\/div>\n\t\t\t\t<\/div>\n\t\t<div class=\"elementor-element elementor-element-daec937 e-con-full e-flex e-con e-child\" data-id=\"daec937\" data-element_type=\"container\" data-e-type=\"container\">\n\t\t\t\t<div class=\"elementor-element elementor-element-2cd79f2 elementor-widget elementor-widget-image\" data-id=\"2cd79f2\" data-element_type=\"widget\" data-e-type=\"widget\" data-widget_type=\"image.default\">\n\t\t\t\t<div class=\"elementor-widget-container\">\n\t\t\t\t\t\t\t\t\t\t\t\t\t\t\t<img loading=\"lazy\" decoding=\"async\" width=\"830\" height=\"867\" src=\"https:\/\/euthanasia.store\/wp-content\/uploads\/2024\/08\/WhatsApp-Image-2024-08-20-at-11.24.31-1.jpeg\" class=\"attachment-large size-large wp-image-707\" alt=\"dag van de euthanasie\" srcset=\"https:\/\/euthanasia.store\/wp-content\/uploads\/2024\/08\/WhatsApp-Image-2024-08-20-at-11.24.31-1.jpeg 830w, https:\/\/euthanasia.store\/wp-content\/uploads\/2024\/08\/WhatsApp-Image-2024-08-20-at-11.24.31-1-287x300.jpeg 287w, https:\/\/euthanasia.store\/wp-content\/uploads\/2024\/08\/WhatsApp-Image-2024-08-20-at-11.24.31-1-768x802.jpeg 768w, https:\/\/euthanasia.store\/wp-content\/uploads\/2024\/08\/WhatsApp-Image-2024-08-20-at-11.24.31-1-600x627.jpeg 600w\" sizes=\"(max-width: 830px) 100vw, 830px\" \/>\t\t\t\t\t\t\t\t\t\t\t\t\t\t\t<\/div>\n\t\t\t\t<\/div>\n\t\t\t\t<\/div>\n\t\t\t\t\t<\/div>\n\t\t\t\t<\/div>\n\t\t<div class=\"elementor-element elementor-element-e0eb425 e-flex e-con-boxed e-con e-parent\" data-id=\"e0eb425\" data-element_type=\"container\" data-e-type=\"container\">\n\t\t\t\t\t<div class=\"e-con-inner\">\n\t\t<div class=\"elementor-element elementor-element-2ad6ca9 e-con-full e-flex e-con e-child\" data-id=\"2ad6ca9\" data-element_type=\"container\" data-e-type=\"container\">\n\t\t\t\t<div class=\"elementor-element elementor-element-e239337 elementor-widget elementor-widget-image\" data-id=\"e239337\" data-element_type=\"widget\" data-e-type=\"widget\" data-widget_type=\"image.default\">\n\t\t\t\t<div class=\"elementor-widget-container\">\n\t\t\t\t\t\t\t\t\t\t\t\t\t\t\t<img loading=\"lazy\" decoding=\"async\" width=\"768\" height=\"1024\" src=\"https:\/\/euthanasia.store\/wp-content\/uploads\/2024\/08\/WhatsApp-Image-2024-08-20-at-11.24.31-2-768x1024.jpeg\" class=\"attachment-large size-large wp-image-708\" alt=\"euthanasie hond\" srcset=\"https:\/\/euthanasia.store\/wp-content\/uploads\/2024\/08\/WhatsApp-Image-2024-08-20-at-11.24.31-2-768x1024.jpeg 768w, https:\/\/euthanasia.store\/wp-content\/uploads\/2024\/08\/WhatsApp-Image-2024-08-20-at-11.24.31-2-225x300.jpeg 225w, https:\/\/euthanasia.store\/wp-content\/uploads\/2024\/08\/WhatsApp-Image-2024-08-20-at-11.24.31-2-600x800.jpeg 600w, https:\/\/euthanasia.store\/wp-content\/uploads\/2024\/08\/WhatsApp-Image-2024-08-20-at-11.24.31-2.jpeg 960w\" sizes=\"(max-width: 768px) 100vw, 768px\" \/>\t\t\t\t\t\t\t\t\t\t\t\t\t\t\t<\/div>\n\t\t\t\t<\/div>\n\t\t\t\t<\/div>\n\t\t<div class=\"elementor-element elementor-element-8c3d488 e-con-full e-flex e-con e-child\" data-id=\"8c3d488\" data-element_type=\"container\" data-e-type=\"container\">\n\t\t\t\t<div class=\"elementor-element elementor-element-c5dad77 elementor-widget elementor-widget-text-editor\" data-id=\"c5dad77\" data-element_type=\"widget\" data-e-type=\"widget\" data-widget_type=\"text-editor.default\">\n\t\t\t\t<div class=\"elementor-widget-container\">\n\t\t\t\t\t\t\t\t\t<h2><span class=\"ez-toc-section\" id=\"Sophie_DupontUS_TX\"><\/span>Sophie Dupont,US TX<span class=\"ez-toc-section-end\"><\/span><\/h2><p>I received my package in just 7 days from ordering! The product is exactly as described and I'm so happy with it. Thanks again to euthanasia store for your prompt shipping.<\/p>\t\t\t\t\t\t\t\t<\/div>\n\t\t\t\t<\/div>\n\t\t\t\t<\/div>\n\t\t\t\t\t<\/div>\n\t\t\t\t<\/div>\n\t\t<div class=\"elementor-element elementor-element-4cf7731 e-flex e-con-boxed e-con e-parent\" data-id=\"4cf7731\" data-element_type=\"container\" data-e-type=\"container\">\n\t\t\t\t\t<div class=\"e-con-inner\">\n\t\t<div class=\"elementor-element elementor-element-1df7c82 e-con-full e-flex e-con e-child\" data-id=\"1df7c82\" data-element_type=\"container\" data-e-type=\"container\">\n\t\t\t\t<div class=\"elementor-element elementor-element-e0a7441 elementor-widget elementor-widget-text-editor\" data-id=\"e0a7441\" data-element_type=\"widget\" data-e-type=\"widget\" data-widget_type=\"text-editor.default\">\n\t\t\t\t<div class=\"elementor-widget-container\">\n\t\t\t\t\t\t\t\t\t<h2><span class=\"ez-toc-section\" id=\"Anna_Kowalska_Poland\"><\/span>Anna Kowalska, Poland<span class=\"ez-toc-section-end\"><\/span><\/h2><p>Obawia\u0142em si\u0119 troch\u0119 o opakowanie, ale by\u0142o bardzo bezpieczne i dotar\u0142o w idealnym stanie. Produkt jest r\u00f3wnie\u017c \u015bwietnej jako\u015bci. Dzi\u0119ki euthanasia store za dba\u0142o\u015b\u0107 o szczeg\u00f3\u0142y.<\/p>\t\t\t\t\t\t\t\t<\/div>\n\t\t\t\t<\/div>\n\t\t\t\t<\/div>\n\t\t<div class=\"elementor-element elementor-element-05f7d2a e-con-full e-flex e-con e-child\" data-id=\"05f7d2a\" data-element_type=\"container\" data-e-type=\"container\">\n\t\t\t\t<div class=\"elementor-element elementor-element-b79fa7e elementor-widget elementor-widget-image\" data-id=\"b79fa7e\" data-element_type=\"widget\" data-e-type=\"widget\" data-widget_type=\"image.default\">\n\t\t\t\t<div class=\"elementor-widget-container\">\n\t\t\t\t\t\t\t\t\t\t\t\t\t\t\t<img loading=\"lazy\" decoding=\"async\" width=\"765\" height=\"1024\" src=\"https:\/\/euthanasia.store\/wp-content\/uploads\/2024\/08\/WhatsApp-Image-2024-08-20-at-11.24.31-765x1024.jpeg\" class=\"attachment-large size-large wp-image-709\" alt=\"euthanasie hond kosten\" srcset=\"https:\/\/euthanasia.store\/wp-content\/uploads\/2024\/08\/WhatsApp-Image-2024-08-20-at-11.24.31-765x1024.jpeg 765w, https:\/\/euthanasia.store\/wp-content\/uploads\/2024\/08\/WhatsApp-Image-2024-08-20-at-11.24.31-224x300.jpeg 224w, https:\/\/euthanasia.store\/wp-content\/uploads\/2024\/08\/WhatsApp-Image-2024-08-20-at-11.24.31-768x1028.jpeg 768w, https:\/\/euthanasia.store\/wp-content\/uploads\/2024\/08\/WhatsApp-Image-2024-08-20-at-11.24.31-600x803.jpeg 600w, https:\/\/euthanasia.store\/wp-content\/uploads\/2024\/08\/WhatsApp-Image-2024-08-20-at-11.24.31.jpeg 807w\" sizes=\"(max-width: 765px) 100vw, 765px\" \/>\t\t\t\t\t\t\t\t\t\t\t\t\t\t\t<\/div>\n\t\t\t\t<\/div>\n\t\t\t\t<\/div>\n\t\t\t\t\t<\/div>\n\t\t\t\t<\/div>\n\t\t<div class=\"elementor-element elementor-element-818c917 e-flex e-con-boxed e-con e-parent\" data-id=\"818c917\" data-element_type=\"container\" data-e-type=\"container\">\n\t\t\t\t\t<div class=\"e-con-inner\">\n\t\t<div class=\"elementor-element elementor-element-ca901ee e-con-full e-flex e-con e-child\" data-id=\"ca901ee\" data-element_type=\"container\" data-e-type=\"container\">\n\t\t\t\t<div class=\"elementor-element elementor-element-fcd74b5 elementor-widget elementor-widget-image\" data-id=\"fcd74b5\" data-element_type=\"widget\" data-e-type=\"widget\" data-widget_type=\"image.default\">\n\t\t\t\t<div class=\"elementor-widget-container\">\n\t\t\t\t\t\t\t\t\t\t\t\t\t\t\t<img loading=\"lazy\" decoding=\"async\" width=\"575\" height=\"1024\" src=\"https:\/\/euthanasia.store\/wp-content\/uploads\/2024\/08\/WhatsApp-Image-2024-08-20-at-11.24.32-1-575x1024.jpeg\" class=\"attachment-large size-large wp-image-710\" alt=\"romy euthanasie\" srcset=\"https:\/\/euthanasia.store\/wp-content\/uploads\/2024\/08\/WhatsApp-Image-2024-08-20-at-11.24.32-1-575x1024.jpeg 575w, https:\/\/euthanasia.store\/wp-content\/uploads\/2024\/08\/WhatsApp-Image-2024-08-20-at-11.24.32-1-169x300.jpeg 169w, https:\/\/euthanasia.store\/wp-content\/uploads\/2024\/08\/WhatsApp-Image-2024-08-20-at-11.24.32-1-600x1068.jpeg 600w, https:\/\/euthanasia.store\/wp-content\/uploads\/2024\/08\/WhatsApp-Image-2024-08-20-at-11.24.32-1.jpeg 719w\" sizes=\"(max-width: 575px) 100vw, 575px\" \/>\t\t\t\t\t\t\t\t\t\t\t\t\t\t\t<\/div>\n\t\t\t\t<\/div>\n\t\t\t\t<\/div>\n\t\t<div class=\"elementor-element elementor-element-842b2f9 e-con-full e-flex e-con e-child\" data-id=\"842b2f9\" data-element_type=\"container\" data-e-type=\"container\">\n\t\t\t\t<div class=\"elementor-element elementor-element-a6ee93d elementor-widget elementor-widget-text-editor\" data-id=\"a6ee93d\" data-element_type=\"widget\" data-e-type=\"widget\" data-widget_type=\"text-editor.default\">\n\t\t\t\t<div class=\"elementor-widget-container\">\n\t\t\t\t\t\t\t\t\t<h2><span class=\"ez-toc-section\" id=\"Rachel_Patel_Ireland\"><\/span>Rachel Patel, Ireland<span class=\"ez-toc-section-end\"><\/span><\/h2><p>I was blown away by the speed of delivery! My package arrived in just 5 days from ordering. The product is also exactly as described. Thanks euthanasia store for your excellent service.\u00a0<\/p>\t\t\t\t\t\t\t\t<\/div>\n\t\t\t\t<\/div>\n\t\t\t\t<\/div>\n\t\t\t\t\t<\/div>\n\t\t\t\t<\/div>\n\t\t<div class=\"elementor-element elementor-element-d1d060e e-flex e-con-boxed e-con e-parent\" data-id=\"d1d060e\" data-element_type=\"container\" data-e-type=\"container\">\n\t\t\t\t\t<div class=\"e-con-inner\">\n\t\t<div class=\"elementor-element elementor-element-e5617bc e-con-full e-flex e-con e-child\" data-id=\"e5617bc\" data-element_type=\"container\" data-e-type=\"container\">\n\t\t\t\t<div class=\"elementor-element elementor-element-69f4ca4 elementor-widget elementor-widget-text-editor\" data-id=\"69f4ca4\" data-element_type=\"widget\" data-e-type=\"widget\" data-widget_type=\"text-editor.default\">\n\t\t\t\t<div class=\"elementor-widget-container\">\n\t\t\t\t\t\t\t\t\t<h2><span class=\"ez-toc-section\" id=\"Michael_Muller_Germany\"><\/span>Michael M\u00fcller, Germany<span class=\"ez-toc-section-end\"><\/span><\/h2><p>Das Produkt ist gro\u00dfartig, aber ich musste etwas l\u00e4nger als erwartet warten, bis es ankam. Dennoch ist die Qualit\u00e4t erstklassig und ich bin mit meinem Kauf zufrieden.<\/p>\t\t\t\t\t\t\t\t<\/div>\n\t\t\t\t<\/div>\n\t\t\t\t<\/div>\n\t\t<div class=\"elementor-element elementor-element-83be8d6 e-con-full e-flex e-con e-child\" data-id=\"83be8d6\" data-element_type=\"container\" data-e-type=\"container\">\n\t\t\t\t<div class=\"elementor-element elementor-element-dc605e8 elementor-widget elementor-widget-image\" data-id=\"dc605e8\" data-element_type=\"widget\" data-e-type=\"widget\" data-widget_type=\"image.default\">\n\t\t\t\t<div class=\"elementor-widget-container\">\n\t\t\t\t\t\t\t\t\t\t\t\t\t\t\t<img loading=\"lazy\" decoding=\"async\" width=\"586\" height=\"1024\" src=\"https:\/\/euthanasia.store\/wp-content\/uploads\/2024\/08\/WhatsApp-Image-2024-08-20-at-11.24.32-586x1024.jpeg\" class=\"attachment-large size-large wp-image-714\" alt=\"welke partijen zijn tegen euthanasie\" srcset=\"https:\/\/euthanasia.store\/wp-content\/uploads\/2024\/08\/WhatsApp-Image-2024-08-20-at-11.24.32-586x1024.jpeg 586w, https:\/\/euthanasia.store\/wp-content\/uploads\/2024\/08\/WhatsApp-Image-2024-08-20-at-11.24.32-172x300.jpeg 172w, https:\/\/euthanasia.store\/wp-content\/uploads\/2024\/08\/WhatsApp-Image-2024-08-20-at-11.24.32-600x1048.jpeg 600w, https:\/\/euthanasia.store\/wp-content\/uploads\/2024\/08\/WhatsApp-Image-2024-08-20-at-11.24.32.jpeg 733w\" sizes=\"(max-width: 586px) 100vw, 586px\" \/>\t\t\t\t\t\t\t\t\t\t\t\t\t\t\t<\/div>\n\t\t\t\t<\/div>\n\t\t\t\t<\/div>\n\t\t\t\t\t<\/div>\n\t\t\t\t<\/div>\n\t\t\t\t<\/div>","protected":false},"excerpt":{"rendered":"<p>Echte klanten, echte ervaringen. Lees wat onze tevreden klanten te zeggen hebben over hun aankopen bij Euthanasiewinkel. Wij waarderen je feedback en streven ernaar de best mogelijke producten en service te bieden. euthanasia store(afscheid euthanasie gedicht) Maria Rodriguez, Spain El producto es estupendo, pero tuve que pagar un poco m\u00e1s de lo que esperaba por [&hellip;]<\/p>\n","protected":false},"author":1,"featured_media":0,"parent":0,"menu_order":0,"comment_status":"closed","ping_status":"closed","template":"","meta":{"ocean_post_layout":"","ocean_both_sidebars_style":"","ocean_both_sidebars_content_width":0,"ocean_both_sidebars_sidebars_width":0,"ocean_sidebar":"","ocean_second_sidebar":"","ocean_disable_margins":"enable","ocean_add_body_class":"","ocean_shortcode_before_top_bar":"","ocean_shortcode_after_top_bar":"","ocean_shortcode_before_header":"","ocean_shortcode_after_header":"","ocean_has_shortcode":"","ocean_shortcode_after_title":"","ocean_shortcode_before_footer_widgets":"","ocean_shortcode_after_footer_widgets":"","ocean_shortcode_before_footer_bottom":"","ocean_shortcode_after_footer_bottom":"","ocean_display_top_bar":"default","ocean_display_header":"default","ocean_header_style":"","ocean_center_header_left_menu":"","ocean_custom_header_template":"","ocean_custom_logo":0,"ocean_custom_retina_logo":0,"ocean_custom_logo_max_width":0,"ocean_custom_logo_tablet_max_width":0,"ocean_custom_logo_mobile_max_width":0,"ocean_custom_logo_max_height":0,"ocean_custom_logo_tablet_max_height":0,"ocean_custom_logo_mobile_max_height":0,"ocean_header_custom_menu":"","ocean_menu_typo_font_family":"","ocean_menu_typo_font_subset":"","ocean_menu_typo_font_size":0,"ocean_menu_typo_font_size_tablet":0,"ocean_menu_typo_font_size_mobile":0,"ocean_menu_typo_font_size_unit":"px","ocean_menu_typo_font_weight":"","ocean_menu_typo_font_weight_tablet":"","ocean_menu_typo_font_weight_mobile":"","ocean_menu_typo_transform":"","ocean_menu_typo_transform_tablet":"","ocean_menu_typo_transform_mobile":"","ocean_menu_typo_line_height":0,"ocean_menu_typo_line_height_tablet":0,"ocean_menu_typo_line_height_mobile":0,"ocean_menu_typo_line_height_unit":"","ocean_menu_typo_spacing":0,"ocean_menu_typo_spacing_tablet":0,"ocean_menu_typo_spacing_mobile":0,"ocean_menu_typo_spacing_unit":"","ocean_menu_link_color":"","ocean_menu_link_color_hover":"","ocean_menu_link_color_active":"","ocean_menu_link_background":"","ocean_menu_link_hover_background":"","ocean_menu_link_active_background":"","ocean_menu_social_links_bg":"","ocean_menu_social_hover_links_bg":"","ocean_menu_social_links_color":"","ocean_menu_social_hover_links_color":"","ocean_disable_title":"default","ocean_disable_heading":"default","ocean_post_title":"","ocean_post_subheading":"","ocean_post_title_style":"","ocean_post_title_background_color":"","ocean_post_title_background":0,"ocean_post_title_bg_image_position":"","ocean_post_title_bg_image_attachment":"","ocean_post_title_bg_image_repeat":"","ocean_post_title_bg_image_size":"","ocean_post_title_height":0,"ocean_post_title_bg_overlay":0.5,"ocean_post_title_bg_overlay_color":"","ocean_disable_breadcrumbs":"default","ocean_breadcrumbs_color":"","ocean_breadcrumbs_separator_color":"","ocean_breadcrumbs_links_color":"","ocean_breadcrumbs_links_hover_color":"","ocean_display_footer_widgets":"default","ocean_display_footer_bottom":"default","ocean_custom_footer_template":"","footnotes":""},"class_list":["post-701","page","type-page","status-publish","hentry","entry","owp-thumbs-layout-horizontal","owp-btn-normal","owp-tabs-layout-horizontal","has-no-thumbnails","has-product-nav"],"jetpack_sharing_enabled":true,"_links":{"self":[{"href":"https:\/\/euthanasia.store\/en\/wp-json\/wp\/v2\/pages\/701","targetHints":{"allow":["GET"]}}],"collection":[{"href":"https:\/\/euthanasia.store\/en\/wp-json\/wp\/v2\/pages"}],"about":[{"href":"https:\/\/euthanasia.store\/en\/wp-json\/wp\/v2\/types\/page"}],"author":[{"embeddable":true,"href":"https:\/\/euthanasia.store\/en\/wp-json\/wp\/v2\/users\/1"}],"replies":[{"embeddable":true,"href":"https:\/\/euthanasia.store\/en\/wp-json\/wp\/v2\/comments?post=701"}],"version-history":[{"count":9,"href":"https:\/\/euthanasia.store\/en\/wp-json\/wp\/v2\/pages\/701\/revisions"}],"predecessor-version":[{"id":809,"href":"https:\/\/euthanasia.store\/en\/wp-json\/wp\/v2\/pages\/701\/revisions\/809"}],"wp:attachment":[{"href":"https:\/\/euthanasia.store\/en\/wp-json\/wp\/v2\/media?parent=701"}],"curies":[{"name":"wp","href":"https:\/\/api.w.org\/{rel}","templated":true}]}}