{"id":733,"date":"2024-08-27T06:18:21","date_gmt":"2024-08-27T06:18:21","guid":{"rendered":"https:\/\/euthanasia.store\/?post_type=product&#038;p=733"},"modified":"2025-09-26T10:53:23","modified_gmt":"2025-09-26T10:53:23","slug":"euthanasie-specialist","status":"publish","type":"product","link":"https:\/\/euthanasia.store\/de\/produkt\/euthanasie-specialist\/","title":{"rendered":"Spezialist f\u00fcr Euthanasie"},"content":{"rendered":"<h2>Euthanasie-Spezialist - Hilfe bei Euthanasie<br \/>\nSpezialist f\u00fcr Euthanasie<\/h2>\n<h2>Spezialist f\u00fcr Euthanasie<\/h2>\n<p><a href=\"https:\/\/euthanasia.store\/de\/\">Euthanasie-Spezailist<\/a> ist eine pers\u00f6nliche Entscheidung, die in vielen L\u00e4ndern der Welt respektiert und befolgt wird. Aber wie bereits erw\u00e4hnt, handelt es sich um eine pers\u00f6nliche Entscheidung und damit um eine heikle Entscheidung, die Verst\u00e4ndnis und Leichtigkeit erfordert, um das Verfahren zu durchlaufen. Manchmal muss das Verfahren von gepr\u00fcftem und zugelassenem Personal mit rechtlicher Unterst\u00fctzung durchgef\u00fchrt werden. Dadurch wird die Wahrscheinlichkeit eines Fehlschlags verringert und eine hohe Wirksamkeit gew\u00e4hrleistet. Ihre letzten Momente sollten unbezahlbar sein, und euthanasiagroup m\u00f6chte dies auf jede erdenkliche Weise erm\u00f6glichen.<\/p>\n<p>Gerade in Ihren letzten Tagen ist es wichtig, dass Sie alle Ihre W\u00fcnsche erf\u00fcllen k\u00f6nnen. Es ist eine Ehre, Ihnen in den letzten Tagen und Momenten des Lebens eines Menschen und\/oder eines Tieres jeden Wunsch erf\u00fcllen zu k\u00f6nnen, den Sie sich w\u00fcnschen und der bezahlbar ist.<br \/>\nWir bieten die besten Last-Minute-Dienste und das beste Personal, um alle W\u00fcnsche und Bed\u00fcrfnisse unserer Kunden zu erf\u00fcllen. Die Kosten variieren je nach Land, aber die Leistungen sind erstklassig. Treffen Sie die Wahl Ihres Lebens.<\/p>\n<p>Bei der Euthanasie hilft unser geschultes Personal, das Erfahrung mit der Verabreichung von Bet\u00e4ubungsmitteln und Euthanasie-Medikamenten f\u00fcr Mensch und Tier hat. Wir sorgen auch daf\u00fcr, dass jeder Wunsch des Klienten in seinen letzten Momenten erf\u00fcllt werden kann.<\/p>\n<p>Zu den Personaldienstleistungen geh\u00f6ren die Verwaltung und die Vollzeitbetreuung in den Momenten, in denen die Produkte hergestellt werden; in diesem Fall <a href=\"https:\/\/www.youtube.com\/watch?v=ge05NbgkEwY\" target=\"_blank\" rel=\"noopener\">Nembutal<\/a> und andere Barbiturate.<\/p>\n<h4>Sterbehilfe, Euthanasie-Spezialist, An\u00e4sthesie,<\/h4>","protected":false},"excerpt":{"rendered":"<p>Euthanasie ist eine pers\u00f6nliche Entscheidung, die in vielen L\u00e4ndern der Welt respektiert und beachtet wird. Aber wie bereits erw\u00e4hnt, handelt es sich dabei um eine pers\u00f6nliche Entscheidung und damit um eine heikle Entscheidung, die Verst\u00e4ndnis und Leichtigkeit erfordert, um das Verfahren durchzuziehen. Manchmal muss das Verfahren von gepr\u00fcftem und zugelassenem Personal mit rechtlicher Unterst\u00fctzung durchgef\u00fchrt werden. Dadurch wird die Wahrscheinlichkeit eines Fehlschlags verringert und eine hohe Wirksamkeit gew\u00e4hrleistet. Ihre letzten Momente sollten unbezahlbar sein, und euthanasiagroup m\u00f6chte dies auf jede erdenkliche Weise m\u00f6glich machen.<\/p>","protected":false},"featured_media":734,"comment_status":"open","ping_status":"closed","template":"","meta":{"ocean_post_layout":"","ocean_both_sidebars_style":"","ocean_both_sidebars_content_width":0,"ocean_both_sidebars_sidebars_width":0,"ocean_sidebar":"0","ocean_second_sidebar":"0","ocean_disable_margins":"enable","ocean_add_body_class":"","ocean_shortcode_before_top_bar":"","ocean_shortcode_after_top_bar":"","ocean_shortcode_before_header":"","ocean_shortcode_after_header":"","ocean_has_shortcode":"","ocean_shortcode_after_title":"","ocean_shortcode_before_footer_widgets":"","ocean_shortcode_after_footer_widgets":"","ocean_shortcode_before_footer_bottom":"","ocean_shortcode_after_footer_bottom":"","ocean_display_top_bar":"default","ocean_display_header":"default","ocean_header_style":"","ocean_center_header_left_menu":"0","ocean_custom_header_template":"0","ocean_custom_logo":0,"ocean_custom_retina_logo":0,"ocean_custom_logo_max_width":0,"ocean_custom_logo_tablet_max_width":0,"ocean_custom_logo_mobile_max_width":0,"ocean_custom_logo_max_height":0,"ocean_custom_logo_tablet_max_height":0,"ocean_custom_logo_mobile_max_height":0,"ocean_header_custom_menu":"0","ocean_menu_typo_font_family":"0","ocean_menu_typo_font_subset":"","ocean_menu_typo_font_size":0,"ocean_menu_typo_font_size_tablet":0,"ocean_menu_typo_font_size_mobile":0,"ocean_menu_typo_font_size_unit":"px","ocean_menu_typo_font_weight":"","ocean_menu_typo_font_weight_tablet":"","ocean_menu_typo_font_weight_mobile":"","ocean_menu_typo_transform":"","ocean_menu_typo_transform_tablet":"","ocean_menu_typo_transform_mobile":"","ocean_menu_typo_line_height":0,"ocean_menu_typo_line_height_tablet":0,"ocean_menu_typo_line_height_mobile":0,"ocean_menu_typo_line_height_unit":"","ocean_menu_typo_spacing":0,"ocean_menu_typo_spacing_tablet":0,"ocean_menu_typo_spacing_mobile":0,"ocean_menu_typo_spacing_unit":"","ocean_menu_link_color":"","ocean_menu_link_color_hover":"","ocean_menu_link_color_active":"","ocean_menu_link_background":"","ocean_menu_link_hover_background":"","ocean_menu_link_active_background":"","ocean_menu_social_links_bg":"","ocean_menu_social_hover_links_bg":"","ocean_menu_social_links_color":"","ocean_menu_social_hover_links_color":"","ocean_disable_title":"default","ocean_disable_heading":"default","ocean_post_title":"","ocean_post_subheading":"","ocean_post_title_style":"","ocean_post_title_background_color":"","ocean_post_title_background":0,"ocean_post_title_bg_image_position":"","ocean_post_title_bg_image_attachment":"","ocean_post_title_bg_image_repeat":"","ocean_post_title_bg_image_size":"","ocean_post_title_height":0,"ocean_post_title_bg_overlay":0.5,"ocean_post_title_bg_overlay_color":"","ocean_disable_breadcrumbs":"default","ocean_breadcrumbs_color":"","ocean_breadcrumbs_separator_color":"","ocean_breadcrumbs_links_color":"","ocean_breadcrumbs_links_hover_color":"","ocean_display_footer_widgets":"default","ocean_display_footer_bottom":"default","ocean_custom_footer_template":"0"},"product_brand":[],"product_cat":[26],"product_tag":[],"class_list":{"0":"post-733","1":"product","2":"type-product","3":"status-publish","4":"has-post-thumbnail","6":"product_cat-nembutal","8":"entry","9":"has-media","11":"first","12":"instock","13":"sale","14":"shipping-taxable","15":"purchasable","16":"product-type-variable","17":"has-product-nav","18":"col","19":"span_1_of_3","20":"owp-content-center","21":"owp-thumbs-layout-horizontal","22":"owp-btn-normal","23":"owp-tabs-layout-horizontal"},"jetpack_sharing_enabled":true,"_links":{"self":[{"href":"https:\/\/euthanasia.store\/de\/wp-json\/wp\/v2\/product\/733","targetHints":{"allow":["GET"]}}],"collection":[{"href":"https:\/\/euthanasia.store\/de\/wp-json\/wp\/v2\/product"}],"about":[{"href":"https:\/\/euthanasia.store\/de\/wp-json\/wp\/v2\/types\/product"}],"replies":[{"embeddable":true,"href":"https:\/\/euthanasia.store\/de\/wp-json\/wp\/v2\/comments?post=733"}],"wp:featuredmedia":[{"embeddable":true,"href":"https:\/\/euthanasia.store\/de\/wp-json\/wp\/v2\/media\/734"}],"wp:attachment":[{"href":"https:\/\/euthanasia.store\/de\/wp-json\/wp\/v2\/media?parent=733"}],"wp:term":[{"taxonomy":"product_brand","embeddable":true,"href":"https:\/\/euthanasia.store\/de\/wp-json\/wp\/v2\/product_brand?post=733"},{"taxonomy":"product_cat","embeddable":true,"href":"https:\/\/euthanasia.store\/de\/wp-json\/wp\/v2\/product_cat?post=733"},{"taxonomy":"product_tag","embeddable":true,"href":"https:\/\/euthanasia.store\/de\/wp-json\/wp\/v2\/product_tag?post=733"}],"curies":[{"name":"wp","href":"https:\/\/api.w.org\/{rel}","templated":true}]}}