{"id":615,"date":"2024-08-01T00:52:47","date_gmt":"2024-08-01T00:52:47","guid":{"rendered":"https:\/\/euthanasia.store\/?post_type=product&#038;p=615"},"modified":"2026-01-02T09:52:03","modified_gmt":"2026-01-02T09:52:03","slug":"nembutal-poeder","status":"publish","type":"product","link":"https:\/\/euthanasia.store\/de\/produkt\/nembutal-poeder\/","title":{"rendered":"Nembutal-Pulver"},"content":{"rendered":"<h3>Nembutal-Pulver kaufen: Ein umfassender Leitfaden<\/h3>\n<p>Wenn Sie sich f\u00fcr B\u00fccher oder Artikel \u00fcber Euthanasie interessieren, sind Sie vielleicht schon auf den Namen Nembutal gesto\u00dfen. <a href=\"https:\/\/euthanasia.store\/de\/\">Nembutal-Pulver<\/a> ist ein Medikament, das zur Klasse der Barbiturate geh\u00f6rt. In der Vergangenheit war dieses Medikament wegen seiner Wirksamkeit bei der Behandlung von Schlafst\u00f6rungen oder Angstzust\u00e4nden beliebt. Es ist jedoch wichtig zu wissen, dass Nembutal bei \u00dcberdosierung hochgradig t\u00f6dlich ist. Daher wird es h\u00e4ufig von Menschen verwendet, die Selbstmord begehen oder sich der Euthanasie unterziehen wollen.<\/p>\n<h3>Was ist Nembutal-Pentobarbital-Pulver?<\/h3>\n<p>Nembutal-Pulver geh\u00f6rt zur Gruppe der Barbiturate und wirkt durch Verlangsamung der Aktivit\u00e4ten des Nervensystems und des Gehirns. Wie bereits erw\u00e4hnt, ist es heutzutage schwierig, Nembutal in Pulverform zu erhalten. In den 1950er und 1960er Jahren war es jedoch ein beliebtes Mittel zur Behandlung von Schlaflosigkeit und wurde auch zur Behandlung von epileptischen Anf\u00e4llen und Kr\u00e4mpfen eingesetzt.<\/p>\n<table>\n<thead>\n<tr>\n<th><strong>Merkmal<\/strong><\/th>\n<th><strong>Einzelheiten<\/strong><\/th>\n<\/tr>\n<\/thead>\n<tbody>\n<tr>\n<td><strong>Medikamentenklasse<\/strong><\/td>\n<td>Barbiturate<\/td>\n<\/tr>\n<tr>\n<td><strong>Hauptverwendung<\/strong><\/td>\n<td>Behandlung von Schlaflosigkeit, Sedierung, Euthanasie<\/td>\n<\/tr>\n<tr>\n<td><strong>Risiko im Falle einer \u00dcberdosierung<\/strong><\/td>\n<td>Sehr t\u00f6dlich<\/td>\n<\/tr>\n<tr>\n<td><strong>Rechtlicher Status<\/strong><\/td>\n<td>Sehr begrenzte Verf\u00fcgbarkeit, je nach Land<\/td>\n<\/tr>\n<\/tbody>\n<\/table>\n<h3>Wesentliche Informationen \u00fcber Nembutal-Pulver<\/h3>\n<p>Menschen, die auf Nembutal oder \u00e4hnliche Arzneimittel allergisch sind, sollten dieses Arzneimittel nicht einnehmen. Es sollte auch nicht eingenommen werden, wenn Sie an Porphyrie leiden, einer genetischen St\u00f6rung, die die Funktion von Enzymen beeintr\u00e4chtigt und das Nervensystem und die Haut beeintr\u00e4chtigen kann.<\/p>\n<p>Nembutal kann s\u00fcchtig machen und sollte nur von Personen mit einem Rezept eingenommen werden. Das Medikament sollte niemals mit anderen geteilt werden, insbesondere nicht mit Personen, die in der Vergangenheit Drogen missbraucht haben.<\/p>\n<h3>Wof\u00fcr wird Nembutal-Pulver verwendet?<\/h3>\n<p>In der Vergangenheit wurde Nembutal haupts\u00e4chlich zur Bek\u00e4mpfung von Schlafst\u00f6rungen eingesetzt. Seitdem haben die meisten L\u00e4nder das Medikament verboten und durch andere Schlafmittel ersetzt, so dass es heute nur noch selten eingesetzt wird. Dennoch wird Nembutal noch immer an vielen Orten auf der Welt eingesetzt. Viele Labors weltweit verwenden es oder \u00e4hnliche Barbiturate zu rein medizinischen Zwecken, z. B. zur Sedierung, An\u00e4sthesie von Tieren oder in Notfallsituationen. In der richtigen Dosierung kann Nembutal auch zur Euthanasie bei Tieren oder Menschen eingesetzt werden. Am bekanntesten ist Nembutal f\u00fcr seinen Einsatz bei der schmerzlosen Selbstt\u00f6tung.<\/p>\n<table>\n<thead>\n<tr>\n<th><strong>Anmeldung<\/strong><\/th>\n<th><strong>Einzelheiten<\/strong><\/th>\n<\/tr>\n<\/thead>\n<tbody>\n<tr>\n<td><strong>Sedierung<\/strong><\/td>\n<td>Wird zur Beruhigung von Patienten verwendet, insbesondere vor Operationen.<\/td>\n<\/tr>\n<tr>\n<td><strong>Behandlung von Schlaflosigkeit<\/strong><\/td>\n<td>Zur kurzfristigen Behandlung von schwerer Schlaflosigkeit.<\/td>\n<\/tr>\n<tr>\n<td><strong>Euthanasie<\/strong><\/td>\n<td>Zur humanen Euthanasie bei Mensch und Tier.<\/td>\n<\/tr>\n<tr>\n<td><strong>An\u00e4sthesie<\/strong><\/td>\n<td>Wird in h\u00f6heren Dosen zur Einleitung der Narkose verwendet.<\/td>\n<\/tr>\n<\/tbody>\n<\/table>\n<h3>Kontraindikationen und Nebenwirkungen<\/h3>\n<p><strong>Kontraindikationen:<\/strong> Nembutal wird nicht empfohlen f\u00fcr Menschen, die empfindlich auf Barbiturate reagieren oder an latenter Porphyrie leiden.<\/p>\n<p><strong>Nebenwirkungen:<\/strong> \u00dcberm\u00e4\u00dfiger Gebrauch von <a href=\"https:\/\/www.youtube.com\/watch?v=6tSw7-UdgFw\" target=\"_blank\" rel=\"noopener\">Nembutal<\/a> kann zu schweren Nebenwirkungen f\u00fchren. Dazu geh\u00f6ren Albtr\u00e4ume, Erbrechen, \u00dcbelkeit, Verstopfung, Kopfschmerzen oder ein Gef\u00fchl von Kater. Im Falle einer \u00dcberdosierung sollten Sie sofort einen Arzt aufsuchen.<\/p>\n<table>\n<thead>\n<tr>\n<th><strong>Update<\/strong><\/th>\n<th><strong>Symptome<\/strong><\/th>\n<\/tr>\n<\/thead>\n<tbody>\n<tr>\n<td><strong>\u00dcberdosis<\/strong><\/td>\n<td>Erweiterte Pupillen, Ohnmacht, geringe Urinausscheidung<\/td>\n<\/tr>\n<tr>\n<td><strong>Langsam atmen<\/strong><\/td>\n<td>Schwacher Puls, Bewusstlosigkeit, lebensbedrohliche Situation<\/td>\n<\/tr>\n<tr>\n<td><strong>T\u00f6dliche Dosis<\/strong><\/td>\n<td>Schwankt je nach Alter und Gesundheitszustand zwischen 25 und 100 Gramm<\/td>\n<\/tr>\n<\/tbody>\n<\/table>\n<h3>Was bei der Verwendung von Nembutal zu vermeiden ist<\/h3>\n<p>Wenn Sie Nembutal eingenommen haben, sollten Sie nicht Auto fahren, da es Ihre Reaktions- und Denkf\u00e4higkeit beeintr\u00e4chtigt. Alkohol erh\u00f6ht die Schl\u00e4frigkeit, was gef\u00e4hrlich sein kann, daher sollten Sie ihn stets vermeiden.<\/p>\n<h3>Wo kann man Nembutal kaufen?<\/h3>\n<p>Heutzutage ist es nicht leicht, Nembutal zu finden. Viele multinationale Pharmaunternehmen in den Industriel\u00e4ndern stellten fr\u00fcher Nembutal-Pulver her, aber die Produktion wurde drastisch reduziert, da es durch andere Beruhigungs- oder Schlafmittel mit weniger Nebenwirkungen ersetzt wurde. Um Nembutal in den USA zu kaufen, ben\u00f6tigen Sie ein Rezept von Ihrem Arzt. Wir von der Euthanasia Group verstehen jedoch die Bed\u00fcrfnisse unserer Kunden und bieten eine L\u00f6sung f\u00fcr diese Unannehmlichkeiten. Wir sind die f\u00fchrenden Verk\u00e4ufer von Nembutal und bieten Qualit\u00e4t Nembutal Pulver, das seinen Preis wert ist.<\/p>\n<table>\n<thead>\n<tr>\n<th><strong>Vorteile des Kaufs bei Euthanasia Group<\/strong><\/th>\n<th><strong>Einzelheiten<\/strong><\/th>\n<\/tr>\n<\/thead>\n<tbody>\n<tr>\n<td><strong>Diskret und sicher<\/strong><\/td>\n<td>Wir bieten einen sicheren und diskreten Lieferservice.<\/td>\n<\/tr>\n<tr>\n<td><strong>Globale Zustellung<\/strong><\/td>\n<td>Wir liefern in Europa, den USA, Kanada, Australien und Asien.<\/td>\n<\/tr>\n<tr>\n<td><strong>Erleben Sie<\/strong><\/td>\n<td>Jahrelange Erfahrung im Handel mit Nembutal.<\/td>\n<\/tr>\n<\/tbody>\n<\/table>\n<h3>Warum bei der Euthanasia Group kaufen?<\/h3>\n<p>Wir haben jahrelange Erfahrung im Handel mit Nembutal und kennen die Bed\u00fcrfnisse unserer Kunden genau. Dar\u00fcber hinaus bieten wir auch andere Barbiturate diskret und weltweit an. Wenn Sie Nembutal-Pulver bei uns kaufen, haben Sie einen Vorteil in Bezug auf Qualit\u00e4t und Service. Kontaktieren Sie uns noch heute f\u00fcr weitere Informationen!<\/p>\n<p>Wir liefern nach Deutschland, \u00d6sterreich, in die Schweiz, nach Belgien, Luxemburg, D\u00e4nemark, Frankreich, Ungarn und in ganz Europa. Wir liefern auch in die Vereinigten Staaten, nach Kanada, Australien und in einige Teile Asiens und Afrikas. F\u00fcr weitere Informationen, kontaktieren Sie uns bitte.<\/p>\n<h3>Tags<\/h3>\n<p>Kaufen Sie Nembutal-Pulver, Barbiturat-Pulver, Natrium-Pentobarbital-Pulver.<\/p>","protected":false},"excerpt":{"rendered":"<p>Sie k\u00f6nnen reines Natrium-Pentobarbital Nembutal-Pulver online bei unserer Euthanasie-Gruppe kaufen, mit garantiert diskretem internationalem Versand. Nembutal-Pulver ist in 25, 50, 75 und 100 Gramm in unserem Shop erh\u00e4ltlich.<\/p>","protected":false},"featured_media":833,"comment_status":"open","ping_status":"closed","template":"","meta":{"ocean_post_layout":"","ocean_both_sidebars_style":"","ocean_both_sidebars_content_width":0,"ocean_both_sidebars_sidebars_width":0,"ocean_sidebar":"0","ocean_second_sidebar":"0","ocean_disable_margins":"enable","ocean_add_body_class":"","ocean_shortcode_before_top_bar":"","ocean_shortcode_after_top_bar":"","ocean_shortcode_before_header":"","ocean_shortcode_after_header":"","ocean_has_shortcode":"","ocean_shortcode_after_title":"","ocean_shortcode_before_footer_widgets":"","ocean_shortcode_after_footer_widgets":"","ocean_shortcode_before_footer_bottom":"","ocean_shortcode_after_footer_bottom":"","ocean_display_top_bar":"default","ocean_display_header":"default","ocean_header_style":"","ocean_center_header_left_menu":"0","ocean_custom_header_template":"0","ocean_custom_logo":0,"ocean_custom_retina_logo":0,"ocean_custom_logo_max_width":0,"ocean_custom_logo_tablet_max_width":0,"ocean_custom_logo_mobile_max_width":0,"ocean_custom_logo_max_height":0,"ocean_custom_logo_tablet_max_height":0,"ocean_custom_logo_mobile_max_height":0,"ocean_header_custom_menu":"0","ocean_menu_typo_font_family":"0","ocean_menu_typo_font_subset":"","ocean_menu_typo_font_size":0,"ocean_menu_typo_font_size_tablet":0,"ocean_menu_typo_font_size_mobile":0,"ocean_menu_typo_font_size_unit":"px","ocean_menu_typo_font_weight":"","ocean_menu_typo_font_weight_tablet":"","ocean_menu_typo_font_weight_mobile":"","ocean_menu_typo_transform":"","ocean_menu_typo_transform_tablet":"","ocean_menu_typo_transform_mobile":"","ocean_menu_typo_line_height":0,"ocean_menu_typo_line_height_tablet":0,"ocean_menu_typo_line_height_mobile":0,"ocean_menu_typo_line_height_unit":"","ocean_menu_typo_spacing":0,"ocean_menu_typo_spacing_tablet":0,"ocean_menu_typo_spacing_mobile":0,"ocean_menu_typo_spacing_unit":"","ocean_menu_link_color":"","ocean_menu_link_color_hover":"","ocean_menu_link_color_active":"","ocean_menu_link_background":"","ocean_menu_link_hover_background":"","ocean_menu_link_active_background":"","ocean_menu_social_links_bg":"","ocean_menu_social_hover_links_bg":"","ocean_menu_social_links_color":"","ocean_menu_social_hover_links_color":"","ocean_disable_title":"default","ocean_disable_heading":"default","ocean_post_title":"","ocean_post_subheading":"","ocean_post_title_style":"","ocean_post_title_background_color":"","ocean_post_title_background":0,"ocean_post_title_bg_image_position":"","ocean_post_title_bg_image_attachment":"","ocean_post_title_bg_image_repeat":"","ocean_post_title_bg_image_size":"","ocean_post_title_height":0,"ocean_post_title_bg_overlay":0.5,"ocean_post_title_bg_overlay_color":"","ocean_disable_breadcrumbs":"default","ocean_breadcrumbs_color":"","ocean_breadcrumbs_separator_color":"","ocean_breadcrumbs_links_color":"","ocean_breadcrumbs_links_hover_color":"","ocean_display_footer_widgets":"default","ocean_display_footer_bottom":"default","ocean_custom_footer_template":"0"},"product_brand":[],"product_cat":[26],"product_tag":[],"class_list":{"0":"post-615","1":"product","2":"type-product","3":"status-publish","4":"has-post-thumbnail","6":"product_cat-nembutal","8":"entry","9":"has-media","11":"first","12":"instock","13":"sale","14":"shipping-taxable","15":"purchasable","16":"product-type-variable","17":"has-rating","18":"has-product-nav","19":"col","20":"span_1_of_3","21":"owp-content-center","22":"owp-thumbs-layout-horizontal","23":"owp-btn-normal","24":"owp-tabs-layout-horizontal","25":"has-no-thumbnails"},"jetpack_sharing_enabled":true,"_links":{"self":[{"href":"https:\/\/euthanasia.store\/de\/wp-json\/wp\/v2\/product\/615","targetHints":{"allow":["GET"]}}],"collection":[{"href":"https:\/\/euthanasia.store\/de\/wp-json\/wp\/v2\/product"}],"about":[{"href":"https:\/\/euthanasia.store\/de\/wp-json\/wp\/v2\/types\/product"}],"replies":[{"embeddable":true,"href":"https:\/\/euthanasia.store\/de\/wp-json\/wp\/v2\/comments?post=615"}],"wp:featuredmedia":[{"embeddable":true,"href":"https:\/\/euthanasia.store\/de\/wp-json\/wp\/v2\/media\/833"}],"wp:attachment":[{"href":"https:\/\/euthanasia.store\/de\/wp-json\/wp\/v2\/media?parent=615"}],"wp:term":[{"taxonomy":"product_brand","embeddable":true,"href":"https:\/\/euthanasia.store\/de\/wp-json\/wp\/v2\/product_brand?post=615"},{"taxonomy":"product_cat","embeddable":true,"href":"https:\/\/euthanasia.store\/de\/wp-json\/wp\/v2\/product_cat?post=615"},{"taxonomy":"product_tag","embeddable":true,"href":"https:\/\/euthanasia.store\/de\/wp-json\/wp\/v2\/product_tag?post=615"}],"curies":[{"name":"wp","href":"https:\/\/api.w.org\/{rel}","templated":true}]}}