{"id":606,"date":"2024-07-31T23:41:36","date_gmt":"2024-07-31T23:41:36","guid":{"rendered":"https:\/\/euthanasia.store\/?post_type=product&#038;p=606"},"modified":"2026-01-02T09:57:49","modified_gmt":"2026-01-02T09:57:49","slug":"nembutal-pillen","status":"publish","type":"product","link":"https:\/\/euthanasia.store\/de\/produkt\/nembutal-pillen\/","title":{"rendered":"Nembutal Pillen"},"content":{"rendered":"<h3>Buy Nembutal Pills Online: Zuverl\u00e4ssiger und diskreter Service<\/h3>\n<p>Einkaufen <a href=\"https:\/\/euthanasia.store\/de\/\">Nembutal-Pillen online<\/a> bietet Komfort und Zugang f\u00fcr diejenigen, die sie f\u00fcr bestimmte Zwecke ben\u00f6tigen. Bei Euthanasia Group sind wir bestrebt, unseren Kunden hochwertige Produkte und einen zuverl\u00e4ssigen Service zu bieten. Wenn Sie Nembutal-Pillen kaufen m\u00f6chten, k\u00f6nnen Sie auf unser Engagement und unsere Kompetenz z\u00e4hlen.<\/p>\n<h4>Warum die Euthanasie-Gruppe?<\/h4>\n<p>Euthanasia Group ist eine zuverl\u00e4ssige Quelle f\u00fcr den Kauf von Nembutal Pillen online. Wir verstehen die Bedeutung von Qualit\u00e4t und Diskretion bei der Lieferung dieser Produkte. Daher bieten wir einen sicheren und diskreten Lieferservice, um Ihre Privatsph\u00e4re jederzeit zu gew\u00e4hrleisten. Au\u00dferdem stellen wir sicher, dass alle unsere Bestellungen professionell und fehlerfrei abgewickelt werden.<\/p>\n<table>\n<thead>\n<tr>\n<th><strong>Merkmal<\/strong><\/th>\n<th><strong>Einzelheiten<\/strong><\/th>\n<\/tr>\n<\/thead>\n<tbody>\n<tr>\n<td><strong>Qualit\u00e4tsprodukte<\/strong><\/td>\n<td>Wir bieten nur Produkte von h\u00f6chster Qualit\u00e4t an.<\/td>\n<\/tr>\n<tr>\n<td><strong>Diskrete Versandpolitik<\/strong><\/td>\n<td>Sichere und diskrete Lieferung f\u00fcr Ihren Seelenfrieden.<\/td>\n<\/tr>\n<tr>\n<td><strong>Schnelle Lieferung<\/strong><\/td>\n<td>Wir sorgen daf\u00fcr, dass Ihre Bestellung schnell bearbeitet wird.<\/td>\n<\/tr>\n<tr>\n<td><strong>Professioneller Service<\/strong><\/td>\n<td>Jeder Auftrag wird professionell und mit Sorgfalt bearbeitet.<\/td>\n<\/tr>\n<\/tbody>\n<\/table>\n<h3>Sichere Verwendung von Barbituraten<\/h3>\n<p>Nembutal-Pillen werden h\u00e4ufig zur Behandlung von Schlaflosigkeit, als Beruhigungsmittel und bei epileptischen St\u00f6rungen verschrieben. Unsere Produkte werden weltweit versandt und sorgf\u00e4ltig auf ihre Wirksamkeit gepr\u00fcft. In einigen F\u00e4llen verwenden \u00c4rzte Nembutal auch als Narkosemittel bei Operationen.<\/p>\n<p><strong>Anwendungen von Nembutal-Tabletten:<\/strong><\/p>\n<table>\n<thead>\n<tr>\n<th><strong>Medizinische Anwendung<\/strong><\/th>\n<th><strong>Einzelheiten<\/strong><\/th>\n<\/tr>\n<\/thead>\n<tbody>\n<tr>\n<td><strong>Schlaflosigkeit<\/strong><\/td>\n<td>Wird zur F\u00f6rderung des Schlafs bei schwerer Schlaflosigkeit verwendet.<\/td>\n<\/tr>\n<tr>\n<td><strong>Sedierung<\/strong><\/td>\n<td>Wird zur Beruhigung vor medizinischen Eingriffen angewendet.<\/td>\n<\/tr>\n<tr>\n<td><strong>Epilepsie-Behandlung<\/strong><\/td>\n<td>Notfallmedikamente bei nicht beherrschbaren epileptischen Anf\u00e4llen.<\/td>\n<\/tr>\n<tr>\n<td><strong>An\u00e4sthesie<\/strong><\/td>\n<td>Wird von \u00c4rzten als Narkosemittel bei Operationen verwendet.<\/td>\n<\/tr>\n<tr>\n<td><strong>Euthanasie<\/strong><\/td>\n<td>In h\u00f6heren Dosen bietet es einen friedlichen und schmerzlosen Tod.<\/td>\n<\/tr>\n<\/tbody>\n<\/table>\n<h3>Nembutal online kaufen bei der Euthanasie-Gruppe<\/h3>\n<p>Sie k\u00f6nnen Nembutal-Tabletten online ohne Rezept bei der <a href=\"https:\/\/www.youtube.com\/watch?v=loyZFG6gUs8\" target=\"_blank\" rel=\"noopener\">Euthanasie<\/a> Gruppe. Bei jedem Kauf erhalten Sie einen Beipackzettel, der Ihnen hilft, die richtige Dosierung dieses Medikaments in Abh\u00e4ngigkeit von Faktoren wie Gewicht, Alter und Gesundheitszustand zu verstehen. F\u00fcr Menschen mit Schlafproblemen halten wir Nembutal-Tabletten f\u00fcr eine der besten und wirksamsten Behandlungen.<\/p>\n<table>\n<thead>\n<tr>\n<th><strong>Vorteile des Kaufs bei uns<\/strong><\/th>\n<th><strong>Einzelheiten<\/strong><\/th>\n<\/tr>\n<\/thead>\n<tbody>\n<tr>\n<td><strong>Kein Rezept erforderlich<\/strong><\/td>\n<td>Sie k\u00f6nnen Nembutal bei uns kaufen, ohne ein Rezept zu ben\u00f6tigen.<\/td>\n<\/tr>\n<tr>\n<td><strong>Leitfaden zur Medikation<\/strong><\/td>\n<td>Enth\u00e4lt einen Leitfaden, der Ihnen hilft, die richtige Dosierung zu bestimmen.<\/td>\n<\/tr>\n<tr>\n<td><strong>Kundenbetreuung 24\/7<\/strong><\/td>\n<td>Unsere Experten sind immer bereit, Ihre Fragen zu beantworten.<\/td>\n<\/tr>\n<tr>\n<td><strong>Erschwingliche Preise<\/strong><\/td>\n<td>Wir bieten wettbewerbsf\u00e4hige Preise, so dass Nembutal f\u00fcr jeden erschwinglich ist.<\/td>\n<\/tr>\n<\/tbody>\n<\/table>\n<p>Unser Fachpersonal steht Ihnen 24 Stunden am Tag, 7 Tage die Woche zur Verf\u00fcgung, um Ihnen bei all Ihren Fragen zur Verwendung von Nembutal-Tabletten zu helfen. Die Preise unserer Nembutal-Tabletten sind erschwinglich, so dass Sie sich keine Sorgen \u00fcber die Kosten f\u00fcr dieses Produkt machen m\u00fcssen. Geben Sie Ihre Bestellung noch heute auf!<\/p>\n<h3>Verwandte Produkte<\/h3>\n<p>Neben Nembutal-Tabletten bieten wir auch andere verwandte Produkte an, die f\u00fcr Sie von Interesse sein k\u00f6nnten, wie z. B:<\/p>\n<ul>\n<li><strong>Nembutal Injektionsl\u00f6sung<\/strong>: F\u00fcr eine schnelle und effektive Verwaltung.<\/li>\n<li><strong>Natrium-Pentobarbital-Pulver<\/strong>Eine alternative Form zur Verwendung in medizinischen Einrichtungen.<\/li>\n<li><strong>Nembutal Fl\u00fcssigkeit zum Einnehmen<\/strong>: F\u00fcr diejenigen, die eine fl\u00fcssige Darreichungsform bevorzugen.<\/li>\n<\/ul>\n<h3>Tags<\/h3>\n<p>Kaufen Sie Nembutal Pillen online, kaufen Sie Nembutal ohne Rezept, Barbiturat Pillen, Natrium-Pentobarbital, Natrium-Pentobarbital-Pillen.<\/p>\n<p><strong>FAQs<\/strong><\/p>\n<p><strong>1. Was ist Nembutal?<\/strong> Nembutal ist ein Handelsname f\u00fcr Pentobarbital, ein starkes Barbiturat, das zur Sedierung, zur Behandlung von Epilepsie und in einigen L\u00e4ndern zur Euthanasie verwendet wird.<\/p>\n<p><strong>2. Wie kann ich Nembutal-Pillen online kaufen?<\/strong> Bei Euthanasia Group k\u00f6nnen Sie Nembutal-Pillen ohne Rezept online kaufen. Wir bieten einen sicheren, diskreten und professionellen Service.<\/p>\n<p><strong>3. Ist es legal, Nembutal ohne Rezept zu kaufen?<\/strong> Die Legalit\u00e4t des Kaufs von Nembutal ohne Rezept variiert von Land zu Land. Es ist wichtig, dass Sie sich vor der Bestellung \u00fcber die Gesetze in Ihrem Land informieren.<\/p>\n<p><strong>4. Wie werden Nembutal-Pillen verwendet?<\/strong> Nembutal-Pillen werden zur Behandlung von Schlaflosigkeit, als Beruhigungsmittel, bei epileptischen St\u00f6rungen und manchmal zur Euthanasie eingesetzt.<\/p>\n<p><strong>5. Wie verwende ich Nembutal-Pillen sicher?<\/strong> Verwenden Sie Nembutal immer gem\u00e4\u00df den Anweisungen in der mitgelieferten Gebrauchsanweisung. Befolgen Sie die empfohlene Dosierung basierend auf Ihrem Alter, Gewicht und Gesundheitszustand.<\/p>\n<p><strong>6. Was sind die m\u00f6glichen Nebenwirkungen von Nembutal?<\/strong> Zu den Nebenwirkungen k\u00f6nnen Atemdepression, niedriger Blutdruck, Schl\u00e4frigkeit und Abh\u00e4ngigkeit geh\u00f6ren. Eine \u00dcberdosierung kann t\u00f6dlich sein.<\/p>\n<p><strong>7. Wie schnell wird meine Bestellung geliefert?<\/strong> Wir bieten eine schnelle und diskrete Lieferung Ihrer Bestellung. Die Lieferzeit kann je nach Ihrem Standort variieren.<\/p>\n<p><strong>8. Kann ich Nembutal bei Schlaflosigkeit anwenden?<\/strong> Ja, Nembutal wird h\u00e4ufig zur Behandlung schwerer Schlaflosigkeit verschrieben. Halten Sie sich immer an die Dosierungsanweisungen Ihres Arztes oder an den Leitfaden f\u00fcr Medikamente.<\/p>\n<p><strong>9. Was soll ich tun, wenn ich eine \u00dcberdosis Nembutal eingenommen habe?<\/strong> Im Falle einer \u00dcberdosierung ist es wichtig, sofort einen Arzt aufzusuchen. Eine \u00dcberdosis kann zu Koma oder Tod f\u00fchren.<\/p>\n<p><strong>10. Welche verwandten Produkte bieten Sie an?<\/strong> Neben Nembutal-Pillen bieten wir auch Nembutal-Injektionsl\u00f6sung, Natrium-Pentobarbital-Pulver und Nembutal-Fl\u00fcssigkeit zum Einnehmen an.<\/p>","protected":false},"excerpt":{"rendered":"<p>Diese Nembutal-Pillen werden h\u00e4ufig als Medikamente zur Behandlung von Schlaflosigkeit, Sedierung und epileptischen St\u00f6rungen eingesetzt. Sie k\u00f6nnen aber auch zur Sterbehilfe verwendet werden. euthanasiagroup.net ist gepr\u00fcft und zugelassen.<\/p>","protected":false},"featured_media":831,"comment_status":"open","ping_status":"closed","template":"","meta":{"ocean_post_layout":"","ocean_both_sidebars_style":"","ocean_both_sidebars_content_width":0,"ocean_both_sidebars_sidebars_width":0,"ocean_sidebar":"0","ocean_second_sidebar":"0","ocean_disable_margins":"enable","ocean_add_body_class":"","ocean_shortcode_before_top_bar":"","ocean_shortcode_after_top_bar":"","ocean_shortcode_before_header":"","ocean_shortcode_after_header":"","ocean_has_shortcode":"","ocean_shortcode_after_title":"","ocean_shortcode_before_footer_widgets":"","ocean_shortcode_after_footer_widgets":"","ocean_shortcode_before_footer_bottom":"","ocean_shortcode_after_footer_bottom":"","ocean_display_top_bar":"default","ocean_display_header":"default","ocean_header_style":"","ocean_center_header_left_menu":"0","ocean_custom_header_template":"0","ocean_custom_logo":0,"ocean_custom_retina_logo":0,"ocean_custom_logo_max_width":0,"ocean_custom_logo_tablet_max_width":0,"ocean_custom_logo_mobile_max_width":0,"ocean_custom_logo_max_height":0,"ocean_custom_logo_tablet_max_height":0,"ocean_custom_logo_mobile_max_height":0,"ocean_header_custom_menu":"0","ocean_menu_typo_font_family":"0","ocean_menu_typo_font_subset":"","ocean_menu_typo_font_size":0,"ocean_menu_typo_font_size_tablet":0,"ocean_menu_typo_font_size_mobile":0,"ocean_menu_typo_font_size_unit":"px","ocean_menu_typo_font_weight":"","ocean_menu_typo_font_weight_tablet":"","ocean_menu_typo_font_weight_mobile":"","ocean_menu_typo_transform":"","ocean_menu_typo_transform_tablet":"","ocean_menu_typo_transform_mobile":"","ocean_menu_typo_line_height":0,"ocean_menu_typo_line_height_tablet":0,"ocean_menu_typo_line_height_mobile":0,"ocean_menu_typo_line_height_unit":"","ocean_menu_typo_spacing":0,"ocean_menu_typo_spacing_tablet":0,"ocean_menu_typo_spacing_mobile":0,"ocean_menu_typo_spacing_unit":"","ocean_menu_link_color":"","ocean_menu_link_color_hover":"","ocean_menu_link_color_active":"","ocean_menu_link_background":"","ocean_menu_link_hover_background":"","ocean_menu_link_active_background":"","ocean_menu_social_links_bg":"","ocean_menu_social_hover_links_bg":"","ocean_menu_social_links_color":"","ocean_menu_social_hover_links_color":"","ocean_disable_title":"default","ocean_disable_heading":"default","ocean_post_title":"","ocean_post_subheading":"","ocean_post_title_style":"","ocean_post_title_background_color":"","ocean_post_title_background":0,"ocean_post_title_bg_image_position":"","ocean_post_title_bg_image_attachment":"","ocean_post_title_bg_image_repeat":"","ocean_post_title_bg_image_size":"","ocean_post_title_height":0,"ocean_post_title_bg_overlay":0.5,"ocean_post_title_bg_overlay_color":"","ocean_disable_breadcrumbs":"default","ocean_breadcrumbs_color":"","ocean_breadcrumbs_separator_color":"","ocean_breadcrumbs_links_color":"","ocean_breadcrumbs_links_hover_color":"","ocean_display_footer_widgets":"default","ocean_display_footer_bottom":"default","ocean_custom_footer_template":"0"},"product_brand":[],"product_cat":[26],"product_tag":[28],"class_list":{"0":"post-606","1":"product","2":"type-product","3":"status-publish","4":"has-post-thumbnail","6":"product_cat-nembutal","7":"product_tag-nembutal-pillen","9":"entry","10":"has-media","12":"first","13":"instock","14":"sale","15":"shipping-taxable","16":"purchasable","17":"product-type-variable","18":"has-rating","19":"has-product-nav","20":"col","21":"span_1_of_3","22":"owp-content-center","23":"owp-thumbs-layout-horizontal","24":"owp-btn-normal","25":"owp-tabs-layout-horizontal","26":"has-no-thumbnails"},"jetpack_sharing_enabled":true,"_links":{"self":[{"href":"https:\/\/euthanasia.store\/de\/wp-json\/wp\/v2\/product\/606","targetHints":{"allow":["GET"]}}],"collection":[{"href":"https:\/\/euthanasia.store\/de\/wp-json\/wp\/v2\/product"}],"about":[{"href":"https:\/\/euthanasia.store\/de\/wp-json\/wp\/v2\/types\/product"}],"replies":[{"embeddable":true,"href":"https:\/\/euthanasia.store\/de\/wp-json\/wp\/v2\/comments?post=606"}],"wp:featuredmedia":[{"embeddable":true,"href":"https:\/\/euthanasia.store\/de\/wp-json\/wp\/v2\/media\/831"}],"wp:attachment":[{"href":"https:\/\/euthanasia.store\/de\/wp-json\/wp\/v2\/media?parent=606"}],"wp:term":[{"taxonomy":"product_brand","embeddable":true,"href":"https:\/\/euthanasia.store\/de\/wp-json\/wp\/v2\/product_brand?post=606"},{"taxonomy":"product_cat","embeddable":true,"href":"https:\/\/euthanasia.store\/de\/wp-json\/wp\/v2\/product_cat?post=606"},{"taxonomy":"product_tag","embeddable":true,"href":"https:\/\/euthanasia.store\/de\/wp-json\/wp\/v2\/product_tag?post=606"}],"curies":[{"name":"wp","href":"https:\/\/api.w.org\/{rel}","templated":true}]}}