{"id":589,"date":"2024-07-31T14:19:51","date_gmt":"2024-07-31T14:19:51","guid":{"rendered":"https:\/\/euthanasia.store\/?post_type=product&#038;p=589"},"modified":"2025-09-26T10:53:36","modified_gmt":"2025-09-26T10:53:36","slug":"nembutal-kopen","status":"publish","type":"product","link":"https:\/\/euthanasia.store\/de\/produkt\/nembutal-kopen\/","title":{"rendered":"Nembutal kaufen"},"content":{"rendered":"<h1>Umfassender Leitfaden f\u00fcr Nembutal-Injektionen<\/h1>\n<p>Nembutal, auch bekannt als Pentobarbital, ist ein Barbiturat, das in der Vergangenheit f\u00fcr verschiedene medizinische Zwecke verwendet wurde, u. a. als Narkosemittel und Sedativum. Heute ist es vor allem f\u00fcr seine Verwendung bei der Euthanasie und der Beihilfe zum Selbstmord bekannt. In diesem Artikel bieten wir einen umfassenden Leitfaden \u00fcber Nembutal-Injektionen, einschlie\u00dflich ihrer Verwendungszwecke, Wirkungen, des rechtlichen Status und ethischer \u00dcberlegungen. <a href=\"https:\/\/euthanasia.store\/de\/\"><span class=\"___SText_lyret-kmt_\" data-ui-name=\"Link.Text\">Nembutal kaufen<\/span><\/a><\/p>\n<h2>Was ist Nembutal?<\/h2>\n<p>Nembutal ist der Handelsname f\u00fcr Pentobarbital-Natrium, ein Barbiturat, das erstmals zu Beginn des 20. Jahrhundert synthetisiert wurde. Barbiturate wirken als Depressiva des zentralen Nervensystems, d. h. sie verlangsamen die Hirnaktivit\u00e4t, was zu Sedierung, Schlaf und bei h\u00f6heren Dosen zu Narkose oder Tod f\u00fchrt. <span class=\"___SText_lyret-kmt_\" data-ui-name=\"Link.Text\">Nembutal kaufen<\/span><\/p>\n<h3>Medizinische Anwendungen von Nembutal<\/h3>\n<p>Nembutal wurde in der Vergangenheit f\u00fcr verschiedene medizinische Zwecke verwendet:<\/p>\n<ol>\n<li><strong>Sedierung<\/strong>: Zur Beruhigung der Patienten vor der Operation.<\/li>\n<li><strong>An\u00e4sthesie<\/strong>: Als Narkosemittel in der Chirurgie.<\/li>\n<li><strong>Epilepsie<\/strong>F\u00fcr die Notfallbehandlung bestimmter Arten von epileptischen Anf\u00e4llen.<\/li>\n<li><strong>Euthanasie und Sterbehilfe<\/strong>: Den Tod auf kontrollierte und schmerzlose Weise herbeif\u00fchren. <span class=\"___SText_lyret-kmt_\" data-ui-name=\"Link.Text\">Nembutal kaufen<\/span><\/li>\n<\/ol>\n<table>\n<thead>\n<tr>\n<th><strong>Medizinische Anwendung<\/strong><\/th>\n<th><strong>Einzelheiten<\/strong><\/th>\n<\/tr>\n<\/thead>\n<tbody>\n<tr>\n<td>Sedierung<\/td>\n<td>Beruhigung der Patienten vor der Operation<\/td>\n<\/tr>\n<tr>\n<td>An\u00e4sthesie<\/td>\n<td>Verwendung als Narkosemittel in der Chirurgie<\/td>\n<\/tr>\n<tr>\n<td>Epilepsie<\/td>\n<td>Notfallbehandlung von Krampfanf\u00e4llen, die nicht durch andere Medikamente kontrolliert werden k\u00f6nnen<\/td>\n<\/tr>\n<tr>\n<td>Euthanasie und Sterbehilfe<\/td>\n<td>Kontrollierte, schmerzfreie Herbeif\u00fchrung des Todes in Situationen am Ende des Lebens<\/td>\n<\/tr>\n<\/tbody>\n<\/table>\n<h2>Wie funktioniert die Nembutal-Injektion?<\/h2>\n<p>Nembutal wirkt, indem es die Aktivit\u00e4t von Gamma-Aminobutters\u00e4ure (GABA), einem Neurotransmitter, der die Aktivit\u00e4t von Neuronen im Gehirn hemmt, verst\u00e4rkt. Durch die Erh\u00f6hung der GABA-Aktivit\u00e4t hemmt Nembutal das zentrale Nervensystem, was zu Sedierung, Bewusstlosigkeit und - bei hohen Dosen - zu Atemstillstand und Tod f\u00fchrt. <span class=\"___SText_lyret-kmt_\" data-ui-name=\"Link.Text\">Nembutal kaufen<\/span><\/p>\n<h3>Mechanismus der Wirkung<\/h3>\n<ul>\n<li><strong>GABA-St\u00e4rkung<\/strong>: Nembutal bindet sich an GABA-Rezeptoren im Gehirn, wodurch die hemmende Wirkung von GABA verst\u00e4rkt und die Hirnaktivit\u00e4t verlangsamt wird.<\/li>\n<li><strong>Depression des zentralen Nervensystems<\/strong>Die Droge reduziert die Nervenaktivit\u00e4t, was bei hohen Dosen zu Sedierung, Bewusstlosigkeit und schlie\u00dflich zum Erl\u00f6schen der Lebenszeichen f\u00fchrt.<\/li>\n<li><strong>Atemstillstand<\/strong>: In t\u00f6dlichen Dosen verursacht Nembutal ein Versagen des Atmungssystems, das zum Tod f\u00fchrt. <span class=\"___SText_lyret-kmt_\" data-ui-name=\"Link.Text\">Nembutal kaufen<\/span><\/li>\n<\/ul>\n<h3>Dosierung und Verabreichung<\/h3>\n<p>Bei der Euthanasie wird die Dosierung von Nembutal sorgf\u00e4ltig berechnet, um einen schmerzlosen und friedlichen Tod zu gew\u00e4hrleisten. Das Medikament wird in der Regel intraven\u00f6s verabreicht, obwohl auch orale Formulierungen verwendet werden k\u00f6nnen. Die t\u00f6dliche Dosis von Nembutal liegt im Allgemeinen zwischen 2 und 10 Gramm, je nach K\u00f6rpergewicht und Vertr\u00e4glichkeit der Person. <span class=\"___SText_lyret-kmt_\" data-ui-name=\"Link.Text\">Nembutal kaufen<\/span><\/p>\n<table>\n<thead>\n<tr>\n<th><strong>Art der Verabreichung<\/strong><\/th>\n<th><strong>Dosierung<\/strong><\/th>\n<th><strong>Erwartetes Ergebnis<\/strong><\/th>\n<\/tr>\n<\/thead>\n<tbody>\n<tr>\n<td>Intraven\u00f6se Injektion<\/td>\n<td>2-10 Gramm<\/td>\n<td>Verlust des Bewusstseins, Atemstillstand, Tod<\/td>\n<\/tr>\n<tr>\n<td>Orale Aufnahme<\/td>\n<td>2-10 Gramm (Pulver oder Fl\u00fcssigkeit)<\/td>\n<td>Verlust des Bewusstseins, Atemstillstand, Tod<\/td>\n<\/tr>\n<\/tbody>\n<\/table>\n<h2>Auswirkungen von Nembutal-Injektionen<\/h2>\n<p>Die Wirkung von Nembutal-Injektionen l\u00e4sst sich in drei Phasen unterteilen:<\/p>\n<ol>\n<li><strong>Sedierung<\/strong>Der Patient erlebt Schl\u00e4frigkeit und Entspannung, sobald das Medikament zu wirken beginnt.<\/li>\n<li><strong>Verlust des Bewusstseins<\/strong>: Innerhalb weniger Minuten wird der Patient bewusstlos und f\u00e4llt in einen tiefen, koma\u00e4hnlichen Zustand.<\/li>\n<li><strong>Atemstillstand und Tod<\/strong>Schlie\u00dflich verlangsamt sich die Atmung des Patienten und h\u00f6rt ganz auf, was zum Tod f\u00fchrt.<\/li>\n<\/ol>\n<h3>Beginn und Dauer<\/h3>\n<ul>\n<li><strong>Start<\/strong>Die Wirkung von Nembutal-Injektionen tritt in der Regel schnell ein, mit Bewusstseinsverlust innerhalb von 1-5 Minuten nach der Verabreichung.<\/li>\n<li><strong>Dauer<\/strong>Tod: Der Tod tritt in der Regel innerhalb von 15-30 Minuten nach der Verabreichung ein, abh\u00e4ngig von der Dosierung und dem physiologischen Zustand des Patienten.<\/li>\n<\/ul>\n<table>\n<thead>\n<tr>\n<th><strong>Phase<\/strong><\/th>\n<th><strong>Zeitspanne<\/strong><\/th>\n<th><strong>Auswirkungen<\/strong><\/th>\n<\/tr>\n<\/thead>\n<tbody>\n<tr>\n<td>Sedierung<\/td>\n<td>1-2 Minuten<\/td>\n<td>Schl\u00e4frigkeit, Entspannung<\/td>\n<\/tr>\n<tr>\n<td>Verlust des Bewusstseins<\/td>\n<td>2-5 Minuten<\/td>\n<td>Bewusstlosigkeit, tiefes Koma<\/td>\n<\/tr>\n<tr>\n<td>Atemstillstand und Tod<\/td>\n<td>15-30 Minuten (nach dem Start)<\/td>\n<td>Atemstillstand, Tod<\/td>\n<\/tr>\n<\/tbody>\n<\/table>\n<h2>Rechtlicher Status von Nembutal<\/h2>\n<p>Der rechtliche Status von Nembutal ist weltweit sehr unterschiedlich. In vielen L\u00e4ndern ist das Medikament aufgrund seines Missbrauchspotenzials und seiner Verwendung in der Euthanasie streng geregelt oder verboten. <span class=\"___SText_lyret-kmt_\" data-ui-name=\"Link.Text\">Nembutal kaufen<\/span><\/p>\n<h3>L\u00e4nder, in denen Nembutal zur Sterbehilfe legal ist<\/h3>\n<p>In einigen L\u00e4ndern wird Nembutal legal verwendet f\u00fcr <a href=\"https:\/\/www.tiktok.com\/discover\/where-to-buy-nembutal\" target=\"_blank\" rel=\"noopener\">Euthanasie<\/a> und die Beihilfe zum Suizid unter strengen Auflagen. In diesen L\u00e4ndern gibt es in der Regel Gesetze, die unheilbar kranken Patienten die M\u00f6glichkeit geben, Euthanasie als Option f\u00fcr das Lebensende zu w\u00e4hlen.<\/p>\n<ul>\n<li><strong>Niederlande<\/strong>: Nembutal wird unter strengen medizinischen Richtlinien legal zur Euthanasie eingesetzt.<\/li>\n<li><strong>Belgien<\/strong>Euthanasie ist legal, und Nembutal ist ein g\u00e4ngiges Medikament.<\/li>\n<li><strong>Schweiz<\/strong>Sterbehilfe ist legal, und Nembutal wird von Organisationen wie Dignitas eingesetzt.<\/li>\n<\/ul>\n<h3>L\u00e4nder, in denen Nembutal verboten ist<\/h3>\n<p>In vielen L\u00e4ndern wurde Nembutal verboten oder seine Verwendung stark eingeschr\u00e4nkt, weil Bedenken wegen der Gefahr des Missbrauchs bestehen.<\/p>\n<ul>\n<li><strong>Vereinigte Staaten<\/strong>: Nembutal ist eine kontrollierte Substanz der Liste II, d. h. sie ist streng reglementiert und steht nicht f\u00fcr die Euthanasie zur Verf\u00fcgung.<\/li>\n<li><strong>Australien<\/strong>: Nembutal ist illegal, auch wenn es immer wieder Debatten \u00fcber seine Verwendung bei der Sterbehilfe gibt. <span class=\"___SText_lyret-kmt_\" data-ui-name=\"Link.Text\">Nembutal kaufen<\/span><\/li>\n<\/ul>\n<table>\n<thead>\n<tr>\n<th><strong>Land<\/strong><\/th>\n<th><strong>Rechtlicher Status<\/strong><\/th>\n<th><strong>Einzelheiten<\/strong><\/th>\n<\/tr>\n<\/thead>\n<tbody>\n<tr>\n<td>Niederlande<\/td>\n<td>Legal f\u00fcr Euthanasie<\/td>\n<td>Verwendung unter strenger \u00e4rztlicher Aufsicht<\/td>\n<\/tr>\n<tr>\n<td>Belgien<\/td>\n<td>Legal f\u00fcr Euthanasie<\/td>\n<td>H\u00e4ufig in der Sterbebegleitung eingesetzt<\/td>\n<\/tr>\n<tr>\n<td>Schweiz<\/td>\n<td>Legal f\u00fcr Sterbehilfe<\/td>\n<td>Verwendet von Organisationen wie Dignitas<\/td>\n<\/tr>\n<tr>\n<td>Vereinigte Staaten<\/td>\n<td>Verboten (kontrollierte Substanz der Liste II)<\/td>\n<td>Nicht f\u00fcr die Euthanasie verf\u00fcgbar, f\u00fcr die medizinische Verwendung streng geregelt<\/td>\n<\/tr>\n<tr>\n<td>Australien<\/td>\n<td>Verbotene<\/td>\n<td>Illegal, laufende Debatten \u00fcber die Legalisierung der Euthanasie<\/td>\n<\/tr>\n<\/tbody>\n<\/table>\n<h2>Ethische Erw\u00e4gungen<\/h2>\n<p>Die Verwendung von Nembutal in der Sterbehilfe und im assistierten Suizid wirft wichtige ethische Fragen auf. Dazu geh\u00f6ren Debatten \u00fcber das Recht zu sterben, die Rolle medizinischer Fachkr\u00e4fte bei der Beendigung von Leben und das Potenzial f\u00fcr Missbrauch.<\/p>\n<h3>Das Recht zu sterben<\/h3>\n<p>Bef\u00fcrworter des Rechts auf Sterben argumentieren, dass der Einzelne die Autonomie haben sollte, selbst zu entscheiden, wann und wie er sterben m\u00f6chte, insbesondere bei unheilbaren Krankheiten, bei denen Leiden unvermeidlich ist. Nembutal wird oft als humaner Weg zu einem friedlichen Tod angesehen. <span class=\"___SText_lyret-kmt_\" data-ui-name=\"Link.Text\">Nembutal kaufen<\/span><\/p>\n<h3>Medizinische Ethik<\/h3>\n<p>Medizinische Fachkr\u00e4fte stehen oft im Mittelpunkt der Debatte \u00fcber Sterbehilfe. W\u00e4hrend einige argumentieren, dass \u00c4rzte durch Euthanasie Leiden lindern sollten, sind andere der Meinung, dass ihre Aufgabe darin besteht, Leben zu erhalten, was die Verwendung von Nembutal ethisch problematisch machen kann. <span class=\"___SText_lyret-kmt_\" data-ui-name=\"Link.Text\">Nembutal kaufen<\/span><\/p>\n<h3>Potenzial f\u00fcr Missbrauch<\/h3>\n<p>Eine der gr\u00f6\u00dften Sorgen im Zusammenhang mit Nembutal ist sein Missbrauchspotenzial. Das Medikament kann in nicht-terminalen F\u00e4llen zum Selbstmord oder sogar als T\u00f6tungsmittel missbraucht werden. Dieses Missbrauchspotenzial ist einer der Hauptgr\u00fcnde, warum das Medikament in vielen L\u00e4ndern so streng geregelt ist. <span class=\"___SText_lyret-kmt_\" data-ui-name=\"Link.Text\">Nembutal kaufen<\/span><\/p>\n<h2>Schlussfolgerung<\/h2>\n<p>Nembutal-Injektionen sind ein wirksames und umstrittenes Mittel der Sterbebegleitung. Das Medikament bietet zwar eine M\u00f6glichkeit, einen friedlichen und schmerzlosen Tod zu erreichen, doch seine Verwendung ist mit rechtlichen, ethischen und regulatorischen Herausforderungen verbunden. Da sich die Debatte \u00fcber Euthanasie und Sterbehilfe weiter entwickelt, wird Nembutal ein zentrales Thema in den Diskussionen \u00fcber das Recht auf Sterben und die Rolle der Medizin bei der Sterbebegleitung bleiben.<\/p>\n<p>Personen, die den Kauf von Nembutal zum Zweck der Sterbehilfe oder des assistierten Suizids in Erw\u00e4gung ziehen, sollten sich unbedingt mit Juristen und Medizinern beraten, um die Auswirkungen zu verstehen und die Einhaltung der \u00f6rtlichen Gesetze sicherzustellen. <span class=\"___SText_lyret-kmt_\" data-ui-name=\"Link.Text\">Nembutal kaufen<\/span><\/p>\n<h2>FAQs<\/h2>\n<h3>1. Was ist Nembutal?<\/h3>\n<h3>2. Wie wirkt Nembutal?<\/h3>\n<p>Nembutal wirkt, indem es die Aktivit\u00e4t von Gamma-Aminobutters\u00e4ure (GABA), einem Neurotransmitter, der die Gehirnaktivit\u00e4t hemmt, verst\u00e4rkt. Dies f\u00fchrt zu Sedierung, Bewusstlosigkeit und bei hohen Dosen zu Atemstillstand und Tod.<\/p>\n<h3>3. Wof\u00fcr wird Nembutal medizinisch verwendet?<\/h3>\n<p>Historisch gesehen wurde Nembutal verwendet f\u00fcr:<\/p>\n<ul>\n<li><strong>Sedierung<\/strong>Beruhigung der Patienten vor Operationen.<\/li>\n<li><strong>An\u00e4sthesie<\/strong>: Verwendung als Narkosemittel bei Operationen.<\/li>\n<li><strong>Epilepsie<\/strong>: Notfallbehandlung von bestimmten epileptischen Anf\u00e4llen.<\/li>\n<li><strong>Euthanasie und Sterbehilfe<\/strong>: Einen kontrollierten und schmerzlosen Tod herbeif\u00fchren.<\/li>\n<\/ul>\n<h3>4. Wie wird Nembutal bei der Euthanasie verabreicht?<\/h3>\n<p>Nembutal kann entweder intraven\u00f6s oder oral verabreicht werden. Die t\u00f6dliche Dosis liegt in der Regel zwischen 2-10 Gramm, je nach K\u00f6rpergewicht und Vertr\u00e4glichkeit der Person. Die Verabreichung f\u00fchrt innerhalb von Minuten zum Bewusstseinsverlust und innerhalb von 15-30 Minuten zum Tod.<\/p>\n<h3>5. Wie ist der rechtliche Status von Nembutal in den Niederlanden?<\/h3>\n<p>In den Niederlanden ist die Verwendung von Nembutal zur Sterbehilfe unter strengen medizinischen Bedingungen legal. Es wird gem\u00e4\u00df den Leitlinien eingesetzt, um unheilbar kranken Patienten einen humanen Tod zu erm\u00f6glichen. <span class=\"___SText_lyret-kmt_\" data-ui-name=\"Link.Text\">Nembutal kaufen<\/span><\/p>\n<h3>6. Ist Nembutal in anderen L\u00e4ndern legal erh\u00e4ltlich?<\/h3>\n<p>Der rechtliche Status von Nembutal variiert von Land zu Land. In Belgien und der Schweiz ist es f\u00fcr Sterbehilfe und assistierten Suizid legal, w\u00e4hrend es in L\u00e4ndern wie den Vereinigten Staaten und Australien verboten ist.<\/p>\n<h3>7. Welche ethischen Erw\u00e4gungen gibt es im Zusammenhang mit der Verwendung von Nembutal?<\/h3>\n<p>Die Verwendung von Nembutal zur Sterbehilfe wirft ethische Fragen \u00fcber das Recht auf Sterben, die Rolle der Mediziner bei der Beendigung von Leben und die potenziellen Risiken des Missbrauchs auf.<\/p>\n<h3>8. Kann ich Nembutal online kaufen?<\/h3>\n<p>Der Online-Kauf von Nembutal ist in den meisten L\u00e4ndern illegal und kann schwerwiegende rechtliche Folgen haben. Bevor Sie solche Schritte in Erw\u00e4gung ziehen, sollten Sie unbedingt die \u00f6rtlichen Gesetze konsultieren und medizinischen Rat einholen. <span class=\"___SText_lyret-kmt_\" data-ui-name=\"Link.Text\">Nembutal kaufen<\/span><\/p>\n<h3>9. Ist die Anwendung von Nembutal sicher?<\/h3>\n<p>Bei medizinischer Anwendung und unter Aufsicht kann Nembutal wirksam sein. Aufgrund seiner Risiken und seines Missbrauchspotenzials ist es jedoch streng geregelt. Ein unkontrollierter Gebrauch kann zu schweren Gesundheitsrisiken bis hin zum Tod f\u00fchren.<\/p>\n<h3>10. Wie kann ich Nembutal legal erwerben?<\/h3>\n<p>Die legale Beschaffung von Nembutal ist nur in L\u00e4ndern m\u00f6glich, in denen die Verwendung von Nembutal zur Euthanasie erlaubt ist, und sie muss durch einen Arzt erfolgen, der die \u00f6rtlichen Vorschriften einh\u00e4lt.<\/p>","protected":false},"excerpt":{"rendered":"<p>Kaufen Sie Nembutal Injektionsl\u00f6sung online vom Lieferanten Ihrer Wahl, mit garantiert diskretem weltweitem Lieferservice. Euthanasie Gruppe ist \u00fcberpr\u00fcft und genehmigt. erreichen und erhalten die besten.<\/p>\n<p>Barbiturat-Injektion, Nembutal-Injektion, Pentobarbital-Injektion, Natrium-Pentobarbital-Injektion<\/p>","protected":false},"featured_media":832,"comment_status":"open","ping_status":"closed","template":"","meta":{"ocean_post_layout":"","ocean_both_sidebars_style":"","ocean_both_sidebars_content_width":0,"ocean_both_sidebars_sidebars_width":0,"ocean_sidebar":"0","ocean_second_sidebar":"0","ocean_disable_margins":"enable","ocean_add_body_class":"","ocean_shortcode_before_top_bar":"","ocean_shortcode_after_top_bar":"","ocean_shortcode_before_header":"","ocean_shortcode_after_header":"","ocean_has_shortcode":"","ocean_shortcode_after_title":"","ocean_shortcode_before_footer_widgets":"","ocean_shortcode_after_footer_widgets":"","ocean_shortcode_before_footer_bottom":"","ocean_shortcode_after_footer_bottom":"","ocean_display_top_bar":"default","ocean_display_header":"default","ocean_header_style":"","ocean_center_header_left_menu":"0","ocean_custom_header_template":"0","ocean_custom_logo":0,"ocean_custom_retina_logo":0,"ocean_custom_logo_max_width":0,"ocean_custom_logo_tablet_max_width":0,"ocean_custom_logo_mobile_max_width":0,"ocean_custom_logo_max_height":0,"ocean_custom_logo_tablet_max_height":0,"ocean_custom_logo_mobile_max_height":0,"ocean_header_custom_menu":"0","ocean_menu_typo_font_family":"0","ocean_menu_typo_font_subset":"","ocean_menu_typo_font_size":0,"ocean_menu_typo_font_size_tablet":0,"ocean_menu_typo_font_size_mobile":0,"ocean_menu_typo_font_size_unit":"px","ocean_menu_typo_font_weight":"","ocean_menu_typo_font_weight_tablet":"","ocean_menu_typo_font_weight_mobile":"","ocean_menu_typo_transform":"","ocean_menu_typo_transform_tablet":"","ocean_menu_typo_transform_mobile":"","ocean_menu_typo_line_height":0,"ocean_menu_typo_line_height_tablet":0,"ocean_menu_typo_line_height_mobile":0,"ocean_menu_typo_line_height_unit":"","ocean_menu_typo_spacing":0,"ocean_menu_typo_spacing_tablet":0,"ocean_menu_typo_spacing_mobile":0,"ocean_menu_typo_spacing_unit":"","ocean_menu_link_color":"","ocean_menu_link_color_hover":"","ocean_menu_link_color_active":"","ocean_menu_link_background":"","ocean_menu_link_hover_background":"","ocean_menu_link_active_background":"","ocean_menu_social_links_bg":"","ocean_menu_social_hover_links_bg":"","ocean_menu_social_links_color":"","ocean_menu_social_hover_links_color":"","ocean_disable_title":"default","ocean_disable_heading":"default","ocean_post_title":"","ocean_post_subheading":"","ocean_post_title_style":"","ocean_post_title_background_color":"","ocean_post_title_background":0,"ocean_post_title_bg_image_position":"","ocean_post_title_bg_image_attachment":"","ocean_post_title_bg_image_repeat":"","ocean_post_title_bg_image_size":"","ocean_post_title_height":0,"ocean_post_title_bg_overlay":0.5,"ocean_post_title_bg_overlay_color":"","ocean_disable_breadcrumbs":"default","ocean_breadcrumbs_color":"","ocean_breadcrumbs_separator_color":"","ocean_breadcrumbs_links_color":"","ocean_breadcrumbs_links_hover_color":"","ocean_display_footer_widgets":"default","ocean_display_footer_bottom":"default","ocean_custom_footer_template":"0"},"product_brand":[],"product_cat":[26],"product_tag":[],"class_list":{"0":"post-589","1":"product","2":"type-product","3":"status-publish","4":"has-post-thumbnail","6":"product_cat-nembutal","8":"entry","9":"has-media","11":"first","12":"instock","13":"sale","14":"featured","15":"shipping-taxable","16":"purchasable","17":"product-type-variable","18":"has-rating","19":"has-product-nav","20":"col","21":"span_1_of_3","22":"owp-content-center","23":"owp-thumbs-layout-horizontal","24":"owp-btn-normal","25":"owp-tabs-layout-horizontal","26":"has-no-thumbnails"},"jetpack_sharing_enabled":true,"_links":{"self":[{"href":"https:\/\/euthanasia.store\/de\/wp-json\/wp\/v2\/product\/589","targetHints":{"allow":["GET"]}}],"collection":[{"href":"https:\/\/euthanasia.store\/de\/wp-json\/wp\/v2\/product"}],"about":[{"href":"https:\/\/euthanasia.store\/de\/wp-json\/wp\/v2\/types\/product"}],"replies":[{"embeddable":true,"href":"https:\/\/euthanasia.store\/de\/wp-json\/wp\/v2\/comments?post=589"}],"wp:featuredmedia":[{"embeddable":true,"href":"https:\/\/euthanasia.store\/de\/wp-json\/wp\/v2\/media\/832"}],"wp:attachment":[{"href":"https:\/\/euthanasia.store\/de\/wp-json\/wp\/v2\/media?parent=589"}],"wp:term":[{"taxonomy":"product_brand","embeddable":true,"href":"https:\/\/euthanasia.store\/de\/wp-json\/wp\/v2\/product_brand?post=589"},{"taxonomy":"product_cat","embeddable":true,"href":"https:\/\/euthanasia.store\/de\/wp-json\/wp\/v2\/product_cat?post=589"},{"taxonomy":"product_tag","embeddable":true,"href":"https:\/\/euthanasia.store\/de\/wp-json\/wp\/v2\/product_tag?post=589"}],"curies":[{"name":"wp","href":"https:\/\/api.w.org\/{rel}","templated":true}]}}