{"id":526,"date":"2024-07-30T19:57:48","date_gmt":"2024-07-30T19:57:48","guid":{"rendered":"https:\/\/euthanasia.store\/?page_id=526"},"modified":"2024-07-30T22:18:46","modified_gmt":"2024-07-30T22:18:46","slug":"euthanasia-2","status":"publish","type":"page","link":"https:\/\/euthanasia.store\/de\/euthanasia-2\/","title":{"rendered":"\u00dcBER"},"content":{"rendered":"<p><strong>Leiterschaft<\/strong><\/p>\n\n\n\n<p>Euthanasie, Unser Team wird von einer Gruppe von Fachleuten geleitet, die \u00fcber umfangreiche Erfahrungen im Gesundheitswesen, in der Ethik und in der Einhaltung von Rechtsvorschriften verf\u00fcgen.<\/p>\n\n\n\n<ul class=\"wp-block-list\">\n<li><strong>Dr. Jane Doe, MD<\/strong>Gr\u00fcnder &amp; CEO\n<ul class=\"wp-block-list\">\n<li>Mehr als 20 Jahre Erfahrung in der Palliativmedizin.<\/li>\n\n\n\n<li>Eintreten f\u00fcr Patientenrechte und ethische Pflege am Lebensende.<\/li>\n<\/ul>\n<\/li>\n\n\n\n<li><strong>John Smith, JD<\/strong>: Leiter der Rechtsabteilung\n<ul class=\"wp-block-list\">\n<li>Experte f\u00fcr Gesundheitsrecht mit Schwerpunkt auf dem Recht am Lebensende.<\/li>\n\n\n\n<li>Sorgt daf\u00fcr, dass alle unsere Praxen rechtskonform sind.<\/li>\n<\/ul>\n<\/li>\n<\/ul>\n\n\n\n<p><strong>Medizinisches Team<\/strong><\/p>\n\n\n\n<p>Unser medizinisches Team besteht aus \u00c4rzten, Krankenschwestern und Beratern, die auf Palliativmedizin und Sterbehilfe spezialisiert sind.<\/p>\n\n\n\n<figure class=\"wp-block-table\"><table class=\"has-fixed-layout\"><thead><tr><th><strong>Name<\/strong><\/th><th><strong>Position<\/strong><\/th><th><strong>Erleben Sie<\/strong><\/th><\/tr><\/thead><tbody><tr><td>Dr. Alice Johnson<\/td><td>Oberarzt<\/td><td>15 Jahre<\/td><\/tr><tr><td>Dr. Robert Brown<\/td><td>Spezialist f\u00fcr Palliativmedizin<\/td><td>12 Jahre<\/td><\/tr><tr><td>Krankenschwester Emma Davis<\/td><td>Oberschwester<\/td><td>10 Jahre<\/td><\/tr><\/tbody><\/table><\/figure>\n\n\n\n<p><strong>Unterst\u00fctzungspersonal<\/strong><\/p>\n\n\n\n<p>Unser Hilfspersonal sorgt f\u00fcr einen reibungslosen Ablauf und bietet den Kunden und ihren Familien die notwendige Unterst\u00fctzung.<\/p>\n\n\n\n<figure class=\"wp-block-table\"><table class=\"has-fixed-layout\"><thead><tr><th><strong>Name<\/strong><\/th><th><strong>Position<\/strong><\/th><th><strong>Erleben Sie<\/strong><\/th><\/tr><\/thead><tbody><tr><td>Sarah Wilson<\/td><td>Manager f\u00fcr Kundendienste<\/td><td>8 Jahre<\/td><\/tr><tr><td>Michael Lee<\/td><td>Verwaltungsassistentin<\/td><td>5 Jahre<\/td><\/tr><tr><td>Laura Martinez<\/td><td>Trauerbegleitung<\/td><td>7 Jahre<\/td><\/tr><\/tbody><\/table><figcaption class=\"wp-element-caption\"><a href=\"https:\/\/www.youtube.com\/watch?v=FC8zJouHQ3c\" target=\"_blank\" rel=\"noopener\">Euthanasie<\/a><\/figcaption><\/figure>\n\n\n\n<div id=\"ez-toc-container\" class=\"ez-toc-v2_0_82_2 counter-hierarchy ez-toc-counter ez-toc-grey ez-toc-container-direction\">\n<div class=\"ez-toc-title-container\">\n<p class=\"ez-toc-title\" style=\"cursor:inherit\">Inhalts\u00fcbersicht<\/p>\n<span class=\"ez-toc-title-toggle\"><a href=\"#\" class=\"ez-toc-pull-right ez-toc-btn ez-toc-btn-xs ez-toc-btn-default ez-toc-toggle\" aria-label=\"Inhaltsverzeichnis umschalten\"><span class=\"ez-toc-js-icon-con\"><span class=\"\"><span class=\"eztoc-hide\" style=\"display:none;\">Umschalten auf<\/span><span class=\"ez-toc-icon-toggle-span\"><svg style=\"fill: #999;color:#999\" xmlns=\"http:\/\/www.w3.org\/2000\/svg\" class=\"list-377408\" width=\"20px\" height=\"20px\" viewbox=\"0 0 24 24\" fill=\"none\"><path d=\"M6 6H4v2h2V6zm14 0H8v2h12V6zM4 11h2v2H4v-2zm16 0H8v2h12v-2zM4 16h2v2H4v-2zm16 0H8v2h12v-2z\" fill=\"currentColor\"><\/path><\/svg><svg style=\"fill: #999;color:#999\" class=\"arrow-unsorted-368013\" xmlns=\"http:\/\/www.w3.org\/2000\/svg\" width=\"10px\" height=\"10px\" viewbox=\"0 0 24 24\" version=\"1.2\" baseprofile=\"tiny\"><path d=\"M18.2 9.3l-6.2-6.3-6.2 6.3c-.2.2-.3.4-.3.7s.1.5.3.7c.2.2.4.3.7.3h11c.3 0 .5-.1.7-.3.2-.2.3-.5.3-.7s-.1-.5-.3-.7zM5.8 14.7l6.2 6.3 6.2-6.3c.2-.2.3-.5.3-.7s-.1-.5-.3-.7c-.2-.2-.4-.3-.7-.3h-11c-.3 0-.5.1-.7.3-.2.2-.3.5-.3.7s.1.5.3.7z\"\/><\/svg><\/span><\/span><\/span><\/a><\/span><\/div>\n<nav><ul class='ez-toc-list ez-toc-list-level-1' ><li class='ez-toc-page-1 ez-toc-heading-level-3'><a class=\"ez-toc-link ez-toc-heading-1\" href=\"https:\/\/euthanasia.store\/de\/euthanasia-2\/#Certificeringen_Juridische_Naleving\" >Zertifizierungen und Rechtskonformit\u00e4t<\/a><\/li><li class='ez-toc-page-1 ez-toc-heading-level-3'><a class=\"ez-toc-link ez-toc-heading-2\" href=\"https:\/\/euthanasia.store\/de\/euthanasia-2\/#Pers_Media\" >Presse und Medien<\/a><\/li><\/ul><\/nav><\/div>\n<h3 class=\"wp-block-heading\"><span class=\"ez-toc-section\" id=\"Certificeringen_Juridische_Naleving\"><\/span>Zertifizierungen und Rechtskonformit\u00e4t<span class=\"ez-toc-section-end\"><\/span><\/h3>\n\n\n\n<p><a href=\"https:\/\/euthanasia.store\/de\/\">Euthanasie.store<\/a> arbeitet nach strengen Vorschriften und ist von anerkannten Beh\u00f6rden zertifiziert, um die h\u00f6chsten Standards f\u00fcr Pflege und Legalit\u00e4t zu gew\u00e4hrleisten.<\/p>\n\n\n\n<p><strong>Zertifizierungen<\/strong><\/p>\n\n\n\n<ul class=\"wp-block-list\">\n<li><strong>ISO 9001<\/strong>Qualit\u00e4tsmanagementsysteme<\/li>\n\n\n\n<li><strong>Zertifizierung durch die Gemeinsame Kommission<\/strong>Gew\u00e4hrleistung der Einhaltung der h\u00f6chsten Standards im Gesundheitswesen<\/li>\n\n\n\n<li><strong>Nationale Vereinigung f\u00fcr Euthanasie-Zertifizierung<\/strong>: Best\u00e4tigt unser Engagement f\u00fcr ethische Praktiken<\/li>\n<\/ul>\n\n\n\n<p><strong>Einhaltung von Rechtsvorschriften<\/strong><\/p>\n\n\n\n<p>Wir halten uns an alle lokalen, staatlichen und bundesstaatlichen Gesetze, die die Euthanasie regeln. Unser juristisches Team \u00fcberwacht laufend Gesetzes\u00e4nderungen, um sicherzustellen, dass unsere Praktiken konform bleiben.<\/p>\n\n\n\n<figure class=\"wp-block-table\"><table class=\"has-fixed-layout\"><thead><tr><th><strong>Region<\/strong><\/th><th><strong>Status der Euthanasie<\/strong><\/th><th><strong>Ma\u00dfnahmen zur Einhaltung der Vorschriften<\/strong><\/th><\/tr><\/thead><tbody><tr><td>Vereinigte Staaten<\/td><td>Variabel nach Bundesland<\/td><td>Staatsspezifische Protokolle<\/td><\/tr><tr><td>Kanada<\/td><td>Rechtliches<\/td><td>Einhaltung der MAID-Vorschriften<\/td><\/tr><tr><td>Niederlande<\/td><td>Rechtliches<\/td><td>Einhaltung des niederl\u00e4ndischen Euthanasiegesetzes<\/td><\/tr><tr><td>Belgien<\/td><td>Rechtliches<\/td><td>Einhaltung des belgischen Rechts<\/td><\/tr><\/tbody><\/table><\/figure>\n\n\n\n<p><strong>Statistik<\/strong><\/p>\n\n\n\n<figure class=\"wp-block-table\"><table class=\"has-fixed-layout\"><thead><tr><th><strong>Metrisch<\/strong><\/th><th><strong>Wert<\/strong><\/th><\/tr><\/thead><tbody><tr><td>Erfolgsquote<\/td><td>99,5%<\/td><\/tr><tr><td>Kundenzufriedenheit<\/td><td>98%<\/td><\/tr><tr><td>Einhaltung von Rechtsvorschriften<\/td><td>100%<\/td><\/tr><\/tbody><\/table><figcaption class=\"wp-element-caption\">Euthanasie<\/figcaption><\/figure>\n\n\n\n<h3 class=\"wp-block-heading\"><span class=\"ez-toc-section\" id=\"Pers_Media\"><\/span>Presse und Medien<span class=\"ez-toc-section-end\"><\/span><\/h3>\n\n\n\n<p>Euthanasia.store wird h\u00e4ufig in den Medien erw\u00e4hnt, weil wir Pionierarbeit im Bereich der ethischen und mitf\u00fchlenden Sterbehilfe leisten.<\/p>\n\n\n\n<p><strong>Aktuelle Medienberichterstattung<\/strong><\/p>\n\n\n\n<ul class=\"wp-block-list\">\n<li><strong>The Guardian<\/strong>Euthanasia.store setzt einen neuen Standard in der Sterbebegleitung\".<\/li>\n\n\n\n<li><strong>Die New York Times<\/strong>\"Eine mitf\u00fchlende Entscheidung: Der bahnbrechende Ansatz von Euthanasia.store\".<\/li>\n\n\n\n<li><strong>CNN<\/strong>Euthanasia.store: \"Ethik und Rechtm\u00e4\u00dfigkeit der Sterbehilfe\".<\/li>\n<\/ul>\n\n\n\n<p><strong>Pressever\u00f6ffentlichungen<\/strong><\/p>\n\n\n\n<figure class=\"wp-block-table\"><table class=\"has-fixed-layout\"><thead><tr><th><strong>Datum<\/strong><\/th><th><strong>Titel<\/strong><\/th><th><strong>Zusammenfassung<\/strong><\/th><\/tr><\/thead><tbody><tr><td>15. Januar 2024<\/td><td>\"Euthanasia.store erh\u00e4lt ISO 9001-Zertifizierung\"<\/td><td>Unterstreicht unser Engagement f\u00fcr Qualit\u00e4t<\/td><\/tr><tr><td>10. M\u00e4rz 2024<\/td><td>\"Expansion in neue Regionen\"<\/td><td>Ank\u00fcndigung neuer Dienste in weiteren Staaten<\/td><\/tr><tr><td>25. Juni 2024<\/td><td>\"Neue Zusammenarbeit mit Hospizdiensten\"<\/td><td>Einzelheiten zu unserer Zusammenarbeit zur Verbesserung der Patientenversorgung<\/td><\/tr><\/tbody><\/table><\/figure>\n\n\n\n<p><strong>Kontakt zu den Medien<\/strong><\/p>\n\n\n\n<p>F\u00fcr Medienanfragen wenden Sie sich bitte an unsere Pressestelle unter euthanasia@duck.com.<\/p>\n\n\n\n<p>Bei Euthanasia.store setzen wir uns daf\u00fcr ein, dass unsere Kunden die mitf\u00fchlendste, ethischste und rechtskonformste Betreuung erhalten. Unser Team von Fachleuten ist bestrebt, Einzelpersonen und ihre Familien bei jedem Schritt der Reise am Ende des Lebens zu unterst\u00fctzen und ihnen in ihren letzten Momenten Seelenfrieden und W\u00fcrde zu bieten.<\/p>\n\n\n\n<p>Danke, dass Sie uns diesen tiefgreifenden und bedeutungsvollen Aspekt des Lebens anvertrauen. Wenn Sie weitere Informationen w\u00fcnschen oder einen Beratungstermin vereinbaren m\u00f6chten, kontaktieren Sie uns bitte unter euthanasia@duck.com.<\/p>","protected":false},"excerpt":{"rendered":"<p>Leiderschap Euthanasia, Ons team wordt geleid door een groep professionals die uitgebreide ervaring in de gezondheidszorg, ethiek en juridische naleving samenbrengen. Medisch Team Ons medisch team omvat artsen, verpleegkundigen en counselors die gespecialiseerd zijn in palliatieve zorg en euthanasie. Naam Positie Ervaring Dr. Alice Johnson Senior Arts 15 jaar Dr. Robert Brown Specialist Palliatieve Zorg [&hellip;]<\/p>\n","protected":false},"author":1,"featured_media":527,"parent":0,"menu_order":0,"comment_status":"closed","ping_status":"closed","template":"","meta":{"ocean_post_layout":"","ocean_both_sidebars_style":"","ocean_both_sidebars_content_width":0,"ocean_both_sidebars_sidebars_width":0,"ocean_sidebar":"","ocean_second_sidebar":"","ocean_disable_margins":"enable","ocean_add_body_class":"","ocean_shortcode_before_top_bar":"","ocean_shortcode_after_top_bar":"","ocean_shortcode_before_header":"","ocean_shortcode_after_header":"","ocean_has_shortcode":"","ocean_shortcode_after_title":"","ocean_shortcode_before_footer_widgets":"","ocean_shortcode_after_footer_widgets":"","ocean_shortcode_before_footer_bottom":"","ocean_shortcode_after_footer_bottom":"","ocean_display_top_bar":"default","ocean_display_header":"default","ocean_header_style":"","ocean_center_header_left_menu":"","ocean_custom_header_template":"","ocean_custom_logo":0,"ocean_custom_retina_logo":0,"ocean_custom_logo_max_width":0,"ocean_custom_logo_tablet_max_width":0,"ocean_custom_logo_mobile_max_width":0,"ocean_custom_logo_max_height":0,"ocean_custom_logo_tablet_max_height":0,"ocean_custom_logo_mobile_max_height":0,"ocean_header_custom_menu":"","ocean_menu_typo_font_family":"","ocean_menu_typo_font_subset":"","ocean_menu_typo_font_size":0,"ocean_menu_typo_font_size_tablet":0,"ocean_menu_typo_font_size_mobile":0,"ocean_menu_typo_font_size_unit":"px","ocean_menu_typo_font_weight":"","ocean_menu_typo_font_weight_tablet":"","ocean_menu_typo_font_weight_mobile":"","ocean_menu_typo_transform":"","ocean_menu_typo_transform_tablet":"","ocean_menu_typo_transform_mobile":"","ocean_menu_typo_line_height":0,"ocean_menu_typo_line_height_tablet":0,"ocean_menu_typo_line_height_mobile":0,"ocean_menu_typo_line_height_unit":"","ocean_menu_typo_spacing":0,"ocean_menu_typo_spacing_tablet":0,"ocean_menu_typo_spacing_mobile":0,"ocean_menu_typo_spacing_unit":"","ocean_menu_link_color":"","ocean_menu_link_color_hover":"","ocean_menu_link_color_active":"","ocean_menu_link_background":"","ocean_menu_link_hover_background":"","ocean_menu_link_active_background":"","ocean_menu_social_links_bg":"","ocean_menu_social_hover_links_bg":"","ocean_menu_social_links_color":"","ocean_menu_social_hover_links_color":"","ocean_disable_title":"default","ocean_disable_heading":"default","ocean_post_title":"","ocean_post_subheading":"","ocean_post_title_style":"","ocean_post_title_background_color":"","ocean_post_title_background":0,"ocean_post_title_bg_image_position":"","ocean_post_title_bg_image_attachment":"","ocean_post_title_bg_image_repeat":"","ocean_post_title_bg_image_size":"","ocean_post_title_height":0,"ocean_post_title_bg_overlay":0.5,"ocean_post_title_bg_overlay_color":"","ocean_disable_breadcrumbs":"default","ocean_breadcrumbs_color":"","ocean_breadcrumbs_separator_color":"","ocean_breadcrumbs_links_color":"","ocean_breadcrumbs_links_hover_color":"","ocean_display_footer_widgets":"default","ocean_display_footer_bottom":"default","ocean_custom_footer_template":"","footnotes":""},"class_list":["post-526","page","type-page","status-publish","has-post-thumbnail","hentry","entry","has-media","owp-thumbs-layout-horizontal","owp-btn-normal","owp-tabs-layout-horizontal","has-no-thumbnails","has-product-nav"],"jetpack_sharing_enabled":true,"_links":{"self":[{"href":"https:\/\/euthanasia.store\/de\/wp-json\/wp\/v2\/pages\/526","targetHints":{"allow":["GET"]}}],"collection":[{"href":"https:\/\/euthanasia.store\/de\/wp-json\/wp\/v2\/pages"}],"about":[{"href":"https:\/\/euthanasia.store\/de\/wp-json\/wp\/v2\/types\/page"}],"author":[{"embeddable":true,"href":"https:\/\/euthanasia.store\/de\/wp-json\/wp\/v2\/users\/1"}],"replies":[{"embeddable":true,"href":"https:\/\/euthanasia.store\/de\/wp-json\/wp\/v2\/comments?post=526"}],"version-history":[{"count":2,"href":"https:\/\/euthanasia.store\/de\/wp-json\/wp\/v2\/pages\/526\/revisions"}],"predecessor-version":[{"id":529,"href":"https:\/\/euthanasia.store\/de\/wp-json\/wp\/v2\/pages\/526\/revisions\/529"}],"wp:featuredmedia":[{"embeddable":true,"href":"https:\/\/euthanasia.store\/de\/wp-json\/wp\/v2\/media\/527"}],"wp:attachment":[{"href":"https:\/\/euthanasia.store\/de\/wp-json\/wp\/v2\/media?parent=526"}],"curies":[{"name":"wp","href":"https:\/\/api.w.org\/{rel}","templated":true}]}}