{"id":403,"date":"2024-07-30T22:12:20","date_gmt":"2024-07-30T22:12:20","guid":{"rendered":"https:\/\/euthanasia.store\/?page_id=403"},"modified":"2024-07-30T22:19:20","modified_gmt":"2024-07-30T22:19:20","slug":"euthanasies","status":"publish","type":"page","link":"https:\/\/euthanasia.store\/de\/euthanasies\/","title":{"rendered":"R\u00fcckerstattung und R\u00fcckgabepolitik"},"content":{"rendered":"<div id=\"ez-toc-container\" class=\"ez-toc-v2_0_82_2 counter-hierarchy ez-toc-counter ez-toc-grey ez-toc-container-direction\">\n<div class=\"ez-toc-title-container\">\n<p class=\"ez-toc-title\" style=\"cursor:inherit\">Inhalts\u00fcbersicht<\/p>\n<span class=\"ez-toc-title-toggle\"><a href=\"#\" class=\"ez-toc-pull-right ez-toc-btn ez-toc-btn-xs ez-toc-btn-default ez-toc-toggle\" aria-label=\"Inhaltsverzeichnis umschalten\"><span class=\"ez-toc-js-icon-con\"><span class=\"\"><span class=\"eztoc-hide\" style=\"display:none;\">Umschalten auf<\/span><span class=\"ez-toc-icon-toggle-span\"><svg style=\"fill: #999;color:#999\" xmlns=\"http:\/\/www.w3.org\/2000\/svg\" class=\"list-377408\" width=\"20px\" height=\"20px\" viewbox=\"0 0 24 24\" fill=\"none\"><path d=\"M6 6H4v2h2V6zm14 0H8v2h12V6zM4 11h2v2H4v-2zm16 0H8v2h12v-2zM4 16h2v2H4v-2zm16 0H8v2h12v-2z\" fill=\"currentColor\"><\/path><\/svg><svg style=\"fill: #999;color:#999\" class=\"arrow-unsorted-368013\" xmlns=\"http:\/\/www.w3.org\/2000\/svg\" width=\"10px\" height=\"10px\" viewbox=\"0 0 24 24\" version=\"1.2\" baseprofile=\"tiny\"><path d=\"M18.2 9.3l-6.2-6.3-6.2 6.3c-.2.2-.3.4-.3.7s.1.5.3.7c.2.2.4.3.7.3h11c.3 0 .5-.1.7-.3.2-.2.3-.5.3-.7s-.1-.5-.3-.7zM5.8 14.7l6.2 6.3 6.2-6.3c.2-.2.3-.5.3-.7s-.1-.5-.3-.7c-.2-.2-.4-.3-.7-.3h-11c-.3 0-.5.1-.7.3-.2.2-.3.5-.3.7s.1.5.3.7z\"\/><\/svg><\/span><\/span><\/span><\/a><\/span><\/div>\n<nav><ul class='ez-toc-list ez-toc-list-level-1' ><li class='ez-toc-page-1 ez-toc-heading-level-3'><a class=\"ez-toc-link ez-toc-heading-1\" href=\"https:\/\/euthanasia.store\/de\/euthanasies\/#Inleiding\" >Einf\u00fchrung<\/a><\/li><li class='ez-toc-page-1 ez-toc-heading-level-3'><a class=\"ez-toc-link ez-toc-heading-2\" href=\"https:\/\/euthanasia.store\/de\/euthanasies\/#Terugbetalingsbeleid\" >Erstattungspolitik<\/a><\/li><li class='ez-toc-page-1 ez-toc-heading-level-3'><a class=\"ez-toc-link ez-toc-heading-3\" href=\"https:\/\/euthanasia.store\/de\/euthanasies\/#Retourbeleid\" >R\u00fcckgabepolitik<\/a><\/li><li class='ez-toc-page-1 ez-toc-heading-level-3'><a class=\"ez-toc-link ez-toc-heading-4\" href=\"https:\/\/euthanasia.store\/de\/euthanasies\/#Discrete_Levering\" >Diskrete Lieferung<\/a><\/li><li class='ez-toc-page-1 ez-toc-heading-level-3'><a class=\"ez-toc-link ez-toc-heading-5\" href=\"https:\/\/euthanasia.store\/de\/euthanasies\/#Hoe_een_Terugbetaling_of_Retour_Aanvragen\" >Wie man eine R\u00fcckerstattung oder R\u00fcckgabe beantragt<\/a><\/li><li class='ez-toc-page-1 ez-toc-heading-level-3'><a class=\"ez-toc-link ez-toc-heading-6\" href=\"https:\/\/euthanasia.store\/de\/euthanasies\/#Contact_Ons\" >Kontakt<\/a><\/li><li class='ez-toc-page-1 ez-toc-heading-level-3'><a class=\"ez-toc-link ez-toc-heading-7\" href=\"https:\/\/euthanasia.store\/de\/euthanasies\/#Wijzigingen_in_Dit_Beleid\" >\u00c4nderungen an dieser Politik<\/a><\/li><\/ul><\/nav><\/div>\n<h3 class=\"wp-block-heading\"><span class=\"ez-toc-section\" id=\"Inleiding\"><\/span>Einf\u00fchrung<span class=\"ez-toc-section-end\"><\/span><\/h3>\n\n\n\n<p>Unter <a href=\"https:\/\/euthanasia.store\/de\/\">euthanasies.store <\/a>Ihre Privatsph\u00e4re und Ihre Zufriedenheit stehen an erster Stelle. Unsere R\u00fcckgabe- und Erstattungsrichtlinien sind darauf ausgerichtet, Probleme diskret und effektiv zu l\u00f6sen. In dieser Richtlinie wird beschrieben, wie wir R\u00fcckerstattungen und R\u00fccksendungen behandeln und sicherstellen, dass alle Lieferungen und R\u00fccksendungen mit \u00e4u\u00dferster Vertraulichkeit behandelt werden. Euthanasie<\/p>\n\n\n\n<h3 class=\"wp-block-heading\"><span class=\"ez-toc-section\" id=\"Terugbetalingsbeleid\"><\/span>Erstattungspolitik<span class=\"ez-toc-section-end\"><\/span><\/h3>\n\n\n\n<p>Wir bem\u00fchen uns sicherzustellen, dass unsere Produkte und Dienstleistungen Ihre Erwartungen erf\u00fcllen. Wenn Sie irgendwelche Probleme auftreten, ist unsere Erstattungspolitik gerne zu helfen: Euthanasias<\/p>\n\n\n\n<figure class=\"wp-block-table\"><table class=\"has-fixed-layout\"><thead><tr><th><strong>Zustand<\/strong><\/th><th><strong>Politik<\/strong><\/th><\/tr><\/thead><tbody><tr><td><strong>Besch\u00e4digte oder mangelhafte Produkte<\/strong><\/td><td>Wenn Sie ein besch\u00e4digtes oder defektes Produkt erhalten, kontaktieren Sie uns bitte innerhalb von 7 Tagen f\u00fcr einen Ersatz oder eine R\u00fcckerstattung.<\/td><\/tr><tr><td><strong>Falsche Artikel<\/strong><\/td><td>Wenn Sie einen falschen Artikel erhalten, teilen Sie uns dies bitte innerhalb von 7 Tagen mit, um einen Ersatz oder eine R\u00fcckerstattung zu erhalten.<\/td><\/tr><tr><td><strong>Sinneswandel<\/strong><\/td><td>Aufgrund der Beschaffenheit unserer Produkte bieten wir keine R\u00fcckerstattung an, wenn Sie Ihre Meinung \u00e4ndern.<\/td><\/tr><tr><td><strong>Nicht erhaltene Dienstleistung<\/strong><\/td><td>Wenn eine Dienstleistung nicht wie beschrieben geliefert wird, kontaktieren Sie uns bitte innerhalb von 7 Tagen f\u00fcr eine L\u00f6sung oder R\u00fcckerstattung.<\/td><\/tr><\/tbody><\/table><\/figure>\n\n\n\n<h3 class=\"wp-block-heading\"><span class=\"ez-toc-section\" id=\"Retourbeleid\"><\/span>R\u00fcckgabepolitik<span class=\"ez-toc-section-end\"><\/span><\/h3>\n\n\n\n<p>Wir haben Verst\u00e4ndnis daf\u00fcr, dass R\u00fccksendungen notwendig sein k\u00f6nnen und behandeln sie mit Diskretion:<\/p>\n\n\n\n<figure class=\"wp-block-table\"><table class=\"has-fixed-layout\"><thead><tr><th><strong>R\u00fcckgabebedingung<\/strong><\/th><th><strong>Politik<\/strong><\/th><\/tr><\/thead><tbody><tr><td><strong>Unge\u00f6ffnete Pakete<\/strong><\/td><td>Wenn Sie ein unge\u00f6ffnetes Paket zur\u00fccksenden m\u00f6chten, setzen Sie sich bitte innerhalb von 7 Tagen mit uns in Verbindung, um Anweisungen f\u00fcr die R\u00fccksendung zu erhalten.<\/td><\/tr><tr><td><strong>Ge\u00f6ffnete Pakete<\/strong><\/td><td>R\u00fccksendungen von ge\u00f6ffneten Paketen werden nur bei besch\u00e4digten oder falschen Artikeln angenommen.<\/td><\/tr><\/tbody><\/table><\/figure>\n\n\n\n<h3 class=\"wp-block-heading\"><span class=\"ez-toc-section\" id=\"Discrete_Levering\"><\/span>Diskrete Lieferung<span class=\"ez-toc-section-end\"><\/span><\/h3>\n\n\n\n<p>Wir verpflichten uns, alle Interaktionen mit uns mit einem H\u00f6chstma\u00df an Vertraulichkeit zu behandeln:<\/p>\n\n\n\n<figure class=\"wp-block-table\"><table class=\"has-fixed-layout\"><thead><tr><th><strong>Merkmal<\/strong><\/th><th><strong>Beschreibung<\/strong><\/th><\/tr><\/thead><tbody><tr><td><strong>Anonyme Etiketten<\/strong><\/td><td>Alle Pakete sind mit neutralen Beschreibungen versehen, um Ihre Privatsph\u00e4re zu sch\u00fctzen.<\/td><\/tr><tr><td><strong>Neutrale Verpackung<\/strong><\/td><td>Wir verwenden unauff\u00e4llige, unmarkierte Verpackungen, um Diskretion zu gew\u00e4hrleisten.<\/td><\/tr><tr><td><strong>Vertraulicher Versand<\/strong><\/td><td>Die Pakete werden auf diskrete Weise versandt, um die Vertraulichkeit der Lieferung zu gew\u00e4hrleisten.<\/td><\/tr><\/tbody><\/table><\/figure>\n\n\n\n<h3 class=\"wp-block-heading\"><span class=\"ez-toc-section\" id=\"Hoe_een_Terugbetaling_of_Retour_Aanvragen\"><\/span>Wie man eine R\u00fcckerstattung oder R\u00fcckgabe beantragt<span class=\"ez-toc-section-end\"><\/span><\/h3>\n\n\n\n<p>Befolgen Sie diese Schritte, um eine R\u00fcckerstattung zu beantragen oder eine R\u00fccksendung einzuleiten: <a href=\"https:\/\/www.youtube.com\/watch?v=-Mv-5B8goVk\" target=\"_blank\" rel=\"noopener\">Euthanasie<\/a><\/p>\n\n\n\n<figure class=\"wp-block-table\"><table class=\"has-fixed-layout\"><thead><tr><th><strong>Schritt<\/strong><\/th><th><strong>Beschreibung<\/strong><\/th><\/tr><\/thead><tbody><tr><td><strong>1. Kontakt<\/strong><\/td><td>Senden Sie eine E-Mail an euthanasia@duck.com oder rufen Sie innerhalb von 7 Tagen nach Erhalt Ihres Produkts oder Ihrer Dienstleistung an.<\/td><\/tr><tr><td><strong>2. Bereitstellung von Daten<\/strong><\/td><td>Bitte f\u00fcgen Sie Ihre Auftragsnummer, eine Beschreibung des Problems und die entsprechenden Unterlagen bei.<\/td><\/tr><tr><td><strong>3. R\u00fccksendegenehmigung<\/strong><\/td><td>Wenn eine R\u00fccksendung m\u00f6glich ist, erhalten Sie von uns Anweisungen f\u00fcr die R\u00fccksendung und eine Genehmigung.<\/td><\/tr><tr><td><strong>4. R\u00fccksendung<\/strong><\/td><td>Befolgen Sie die Anweisungen, um das Paket sicher und diskret zur\u00fcckzusenden.<\/td><\/tr><tr><td><strong>5. Verarbeitung<\/strong><\/td><td>Nach Erhalt des zur\u00fcckgesandten Pakets bearbeiten wir Ihre R\u00fcckerstattung oder Ihr Ersatzprodukt innerhalb von 7 Arbeitstagen.<\/td><\/tr><\/tbody><\/table><\/figure>\n\n\n\n<h3 class=\"wp-block-heading\"><span class=\"ez-toc-section\" id=\"Contact_Ons\"><\/span>Kontakt<span class=\"ez-toc-section-end\"><\/span><\/h3>\n\n\n\n<p>Wenn Sie Fragen haben oder eine R\u00fcckerstattung oder R\u00fcckgabe beantragen m\u00f6chten, kontaktieren Sie uns bitte:<\/p>\n\n\n\n<figure class=\"wp-block-table\"><table class=\"has-fixed-layout\"><thead><tr><th><strong>Methode<\/strong><\/th><th><strong>Daten<\/strong><\/th><\/tr><\/thead><tbody><tr><td><strong>E-Mail<\/strong><\/td><td>euthanasia@duck.com<\/td><\/tr><tr><td><strong>Telegramm<\/strong><\/td><td>@euthanasiastore<\/td><\/tr><tr><td><strong>Postanschrift<\/strong><\/td><td><\/td><\/tr><\/tbody><\/table><\/figure>\n\n\n\n<h3 class=\"wp-block-heading\"><span class=\"ez-toc-section\" id=\"Wijzigingen_in_Dit_Beleid\"><\/span>\u00c4nderungen an dieser Politik<span class=\"ez-toc-section-end\"><\/span><\/h3>\n\n\n\n<p>Wir k\u00f6nnen diese R\u00fcckgabe- und Erstattungsrichtlinie von Zeit zu Zeit aktualisieren, um \u00c4nderungen in unseren Praktiken oder anderen betrieblichen, rechtlichen oder regulatorischen Gr\u00fcnden Rechnung zu tragen. Aktualisierungen werden auf dieser Seite mit einem aktualisierten \"G\u00fcltigkeitsdatum\" ver\u00f6ffentlicht. Euthanasie<\/p>\n\n\n\n<p>Vielen Dank, dass Sie sich f\u00fcr Euthanasia.store entschieden haben. Wir werden daf\u00fcr sorgen, dass Ihre Erfahrung mit uns so diskret und zufriedenstellend wie m\u00f6glich ist.Euthanasias<\/p>","protected":false},"excerpt":{"rendered":"<p>Inleiding Bij euthanasies.store staat uw privacy en tevredenheid voorop. Ons Retour- en Terugbetalingsbeleid is ontworpen om problemen discreet en effectief op te lossen. Dit beleid beschrijft hoe wij omgaan met terugbetalingen en retouren, waarbij we ervoor zorgen dat alle leveringen en retouren met de grootste vertrouwelijkheid worden behandeld. Euthanasies Terugbetalingsbeleid Wij streven ernaar ervoor te [&hellip;]<\/p>\n","protected":false},"author":1,"featured_media":547,"parent":0,"menu_order":0,"comment_status":"closed","ping_status":"closed","template":"","meta":{"ocean_post_layout":"","ocean_both_sidebars_style":"","ocean_both_sidebars_content_width":0,"ocean_both_sidebars_sidebars_width":0,"ocean_sidebar":"","ocean_second_sidebar":"","ocean_disable_margins":"enable","ocean_add_body_class":"","ocean_shortcode_before_top_bar":"","ocean_shortcode_after_top_bar":"","ocean_shortcode_before_header":"","ocean_shortcode_after_header":"","ocean_has_shortcode":"","ocean_shortcode_after_title":"","ocean_shortcode_before_footer_widgets":"","ocean_shortcode_after_footer_widgets":"","ocean_shortcode_before_footer_bottom":"","ocean_shortcode_after_footer_bottom":"","ocean_display_top_bar":"default","ocean_display_header":"default","ocean_header_style":"","ocean_center_header_left_menu":"","ocean_custom_header_template":"","ocean_custom_logo":0,"ocean_custom_retina_logo":0,"ocean_custom_logo_max_width":0,"ocean_custom_logo_tablet_max_width":0,"ocean_custom_logo_mobile_max_width":0,"ocean_custom_logo_max_height":0,"ocean_custom_logo_tablet_max_height":0,"ocean_custom_logo_mobile_max_height":0,"ocean_header_custom_menu":"","ocean_menu_typo_font_family":"","ocean_menu_typo_font_subset":"","ocean_menu_typo_font_size":0,"ocean_menu_typo_font_size_tablet":0,"ocean_menu_typo_font_size_mobile":0,"ocean_menu_typo_font_size_unit":"px","ocean_menu_typo_font_weight":"","ocean_menu_typo_font_weight_tablet":"","ocean_menu_typo_font_weight_mobile":"","ocean_menu_typo_transform":"","ocean_menu_typo_transform_tablet":"","ocean_menu_typo_transform_mobile":"","ocean_menu_typo_line_height":0,"ocean_menu_typo_line_height_tablet":0,"ocean_menu_typo_line_height_mobile":0,"ocean_menu_typo_line_height_unit":"","ocean_menu_typo_spacing":0,"ocean_menu_typo_spacing_tablet":0,"ocean_menu_typo_spacing_mobile":0,"ocean_menu_typo_spacing_unit":"","ocean_menu_link_color":"","ocean_menu_link_color_hover":"","ocean_menu_link_color_active":"","ocean_menu_link_background":"","ocean_menu_link_hover_background":"","ocean_menu_link_active_background":"","ocean_menu_social_links_bg":"","ocean_menu_social_hover_links_bg":"","ocean_menu_social_links_color":"","ocean_menu_social_hover_links_color":"","ocean_disable_title":"default","ocean_disable_heading":"default","ocean_post_title":"","ocean_post_subheading":"","ocean_post_title_style":"","ocean_post_title_background_color":"","ocean_post_title_background":0,"ocean_post_title_bg_image_position":"","ocean_post_title_bg_image_attachment":"","ocean_post_title_bg_image_repeat":"","ocean_post_title_bg_image_size":"","ocean_post_title_height":0,"ocean_post_title_bg_overlay":0.5,"ocean_post_title_bg_overlay_color":"","ocean_disable_breadcrumbs":"default","ocean_breadcrumbs_color":"","ocean_breadcrumbs_separator_color":"","ocean_breadcrumbs_links_color":"","ocean_breadcrumbs_links_hover_color":"","ocean_display_footer_widgets":"default","ocean_display_footer_bottom":"default","ocean_custom_footer_template":"","footnotes":""},"class_list":["post-403","page","type-page","status-publish","has-post-thumbnail","hentry","entry","has-media","owp-thumbs-layout-horizontal","owp-btn-normal","owp-tabs-layout-horizontal","has-no-thumbnails","has-product-nav"],"jetpack_sharing_enabled":true,"_links":{"self":[{"href":"https:\/\/euthanasia.store\/de\/wp-json\/wp\/v2\/pages\/403","targetHints":{"allow":["GET"]}}],"collection":[{"href":"https:\/\/euthanasia.store\/de\/wp-json\/wp\/v2\/pages"}],"about":[{"href":"https:\/\/euthanasia.store\/de\/wp-json\/wp\/v2\/types\/page"}],"author":[{"embeddable":true,"href":"https:\/\/euthanasia.store\/de\/wp-json\/wp\/v2\/users\/1"}],"replies":[{"embeddable":true,"href":"https:\/\/euthanasia.store\/de\/wp-json\/wp\/v2\/comments?post=403"}],"version-history":[{"count":1,"href":"https:\/\/euthanasia.store\/de\/wp-json\/wp\/v2\/pages\/403\/revisions"}],"predecessor-version":[{"id":546,"href":"https:\/\/euthanasia.store\/de\/wp-json\/wp\/v2\/pages\/403\/revisions\/546"}],"wp:featuredmedia":[{"embeddable":true,"href":"https:\/\/euthanasia.store\/de\/wp-json\/wp\/v2\/media\/547"}],"wp:attachment":[{"href":"https:\/\/euthanasia.store\/de\/wp-json\/wp\/v2\/media?parent=403"}],"curies":[{"name":"wp","href":"https:\/\/api.w.org\/{rel}","templated":true}]}}