{"id":3,"date":"2024-07-27T16:24:10","date_gmt":"2024-07-27T16:24:10","guid":{"rendered":"http:\/\/euthanasia.store\/?page_id=3"},"modified":"2024-07-30T22:19:10","modified_gmt":"2024-07-30T22:19:10","slug":"euthanasie-hund","status":"publish","type":"page","link":"https:\/\/euthanasia.store\/de\/euthanasie-hund\/","title":{"rendered":"Datenschutzbestimmungen"},"content":{"rendered":"<div id=\"ez-toc-container\" class=\"ez-toc-v2_0_82_2 counter-hierarchy ez-toc-counter ez-toc-grey ez-toc-container-direction\">\n<div class=\"ez-toc-title-container\">\n<p class=\"ez-toc-title\" style=\"cursor:inherit\">Inhalts\u00fcbersicht<\/p>\n<span class=\"ez-toc-title-toggle\"><a href=\"#\" class=\"ez-toc-pull-right ez-toc-btn ez-toc-btn-xs ez-toc-btn-default ez-toc-toggle\" aria-label=\"Inhaltsverzeichnis umschalten\"><span class=\"ez-toc-js-icon-con\"><span class=\"\"><span class=\"eztoc-hide\" style=\"display:none;\">Umschalten auf<\/span><span class=\"ez-toc-icon-toggle-span\"><svg style=\"fill: #999;color:#999\" xmlns=\"http:\/\/www.w3.org\/2000\/svg\" class=\"list-377408\" width=\"20px\" height=\"20px\" viewbox=\"0 0 24 24\" fill=\"none\"><path d=\"M6 6H4v2h2V6zm14 0H8v2h12V6zM4 11h2v2H4v-2zm16 0H8v2h12v-2zM4 16h2v2H4v-2zm16 0H8v2h12v-2z\" fill=\"currentColor\"><\/path><\/svg><svg style=\"fill: #999;color:#999\" class=\"arrow-unsorted-368013\" xmlns=\"http:\/\/www.w3.org\/2000\/svg\" width=\"10px\" height=\"10px\" viewbox=\"0 0 24 24\" version=\"1.2\" baseprofile=\"tiny\"><path d=\"M18.2 9.3l-6.2-6.3-6.2 6.3c-.2.2-.3.4-.3.7s.1.5.3.7c.2.2.4.3.7.3h11c.3 0 .5-.1.7-.3.2-.2.3-.5.3-.7s-.1-.5-.3-.7zM5.8 14.7l6.2 6.3 6.2-6.3c.2-.2.3-.5.3-.7s-.1-.5-.3-.7c-.2-.2-.4-.3-.7-.3h-11c-.3 0-.5.1-.7.3-.2.2-.3.5-.3.7s.1.5.3.7z\"\/><\/svg><\/span><\/span><\/span><\/a><\/span><\/div>\n<nav><ul class='ez-toc-list ez-toc-list-level-1' ><li class='ez-toc-page-1 ez-toc-heading-level-2'><a class=\"ez-toc-link ez-toc-heading-1\" href=\"https:\/\/euthanasia.store\/de\/euthanasie-hund\/#Inleiding\" >Einf\u00fchrung<\/a><ul class='ez-toc-list-level-3' ><li class='ez-toc-heading-level-3'><a class=\"ez-toc-link ez-toc-heading-2\" href=\"https:\/\/euthanasia.store\/de\/euthanasie-hund\/#Informatie_die_Wij_Niet_Verzamelen\" >Informationen, die wir nicht sammeln<\/a><\/li><li class='ez-toc-page-1 ez-toc-heading-level-3'><a class=\"ez-toc-link ez-toc-heading-3\" href=\"https:\/\/euthanasia.store\/de\/euthanasie-hund\/#Discrete_Levering\" >Diskrete Lieferung<\/a><\/li><li class='ez-toc-page-1 ez-toc-heading-level-3'><a class=\"ez-toc-link ez-toc-heading-4\" href=\"https:\/\/euthanasia.store\/de\/euthanasie-hund\/#Beveiliging_van_Uw_Informatie\" >Sicherheit Ihrer Informationen<\/a><\/li><li class='ez-toc-page-1 ez-toc-heading-level-3'><a class=\"ez-toc-link ez-toc-heading-5\" href=\"https:\/\/euthanasia.store\/de\/euthanasie-hund\/#Uw_Privacyrechten\" >Ihr Recht auf Privatsph\u00e4re<\/a><\/li><li class='ez-toc-page-1 ez-toc-heading-level-3'><a class=\"ez-toc-link ez-toc-heading-6\" href=\"https:\/\/euthanasia.store\/de\/euthanasie-hund\/#Contact_Met_Ons_Opnemen\" >Kontakt<\/a><\/li><li class='ez-toc-page-1 ez-toc-heading-level-3'><a class=\"ez-toc-link ez-toc-heading-7\" href=\"https:\/\/euthanasia.store\/de\/euthanasie-hund\/#Wijzigingen_in_Dit_Privacybeleid\" >\u00c4nderungen an dieser Datenschutzrichtlinie<\/a><\/li><\/ul><\/li><\/ul><\/nav><\/div>\n<h2 class=\"wp-block-heading\"><span class=\"ez-toc-section\" id=\"Inleiding\"><\/span>Einf\u00fchrung<span class=\"ez-toc-section-end\"><\/span><\/h2>\n\n\n\n<p>Euthanasie hund, Willkommen bei <a href=\"https:\/\/euthanasia.store\/de\/\">Euthanasie.store<\/a>. Wir sind dem Schutz Ihrer Privatsph\u00e4re und der Vertraulichkeit Ihrer Daten verpflichtet. Diese Datenschutzrichtlinie beschreibt unser Engagement f\u00fcr Diskretion und Transparenz in Bezug auf die Informationen, die wir sammeln und nicht sammeln, sowie unsere Praktiken zum Schutz Ihrer Privatsph\u00e4re. Euthanasie hund<\/p>\n\n\n\n<h3 class=\"wp-block-heading\"><span class=\"ez-toc-section\" id=\"Informatie_die_Wij_Niet_Verzamelen\"><\/span>Informationen, die wir nicht sammeln<span class=\"ez-toc-section-end\"><\/span><\/h3>\n\n\n\n<p>Wir m\u00f6chten Ihnen versichern, dass Ihre Privatsph\u00e4re f\u00fcr uns h\u00f6chste Priorit\u00e4t hat. Bei Euthanasia.store sammeln wir keine pers\u00f6nlichen Informationen \u00fcber Sie. Dies beinhaltet, ist aber nicht beschr\u00e4nkt auf:<\/p>\n\n\n\n<figure class=\"wp-block-table\"><table class=\"has-fixed-layout\"><thead><tr><th>Typ Information<\/th><th>Beschreibung<\/th><\/tr><\/thead><tbody><tr><td><strong>Pers\u00f6nliche Informationen<\/strong><\/td><td>Wir sammeln keine Namen, E-Mail-Adressen, Telefonnummern, Postanschriften oder andere pers\u00f6nlich identifizierbare Informationen.<\/td><\/tr><tr><td><strong>Informationen zur Gesundheit<\/strong><\/td><td>Wir sammeln keine Krankengeschichte, Behandlungspr\u00e4ferenzen oder andere gesundheitsbezogene Daten.<\/td><\/tr><tr><td><strong>Zahlungsinformationen<\/strong><\/td><td>Wir speichern keine Kreditkartendaten, Rechnungsadressen oder andere Finanzdaten.<\/td><\/tr><tr><td><strong>Daten verwenden<\/strong><\/td><td>Wir verfolgen nicht Ihre Interaktionen mit unserer Website, wie IP-Adresse, Browsertyp oder besuchte Seiten.<\/td><\/tr><tr><td><strong>Cookies und Tracking-Daten<\/strong><\/td><td>Wir verwenden keine Cookies oder andere Tracking-Technologien, um Informationen \u00fcber Ihren Besuch oder Ihre Nutzung zu sammeln.<\/td><\/tr><\/tbody><\/table><\/figure>\n\n\n\n<h3 class=\"wp-block-heading\"><span class=\"ez-toc-section\" id=\"Discrete_Levering\"><\/span>Diskrete Lieferung<span class=\"ez-toc-section-end\"><\/span><\/h3>\n\n\n\n<p>Wir sind uns der sensiblen Natur unserer Dienstleistungen bewusst und verpflichten uns, alle Interaktionen mit uns mit \u00e4u\u00dferster Diskretion zu behandeln. Euthanasie Hund<\/p>\n\n\n\n<p><strong>Diskrete Verpackung<\/strong><\/p>\n\n\n\n<figure class=\"wp-block-table\"><table class=\"has-fixed-layout\"><thead><tr><th>Merkmal<\/th><th>Beschreibung<\/th><\/tr><\/thead><tbody><tr><td><strong>Anonyme Etiketten<\/strong><\/td><td>Alle Pakete sind mit einem Etikett versehen, auf dem keine Angaben zur Euthanasie oder zu unserer Website zu finden sind.<\/td><\/tr><tr><td><strong>Neutrale Verpackung<\/strong><\/td><td>Wir verwenden unauff\u00e4llige, nicht gekennzeichnete Verpackungen, um die Privatsph\u00e4re zu wahren.<\/td><\/tr><tr><td><strong>Vertraulicher Versand<\/strong><\/td><td>Wir arbeiten mit vertrauensw\u00fcrdigen Lieferdiensten zusammen, um sicherzustellen, dass Ihr Paket diskret und sicher behandelt wird.<\/td><\/tr><\/tbody><\/table><\/figure>\n\n\n\n<h3 class=\"wp-block-heading\"><span class=\"ez-toc-section\" id=\"Beveiliging_van_Uw_Informatie\"><\/span>Sicherheit Ihrer Informationen<span class=\"ez-toc-section-end\"><\/span><\/h3>\n\n\n\n<p>Obwohl wir keine pers\u00f6nlichen Daten sammeln, legen wir weiterhin gro\u00dfen Wert auf die Sicherheit unserer Website und Dienste, um Ihre Privatsph\u00e4re zu sch\u00fctzen. Sterbehilfe<\/p>\n\n\n\n<figure class=\"wp-block-table\"><table class=\"has-fixed-layout\"><thead><tr><th>Sicherheitsma\u00dfnahme<\/th><th>Beschreibung<\/th><\/tr><\/thead><tbody><tr><td><strong>Sichere Transaktionen<\/strong><\/td><td>Alle Zahlungen werden \u00fcber sichere Drittanbieter-Zahlungsgateways abgewickelt, die Ihre Daten nicht speichern.<\/td><\/tr><tr><td><strong>Verschl\u00fcsselung<\/strong><\/td><td>Unsere Website verwendet SSL\/TLS-Verschl\u00fcsselung, um Ihre Interaktionen und Transaktionen mit uns zu sch\u00fctzen.<\/td><\/tr><tr><td><strong>Zugangskontrolle<\/strong><\/td><td>Nur befugtes Personal hat Zugang zu unseren Systemen, um die Sicherheit Ihrer Interaktionen zu gew\u00e4hrleisten.<\/td><\/tr><\/tbody><\/table><\/figure>\n\n\n\n<h3 class=\"wp-block-heading\"><span class=\"ez-toc-section\" id=\"Uw_Privacyrechten\"><\/span>Ihr Recht auf Privatsph\u00e4re<span class=\"ez-toc-section-end\"><\/span><\/h3>\n\n\n\n<p>In Anbetracht unserer Politik, keine pers\u00f6nlichen Daten zu sammeln, gibt es bestimmte Datenschutzrechte, die Sie kennen sollten:<\/p>\n\n\n\n<figure class=\"wp-block-table\"><table class=\"has-fixed-layout\"><thead><tr><th>Gerade<\/th><th>Beschreibung<\/th><\/tr><\/thead><tbody><tr><td><strong>Anonyme Interaktion<\/strong><\/td><td>Sie k\u00f6nnen mit unserer Website und unseren Diensten interagieren, ohne dass Sie pers\u00f6nliche Daten angeben m\u00fcssen.<\/td><\/tr><tr><td><strong>Vertrauliche Transaktionen<\/strong><\/td><td>Ihre Eink\u00e4ufe und Transaktionen werden sicher und diskret \u00fcber Drittanbieter abgewickelt.<\/td><\/tr><tr><td><strong>Diskrete Lieferung<\/strong><\/td><td>Ihre Bestellungen werden in einer unauff\u00e4lligen Verpackung ohne identifizierbare Informationen geliefert.<\/td><\/tr><\/tbody><\/table><\/figure>\n\n\n\n<h3 class=\"wp-block-heading\"><span class=\"ez-toc-section\" id=\"Contact_Met_Ons_Opnemen\"><\/span>Kontakt<span class=\"ez-toc-section-end\"><\/span><\/h3>\n\n\n\n<p>Wenn Sie Fragen oder Anmerkungen zu unseren Datenschutzpraktiken haben, k\u00f6nnen Sie sich gerne an uns wenden. Wir sind bereit, Ihre Privatsph\u00e4re zu sch\u00fctzen und Ihnen die Informationen zu geben, die Sie ben\u00f6tigen. <a href=\"https:\/\/www.youtube.com\/watch?v=K0INnZsPyUY\" target=\"_blank\" rel=\"noopener\">Euthanasie<\/a> hund<\/p>\n\n\n\n<p><strong>Kontaktinformationen<\/strong><\/p>\n\n\n\n<figure class=\"wp-block-table\"><table class=\"has-fixed-layout\"><thead><tr><th>Methode<\/th><th>Daten<\/th><\/tr><\/thead><tbody><tr><td><strong>E-Mail<\/strong><\/td><td>euthanasia@duck.com<\/td><\/tr><tr><td><strong>Tele<\/strong>Gramm<\/td><td>@euthanasiastore<\/td><\/tr><tr><td><strong>Postanschrift<\/strong><\/td><td><\/td><\/tr><\/tbody><\/table><\/figure>\n\n\n\n<h3 class=\"wp-block-heading\"><span class=\"ez-toc-section\" id=\"Wijzigingen_in_Dit_Privacybeleid\"><\/span>\u00c4nderungen an dieser Datenschutzrichtlinie<span class=\"ez-toc-section-end\"><\/span><\/h3>\n\n\n\n<p>Wir k\u00f6nnen unsere Datenschutzrichtlinie von Zeit zu Zeit aktualisieren, um \u00c4nderungen unserer Praktiken oder andere betriebliche, rechtliche oder regulatorische Gr\u00fcnde zu ber\u00fccksichtigen. Alle Aktualisierungen werden auf dieser Seite mit einem aktualisierten \"G\u00fcltigkeitsdatum\" ver\u00f6ffentlicht. Euthanasie-Hund<\/p>\n\n\n\n<p>Ihre Privatsph\u00e4re ist von gr\u00f6\u00dfter Bedeutung, und wir sind verpflichtet, die h\u00f6chsten Standards der Diskretion und Sicherheit zu halten. Danke, dass Sie Euthanasia.store Ihr Vertrauen schenken.<\/p>","protected":false},"excerpt":{"rendered":"<p>Inleiding Euthanasie hund, Welkom bij Euthanasia.store. Wij hechten veel waarde aan uw privacy en de vertrouwelijkheid van uw informatie. Dit Privacybeleid schetst onze toewijding aan discretie en transparantie met betrekking tot de informatie die wij wel en niet verzamelen, evenals onze praktijken voor het beschermen van uw privacy. Euthanasie hund Informatie die Wij Niet Verzamelen [&hellip;]<\/p>\n","protected":false},"author":1,"featured_media":544,"parent":0,"menu_order":0,"comment_status":"closed","ping_status":"closed","template":"","meta":{"ocean_post_layout":"","ocean_both_sidebars_style":"","ocean_both_sidebars_content_width":0,"ocean_both_sidebars_sidebars_width":0,"ocean_sidebar":"","ocean_second_sidebar":"","ocean_disable_margins":"enable","ocean_add_body_class":"","ocean_shortcode_before_top_bar":"","ocean_shortcode_after_top_bar":"","ocean_shortcode_before_header":"","ocean_shortcode_after_header":"","ocean_has_shortcode":"","ocean_shortcode_after_title":"","ocean_shortcode_before_footer_widgets":"","ocean_shortcode_after_footer_widgets":"","ocean_shortcode_before_footer_bottom":"","ocean_shortcode_after_footer_bottom":"","ocean_display_top_bar":"default","ocean_display_header":"default","ocean_header_style":"","ocean_center_header_left_menu":"","ocean_custom_header_template":"","ocean_custom_logo":0,"ocean_custom_retina_logo":0,"ocean_custom_logo_max_width":0,"ocean_custom_logo_tablet_max_width":0,"ocean_custom_logo_mobile_max_width":0,"ocean_custom_logo_max_height":0,"ocean_custom_logo_tablet_max_height":0,"ocean_custom_logo_mobile_max_height":0,"ocean_header_custom_menu":"","ocean_menu_typo_font_family":"","ocean_menu_typo_font_subset":"","ocean_menu_typo_font_size":0,"ocean_menu_typo_font_size_tablet":0,"ocean_menu_typo_font_size_mobile":0,"ocean_menu_typo_font_size_unit":"px","ocean_menu_typo_font_weight":"","ocean_menu_typo_font_weight_tablet":"","ocean_menu_typo_font_weight_mobile":"","ocean_menu_typo_transform":"","ocean_menu_typo_transform_tablet":"","ocean_menu_typo_transform_mobile":"","ocean_menu_typo_line_height":0,"ocean_menu_typo_line_height_tablet":0,"ocean_menu_typo_line_height_mobile":0,"ocean_menu_typo_line_height_unit":"","ocean_menu_typo_spacing":0,"ocean_menu_typo_spacing_tablet":0,"ocean_menu_typo_spacing_mobile":0,"ocean_menu_typo_spacing_unit":"","ocean_menu_link_color":"","ocean_menu_link_color_hover":"","ocean_menu_link_color_active":"","ocean_menu_link_background":"","ocean_menu_link_hover_background":"","ocean_menu_link_active_background":"","ocean_menu_social_links_bg":"","ocean_menu_social_hover_links_bg":"","ocean_menu_social_links_color":"","ocean_menu_social_hover_links_color":"","ocean_disable_title":"default","ocean_disable_heading":"default","ocean_post_title":"","ocean_post_subheading":"","ocean_post_title_style":"","ocean_post_title_background_color":"","ocean_post_title_background":0,"ocean_post_title_bg_image_position":"","ocean_post_title_bg_image_attachment":"","ocean_post_title_bg_image_repeat":"","ocean_post_title_bg_image_size":"","ocean_post_title_height":0,"ocean_post_title_bg_overlay":0.5,"ocean_post_title_bg_overlay_color":"","ocean_disable_breadcrumbs":"default","ocean_breadcrumbs_color":"","ocean_breadcrumbs_separator_color":"","ocean_breadcrumbs_links_color":"","ocean_breadcrumbs_links_hover_color":"","ocean_display_footer_widgets":"default","ocean_display_footer_bottom":"default","ocean_custom_footer_template":"","footnotes":""},"class_list":["post-3","page","type-page","status-publish","has-post-thumbnail","hentry","entry","has-media","owp-thumbs-layout-horizontal","owp-btn-normal","owp-tabs-layout-horizontal","has-no-thumbnails","has-product-nav"],"jetpack_sharing_enabled":true,"_links":{"self":[{"href":"https:\/\/euthanasia.store\/de\/wp-json\/wp\/v2\/pages\/3","targetHints":{"allow":["GET"]}}],"collection":[{"href":"https:\/\/euthanasia.store\/de\/wp-json\/wp\/v2\/pages"}],"about":[{"href":"https:\/\/euthanasia.store\/de\/wp-json\/wp\/v2\/types\/page"}],"author":[{"embeddable":true,"href":"https:\/\/euthanasia.store\/de\/wp-json\/wp\/v2\/users\/1"}],"replies":[{"embeddable":true,"href":"https:\/\/euthanasia.store\/de\/wp-json\/wp\/v2\/comments?post=3"}],"version-history":[{"count":2,"href":"https:\/\/euthanasia.store\/de\/wp-json\/wp\/v2\/pages\/3\/revisions"}],"predecessor-version":[{"id":545,"href":"https:\/\/euthanasia.store\/de\/wp-json\/wp\/v2\/pages\/3\/revisions\/545"}],"wp:featuredmedia":[{"embeddable":true,"href":"https:\/\/euthanasia.store\/de\/wp-json\/wp\/v2\/media\/544"}],"wp:attachment":[{"href":"https:\/\/euthanasia.store\/de\/wp-json\/wp\/v2\/media?parent=3"}],"curies":[{"name":"wp","href":"https:\/\/api.w.org\/{rel}","templated":true}]}}