{"id":733,"date":"2024-08-27T06:18:21","date_gmt":"2024-08-27T06:18:21","guid":{"rendered":"https:\/\/euthanasia.store\/?post_type=product&#038;p=733"},"modified":"2025-09-26T10:53:23","modified_gmt":"2025-09-26T10:53:23","slug":"euthanasie-specialist","status":"publish","type":"product","link":"https:\/\/euthanasia.store\/cs\/produkt\/euthanasie-specialist\/","title":{"rendered":"Specialista na eutanazii"},"content":{"rendered":"<h2>Specialista na eutanazii - Pomoc s eutanazi\u00ed<br \/>\nSpecialista na eutanazii<\/h2>\n<h2>Specialista na eutanazii<\/h2>\n<p><a href=\"https:\/\/euthanasia.store\/cs\/\">Specialista na eutanazii<\/a> je osobn\u00ed volba, kter\u00e1 je v mnoha zem\u00edch sv\u011bta respektov\u00e1na a dodr\u017eov\u00e1na. Ale jak ji\u017e bylo zm\u00edn\u011bno, jedn\u00e1 se o osobn\u00ed volbu, a proto je to delik\u00e1tn\u00ed rozhodnut\u00ed, kter\u00e9 vy\u017eaduje pochopen\u00ed a snadnost podstoupit tento postup. N\u011bkdy mus\u00ed b\u00fdt postup proveden ov\u011b\u0159en\u00fdm a schv\u00e1len\u00fdm person\u00e1lem s pr\u00e1vn\u00ed podporou. To sni\u017euje pravd\u011bpodobnost selh\u00e1n\u00ed a zaji\u0161\u0165uje vysokou \u00fa\u010dinnost. Va\u0161e posledn\u00ed chv\u00edle by m\u011bly b\u00fdt k nezaplacen\u00ed a euthanasiagroup v\u00e1m to chce umo\u017enit v\u0161emi mo\u017en\u00fdmi zp\u016fsoby.<\/p>\n<p>Zejm\u00e9na v posledn\u00edch dnech \u017eivota je d\u016fle\u017eit\u00e9, abyste mohli splnit v\u0161echna sv\u00e1 p\u0159\u00e1n\u00ed. Je n\u00e1m ct\u00ed, \u017ee m\u016f\u017eeme splnit jak\u00e9koli va\u0161e p\u0159\u00e1n\u00ed, kter\u00e9 si vyberete a kter\u00e9 si m\u016f\u017eete dovolit, b\u011bhem posledn\u00edch dn\u016f a posledn\u00edch okam\u017eik\u016f \u017eivota jak\u00e9hokoli \u010dlov\u011bka a\/nebo zv\u00ed\u0159ete.<br \/>\nNab\u00edz\u00edme nejlep\u0161\u00ed slu\u017eby last minute a nejlep\u0161\u00ed person\u00e1l, kter\u00fd spln\u00ed v\u0161echna p\u0159\u00e1n\u00ed a pot\u0159eby na\u0161ich klient\u016f. V z\u00e1vislosti na zemi se li\u0161\u00ed n\u00e1klady, ale slu\u017eby jsou \u0161pi\u010dkov\u00e9. Ud\u011blejte si \u017eivotn\u00ed volbu.<\/p>\n<p>Pomoc p\u0159i eutanazii poskytuje n\u00e1\u0161 vy\u0161kolen\u00fd person\u00e1l, kter\u00fd m\u00e1 zku\u0161enosti s pod\u00e1v\u00e1n\u00edm anestetik a l\u00e9k\u016f pro eutanazii lid\u00ed i zv\u00ed\u0159at. Zaji\u0161\u0165ujeme tak\u00e9, aby bylo mo\u017en\u00e9 splnit ka\u017ed\u00e9 p\u0159\u00e1n\u00ed klienta v jeho posledn\u00edch chv\u00edl\u00edch.<\/p>\n<p>Person\u00e1ln\u00ed slu\u017eby zahrnuj\u00ed administrativu a dohled na pln\u00fd \u00favazek v okam\u017eic\u00edch, kdy jsou produkty v prodeji; v tomto p\u0159\u00edpad\u011b <a href=\"https:\/\/www.youtube.com\/watch?v=ge05NbgkEwY\" target=\"_blank\" rel=\"noopener\">Nembutal<\/a> a dal\u0161\u00ed barbitur\u00e1ty.<\/p>\n<h4>Asistovan\u00e1 eutanazie, odborn\u00edk na eutanazii, anestezie,<\/h4>","protected":false},"excerpt":{"rendered":"<p>Eutanazie je osobn\u00ed volba, kter\u00e1 je v mnoha zem\u00edch sv\u011bta respektov\u00e1na a dodr\u017eov\u00e1na. Ale jak ji\u017e bylo zm\u00edn\u011bno, jedn\u00e1 se o osobn\u00ed volbu, a proto je to delik\u00e1tn\u00ed rozhodnut\u00ed, kter\u00e9 vy\u017eaduje pochopen\u00ed a snadnost podstoupit tento z\u00e1krok. N\u011bkdy mus\u00ed b\u00fdt z\u00e1krok proveden ov\u011b\u0159en\u00fdm a schv\u00e1len\u00fdm person\u00e1lem s pr\u00e1vn\u00ed podporou. To sni\u017euje pravd\u011bpodobnost selh\u00e1n\u00ed a zaji\u0161\u0165uje vysokou \u00fa\u010dinnost. Va\u0161e posledn\u00ed chv\u00edle by m\u011bly b\u00fdt k nezaplacen\u00ed a euthanasiagroup v\u00e1m to chce umo\u017enit v\u0161emi mo\u017en\u00fdmi zp\u016fsoby.<\/p>","protected":false},"featured_media":734,"comment_status":"open","ping_status":"closed","template":"","meta":{"ocean_post_layout":"","ocean_both_sidebars_style":"","ocean_both_sidebars_content_width":0,"ocean_both_sidebars_sidebars_width":0,"ocean_sidebar":"0","ocean_second_sidebar":"0","ocean_disable_margins":"enable","ocean_add_body_class":"","ocean_shortcode_before_top_bar":"","ocean_shortcode_after_top_bar":"","ocean_shortcode_before_header":"","ocean_shortcode_after_header":"","ocean_has_shortcode":"","ocean_shortcode_after_title":"","ocean_shortcode_before_footer_widgets":"","ocean_shortcode_after_footer_widgets":"","ocean_shortcode_before_footer_bottom":"","ocean_shortcode_after_footer_bottom":"","ocean_display_top_bar":"default","ocean_display_header":"default","ocean_header_style":"","ocean_center_header_left_menu":"0","ocean_custom_header_template":"0","ocean_custom_logo":0,"ocean_custom_retina_logo":0,"ocean_custom_logo_max_width":0,"ocean_custom_logo_tablet_max_width":0,"ocean_custom_logo_mobile_max_width":0,"ocean_custom_logo_max_height":0,"ocean_custom_logo_tablet_max_height":0,"ocean_custom_logo_mobile_max_height":0,"ocean_header_custom_menu":"0","ocean_menu_typo_font_family":"0","ocean_menu_typo_font_subset":"","ocean_menu_typo_font_size":0,"ocean_menu_typo_font_size_tablet":0,"ocean_menu_typo_font_size_mobile":0,"ocean_menu_typo_font_size_unit":"px","ocean_menu_typo_font_weight":"","ocean_menu_typo_font_weight_tablet":"","ocean_menu_typo_font_weight_mobile":"","ocean_menu_typo_transform":"","ocean_menu_typo_transform_tablet":"","ocean_menu_typo_transform_mobile":"","ocean_menu_typo_line_height":0,"ocean_menu_typo_line_height_tablet":0,"ocean_menu_typo_line_height_mobile":0,"ocean_menu_typo_line_height_unit":"","ocean_menu_typo_spacing":0,"ocean_menu_typo_spacing_tablet":0,"ocean_menu_typo_spacing_mobile":0,"ocean_menu_typo_spacing_unit":"","ocean_menu_link_color":"","ocean_menu_link_color_hover":"","ocean_menu_link_color_active":"","ocean_menu_link_background":"","ocean_menu_link_hover_background":"","ocean_menu_link_active_background":"","ocean_menu_social_links_bg":"","ocean_menu_social_hover_links_bg":"","ocean_menu_social_links_color":"","ocean_menu_social_hover_links_color":"","ocean_disable_title":"default","ocean_disable_heading":"default","ocean_post_title":"","ocean_post_subheading":"","ocean_post_title_style":"","ocean_post_title_background_color":"","ocean_post_title_background":0,"ocean_post_title_bg_image_position":"","ocean_post_title_bg_image_attachment":"","ocean_post_title_bg_image_repeat":"","ocean_post_title_bg_image_size":"","ocean_post_title_height":0,"ocean_post_title_bg_overlay":0.5,"ocean_post_title_bg_overlay_color":"","ocean_disable_breadcrumbs":"default","ocean_breadcrumbs_color":"","ocean_breadcrumbs_separator_color":"","ocean_breadcrumbs_links_color":"","ocean_breadcrumbs_links_hover_color":"","ocean_display_footer_widgets":"default","ocean_display_footer_bottom":"default","ocean_custom_footer_template":"0"},"product_brand":[],"product_cat":[26],"product_tag":[],"class_list":{"0":"post-733","1":"product","2":"type-product","3":"status-publish","4":"has-post-thumbnail","6":"product_cat-nembutal","8":"entry","9":"has-media","11":"first","12":"instock","13":"sale","14":"shipping-taxable","15":"purchasable","16":"product-type-variable","17":"has-product-nav","18":"col","19":"span_1_of_3","20":"owp-content-center","21":"owp-thumbs-layout-horizontal","22":"owp-btn-normal","23":"owp-tabs-layout-horizontal"},"jetpack_sharing_enabled":true,"_links":{"self":[{"href":"https:\/\/euthanasia.store\/cs\/wp-json\/wp\/v2\/product\/733","targetHints":{"allow":["GET"]}}],"collection":[{"href":"https:\/\/euthanasia.store\/cs\/wp-json\/wp\/v2\/product"}],"about":[{"href":"https:\/\/euthanasia.store\/cs\/wp-json\/wp\/v2\/types\/product"}],"replies":[{"embeddable":true,"href":"https:\/\/euthanasia.store\/cs\/wp-json\/wp\/v2\/comments?post=733"}],"wp:featuredmedia":[{"embeddable":true,"href":"https:\/\/euthanasia.store\/cs\/wp-json\/wp\/v2\/media\/734"}],"wp:attachment":[{"href":"https:\/\/euthanasia.store\/cs\/wp-json\/wp\/v2\/media?parent=733"}],"wp:term":[{"taxonomy":"product_brand","embeddable":true,"href":"https:\/\/euthanasia.store\/cs\/wp-json\/wp\/v2\/product_brand?post=733"},{"taxonomy":"product_cat","embeddable":true,"href":"https:\/\/euthanasia.store\/cs\/wp-json\/wp\/v2\/product_cat?post=733"},{"taxonomy":"product_tag","embeddable":true,"href":"https:\/\/euthanasia.store\/cs\/wp-json\/wp\/v2\/product_tag?post=733"}],"curies":[{"name":"wp","href":"https:\/\/api.w.org\/{rel}","templated":true}]}}