{"id":615,"date":"2024-08-01T00:52:47","date_gmt":"2024-08-01T00:52:47","guid":{"rendered":"https:\/\/euthanasia.store\/?post_type=product&#038;p=615"},"modified":"2026-01-02T09:52:03","modified_gmt":"2026-01-02T09:52:03","slug":"nembutal-poeder","status":"publish","type":"product","link":"https:\/\/euthanasia.store\/cs\/produkt\/nembutal-poeder\/","title":{"rendered":"Nembutal v pr\u00e1\u0161ku"},"content":{"rendered":"<h3>Koupit Nembutal v pr\u00e1\u0161ku: komplexn\u00ed pr\u016fvodce<\/h3>\n<p>Pokud se zaj\u00edm\u00e1te o knihy nebo \u010dl\u00e1nky o eutanazii, mo\u017en\u00e1 jste narazili na n\u00e1zev Nembutal. <a href=\"https:\/\/euthanasia.store\/cs\/\">Nembutal v pr\u00e1\u0161ku<\/a> je l\u00e9k pat\u0159\u00edc\u00ed do skupiny barbitur\u00e1t\u016f. V minulosti byl tento l\u00e9k obl\u00edben\u00fd pro svou \u00fa\u010dinnost p\u0159i l\u00e9\u010db\u011b poruch sp\u00e1nku nebo \u00fazkosti. Je v\u0161ak d\u016fle\u017eit\u00e9 v\u011bd\u011bt, \u017ee Nembutal je p\u0159i p\u0159ed\u00e1vkov\u00e1n\u00ed vysoce smrteln\u00fd. Proto jej \u010dasto u\u017e\u00edvaj\u00ed lid\u00e9, kte\u0159\u00ed cht\u011bj\u00ed sp\u00e1chat sebevra\u017edu nebo podstoupit eutanazii.<\/p>\n<h3>Co je Nembutal Pentobarbital Powder?<\/h3>\n<p>Pr\u00e1\u0161ek Nembutal pat\u0159\u00ed do skupiny barbitur\u00e1t\u016f a p\u016fsob\u00ed zpomalen\u00edm \u010dinnosti nervov\u00e9ho syst\u00e9mu a mozku. Jak ji\u017e bylo zm\u00edn\u011bno, v dne\u0161n\u00ed dob\u011b je obt\u00ed\u017en\u00e9 z\u00edskat Nembutal ve form\u011b pr\u00e1\u0161ku. V 50. a 60. letech 20. stolet\u00ed v\u0161ak byl obl\u00edben\u00fdm l\u00e9kem na l\u00e9\u010dbu nespavosti a byl tak\u00e9 zn\u00e1m\u00fd pro sv\u00e9 pou\u017eit\u00ed p\u0159i l\u00e9\u010db\u011b epileptick\u00fdch z\u00e1chvat\u016f a k\u0159e\u010d\u00ed.<\/p>\n<table>\n<thead>\n<tr>\n<th><strong>Funkce<\/strong><\/th>\n<th><strong>Podrobnosti na<\/strong><\/th>\n<\/tr>\n<\/thead>\n<tbody>\n<tr>\n<td><strong>T\u0159\u00edda l\u00e9k\u016f<\/strong><\/td>\n<td>Barbitur\u00e1ty<\/td>\n<\/tr>\n<tr>\n<td><strong>Hlavn\u00ed pou\u017eit\u00ed<\/strong><\/td>\n<td>L\u00e9\u010dba nespavosti, sedace, eutanazie<\/td>\n<\/tr>\n<tr>\n<td><strong>Riziko p\u0159i p\u0159ed\u00e1vkov\u00e1n\u00ed<\/strong><\/td>\n<td>Velmi smrt\u00edc\u00ed<\/td>\n<\/tr>\n<tr>\n<td><strong>Pr\u00e1vn\u00ed postaven\u00ed<\/strong><\/td>\n<td>Velmi omezen\u00e1 dostupnost v z\u00e1vislosti na zemi<\/td>\n<\/tr>\n<\/tbody>\n<\/table>\n<h3>Z\u00e1kladn\u00ed informace o pr\u00e1\u0161ku Nembutal<\/h3>\n<p>Lid\u00e9 alergi\u010dt\u00ed na Nembutal nebo podobn\u00e9 l\u00e9ky by tento p\u0159\u00edpravek nem\u011bli u\u017e\u00edvat. M\u011bli byste se mu tak\u00e9 vyhnout, pokud trp\u00edte porfyri\u00ed, genetickou poruchou, kter\u00e1 ovliv\u0148uje funkci enzym\u016f a m\u016f\u017ee postihnout nervov\u00fd syst\u00e9m a k\u016f\u017ei.<\/p>\n<p>Nembutal m\u016f\u017ee b\u00fdt n\u00e1vykov\u00fd a m\u011bli by ho u\u017e\u00edvat pouze lid\u00e9 na l\u00e9ka\u0159sk\u00fd p\u0159edpis. L\u00e9k by se nikdy nem\u011bl sd\u00edlet s jin\u00fdmi osobami, zejm\u00e9na s t\u011bmi, kter\u00e9 v minulosti zneu\u017e\u00edvaly n\u00e1vykov\u00e9 l\u00e1tky.<\/p>\n<h3>K \u010demu se p\u0159\u00edpravek Nembutal Powder pou\u017e\u00edv\u00e1?<\/h3>\n<p>V minulosti se Nembutal pou\u017e\u00edval hlavn\u011b proti probl\u00e9m\u016fm se sp\u00e1nkem. Od t\u00e9 doby jej v\u011bt\u0161ina zem\u00ed zak\u00e1zala a nahradila jin\u00fdmi l\u00e9ky na span\u00ed, tak\u017ee se tento l\u00e9k nyn\u00ed vyskytuje jen z\u0159\u00eddka. P\u0159esto se Nembutal st\u00e1le pou\u017e\u00edv\u00e1 na mnoha m\u00edstech po cel\u00e9m sv\u011bt\u011b. Mnoho laborato\u0159\u00ed po cel\u00e9m sv\u011bt\u011b jej nebo podobn\u00e9 barbitur\u00e1ty pou\u017e\u00edv\u00e1 k \u010dist\u011b l\u00e9ka\u0159sk\u00fdm \u00fa\u010del\u016fm, jako je sedace, anestezie zv\u00ed\u0159at nebo nouzov\u00e9 situace. P\u0159i spr\u00e1vn\u00e9m d\u00e1vkov\u00e1n\u00ed lze Nembutal pou\u017e\u00edt k eutanazii zv\u00ed\u0159at nebo lid\u00ed. Nembutal je nejzn\u00e1m\u011bj\u0161\u00ed pro sv\u00e9 pou\u017eit\u00ed p\u0159i bezbolestn\u00e9 sebevra\u017ed\u011b.<\/p>\n<table>\n<thead>\n<tr>\n<th><strong>Aplikace<\/strong><\/th>\n<th><strong>Podrobnosti na<\/strong><\/th>\n<\/tr>\n<\/thead>\n<tbody>\n<tr>\n<td><strong>Sedace<\/strong><\/td>\n<td>Pou\u017e\u00edv\u00e1 se ke zklidn\u011bn\u00ed pacient\u016f, zejm\u00e9na p\u0159ed operacemi.<\/td>\n<\/tr>\n<tr>\n<td><strong>L\u00e9\u010dba nespavosti<\/strong><\/td>\n<td>Ke kr\u00e1tkodob\u00e9 l\u00e9\u010db\u011b t\u011b\u017ek\u00e9 nespavosti.<\/td>\n<\/tr>\n<tr>\n<td><strong>Eutanazie<\/strong><\/td>\n<td>Pro hum\u00e1nn\u00ed eutanazii u lid\u00ed a zv\u00ed\u0159at.<\/td>\n<\/tr>\n<tr>\n<td><strong>Anestezie<\/strong><\/td>\n<td>Pou\u017e\u00edv\u00e1 se ve vy\u0161\u0161\u00edch d\u00e1vk\u00e1ch k navozen\u00ed anestezie.<\/td>\n<\/tr>\n<\/tbody>\n<\/table>\n<h3>Kontraindikace a vedlej\u0161\u00ed \u00fa\u010dinky<\/h3>\n<p><strong>Kontraindikace:<\/strong> Nembutal se nedoporu\u010duje osob\u00e1m citliv\u00fdm na barbitur\u00e1ty nebo trp\u00edc\u00edm latentn\u00ed porfyri\u00ed.<\/p>\n<p><strong>Ne\u017e\u00e1douc\u00ed \u00fa\u010dinky:<\/strong> Nadm\u011brn\u00e9 pou\u017e\u00edv\u00e1n\u00ed <a href=\"https:\/\/www.youtube.com\/watch?v=6tSw7-UdgFw\" target=\"_blank\" rel=\"noopener\">Nembutal<\/a> m\u016f\u017ee v\u00e9st k z\u00e1va\u017en\u00fdm ne\u017e\u00e1douc\u00edm \u00fa\u010dink\u016fm. Mezi n\u011b pat\u0159\u00ed no\u010dn\u00ed m\u016fry, zvracen\u00ed, nevolnost, z\u00e1cpa, bolest hlavy nebo pocit kocoviny. V p\u0159\u00edpad\u011b p\u0159ed\u00e1vkov\u00e1n\u00ed okam\u017eit\u011b vyhledejte l\u00e9ka\u0159skou pomoc.<\/p>\n<table>\n<thead>\n<tr>\n<th><strong>Aktualizace<\/strong><\/th>\n<th><strong>P\u0159\u00edznaky<\/strong><\/th>\n<\/tr>\n<\/thead>\n<tbody>\n<tr>\n<td><strong>P\u0159ed\u00e1vkov\u00e1n\u00ed<\/strong><\/td>\n<td>Roz\u0161\u00ed\u0159en\u00e9 zornice, mdloby, n\u00edzk\u00e1 produkce mo\u010di<\/td>\n<\/tr>\n<tr>\n<td><strong>Pomal\u00e9 d\u00fdch\u00e1n\u00ed<\/strong><\/td>\n<td>Slab\u00fd puls, bezv\u011bdom\u00ed, ohro\u017een\u00ed \u017eivota<\/td>\n<\/tr>\n<tr>\n<td><strong>Smrteln\u00e1 d\u00e1vka<\/strong><\/td>\n<td>V z\u00e1vislosti na v\u011bku a zdravotn\u00edm stavu se pohybuje mezi 25-100 gramy.<\/td>\n<\/tr>\n<\/tbody>\n<\/table>\n<h3>\u010ceho se p\u0159i pou\u017e\u00edv\u00e1n\u00ed Nembutalu vyvarovat<\/h3>\n<p>Pokud jste u\u017eili Nembutal, nem\u011bli byste \u0159\u00eddit, proto\u017ee ovliv\u0148uje va\u0161e reakce a schopnost my\u0161len\u00ed. Alkohol zvy\u0161uje ospalost, co\u017e m\u016f\u017ee b\u00fdt nebezpe\u010dn\u00e9, proto byste se mu m\u011bli v\u017edy vyhnout.<\/p>\n<h3>Kde si m\u016f\u017eete koupit Nembutal?<\/h3>\n<p>Sehnat Nembutal nen\u00ed v dne\u0161n\u00ed dob\u011b snadn\u00e9. Pr\u00e1\u0161ek Nembutalu vyr\u00e1b\u011blo mnoho nadn\u00e1rodn\u00edch farmaceutick\u00fdch spole\u010dnost\u00ed ve vysp\u011bl\u00fdch zem\u00edch, ale jeho v\u00fdroba byla drasticky omezena, proto\u017ee jej nahradila jin\u00e1 sedativa nebo uklid\u0148uj\u00edc\u00ed l\u00e9ky s men\u0161\u00edmi vedlej\u0161\u00edmi \u00fa\u010dinky. Chcete-li si koupit Nembutal v USA, pot\u0159ebujete l\u00e9ka\u0159sk\u00fd p\u0159edpis. Ve spole\u010dnosti Euthanasia Group v\u0161ak ch\u00e1peme pot\u0159eby na\u0161ich z\u00e1kazn\u00edk\u016f a nab\u00edz\u00edme \u0159e\u0161en\u00ed t\u00e9to nep\u0159\u00edjemnosti. Jsme p\u0159edn\u00edmi prodejci Nembutalu a poskytujeme kvalitn\u00ed pr\u00e1\u0161ek Nembutal, kter\u00fd stoj\u00ed za svou cenu.<\/p>\n<table>\n<thead>\n<tr>\n<th><strong>V\u00fdhody n\u00e1kupu u Euthanasia Group<\/strong><\/th>\n<th><strong>Podrobnosti na<\/strong><\/th>\n<\/tr>\n<\/thead>\n<tbody>\n<tr>\n<td><strong>Diskr\u00e9tn\u00ed a bezpe\u010dn\u00e9<\/strong><\/td>\n<td>Nab\u00edz\u00edme bezpe\u010dn\u00e9 a diskr\u00e9tn\u00ed doru\u010den\u00ed.<\/td>\n<\/tr>\n<tr>\n<td><strong>Glob\u00e1ln\u00ed doru\u010den\u00ed<\/strong><\/td>\n<td>Dod\u00e1v\u00e1me v Evrop\u011b, USA, Kanad\u011b, Austr\u00e1lii a Asii.<\/td>\n<\/tr>\n<tr>\n<td><strong>Zku\u0161enosti<\/strong><\/td>\n<td>Dlouholet\u00e9 zku\u0161enosti s obchodem s Nembutalem.<\/td>\n<\/tr>\n<\/tbody>\n<\/table>\n<h3>Pro\u010d nakupovat u Euthanasia Group?<\/h3>\n<p>M\u00e1me dlouholet\u00e9 zku\u0161enosti s obchodem s Nembutalem a dokonale rozum\u00edme pot\u0159eb\u00e1m na\u0161ich z\u00e1kazn\u00edk\u016f. Krom\u011b toho nab\u00edz\u00edme diskr\u00e9tn\u011b i dal\u0161\u00ed barbitur\u00e1ty, a to po cel\u00e9m sv\u011bt\u011b. N\u00e1kupem pr\u00e1\u0161ku Nembutal od n\u00e1s z\u00edsk\u00e1te v\u00fdhodu v kvalit\u011b a slu\u017eb\u00e1ch. Pro v\u00edce informac\u00ed n\u00e1s kontaktujte je\u0161t\u011b dnes!<\/p>\n<p>Zas\u00edl\u00e1me do N\u011bmecka, Rakouska, \u0160v\u00fdcarska, Belgie, Lucemburska, D\u00e1nska, Francie, Ma\u010farska a cel\u00e9 Evropy. Zas\u00edl\u00e1me tak\u00e9 do Spojen\u00fdch st\u00e1t\u016f, Kanady, Austr\u00e1lie a n\u011bkter\u00fdch \u010d\u00e1st\u00ed Asie a Afriky. Pro v\u00edce informac\u00ed n\u00e1s pros\u00edm kontaktujte.<\/p>\n<h3>\u0160t\u00edtky<\/h3>\n<p>Koupit pr\u00e1\u0161ek Nembutal, pr\u00e1\u0161ek barbitur\u00e1t\u016f, pr\u00e1\u0161ek pentobarbitalu sodn\u00e9ho.<\/p>","protected":false},"excerpt":{"rendered":"<p>\u010cist\u00fd pentobarbital sodn\u00fd Nembutal si m\u016f\u017eete koupit online od na\u0161\u00ed skupiny Euthanasia Group se zaru\u010denou diskr\u00e9tn\u00ed mezin\u00e1rodn\u00ed p\u0159epravou. Pr\u00e1\u0161ek Nembutal je v na\u0161em obchod\u011b k dispozici v balen\u00edch 25, 50, 75 a 100 gram\u016f.<\/p>","protected":false},"featured_media":833,"comment_status":"open","ping_status":"closed","template":"","meta":{"ocean_post_layout":"","ocean_both_sidebars_style":"","ocean_both_sidebars_content_width":0,"ocean_both_sidebars_sidebars_width":0,"ocean_sidebar":"0","ocean_second_sidebar":"0","ocean_disable_margins":"enable","ocean_add_body_class":"","ocean_shortcode_before_top_bar":"","ocean_shortcode_after_top_bar":"","ocean_shortcode_before_header":"","ocean_shortcode_after_header":"","ocean_has_shortcode":"","ocean_shortcode_after_title":"","ocean_shortcode_before_footer_widgets":"","ocean_shortcode_after_footer_widgets":"","ocean_shortcode_before_footer_bottom":"","ocean_shortcode_after_footer_bottom":"","ocean_display_top_bar":"default","ocean_display_header":"default","ocean_header_style":"","ocean_center_header_left_menu":"0","ocean_custom_header_template":"0","ocean_custom_logo":0,"ocean_custom_retina_logo":0,"ocean_custom_logo_max_width":0,"ocean_custom_logo_tablet_max_width":0,"ocean_custom_logo_mobile_max_width":0,"ocean_custom_logo_max_height":0,"ocean_custom_logo_tablet_max_height":0,"ocean_custom_logo_mobile_max_height":0,"ocean_header_custom_menu":"0","ocean_menu_typo_font_family":"0","ocean_menu_typo_font_subset":"","ocean_menu_typo_font_size":0,"ocean_menu_typo_font_size_tablet":0,"ocean_menu_typo_font_size_mobile":0,"ocean_menu_typo_font_size_unit":"px","ocean_menu_typo_font_weight":"","ocean_menu_typo_font_weight_tablet":"","ocean_menu_typo_font_weight_mobile":"","ocean_menu_typo_transform":"","ocean_menu_typo_transform_tablet":"","ocean_menu_typo_transform_mobile":"","ocean_menu_typo_line_height":0,"ocean_menu_typo_line_height_tablet":0,"ocean_menu_typo_line_height_mobile":0,"ocean_menu_typo_line_height_unit":"","ocean_menu_typo_spacing":0,"ocean_menu_typo_spacing_tablet":0,"ocean_menu_typo_spacing_mobile":0,"ocean_menu_typo_spacing_unit":"","ocean_menu_link_color":"","ocean_menu_link_color_hover":"","ocean_menu_link_color_active":"","ocean_menu_link_background":"","ocean_menu_link_hover_background":"","ocean_menu_link_active_background":"","ocean_menu_social_links_bg":"","ocean_menu_social_hover_links_bg":"","ocean_menu_social_links_color":"","ocean_menu_social_hover_links_color":"","ocean_disable_title":"default","ocean_disable_heading":"default","ocean_post_title":"","ocean_post_subheading":"","ocean_post_title_style":"","ocean_post_title_background_color":"","ocean_post_title_background":0,"ocean_post_title_bg_image_position":"","ocean_post_title_bg_image_attachment":"","ocean_post_title_bg_image_repeat":"","ocean_post_title_bg_image_size":"","ocean_post_title_height":0,"ocean_post_title_bg_overlay":0.5,"ocean_post_title_bg_overlay_color":"","ocean_disable_breadcrumbs":"default","ocean_breadcrumbs_color":"","ocean_breadcrumbs_separator_color":"","ocean_breadcrumbs_links_color":"","ocean_breadcrumbs_links_hover_color":"","ocean_display_footer_widgets":"default","ocean_display_footer_bottom":"default","ocean_custom_footer_template":"0"},"product_brand":[],"product_cat":[26],"product_tag":[],"class_list":{"0":"post-615","1":"product","2":"type-product","3":"status-publish","4":"has-post-thumbnail","6":"product_cat-nembutal","8":"entry","9":"has-media","11":"first","12":"instock","13":"sale","14":"shipping-taxable","15":"purchasable","16":"product-type-variable","17":"has-rating","18":"has-product-nav","19":"col","20":"span_1_of_3","21":"owp-content-center","22":"owp-thumbs-layout-horizontal","23":"owp-btn-normal","24":"owp-tabs-layout-horizontal","25":"has-no-thumbnails"},"jetpack_sharing_enabled":true,"_links":{"self":[{"href":"https:\/\/euthanasia.store\/cs\/wp-json\/wp\/v2\/product\/615","targetHints":{"allow":["GET"]}}],"collection":[{"href":"https:\/\/euthanasia.store\/cs\/wp-json\/wp\/v2\/product"}],"about":[{"href":"https:\/\/euthanasia.store\/cs\/wp-json\/wp\/v2\/types\/product"}],"replies":[{"embeddable":true,"href":"https:\/\/euthanasia.store\/cs\/wp-json\/wp\/v2\/comments?post=615"}],"wp:featuredmedia":[{"embeddable":true,"href":"https:\/\/euthanasia.store\/cs\/wp-json\/wp\/v2\/media\/833"}],"wp:attachment":[{"href":"https:\/\/euthanasia.store\/cs\/wp-json\/wp\/v2\/media?parent=615"}],"wp:term":[{"taxonomy":"product_brand","embeddable":true,"href":"https:\/\/euthanasia.store\/cs\/wp-json\/wp\/v2\/product_brand?post=615"},{"taxonomy":"product_cat","embeddable":true,"href":"https:\/\/euthanasia.store\/cs\/wp-json\/wp\/v2\/product_cat?post=615"},{"taxonomy":"product_tag","embeddable":true,"href":"https:\/\/euthanasia.store\/cs\/wp-json\/wp\/v2\/product_tag?post=615"}],"curies":[{"name":"wp","href":"https:\/\/api.w.org\/{rel}","templated":true}]}}