{"id":606,"date":"2024-07-31T23:41:36","date_gmt":"2024-07-31T23:41:36","guid":{"rendered":"https:\/\/euthanasia.store\/?post_type=product&#038;p=606"},"modified":"2026-01-02T09:57:49","modified_gmt":"2026-01-02T09:57:49","slug":"nembutal-pillen","status":"publish","type":"product","link":"https:\/\/euthanasia.store\/cs\/produkt\/nembutal-pillen\/","title":{"rendered":"Nembutal Pills"},"content":{"rendered":"<h3>Koupit Nembutal Pills Online: spolehliv\u00e9 a diskr\u00e9tn\u00ed slu\u017eby<\/h3>\n<p>N\u00e1kup <a href=\"https:\/\/euthanasia.store\/cs\/\">Nembutal pilulky online<\/a> poskytuje pohodl\u00ed a p\u0159\u00edstup t\u011bm, kte\u0159\u00ed je pot\u0159ebuj\u00ed pro konkr\u00e9tn\u00ed \u00fa\u010dely. Ve spole\u010dnosti Euthanasia Group se sna\u017e\u00edme poskytovat sv\u00fdm z\u00e1kazn\u00edk\u016fm vysoce kvalitn\u00ed produkty a spolehliv\u00e9 slu\u017eby. Pokud si chcete koupit pilulky Nembutal, m\u016f\u017eete se spolehnout na na\u0161e odhodl\u00e1n\u00ed a odborn\u00e9 znalosti.<\/p>\n<h4>Pro\u010d si vybrat Euthanasia Group?<\/h4>\n<p>Euthanasia Group je spolehliv\u00fdm zdrojem pro n\u00e1kup tablet Nembutal online. Ch\u00e1peme d\u016fle\u017eitost kvality a diskr\u00e9tnosti p\u0159i dod\u00e1v\u00e1n\u00ed t\u011bchto produkt\u016f. Proto nab\u00edz\u00edme bezpe\u010dn\u00e9 a diskr\u00e9tn\u00ed doru\u010den\u00ed, abychom zajistili va\u0161e soukrom\u00ed za v\u0161ech okolnost\u00ed. Krom\u011b toho zaji\u0161\u0165ujeme, \u017ee v\u0161echny na\u0161e objedn\u00e1vky jsou zpracov\u00e1ny profesion\u00e1ln\u011b, bez prostoru pro chyby.<\/p>\n<table>\n<thead>\n<tr>\n<th><strong>Funkce<\/strong><\/th>\n<th><strong>Podrobnosti na<\/strong><\/th>\n<\/tr>\n<\/thead>\n<tbody>\n<tr>\n<td><strong>Kvalitn\u00ed v\u00fdrobky<\/strong><\/td>\n<td>Nab\u00edz\u00edme pouze v\u00fdrobky nejvy\u0161\u0161\u00ed kvality.<\/td>\n<\/tr>\n<tr>\n<td><strong>Diskr\u00e9tn\u00ed p\u0159epravn\u00ed politika<\/strong><\/td>\n<td>Bezpe\u010dn\u00e9 a diskr\u00e9tn\u00ed doru\u010den\u00ed pro v\u00e1\u0161 klid.<\/td>\n<\/tr>\n<tr>\n<td><strong>Rychl\u00e9 dod\u00e1n\u00ed<\/strong><\/td>\n<td>Zajist\u00edme, aby va\u0161e objedn\u00e1vka byla vy\u0159\u00edzena rychle.<\/td>\n<\/tr>\n<tr>\n<td><strong>Profesion\u00e1ln\u00ed slu\u017eby<\/strong><\/td>\n<td>Ka\u017ed\u00e1 objedn\u00e1vka je zpracov\u00e1na profesion\u00e1ln\u011b a pe\u010dliv\u011b.<\/td>\n<\/tr>\n<\/tbody>\n<\/table>\n<h3>Bezpe\u010dn\u00e9 pou\u017e\u00edv\u00e1n\u00ed barbitur\u00e1t\u016f<\/h3>\n<p>Tablety Nembutal jsou \u010dasto p\u0159edepisov\u00e1ny k l\u00e9\u010db\u011b nespavosti, jako sedativum a p\u0159i epileptick\u00fdch poruch\u00e1ch. Na\u0161e produkty jsou dod\u00e1v\u00e1ny do cel\u00e9ho sv\u011bta a jsou pe\u010dliv\u011b testov\u00e1ny, aby byla zaji\u0161t\u011bna jejich \u00fa\u010dinnost. V n\u011bkter\u00fdch p\u0159\u00edpadech l\u00e9ka\u0159i pou\u017e\u00edvaj\u00ed Nembutal tak\u00e9 jako anestetikum p\u0159i chirurgick\u00fdch z\u00e1kroc\u00edch.<\/p>\n<p><strong>Aplikace tablet Nembutal:<\/strong><\/p>\n<table>\n<thead>\n<tr>\n<th><strong>L\u00e9ka\u0159sk\u00e1 aplikace<\/strong><\/th>\n<th><strong>Podrobnosti na<\/strong><\/th>\n<\/tr>\n<\/thead>\n<tbody>\n<tr>\n<td><strong>Nespavost<\/strong><\/td>\n<td>Pou\u017e\u00edv\u00e1 se k podpo\u0159e sp\u00e1nku p\u0159i t\u011b\u017ek\u00e9 nespavosti.<\/td>\n<\/tr>\n<tr>\n<td><strong>Sedace<\/strong><\/td>\n<td>Pou\u017e\u00edv\u00e1 se ke zklidn\u011bn\u00ed p\u0159ed l\u00e9ka\u0159sk\u00fdmi z\u00e1kroky.<\/td>\n<\/tr>\n<tr>\n<td><strong>L\u00e9\u010dba epilepsie<\/strong><\/td>\n<td>Nouzov\u00e1 l\u00e9\u010dba nekontrolovateln\u00fdch epileptick\u00fdch z\u00e1chvat\u016f.<\/td>\n<\/tr>\n<tr>\n<td><strong>Anestezie<\/strong><\/td>\n<td>Pou\u017e\u00edv\u00e1 se l\u00e9ka\u0159i jako anestetikum p\u0159i operac\u00edch.<\/td>\n<\/tr>\n<tr>\n<td><strong>Eutanazie<\/strong><\/td>\n<td>Ve vy\u0161\u0161\u00edch d\u00e1vk\u00e1ch nab\u00edz\u00ed klidnou a bezbolestnou smrt.<\/td>\n<\/tr>\n<\/tbody>\n<\/table>\n<h3>Koupit Nembutal online na Euthanasia Group<\/h3>\n<p>Tablety Nembutal si m\u016f\u017eete koupit online bez l\u00e9ka\u0159sk\u00e9ho p\u0159edpisu z <a href=\"https:\/\/www.youtube.com\/watch?v=loyZFG6gUs8\" target=\"_blank\" rel=\"noopener\">Eutanazie<\/a> Skupina. Ke ka\u017ed\u00e9mu n\u00e1kupu poskytujeme pr\u016fvodce l\u00e9ky, kter\u00fd pom\u00e1h\u00e1 pochopit spr\u00e1vn\u00e9 d\u00e1vkov\u00e1n\u00ed tohoto l\u00e9ku v z\u00e1vislosti na faktorech, jako je va\u0161e hmotnost, v\u011bk a zdravotn\u00ed stav. Pro osoby s probl\u00e9my se sp\u00e1nkem pova\u017eujeme tablety Nembutal za jednu z nejlep\u0161\u00edch a nej\u00fa\u010dinn\u011bj\u0161\u00edch l\u00e9\u010debn\u00fdch metod.<\/p>\n<table>\n<thead>\n<tr>\n<th><strong>V\u00fdhody n\u00e1kupu u n\u00e1s<\/strong><\/th>\n<th><strong>Podrobnosti na<\/strong><\/th>\n<\/tr>\n<\/thead>\n<tbody>\n<tr>\n<td><strong>Nen\u00ed pot\u0159eba \u017e\u00e1dn\u00fd recept<\/strong><\/td>\n<td>Nembutal si u n\u00e1s m\u016f\u017eete koupit bez l\u00e9ka\u0159sk\u00e9ho p\u0159edpisu.<\/td>\n<\/tr>\n<tr>\n<td><strong>Pr\u016fvodce l\u00e9ky<\/strong><\/td>\n<td>Obsahuje pr\u016fvodce, kter\u00fd v\u00e1m pom\u016f\u017ee ur\u010dit spr\u00e1vn\u00e9 d\u00e1vkov\u00e1n\u00ed.<\/td>\n<\/tr>\n<tr>\n<td><strong>Z\u00e1kaznick\u00fd servis 24\/7<\/strong><\/td>\n<td>Na\u0161i odborn\u00edci jsou v\u017edy p\u0159ipraveni zodpov\u011bd\u011bt va\u0161e dotazy.<\/td>\n<\/tr>\n<tr>\n<td><strong>Dostupn\u00e9 ceny<\/strong><\/td>\n<td>Nab\u00edz\u00edme konkurenceschopn\u00e9 ceny, aby byl Nembutal dostupn\u00fd pro ka\u017ed\u00e9ho.<\/td>\n<\/tr>\n<\/tbody>\n<\/table>\n<p>N\u00e1\u0161 odborn\u00fd person\u00e1l je v\u00e1m k dispozici 24 hodin denn\u011b, 7 dn\u00ed v t\u00fddnu, aby v\u00e1m pomohl se v\u0161emi dotazy t\u00fdkaj\u00edc\u00edmi se u\u017e\u00edv\u00e1n\u00ed tablet Nembutal. Ceny na\u0161ich tablet Nembutal jsou dostupn\u00e9, tak\u017ee se nemus\u00edte ob\u00e1vat n\u00e1klad\u016f na tento p\u0159\u00edpravek. Objednejte si je\u0161t\u011b dnes!<\/p>\n<h3>Souvisej\u00edc\u00ed produkty<\/h3>\n<p>Krom\u011b tablet Nembutal nab\u00edz\u00edme tak\u00e9 dal\u0161\u00ed souvisej\u00edc\u00ed produkty, kter\u00e9 by pro v\u00e1s mohly b\u00fdt relevantn\u00ed, jako nap\u0159\u00edklad:<\/p>\n<ul>\n<li><strong>Nembutal injek\u010dn\u00ed roztok<\/strong>: Pro rychl\u00e9 a \u00fa\u010dinn\u00e9 pod\u00e1v\u00e1n\u00ed.<\/li>\n<li><strong>Pentobarbital sodn\u00fd v pr\u00e1\u0161ku<\/strong>: Alternativn\u00ed forma pro pou\u017eit\u00ed ve zdravotnick\u00fdch za\u0159\u00edzen\u00edch.<\/li>\n<li><strong>Nembutal peror\u00e1ln\u00ed tekutina<\/strong>: Pro ty, kte\u0159\u00ed d\u00e1vaj\u00ed p\u0159ednost tekut\u00e9 form\u011b pod\u00e1n\u00ed.<\/li>\n<\/ul>\n<h3>\u0160t\u00edtky<\/h3>\n<p>Koupit Nembutal pilulky online, koupit Nembutal bez l\u00e9ka\u0159sk\u00e9ho p\u0159edpisu, barbitur\u00e1ty pilulky, pentobarbital sodn\u00fd, pentobarbital sodn\u00fd pilulky.<\/p>\n<p><strong>Nej\u010dast\u011bj\u0161\u00ed dotazy<\/strong><\/p>\n<p><strong>1. Co je Nembutal?<\/strong> Nembutal je obchodn\u00ed n\u00e1zev pro pentobarbital, siln\u00fd barbitur\u00e1t pou\u017e\u00edvan\u00fd k sedaci, l\u00e9\u010db\u011b epilepsie a v n\u011bkter\u00fdch zem\u00edch k eutanazii.<\/p>\n<p><strong>2. Jak si mohu koupit pilulky Nembutal online?<\/strong> V Euthanasia Group si m\u016f\u017eete koupit pilulky Nembutal online bez l\u00e9ka\u0159sk\u00e9ho p\u0159edpisu. Nab\u00edz\u00edme bezpe\u010dn\u00e9, diskr\u00e9tn\u00ed a profesion\u00e1ln\u00ed slu\u017eby.<\/p>\n<p><strong>3. Je leg\u00e1ln\u00ed koupit Nembutal bez l\u00e9ka\u0159sk\u00e9ho p\u0159edpisu?<\/strong> Leg\u00e1lnost n\u00e1kupu p\u0159\u00edpravku Nembutal bez l\u00e9ka\u0159sk\u00e9ho p\u0159edpisu se v jednotliv\u00fdch zem\u00edch li\u0161\u00ed. P\u0159ed objedn\u00e1n\u00edm je d\u016fle\u017eit\u00e9 ov\u011b\u0159it si z\u00e1kony ve va\u0161\u00ed zemi.<\/p>\n<p><strong>4. Jak\u00e9 je pou\u017eit\u00ed tablet Nembutal?<\/strong> Nembutal se pou\u017e\u00edv\u00e1 k l\u00e9\u010db\u011b nespavosti, jako sedativum, p\u0159i epileptick\u00fdch poruch\u00e1ch a n\u011bkdy i k eutanazii.<\/p>\n<p><strong>5. Jak bezpe\u010dn\u011b pou\u017e\u00edvat tablety Nembutal?<\/strong> P\u0159\u00edpravek Nembutal v\u017edy pou\u017e\u00edvejte podle pokyn\u016f uveden\u00fdch v p\u0159ilo\u017een\u00e9 p\u0159\u00edru\u010dce. Dodr\u017eujte doporu\u010den\u00e9 d\u00e1vkov\u00e1n\u00ed v z\u00e1vislosti na Va\u0161em v\u011bku, hmotnosti a zdravotn\u00edm stavu.<\/p>\n<p><strong>6. Jak\u00e9 jsou mo\u017en\u00e9 ne\u017e\u00e1douc\u00ed \u00fa\u010dinky Nembutalu?<\/strong> Ne\u017e\u00e1douc\u00ed \u00fa\u010dinky mohou zahrnovat \u00fatlum d\u00fdch\u00e1n\u00ed, n\u00edzk\u00fd krevn\u00ed tlak, ospalost a z\u00e1vislost. P\u0159ed\u00e1vkov\u00e1n\u00ed m\u016f\u017ee b\u00fdt smrteln\u00e9.<\/p>\n<p><strong>7. Jak rychle bude moje objedn\u00e1vka doru\u010dena?<\/strong> Zaji\u0161\u0165ujeme rychl\u00e9 a diskr\u00e9tn\u00ed doru\u010den\u00ed va\u0161\u00ed objedn\u00e1vky. Doba dod\u00e1n\u00ed se m\u016f\u017ee li\u0161it v z\u00e1vislosti na va\u0161\u00ed poloze.<\/p>\n<p><strong>8. Mohu pou\u017e\u00edt Nembutal proti nespavosti?<\/strong> Ano, Nembutal je \u010dasto p\u0159edepisov\u00e1n k l\u00e9\u010db\u011b z\u00e1va\u017en\u00e9 nespavosti. V\u017edy se \u0159i\u010fte pokyny l\u00e9ka\u0159e k d\u00e1vkov\u00e1n\u00ed nebo pr\u016fvodcem l\u00e9ky.<\/p>\n<p><strong>9. Co m\u00e1m d\u011blat, kdy\u017e jsem se p\u0159ed\u00e1vkoval(a) Nembutalem?<\/strong> V p\u0159\u00edpad\u011b p\u0159ed\u00e1vkov\u00e1n\u00ed je nezbytn\u00e9 okam\u017eit\u011b vyhledat l\u00e9ka\u0159skou pomoc. P\u0159ed\u00e1vkov\u00e1n\u00ed m\u016f\u017ee v\u00e9st ke k\u00f3matu nebo smrti.<\/p>\n<p><strong>10. Jak\u00e9 souvisej\u00edc\u00ed produkty nab\u00edz\u00edte?<\/strong> Krom\u011b tablet Nembutal nab\u00edz\u00edme tak\u00e9 injek\u010dn\u00ed roztok Nembutal, pr\u00e1\u0161ek pentobarbitalu sodn\u00e9ho a peror\u00e1ln\u00ed tekutinu Nembutal.<\/p>","protected":false},"excerpt":{"rendered":"<p>Tyto tablety Nembutal jsou \u0161iroce pou\u017e\u00edv\u00e1ny jako l\u00e9ky k l\u00e9\u010db\u011b nespavosti, sedace a epileptick\u00fdch poruch. Mohou v\u0161ak b\u00fdt pou\u017eity tak\u00e9 k eutanazii. euthanasiagroup.net je ov\u011b\u0159en\u00e1 a schv\u00e1len\u00e1.<\/p>","protected":false},"featured_media":831,"comment_status":"open","ping_status":"closed","template":"","meta":{"ocean_post_layout":"","ocean_both_sidebars_style":"","ocean_both_sidebars_content_width":0,"ocean_both_sidebars_sidebars_width":0,"ocean_sidebar":"0","ocean_second_sidebar":"0","ocean_disable_margins":"enable","ocean_add_body_class":"","ocean_shortcode_before_top_bar":"","ocean_shortcode_after_top_bar":"","ocean_shortcode_before_header":"","ocean_shortcode_after_header":"","ocean_has_shortcode":"","ocean_shortcode_after_title":"","ocean_shortcode_before_footer_widgets":"","ocean_shortcode_after_footer_widgets":"","ocean_shortcode_before_footer_bottom":"","ocean_shortcode_after_footer_bottom":"","ocean_display_top_bar":"default","ocean_display_header":"default","ocean_header_style":"","ocean_center_header_left_menu":"0","ocean_custom_header_template":"0","ocean_custom_logo":0,"ocean_custom_retina_logo":0,"ocean_custom_logo_max_width":0,"ocean_custom_logo_tablet_max_width":0,"ocean_custom_logo_mobile_max_width":0,"ocean_custom_logo_max_height":0,"ocean_custom_logo_tablet_max_height":0,"ocean_custom_logo_mobile_max_height":0,"ocean_header_custom_menu":"0","ocean_menu_typo_font_family":"0","ocean_menu_typo_font_subset":"","ocean_menu_typo_font_size":0,"ocean_menu_typo_font_size_tablet":0,"ocean_menu_typo_font_size_mobile":0,"ocean_menu_typo_font_size_unit":"px","ocean_menu_typo_font_weight":"","ocean_menu_typo_font_weight_tablet":"","ocean_menu_typo_font_weight_mobile":"","ocean_menu_typo_transform":"","ocean_menu_typo_transform_tablet":"","ocean_menu_typo_transform_mobile":"","ocean_menu_typo_line_height":0,"ocean_menu_typo_line_height_tablet":0,"ocean_menu_typo_line_height_mobile":0,"ocean_menu_typo_line_height_unit":"","ocean_menu_typo_spacing":0,"ocean_menu_typo_spacing_tablet":0,"ocean_menu_typo_spacing_mobile":0,"ocean_menu_typo_spacing_unit":"","ocean_menu_link_color":"","ocean_menu_link_color_hover":"","ocean_menu_link_color_active":"","ocean_menu_link_background":"","ocean_menu_link_hover_background":"","ocean_menu_link_active_background":"","ocean_menu_social_links_bg":"","ocean_menu_social_hover_links_bg":"","ocean_menu_social_links_color":"","ocean_menu_social_hover_links_color":"","ocean_disable_title":"default","ocean_disable_heading":"default","ocean_post_title":"","ocean_post_subheading":"","ocean_post_title_style":"","ocean_post_title_background_color":"","ocean_post_title_background":0,"ocean_post_title_bg_image_position":"","ocean_post_title_bg_image_attachment":"","ocean_post_title_bg_image_repeat":"","ocean_post_title_bg_image_size":"","ocean_post_title_height":0,"ocean_post_title_bg_overlay":0.5,"ocean_post_title_bg_overlay_color":"","ocean_disable_breadcrumbs":"default","ocean_breadcrumbs_color":"","ocean_breadcrumbs_separator_color":"","ocean_breadcrumbs_links_color":"","ocean_breadcrumbs_links_hover_color":"","ocean_display_footer_widgets":"default","ocean_display_footer_bottom":"default","ocean_custom_footer_template":"0"},"product_brand":[],"product_cat":[26],"product_tag":[28],"class_list":{"0":"post-606","1":"product","2":"type-product","3":"status-publish","4":"has-post-thumbnail","6":"product_cat-nembutal","7":"product_tag-nembutal-pillen","9":"entry","10":"has-media","12":"first","13":"instock","14":"sale","15":"shipping-taxable","16":"purchasable","17":"product-type-variable","18":"has-rating","19":"has-product-nav","20":"col","21":"span_1_of_3","22":"owp-content-center","23":"owp-thumbs-layout-horizontal","24":"owp-btn-normal","25":"owp-tabs-layout-horizontal","26":"has-no-thumbnails"},"jetpack_sharing_enabled":true,"_links":{"self":[{"href":"https:\/\/euthanasia.store\/cs\/wp-json\/wp\/v2\/product\/606","targetHints":{"allow":["GET"]}}],"collection":[{"href":"https:\/\/euthanasia.store\/cs\/wp-json\/wp\/v2\/product"}],"about":[{"href":"https:\/\/euthanasia.store\/cs\/wp-json\/wp\/v2\/types\/product"}],"replies":[{"embeddable":true,"href":"https:\/\/euthanasia.store\/cs\/wp-json\/wp\/v2\/comments?post=606"}],"wp:featuredmedia":[{"embeddable":true,"href":"https:\/\/euthanasia.store\/cs\/wp-json\/wp\/v2\/media\/831"}],"wp:attachment":[{"href":"https:\/\/euthanasia.store\/cs\/wp-json\/wp\/v2\/media?parent=606"}],"wp:term":[{"taxonomy":"product_brand","embeddable":true,"href":"https:\/\/euthanasia.store\/cs\/wp-json\/wp\/v2\/product_brand?post=606"},{"taxonomy":"product_cat","embeddable":true,"href":"https:\/\/euthanasia.store\/cs\/wp-json\/wp\/v2\/product_cat?post=606"},{"taxonomy":"product_tag","embeddable":true,"href":"https:\/\/euthanasia.store\/cs\/wp-json\/wp\/v2\/product_tag?post=606"}],"curies":[{"name":"wp","href":"https:\/\/api.w.org\/{rel}","templated":true}]}}