{"id":589,"date":"2024-07-31T14:19:51","date_gmt":"2024-07-31T14:19:51","guid":{"rendered":"https:\/\/euthanasia.store\/?post_type=product&#038;p=589"},"modified":"2025-09-26T10:53:36","modified_gmt":"2025-09-26T10:53:36","slug":"nembutal-kopen","status":"publish","type":"product","link":"https:\/\/euthanasia.store\/cs\/produkt\/nembutal-kopen\/","title":{"rendered":"Koupit Nembutal"},"content":{"rendered":"<h1>Komplexn\u00ed pr\u016fvodce injekcemi Nembutalu<\/h1>\n<p>Nembutal, zn\u00e1m\u00fd tak\u00e9 jako pentobarbital, je barbitur\u00e1t, kter\u00fd se v minulosti pou\u017e\u00edval k r\u016fzn\u00fdm l\u00e9ka\u0159sk\u00fdm \u00fa\u010del\u016fm, nap\u0159\u00edklad jako anestetikum a sedativum. Dnes je nejzn\u00e1m\u011bj\u0161\u00ed pro sv\u00e9 pou\u017eit\u00ed p\u0159i eutanazii a asistovan\u00e9 sebevra\u017ed\u011b. V tomto \u010dl\u00e1nku nab\u00edz\u00edme komplexn\u00edho pr\u016fvodce injekcemi Nembutalu, v\u010detn\u011b jejich pou\u017eit\u00ed, \u00fa\u010dink\u016f, pr\u00e1vn\u00edho statusu a etick\u00fdch aspekt\u016f. <a href=\"https:\/\/euthanasia.store\/cs\/\"><span class=\"___SText_lyret-kmt_\" data-ui-name=\"Link.Text\">koupit nembutal<\/span><\/a><\/p>\n<h2>Co je Nembutal?<\/h2>\n<p>Nembutal je obchodn\u00ed n\u00e1zev pentobarbitalu sodn\u00e9ho, barbitur\u00e1tu, kter\u00fd byl poprv\u00e9 syntetizov\u00e1n na po\u010d\u00e1tku 20. stolet\u00ed. Barbitur\u00e1ty p\u016fsob\u00ed jako l\u00e1tky tlum\u00edc\u00ed centr\u00e1ln\u00ed nervov\u00fd syst\u00e9m, co\u017e znamen\u00e1, \u017ee zpomaluj\u00ed mozkovou \u010dinnost, co\u017e vede k sedaci, sp\u00e1nku a p\u0159i vy\u0161\u0161\u00edch d\u00e1vk\u00e1ch k anestezii nebo smrti. <span class=\"___SText_lyret-kmt_\" data-ui-name=\"Link.Text\">koupit nembutal<\/span><\/p>\n<h3>L\u00e9ka\u0159sk\u00e9 aplikace Nembutalu<\/h3>\n<p>Nembutal se v minulosti pou\u017e\u00edval k r\u016fzn\u00fdm l\u00e9ka\u0159sk\u00fdm \u00fa\u010del\u016fm:<\/p>\n<ol>\n<li><strong>Sedace<\/strong>: K uklidn\u011bn\u00ed pacient\u016f p\u0159ed operac\u00ed.<\/li>\n<li><strong>Anestezie<\/strong>: Jako anestetikum v chirurgii.<\/li>\n<li><strong>Epilepsie<\/strong>: K urgentn\u00ed l\u00e9\u010db\u011b n\u011bkter\u00fdch typ\u016f epileptick\u00fdch z\u00e1chvat\u016f.<\/li>\n<li><strong>Eutanazie a asistovan\u00e1 sebevra\u017eda<\/strong>: Vyvol\u00e1n\u00ed smrti kontrolovan\u00fdm a bezbolestn\u00fdm zp\u016fsobem. <span class=\"___SText_lyret-kmt_\" data-ui-name=\"Link.Text\">koupit nembutal<\/span><\/li>\n<\/ol>\n<table>\n<thead>\n<tr>\n<th><strong>L\u00e9ka\u0159sk\u00e1 aplikace<\/strong><\/th>\n<th><strong>Podrobnosti na<\/strong><\/th>\n<\/tr>\n<\/thead>\n<tbody>\n<tr>\n<td>Sedace<\/td>\n<td>Uklidn\u011bn\u00ed pacient\u016f p\u0159ed operac\u00ed<\/td>\n<\/tr>\n<tr>\n<td>Anestezie<\/td>\n<td>Pou\u017eit\u00ed jako anestetikum v chirurgii<\/td>\n<\/tr>\n<tr>\n<td>Epilepsie<\/td>\n<td>Nal\u00e9hav\u00e1 l\u00e9\u010dba z\u00e1chvat\u016f, kter\u00e9 nejsou kontrolov\u00e1ny jin\u00fdmi l\u00e9ky<\/td>\n<\/tr>\n<tr>\n<td>Eutanazie a asistovan\u00e1 sebevra\u017eda<\/td>\n<td>Kontrolovan\u00e9 a bezbolestn\u00e9 navozen\u00ed smrti v situac\u00edch na konci \u017eivota<\/td>\n<\/tr>\n<\/tbody>\n<\/table>\n<h2>Jak injekce Nembutalu funguj\u00ed?<\/h2>\n<p>Nembutal p\u016fsob\u00ed tak, \u017ee zvy\u0161uje aktivitu kyseliny gama-aminom\u00e1seln\u00e9 (GABA), neurotransmiteru, kter\u00fd potla\u010duje aktivitu neuron\u016f v mozku. Zv\u00fd\u0161en\u00edm aktivity GABA inhibuje Nembutal centr\u00e1ln\u00ed nervov\u00fd syst\u00e9m, co\u017e vede k sedaci, bezv\u011bdom\u00ed a p\u0159i vysok\u00fdch d\u00e1vk\u00e1ch k z\u00e1stav\u011b dechu a smrti. <span class=\"___SText_lyret-kmt_\" data-ui-name=\"Link.Text\">koupit nembutal<\/span><\/p>\n<h3>Mechanismus \u00fa\u010dinku<\/h3>\n<ul>\n<li><strong>Pos\u00edlen\u00ed GABA<\/strong>: Nembutal se v\u00e1\u017ee na GABA receptory v mozku, \u010d\u00edm\u017e zvy\u0161uje inhibi\u010dn\u00ed \u00fa\u010dinek GABA a zpomaluje mozkovou aktivitu.<\/li>\n<li><strong>Deprese centr\u00e1ln\u00edho nervov\u00e9ho syst\u00e9mu<\/strong>: L\u00e9k sni\u017euje nervovou aktivitu, co\u017e p\u0159i vysok\u00fdch d\u00e1vk\u00e1ch vede k sedaci, bezv\u011bdom\u00ed a p\u0159\u00edpadn\u00e9mu z\u00e1niku \u017eivotn\u00edch funkc\u00ed.<\/li>\n<li><strong>Z\u00e1stava d\u00fdch\u00e1n\u00ed<\/strong>: P\u0159i smrteln\u00fdch d\u00e1vk\u00e1ch zp\u016fsobuje Nembutal selh\u00e1n\u00ed d\u00fdchac\u00edho syst\u00e9mu, co\u017e vede ke smrti. <span class=\"___SText_lyret-kmt_\" data-ui-name=\"Link.Text\">koupit nembutal<\/span><\/li>\n<\/ul>\n<h3>D\u00e1vkov\u00e1n\u00ed a pod\u00e1v\u00e1n\u00ed<\/h3>\n<p>P\u0159i eutanazii je d\u00e1vka Nembutalu pe\u010dliv\u011b vypo\u010d\u00edt\u00e1na tak, aby byla zaji\u0161t\u011bna bezbolestn\u00e1 a klidn\u00e1 smrt. L\u00e9k se obvykle pod\u00e1v\u00e1 intraven\u00f3zn\u011b, i kdy\u017e lze pou\u017e\u00edt i peror\u00e1ln\u00ed formulace. Smrteln\u00e1 d\u00e1vka p\u0159\u00edpravku Nembutal se obvykle pohybuje mezi 2-10 gramy v z\u00e1vislosti na t\u011blesn\u00e9 hmotnosti a toleranci osoby. <span class=\"___SText_lyret-kmt_\" data-ui-name=\"Link.Text\">koupit nembutal<\/span><\/p>\n<table>\n<thead>\n<tr>\n<th><strong>Zp\u016fsob pod\u00e1n\u00ed<\/strong><\/th>\n<th><strong>D\u00e1vkov\u00e1n\u00ed<\/strong><\/th>\n<th><strong>O\u010dek\u00e1van\u00fd v\u00fdsledek<\/strong><\/th>\n<\/tr>\n<\/thead>\n<tbody>\n<tr>\n<td>Intraven\u00f3zn\u00ed injekce<\/td>\n<td>2-10 gram\u016f<\/td>\n<td>Ztr\u00e1ta v\u011bdom\u00ed, z\u00e1stava dechu, smrt<\/td>\n<\/tr>\n<tr>\n<td>Peror\u00e1ln\u00ed p\u0159\u00edjem<\/td>\n<td>2-10 gram\u016f (pr\u00e1\u0161ek nebo tekutina)<\/td>\n<td>Ztr\u00e1ta v\u011bdom\u00ed, z\u00e1stava dechu, smrt<\/td>\n<\/tr>\n<\/tbody>\n<\/table>\n<h2>\u00da\u010dinky injekc\u00ed Nembutalu<\/h2>\n<p>\u00da\u010dinky injekc\u00ed Nembutalu lze rozd\u011blit do t\u0159\u00ed f\u00e1z\u00ed:<\/p>\n<ol>\n<li><strong>Sedace<\/strong>: Pacient poci\u0165uje ospalost a uvoln\u011bn\u00ed, jakmile l\u00e9k za\u010dne p\u016fsobit.<\/li>\n<li><strong>Ztr\u00e1ta v\u011bdom\u00ed<\/strong>: B\u011bhem n\u011bkolika minut pacient upadne do bezv\u011bdom\u00ed a upadne do hlubok\u00e9ho k\u00f3matu.<\/li>\n<li><strong>Z\u00e1stava d\u00fdch\u00e1n\u00ed a smrt<\/strong>: Nakonec se pacientovo d\u00fdch\u00e1n\u00ed zpomal\u00ed a zcela zastav\u00ed, co\u017e vede ke smrti.<\/li>\n<\/ol>\n<h3>Za\u010d\u00e1tek a doba trv\u00e1n\u00ed<\/h3>\n<ul>\n<li><strong>Start<\/strong>: \u00da\u010dinky injekc\u00ed Nembutalu se obvykle dostav\u00ed rychle, se ztr\u00e1tou v\u011bdom\u00ed b\u011bhem 1-5 minut po pod\u00e1n\u00ed.<\/li>\n<li><strong>Doba trv\u00e1n\u00ed<\/strong>: Smrt nast\u00e1v\u00e1 obvykle do 15-30 minut po pod\u00e1n\u00ed, v z\u00e1vislosti na d\u00e1vce a fyziologick\u00e9m stavu pacienta.<\/li>\n<\/ul>\n<table>\n<thead>\n<tr>\n<th><strong>F\u00e1ze<\/strong><\/th>\n<th><strong>\u010casov\u00e9 obdob\u00ed<\/strong><\/th>\n<th><strong>Dopad<\/strong><\/th>\n<\/tr>\n<\/thead>\n<tbody>\n<tr>\n<td>Sedace<\/td>\n<td>1-2 minuty<\/td>\n<td>Ospalost, relaxace<\/td>\n<\/tr>\n<tr>\n<td>Ztr\u00e1ta v\u011bdom\u00ed<\/td>\n<td>2-5 minut<\/td>\n<td>Bezv\u011bdom\u00ed, hlubok\u00e9 k\u00f3ma<\/td>\n<\/tr>\n<tr>\n<td>Z\u00e1stava d\u00fdch\u00e1n\u00ed a smrt<\/td>\n<td>15-30 minut (po startu)<\/td>\n<td>Z\u00e1stava d\u00fdch\u00e1n\u00ed, smrt<\/td>\n<\/tr>\n<\/tbody>\n<\/table>\n<h2>Pr\u00e1vn\u00ed status Nembutalu<\/h2>\n<p>Pr\u00e1vn\u00ed status Nembutalu se ve sv\u011bt\u011b zna\u010dn\u011b li\u0161\u00ed, v mnoha zem\u00edch je tento l\u00e9k p\u0159\u00edsn\u011b regulov\u00e1n nebo zak\u00e1z\u00e1n kv\u016fli mo\u017enosti zneu\u017eit\u00ed a pou\u017eit\u00ed k eutanazii. <span class=\"___SText_lyret-kmt_\" data-ui-name=\"Link.Text\">koupit nembutal<\/span><\/p>\n<h3>Zem\u011b, kde je Nembutal leg\u00e1ln\u00ed pro eutanazii<\/h3>\n<p>V n\u011bkter\u00fdch zem\u00edch je Nembutal leg\u00e1ln\u011b pou\u017e\u00edv\u00e1n pro <a href=\"https:\/\/www.tiktok.com\/discover\/where-to-buy-nembutal\" target=\"_blank\" rel=\"noopener\">eutanazie<\/a> a asistovan\u00e9 sebevra\u017edy podle p\u0159\u00edsn\u00fdch p\u0159edpis\u016f. V t\u011bchto zem\u00edch obvykle plat\u00ed z\u00e1kony, kter\u00e9 d\u00e1vaj\u00ed nevyl\u00e9\u010diteln\u011b nemocn\u00fdm pacient\u016fm mo\u017enost zvolit si eutanazii jako mo\u017enost ukon\u010den\u00ed \u017eivota.<\/p>\n<ul>\n<li><strong>Nizozemsko<\/strong>: Nembutal se leg\u00e1ln\u011b pou\u017e\u00edv\u00e1 k eutanazii podle p\u0159\u00edsn\u00fdch l\u00e9ka\u0159sk\u00fdch pravidel.<\/li>\n<li><strong>Belgie<\/strong>: Eutanazie je leg\u00e1ln\u00ed a Nembutal je b\u011b\u017en\u00fd l\u00e9k.<\/li>\n<li><strong>\u0160v\u00fdcarsko<\/strong>: Asistovan\u00e1 sebevra\u017eda je leg\u00e1ln\u00ed a Nembutal pou\u017e\u00edvaj\u00ed organizace jako Dignitas.<\/li>\n<\/ul>\n<h3>Zem\u011b, kde je Nembutal zak\u00e1z\u00e1n<\/h3>\n<p>V mnoha zem\u00edch je Nembutal zak\u00e1z\u00e1n nebo je jeho pou\u017e\u00edv\u00e1n\u00ed p\u0159\u00edsn\u011b omezeno kv\u016fli obav\u00e1m z mo\u017en\u00e9ho zneu\u017eit\u00ed a zneu\u017eit\u00ed.<\/p>\n<ul>\n<li><strong>Spojen\u00e9 st\u00e1ty americk\u00e9<\/strong>: Nembutal je l\u00e1tka za\u0159azen\u00e1 do seznamu II, co\u017e znamen\u00e1, \u017ee je p\u0159\u00edsn\u011b regulovan\u00e1 a nen\u00ed k dispozici pro eutanazii.<\/li>\n<li><strong>Austr\u00e1lie<\/strong>: Nembutal je nez\u00e1konn\u00fd, a\u010dkoli se st\u00e1le diskutuje o jeho pou\u017eit\u00ed p\u0159i asistovan\u00e9 sebevra\u017ed\u011b. <span class=\"___SText_lyret-kmt_\" data-ui-name=\"Link.Text\">koupit nembutal<\/span><\/li>\n<\/ul>\n<table>\n<thead>\n<tr>\n<th><strong>Zem\u011b<\/strong><\/th>\n<th><strong>Pr\u00e1vn\u00ed postaven\u00ed<\/strong><\/th>\n<th><strong>Podrobnosti na<\/strong><\/th>\n<\/tr>\n<\/thead>\n<tbody>\n<tr>\n<td>Nizozemsko<\/td>\n<td>Leg\u00e1ln\u00ed eutanazie<\/td>\n<td>Pou\u017e\u00edv\u00e1 se pod p\u0159\u00edsn\u00fdm l\u00e9ka\u0159sk\u00fdm dohledem<\/td>\n<\/tr>\n<tr>\n<td>Belgie<\/td>\n<td>Leg\u00e1ln\u00ed eutanazie<\/td>\n<td>B\u011b\u017en\u011b se pou\u017e\u00edv\u00e1 v p\u00e9\u010di na konci \u017eivota<\/td>\n<\/tr>\n<tr>\n<td>\u0160v\u00fdcarsko<\/td>\n<td>Leg\u00e1ln\u00ed asistovan\u00e1 sebevra\u017eda<\/td>\n<td>Vyu\u017e\u00edvaj\u00ed je organizace jako Dignitas<\/td>\n<\/tr>\n<tr>\n<td>Spojen\u00e9 st\u00e1ty americk\u00e9<\/td>\n<td>Zak\u00e1zan\u00e9 (kontrolovan\u00e1 l\u00e1tka seznamu II)<\/td>\n<td>Nen\u00ed k dispozici pro eutanazii, je p\u0159\u00edsn\u011b regulov\u00e1no pro l\u00e9ka\u0159sk\u00e9 pou\u017eit\u00ed.<\/td>\n<\/tr>\n<tr>\n<td>Austr\u00e1lie<\/td>\n<td>Zak\u00e1zan\u00e9<\/td>\n<td>Neleg\u00e1ln\u00ed, prob\u00edhaj\u00edc\u00ed debaty o legalizaci eutanazie<\/td>\n<\/tr>\n<\/tbody>\n<\/table>\n<h2>Etick\u00e9 aspekty<\/h2>\n<p>Pou\u017eit\u00ed Nembutalu p\u0159i eutanazii a asistovan\u00e9 sebevra\u017ed\u011b vyvol\u00e1v\u00e1 d\u016fle\u017eit\u00e9 etick\u00e9 ot\u00e1zky. Pat\u0159\u00ed mezi n\u011b diskuse o pr\u00e1vu na smrt, \u00faloze zdravotn\u00edk\u016f p\u0159i ukon\u010dov\u00e1n\u00ed \u017eivota a mo\u017enosti zneu\u017eit\u00ed.<\/p>\n<h3>Pr\u00e1vo na smrt<\/h3>\n<p>Zast\u00e1nci pr\u00e1va na smrt argumentuj\u00ed t\u00edm, \u017ee by jednotlivci m\u011bli m\u00edt mo\u017enost autonomn\u011b se rozhodnout, kdy a jak zem\u0159ou, zejm\u00e9na v p\u0159\u00edpadech nevyl\u00e9\u010diteln\u00fdch nemoc\u00ed, kdy je utrpen\u00ed nevyhnuteln\u00e9. Nembutal je \u010dasto pova\u017eov\u00e1n za hum\u00e1nn\u00ed zp\u016fsob, jak dos\u00e1hnout klidn\u00e9 smrti. <span class=\"___SText_lyret-kmt_\" data-ui-name=\"Link.Text\">koupit nembutal<\/span><\/p>\n<h3>L\u00e9ka\u0159sk\u00e1 etika<\/h3>\n<p>St\u0159edem debaty o eutanazii jsou \u010dasto zdravotn\u00edci. Zat\u00edmco n\u011bkte\u0159\u00ed tvrd\u00ed, \u017ee l\u00e9ka\u0159i by m\u011bli prost\u0159ednictv\u00edm eutanazie pom\u00e1hat zm\u00edr\u0148ovat utrpen\u00ed, jin\u00ed se domn\u00edvaj\u00ed, \u017ee jejich \u00fakolem je zachovat \u017eivot, co\u017e m\u016f\u017ee pou\u017eit\u00ed Nembutalu \u010dinit eticky problematick\u00fdm. <span class=\"___SText_lyret-kmt_\" data-ui-name=\"Link.Text\">koupit nembutal<\/span><\/p>\n<h3>Mo\u017enost zneu\u017eit\u00ed<\/h3>\n<p>Jednou z nejv\u011bt\u0161\u00edch obav v souvislosti s p\u0159\u00edpravkem Nembutal je mo\u017enost jeho zneu\u017eit\u00ed. L\u00e9k m\u016f\u017ee b\u00fdt zneu\u017eit k sebevra\u017ed\u011b v neterm\u00ednovan\u00fdch p\u0159\u00edpadech nebo dokonce jako prost\u0159edek vra\u017edy. Tento potenci\u00e1l zneu\u017eit\u00ed je hlavn\u00edm d\u016fvodem, pro\u010d je l\u00e9k v mnoha zem\u00edch tak p\u0159\u00edsn\u011b regulov\u00e1n. <span class=\"___SText_lyret-kmt_\" data-ui-name=\"Link.Text\">koupit nembutal<\/span><\/p>\n<h2>Z\u00e1v\u011br<\/h2>\n<p>Injekce Nembutalu jsou \u00fa\u010dinn\u00fdm a kontroverzn\u00edm prost\u0159edkem p\u00e9\u010de na konci \u017eivota. Tento l\u00e9k sice nab\u00edz\u00ed zp\u016fsob, jak dos\u00e1hnout klidn\u00e9 a bezbolestn\u00e9 smrti, ale jeho pou\u017eit\u00ed je spojeno s pr\u00e1vn\u00edmi, etick\u00fdmi a regula\u010dn\u00edmi probl\u00e9my. Vzhledem k tomu, \u017ee se debata o eutanazii a asistovan\u00e9 sebevra\u017ed\u011b st\u00e1le vyv\u00edj\u00ed, z\u016fstane Nembutal \u00fast\u0159edn\u00edm t\u00e9matem diskus\u00ed o pr\u00e1vu na smrt a \u00faloze medic\u00edny v p\u00e9\u010di o pacienty na konci \u017eivota.<\/p>\n<p>Pro osoby, kter\u00e9 zva\u017euj\u00ed n\u00e1kup p\u0159\u00edpravku Nembutal pro \u00fa\u010dely eutanazie nebo asistovan\u00e9 sebevra\u017edy, je z\u00e1sadn\u00ed poradit se s pr\u00e1vn\u00edmi a l\u00e9ka\u0159sk\u00fdmi odborn\u00edky, aby pochopily d\u016fsledky a zajistily soulad s m\u00edstn\u00edmi z\u00e1kony. <span class=\"___SText_lyret-kmt_\" data-ui-name=\"Link.Text\">koupit nembutal<\/span><\/p>\n<h2>Nej\u010dast\u011bj\u0161\u00ed dotazy<\/h2>\n<h3>1. Co je Nembutal?<\/h3>\n<h3>2. Jak Nembutal funguje?<\/h3>\n<p>Nembutal p\u016fsob\u00ed tak, \u017ee zvy\u0161uje aktivitu kyseliny gama-aminom\u00e1seln\u00e9 (GABA), neurotransmiteru, kter\u00fd tlum\u00ed mozkovou aktivitu. To vede k sedaci, ztr\u00e1t\u011b v\u011bdom\u00ed a p\u0159i vysok\u00fdch d\u00e1vk\u00e1ch k z\u00e1stav\u011b dechu a smrti.<\/p>\n<h3>3. Jak\u00e9 je l\u00e9ka\u0159sk\u00e9 pou\u017eit\u00ed Nembutalu?<\/h3>\n<p>Historicky se Nembutal pou\u017e\u00edval k:<\/p>\n<ul>\n<li><strong>Sedace<\/strong>: Uklidn\u011bn\u00ed pacient\u016f p\u0159ed operac\u00ed.<\/li>\n<li><strong>Anestezie<\/strong>: Pou\u017eit\u00ed jako anestetikum p\u0159i operac\u00edch.<\/li>\n<li><strong>Epilepsie<\/strong>: Nal\u00e9hav\u00e1 l\u00e9\u010dba n\u011bkter\u00fdch epileptick\u00fdch z\u00e1chvat\u016f.<\/li>\n<li><strong>Eutanazie a asistovan\u00e1 sebevra\u017eda<\/strong>: Vyvolat \u0159\u00edzenou a bezbolestnou smrt.<\/li>\n<\/ul>\n<h3>4. Jak se pod\u00e1v\u00e1 Nembutal p\u0159i eutanazii?<\/h3>\n<p>Nembutal lze pod\u00e1vat bu\u010f intraven\u00f3zn\u011b, nebo peror\u00e1ln\u011b. Smrteln\u00e1 d\u00e1vka se obvykle pohybuje mezi 2-10 gramy v z\u00e1vislosti na t\u011blesn\u00e9 hmotnosti a toleranci osoby. V\u00fdsledkem pod\u00e1n\u00ed je ztr\u00e1ta v\u011bdom\u00ed b\u011bhem n\u011bkolika minut a smrt do 15-30 minut.<\/p>\n<h3>5. Jak\u00fd je pr\u00e1vn\u00ed status Nembutalu v Nizozemsku?<\/h3>\n<p>V Nizozemsku je pou\u017eit\u00ed Nembutalu k eutanazii za p\u0159\u00edsn\u00fdch l\u00e9ka\u0159sk\u00fdch podm\u00ednek leg\u00e1ln\u00ed. Pou\u017e\u00edv\u00e1 se v souladu s pokyny k zaji\u0161t\u011bn\u00ed hum\u00e1nn\u00ed smrti nevyl\u00e9\u010diteln\u011b nemocn\u00fdch pacient\u016f. <span class=\"___SText_lyret-kmt_\" data-ui-name=\"Link.Text\">koupit nembutal<\/span><\/p>\n<h3>6. Je Nembutal leg\u00e1ln\u011b dostupn\u00fd v jin\u00fdch zem\u00edch?<\/h3>\n<p>Pr\u00e1vn\u00ed status Nembutalu se v jednotliv\u00fdch zem\u00edch li\u0161\u00ed. V Belgii a \u0160v\u00fdcarsku je leg\u00e1ln\u00ed pro eutanazii a asistovanou sebevra\u017edu, zat\u00edmco v zem\u00edch, jako jsou Spojen\u00e9 st\u00e1ty a Austr\u00e1lie, je zak\u00e1z\u00e1n.<\/p>\n<h3>7. Jak\u00e9 jsou etick\u00e9 aspekty pou\u017eit\u00ed Nembutalu?<\/h3>\n<p>Pou\u017eit\u00ed Nembutalu k eutanazii vyvol\u00e1v\u00e1 etick\u00e9 ot\u00e1zky t\u00fdkaj\u00edc\u00ed se pr\u00e1va na smrt, role zdravotn\u00edk\u016f p\u0159i ukon\u010dov\u00e1n\u00ed \u017eivota a mo\u017en\u00e9ho rizika zneu\u017eit\u00ed.<\/p>\n<h3>8. Mohu si koupit Nembutal online?<\/h3>\n<p>N\u00e1kup Nembutalu online je ve v\u011bt\u0161in\u011b zem\u00ed neleg\u00e1ln\u00ed a m\u016f\u017ee m\u00edt v\u00e1\u017en\u00e9 pr\u00e1vn\u00ed d\u016fsledky. P\u0159ed zva\u017eov\u00e1n\u00edm takov\u00fdch krok\u016f je nezbytn\u00e9 konzultovat m\u00edstn\u00ed z\u00e1kony a vyhledat l\u00e9ka\u0159skou pomoc. <span class=\"___SText_lyret-kmt_\" data-ui-name=\"Link.Text\">koupit nembutal<\/span><\/p>\n<h3>9. Je pou\u017eit\u00ed Nembutalu bezpe\u010dn\u00e9?<\/h3>\n<p>P\u0159i l\u00e9ka\u0159sk\u00e9m pou\u017eit\u00ed a pod dohledem m\u016f\u017ee b\u00fdt Nembutal \u00fa\u010dinn\u00fd. Vzhledem k jeho rizik\u016fm a mo\u017enosti zneu\u017eit\u00ed je v\u0161ak p\u0159\u00edsn\u011b regulov\u00e1n. Nekontrolovan\u00e9 pou\u017eit\u00ed m\u016f\u017ee v\u00e9st k v\u00e1\u017en\u00fdm zdravotn\u00edm rizik\u016fm, v\u010detn\u011b \u00famrt\u00ed.<\/p>\n<h3>10. Jak mohu leg\u00e1ln\u011b z\u00edskat Nembutal?<\/h3>\n<p>Leg\u00e1ln\u00ed z\u00edsk\u00e1n\u00ed Nembutalu je mo\u017en\u00e9 pouze v zem\u00edch, kde je jeho pou\u017eit\u00ed k eutanazii povoleno, a to prost\u0159ednictv\u00edm zdravotnick\u00e9ho pracovn\u00edka, kter\u00fd dodr\u017euje m\u00edstn\u00ed p\u0159edpisy.<\/p>","protected":false},"excerpt":{"rendered":"<p>Kupte si injek\u010dn\u00ed roztok Nembutal online od vybran\u00e9ho dodavatele se zaru\u010den\u00fdm diskr\u00e9tn\u00edm doru\u010den\u00edm po cel\u00e9m sv\u011bt\u011b. Euthanasia group je ov\u011b\u0159en\u00e1 a schv\u00e1len\u00e1. dos\u00e1hn\u011bte a z\u00edskejte to nejlep\u0161\u00ed.<\/p>\n<p>Injekce barbitur\u00e1tu, injekce nembutalu, injekce pentobarbitalu, injekce pentobarbitalu sodn\u00e9ho<\/p>","protected":false},"featured_media":832,"comment_status":"open","ping_status":"closed","template":"","meta":{"ocean_post_layout":"","ocean_both_sidebars_style":"","ocean_both_sidebars_content_width":0,"ocean_both_sidebars_sidebars_width":0,"ocean_sidebar":"0","ocean_second_sidebar":"0","ocean_disable_margins":"enable","ocean_add_body_class":"","ocean_shortcode_before_top_bar":"","ocean_shortcode_after_top_bar":"","ocean_shortcode_before_header":"","ocean_shortcode_after_header":"","ocean_has_shortcode":"","ocean_shortcode_after_title":"","ocean_shortcode_before_footer_widgets":"","ocean_shortcode_after_footer_widgets":"","ocean_shortcode_before_footer_bottom":"","ocean_shortcode_after_footer_bottom":"","ocean_display_top_bar":"default","ocean_display_header":"default","ocean_header_style":"","ocean_center_header_left_menu":"0","ocean_custom_header_template":"0","ocean_custom_logo":0,"ocean_custom_retina_logo":0,"ocean_custom_logo_max_width":0,"ocean_custom_logo_tablet_max_width":0,"ocean_custom_logo_mobile_max_width":0,"ocean_custom_logo_max_height":0,"ocean_custom_logo_tablet_max_height":0,"ocean_custom_logo_mobile_max_height":0,"ocean_header_custom_menu":"0","ocean_menu_typo_font_family":"0","ocean_menu_typo_font_subset":"","ocean_menu_typo_font_size":0,"ocean_menu_typo_font_size_tablet":0,"ocean_menu_typo_font_size_mobile":0,"ocean_menu_typo_font_size_unit":"px","ocean_menu_typo_font_weight":"","ocean_menu_typo_font_weight_tablet":"","ocean_menu_typo_font_weight_mobile":"","ocean_menu_typo_transform":"","ocean_menu_typo_transform_tablet":"","ocean_menu_typo_transform_mobile":"","ocean_menu_typo_line_height":0,"ocean_menu_typo_line_height_tablet":0,"ocean_menu_typo_line_height_mobile":0,"ocean_menu_typo_line_height_unit":"","ocean_menu_typo_spacing":0,"ocean_menu_typo_spacing_tablet":0,"ocean_menu_typo_spacing_mobile":0,"ocean_menu_typo_spacing_unit":"","ocean_menu_link_color":"","ocean_menu_link_color_hover":"","ocean_menu_link_color_active":"","ocean_menu_link_background":"","ocean_menu_link_hover_background":"","ocean_menu_link_active_background":"","ocean_menu_social_links_bg":"","ocean_menu_social_hover_links_bg":"","ocean_menu_social_links_color":"","ocean_menu_social_hover_links_color":"","ocean_disable_title":"default","ocean_disable_heading":"default","ocean_post_title":"","ocean_post_subheading":"","ocean_post_title_style":"","ocean_post_title_background_color":"","ocean_post_title_background":0,"ocean_post_title_bg_image_position":"","ocean_post_title_bg_image_attachment":"","ocean_post_title_bg_image_repeat":"","ocean_post_title_bg_image_size":"","ocean_post_title_height":0,"ocean_post_title_bg_overlay":0.5,"ocean_post_title_bg_overlay_color":"","ocean_disable_breadcrumbs":"default","ocean_breadcrumbs_color":"","ocean_breadcrumbs_separator_color":"","ocean_breadcrumbs_links_color":"","ocean_breadcrumbs_links_hover_color":"","ocean_display_footer_widgets":"default","ocean_display_footer_bottom":"default","ocean_custom_footer_template":"0"},"product_brand":[],"product_cat":[26],"product_tag":[],"class_list":{"0":"post-589","1":"product","2":"type-product","3":"status-publish","4":"has-post-thumbnail","6":"product_cat-nembutal","8":"entry","9":"has-media","11":"first","12":"instock","13":"sale","14":"featured","15":"shipping-taxable","16":"purchasable","17":"product-type-variable","18":"has-rating","19":"has-product-nav","20":"col","21":"span_1_of_3","22":"owp-content-center","23":"owp-thumbs-layout-horizontal","24":"owp-btn-normal","25":"owp-tabs-layout-horizontal","26":"has-no-thumbnails"},"jetpack_sharing_enabled":true,"_links":{"self":[{"href":"https:\/\/euthanasia.store\/cs\/wp-json\/wp\/v2\/product\/589","targetHints":{"allow":["GET"]}}],"collection":[{"href":"https:\/\/euthanasia.store\/cs\/wp-json\/wp\/v2\/product"}],"about":[{"href":"https:\/\/euthanasia.store\/cs\/wp-json\/wp\/v2\/types\/product"}],"replies":[{"embeddable":true,"href":"https:\/\/euthanasia.store\/cs\/wp-json\/wp\/v2\/comments?post=589"}],"wp:featuredmedia":[{"embeddable":true,"href":"https:\/\/euthanasia.store\/cs\/wp-json\/wp\/v2\/media\/832"}],"wp:attachment":[{"href":"https:\/\/euthanasia.store\/cs\/wp-json\/wp\/v2\/media?parent=589"}],"wp:term":[{"taxonomy":"product_brand","embeddable":true,"href":"https:\/\/euthanasia.store\/cs\/wp-json\/wp\/v2\/product_brand?post=589"},{"taxonomy":"product_cat","embeddable":true,"href":"https:\/\/euthanasia.store\/cs\/wp-json\/wp\/v2\/product_cat?post=589"},{"taxonomy":"product_tag","embeddable":true,"href":"https:\/\/euthanasia.store\/cs\/wp-json\/wp\/v2\/product_tag?post=589"}],"curies":[{"name":"wp","href":"https:\/\/api.w.org\/{rel}","templated":true}]}}