{"id":530,"date":"2024-07-30T21:19:32","date_gmt":"2024-07-30T21:19:32","guid":{"rendered":"https:\/\/euthanasia.store\/?page_id=530"},"modified":"2024-07-30T22:21:09","modified_gmt":"2024-07-30T22:21:09","slug":"euthanasie-definition","status":"publish","type":"page","link":"https:\/\/euthanasia.store\/cs\/euthanasie-definition\/","title":{"rendered":"NA\u0160E SLU\u017dBY"},"content":{"rendered":"<div id=\"ez-toc-container\" class=\"ez-toc-v2_0_82_2 counter-hierarchy ez-toc-counter ez-toc-grey ez-toc-container-direction\">\n<div class=\"ez-toc-title-container\">\n<p class=\"ez-toc-title\" style=\"cursor:inherit\">Obsah<\/p>\n<span class=\"ez-toc-title-toggle\"><a href=\"#\" class=\"ez-toc-pull-right ez-toc-btn ez-toc-btn-xs ez-toc-btn-default ez-toc-toggle\" aria-label=\"P\u0159epnut\u00ed tabulky obsahu\"><span class=\"ez-toc-js-icon-con\"><span class=\"\"><span class=\"eztoc-hide\" style=\"display:none;\">P\u0159ep\u00edna\u010d<\/span><span class=\"ez-toc-icon-toggle-span\"><svg style=\"fill: #999;color:#999\" xmlns=\"http:\/\/www.w3.org\/2000\/svg\" class=\"list-377408\" width=\"20px\" height=\"20px\" viewbox=\"0 0 24 24\" fill=\"none\"><path d=\"M6 6H4v2h2V6zm14 0H8v2h12V6zM4 11h2v2H4v-2zm16 0H8v2h12v-2zM4 16h2v2H4v-2zm16 0H8v2h12v-2z\" fill=\"currentColor\"><\/path><\/svg><svg style=\"fill: #999;color:#999\" class=\"arrow-unsorted-368013\" xmlns=\"http:\/\/www.w3.org\/2000\/svg\" width=\"10px\" height=\"10px\" viewbox=\"0 0 24 24\" version=\"1.2\" baseprofile=\"tiny\"><path d=\"M18.2 9.3l-6.2-6.3-6.2 6.3c-.2.2-.3.4-.3.7s.1.5.3.7c.2.2.4.3.7.3h11c.3 0 .5-.1.7-.3.2-.2.3-.5.3-.7s-.1-.5-.3-.7zM5.8 14.7l6.2 6.3 6.2-6.3c.2-.2.3-.5.3-.7s-.1-.5-.3-.7c-.2-.2-.4-.3-.7-.3h-11c-.3 0-.5.1-.7.3-.2.2-.3.5-.3.7s.1.5.3.7z\"\/><\/svg><\/span><\/span><\/span><\/a><\/span><\/div>\n<nav><ul class='ez-toc-list ez-toc-list-level-1' ><li class='ez-toc-page-1 ez-toc-heading-level-1'><a class=\"ez-toc-link ez-toc-heading-1\" href=\"https:\/\/euthanasia.store\/cs\/euthanasie-definition\/#Uitgebreide_Diensten_Aangeboden_door_Euthanasiastore\" >Komplexn\u00ed slu\u017eby nab\u00edzen\u00e9 spole\u010dnost\u00ed Euthanasia.store<\/a><ul class='ez-toc-list-level-2' ><li class='ez-toc-heading-level-2'><a class=\"ez-toc-link ez-toc-heading-2\" href=\"https:\/\/euthanasia.store\/cs\/euthanasie-definition\/#Euthanasie_Consultatie\" >Konzultace k eutanazii<\/a><ul class='ez-toc-list-level-3' ><li class='ez-toc-heading-level-3'><a class=\"ez-toc-link ez-toc-heading-3\" href=\"https:\/\/euthanasia.store\/cs\/euthanasie-definition\/#Initiele_Beoordeling\" >\u00davodn\u00ed posouzen\u00ed<\/a><\/li><li class='ez-toc-page-1 ez-toc-heading-level-3'><a class=\"ez-toc-link ez-toc-heading-4\" href=\"https:\/\/euthanasia.store\/cs\/euthanasie-definition\/#Wettelijke_Vereisten\" >Pr\u00e1vn\u00ed po\u017eadavky<\/a><\/li><li class='ez-toc-page-1 ez-toc-heading-level-3'><a class=\"ez-toc-link ez-toc-heading-5\" href=\"https:\/\/euthanasia.store\/cs\/euthanasie-definition\/#Gepersonaliseerde_Zorgplannen\" >Individu\u00e1ln\u00ed pl\u00e1ny p\u00e9\u010de<\/a><\/li><\/ul><\/li><li class='ez-toc-page-1 ez-toc-heading-level-2'><a class=\"ez-toc-link ez-toc-heading-6\" href=\"https:\/\/euthanasia.store\/cs\/euthanasie-definition\/#Planning_van_het_Einde_van_het_Leven\" >Pl\u00e1nov\u00e1n\u00ed konce \u017eivota<\/a><ul class='ez-toc-list-level-3' ><li class='ez-toc-heading-level-3'><a class=\"ez-toc-link ez-toc-heading-7\" href=\"https:\/\/euthanasia.store\/cs\/euthanasie-definition\/#Voorafgaande_Wilsverklaringen\" >P\u0159edchoz\u00ed z\u00e1v\u011bti<\/a><\/li><li class='ez-toc-page-1 ez-toc-heading-level-3'><a class=\"ez-toc-link ez-toc-heading-8\" href=\"https:\/\/euthanasia.store\/cs\/euthanasie-definition\/#Levenstestamenten\" >\u017divotn\u00ed z\u00e1v\u011bti<\/a><\/li><li class='ez-toc-page-1 ez-toc-heading-level-3'><a class=\"ez-toc-link ez-toc-heading-9\" href=\"https:\/\/euthanasia.store\/cs\/euthanasie-definition\/#Uitvaartplanning\" >Pl\u00e1nov\u00e1n\u00ed poh\u0159bu<\/a><\/li><\/ul><\/li><li class='ez-toc-page-1 ez-toc-heading-level-2'><a class=\"ez-toc-link ez-toc-heading-10\" href=\"https:\/\/euthanasia.store\/cs\/euthanasie-definition\/#Juridische_Bijstand\" >Pr\u00e1vn\u00ed pomoc<\/a><ul class='ez-toc-list-level-3' ><li class='ez-toc-heading-level-3'><a class=\"ez-toc-link ez-toc-heading-11\" href=\"https:\/\/euthanasia.store\/cs\/euthanasie-definition\/#Ondersteuning_bij_Documentatie\" >Podpora dokumentace<\/a><\/li><li class='ez-toc-page-1 ez-toc-heading-level-3'><a class=\"ez-toc-link ez-toc-heading-12\" href=\"https:\/\/euthanasia.store\/cs\/euthanasie-definition\/#Juridisch_Advies\" >Pr\u00e1vn\u00ed poradenstv\u00ed<\/a><\/li><\/ul><\/li><li class='ez-toc-page-1 ez-toc-heading-level-2'><a class=\"ez-toc-link ez-toc-heading-13\" href=\"https:\/\/euthanasia.store\/cs\/euthanasie-definition\/#Psychologische_Ondersteuning\" >Psychologick\u00e1 podpora<\/a><ul class='ez-toc-list-level-3' ><li class='ez-toc-heading-level-3'><a class=\"ez-toc-link ez-toc-heading-14\" href=\"https:\/\/euthanasia.store\/cs\/euthanasie-definition\/#Counseling_Diensten\" >Poradensk\u00e9 slu\u017eby<\/a><\/li><li class='ez-toc-page-1 ez-toc-heading-level-3'><a class=\"ez-toc-link ez-toc-heading-15\" href=\"https:\/\/euthanasia.store\/cs\/euthanasie-definition\/#Rouwbegeleiding\" >Poradenstv\u00ed pro poz\u016fstal\u00e9<\/a><\/li><\/ul><\/li><li class='ez-toc-page-1 ez-toc-heading-level-2'><a class=\"ez-toc-link ez-toc-heading-16\" href=\"https:\/\/euthanasia.store\/cs\/euthanasie-definition\/#Conclusie\" >Z\u00e1v\u011br<\/a><\/li><\/ul><\/li><\/ul><\/nav><\/div>\n<h1 class=\"wp-block-heading\"><span class=\"ez-toc-section\" id=\"Uitgebreide_Diensten_Aangeboden_door_Euthanasiastore\"><\/span>Komplexn\u00ed slu\u017eby nab\u00edzen\u00e9 spole\u010dnost\u00ed Euthanasia.store<span class=\"ez-toc-section-end\"><\/span><\/h1>\n\n\n\n<p>Definice eutanazie, V Euthanasia.store ch\u00e1peme hlubokou a citlivou povahu rozhodnut\u00ed o ukon\u010den\u00ed \u017eivota. Na\u0161\u00edm posl\u00e1n\u00edm je poskytovat soucitn\u00e9, etick\u00e9 a pr\u00e1vn\u011b vyhovuj\u00edc\u00ed slu\u017eby osob\u00e1m, kter\u00e9 cht\u011bj\u00ed d\u016fstojn\u011b ukon\u010dit sv\u00e9 utrpen\u00ed. Tento \u010dl\u00e1nek popisuje komplexn\u00ed \u0161k\u00e1lu slu\u017eeb, kter\u00e9 nab\u00edz\u00edme a kter\u00e9 zaji\u0161\u0165uj\u00ed, \u017ee na\u0161i klienti a jejich rodiny maj\u00ed podporu na ka\u017ed\u00e9m kroku.<\/p>\n\n\n\n<h2 class=\"wp-block-heading\"><span class=\"ez-toc-section\" id=\"Euthanasie_Consultatie\"><\/span>Konzultace k eutanazii<span class=\"ez-toc-section-end\"><\/span><\/h2>\n\n\n\n<h3 class=\"wp-block-heading\"><span class=\"ez-toc-section\" id=\"Initiele_Beoordeling\"><\/span>\u00davodn\u00ed posouzen\u00ed<span class=\"ez-toc-section-end\"><\/span><\/h3>\n\n\n\n<p>\u00davodn\u00ed posouzen\u00ed je prvn\u00edm krokem v na\u0161em procesu konzultace eutanazie. C\u00edlem tohoto komplexn\u00edho posouzen\u00ed je porozum\u011bt zdravotn\u00edmu stavu klienta, jeho osobn\u00edm p\u0159\u00e1n\u00edm a vhodnosti eutanazie podle p\u0159\u00edslu\u0161n\u00fdch z\u00e1kon\u016f. Definice eutanazie<\/p>\n\n\n\n<ol class=\"wp-block-list\">\n<li><strong>L\u00e9ka\u0159sk\u00e1 anamn\u00e9za<\/strong>: N\u00e1\u0161 l\u00e9ka\u0159sk\u00fd t\u00fdm provede d\u016fkladnou kontrolu zdravotnick\u00e9 dokumentace pacienta.<\/li>\n\n\n\n<li><strong>Fyzik\u00e1ln\u00ed vy\u0161et\u0159en\u00ed<\/strong>: Kompletn\u00ed fyzik\u00e1ln\u00ed vy\u0161et\u0159en\u00ed pro posouzen\u00ed aktu\u00e1ln\u00edho zdravotn\u00edho stavu pacienta.<\/li>\n\n\n\n<li><strong>Psychologick\u00e9 hodnocen\u00ed<\/strong>: Posouzen\u00ed, zda je pacient schopen u\u010dinit informovan\u00e9 rozhodnut\u00ed o eutanazii.<\/li>\n<\/ol>\n\n\n\n<figure class=\"wp-block-table\"><table class=\"has-fixed-layout\"><thead><tr><th><strong>Sekce hodnocen\u00ed<\/strong><\/th><th><strong>Podrobnosti na<\/strong><\/th><\/tr><\/thead><tbody><tr><td>L\u00e9ka\u0159sk\u00e1 anamn\u00e9za<\/td><td>Posouzen\u00ed minul\u00e9ho a sou\u010dasn\u00e9ho zdravotn\u00edho stavu<\/td><\/tr><tr><td>Fyzik\u00e1ln\u00ed vy\u0161et\u0159en\u00ed<\/td><td>Komplexn\u00ed kontrola zdravotn\u00edho stavu<\/td><\/tr><tr><td>Psychologick\u00e9 hodnocen\u00ed<\/td><td>Posouzen\u00ed du\u0161evn\u00edho zdrav\u00ed a schopnosti rozhodovat<\/td><\/tr><\/tbody><\/table><\/figure>\n\n\n\n<h3 class=\"wp-block-heading\"><span class=\"ez-toc-section\" id=\"Wettelijke_Vereisten\"><\/span>Pr\u00e1vn\u00ed po\u017eadavky<span class=\"ez-toc-section-end\"><\/span><\/h3>\n\n\n\n<p>Pochopen\u00ed a dodr\u017eov\u00e1n\u00ed z\u00e1konn\u00fdch po\u017eadavk\u016f je z\u00e1sadn\u00ed v oblasti <a href=\"https:\/\/www.youtube.com\/watch?v=eo8Hn0DEcpw\" target=\"_blank\" rel=\"noopener\">proces eutanazie<\/a>. Zaji\u0161\u0165ujeme pln\u00e9 dodr\u017eov\u00e1n\u00ed v\u0161ech pr\u00e1vn\u00edch r\u00e1mc\u016f.<\/p>\n\n\n\n<ol class=\"wp-block-list\">\n<li><strong>Krit\u00e9ria zp\u016fsobilosti<\/strong>: Ov\u011b\u0159en\u00ed zp\u016fsobilosti pacienta na z\u00e1klad\u011b m\u00edstn\u00edch a vnitrost\u00e1tn\u00edch pr\u00e1vn\u00edch p\u0159edpis\u016f.<\/li>\n\n\n\n<li><strong>Formul\u00e1\u0159e souhlasu<\/strong>: Podrobn\u00e9 formul\u00e1\u0159e souhlasu, kter\u00e9 vypln\u00ed pacient a v n\u011bkter\u00fdch p\u0159\u00edpadech i jeho rodinn\u00ed p\u0159\u00edslu\u0161n\u00edci.<\/li>\n\n\n\n<li><strong>Dokumentace<\/strong>: Shroma\u017e\u010fov\u00e1n\u00ed a p\u0159edkl\u00e1d\u00e1n\u00ed pot\u0159ebn\u00fdch pr\u00e1vn\u00edch dokument\u016f p\u0159\u00edslu\u0161n\u00fdm org\u00e1n\u016fm. Definice eutanazie<\/li>\n<\/ol>\n\n\n\n<h3 class=\"wp-block-heading\"><span class=\"ez-toc-section\" id=\"Gepersonaliseerde_Zorgplannen\"><\/span>Individu\u00e1ln\u00ed pl\u00e1ny p\u00e9\u010de<span class=\"ez-toc-section-end\"><\/span><\/h3>\n\n\n\n<p>Ka\u017ed\u00fd pacient dostane individu\u00e1ln\u00ed pl\u00e1n p\u00e9\u010de p\u0159izp\u016fsoben\u00fd jeho jedine\u010dn\u00fdm pot\u0159eb\u00e1m a p\u0159\u00e1n\u00edm. Tento pl\u00e1n zahrnuje:<\/p>\n\n\n\n<ol class=\"wp-block-list\">\n<li><strong>L\u00e9\u010dba bolesti<\/strong>: Strategie pro zvl\u00e1d\u00e1n\u00ed bolesti a nepohodl\u00ed.<\/li>\n\n\n\n<li><strong>Emocion\u00e1ln\u00ed podpora<\/strong>: Poradensk\u00e9 a podp\u016frn\u00e9 slu\u017eby pro pacienta a jeho rodinu.<\/li>\n\n\n\n<li><strong>P\u0159\u00e1n\u00ed na konci \u017eivota<\/strong>: Dokumentace konkr\u00e9tn\u00edch p\u0159\u00e1n\u00ed pacienta t\u00fdkaj\u00edc\u00edch se p\u00e9\u010de na konci \u017eivota. Definice eutanazie<\/li>\n<\/ol>\n\n\n\n<figure class=\"wp-block-table\"><table class=\"has-fixed-layout\"><thead><tr><th><strong>Pl\u00e1n p\u00e9\u010de o \u010d\u00e1st<\/strong><\/th><th><strong>Podrobnosti na<\/strong><\/th><\/tr><\/thead><tbody><tr><td>L\u00e9\u010dba bolesti<\/td><td>L\u00e9ky a terapie pro l\u00e9\u010dbu bolesti<\/td><\/tr><tr><td>Emocion\u00e1ln\u00ed podpora<\/td><td>Poradenstv\u00ed pro pacienta a jeho rodinu<\/td><\/tr><tr><td>P\u0159\u00e1n\u00ed na konci \u017eivota<\/td><td>Dokumentace specifick\u00fdch preferenc\u00ed pro p\u00e9\u010di na konci \u017eivota<\/td><\/tr><\/tbody><\/table><\/figure>\n\n\n\n<h2 class=\"wp-block-heading\"><span class=\"ez-toc-section\" id=\"Planning_van_het_Einde_van_het_Leven\"><\/span>Pl\u00e1nov\u00e1n\u00ed konce \u017eivota<span class=\"ez-toc-section-end\"><\/span><\/h2>\n\n\n\n<h3 class=\"wp-block-heading\"><span class=\"ez-toc-section\" id=\"Voorafgaande_Wilsverklaringen\"><\/span>P\u0159edchoz\u00ed z\u00e1v\u011bti<span class=\"ez-toc-section-end\"><\/span><\/h3>\n\n\n\n<p>P\u0159edb\u011b\u017en\u00e9 z\u00e1v\u011bti jsou pr\u00e1vn\u00ed dokumenty, kter\u00e9 up\u0159es\u0148uj\u00ed pacientovy preference ohledn\u011b l\u00e9ka\u0159sk\u00e9 p\u00e9\u010de pro p\u0159\u00edpad, \u017ee ji\u017e nebude schopen sd\u011blit sv\u00e1 rozhodnut\u00ed.<\/p>\n\n\n\n<ol class=\"wp-block-list\">\n<li><strong>Zmocn\u011bnec pro p\u00e9\u010di<\/strong>: Jmenov\u00e1n\u00ed d\u016fv\u011bryhodn\u00e9 osoby, kter\u00e1 bude jm\u00e9nem pacienta rozhodovat o zdravotn\u00ed p\u00e9\u010di.<\/li>\n\n\n\n<li><strong>\u017divotn\u00ed v\u016fle<\/strong>: Dokumentace typ\u016f l\u00e9ka\u0159sk\u00e9 p\u00e9\u010de, kterou pacient chce nebo nechce podstoupit.Definice eutanazie.<\/li>\n<\/ol>\n\n\n\n<h3 class=\"wp-block-heading\"><span class=\"ez-toc-section\" id=\"Levenstestamenten\"><\/span>\u017divotn\u00ed z\u00e1v\u011bti<span class=\"ez-toc-section-end\"><\/span><\/h3>\n\n\n\n<p>\u017divotn\u00ed v\u016fle je z\u00e1sadn\u00ed dokument, kter\u00fd popisuje p\u0159\u00e1n\u00ed pacienta t\u00fdkaj\u00edc\u00ed se l\u00e9ka\u0159sk\u00e9 p\u00e9\u010de v dob\u011b, kdy ji\u017e nen\u00ed schopen sd\u011blit sv\u00e1 rozhodnut\u00ed.<\/p>\n\n\n\n<ol class=\"wp-block-list\">\n<li><strong>Preference l\u00e9\u010dby<\/strong>: Podrobn\u00e9 preference pro l\u00e9\u010dbu prodlu\u017euj\u00edc\u00ed \u017eivot, jako je KPR a mechanick\u00e1 ventilace.<\/li>\n\n\n\n<li><strong>Komfortn\u00ed p\u00e9\u010de<\/strong>: Specifikace pro paliativn\u00ed p\u00e9\u010di a l\u00e9\u010dbu bolesti.<\/li>\n<\/ol>\n\n\n\n<h3 class=\"wp-block-heading\"><span class=\"ez-toc-section\" id=\"Uitvaartplanning\"><\/span>Pl\u00e1nov\u00e1n\u00ed poh\u0159bu<span class=\"ez-toc-section-end\"><\/span><\/h3>\n\n\n\n<p>Nab\u00edz\u00edme komplexn\u00ed slu\u017eby v oblasti pl\u00e1nov\u00e1n\u00ed poh\u0159b\u016f, kter\u00e9 pom\u00e1haj\u00ed rodin\u00e1m p\u0159ipravit se na nevyhnutelnou smrt.<\/p>\n\n\n\n<ol class=\"wp-block-list\">\n<li><strong>Za\u0159\u00edzen\u00ed poh\u0159bu<\/strong>: Koordinace poh\u0159ebn\u00edch slu\u017eeb podle p\u0159\u00e1n\u00ed pacienta.<\/li>\n\n\n\n<li><strong>Vzpom\u00ednkov\u00e9 slu\u017eby<\/strong>: Pl\u00e1nov\u00e1n\u00ed a organizace smute\u010dn\u00edch ob\u0159ad\u016f k uct\u011bn\u00ed pam\u00e1tky zesnul\u00e9ho.<\/li>\n<\/ol>\n\n\n\n<figure class=\"wp-block-table\"><table class=\"has-fixed-layout\"><thead><tr><th><strong>Pl\u00e1nov\u00e1n\u00ed slo\u017eek<\/strong><\/th><th><strong>Podrobnosti na<\/strong><\/th><\/tr><\/thead><tbody><tr><td>Za\u0159\u00edzen\u00ed poh\u0159bu<\/td><td>Koordinace slu\u017eeb a ob\u0159ad\u016f<\/td><\/tr><tr><td>Vzpom\u00ednkov\u00e9 slu\u017eby<\/td><td>Pl\u00e1nov\u00e1n\u00ed smute\u010dn\u00edch ob\u0159ad\u016f a pietn\u00edch akc\u00ed<\/td><\/tr><\/tbody><\/table><\/figure>\n\n\n\n<h2 class=\"wp-block-heading\"><span class=\"ez-toc-section\" id=\"Juridische_Bijstand\"><\/span>Pr\u00e1vn\u00ed pomoc<span class=\"ez-toc-section-end\"><\/span><\/h2>\n\n\n\n<h3 class=\"wp-block-heading\"><span class=\"ez-toc-section\" id=\"Ondersteuning_bij_Documentatie\"><\/span>Podpora dokumentace<span class=\"ez-toc-section-end\"><\/span><\/h3>\n\n\n\n<p>Orientace v pr\u00e1vn\u00edch aspektech <a href=\"https:\/\/euthanasia.store\/cs\/\">eutanazie<\/a> m\u016f\u017ee b\u00fdt slo\u017eit\u00fd. Poskytujeme komplexn\u00ed dokumenta\u010dn\u00ed podporu, abychom zajistili spln\u011bn\u00ed v\u0161ech z\u00e1konn\u00fdch po\u017eadavk\u016f.<\/p>\n\n\n\n<ol class=\"wp-block-list\">\n<li><strong>P\u0159\u00edprava formul\u00e1\u0159e<\/strong>: Pomoc p\u0159i p\u0159\u00edprav\u011b a vypl\u0148ov\u00e1n\u00ed v\u0161ech pot\u0159ebn\u00fdch pr\u00e1vn\u00edch formul\u00e1\u0159\u016f.<\/li>\n\n\n\n<li><strong>Spr\u00e1va<\/strong>: Bezpe\u010dn\u00e9 ukl\u00e1d\u00e1n\u00ed a spr\u00e1va v\u0161ech pr\u00e1vn\u00edch dokument\u016f.<\/li>\n<\/ol>\n\n\n\n<h3 class=\"wp-block-heading\"><span class=\"ez-toc-section\" id=\"Juridisch_Advies\"><\/span>Pr\u00e1vn\u00ed poradenstv\u00ed<span class=\"ez-toc-section-end\"><\/span><\/h3>\n\n\n\n<p>N\u00e1\u0161 pr\u00e1vn\u00ed t\u00fdm nab\u00edz\u00ed odborn\u00e9 poradenstv\u00ed, kter\u00e9 pacienty a jejich rodiny provede pr\u00e1vn\u00edm procesem eutanazie.<\/p>\n\n\n\n<ol class=\"wp-block-list\">\n<li><strong>Konzultace<\/strong>: Pr\u00e1vn\u00ed konzultace k projedn\u00e1n\u00ed pr\u00e1v a mo\u017enost\u00ed pacient\u016f.<\/li>\n\n\n\n<li><strong>Zastoupen\u00ed<\/strong>: Pr\u00e1vn\u00ed zastoupen\u00ed p\u0159i nezbytn\u00fdch \u0159\u00edzen\u00edch nebo sly\u0161en\u00edch.<\/li>\n<\/ol>\n\n\n\n<figure class=\"wp-block-table\"><table class=\"has-fixed-layout\"><thead><tr><th><strong>Pr\u00e1vn\u00ed servis<\/strong><\/th><th><strong>Podrobnosti na<\/strong><\/th><\/tr><\/thead><tbody><tr><td>Podpora dokumentace<\/td><td>Pomoc s pr\u00e1vn\u00edmi formul\u00e1\u0159i a vypl\u0148ov\u00e1n\u00edm<\/td><\/tr><tr><td>Pr\u00e1vn\u00ed poradenstv\u00ed<\/td><td>Konzultace a zastupov\u00e1n\u00ed<\/td><\/tr><\/tbody><\/table><\/figure>\n\n\n\n<h2 class=\"wp-block-heading\"><span class=\"ez-toc-section\" id=\"Psychologische_Ondersteuning\"><\/span>Psychologick\u00e1 podpora<span class=\"ez-toc-section-end\"><\/span><\/h2>\n\n\n\n<h3 class=\"wp-block-heading\"><span class=\"ez-toc-section\" id=\"Counseling_Diensten\"><\/span>Poradensk\u00e9 slu\u017eby<span class=\"ez-toc-section-end\"><\/span><\/h3>\n\n\n\n<p>Nab\u00edz\u00edme komplexn\u00ed poradensk\u00e9 slu\u017eby na podporu emo\u010dn\u00ed pohody pacient\u016f a jejich rodin.<\/p>\n\n\n\n<ol class=\"wp-block-list\">\n<li><strong>Individu\u00e1ln\u00ed poradenstv\u00ed<\/strong>: Individu\u00e1ln\u00ed sezen\u00ed s kvalifikovan\u00fdm terapeutem.<\/li>\n\n\n\n<li><strong>Rodinn\u00e9 poradenstv\u00ed<\/strong>: Podp\u016frn\u00e1 setk\u00e1n\u00ed pro rodinn\u00e9 p\u0159\u00edslu\u0161n\u00edky, aby se vyrovnali s emocion\u00e1ln\u00edm dopadem eutanazie. Definice eutanazie<\/li>\n<\/ol>\n\n\n\n<h3 class=\"wp-block-heading\"><span class=\"ez-toc-section\" id=\"Rouwbegeleiding\"><\/span>Poradenstv\u00ed pro poz\u016fstal\u00e9<span class=\"ez-toc-section-end\"><\/span><\/h3>\n\n\n\n<p>Po \u00famrt\u00ed bl\u00edzk\u00e9 osoby pom\u00e1h\u00e1 na\u0161e smute\u010dn\u00ed poradenstv\u00ed rodin\u00e1m vyrovnat se se z\u00e1rmutkem.<\/p>\n\n\n\n<ol class=\"wp-block-list\">\n<li><strong>Podp\u016frn\u00e9 skupiny<\/strong>: P\u0159\u00edstup k podp\u016frn\u00fdm skupin\u00e1m, kde mohou rodiny sd\u00edlet sv\u00e9 zku\u0161enosti a naj\u00edt \u00fat\u011bchu.<\/li>\n\n\n\n<li><strong>Poradenstv\u00ed pro poz\u016fstal\u00e9<\/strong>: Individu\u00e1ln\u00ed a skupinov\u00e9 poradenstv\u00ed pro vyrovn\u00e1n\u00ed se se ztr\u00e1tou.<\/li>\n<\/ol>\n\n\n\n<figure class=\"wp-block-table\"><table class=\"has-fixed-layout\"><thead><tr><th><strong>Podp\u016frn\u00e1 slu\u017eba<\/strong><\/th><th><strong>Podrobnosti na<\/strong><\/th><\/tr><\/thead><tbody><tr><td>Poradensk\u00e9 slu\u017eby<\/td><td>Individu\u00e1ln\u00ed a rodinn\u00e9 poradenstv\u00ed<\/td><\/tr><tr><td>Poradenstv\u00ed pro poz\u016fstal\u00e9<\/td><td>Podp\u016frn\u00e9 skupiny a poradenstv\u00ed pro poz\u016fstal\u00e9<\/td><\/tr><\/tbody><\/table><\/figure>\n\n\n\n<h2 class=\"wp-block-heading\"><span class=\"ez-toc-section\" id=\"Conclusie\"><\/span>Z\u00e1v\u011br<span class=\"ez-toc-section-end\"><\/span><\/h2>\n\n\n\n<p>Spole\u010dnost Euthanasia.store se zam\u011b\u0159uje na poskytov\u00e1n\u00ed komplexn\u00ed nab\u00eddky slu\u017eeb na podporu jednotlivc\u016f a jejich rodin na cest\u011b ke konci \u017eivota. Od po\u010d\u00e1te\u010dn\u00edho posouzen\u00ed a pr\u00e1vn\u00ed pomoci a\u017e po individu\u00e1ln\u00ed pl\u00e1ny p\u00e9\u010de a psychologickou podporu - zaji\u0161\u0165ujeme, aby ka\u017ed\u00fd aspekt t\u00e9to hlubok\u00e9 zku\u0161enosti byl \u0159e\u0161en s maxim\u00e1ln\u00edm soucitem a profesionalitou. Pro v\u00edce informac\u00ed nebo sjedn\u00e1n\u00ed konzultace nav\u0161tivte na\u0161e webov\u00e9 str\u00e1nky nebo n\u00e1s kontaktujte p\u0159\u00edmo. Definice eutanazie<\/p>","protected":false},"excerpt":{"rendered":"<p>Uitgebreide Diensten Aangeboden door Euthanasia.store euthanasie definition, Bij Euthanasia.store begrijpen we de diepgaande en gevoelige aard van beslissingen aan het einde van het leven. Onze missie is om mededogende, ethische en wettelijk conforme diensten te bieden aan individuen die een waardig einde aan hun lijden zoeken. Dit artikel beschrijft het uitgebreide scala aan diensten dat [&hellip;]<\/p>\n","protected":false},"author":1,"featured_media":539,"parent":0,"menu_order":0,"comment_status":"closed","ping_status":"closed","template":"","meta":{"ocean_post_layout":"","ocean_both_sidebars_style":"","ocean_both_sidebars_content_width":0,"ocean_both_sidebars_sidebars_width":0,"ocean_sidebar":"","ocean_second_sidebar":"","ocean_disable_margins":"enable","ocean_add_body_class":"","ocean_shortcode_before_top_bar":"","ocean_shortcode_after_top_bar":"","ocean_shortcode_before_header":"","ocean_shortcode_after_header":"","ocean_has_shortcode":"","ocean_shortcode_after_title":"","ocean_shortcode_before_footer_widgets":"","ocean_shortcode_after_footer_widgets":"","ocean_shortcode_before_footer_bottom":"","ocean_shortcode_after_footer_bottom":"","ocean_display_top_bar":"default","ocean_display_header":"default","ocean_header_style":"","ocean_center_header_left_menu":"","ocean_custom_header_template":"","ocean_custom_logo":0,"ocean_custom_retina_logo":0,"ocean_custom_logo_max_width":0,"ocean_custom_logo_tablet_max_width":0,"ocean_custom_logo_mobile_max_width":0,"ocean_custom_logo_max_height":0,"ocean_custom_logo_tablet_max_height":0,"ocean_custom_logo_mobile_max_height":0,"ocean_header_custom_menu":"","ocean_menu_typo_font_family":"","ocean_menu_typo_font_subset":"","ocean_menu_typo_font_size":0,"ocean_menu_typo_font_size_tablet":0,"ocean_menu_typo_font_size_mobile":0,"ocean_menu_typo_font_size_unit":"px","ocean_menu_typo_font_weight":"","ocean_menu_typo_font_weight_tablet":"","ocean_menu_typo_font_weight_mobile":"","ocean_menu_typo_transform":"","ocean_menu_typo_transform_tablet":"","ocean_menu_typo_transform_mobile":"","ocean_menu_typo_line_height":0,"ocean_menu_typo_line_height_tablet":0,"ocean_menu_typo_line_height_mobile":0,"ocean_menu_typo_line_height_unit":"","ocean_menu_typo_spacing":0,"ocean_menu_typo_spacing_tablet":0,"ocean_menu_typo_spacing_mobile":0,"ocean_menu_typo_spacing_unit":"","ocean_menu_link_color":"","ocean_menu_link_color_hover":"","ocean_menu_link_color_active":"","ocean_menu_link_background":"","ocean_menu_link_hover_background":"","ocean_menu_link_active_background":"","ocean_menu_social_links_bg":"","ocean_menu_social_hover_links_bg":"","ocean_menu_social_links_color":"","ocean_menu_social_hover_links_color":"","ocean_disable_title":"default","ocean_disable_heading":"default","ocean_post_title":"","ocean_post_subheading":"","ocean_post_title_style":"","ocean_post_title_background_color":"","ocean_post_title_background":0,"ocean_post_title_bg_image_position":"","ocean_post_title_bg_image_attachment":"","ocean_post_title_bg_image_repeat":"","ocean_post_title_bg_image_size":"","ocean_post_title_height":0,"ocean_post_title_bg_overlay":0.5,"ocean_post_title_bg_overlay_color":"","ocean_disable_breadcrumbs":"default","ocean_breadcrumbs_color":"","ocean_breadcrumbs_separator_color":"","ocean_breadcrumbs_links_color":"","ocean_breadcrumbs_links_hover_color":"","ocean_display_footer_widgets":"default","ocean_display_footer_bottom":"default","ocean_custom_footer_template":"","footnotes":""},"class_list":["post-530","page","type-page","status-publish","has-post-thumbnail","hentry","entry","has-media","owp-thumbs-layout-horizontal","owp-btn-normal","owp-tabs-layout-horizontal","has-no-thumbnails","has-product-nav"],"jetpack_sharing_enabled":true,"_links":{"self":[{"href":"https:\/\/euthanasia.store\/cs\/wp-json\/wp\/v2\/pages\/530","targetHints":{"allow":["GET"]}}],"collection":[{"href":"https:\/\/euthanasia.store\/cs\/wp-json\/wp\/v2\/pages"}],"about":[{"href":"https:\/\/euthanasia.store\/cs\/wp-json\/wp\/v2\/types\/page"}],"author":[{"embeddable":true,"href":"https:\/\/euthanasia.store\/cs\/wp-json\/wp\/v2\/users\/1"}],"replies":[{"embeddable":true,"href":"https:\/\/euthanasia.store\/cs\/wp-json\/wp\/v2\/comments?post=530"}],"version-history":[{"count":2,"href":"https:\/\/euthanasia.store\/cs\/wp-json\/wp\/v2\/pages\/530\/revisions"}],"predecessor-version":[{"id":541,"href":"https:\/\/euthanasia.store\/cs\/wp-json\/wp\/v2\/pages\/530\/revisions\/541"}],"wp:featuredmedia":[{"embeddable":true,"href":"https:\/\/euthanasia.store\/cs\/wp-json\/wp\/v2\/media\/539"}],"wp:attachment":[{"href":"https:\/\/euthanasia.store\/cs\/wp-json\/wp\/v2\/media?parent=530"}],"curies":[{"name":"wp","href":"https:\/\/api.w.org\/{rel}","templated":true}]}}