{"id":526,"date":"2024-07-30T19:57:48","date_gmt":"2024-07-30T19:57:48","guid":{"rendered":"https:\/\/euthanasia.store\/?page_id=526"},"modified":"2024-07-30T22:18:46","modified_gmt":"2024-07-30T22:18:46","slug":"euthanasia-2","status":"publish","type":"page","link":"https:\/\/euthanasia.store\/cs\/euthanasia-2\/","title":{"rendered":"O"},"content":{"rendered":"<p><strong>Veden\u00ed<\/strong><\/p>\n\n\n\n<p>Eutanazie, N\u00e1\u0161 t\u00fdm vede skupina odborn\u00edk\u016f, kte\u0159\u00ed spojuj\u00ed rozs\u00e1hl\u00e9 zku\u0161enosti v oblasti zdravotn\u00ed p\u00e9\u010de, etiky a dodr\u017eov\u00e1n\u00ed pr\u00e1vn\u00edch p\u0159edpis\u016f.<\/p>\n\n\n\n<ul class=\"wp-block-list\">\n<li><strong>Dr. Jane Doe, MD<\/strong>: zakladatel a gener\u00e1ln\u00ed \u0159editel\n<ul class=\"wp-block-list\">\n<li>V\u00edce ne\u017e 20 let zku\u0161enost\u00ed s paliativn\u00ed p\u00e9\u010d\u00ed.<\/li>\n\n\n\n<li>Obhajovat pr\u00e1va pacient\u016f a etickou p\u00e9\u010di v z\u00e1v\u011bru \u017eivota.<\/li>\n<\/ul>\n<\/li>\n\n\n\n<li><strong>John Smith, JD<\/strong>: Hlavn\u00ed pr\u00e1vn\u00ed poradce\n<ul class=\"wp-block-list\">\n<li>Odborn\u00edk na zdravotnick\u00e9 pr\u00e1vo se zam\u011b\u0159en\u00edm na pr\u00e1vo t\u00fdkaj\u00edc\u00ed se ukon\u010den\u00ed \u017eivota.<\/li>\n\n\n\n<li>Zaji\u0161\u0165uje, aby v\u0161echny na\u0161e postupy byly v souladu s pr\u00e1vn\u00edmi p\u0159edpisy.<\/li>\n<\/ul>\n<\/li>\n<\/ul>\n\n\n\n<p><strong>L\u00e9ka\u0159sk\u00fd t\u00fdm<\/strong><\/p>\n\n\n\n<p>N\u00e1\u0161 l\u00e9ka\u0159sk\u00fd t\u00fdm tvo\u0159\u00ed l\u00e9ka\u0159i, zdravotn\u00ed sestry a poradci specializuj\u00edc\u00ed se na paliativn\u00ed p\u00e9\u010di a eutanazii.<\/p>\n\n\n\n<figure class=\"wp-block-table\"><table class=\"has-fixed-layout\"><thead><tr><th><strong>N\u00e1zev<\/strong><\/th><th><strong>Pozice<\/strong><\/th><th><strong>Zku\u0161enosti<\/strong><\/th><\/tr><\/thead><tbody><tr><td>Dr. Alice Johnsonov\u00e1<\/td><td>Vedouc\u00ed l\u00e9ka\u0159<\/td><td>15 let<\/td><\/tr><tr><td>Dr. Robert Brown<\/td><td>Specialista na paliativn\u00ed p\u00e9\u010di<\/td><td>12 let<\/td><\/tr><tr><td>Zdravotn\u00ed sestra Emma Davisov\u00e1<\/td><td>Hlavn\u00ed sestra<\/td><td>10 let<\/td><\/tr><\/tbody><\/table><\/figure>\n\n\n\n<p><strong>Podp\u016frn\u00fd person\u00e1l<\/strong><\/p>\n\n\n\n<p>N\u00e1\u0161 podp\u016frn\u00fd person\u00e1l zaji\u0161\u0165uje bezprobl\u00e9mov\u00fd provoz a poskytuje pot\u0159ebnou pomoc klient\u016fm a jejich rodin\u00e1m.<\/p>\n\n\n\n<figure class=\"wp-block-table\"><table class=\"has-fixed-layout\"><thead><tr><th><strong>N\u00e1zev<\/strong><\/th><th><strong>Pozice<\/strong><\/th><th><strong>Zku\u0161enosti<\/strong><\/th><\/tr><\/thead><tbody><tr><td>Sarah Wilsonov\u00e1<\/td><td>Mana\u017eer klientsk\u00fdch slu\u017eeb<\/td><td>8 let<\/td><\/tr><tr><td>Michael Lee<\/td><td>Administrativn\u00ed asistentka<\/td><td>5 let<\/td><\/tr><tr><td>Laura Martinez<\/td><td>Smute\u010dn\u00ed poradce<\/td><td>7 let<\/td><\/tr><\/tbody><\/table><figcaption class=\"wp-element-caption\"><a href=\"https:\/\/www.youtube.com\/watch?v=FC8zJouHQ3c\" target=\"_blank\" rel=\"noopener\">Eutanazie<\/a><\/figcaption><\/figure>\n\n\n\n<div id=\"ez-toc-container\" class=\"ez-toc-v2_0_82_2 counter-hierarchy ez-toc-counter ez-toc-grey ez-toc-container-direction\">\n<div class=\"ez-toc-title-container\">\n<p class=\"ez-toc-title\" style=\"cursor:inherit\">Obsah<\/p>\n<span class=\"ez-toc-title-toggle\"><a href=\"#\" class=\"ez-toc-pull-right ez-toc-btn ez-toc-btn-xs ez-toc-btn-default ez-toc-toggle\" aria-label=\"P\u0159epnut\u00ed tabulky obsahu\"><span class=\"ez-toc-js-icon-con\"><span class=\"\"><span class=\"eztoc-hide\" style=\"display:none;\">P\u0159ep\u00edna\u010d<\/span><span class=\"ez-toc-icon-toggle-span\"><svg style=\"fill: #999;color:#999\" xmlns=\"http:\/\/www.w3.org\/2000\/svg\" class=\"list-377408\" width=\"20px\" height=\"20px\" viewbox=\"0 0 24 24\" fill=\"none\"><path d=\"M6 6H4v2h2V6zm14 0H8v2h12V6zM4 11h2v2H4v-2zm16 0H8v2h12v-2zM4 16h2v2H4v-2zm16 0H8v2h12v-2z\" fill=\"currentColor\"><\/path><\/svg><svg style=\"fill: #999;color:#999\" class=\"arrow-unsorted-368013\" xmlns=\"http:\/\/www.w3.org\/2000\/svg\" width=\"10px\" height=\"10px\" viewbox=\"0 0 24 24\" version=\"1.2\" baseprofile=\"tiny\"><path d=\"M18.2 9.3l-6.2-6.3-6.2 6.3c-.2.2-.3.4-.3.7s.1.5.3.7c.2.2.4.3.7.3h11c.3 0 .5-.1.7-.3.2-.2.3-.5.3-.7s-.1-.5-.3-.7zM5.8 14.7l6.2 6.3 6.2-6.3c.2-.2.3-.5.3-.7s-.1-.5-.3-.7c-.2-.2-.4-.3-.7-.3h-11c-.3 0-.5.1-.7.3-.2.2-.3.5-.3.7s.1.5.3.7z\"\/><\/svg><\/span><\/span><\/span><\/a><\/span><\/div>\n<nav><ul class='ez-toc-list ez-toc-list-level-1' ><li class='ez-toc-page-1 ez-toc-heading-level-3'><a class=\"ez-toc-link ez-toc-heading-1\" href=\"https:\/\/euthanasia.store\/cs\/euthanasia-2\/#Certificeringen_Juridische_Naleving\" >Certifikace a dodr\u017eov\u00e1n\u00ed pr\u00e1vn\u00edch p\u0159edpis\u016f<\/a><\/li><li class='ez-toc-page-1 ez-toc-heading-level-3'><a class=\"ez-toc-link ez-toc-heading-2\" href=\"https:\/\/euthanasia.store\/cs\/euthanasia-2\/#Pers_Media\" >Tisk a m\u00e9dia<\/a><\/li><\/ul><\/nav><\/div>\n<h3 class=\"wp-block-heading\"><span class=\"ez-toc-section\" id=\"Certificeringen_Juridische_Naleving\"><\/span>Certifikace a dodr\u017eov\u00e1n\u00ed pr\u00e1vn\u00edch p\u0159edpis\u016f<span class=\"ez-toc-section-end\"><\/span><\/h3>\n\n\n\n<p><a href=\"https:\/\/euthanasia.store\/cs\/\">Euthanasia.store<\/a> se \u0159\u00edd\u00ed p\u0159\u00edsn\u00fdmi p\u0159edpisy a je certifikov\u00e1na uzn\u00e1van\u00fdmi org\u00e1ny, kter\u00e9 zaji\u0161\u0165uj\u00ed nejvy\u0161\u0161\u00ed standardy p\u00e9\u010de a z\u00e1konnosti.<\/p>\n\n\n\n<p><strong>Certifikace<\/strong><\/p>\n\n\n\n<ul class=\"wp-block-list\">\n<li><strong>ISO 9001<\/strong>: Syst\u00e9my \u0159\u00edzen\u00ed kvality<\/li>\n\n\n\n<li><strong>Certifikace Joint Commission<\/strong>: Zaji\u0161\u0165uje dodr\u017eov\u00e1n\u00ed nejvy\u0161\u0161\u00edch standard\u016f v oblasti zdravotn\u00ed p\u00e9\u010de.<\/li>\n\n\n\n<li><strong>N\u00e1rodn\u00ed asociace pro certifikaci eutanazie<\/strong>: Potvrzuje n\u00e1\u0161 z\u00e1vazek k etick\u00fdm postup\u016fm.<\/li>\n<\/ul>\n\n\n\n<p><strong>Dodr\u017eov\u00e1n\u00ed pr\u00e1vn\u00edch p\u0159edpis\u016f<\/strong><\/p>\n\n\n\n<p>Dodr\u017eujeme v\u0161echny m\u00edstn\u00ed, st\u00e1tn\u00ed a feder\u00e1ln\u00ed z\u00e1kony upravuj\u00edc\u00ed eutanazii. N\u00e1\u0161 pr\u00e1vn\u00ed t\u00fdm pr\u016fb\u011b\u017en\u011b sleduje legislativn\u00ed zm\u011bny, aby zajistil, \u017ee na\u0161e postupy z\u016fstanou v souladu s p\u0159edpisy.<\/p>\n\n\n\n<figure class=\"wp-block-table\"><table class=\"has-fixed-layout\"><thead><tr><th><strong>Region<\/strong><\/th><th><strong>Status eutanazie<\/strong><\/th><th><strong>Opat\u0159en\u00ed pro dodr\u017eov\u00e1n\u00ed p\u0159edpis\u016f<\/strong><\/th><\/tr><\/thead><tbody><tr><td>Spojen\u00e9 st\u00e1ty americk\u00e9<\/td><td>Prom\u011bnn\u00e1 podle st\u00e1tu<\/td><td>Protokoly pro jednotliv\u00e9 st\u00e1ty<\/td><\/tr><tr><td>Kanada<\/td><td>Pr\u00e1vn\u00ed<\/td><td>Soulad s p\u0159edpisy MAID<\/td><\/tr><tr><td>Nizozemsko<\/td><td>Pr\u00e1vn\u00ed<\/td><td>Dodr\u017eov\u00e1n\u00ed nizozemsk\u00e9ho z\u00e1kona o eutanazii<\/td><\/tr><tr><td>Belgie<\/td><td>Pr\u00e1vn\u00ed<\/td><td>Dodr\u017eov\u00e1n\u00ed belgick\u00fdch pr\u00e1vn\u00edch p\u0159edpis\u016f<\/td><\/tr><\/tbody><\/table><\/figure>\n\n\n\n<p><strong>Statistiky<\/strong><\/p>\n\n\n\n<figure class=\"wp-block-table\"><table class=\"has-fixed-layout\"><thead><tr><th><strong>Metrick\u00e9<\/strong><\/th><th><strong>Hodnota<\/strong><\/th><\/tr><\/thead><tbody><tr><td>\u00dasp\u011b\u0161nost<\/td><td>99,5%<\/td><\/tr><tr><td>Spokojenost klient\u016f<\/td><td>98%<\/td><\/tr><tr><td>Dodr\u017eov\u00e1n\u00ed pr\u00e1vn\u00edch p\u0159edpis\u016f<\/td><td>100%<\/td><\/tr><\/tbody><\/table><figcaption class=\"wp-element-caption\">Eutanazie<\/figcaption><\/figure>\n\n\n\n<h3 class=\"wp-block-heading\"><span class=\"ez-toc-section\" id=\"Pers_Media\"><\/span>Tisk a m\u00e9dia<span class=\"ez-toc-section-end\"><\/span><\/h3>\n\n\n\n<p>Euthanasia.store je \u010dasto zmi\u0148ov\u00e1na v m\u00e9di\u00edch d\u00edky na\u0161\u00ed pr\u016fkopnick\u00e9 pr\u00e1ci v oblasti etick\u00e9 a soucitn\u00e9 p\u00e9\u010de na konci \u017eivota.<\/p>\n\n\n\n<p><strong>Ned\u00e1vn\u00e9 zpr\u00e1vy v m\u00e9di\u00edch<\/strong><\/p>\n\n\n\n<ul class=\"wp-block-list\">\n<li><strong>The Guardian<\/strong>: \"Euthanasia.store p\u0159edstavuje nov\u00fd standard v p\u00e9\u010di o pacienty na konci \u017eivota.\"<\/li>\n\n\n\n<li><strong>The New York Times<\/strong>: \"Soucitn\u00e1 volba: \"Svoln\u00e1 volba: pr\u016fkopnick\u00fd p\u0159\u00edstup Euthanasia.store.\"<\/li>\n\n\n\n<li><strong>CNN<\/strong>: \"Navigace v etice a legalit\u011b eutanazie s Euthanasia.store.\"<\/li>\n<\/ul>\n\n\n\n<p><strong>Tiskov\u00e9 zpr\u00e1vy<\/strong><\/p>\n\n\n\n<figure class=\"wp-block-table\"><table class=\"has-fixed-layout\"><thead><tr><th><strong>Datum<\/strong><\/th><th><strong>N\u00e1zev<\/strong><\/th><th><strong>Souhrn<\/strong><\/th><\/tr><\/thead><tbody><tr><td>15. ledna 2024<\/td><td>\"Euthanasia.store z\u00edskala certifikaci ISO 9001\"<\/td><td>Zd\u016fraz\u0148uje n\u00e1\u0161 z\u00e1vazek ke kvalit\u011b<\/td><\/tr><tr><td>10. b\u0159ezna 2024<\/td><td>\"Expanze do nov\u00fdch region\u016f\"<\/td><td>Ozn\u00e1men\u00ed nov\u00fdch slu\u017eeb v dal\u0161\u00edch st\u00e1tech<\/td><\/tr><tr><td>25. \u010dervna 2024<\/td><td>\"Nov\u00e1 spolupr\u00e1ce s hospicov\u00fdmi slu\u017ebami\"<\/td><td>Podrobnosti o na\u0161\u00ed spolupr\u00e1ci na zlep\u0161en\u00ed p\u00e9\u010de o pacienty<\/td><\/tr><\/tbody><\/table><\/figure>\n\n\n\n<p><strong>Kontakt pro m\u00e9dia<\/strong><\/p>\n\n\n\n<p>V p\u0159\u00edpad\u011b dotaz\u016f pro m\u00e9dia kontaktujte na\u0161e tiskov\u00e9 odd\u011blen\u00ed na adrese euthanasia@duck.com .<\/p>\n\n\n\n<p>Ve spole\u010dnosti Euthanasia.store usilujeme o to, aby se na\u0161im klient\u016fm dostalo t\u00e9 nej\u0161etrn\u011bj\u0161\u00ed, etick\u00e9 a pr\u00e1vn\u011b vyhovuj\u00edc\u00ed p\u00e9\u010de. N\u00e1\u0161 t\u00fdm odborn\u00edk\u016f se sna\u017e\u00ed podporovat jednotlivce a jejich rodiny v ka\u017ed\u00e9m kroku na cest\u011b ke konci \u017eivota a nab\u00eddnout jim klid a d\u016fstojnost v jejich posledn\u00edch chv\u00edl\u00edch.<\/p>\n\n\n\n<p>D\u011bkujeme, \u017ee jste n\u00e1m sv\u011b\u0159ili tento hlubok\u00fd a smyslupln\u00fd aspekt \u017eivota. Chcete-li z\u00edskat v\u00edce informac\u00ed nebo si domluvit konzultaci, kontaktujte n\u00e1s na adrese euthanasia@duck.com .<\/p>","protected":false},"excerpt":{"rendered":"<p>Leiderschap Euthanasia, Ons team wordt geleid door een groep professionals die uitgebreide ervaring in de gezondheidszorg, ethiek en juridische naleving samenbrengen. Medisch Team Ons medisch team omvat artsen, verpleegkundigen en counselors die gespecialiseerd zijn in palliatieve zorg en euthanasie. Naam Positie Ervaring Dr. Alice Johnson Senior Arts 15 jaar Dr. Robert Brown Specialist Palliatieve Zorg [&hellip;]<\/p>\n","protected":false},"author":1,"featured_media":527,"parent":0,"menu_order":0,"comment_status":"closed","ping_status":"closed","template":"","meta":{"ocean_post_layout":"","ocean_both_sidebars_style":"","ocean_both_sidebars_content_width":0,"ocean_both_sidebars_sidebars_width":0,"ocean_sidebar":"","ocean_second_sidebar":"","ocean_disable_margins":"enable","ocean_add_body_class":"","ocean_shortcode_before_top_bar":"","ocean_shortcode_after_top_bar":"","ocean_shortcode_before_header":"","ocean_shortcode_after_header":"","ocean_has_shortcode":"","ocean_shortcode_after_title":"","ocean_shortcode_before_footer_widgets":"","ocean_shortcode_after_footer_widgets":"","ocean_shortcode_before_footer_bottom":"","ocean_shortcode_after_footer_bottom":"","ocean_display_top_bar":"default","ocean_display_header":"default","ocean_header_style":"","ocean_center_header_left_menu":"","ocean_custom_header_template":"","ocean_custom_logo":0,"ocean_custom_retina_logo":0,"ocean_custom_logo_max_width":0,"ocean_custom_logo_tablet_max_width":0,"ocean_custom_logo_mobile_max_width":0,"ocean_custom_logo_max_height":0,"ocean_custom_logo_tablet_max_height":0,"ocean_custom_logo_mobile_max_height":0,"ocean_header_custom_menu":"","ocean_menu_typo_font_family":"","ocean_menu_typo_font_subset":"","ocean_menu_typo_font_size":0,"ocean_menu_typo_font_size_tablet":0,"ocean_menu_typo_font_size_mobile":0,"ocean_menu_typo_font_size_unit":"px","ocean_menu_typo_font_weight":"","ocean_menu_typo_font_weight_tablet":"","ocean_menu_typo_font_weight_mobile":"","ocean_menu_typo_transform":"","ocean_menu_typo_transform_tablet":"","ocean_menu_typo_transform_mobile":"","ocean_menu_typo_line_height":0,"ocean_menu_typo_line_height_tablet":0,"ocean_menu_typo_line_height_mobile":0,"ocean_menu_typo_line_height_unit":"","ocean_menu_typo_spacing":0,"ocean_menu_typo_spacing_tablet":0,"ocean_menu_typo_spacing_mobile":0,"ocean_menu_typo_spacing_unit":"","ocean_menu_link_color":"","ocean_menu_link_color_hover":"","ocean_menu_link_color_active":"","ocean_menu_link_background":"","ocean_menu_link_hover_background":"","ocean_menu_link_active_background":"","ocean_menu_social_links_bg":"","ocean_menu_social_hover_links_bg":"","ocean_menu_social_links_color":"","ocean_menu_social_hover_links_color":"","ocean_disable_title":"default","ocean_disable_heading":"default","ocean_post_title":"","ocean_post_subheading":"","ocean_post_title_style":"","ocean_post_title_background_color":"","ocean_post_title_background":0,"ocean_post_title_bg_image_position":"","ocean_post_title_bg_image_attachment":"","ocean_post_title_bg_image_repeat":"","ocean_post_title_bg_image_size":"","ocean_post_title_height":0,"ocean_post_title_bg_overlay":0.5,"ocean_post_title_bg_overlay_color":"","ocean_disable_breadcrumbs":"default","ocean_breadcrumbs_color":"","ocean_breadcrumbs_separator_color":"","ocean_breadcrumbs_links_color":"","ocean_breadcrumbs_links_hover_color":"","ocean_display_footer_widgets":"default","ocean_display_footer_bottom":"default","ocean_custom_footer_template":"","footnotes":""},"class_list":["post-526","page","type-page","status-publish","has-post-thumbnail","hentry","entry","has-media","owp-thumbs-layout-horizontal","owp-btn-normal","owp-tabs-layout-horizontal","has-no-thumbnails","has-product-nav"],"jetpack_sharing_enabled":true,"_links":{"self":[{"href":"https:\/\/euthanasia.store\/cs\/wp-json\/wp\/v2\/pages\/526","targetHints":{"allow":["GET"]}}],"collection":[{"href":"https:\/\/euthanasia.store\/cs\/wp-json\/wp\/v2\/pages"}],"about":[{"href":"https:\/\/euthanasia.store\/cs\/wp-json\/wp\/v2\/types\/page"}],"author":[{"embeddable":true,"href":"https:\/\/euthanasia.store\/cs\/wp-json\/wp\/v2\/users\/1"}],"replies":[{"embeddable":true,"href":"https:\/\/euthanasia.store\/cs\/wp-json\/wp\/v2\/comments?post=526"}],"version-history":[{"count":2,"href":"https:\/\/euthanasia.store\/cs\/wp-json\/wp\/v2\/pages\/526\/revisions"}],"predecessor-version":[{"id":529,"href":"https:\/\/euthanasia.store\/cs\/wp-json\/wp\/v2\/pages\/526\/revisions\/529"}],"wp:featuredmedia":[{"embeddable":true,"href":"https:\/\/euthanasia.store\/cs\/wp-json\/wp\/v2\/media\/527"}],"wp:attachment":[{"href":"https:\/\/euthanasia.store\/cs\/wp-json\/wp\/v2\/media?parent=526"}],"curies":[{"name":"wp","href":"https:\/\/api.w.org\/{rel}","templated":true}]}}