{"id":403,"date":"2024-07-30T22:12:20","date_gmt":"2024-07-30T22:12:20","guid":{"rendered":"https:\/\/euthanasia.store\/?page_id=403"},"modified":"2024-07-30T22:19:20","modified_gmt":"2024-07-30T22:19:20","slug":"euthanasies","status":"publish","type":"page","link":"https:\/\/euthanasia.store\/cs\/euthanasies\/","title":{"rendered":"Z\u00e1sady vracen\u00ed pen\u011bz a vr\u00e1cen\u00ed zbo\u017e\u00ed"},"content":{"rendered":"<div id=\"ez-toc-container\" class=\"ez-toc-v2_0_82_2 counter-hierarchy ez-toc-counter ez-toc-grey ez-toc-container-direction\">\n<div class=\"ez-toc-title-container\">\n<p class=\"ez-toc-title\" style=\"cursor:inherit\">Obsah<\/p>\n<span class=\"ez-toc-title-toggle\"><a href=\"#\" class=\"ez-toc-pull-right ez-toc-btn ez-toc-btn-xs ez-toc-btn-default ez-toc-toggle\" aria-label=\"P\u0159epnut\u00ed tabulky obsahu\"><span class=\"ez-toc-js-icon-con\"><span class=\"\"><span class=\"eztoc-hide\" style=\"display:none;\">P\u0159ep\u00edna\u010d<\/span><span class=\"ez-toc-icon-toggle-span\"><svg style=\"fill: #999;color:#999\" xmlns=\"http:\/\/www.w3.org\/2000\/svg\" class=\"list-377408\" width=\"20px\" height=\"20px\" viewbox=\"0 0 24 24\" fill=\"none\"><path d=\"M6 6H4v2h2V6zm14 0H8v2h12V6zM4 11h2v2H4v-2zm16 0H8v2h12v-2zM4 16h2v2H4v-2zm16 0H8v2h12v-2z\" fill=\"currentColor\"><\/path><\/svg><svg style=\"fill: #999;color:#999\" class=\"arrow-unsorted-368013\" xmlns=\"http:\/\/www.w3.org\/2000\/svg\" width=\"10px\" height=\"10px\" viewbox=\"0 0 24 24\" version=\"1.2\" baseprofile=\"tiny\"><path d=\"M18.2 9.3l-6.2-6.3-6.2 6.3c-.2.2-.3.4-.3.7s.1.5.3.7c.2.2.4.3.7.3h11c.3 0 .5-.1.7-.3.2-.2.3-.5.3-.7s-.1-.5-.3-.7zM5.8 14.7l6.2 6.3 6.2-6.3c.2-.2.3-.5.3-.7s-.1-.5-.3-.7c-.2-.2-.4-.3-.7-.3h-11c-.3 0-.5.1-.7.3-.2.2-.3.5-.3.7s.1.5.3.7z\"\/><\/svg><\/span><\/span><\/span><\/a><\/span><\/div>\n<nav><ul class='ez-toc-list ez-toc-list-level-1' ><li class='ez-toc-page-1 ez-toc-heading-level-3'><a class=\"ez-toc-link ez-toc-heading-1\" href=\"https:\/\/euthanasia.store\/cs\/euthanasies\/#Inleiding\" >\u00davod<\/a><\/li><li class='ez-toc-page-1 ez-toc-heading-level-3'><a class=\"ez-toc-link ez-toc-heading-2\" href=\"https:\/\/euthanasia.store\/cs\/euthanasies\/#Terugbetalingsbeleid\" >Z\u00e1sady vracen\u00ed pen\u011bz<\/a><\/li><li class='ez-toc-page-1 ez-toc-heading-level-3'><a class=\"ez-toc-link ez-toc-heading-3\" href=\"https:\/\/euthanasia.store\/cs\/euthanasies\/#Retourbeleid\" >Pravidla pro vracen\u00ed zbo\u017e\u00ed<\/a><\/li><li class='ez-toc-page-1 ez-toc-heading-level-3'><a class=\"ez-toc-link ez-toc-heading-4\" href=\"https:\/\/euthanasia.store\/cs\/euthanasies\/#Discrete_Levering\" >Diskr\u00e9tn\u00ed doru\u010den\u00ed<\/a><\/li><li class='ez-toc-page-1 ez-toc-heading-level-3'><a class=\"ez-toc-link ez-toc-heading-5\" href=\"https:\/\/euthanasia.store\/cs\/euthanasies\/#Hoe_een_Terugbetaling_of_Retour_Aanvragen\" >Jak po\u017e\u00e1dat o vr\u00e1cen\u00ed pen\u011bz nebo vr\u00e1cen\u00ed zbo\u017e\u00ed<\/a><\/li><li class='ez-toc-page-1 ez-toc-heading-level-3'><a class=\"ez-toc-link ez-toc-heading-6\" href=\"https:\/\/euthanasia.store\/cs\/euthanasies\/#Contact_Ons\" >Kontaktujte n\u00e1s<\/a><\/li><li class='ez-toc-page-1 ez-toc-heading-level-3'><a class=\"ez-toc-link ez-toc-heading-7\" href=\"https:\/\/euthanasia.store\/cs\/euthanasies\/#Wijzigingen_in_Dit_Beleid\" >Zm\u011bny t\u011bchto z\u00e1sad<\/a><\/li><\/ul><\/nav><\/div>\n<h3 class=\"wp-block-heading\"><span class=\"ez-toc-section\" id=\"Inleiding\"><\/span>\u00davod<span class=\"ez-toc-section-end\"><\/span><\/h3>\n\n\n\n<p>Na adrese <a href=\"https:\/\/euthanasia.store\/cs\/\">euthanasies.store <\/a>va\u0161e soukrom\u00ed a spokojenost jsou prvo\u0159ad\u00e9. Na\u0161e pravidla pro vracen\u00ed a vr\u00e1cen\u00ed pen\u011bz jsou navr\u017eena tak, aby se probl\u00e9my \u0159e\u0161ily diskr\u00e9tn\u011b a efektivn\u011b. Tyto z\u00e1sady popisuj\u00ed, jak\u00fdm zp\u016fsobem \u0159e\u0161\u00edme vracen\u00ed pen\u011bz a vr\u00e1cen\u00ed zbo\u017e\u00ed, a zaji\u0161\u0165uj\u00ed, \u017ee v\u0161echny dod\u00e1vky a vr\u00e1cen\u00ed zbo\u017e\u00ed jsou \u0159e\u0161eny s maxim\u00e1ln\u00ed d\u016fv\u011brnost\u00ed. Euthanasias<\/p>\n\n\n\n<h3 class=\"wp-block-heading\"><span class=\"ez-toc-section\" id=\"Terugbetalingsbeleid\"><\/span>Z\u00e1sady vracen\u00ed pen\u011bz<span class=\"ez-toc-section-end\"><\/span><\/h3>\n\n\n\n<p>Sna\u017e\u00edme se, aby na\u0161e produkty a slu\u017eby spl\u0148ovaly va\u0161e o\u010dek\u00e1v\u00e1n\u00ed. Pokud se setk\u00e1te s jak\u00fdmikoliv probl\u00e9my, na\u0161e z\u00e1sady pro vr\u00e1cen\u00ed pen\u011bz v\u00e1m r\u00e1dy pomohou: Euthanasias<\/p>\n\n\n\n<figure class=\"wp-block-table\"><table class=\"has-fixed-layout\"><thead><tr><th><strong>Stav<\/strong><\/th><th><strong>Z\u00e1sady<\/strong><\/th><\/tr><\/thead><tbody><tr><td><strong>Po\u0161kozen\u00e9 nebo vadn\u00e9 v\u00fdrobky<\/strong><\/td><td>Pokud obdr\u017e\u00edte po\u0161kozen\u00fd nebo vadn\u00fd v\u00fdrobek, kontaktujte n\u00e1s do 7 dn\u016f a po\u017e\u00e1dejte o v\u00fdm\u011bnu nebo vr\u00e1cen\u00ed pen\u011bz.<\/td><\/tr><tr><td><strong>Nespr\u00e1vn\u00e9 \u010dl\u00e1nky<\/strong><\/td><td>Pokud obdr\u017e\u00edte nespr\u00e1vnou polo\u017eku, dejte n\u00e1m pros\u00edm v\u011bd\u011bt do 7 dn\u016f, abychom v\u00e1m ji vym\u011bnili nebo vr\u00e1tili pen\u00edze.<\/td><\/tr><tr><td><strong>Zm\u011bna n\u00e1zoru<\/strong><\/td><td>Vzhledem k povaze na\u0161ich v\u00fdrobk\u016f neposkytujeme n\u00e1hrady v p\u0159\u00edpad\u011b zm\u011bny n\u00e1zoru.<\/td><\/tr><tr><td><strong>Nep\u0159ijat\u00e1 slu\u017eba<\/strong><\/td><td>Pokud slu\u017eba nen\u00ed dod\u00e1na v souladu s popisem, kontaktujte n\u00e1s do 7 dn\u016f a po\u017e\u00e1dejte o \u0159e\u0161en\u00ed nebo vr\u00e1cen\u00ed pen\u011bz.<\/td><\/tr><\/tbody><\/table><\/figure>\n\n\n\n<h3 class=\"wp-block-heading\"><span class=\"ez-toc-section\" id=\"Retourbeleid\"><\/span>Pravidla pro vracen\u00ed zbo\u017e\u00ed<span class=\"ez-toc-section-end\"><\/span><\/h3>\n\n\n\n<p>Ch\u00e1peme, \u017ee vr\u00e1cen\u00ed zbo\u017e\u00ed m\u016f\u017ee b\u00fdt nezbytn\u00e9, a postupujeme p\u0159i n\u011bm diskr\u00e9tn\u011b:<\/p>\n\n\n\n<figure class=\"wp-block-table\"><table class=\"has-fixed-layout\"><thead><tr><th><strong>Podm\u00ednka vr\u00e1cen\u00ed<\/strong><\/th><th><strong>Z\u00e1sady<\/strong><\/th><\/tr><\/thead><tbody><tr><td><strong>Neotev\u0159en\u00e9 bal\u00ed\u010dky<\/strong><\/td><td>Pokud si p\u0159ejete vr\u00e1tit neotev\u0159enou z\u00e1silku, kontaktujte n\u00e1s pros\u00edm do 7 dn\u016f pro pokyny k vr\u00e1cen\u00ed.<\/td><\/tr><tr><td><strong>Otev\u0159en\u00e9 bal\u00ed\u010dky<\/strong><\/td><td>Vr\u00e1cen\u00ed otev\u0159en\u00fdch bal\u00ed\u010dk\u016f bude p\u0159ijato pouze v p\u0159\u00edpad\u011b po\u0161kozen\u00e9ho nebo nespr\u00e1vn\u00e9ho zbo\u017e\u00ed.<\/td><\/tr><\/tbody><\/table><\/figure>\n\n\n\n<h3 class=\"wp-block-heading\"><span class=\"ez-toc-section\" id=\"Discrete_Levering\"><\/span>Diskr\u00e9tn\u00ed doru\u010den\u00ed<span class=\"ez-toc-section-end\"><\/span><\/h3>\n\n\n\n<p>Zavazujeme se chr\u00e1nit v\u0161echny interakce s n\u00e1mi s nejvy\u0161\u0161\u00ed \u00farovn\u00ed d\u016fv\u011brnosti:<\/p>\n\n\n\n<figure class=\"wp-block-table\"><table class=\"has-fixed-layout\"><thead><tr><th><strong>Funkce<\/strong><\/th><th><strong>Popis<\/strong><\/th><\/tr><\/thead><tbody><tr><td><strong>Anonymn\u00ed \u0161t\u00edtky<\/strong><\/td><td>V\u0161echny bal\u00ed\u010dky jsou ozna\u010deny neutr\u00e1ln\u00edm popisem, aby bylo chr\u00e1n\u011bno va\u0161e soukrom\u00ed.<\/td><\/tr><tr><td><strong>Neutr\u00e1ln\u00ed balen\u00ed<\/strong><\/td><td>Pro zaji\u0161t\u011bn\u00ed diskr\u00e9tnosti pou\u017e\u00edv\u00e1me nen\u00e1padn\u00e9, neozna\u010den\u00e9 obaly.<\/td><\/tr><tr><td><strong>D\u016fv\u011brn\u00e1 p\u0159eprava<\/strong><\/td><td>Bal\u00ed\u010dky jsou zas\u00edl\u00e1ny diskr\u00e9tn\u00edmi metodami, aby byla zaji\u0161t\u011bna d\u016fv\u011brnost p\u0159i doru\u010dov\u00e1n\u00ed.<\/td><\/tr><\/tbody><\/table><\/figure>\n\n\n\n<h3 class=\"wp-block-heading\"><span class=\"ez-toc-section\" id=\"Hoe_een_Terugbetaling_of_Retour_Aanvragen\"><\/span>Jak po\u017e\u00e1dat o vr\u00e1cen\u00ed pen\u011bz nebo vr\u00e1cen\u00ed zbo\u017e\u00ed<span class=\"ez-toc-section-end\"><\/span><\/h3>\n\n\n\n<p>Chcete-li po\u017e\u00e1dat o vr\u00e1cen\u00ed pen\u011bz nebo iniciovat vr\u00e1cen\u00ed, postupujte podle n\u00e1sleduj\u00edc\u00edch krok\u016f: <a href=\"https:\/\/www.youtube.com\/watch?v=-Mv-5B8goVk\" target=\"_blank\" rel=\"noopener\">Eutan\u00e1zie<\/a><\/p>\n\n\n\n<figure class=\"wp-block-table\"><table class=\"has-fixed-layout\"><thead><tr><th><strong>Krok<\/strong><\/th><th><strong>Popis<\/strong><\/th><\/tr><\/thead><tbody><tr><td><strong>1. Kontaktujte n\u00e1s<\/strong><\/td><td>Napi\u0161te na euthanasia@duck.com nebo zavolejte do 7 dn\u016f od obdr\u017een\u00ed v\u00fdrobku nebo slu\u017eby.<\/td><\/tr><tr><td><strong>2. Poskytov\u00e1n\u00ed dat<\/strong><\/td><td>Uve\u010fte pros\u00edm \u010d\u00edslo objedn\u00e1vky, popis probl\u00e9mu a p\u0159\u00edslu\u0161nou dokumentaci.<\/td><\/tr><tr><td><strong>3. Povolen\u00ed k vr\u00e1cen\u00ed zbo\u017e\u00ed<\/strong><\/td><td>Pokud je vr\u00e1cen\u00ed mo\u017en\u00e9, poskytneme v\u00e1m pokyny k vr\u00e1cen\u00ed a autorizaci.<\/td><\/tr><tr><td><strong>4. Zp\u011btn\u00e1 z\u00e1silka<\/strong><\/td><td>P\u0159i bezpe\u010dn\u00e9m a diskr\u00e9tn\u00edm vracen\u00ed bal\u00ed\u010dku postupujte podle uveden\u00fdch pokyn\u016f.<\/td><\/tr><tr><td><strong>5. Zpracov\u00e1n\u00ed<\/strong><\/td><td>Po obdr\u017een\u00ed vr\u00e1cen\u00e9ho bal\u00ed\u010dku v\u00e1m do 7 pracovn\u00edch dn\u016f vr\u00e1t\u00edme pen\u00edze nebo vym\u011bn\u00edme v\u00fdrobek.<\/td><\/tr><\/tbody><\/table><\/figure>\n\n\n\n<h3 class=\"wp-block-heading\"><span class=\"ez-toc-section\" id=\"Contact_Ons\"><\/span>Kontaktujte n\u00e1s<span class=\"ez-toc-section-end\"><\/span><\/h3>\n\n\n\n<p>V p\u0159\u00edpad\u011b dotaz\u016f nebo \u017e\u00e1dosti o vr\u00e1cen\u00ed pen\u011bz \u010di vr\u00e1cen\u00ed zbo\u017e\u00ed n\u00e1s pros\u00edm kontaktujte:<\/p>\n\n\n\n<figure class=\"wp-block-table\"><table class=\"has-fixed-layout\"><thead><tr><th><strong>Metoda<\/strong><\/th><th><strong>Data<\/strong><\/th><\/tr><\/thead><tbody><tr><td><strong>E-mail<\/strong><\/td><td>euthanasia@duck.com<\/td><\/tr><tr><td><strong>Telegram<\/strong><\/td><td>@euthanasiastore<\/td><\/tr><tr><td><strong>Po\u0161tovn\u00ed adresa<\/strong><\/td><td><\/td><\/tr><\/tbody><\/table><\/figure>\n\n\n\n<h3 class=\"wp-block-heading\"><span class=\"ez-toc-section\" id=\"Wijzigingen_in_Dit_Beleid\"><\/span>Zm\u011bny t\u011bchto z\u00e1sad<span class=\"ez-toc-section-end\"><\/span><\/h3>\n\n\n\n<p>Tyto z\u00e1sady vracen\u00ed a vracen\u00ed pen\u011bz m\u016f\u017eeme \u010das od \u010dasu aktualizovat, aby odr\u00e1\u017eely zm\u011bny v na\u0161ich postupech nebo jin\u00e9 provozn\u00ed, pr\u00e1vn\u00ed nebo regula\u010dn\u00ed d\u016fvody. Aktualizace budou zve\u0159ejn\u011bny na t\u00e9to str\u00e1nce s aktualizovan\u00fdm \"datem \u00fa\u010dinnosti\". Euthanasias<\/p>\n\n\n\n<p>D\u011bkujeme, \u017ee jste si vybrali Euthanasia.store. Zajist\u00edme, aby va\u0161e zku\u0161enost s n\u00e1mi byla co nejdiskr\u00e9tn\u011bj\u0161\u00ed a nejuspokojiv\u011bj\u0161\u00ed.Euthanasias<\/p>","protected":false},"excerpt":{"rendered":"<p>Inleiding Bij euthanasies.store staat uw privacy en tevredenheid voorop. Ons Retour- en Terugbetalingsbeleid is ontworpen om problemen discreet en effectief op te lossen. Dit beleid beschrijft hoe wij omgaan met terugbetalingen en retouren, waarbij we ervoor zorgen dat alle leveringen en retouren met de grootste vertrouwelijkheid worden behandeld. Euthanasies Terugbetalingsbeleid Wij streven ernaar ervoor te [&hellip;]<\/p>\n","protected":false},"author":1,"featured_media":547,"parent":0,"menu_order":0,"comment_status":"closed","ping_status":"closed","template":"","meta":{"ocean_post_layout":"","ocean_both_sidebars_style":"","ocean_both_sidebars_content_width":0,"ocean_both_sidebars_sidebars_width":0,"ocean_sidebar":"","ocean_second_sidebar":"","ocean_disable_margins":"enable","ocean_add_body_class":"","ocean_shortcode_before_top_bar":"","ocean_shortcode_after_top_bar":"","ocean_shortcode_before_header":"","ocean_shortcode_after_header":"","ocean_has_shortcode":"","ocean_shortcode_after_title":"","ocean_shortcode_before_footer_widgets":"","ocean_shortcode_after_footer_widgets":"","ocean_shortcode_before_footer_bottom":"","ocean_shortcode_after_footer_bottom":"","ocean_display_top_bar":"default","ocean_display_header":"default","ocean_header_style":"","ocean_center_header_left_menu":"","ocean_custom_header_template":"","ocean_custom_logo":0,"ocean_custom_retina_logo":0,"ocean_custom_logo_max_width":0,"ocean_custom_logo_tablet_max_width":0,"ocean_custom_logo_mobile_max_width":0,"ocean_custom_logo_max_height":0,"ocean_custom_logo_tablet_max_height":0,"ocean_custom_logo_mobile_max_height":0,"ocean_header_custom_menu":"","ocean_menu_typo_font_family":"","ocean_menu_typo_font_subset":"","ocean_menu_typo_font_size":0,"ocean_menu_typo_font_size_tablet":0,"ocean_menu_typo_font_size_mobile":0,"ocean_menu_typo_font_size_unit":"px","ocean_menu_typo_font_weight":"","ocean_menu_typo_font_weight_tablet":"","ocean_menu_typo_font_weight_mobile":"","ocean_menu_typo_transform":"","ocean_menu_typo_transform_tablet":"","ocean_menu_typo_transform_mobile":"","ocean_menu_typo_line_height":0,"ocean_menu_typo_line_height_tablet":0,"ocean_menu_typo_line_height_mobile":0,"ocean_menu_typo_line_height_unit":"","ocean_menu_typo_spacing":0,"ocean_menu_typo_spacing_tablet":0,"ocean_menu_typo_spacing_mobile":0,"ocean_menu_typo_spacing_unit":"","ocean_menu_link_color":"","ocean_menu_link_color_hover":"","ocean_menu_link_color_active":"","ocean_menu_link_background":"","ocean_menu_link_hover_background":"","ocean_menu_link_active_background":"","ocean_menu_social_links_bg":"","ocean_menu_social_hover_links_bg":"","ocean_menu_social_links_color":"","ocean_menu_social_hover_links_color":"","ocean_disable_title":"default","ocean_disable_heading":"default","ocean_post_title":"","ocean_post_subheading":"","ocean_post_title_style":"","ocean_post_title_background_color":"","ocean_post_title_background":0,"ocean_post_title_bg_image_position":"","ocean_post_title_bg_image_attachment":"","ocean_post_title_bg_image_repeat":"","ocean_post_title_bg_image_size":"","ocean_post_title_height":0,"ocean_post_title_bg_overlay":0.5,"ocean_post_title_bg_overlay_color":"","ocean_disable_breadcrumbs":"default","ocean_breadcrumbs_color":"","ocean_breadcrumbs_separator_color":"","ocean_breadcrumbs_links_color":"","ocean_breadcrumbs_links_hover_color":"","ocean_display_footer_widgets":"default","ocean_display_footer_bottom":"default","ocean_custom_footer_template":"","footnotes":""},"class_list":["post-403","page","type-page","status-publish","has-post-thumbnail","hentry","entry","has-media","owp-thumbs-layout-horizontal","owp-btn-normal","owp-tabs-layout-horizontal","has-no-thumbnails","has-product-nav"],"jetpack_sharing_enabled":true,"_links":{"self":[{"href":"https:\/\/euthanasia.store\/cs\/wp-json\/wp\/v2\/pages\/403","targetHints":{"allow":["GET"]}}],"collection":[{"href":"https:\/\/euthanasia.store\/cs\/wp-json\/wp\/v2\/pages"}],"about":[{"href":"https:\/\/euthanasia.store\/cs\/wp-json\/wp\/v2\/types\/page"}],"author":[{"embeddable":true,"href":"https:\/\/euthanasia.store\/cs\/wp-json\/wp\/v2\/users\/1"}],"replies":[{"embeddable":true,"href":"https:\/\/euthanasia.store\/cs\/wp-json\/wp\/v2\/comments?post=403"}],"version-history":[{"count":1,"href":"https:\/\/euthanasia.store\/cs\/wp-json\/wp\/v2\/pages\/403\/revisions"}],"predecessor-version":[{"id":546,"href":"https:\/\/euthanasia.store\/cs\/wp-json\/wp\/v2\/pages\/403\/revisions\/546"}],"wp:featuredmedia":[{"embeddable":true,"href":"https:\/\/euthanasia.store\/cs\/wp-json\/wp\/v2\/media\/547"}],"wp:attachment":[{"href":"https:\/\/euthanasia.store\/cs\/wp-json\/wp\/v2\/media?parent=403"}],"curies":[{"name":"wp","href":"https:\/\/api.w.org\/{rel}","templated":true}]}}