{"id":3,"date":"2024-07-27T16:24:10","date_gmt":"2024-07-27T16:24:10","guid":{"rendered":"http:\/\/euthanasia.store\/?page_id=3"},"modified":"2024-07-30T22:19:10","modified_gmt":"2024-07-30T22:19:10","slug":"euthanasie-hund","status":"publish","type":"page","link":"https:\/\/euthanasia.store\/cs\/euthanasie-hund\/","title":{"rendered":"Z\u00e1sady ochrany osobn\u00edch \u00fadaj\u016f"},"content":{"rendered":"<div id=\"ez-toc-container\" class=\"ez-toc-v2_0_82_2 counter-hierarchy ez-toc-counter ez-toc-grey ez-toc-container-direction\">\n<div class=\"ez-toc-title-container\">\n<p class=\"ez-toc-title\" style=\"cursor:inherit\">Obsah<\/p>\n<span class=\"ez-toc-title-toggle\"><a href=\"#\" class=\"ez-toc-pull-right ez-toc-btn ez-toc-btn-xs ez-toc-btn-default ez-toc-toggle\" aria-label=\"P\u0159epnut\u00ed tabulky obsahu\"><span class=\"ez-toc-js-icon-con\"><span class=\"\"><span class=\"eztoc-hide\" style=\"display:none;\">P\u0159ep\u00edna\u010d<\/span><span class=\"ez-toc-icon-toggle-span\"><svg style=\"fill: #999;color:#999\" xmlns=\"http:\/\/www.w3.org\/2000\/svg\" class=\"list-377408\" width=\"20px\" height=\"20px\" viewbox=\"0 0 24 24\" fill=\"none\"><path d=\"M6 6H4v2h2V6zm14 0H8v2h12V6zM4 11h2v2H4v-2zm16 0H8v2h12v-2zM4 16h2v2H4v-2zm16 0H8v2h12v-2z\" fill=\"currentColor\"><\/path><\/svg><svg style=\"fill: #999;color:#999\" class=\"arrow-unsorted-368013\" xmlns=\"http:\/\/www.w3.org\/2000\/svg\" width=\"10px\" height=\"10px\" viewbox=\"0 0 24 24\" version=\"1.2\" baseprofile=\"tiny\"><path d=\"M18.2 9.3l-6.2-6.3-6.2 6.3c-.2.2-.3.4-.3.7s.1.5.3.7c.2.2.4.3.7.3h11c.3 0 .5-.1.7-.3.2-.2.3-.5.3-.7s-.1-.5-.3-.7zM5.8 14.7l6.2 6.3 6.2-6.3c.2-.2.3-.5.3-.7s-.1-.5-.3-.7c-.2-.2-.4-.3-.7-.3h-11c-.3 0-.5.1-.7.3-.2.2-.3.5-.3.7s.1.5.3.7z\"\/><\/svg><\/span><\/span><\/span><\/a><\/span><\/div>\n<nav><ul class='ez-toc-list ez-toc-list-level-1' ><li class='ez-toc-page-1 ez-toc-heading-level-2'><a class=\"ez-toc-link ez-toc-heading-1\" href=\"https:\/\/euthanasia.store\/cs\/euthanasie-hund\/#Inleiding\" >\u00davod<\/a><ul class='ez-toc-list-level-3' ><li class='ez-toc-heading-level-3'><a class=\"ez-toc-link ez-toc-heading-2\" href=\"https:\/\/euthanasia.store\/cs\/euthanasie-hund\/#Informatie_die_Wij_Niet_Verzamelen\" >Informace, kter\u00e9 neshroma\u017e\u010fujeme<\/a><\/li><li class='ez-toc-page-1 ez-toc-heading-level-3'><a class=\"ez-toc-link ez-toc-heading-3\" href=\"https:\/\/euthanasia.store\/cs\/euthanasie-hund\/#Discrete_Levering\" >Diskr\u00e9tn\u00ed doru\u010den\u00ed<\/a><\/li><li class='ez-toc-page-1 ez-toc-heading-level-3'><a class=\"ez-toc-link ez-toc-heading-4\" href=\"https:\/\/euthanasia.store\/cs\/euthanasie-hund\/#Beveiliging_van_Uw_Informatie\" >Zabezpe\u010den\u00ed va\u0161ich informac\u00ed<\/a><\/li><li class='ez-toc-page-1 ez-toc-heading-level-3'><a class=\"ez-toc-link ez-toc-heading-5\" href=\"https:\/\/euthanasia.store\/cs\/euthanasie-hund\/#Uw_Privacyrechten\" >Va\u0161e pr\u00e1va na soukrom\u00ed<\/a><\/li><li class='ez-toc-page-1 ez-toc-heading-level-3'><a class=\"ez-toc-link ez-toc-heading-6\" href=\"https:\/\/euthanasia.store\/cs\/euthanasie-hund\/#Contact_Met_Ons_Opnemen\" >Kontaktujte n\u00e1s<\/a><\/li><li class='ez-toc-page-1 ez-toc-heading-level-3'><a class=\"ez-toc-link ez-toc-heading-7\" href=\"https:\/\/euthanasia.store\/cs\/euthanasie-hund\/#Wijzigingen_in_Dit_Privacybeleid\" >Zm\u011bny t\u011bchto z\u00e1sad ochrany osobn\u00edch \u00fadaj\u016f<\/a><\/li><\/ul><\/li><\/ul><\/nav><\/div>\n<h2 class=\"wp-block-heading\"><span class=\"ez-toc-section\" id=\"Inleiding\"><\/span>\u00davod<span class=\"ez-toc-section-end\"><\/span><\/h2>\n\n\n\n<p>Eutanazie hund, V\u00edtejte na <a href=\"https:\/\/euthanasia.store\/cs\/\">Euthanasia.store<\/a>. Zavazujeme se k ochran\u011b va\u0161eho soukrom\u00ed a d\u016fv\u011brnosti va\u0161ich informac\u00ed. Tyto z\u00e1sady ochrany osobn\u00edch \u00fadaj\u016f popisuj\u00ed n\u00e1\u0161 z\u00e1vazek k diskr\u00e9tnosti a transparentnosti, pokud jde o informace, kter\u00e9 shroma\u017e\u010fujeme a neshroma\u017e\u010fujeme, jako\u017e i na\u0161e postupy ochrany va\u0161eho soukrom\u00ed. Eutanazie hund<\/p>\n\n\n\n<h3 class=\"wp-block-heading\"><span class=\"ez-toc-section\" id=\"Informatie_die_Wij_Niet_Verzamelen\"><\/span>Informace, kter\u00e9 neshroma\u017e\u010fujeme<span class=\"ez-toc-section-end\"><\/span><\/h3>\n\n\n\n<p>Chceme v\u00e1s ujistit, \u017ee va\u0161e soukrom\u00ed je pro n\u00e1s nejvy\u0161\u0161\u00ed prioritou. Na str\u00e1nk\u00e1ch Euthanasia.store o v\u00e1s neshroma\u017e\u010fujeme \u017e\u00e1dn\u00e9 osobn\u00ed \u00fadaje. To zahrnuje mimo jin\u00e9:<\/p>\n\n\n\n<figure class=\"wp-block-table\"><table class=\"has-fixed-layout\"><thead><tr><th>Informace o typu<\/th><th>Popis<\/th><\/tr><\/thead><tbody><tr><td><strong>Osobn\u00ed \u00fadaje<\/strong><\/td><td>Neshroma\u017e\u010fujeme jm\u00e9no, e-mailovou adresu, telefonn\u00ed \u010d\u00edslo, po\u0161tovn\u00ed adresu ani jin\u00e9 osobn\u00ed \u00fadaje.<\/td><\/tr><tr><td><strong>Zdravotn\u00ed informace<\/strong><\/td><td>Neshroma\u017e\u010fujeme anamn\u00e9zu, l\u00e9\u010debn\u00e9 preference ani jin\u00e9 \u00fadaje t\u00fdkaj\u00edc\u00ed se zdrav\u00ed.<\/td><\/tr><tr><td><strong>Informace o platb\u011b<\/strong><\/td><td>Neukl\u00e1d\u00e1me \u00fadaje o kreditn\u00edch kart\u00e1ch, faktura\u010dn\u00ed adresy ani jin\u00e9 finan\u010dn\u00ed \u00fadaje.<\/td><\/tr><tr><td><strong>Pou\u017eit\u00ed dat<\/strong><\/td><td>Nesledujeme va\u0161e interakce s na\u0161imi webov\u00fdmi str\u00e1nkami, nap\u0159\u00edklad IP adresu, typ prohl\u00ed\u017ee\u010de nebo nav\u0161t\u00edven\u00e9 str\u00e1nky.<\/td><\/tr><tr><td><strong>Soubory cookie a sledovac\u00ed \u00fadaje<\/strong><\/td><td>Ke shroma\u017e\u010fov\u00e1n\u00ed informac\u00ed o va\u0161\u00ed n\u00e1v\u0161t\u011bv\u011b nebo pou\u017e\u00edv\u00e1n\u00ed nepou\u017e\u00edv\u00e1me soubory cookie ani jin\u00e9 sledovac\u00ed technologie.<\/td><\/tr><\/tbody><\/table><\/figure>\n\n\n\n<h3 class=\"wp-block-heading\"><span class=\"ez-toc-section\" id=\"Discrete_Levering\"><\/span>Diskr\u00e9tn\u00ed doru\u010den\u00ed<span class=\"ez-toc-section-end\"><\/span><\/h3>\n\n\n\n<p>Ch\u00e1peme citlivou povahu na\u0161ich slu\u017eeb a zavazujeme se chr\u00e1nit v\u0161echny interakce s n\u00e1mi s maxim\u00e1ln\u00ed diskr\u00e9tnost\u00ed. Eutanazie hund<\/p>\n\n\n\n<p><strong>Diskr\u00e9tn\u00ed balen\u00ed<\/strong><\/p>\n\n\n\n<figure class=\"wp-block-table\"><table class=\"has-fixed-layout\"><thead><tr><th>Funkce<\/th><th>Popis<\/th><\/tr><\/thead><tbody><tr><td><strong>Anonymn\u00ed \u0161t\u00edtky<\/strong><\/td><td>V\u0161echny bal\u00ed\u010dky jsou ozna\u010deny bez jak\u00fdchkoli identifika\u010dn\u00edch \u00fadaj\u016f t\u00fdkaj\u00edc\u00edch se eutanazie nebo na\u0161ich webov\u00fdch str\u00e1nek.<\/td><\/tr><tr><td><strong>Neutr\u00e1ln\u00ed balen\u00ed<\/strong><\/td><td>Pro zaji\u0161t\u011bn\u00ed soukrom\u00ed pou\u017e\u00edv\u00e1me nen\u00e1padn\u00e9, neozna\u010den\u00e9 obaly.<\/td><\/tr><tr><td><strong>D\u016fv\u011brn\u00e1 p\u0159eprava<\/strong><\/td><td>Spolupracujeme s d\u016fv\u011bryhodn\u00fdmi doru\u010dovac\u00edmi slu\u017ebami, abychom zajistili diskr\u00e9tn\u00ed a bezpe\u010dnou manipulaci s va\u0161\u00ed z\u00e1silkou.<\/td><\/tr><\/tbody><\/table><\/figure>\n\n\n\n<h3 class=\"wp-block-heading\"><span class=\"ez-toc-section\" id=\"Beveiliging_van_Uw_Informatie\"><\/span>Zabezpe\u010den\u00ed va\u0161ich informac\u00ed<span class=\"ez-toc-section-end\"><\/span><\/h3>\n\n\n\n<p>P\u0159esto\u017ee neshroma\u017e\u010fujeme osobn\u00ed \u00fadaje, nad\u00e1le up\u0159ednost\u0148ujeme zabezpe\u010den\u00ed na\u0161ich webov\u00fdch str\u00e1nek a slu\u017eeb, abychom chr\u00e1nili va\u0161e soukrom\u00ed. Eutanazie hund<\/p>\n\n\n\n<figure class=\"wp-block-table\"><table class=\"has-fixed-layout\"><thead><tr><th>Bezpe\u010dnostn\u00ed opat\u0159en\u00ed<\/th><th>Popis<\/th><\/tr><\/thead><tbody><tr><td><strong>Zabezpe\u010den\u00e9 transakce<\/strong><\/td><td>V\u0161echny platby jsou zpracov\u00e1v\u00e1ny prost\u0159ednictv\u00edm zabezpe\u010den\u00fdch platebn\u00edch bran t\u0159et\u00edch stran, kter\u00e9 neukl\u00e1daj\u00ed va\u0161e \u00fadaje.<\/td><\/tr><tr><td><strong>\u0160ifrov\u00e1n\u00ed<\/strong><\/td><td>Na\u0161e webov\u00e9 str\u00e1nky pou\u017e\u00edvaj\u00ed \u0161ifrov\u00e1n\u00ed SSL\/TLS k ochran\u011b va\u0161ich interakc\u00ed a transakc\u00ed s n\u00e1mi.<\/td><\/tr><tr><td><strong>Kontrola p\u0159\u00edstupu<\/strong><\/td><td>P\u0159\u00edstup do na\u0161ich syst\u00e9m\u016f maj\u00ed pouze opr\u00e1vn\u011bn\u00ed pracovn\u00edci, aby byla zaji\u0161t\u011bna bezpe\u010dnost va\u0161ich interakc\u00ed.<\/td><\/tr><\/tbody><\/table><\/figure>\n\n\n\n<h3 class=\"wp-block-heading\"><span class=\"ez-toc-section\" id=\"Uw_Privacyrechten\"><\/span>Va\u0161e pr\u00e1va na soukrom\u00ed<span class=\"ez-toc-section-end\"><\/span><\/h3>\n\n\n\n<p>Vzhledem k tomu, \u017ee na\u0161e z\u00e1sady neshroma\u017e\u010fuj\u00ed osobn\u00ed \u00fadaje, m\u011bli byste si b\u00fdt v\u011bdomi ur\u010dit\u00fdch pr\u00e1v na ochranu osobn\u00edch \u00fadaj\u016f:<\/p>\n\n\n\n<figure class=\"wp-block-table\"><table class=\"has-fixed-layout\"><thead><tr><th>P\u0159\u00edmo<\/th><th>Popis<\/th><\/tr><\/thead><tbody><tr><td><strong>Anonymn\u00ed interakce<\/strong><\/td><td>S na\u0161imi webov\u00fdmi str\u00e1nkami a slu\u017ebami m\u016f\u017eete komunikovat bez jak\u00fdchkoli osobn\u00edch \u00fadaj\u016f.<\/td><\/tr><tr><td><strong>D\u016fv\u011brn\u00e9 transakce<\/strong><\/td><td>Va\u0161e n\u00e1kupy a transakce prob\u00edhaj\u00ed bezpe\u010dn\u011b a diskr\u00e9tn\u011b prost\u0159ednictv\u00edm poskytovatel\u016f t\u0159et\u00edch stran.<\/td><\/tr><tr><td><strong>Diskr\u00e9tn\u00ed doru\u010den\u00ed<\/strong><\/td><td>Va\u0161e objedn\u00e1vky budou doru\u010deny v nen\u00e1padn\u00e9m obalu bez identifikovateln\u00fdch \u00fadaj\u016f.<\/td><\/tr><\/tbody><\/table><\/figure>\n\n\n\n<h3 class=\"wp-block-heading\"><span class=\"ez-toc-section\" id=\"Contact_Met_Ons_Opnemen\"><\/span>Kontaktujte n\u00e1s<span class=\"ez-toc-section-end\"><\/span><\/h3>\n\n\n\n<p>Pokud m\u00e1te jak\u00e9koli dotazy nebo p\u0159ipom\u00ednky k na\u0161im postup\u016fm ochrany osobn\u00edch \u00fadaj\u016f, nev\u00e1hejte n\u00e1s kontaktovat. Jsme p\u0159ipraveni chr\u00e1nit va\u0161e soukrom\u00ed a poskytnout v\u00e1m pot\u0159ebn\u00e9 informace. <a href=\"https:\/\/www.youtube.com\/watch?v=K0INnZsPyUY\" target=\"_blank\" rel=\"noopener\">Eutanazie<\/a> hund<\/p>\n\n\n\n<p><strong>Kontaktn\u00ed informace<\/strong><\/p>\n\n\n\n<figure class=\"wp-block-table\"><table class=\"has-fixed-layout\"><thead><tr><th>Metoda<\/th><th>Data<\/th><\/tr><\/thead><tbody><tr><td><strong>E-mail<\/strong><\/td><td>euthanasia@duck.com<\/td><\/tr><tr><td><strong>Tele<\/strong>gram<\/td><td>@euthanasiastore<\/td><\/tr><tr><td><strong>Po\u0161tovn\u00ed adresa<\/strong><\/td><td><\/td><\/tr><\/tbody><\/table><\/figure>\n\n\n\n<h3 class=\"wp-block-heading\"><span class=\"ez-toc-section\" id=\"Wijzigingen_in_Dit_Privacybeleid\"><\/span>Zm\u011bny t\u011bchto z\u00e1sad ochrany osobn\u00edch \u00fadaj\u016f<span class=\"ez-toc-section-end\"><\/span><\/h3>\n\n\n\n<p>Na\u0161e z\u00e1sady ochrany osobn\u00edch \u00fadaj\u016f m\u016f\u017eeme \u010das od \u010dasu aktualizovat, aby odr\u00e1\u017eely zm\u011bny v na\u0161ich postupech nebo jin\u00e9 provozn\u00ed, pr\u00e1vn\u00ed nebo regula\u010dn\u00ed d\u016fvody. V\u0161echny aktualizace budou zve\u0159ejn\u011bny na t\u00e9to str\u00e1nce s aktualizovan\u00fdm \"datem \u00fa\u010dinnosti\". Eutanazie hund<\/p>\n\n\n\n<p>Va\u0161e soukrom\u00ed je pro n\u00e1s nesm\u00edrn\u011b d\u016fle\u017eit\u00e9 a zavazujeme se dodr\u017eovat nejvy\u0161\u0161\u00ed standardy diskr\u00e9tnosti a bezpe\u010dnosti. D\u011bkujeme v\u00e1m za d\u016fv\u011bru v Euthanasia.store.<\/p>","protected":false},"excerpt":{"rendered":"<p>Inleiding Euthanasie hund, Welkom bij Euthanasia.store. Wij hechten veel waarde aan uw privacy en de vertrouwelijkheid van uw informatie. Dit Privacybeleid schetst onze toewijding aan discretie en transparantie met betrekking tot de informatie die wij wel en niet verzamelen, evenals onze praktijken voor het beschermen van uw privacy. Euthanasie hund Informatie die Wij Niet Verzamelen [&hellip;]<\/p>\n","protected":false},"author":1,"featured_media":544,"parent":0,"menu_order":0,"comment_status":"closed","ping_status":"closed","template":"","meta":{"ocean_post_layout":"","ocean_both_sidebars_style":"","ocean_both_sidebars_content_width":0,"ocean_both_sidebars_sidebars_width":0,"ocean_sidebar":"","ocean_second_sidebar":"","ocean_disable_margins":"enable","ocean_add_body_class":"","ocean_shortcode_before_top_bar":"","ocean_shortcode_after_top_bar":"","ocean_shortcode_before_header":"","ocean_shortcode_after_header":"","ocean_has_shortcode":"","ocean_shortcode_after_title":"","ocean_shortcode_before_footer_widgets":"","ocean_shortcode_after_footer_widgets":"","ocean_shortcode_before_footer_bottom":"","ocean_shortcode_after_footer_bottom":"","ocean_display_top_bar":"default","ocean_display_header":"default","ocean_header_style":"","ocean_center_header_left_menu":"","ocean_custom_header_template":"","ocean_custom_logo":0,"ocean_custom_retina_logo":0,"ocean_custom_logo_max_width":0,"ocean_custom_logo_tablet_max_width":0,"ocean_custom_logo_mobile_max_width":0,"ocean_custom_logo_max_height":0,"ocean_custom_logo_tablet_max_height":0,"ocean_custom_logo_mobile_max_height":0,"ocean_header_custom_menu":"","ocean_menu_typo_font_family":"","ocean_menu_typo_font_subset":"","ocean_menu_typo_font_size":0,"ocean_menu_typo_font_size_tablet":0,"ocean_menu_typo_font_size_mobile":0,"ocean_menu_typo_font_size_unit":"px","ocean_menu_typo_font_weight":"","ocean_menu_typo_font_weight_tablet":"","ocean_menu_typo_font_weight_mobile":"","ocean_menu_typo_transform":"","ocean_menu_typo_transform_tablet":"","ocean_menu_typo_transform_mobile":"","ocean_menu_typo_line_height":0,"ocean_menu_typo_line_height_tablet":0,"ocean_menu_typo_line_height_mobile":0,"ocean_menu_typo_line_height_unit":"","ocean_menu_typo_spacing":0,"ocean_menu_typo_spacing_tablet":0,"ocean_menu_typo_spacing_mobile":0,"ocean_menu_typo_spacing_unit":"","ocean_menu_link_color":"","ocean_menu_link_color_hover":"","ocean_menu_link_color_active":"","ocean_menu_link_background":"","ocean_menu_link_hover_background":"","ocean_menu_link_active_background":"","ocean_menu_social_links_bg":"","ocean_menu_social_hover_links_bg":"","ocean_menu_social_links_color":"","ocean_menu_social_hover_links_color":"","ocean_disable_title":"default","ocean_disable_heading":"default","ocean_post_title":"","ocean_post_subheading":"","ocean_post_title_style":"","ocean_post_title_background_color":"","ocean_post_title_background":0,"ocean_post_title_bg_image_position":"","ocean_post_title_bg_image_attachment":"","ocean_post_title_bg_image_repeat":"","ocean_post_title_bg_image_size":"","ocean_post_title_height":0,"ocean_post_title_bg_overlay":0.5,"ocean_post_title_bg_overlay_color":"","ocean_disable_breadcrumbs":"default","ocean_breadcrumbs_color":"","ocean_breadcrumbs_separator_color":"","ocean_breadcrumbs_links_color":"","ocean_breadcrumbs_links_hover_color":"","ocean_display_footer_widgets":"default","ocean_display_footer_bottom":"default","ocean_custom_footer_template":"","footnotes":""},"class_list":["post-3","page","type-page","status-publish","has-post-thumbnail","hentry","entry","has-media","owp-thumbs-layout-horizontal","owp-btn-normal","owp-tabs-layout-horizontal","has-no-thumbnails","has-product-nav"],"jetpack_sharing_enabled":true,"_links":{"self":[{"href":"https:\/\/euthanasia.store\/cs\/wp-json\/wp\/v2\/pages\/3","targetHints":{"allow":["GET"]}}],"collection":[{"href":"https:\/\/euthanasia.store\/cs\/wp-json\/wp\/v2\/pages"}],"about":[{"href":"https:\/\/euthanasia.store\/cs\/wp-json\/wp\/v2\/types\/page"}],"author":[{"embeddable":true,"href":"https:\/\/euthanasia.store\/cs\/wp-json\/wp\/v2\/users\/1"}],"replies":[{"embeddable":true,"href":"https:\/\/euthanasia.store\/cs\/wp-json\/wp\/v2\/comments?post=3"}],"version-history":[{"count":2,"href":"https:\/\/euthanasia.store\/cs\/wp-json\/wp\/v2\/pages\/3\/revisions"}],"predecessor-version":[{"id":545,"href":"https:\/\/euthanasia.store\/cs\/wp-json\/wp\/v2\/pages\/3\/revisions\/545"}],"wp:featuredmedia":[{"embeddable":true,"href":"https:\/\/euthanasia.store\/cs\/wp-json\/wp\/v2\/media\/544"}],"wp:attachment":[{"href":"https:\/\/euthanasia.store\/cs\/wp-json\/wp\/v2\/media?parent=3"}],"curies":[{"name":"wp","href":"https:\/\/api.w.org\/{rel}","templated":true}]}}